{"id":63161,"date":"2024-11-19T09:50:00","date_gmt":"2024-11-19T08:50:00","guid":{"rendered":"https:\/\/www.terapiaurbana.com\/rechtlicher-hinweis\/"},"modified":"2025-02-06T18:58:31","modified_gmt":"2025-02-06T17:58:31","slug":"rechtlicher-hinweis","status":"publish","type":"page","link":"https:\/\/www.terapiaurbana.com\/de\/rechtlicher-hinweis\/","title":{"rendered":"Rechtlicher Hinweis"},"content":{"rendered":"\n<div class=\"wp-block-uagb-advanced-heading uagb-block-5a07c461\"><h2 class=\"uagb-heading-text\">Rechtlicher Hinweis<\/h2><\/div>\n\n<p style=\"margin-bottom:50px\"><strong>WAS FINDEN SIE IN DIESEM RECHTLICHEN HINWEIS?<\/strong><br\/>In diesem Dokument finden Sie alle Regeln und Bedingungen f\u00fcr die Dienste, die wir Ihnen auf dieser Website zur Verf\u00fcgung stellen werden.<br\/><br\/>Sobald Sie diese Regeln und Bedingungen akzeptiert haben, sind wir einen Vertrag eingegangen, mit dem wir uns verpflichten, Ihnen die Dienstleistungen zu erbringen, die wir auf unserer Website anbieten und nach denen Sie gesucht haben. Wie bei jedem Vertrag haben Sie eine Reihe von Rechten, aber auch einige kleine Pflichten, deren Erf\u00fcllung Ihnen sicher nicht schwer fallen wird. Es w\u00e4re also sehr praktisch, wenn Sie sich ein paar Minuten Zeit nehmen w\u00fcrden, um diese Rechte und Pflichten zu lesen und dann zu entscheiden, ob Sie weitermachen wollen oder nicht &#8211; die Entscheidung liegt bei Ihnen. <br\/><\/p>\n\n<p style=\"margin-bottom:50px\"><br\/><br\/>W<strong>EM GEH\u00d6RT DIESE WEBSITE?<\/strong> Zun\u00e4chst einmal sollten Sie wissen, dass hinter dieser Website ein echtes Unternehmen mit ebenso echten Menschen aus Fleisch und Blut steht. Genauer gesagt geh\u00f6rt die Website www.terapiaurbana.es einem spanischen Unternehmen mit demselben Namen wie unsere Website, n\u00e4mlich TERAPIA URBANA, S.L., mit der C.I.F. B91880724, das Sie physisch in der c\/. Factores, 12-14, Local 4D (41015-Sevilla) finden. <br\/>Wenn Sie jedoch nicht dorthin gehen m\u00f6chten, k\u00f6nnen Sie es auch im Handelsregister von Sevilla finden, in Band 5278, Seite SE-87213, 1.<br\/><\/p>\n\n<p style=\"margin-bottom:50px\"><strong>AN WEN RICHTEN SICH UNSERE WEBSITE UND UNSERE RECHTLICHEN HINWEISE?<\/strong><br\/>Sie richtet sich an Sie als unseren Nutzer und Kunden, kann aber auch jede andere Person sein (Familienmitglied, Freund, Bekannter&#8230;), die unsere Website besucht, um die Inhalte zu genie\u00dfen, die wir Ihnen anbieten.<br\/>Sie m\u00fcssen jedoch bedenken, dass Sie in bestimmten F\u00e4llen vollj\u00e4hrig sein m\u00fcssen, um die Inhalte und Dienste optimal nutzen zu k\u00f6nnen. Wenn Sie minderj\u00e4hrig und vor allem unter 14 Jahre alt sind, m\u00fcssen Sie wissen, dass die Bereitstellung Ihrer pers\u00f6nlichen Daten sowie die Erteilung der Zustimmung die vorherige Genehmigung Ihrer Eltern oder Erziehungsberechtigten erfordert.<br\/>Sie sollten wissen, dass unsere Website, wie jede andere auch, nicht einfach im Cyberspace schwebt, sondern auf den Servern eines Hosting-Unternehmens gehostet wird, das daf\u00fcr sorgt, dass alle Informationen, die wir Ihnen anbieten und die Sie uns anbieten k\u00f6nnen, zur Verf\u00fcgung stehen, wenn Sie sie w\u00fcnschen oder brauchen, und das Ihnen einen maximalen Schutz Ihres Rechts auf Privatsph\u00e4re und den Schutz Ihrer pers\u00f6nlichen Daten garantiert.<br\/><\/p>\n\n<p style=\"margin-bottom:50px\"><br\/><br\/>W<strong>IE K\u00d6NNEN SIE AUF UNSERE WEBSITE ZUGREIFEN?<\/strong> Sie k\u00f6nnen auf unsere Website zugreifen, indem Sie die URL https:\/\/terapiaurbana.es direkt in Ihren Browser eingeben oder indem Sie auf einen Link klicken, den Sie in Suchmaschinen oder auf einer anderen Website finden. Der Zugang zu unserer Website ist v\u00f6llig kostenlos, so dass wir Ihnen daf\u00fcr nichts berechnen werden.<br\/><\/p>\n\n<p style=\"margin-bottom:50px\"><strong>WELCHE DIENSTLEISTUNGEN BIETEN WIR AUF UNSERER WEBSITE AN?<\/strong><br\/>Wir bieten Ihnen Dienstleistungen und Informationen zum Anlegen eines vertikalen Gartens, unabh\u00e4ngig davon, ob Sie ein Unternehmen oder eine Privatperson sind, ob Sie ein Projekt mit vertikalen G\u00e4rten oder Gr\u00fcnd\u00e4chern planen oder verschreiben.<br\/>Wenn Sie unseren Newsletter abonnieren, k\u00f6nnen Sie au\u00dferdem p\u00fcnktlich Informationen \u00fcber unsere Aktivit\u00e4ten erhalten, sofern diese f\u00fcr Sie von Interesse sind und Sie uns Ihr Einverst\u00e4ndnis geben. Um Zugang zu den von uns angebotenen Diensten zu erhalten, m\u00fcssen Sie uns nur die wichtigsten Daten mitteilen, damit wir sie Ihnen anbieten k\u00f6nnen. Bevor Sie Ihre Entscheidung treffen, werden wir Sie dar\u00fcber informieren, welche Daten wir ben\u00f6tigen, wof\u00fcr wir sie verwenden und wie wir sie speichern, damit Sie und nur Sie die Kontrolle \u00fcber die Informationen haben, die Sie uns gegeben haben. Vergessen Sie in diesem Fall nicht, unsere Datenschutzerkl\u00e4rung durchzulesen. Wir sind \u00fcberzeugt, dass Sie nach der Lekt\u00fcre feststellen werden, dass wir Ihre Daten so gut wie m\u00f6glich sch\u00fctzen.   <br\/><\/p>\n\n<p style=\"margin-bottom:50px\"><br\/><br\/><br\/>W<strong>ERBUNG, INHALT UND DIENSTLEISTUNGEN VON DRITTEN UNTERNEHMEN UND PROFESSIONELLEN<\/strong> Wir schalten auf unserer Website keine Werbung von anderen Unternehmen oder Fachleuten. STOP SPAM Auf dieser Website lehnen wir SPAM in all seinen Erscheinungsformen ab. Keine Ausnahmen. <br\/><br\/>Daher m\u00fcssen Sie sich damit einverstanden erkl\u00e4ren, NICHT: a.- Daten von unserer Website f\u00fcr Werbezwecke zu sammeln und diese Daten zu verwenden, um Werbung jeglicher Art und Mitteilungen f\u00fcr den Verkauf oder andere kommerzielle Zwecke ohne unsere vorherige Genehmigung zu versenden.<br\/>b. &#8211; Das Senden jeder anderen Art von unaufgeforderten oder nicht einvernehmlichen Nachrichten an eine Gruppe von Personen.<br\/>c.- Verwenden Sie Verteilerlisten.<br\/>d.- Daten aus Verteilerlisten Dritten zu beliebigen Zwecken zur Verf\u00fcgung zu stellen.<br\/>Sollten Sie durch den Erhalt einer der oben genannten Mitteilungen benachteiligt worden sein, k\u00f6nnen Sie uns dies per E-Mail an die folgende Adresse mitteilen: info@terapiaurbana.es.<br\/><\/p>\n\n<p style=\"margin-bottom:50px\"><br\/><br\/>W<strong>OLLEN SIE AUF UNSERE WEBSITE VERLINKEN?<\/strong> Wenn Sie einen Link zwischen Ihrem Blog, Ihrer Seite in einem sozialen Netzwerk, Ihrer Website oder einer anderen Website, die Sie besitzen, und unserer Website einf\u00fcgen m\u00f6chten, m\u00fcssen Sie die folgenden Bedingungen erf\u00fcllen: a. &#8211; Der Hyperlink wird nur den Zugang zur Homepage oder zur Startseite dieser Website erm\u00f6glichen.<br\/>b.- Sie d\u00fcrfen auf keiner Seite unserer Website einen Frame erstellen. Mit anderen Worten: Sie k\u00f6nnen Ihren Nutzern nicht vorgaukeln, dass die Inhalte, auf die Sie verlinken (unsere), zu Ihrer Website geh\u00f6ren, da sowohl Sie als auch wir wissen, dass es sich nur um einen Link handelt.<br\/>c.- Die blo\u00dfe Tatsache, dass Sie auf unsere Website verlinken, bedeutet weder, dass wir gesch\u00e4ftliche Beziehungen unterhalten, noch dass wir Ihre Inhalte und Dienstleistungen akzeptieren und genehmigen. Unterstellen Sie Ihren Nutzern dies daher nicht, wenn es nicht der Wahrheit entspricht.<br\/>d.- Die Website, der Blog oder die Seite, die den Link herstellt, darf keine Marke, keinen Handelsnamen, kein Firmenzeichen, keine Bezeichnung, kein Logo, keinen Slogan und kein anderes Erkennungszeichen enthalten, das zu unserem Unternehmen geh\u00f6rt und nicht in den verlinkten Inhalten enthalten ist.<br\/>e.- Die Website, der Blog oder die Seite, auf der der Link eingerichtet wird, darf weder Informationen oder Inhalte enthalten, die gegen das Gesetz, die Moral, die allgemein anerkannten guten Sitten und die \u00f6ffentliche Ordnung versto\u00dfen, noch darf sie Inhalte enthalten, die gegen die legitimen Rechte von Dritten versto\u00dfen.<br\/><\/p>\n\n<p style=\"margin-bottom:50px\"><br\/>A<strong>LLES, WAS SIE \u00dcBER UNSER BILD UND UNSERE INHALTE<\/strong>W<strong>ISSEN M\u00dcSSEN<\/strong> Wir werden jetzt \u00fcber das sprechen, was Juristen geistiges Eigentum und gewerbliches Eigentum nennen.<br\/><br\/>Und da wir wissen, dass es sich hierbei um eine sehr komplizierte Angelegenheit handelt, werden wir versuchen, es Ihnen ganz einfach zu machen. 1\u00ba.- Unser Image&#8230; Alle Marken, Handelsnamen, Dom\u00e4nennamen und andere Unterscheidungszeichen jeglicher Art, die auf unserer Website erscheinen, sind Eigentum von TERAPIA URBANA, S.L.,<br\/>Die Tatsache, dass Sie auf diese Website zugreifen und unser Nutzer sind, egal ob Sie registriert sind oder nicht, bedeutet nicht, dass Sie Genehmigungen, Lizenzen oder Befugnisse zur Nutzung dieser Kennzeichen erhalten.<br\/><br\/>Damit dies geschieht, m\u00fcssen Sie es vorher beantragen und unsere Genehmigung oder gegebenenfalls die der dritten Eigent\u00fcmer einholen. 2\u00ba.- Unsere Inhalte.- Alle Inhalte, die auf unserer Website erscheinen, sind Eigentum von TERAPIA URBANA, S.L.,<br\/>Wie bei unserem Firmenimage m\u00fcssen Sie daher verstehen, dass die Tatsache, dass Sie auf diese Website zugreifen und unser registrierter oder nicht registrierter Benutzer sind, nicht bedeutet, dass Sie Lizenzen oder Befugnisse zur Nutzung dieser Inhalte erhalten haben. Damit dies geschehen kann, m\u00fcssen Sie es vorher beantragen und unsere Genehmigung oder gegebenenfalls die Genehmigung der Eigent\u00fcmer der Dritten einholen. Sie k\u00f6nnen unsere Inhalte ohne unsere Genehmigung nur dann nutzen, wenn die Anforderungen der Gesetzgebung zum geistigen Eigentum erf\u00fcllt sind oder wenn Sie die Anforderungen der oben erw\u00e4hnten Links zu unserer Website erf\u00fcllen.    <br\/><\/p>\n\n<p style=\"margin-bottom:50px\"><br\/><br\/><br\/><br\/>W<strong>ENN SIE UNS KONTAKTIEREN WOLLEN?<\/strong> 1\u00ba.- Wenn Sie uns kontaktieren wollen&#8230; Wenn Sie uns kontaktieren wollen, ist das sehr einfach, denn Sie k\u00f6nnen uns auf jedem der folgenden Wege mitteilen, was Sie wollen: Per traditioneller Post: c\/. Factores, 12-14, Local 4D (41015-Sevilla). Per E-Mail.<br\/><br\/><br\/><br\/><br\/>info@terapiaurbana.es 2\u00ba.- Wenn wir mit Ihnen Kontakt aufnehmen m\u00f6chten&#8230; Sie sollten jedoch wissen, dass wir, wenn wir Ihnen etwas mitteilen oder Sie \u00fcber etwas informieren m\u00f6chten, dies auf jedem der folgenden Wege tun k\u00f6nnen: Per Post an die Postadresse, die Sie uns bei der Registrierung auf unserer Website oder bei Ihrem Vertrag mit uns angegeben haben. Per E-Mail an die Adresse, die Sie uns bei Ihrer Registrierung oder bei Ihrem Vertrag angegeben haben. \u00dcber die Website selbst, mit den Mitteln, die unsere Programmierer zu einem bestimmten Zeitpunkt entwickelt haben. <br\/><\/p>\n\n<p style=\"margin-bottom:50px\"><strong>WER HAT DIESEN RECHTLICHEN HINWEIS VERFASST?<\/strong><br\/>Verantwortlich f\u00fcr diesen rechtlichen Hinweis und die Datenschutzpolitik sind, mit Zustimmung der Eigent\u00fcmer von www.terapiarurbana.es, die Anw\u00e4lte von Emerge Avezalia, S.L. Sie finden sie auf ihrer Website www.avezalia.com, wenn Sie Zweifel an dem haben, was sie Ihnen in dem Hinweis auf unserer Website mitgeteilt haben, oder wenn Sie sie zu einem Thema im Zusammenhang mit Recht und Internet konsultieren m\u00f6chten.<br\/>Die Jungs von Avezalia weisen uns jedoch darauf hin, dass sie sich alle Rechte am Inhalt solcher Rechtstexte vorbehalten. Sie sollten sie also nicht einfach kopieren und auf Ihre Website hochladen, wenn Sie nicht mit ihnen konfrontiert werden wollen&#8230; Und Sie wissen ja, wie Anw\u00e4lte sind&#8230; Sie wurden gewarnt, Sie sind kein Verr\u00e4ter!<\/p>\n","protected":false},"excerpt":{"rendered":"<p>Rechtlicher Hinweis WAS FINDEN SIE IN DIESEM RECHTLICHEN HINWEIS?In diesem Dokument finden Sie alle Regeln und Bedingungen f\u00fcr die Dienste, [&hellip;]<\/p>\n","protected":false},"author":1,"featured_media":0,"parent":0,"menu_order":0,"comment_status":"closed","ping_status":"open","template":"","meta":{"_uag_custom_page_level_css":"","site-sidebar-layout":"default","site-content-layout":"","ast-site-content-layout":"","site-content-style":"default","site-sidebar-style":"default","ast-global-header-display":"","ast-banner-title-visibility":"","ast-main-header-display":"","ast-hfb-above-header-display":"","ast-hfb-below-header-display":"","ast-hfb-mobile-header-display":"","site-post-title":"disabled","ast-breadcrumbs-content":"","ast-featured-img":"","footer-sml-layout":"","theme-transparent-header-meta":"","adv-header-id-meta":"","stick-header-meta":"","header-above-stick-meta":"","header-main-stick-meta":"","header-below-stick-meta":"","astra-migrate-meta-layouts":"default","ast-page-background-enabled":"default","ast-page-background-meta":{"desktop":{"background-color":"var(--ast-global-color-4)","background-image":"","background-repeat":"repeat","background-position":"center center","background-size":"auto","background-attachment":"scroll","background-type":"","background-media":"","overlay-type":"","overlay-color":"","overlay-opacity":"","overlay-gradient":""},"tablet":{"background-color":"","background-image":"","background-repeat":"repeat","background-position":"center center","background-size":"auto","background-attachment":"scroll","background-type":"","background-media":"","overlay-type":"","overlay-color":"","overlay-opacity":"","overlay-gradient":""},"mobile":{"background-color":"","background-image":"","background-repeat":"repeat","background-position":"center center","background-size":"auto","background-attachment":"scroll","background-type":"","background-media":"","overlay-type":"","overlay-color":"","overlay-opacity":"","overlay-gradient":""}},"ast-content-background-meta":{"desktop":{"background-color":"var(--ast-global-color-5)","background-image":"","background-repeat":"repeat","background-position":"center center","background-size":"auto","background-attachment":"scroll","background-type":"","background-media":"","overlay-type":"","overlay-color":"","overlay-opacity":"","overlay-gradient":""},"tablet":{"background-color":"var(--ast-global-color-5)","background-image":"","background-repeat":"repeat","background-position":"center center","background-size":"auto","background-attachment":"scroll","background-type":"","background-media":"","overlay-type":"","overlay-color":"","overlay-opacity":"","overlay-gradient":""},"mobile":{"background-color":"var(--ast-global-color-5)","background-image":"","background-repeat":"repeat","background-position":"center center","background-size":"auto","background-attachment":"scroll","background-type":"","background-media":"","overlay-type":"","overlay-color":"","overlay-opacity":"","overlay-gradient":""}},"footnotes":""},"class_list":["post-63161","page","type-page","status-publish","hentry"],"yoast_head":"<!-- This site is optimized with the Yoast SEO plugin v26.3 - https:\/\/yoast.com\/wordpress\/plugins\/seo\/ -->\n<title>Rechtlicher Hinweis -<\/title>\n<meta name=\"robots\" content=\"index, follow, max-snippet:-1, max-image-preview:large, max-video-preview:-1\" \/>\n<link rel=\"canonical\" href=\"https:\/\/www.terapiaurbana.com\/de\/rechtlicher-hinweis\/\" \/>\n<meta property=\"og:locale\" content=\"de_DE\" \/>\n<meta property=\"og:type\" content=\"article\" \/>\n<meta property=\"og:title\" content=\"Rechtlicher Hinweis -\" \/>\n<meta property=\"og:description\" content=\"Rechtlicher Hinweis WAS FINDEN SIE IN DIESEM RECHTLICHEN HINWEIS?In diesem Dokument finden Sie alle Regeln und Bedingungen f\u00fcr die Dienste, [&hellip;]\" \/>\n<meta property=\"og:url\" content=\"https:\/\/www.terapiaurbana.com\/de\/rechtlicher-hinweis\/\" \/>\n<meta property=\"article:publisher\" content=\"https:\/\/www.facebook.com\/terapiaurbana\/\" \/>\n<meta property=\"article:modified_time\" content=\"2025-02-06T17:58:31+00:00\" \/>\n<meta property=\"og:image\" content=\"https:\/\/www.terapiaurbana.com\/wp-content\/uploads\/2025\/02\/jardin-vertical.jpg\" \/>\n\t<meta property=\"og:image:width\" content=\"1200\" \/>\n\t<meta property=\"og:image:height\" content=\"675\" \/>\n\t<meta property=\"og:image:type\" content=\"image\/jpeg\" \/>\n<meta name=\"twitter:card\" content=\"summary_large_image\" \/>\n<meta name=\"twitter:site\" content=\"@terapia_urbana\" \/>\n<meta name=\"twitter:label1\" content=\"Gesch\u00e4tzte Lesezeit\" \/>\n\t<meta name=\"twitter:data1\" content=\"8\u00a0Minuten\" \/>\n<script type=\"application\/ld+json\" class=\"yoast-schema-graph\">{\"@context\":\"https:\/\/schema.org\",\"@graph\":[{\"@type\":\"WebPage\",\"@id\":\"https:\/\/www.terapiaurbana.com\/de\/rechtlicher-hinweis\/\",\"url\":\"https:\/\/www.terapiaurbana.com\/de\/rechtlicher-hinweis\/\",\"name\":\"Rechtlicher Hinweis -\",\"isPartOf\":{\"@id\":\"https:\/\/www.terapiaurbana.com\/de\/#website\"},\"datePublished\":\"2024-11-19T08:50:00+00:00\",\"dateModified\":\"2025-02-06T17:58:31+00:00\",\"breadcrumb\":{\"@id\":\"https:\/\/www.terapiaurbana.com\/de\/rechtlicher-hinweis\/#breadcrumb\"},\"inLanguage\":\"de\",\"potentialAction\":[{\"@type\":\"ReadAction\",\"target\":[\"https:\/\/www.terapiaurbana.com\/de\/rechtlicher-hinweis\/\"]}]},{\"@type\":\"BreadcrumbList\",\"@id\":\"https:\/\/www.terapiaurbana.com\/de\/rechtlicher-hinweis\/#breadcrumb\",\"itemListElement\":[{\"@type\":\"ListItem\",\"position\":1,\"name\":\"Portada\",\"item\":\"https:\/\/www.terapiaurbana.com\/de\/\"},{\"@type\":\"ListItem\",\"position\":2,\"name\":\"Rechtlicher Hinweis\"}]},{\"@type\":\"WebSite\",\"@id\":\"https:\/\/www.terapiaurbana.com\/de\/#website\",\"url\":\"https:\/\/www.terapiaurbana.com\/de\/\",\"name\":\"Terapia Urbana | Especialistas en jardines verticales\",\"description\":\"Especialistas en dise\u00f1o de jardines verticales exteriores e interiores naturales con tecnolog\u00eda Fytotextile y iluminaci\u00f3n auxiliar para una sostenible y funcional\",\"alternateName\":\"Terapia Urbana\",\"potentialAction\":[{\"@type\":\"SearchAction\",\"target\":{\"@type\":\"EntryPoint\",\"urlTemplate\":\"https:\/\/www.terapiaurbana.com\/de\/?s={search_term_string}\"},\"query-input\":{\"@type\":\"PropertyValueSpecification\",\"valueRequired\":true,\"valueName\":\"search_term_string\"}}],\"inLanguage\":\"de\"}]}<\/script>\n<!-- \/ Yoast SEO plugin. -->","yoast_head_json":{"title":"Rechtlicher Hinweis -","robots":{"index":"index","follow":"follow","max-snippet":"max-snippet:-1","max-image-preview":"max-image-preview:large","max-video-preview":"max-video-preview:-1"},"canonical":"https:\/\/www.terapiaurbana.com\/de\/rechtlicher-hinweis\/","og_locale":"de_DE","og_type":"article","og_title":"Rechtlicher Hinweis -","og_description":"Rechtlicher Hinweis WAS FINDEN SIE IN DIESEM RECHTLICHEN HINWEIS?In diesem Dokument finden Sie alle Regeln und Bedingungen f\u00fcr die Dienste, [&hellip;]","og_url":"https:\/\/www.terapiaurbana.com\/de\/rechtlicher-hinweis\/","article_publisher":"https:\/\/www.facebook.com\/terapiaurbana\/","article_modified_time":"2025-02-06T17:58:31+00:00","og_image":[{"width":1200,"height":675,"url":"https:\/\/www.terapiaurbana.com\/wp-content\/uploads\/2025\/02\/jardin-vertical.jpg","type":"image\/jpeg"}],"twitter_card":"summary_large_image","twitter_site":"@terapia_urbana","twitter_misc":{"Gesch\u00e4tzte Lesezeit":"8\u00a0Minuten"},"schema":{"@context":"https:\/\/schema.org","@graph":[{"@type":"WebPage","@id":"https:\/\/www.terapiaurbana.com\/de\/rechtlicher-hinweis\/","url":"https:\/\/www.terapiaurbana.com\/de\/rechtlicher-hinweis\/","name":"Rechtlicher Hinweis -","isPartOf":{"@id":"https:\/\/www.terapiaurbana.com\/de\/#website"},"datePublished":"2024-11-19T08:50:00+00:00","dateModified":"2025-02-06T17:58:31+00:00","breadcrumb":{"@id":"https:\/\/www.terapiaurbana.com\/de\/rechtlicher-hinweis\/#breadcrumb"},"inLanguage":"de","potentialAction":[{"@type":"ReadAction","target":["https:\/\/www.terapiaurbana.com\/de\/rechtlicher-hinweis\/"]}]},{"@type":"BreadcrumbList","@id":"https:\/\/www.terapiaurbana.com\/de\/rechtlicher-hinweis\/#breadcrumb","itemListElement":[{"@type":"ListItem","position":1,"name":"Portada","item":"https:\/\/www.terapiaurbana.com\/de\/"},{"@type":"ListItem","position":2,"name":"Rechtlicher Hinweis"}]},{"@type":"WebSite","@id":"https:\/\/www.terapiaurbana.com\/de\/#website","url":"https:\/\/www.terapiaurbana.com\/de\/","name":"Terapia Urbana | Especialistas en jardines verticales","description":"Especialistas en dise\u00f1o de jardines verticales exteriores e interiores naturales con tecnolog\u00eda Fytotextile y iluminaci\u00f3n auxiliar para una sostenible y funcional","alternateName":"Terapia Urbana","potentialAction":[{"@type":"SearchAction","target":{"@type":"EntryPoint","urlTemplate":"https:\/\/www.terapiaurbana.com\/de\/?s={search_term_string}"},"query-input":{"@type":"PropertyValueSpecification","valueRequired":true,"valueName":"search_term_string"}}],"inLanguage":"de"}]}},"uagb_featured_image_src":{"full":false,"thumbnail":false,"medium":false,"medium_large":false,"large":false,"1536x1536":false,"2048x2048":false,"gform-image-choice-sm":false,"gform-image-choice-md":false,"gform-image-choice-lg":false},"uagb_author_info":{"display_name":"terapiaurbana","author_link":"https:\/\/www.terapiaurbana.com\/de\/author\/terapiaurbana\/"},"uagb_comment_info":0,"uagb_excerpt":"Rechtlicher Hinweis WAS FINDEN SIE IN DIESEM RECHTLICHEN HINWEIS?In diesem Dokument finden Sie alle Regeln und Bedingungen f\u00fcr die Dienste, [&hellip;]","_links":{"self":[{"href":"https:\/\/www.terapiaurbana.com\/de\/wp-json\/wp\/v2\/pages\/63161","targetHints":{"allow":["GET"]}}],"collection":[{"href":"https:\/\/www.terapiaurbana.com\/de\/wp-json\/wp\/v2\/pages"}],"about":[{"href":"https:\/\/www.terapiaurbana.com\/de\/wp-json\/wp\/v2\/types\/page"}],"author":[{"embeddable":true,"href":"https:\/\/www.terapiaurbana.com\/de\/wp-json\/wp\/v2\/users\/1"}],"replies":[{"embeddable":true,"href":"https:\/\/www.terapiaurbana.com\/de\/wp-json\/wp\/v2\/comments?post=63161"}],"version-history":[{"count":1,"href":"https:\/\/www.terapiaurbana.com\/de\/wp-json\/wp\/v2\/pages\/63161\/revisions"}],"predecessor-version":[{"id":63162,"href":"https:\/\/www.terapiaurbana.com\/de\/wp-json\/wp\/v2\/pages\/63161\/revisions\/63162"}],"wp:attachment":[{"href":"https:\/\/www.terapiaurbana.com\/de\/wp-json\/wp\/v2\/media?parent=63161"}],"curies":[{"name":"wp","href":"https:\/\/api.w.org\/{rel}","templated":true}]}}