{"id":63172,"date":"2024-11-19T10:40:09","date_gmt":"2024-11-19T09:40:09","guid":{"rendered":"https:\/\/www.terapiaurbana.com\/biophilie\/"},"modified":"2025-02-06T18:59:00","modified_gmt":"2025-02-06T17:59:00","slug":"biophilie","status":"publish","type":"page","link":"https:\/\/www.terapiaurbana.com\/de\/biophilie\/","title":{"rendered":"Biophilie"},"content":{"rendered":"\n<div class=\"wp-block-uagb-container uagb-block-7895db07 alignfull uagb-is-root-container\"><div class=\"uagb-container-inner-blocks-wrap\">\n<div class=\"wp-block-uagb-advanced-heading uagb-block-ad5104e8\"><h2 class=\"uagb-heading-text\">BIOPHILIE<\/h2><\/div>\n<\/div><\/div>\n\n<div class=\"wp-block-uagb-container uagb-block-ab0f2910 alignfull uagb-is-root-container\"><div class=\"uagb-container-inner-blocks-wrap\"><\/div><\/div>\n\n<div class=\"wp-block-uagb-container uagb-block-72c10eb0 alignfull uagb-is-root-container\"><div class=\"uagb-container-inner-blocks-wrap\">\n<div class=\"wp-block-uagb-advanced-heading uagb-block-bf184b87\"><h2 class=\"uagb-heading-text\">WAS IST BIOPHILIE?<\/h2><\/div>\n\n\n\n<p>Urbane Natursysteme befriedigen unser angeborenes Bed\u00fcrfnis nach Verbindung mit der Natur. Dieses Bed\u00fcrfnis ist nach Millionen von Jahren der Evolution in unseren Genen verankert. Die Verbindung mit Gr\u00fcnfl\u00e4chen und anderen Lebewesen bringt k\u00f6rperliches und psychisches Wohlbefinden. Angesichts der nat\u00fcrlichen Abgeschiedenheit, die das Leben in der Stadt mit sich bringt, sind naturbasierte L\u00f6sungen eine hervorragende L\u00f6sung.<\/p>\n<\/div><\/div>\n\n<div class=\"wp-block-uagb-container uagb-block-05133397 alignfull uagb-is-root-container\"><div class=\"uagb-container-inner-blocks-wrap\">\n<div class=\"wp-block-uagb-container uagb-block-efdcc194\">\n<div class=\"wp-block-uagb-advanced-heading uagb-block-8a1f866c\"><h2 class=\"uagb-heading-text\">BIOPHILES DESIGN<\/h2><\/div>\n\n\n\n<p>Biophiles Design schafft Lebens- und Arbeitsr\u00e4ume, die Vegetation, Farben und nat\u00fcrliches Licht einbeziehen, um sich mit der Natur zu verbinden und unser psychisches Wohlbefinden zu verbessern. Dieser Designtrend setzt zunehmend auf den Einsatz von vertikalen Gartensystemen, um das Wohlbefinden der Menschen zu steigern.<\/p>\n\n\n\n<p>R\u00e4ume, die mit der Natur verbunden sind, bringen die folgenden Vorteile:<\/p>\n\n\n\n<p><strong><br\/>VERBESSERN SIE ARBEITSPL\u00c4TZE<\/strong>Sie reduzieren Stress und verbessern das Wohlbefinden, die Kreativit\u00e4t und die Produktivit\u00e4t der Menschen durch die Schaffung besserer Arbeitsr\u00e4ume.<strong><\/strong><\/p>\n\n\n\n<p><strong><br\/>Verbessern Sie das visuelle Empfinden<\/strong>Vertikale G\u00e4rten in Innenr\u00e4umen schaffen \u00e4sthetisch ansprechende Umgebungen, die geistige Erm\u00fcdung verringern, den Dopamin-, Serotonin- und Oxytocinspiegel erh\u00f6hen und Fehlzeiten verringern.<strong><\/strong><\/p>\n\n\n\n<p><strong><br\/>SCHAFFEN SIE GESUNDERE R\u00c4UME<\/strong>Wissenschaftliche Studien zeigen, dass Umgebungen mit Pflanzen die psychischen Probleme der Menschen wie Depressionen, Angstzust\u00e4nde und St\u00f6rungen des Nervensystems verringern.<strong><\/strong><\/p>\n\n\n\n<p><strong><br\/>VERBESSERN SIE DIE KOGNITIVE ENTWICKLUNG<\/strong>H\u00f6here kognitive Entwicklung bei Kindern und h\u00f6here Intelligenz und Kreativit\u00e4t werden mit denjenigen in Verbindung gebracht, die sich in Gr\u00fcnanlagen bewegen.<strong><\/strong> Es verbessert auch die Konzentration und verringert die geistige M\u00fcdigkeit bei Erwachsenen.<\/p>\n<\/div>\n\n\n\n<div class=\"wp-block-uagb-container uagb-block-4089d605\">\n<figure class=\"wp-block-image aligncenter size-full\"><img loading=\"lazy\" decoding=\"async\" width=\"369\" height=\"371\" src=\"https:\/\/www.terapiaurbana.com\/wp-content\/uploads\/2024\/12\/que-es-la-biofilia.jpg\" alt=\"\" class=\"wp-image-61217\" srcset=\"https:\/\/www.terapiaurbana.com\/wp-content\/uploads\/2024\/12\/que-es-la-biofilia.jpg 369w, https:\/\/www.terapiaurbana.com\/wp-content\/uploads\/2024\/12\/que-es-la-biofilia-298x300.jpg 298w, https:\/\/www.terapiaurbana.com\/wp-content\/uploads\/2024\/12\/que-es-la-biofilia-150x150.jpg 150w\" sizes=\"auto, (max-width: 369px) 100vw, 369px\" \/><\/figure>\n\n\n\n<figure class=\"wp-block-image aligncenter size-full\"><img loading=\"lazy\" decoding=\"async\" width=\"369\" height=\"371\" src=\"https:\/\/www.terapiaurbana.com\/wp-content\/uploads\/2024\/12\/la-biofilia.jpg\" alt=\"\" class=\"wp-image-61218\" srcset=\"https:\/\/www.terapiaurbana.com\/wp-content\/uploads\/2024\/12\/la-biofilia.jpg 369w, https:\/\/www.terapiaurbana.com\/wp-content\/uploads\/2024\/12\/la-biofilia-298x300.jpg 298w, https:\/\/www.terapiaurbana.com\/wp-content\/uploads\/2024\/12\/la-biofilia-150x150.jpg 150w\" sizes=\"auto, (max-width: 369px) 100vw, 369px\" \/><\/figure>\n<\/div>\n<\/div><\/div>\n\n<div class=\"wp-block-uagb-container uagb-block-1c2f949c alignfull uagb-is-root-container\"><div class=\"uagb-container-inner-blocks-wrap\"><\/div><\/div>\n","protected":false},"excerpt":{"rendered":"<p>BIOPHILIE WAS IST BIOPHILIE? Urbane Natursysteme befriedigen unser angeborenes Bed\u00fcrfnis nach Verbindung mit der Natur. Dieses Bed\u00fcrfnis ist nach Millionen [&hellip;]<\/p>\n","protected":false},"author":1,"featured_media":0,"parent":0,"menu_order":0,"comment_status":"closed","ping_status":"closed","template":"","meta":{"_uag_custom_page_level_css":"","site-sidebar-layout":"default","site-content-layout":"","ast-site-content-layout":"full-width-container","site-content-style":"default","site-sidebar-style":"default","ast-global-header-display":"","ast-banner-title-visibility":"","ast-main-header-display":"","ast-hfb-above-header-display":"","ast-hfb-below-header-display":"","ast-hfb-mobile-header-display":"","site-post-title":"disabled","ast-breadcrumbs-content":"","ast-featured-img":"","footer-sml-layout":"","theme-transparent-header-meta":"","adv-header-id-meta":"","stick-header-meta":"","header-above-stick-meta":"","header-main-stick-meta":"","header-below-stick-meta":"","astra-migrate-meta-layouts":"default","ast-page-background-enabled":"default","ast-page-background-meta":{"desktop":{"background-color":"var(--ast-global-color-4)","background-image":"","background-repeat":"repeat","background-position":"center center","background-size":"auto","background-attachment":"scroll","background-type":"","background-media":"","overlay-type":"","overlay-color":"","overlay-opacity":"","overlay-gradient":""},"tablet":{"background-color":"","background-image":"","background-repeat":"repeat","background-position":"center center","background-size":"auto","background-attachment":"scroll","background-type":"","background-media":"","overlay-type":"","overlay-color":"","overlay-opacity":"","overlay-gradient":""},"mobile":{"background-color":"","background-image":"","background-repeat":"repeat","background-position":"center center","background-size":"auto","background-attachment":"scroll","background-type":"","background-media":"","overlay-type":"","overlay-color":"","overlay-opacity":"","overlay-gradient":""}},"ast-content-background-meta":{"desktop":{"background-color":"var(--ast-global-color-5)","background-image":"","background-repeat":"repeat","background-position":"center center","background-size":"auto","background-attachment":"scroll","background-type":"","background-media":"","overlay-type":"","overlay-color":"","overlay-opacity":"","overlay-gradient":""},"tablet":{"background-color":"var(--ast-global-color-5)","background-image":"","background-repeat":"repeat","background-position":"center center","background-size":"auto","background-attachment":"scroll","background-type":"","background-media":"","overlay-type":"","overlay-color":"","overlay-opacity":"","overlay-gradient":""},"mobile":{"background-color":"var(--ast-global-color-5)","background-image":"","background-repeat":"repeat","background-position":"center center","background-size":"auto","background-attachment":"scroll","background-type":"","background-media":"","overlay-type":"","overlay-color":"","overlay-opacity":"","overlay-gradient":""}},"footnotes":""},"class_list":["post-63172","page","type-page","status-publish","hentry"],"yoast_head":"<!-- This site is optimized with the Yoast SEO plugin v26.3 - https:\/\/yoast.com\/wordpress\/plugins\/seo\/ -->\n<title>Biophilia : Vertikale G\u00e4rten als Verbindung zur Natur<\/title>\n<meta name=\"description\" content=\"Entdecken Sie, wie wir Biophilie anwenden, um vertikale G\u00e4rten anzulegen, die Ihr Wohlbefinden und die Umwelt mit nachhaltigem und nat\u00fcrlichem Design verbessern.\" \/>\n<meta name=\"robots\" content=\"index, follow, max-snippet:-1, max-image-preview:large, max-video-preview:-1\" \/>\n<link rel=\"canonical\" href=\"https:\/\/www.terapiaurbana.com\/de\/biophilie\/\" \/>\n<meta property=\"og:locale\" content=\"de_DE\" \/>\n<meta property=\"og:type\" content=\"article\" \/>\n<meta property=\"og:title\" content=\"Biophilia : Vertikale G\u00e4rten als Verbindung zur Natur\" \/>\n<meta property=\"og:description\" content=\"Entdecken Sie, wie wir Biophilie anwenden, um vertikale G\u00e4rten anzulegen, die Ihr Wohlbefinden und die Umwelt mit nachhaltigem und nat\u00fcrlichem Design verbessern.\" \/>\n<meta property=\"og:url\" content=\"https:\/\/www.terapiaurbana.com\/de\/biophilie\/\" \/>\n<meta property=\"article:publisher\" content=\"https:\/\/www.facebook.com\/terapiaurbana\/\" \/>\n<meta property=\"article:modified_time\" content=\"2025-02-06T17:59:00+00:00\" \/>\n<meta property=\"og:image\" content=\"https:\/\/www.terapiaurbana.com\/wp-content\/uploads\/2024\/12\/que-es-la-biofilia.jpg\" \/>\n<meta name=\"twitter:card\" content=\"summary_large_image\" \/>\n<meta name=\"twitter:site\" content=\"@terapia_urbana\" \/>\n<meta name=\"twitter:label1\" content=\"Gesch\u00e4tzte Lesezeit\" \/>\n\t<meta name=\"twitter:data1\" content=\"1\u00a0Minute\" \/>\n<script type=\"application\/ld+json\" class=\"yoast-schema-graph\">{\"@context\":\"https:\/\/schema.org\",\"@graph\":[{\"@type\":\"WebPage\",\"@id\":\"https:\/\/www.terapiaurbana.com\/de\/biophilie\/\",\"url\":\"https:\/\/www.terapiaurbana.com\/de\/biophilie\/\",\"name\":\"Biophilia : Vertikale G\u00e4rten als Verbindung zur Natur\",\"isPartOf\":{\"@id\":\"https:\/\/www.terapiaurbana.com\/de\/#website\"},\"primaryImageOfPage\":{\"@id\":\"https:\/\/www.terapiaurbana.com\/de\/biophilie\/#primaryimage\"},\"image\":{\"@id\":\"https:\/\/www.terapiaurbana.com\/de\/biophilie\/#primaryimage\"},\"thumbnailUrl\":\"https:\/\/www.terapiaurbana.com\/wp-content\/uploads\/2024\/12\/que-es-la-biofilia.jpg\",\"datePublished\":\"2024-11-19T09:40:09+00:00\",\"dateModified\":\"2025-02-06T17:59:00+00:00\",\"description\":\"Entdecken Sie, wie wir Biophilie anwenden, um vertikale G\u00e4rten anzulegen, die Ihr Wohlbefinden und die Umwelt mit nachhaltigem und nat\u00fcrlichem Design verbessern.\",\"breadcrumb\":{\"@id\":\"https:\/\/www.terapiaurbana.com\/de\/biophilie\/#breadcrumb\"},\"inLanguage\":\"de\",\"potentialAction\":[{\"@type\":\"ReadAction\",\"target\":[\"https:\/\/www.terapiaurbana.com\/de\/biophilie\/\"]}]},{\"@type\":\"ImageObject\",\"inLanguage\":\"de\",\"@id\":\"https:\/\/www.terapiaurbana.com\/de\/biophilie\/#primaryimage\",\"url\":\"https:\/\/www.terapiaurbana.com\/wp-content\/uploads\/2024\/12\/que-es-la-biofilia.jpg\",\"contentUrl\":\"https:\/\/www.terapiaurbana.com\/wp-content\/uploads\/2024\/12\/que-es-la-biofilia.jpg\"},{\"@type\":\"BreadcrumbList\",\"@id\":\"https:\/\/www.terapiaurbana.com\/de\/biophilie\/#breadcrumb\",\"itemListElement\":[{\"@type\":\"ListItem\",\"position\":1,\"name\":\"Portada\",\"item\":\"https:\/\/www.terapiaurbana.com\/de\/\"},{\"@type\":\"ListItem\",\"position\":2,\"name\":\"Biophilie\"}]},{\"@type\":\"WebSite\",\"@id\":\"https:\/\/www.terapiaurbana.com\/de\/#website\",\"url\":\"https:\/\/www.terapiaurbana.com\/de\/\",\"name\":\"Terapia Urbana | Especialistas en jardines verticales\",\"description\":\"Especialistas en dise\u00f1o de jardines verticales exteriores e interiores naturales con tecnolog\u00eda Fytotextile y iluminaci\u00f3n auxiliar para una sostenible y funcional\",\"alternateName\":\"Terapia Urbana\",\"potentialAction\":[{\"@type\":\"SearchAction\",\"target\":{\"@type\":\"EntryPoint\",\"urlTemplate\":\"https:\/\/www.terapiaurbana.com\/de\/?s={search_term_string}\"},\"query-input\":{\"@type\":\"PropertyValueSpecification\",\"valueRequired\":true,\"valueName\":\"search_term_string\"}}],\"inLanguage\":\"de\"}]}<\/script>\n<!-- \/ Yoast SEO plugin. -->","yoast_head_json":{"title":"Biophilia : Vertikale G\u00e4rten als Verbindung zur Natur","description":"Entdecken Sie, wie wir Biophilie anwenden, um vertikale G\u00e4rten anzulegen, die Ihr Wohlbefinden und die Umwelt mit nachhaltigem und nat\u00fcrlichem Design verbessern.","robots":{"index":"index","follow":"follow","max-snippet":"max-snippet:-1","max-image-preview":"max-image-preview:large","max-video-preview":"max-video-preview:-1"},"canonical":"https:\/\/www.terapiaurbana.com\/de\/biophilie\/","og_locale":"de_DE","og_type":"article","og_title":"Biophilia : Vertikale G\u00e4rten als Verbindung zur Natur","og_description":"Entdecken Sie, wie wir Biophilie anwenden, um vertikale G\u00e4rten anzulegen, die Ihr Wohlbefinden und die Umwelt mit nachhaltigem und nat\u00fcrlichem Design verbessern.","og_url":"https:\/\/www.terapiaurbana.com\/de\/biophilie\/","article_publisher":"https:\/\/www.facebook.com\/terapiaurbana\/","article_modified_time":"2025-02-06T17:59:00+00:00","og_image":[{"url":"https:\/\/www.terapiaurbana.com\/wp-content\/uploads\/2024\/12\/que-es-la-biofilia.jpg","type":"","width":"","height":""}],"twitter_card":"summary_large_image","twitter_site":"@terapia_urbana","twitter_misc":{"Gesch\u00e4tzte Lesezeit":"1\u00a0Minute"},"schema":{"@context":"https:\/\/schema.org","@graph":[{"@type":"WebPage","@id":"https:\/\/www.terapiaurbana.com\/de\/biophilie\/","url":"https:\/\/www.terapiaurbana.com\/de\/biophilie\/","name":"Biophilia : Vertikale G\u00e4rten als Verbindung zur Natur","isPartOf":{"@id":"https:\/\/www.terapiaurbana.com\/de\/#website"},"primaryImageOfPage":{"@id":"https:\/\/www.terapiaurbana.com\/de\/biophilie\/#primaryimage"},"image":{"@id":"https:\/\/www.terapiaurbana.com\/de\/biophilie\/#primaryimage"},"thumbnailUrl":"https:\/\/www.terapiaurbana.com\/wp-content\/uploads\/2024\/12\/que-es-la-biofilia.jpg","datePublished":"2024-11-19T09:40:09+00:00","dateModified":"2025-02-06T17:59:00+00:00","description":"Entdecken Sie, wie wir Biophilie anwenden, um vertikale G\u00e4rten anzulegen, die Ihr Wohlbefinden und die Umwelt mit nachhaltigem und nat\u00fcrlichem Design verbessern.","breadcrumb":{"@id":"https:\/\/www.terapiaurbana.com\/de\/biophilie\/#breadcrumb"},"inLanguage":"de","potentialAction":[{"@type":"ReadAction","target":["https:\/\/www.terapiaurbana.com\/de\/biophilie\/"]}]},{"@type":"ImageObject","inLanguage":"de","@id":"https:\/\/www.terapiaurbana.com\/de\/biophilie\/#primaryimage","url":"https:\/\/www.terapiaurbana.com\/wp-content\/uploads\/2024\/12\/que-es-la-biofilia.jpg","contentUrl":"https:\/\/www.terapiaurbana.com\/wp-content\/uploads\/2024\/12\/que-es-la-biofilia.jpg"},{"@type":"BreadcrumbList","@id":"https:\/\/www.terapiaurbana.com\/de\/biophilie\/#breadcrumb","itemListElement":[{"@type":"ListItem","position":1,"name":"Portada","item":"https:\/\/www.terapiaurbana.com\/de\/"},{"@type":"ListItem","position":2,"name":"Biophilie"}]},{"@type":"WebSite","@id":"https:\/\/www.terapiaurbana.com\/de\/#website","url":"https:\/\/www.terapiaurbana.com\/de\/","name":"Terapia Urbana | Especialistas en jardines verticales","description":"Especialistas en dise\u00f1o de jardines verticales exteriores e interiores naturales con tecnolog\u00eda Fytotextile y iluminaci\u00f3n auxiliar para una sostenible y funcional","alternateName":"Terapia Urbana","potentialAction":[{"@type":"SearchAction","target":{"@type":"EntryPoint","urlTemplate":"https:\/\/www.terapiaurbana.com\/de\/?s={search_term_string}"},"query-input":{"@type":"PropertyValueSpecification","valueRequired":true,"valueName":"search_term_string"}}],"inLanguage":"de"}]}},"uagb_featured_image_src":{"full":false,"thumbnail":false,"medium":false,"medium_large":false,"large":false,"1536x1536":false,"2048x2048":false,"gform-image-choice-sm":false,"gform-image-choice-md":false,"gform-image-choice-lg":false},"uagb_author_info":{"display_name":"terapiaurbana","author_link":"https:\/\/www.terapiaurbana.com\/de\/author\/terapiaurbana\/"},"uagb_comment_info":0,"uagb_excerpt":"BIOPHILIE WAS IST BIOPHILIE? Urbane Natursysteme befriedigen unser angeborenes Bed\u00fcrfnis nach Verbindung mit der Natur. Dieses Bed\u00fcrfnis ist nach Millionen [&hellip;]","_links":{"self":[{"href":"https:\/\/www.terapiaurbana.com\/de\/wp-json\/wp\/v2\/pages\/63172","targetHints":{"allow":["GET"]}}],"collection":[{"href":"https:\/\/www.terapiaurbana.com\/de\/wp-json\/wp\/v2\/pages"}],"about":[{"href":"https:\/\/www.terapiaurbana.com\/de\/wp-json\/wp\/v2\/types\/page"}],"author":[{"embeddable":true,"href":"https:\/\/www.terapiaurbana.com\/de\/wp-json\/wp\/v2\/users\/1"}],"replies":[{"embeddable":true,"href":"https:\/\/www.terapiaurbana.com\/de\/wp-json\/wp\/v2\/comments?post=63172"}],"version-history":[{"count":1,"href":"https:\/\/www.terapiaurbana.com\/de\/wp-json\/wp\/v2\/pages\/63172\/revisions"}],"predecessor-version":[{"id":63177,"href":"https:\/\/www.terapiaurbana.com\/de\/wp-json\/wp\/v2\/pages\/63172\/revisions\/63177"}],"wp:attachment":[{"href":"https:\/\/www.terapiaurbana.com\/de\/wp-json\/wp\/v2\/media?parent=63172"}],"curies":[{"name":"wp","href":"https:\/\/api.w.org\/{rel}","templated":true}]}}