{"id":63237,"date":"2024-12-12T10:46:29","date_gmt":"2024-12-12T09:46:29","guid":{"rendered":"https:\/\/www.terapiaurbana.com\/fytoscreen\/"},"modified":"2025-02-06T19:00:40","modified_gmt":"2025-02-06T18:00:40","slug":"fytoscreen","status":"publish","type":"page","link":"https:\/\/www.terapiaurbana.com\/de\/fytoscreen\/","title":{"rendered":"Fytoscreen"},"content":{"rendered":"\n<div class=\"wp-block-uagb-container uagb-block-65f6e5aa alignfull uagb-is-root-container\"><div class=\"uagb-container-inner-blocks-wrap\">\n<div class=\"wp-block-uagb-advanced-heading uagb-block-b7354617\"><h2 class=\"uagb-heading-text\">FYTOSCREEN<\/h2><\/div>\n<\/div><\/div>\n\n<div class=\"wp-block-uagb-container uagb-block-4761d0d0 alignfull uagb-is-root-container\"><div class=\"uagb-container-inner-blocks-wrap\"><\/div><\/div>\n\n<div class=\"wp-block-uagb-container uagb-block-712af2fa alignfull uagb-is-root-container\"><div class=\"uagb-container-inner-blocks-wrap\">\n<div class=\"wp-block-uagb-container uagb-block-4ecfba75\">\n<h2 class=\"wp-block-heading\">FYTOSCREEN\u00ae SYSTEM<\/h2>\n\n\n\n<p>Innenraumbegr\u00fcnungssystem, basierend auf der Fytotextile\u00ae Technologie, bestehend aus selbsttragenden modularen Schirmen mit beidseitiger Begr\u00fcnung. Die Anlage verf\u00fcgt \u00fcber ein geschlossenes Bew\u00e4sserungssystem, das automatisiert und in das Reservoir integriert ist. Keine Bauarbeiten erforderlich.<\/p>\n\n\n\n<ol class=\"wp-block-list\">\n<li>Integrierter Wassertank<\/li>\n\n\n\n<li>Fytotextil\u00ae Modul FYTOSCREEN<\/li>\n\n\n\n<li>Ma\u00dfgeschneiderte Bepflanzung<\/li>\n\n\n\n<li>Integriertes Bew\u00e4sserungssystem + Pumpe<\/li>\n\n\n\n<li>Digitales Programmierger\u00e4t<\/li>\n<\/ol>\n<\/div>\n\n\n\n<div class=\"wp-block-uagb-container uagb-block-7f7be50a\">\n<figure class=\"wp-block-image size-full\"><img loading=\"lazy\" decoding=\"async\" width=\"479\" height=\"522\" src=\"https:\/\/www.terapiaurbana.com\/wp-content\/uploads\/2024\/12\/sistema-fytoscreen.png\" alt=\"\" class=\"wp-image-61533\" srcset=\"https:\/\/www.terapiaurbana.com\/wp-content\/uploads\/2024\/12\/sistema-fytoscreen.png 479w, https:\/\/www.terapiaurbana.com\/wp-content\/uploads\/2024\/12\/sistema-fytoscreen-275x300.png 275w\" sizes=\"auto, (max-width: 479px) 100vw, 479px\" \/><\/figure>\n<\/div>\n<\/div><\/div>\n\n<div class=\"wp-block-uagb-container uagb-block-991f1fe1 alignfull uagb-is-root-container\"><div class=\"uagb-container-inner-blocks-wrap\"><\/div><\/div>\n\n<div class=\"wp-block-uagb-container uagb-block-1a0baeec alignfull uagb-is-root-container\"><div class=\"uagb-container-inner-blocks-wrap\">\n<p class=\"has-medium-font-size\"><strong>INSTALLATION DES FYTOSCREEN\u00ae SYSTEMS<\/strong><\/p>\n<\/div><\/div>\n\n<div class=\"wp-block-uagb-container uagb-block-c3aef489 alignfull uagb-is-root-container\"><div class=\"uagb-container-inner-blocks-wrap\">\n<div class=\"wp-block-uagb-container uagb-block-68f89789\">\n<figure class=\"wp-block-image aligncenter size-full\"><img loading=\"lazy\" decoding=\"async\" width=\"180\" height=\"111\" src=\"https:\/\/www.terapiaurbana.com\/wp-content\/uploads\/2024\/12\/ico-slimgreenwall.png\" alt=\"\" class=\"wp-image-61511\"\/><\/figure>\n<\/div>\n\n\n\n<div class=\"wp-block-uagb-container uagb-block-43e6dda0\">\n<p>Fytoscreen\u00ae ben\u00f6tigt einen gut beleuchteten Platz und eine Steckdose f\u00fcr die Bew\u00e4sserungsanlage. Falls die nat\u00fcrliche Beleuchtung nicht ausreicht, kann eine spezielle Zusatzbeleuchtung vorgesehen werden, um eine angemessene Entwicklung zu gew\u00e4hrleisten. Er kann ohne Bauarbeiten installiert werden, indem man ihn an die Stromversorgung anschlie\u00dft, entsprechend der Planung bepflanzt und den Tank regelm\u00e4\u00dfig auff\u00fcllt.<\/p>\n<\/div>\n<\/div><\/div>\n\n<div class=\"wp-block-uagb-container uagb-block-c0e9fd3e alignfull uagb-is-root-container\"><div class=\"uagb-container-inner-blocks-wrap\">\n<div class=\"wp-block-uagb-container uagb-block-b84a7665\">\n<figure class=\"wp-block-image size-full\"><img loading=\"lazy\" decoding=\"async\" width=\"450\" height=\"450\" src=\"https:\/\/www.terapiaurbana.com\/wp-content\/uploads\/2024\/12\/Ilustracion-fytoscreen.jpg\" alt=\"\" class=\"wp-image-61522\" srcset=\"https:\/\/www.terapiaurbana.com\/wp-content\/uploads\/2024\/12\/Ilustracion-fytoscreen.jpg 450w, https:\/\/www.terapiaurbana.com\/wp-content\/uploads\/2024\/12\/Ilustracion-fytoscreen-300x300.jpg 300w, https:\/\/www.terapiaurbana.com\/wp-content\/uploads\/2024\/12\/Ilustracion-fytoscreen-150x150.jpg 150w, https:\/\/www.terapiaurbana.com\/wp-content\/uploads\/2024\/12\/Ilustracion-fytoscreen-400x400.jpg 400w\" sizes=\"auto, (max-width: 450px) 100vw, 450px\" \/><\/figure>\n<\/div>\n\n\n\n<div class=\"wp-block-uagb-container uagb-block-a2e03218\">\n<figure class=\"wp-block-image size-full\"><img loading=\"lazy\" decoding=\"async\" width=\"450\" height=\"450\" src=\"https:\/\/www.terapiaurbana.com\/wp-content\/uploads\/2024\/12\/Ilustracion-fytoscreen-1.jpg\" alt=\"\" class=\"wp-image-61523\" srcset=\"https:\/\/www.terapiaurbana.com\/wp-content\/uploads\/2024\/12\/Ilustracion-fytoscreen-1.jpg 450w, https:\/\/www.terapiaurbana.com\/wp-content\/uploads\/2024\/12\/Ilustracion-fytoscreen-1-300x300.jpg 300w, https:\/\/www.terapiaurbana.com\/wp-content\/uploads\/2024\/12\/Ilustracion-fytoscreen-1-150x150.jpg 150w, https:\/\/www.terapiaurbana.com\/wp-content\/uploads\/2024\/12\/Ilustracion-fytoscreen-1-400x400.jpg 400w\" sizes=\"auto, (max-width: 450px) 100vw, 450px\" \/><\/figure>\n<\/div>\n\n\n\n<div class=\"wp-block-uagb-container uagb-block-24e0dca7\">\n<figure class=\"wp-block-image size-full\"><img loading=\"lazy\" decoding=\"async\" width=\"450\" height=\"450\" src=\"https:\/\/www.terapiaurbana.com\/wp-content\/uploads\/2024\/12\/Ilustracion-fytoscreen-2.jpg\" alt=\"\" class=\"wp-image-61524\" srcset=\"https:\/\/www.terapiaurbana.com\/wp-content\/uploads\/2024\/12\/Ilustracion-fytoscreen-2.jpg 450w, https:\/\/www.terapiaurbana.com\/wp-content\/uploads\/2024\/12\/Ilustracion-fytoscreen-2-300x300.jpg 300w, https:\/\/www.terapiaurbana.com\/wp-content\/uploads\/2024\/12\/Ilustracion-fytoscreen-2-150x150.jpg 150w, https:\/\/www.terapiaurbana.com\/wp-content\/uploads\/2024\/12\/Ilustracion-fytoscreen-2-400x400.jpg 400w\" sizes=\"auto, (max-width: 450px) 100vw, 450px\" \/><\/figure>\n<\/div>\n<\/div><\/div>\n\n<div class=\"wp-block-uagb-container uagb-block-8695006b alignfull uagb-is-root-container\"><div class=\"uagb-container-inner-blocks-wrap\"><\/div><\/div>\n\n<div class=\"wp-block-uagb-container uagb-block-5d73985f alignfull uagb-is-root-container\"><div class=\"uagb-container-inner-blocks-wrap\">\n<div class=\"wp-block-uagb-container uagb-block-44573250\">\n<div class=\"wp-block-uagb-container uagb-block-ddf7028f\">\n<figure class=\"wp-block-image size-large is-resized\"><img loading=\"lazy\" decoding=\"async\" width=\"775\" height=\"1024\" src=\"https:\/\/www.terapiaurbana.com\/wp-content\/uploads\/2024\/12\/fytoscreen-775x1024.png\" alt=\"\" class=\"wp-image-61528\" style=\"width:272px;height:auto\" srcset=\"https:\/\/www.terapiaurbana.com\/wp-content\/uploads\/2024\/12\/fytoscreen-775x1024.png 775w, https:\/\/www.terapiaurbana.com\/wp-content\/uploads\/2024\/12\/fytoscreen-227x300.png 227w, https:\/\/www.terapiaurbana.com\/wp-content\/uploads\/2024\/12\/fytoscreen-768x1015.png 768w, https:\/\/www.terapiaurbana.com\/wp-content\/uploads\/2024\/12\/fytoscreen-1162x1536.png 1162w, https:\/\/www.terapiaurbana.com\/wp-content\/uploads\/2024\/12\/fytoscreen-1549x2048.png 1549w, https:\/\/www.terapiaurbana.com\/wp-content\/uploads\/2024\/12\/fytoscreen.png 2043w\" sizes=\"auto, (max-width: 775px) 100vw, 775px\" \/><\/figure>\n<\/div>\n\n\n\n<div class=\"wp-block-uagb-container uagb-block-dda61598\">\n<p style=\"margin-bottom:15px\"><strong>STANDARD<\/strong><\/p>\n\n\n\n<p style=\"margin-bottom:10px\">Abmessungen: (A) 108 cm (B) 171 cm<\/p>\n\n\n\n<p>(C) 35 cm (D) 35 cm<\/p>\n\n\n\n<p>Bepflanzungskapazit\u00e4t: 6\u00d78 (48 F\u00e4cher)<\/p>\n\n\n\n<p>Farbe:<\/p>\n\n\n\n<figure class=\"wp-block-image is-resized\"><img decoding=\"async\" src=\"https:\/\/www.terapiaurbana.com\/wp-content\/uploads\/2023\/05\/RRR.png\" alt=\"\" class=\"wp-image-2239\" style=\"width:208px;height:auto\"\/><\/figure>\n<\/div>\n\n\n\n<div class=\"wp-block-uagb-container uagb-block-19df6ca6\"><\/div>\n<\/div>\n\n\n\n<div class=\"wp-block-uagb-container uagb-block-32044869\"><\/div>\n\n\n\n<div class=\"wp-block-uagb-buttons uagb-buttons__outer-wrap uagb-btn__default-btn uagb-btn-tablet__default-btn uagb-btn-mobile__default-btn uagb-block-e2370505\"><div class=\"uagb-buttons__wrap uagb-buttons-layout-wrap \">\n<div class=\"wp-block-uagb-buttons-child uagb-buttons__outer-wrap uagb-block-50422beb wp-block-button\"><div class=\"uagb-button__wrapper\"><a class=\"uagb-buttons-repeater wp-block-button__link\" aria-label=\"\" href=\"https:\/\/www.terapiaurbana.com\/descargas\/\" rel=\"follow noopener\" target=\"_self\" role=\"button\"><div class=\"uagb-button__link\">DAS DOSSIER HERUNTERLADEN<\/div><\/a><\/div><\/div>\n\n\n\n<div class=\"wp-block-uagb-buttons-child uagb-buttons__outer-wrap uagb-block-93b91c72 wp-block-button\"><div class=\"uagb-button__wrapper\"><a class=\"uagb-buttons-repeater wp-block-button__link\" aria-label=\"\" href=\"https:\/\/www.terapiaurbana.com\/de\/kontakt\/\" rel=\"follow noopener\" target=\"_self\" role=\"button\"><div class=\"uagb-button__link\">EIN ANGEBOT ANFORDERN<\/div><\/a><\/div><\/div>\n<\/div><\/div>\n<\/div><\/div>\n\n<p><\/p>\n","protected":false},"excerpt":{"rendered":"<p>FYTOSCREEN FYTOSCREEN\u00ae SYSTEM Innenraumbegr\u00fcnungssystem, basierend auf der Fytotextile\u00ae Technologie, bestehend aus selbsttragenden modularen Schirmen mit beidseitiger Begr\u00fcnung. Die Anlage verf\u00fcgt [&hellip;]<\/p>\n","protected":false},"author":1,"featured_media":0,"parent":0,"menu_order":0,"comment_status":"closed","ping_status":"closed","template":"","meta":{"_uag_custom_page_level_css":"","site-sidebar-layout":"default","site-content-layout":"","ast-site-content-layout":"full-width-container","site-content-style":"default","site-sidebar-style":"default","ast-global-header-display":"","ast-banner-title-visibility":"","ast-main-header-display":"","ast-hfb-above-header-display":"","ast-hfb-below-header-display":"","ast-hfb-mobile-header-display":"","site-post-title":"disabled","ast-breadcrumbs-content":"","ast-featured-img":"","footer-sml-layout":"","theme-transparent-header-meta":"","adv-header-id-meta":"","stick-header-meta":"","header-above-stick-meta":"","header-main-stick-meta":"","header-below-stick-meta":"","astra-migrate-meta-layouts":"default","ast-page-background-enabled":"default","ast-page-background-meta":{"desktop":{"background-color":"var(--ast-global-color-4)","background-image":"","background-repeat":"repeat","background-position":"center center","background-size":"auto","background-attachment":"scroll","background-type":"","background-media":"","overlay-type":"","overlay-color":"","overlay-opacity":"","overlay-gradient":""},"tablet":{"background-color":"","background-image":"","background-repeat":"repeat","background-position":"center center","background-size":"auto","background-attachment":"scroll","background-type":"","background-media":"","overlay-type":"","overlay-color":"","overlay-opacity":"","overlay-gradient":""},"mobile":{"background-color":"","background-image":"","background-repeat":"repeat","background-position":"center center","background-size":"auto","background-attachment":"scroll","background-type":"","background-media":"","overlay-type":"","overlay-color":"","overlay-opacity":"","overlay-gradient":""}},"ast-content-background-meta":{"desktop":{"background-color":"var(--ast-global-color-5)","background-image":"","background-repeat":"repeat","background-position":"center center","background-size":"auto","background-attachment":"scroll","background-type":"","background-media":"","overlay-type":"","overlay-color":"","overlay-opacity":"","overlay-gradient":""},"tablet":{"background-color":"var(--ast-global-color-5)","background-image":"","background-repeat":"repeat","background-position":"center center","background-size":"auto","background-attachment":"scroll","background-type":"","background-media":"","overlay-type":"","overlay-color":"","overlay-opacity":"","overlay-gradient":""},"mobile":{"background-color":"var(--ast-global-color-5)","background-image":"","background-repeat":"repeat","background-position":"center center","background-size":"auto","background-attachment":"scroll","background-type":"","background-media":"","overlay-type":"","overlay-color":"","overlay-opacity":"","overlay-gradient":""}},"footnotes":""},"class_list":["post-63237","page","type-page","status-publish","hentry"],"yoast_head":"<!-- This site is optimized with the Yoast SEO plugin v26.3 - https:\/\/yoast.com\/wordpress\/plugins\/seo\/ -->\n<title>Fytoscreen-System f\u00fcr vertikale G\u00e4rten<\/title>\n<meta name=\"description\" content=\"Entdecken Sie, wie Fytoscreen W\u00e4nde in atemberaubende vertikale G\u00e4rten verwandelt. Nachhaltige und ma\u00dfgeschneiderte L\u00f6sungen f\u00fcr Haushalte und Unternehmen.\" \/>\n<meta name=\"robots\" content=\"index, follow, max-snippet:-1, max-image-preview:large, max-video-preview:-1\" \/>\n<link rel=\"canonical\" href=\"https:\/\/www.terapiaurbana.com\/de\/fytoscreen\/\" \/>\n<meta property=\"og:locale\" content=\"de_DE\" \/>\n<meta property=\"og:type\" content=\"article\" \/>\n<meta property=\"og:title\" content=\"Fytoscreen-System f\u00fcr vertikale G\u00e4rten\" \/>\n<meta property=\"og:description\" content=\"Entdecken Sie, wie Fytoscreen W\u00e4nde in atemberaubende vertikale G\u00e4rten verwandelt. Nachhaltige und ma\u00dfgeschneiderte L\u00f6sungen f\u00fcr Haushalte und Unternehmen.\" \/>\n<meta property=\"og:url\" content=\"https:\/\/www.terapiaurbana.com\/de\/fytoscreen\/\" \/>\n<meta property=\"article:publisher\" content=\"https:\/\/www.facebook.com\/terapiaurbana\/\" \/>\n<meta property=\"article:modified_time\" content=\"2025-02-06T18:00:40+00:00\" \/>\n<meta property=\"og:image\" content=\"https:\/\/www.terapiaurbana.com\/wp-content\/uploads\/2024\/12\/sistema-fytoscreen.png\" \/>\n<meta name=\"twitter:card\" content=\"summary_large_image\" \/>\n<meta name=\"twitter:site\" content=\"@terapia_urbana\" \/>\n<meta name=\"twitter:label1\" content=\"Gesch\u00e4tzte Lesezeit\" \/>\n\t<meta name=\"twitter:data1\" content=\"1\u00a0Minute\" \/>\n<script type=\"application\/ld+json\" class=\"yoast-schema-graph\">{\"@context\":\"https:\/\/schema.org\",\"@graph\":[{\"@type\":\"WebPage\",\"@id\":\"https:\/\/www.terapiaurbana.com\/de\/fytoscreen\/\",\"url\":\"https:\/\/www.terapiaurbana.com\/de\/fytoscreen\/\",\"name\":\"Fytoscreen-System f\u00fcr vertikale G\u00e4rten\",\"isPartOf\":{\"@id\":\"https:\/\/www.terapiaurbana.com\/de\/#website\"},\"primaryImageOfPage\":{\"@id\":\"https:\/\/www.terapiaurbana.com\/de\/fytoscreen\/#primaryimage\"},\"image\":{\"@id\":\"https:\/\/www.terapiaurbana.com\/de\/fytoscreen\/#primaryimage\"},\"thumbnailUrl\":\"https:\/\/www.terapiaurbana.com\/wp-content\/uploads\/2024\/12\/sistema-fytoscreen.png\",\"datePublished\":\"2024-12-12T09:46:29+00:00\",\"dateModified\":\"2025-02-06T18:00:40+00:00\",\"description\":\"Entdecken Sie, wie Fytoscreen W\u00e4nde in atemberaubende vertikale G\u00e4rten verwandelt. Nachhaltige und ma\u00dfgeschneiderte L\u00f6sungen f\u00fcr Haushalte und Unternehmen.\",\"breadcrumb\":{\"@id\":\"https:\/\/www.terapiaurbana.com\/de\/fytoscreen\/#breadcrumb\"},\"inLanguage\":\"de\",\"potentialAction\":[{\"@type\":\"ReadAction\",\"target\":[\"https:\/\/www.terapiaurbana.com\/de\/fytoscreen\/\"]}]},{\"@type\":\"ImageObject\",\"inLanguage\":\"de\",\"@id\":\"https:\/\/www.terapiaurbana.com\/de\/fytoscreen\/#primaryimage\",\"url\":\"https:\/\/www.terapiaurbana.com\/wp-content\/uploads\/2024\/12\/sistema-fytoscreen.png\",\"contentUrl\":\"https:\/\/www.terapiaurbana.com\/wp-content\/uploads\/2024\/12\/sistema-fytoscreen.png\"},{\"@type\":\"BreadcrumbList\",\"@id\":\"https:\/\/www.terapiaurbana.com\/de\/fytoscreen\/#breadcrumb\",\"itemListElement\":[{\"@type\":\"ListItem\",\"position\":1,\"name\":\"Portada\",\"item\":\"https:\/\/www.terapiaurbana.com\/de\/\"},{\"@type\":\"ListItem\",\"position\":2,\"name\":\"Fytoscreen\"}]},{\"@type\":\"WebSite\",\"@id\":\"https:\/\/www.terapiaurbana.com\/de\/#website\",\"url\":\"https:\/\/www.terapiaurbana.com\/de\/\",\"name\":\"Terapia Urbana | Especialistas en jardines verticales\",\"description\":\"Especialistas en dise\u00f1o de jardines verticales exteriores e interiores naturales con tecnolog\u00eda Fytotextile y iluminaci\u00f3n auxiliar para una sostenible y funcional\",\"alternateName\":\"Terapia Urbana\",\"potentialAction\":[{\"@type\":\"SearchAction\",\"target\":{\"@type\":\"EntryPoint\",\"urlTemplate\":\"https:\/\/www.terapiaurbana.com\/de\/?s={search_term_string}\"},\"query-input\":{\"@type\":\"PropertyValueSpecification\",\"valueRequired\":true,\"valueName\":\"search_term_string\"}}],\"inLanguage\":\"de\"}]}<\/script>\n<!-- \/ Yoast SEO plugin. -->","yoast_head_json":{"title":"Fytoscreen-System f\u00fcr vertikale G\u00e4rten","description":"Entdecken Sie, wie Fytoscreen W\u00e4nde in atemberaubende vertikale G\u00e4rten verwandelt. Nachhaltige und ma\u00dfgeschneiderte L\u00f6sungen f\u00fcr Haushalte und Unternehmen.","robots":{"index":"index","follow":"follow","max-snippet":"max-snippet:-1","max-image-preview":"max-image-preview:large","max-video-preview":"max-video-preview:-1"},"canonical":"https:\/\/www.terapiaurbana.com\/de\/fytoscreen\/","og_locale":"de_DE","og_type":"article","og_title":"Fytoscreen-System f\u00fcr vertikale G\u00e4rten","og_description":"Entdecken Sie, wie Fytoscreen W\u00e4nde in atemberaubende vertikale G\u00e4rten verwandelt. Nachhaltige und ma\u00dfgeschneiderte L\u00f6sungen f\u00fcr Haushalte und Unternehmen.","og_url":"https:\/\/www.terapiaurbana.com\/de\/fytoscreen\/","article_publisher":"https:\/\/www.facebook.com\/terapiaurbana\/","article_modified_time":"2025-02-06T18:00:40+00:00","og_image":[{"url":"https:\/\/www.terapiaurbana.com\/wp-content\/uploads\/2024\/12\/sistema-fytoscreen.png","type":"","width":"","height":""}],"twitter_card":"summary_large_image","twitter_site":"@terapia_urbana","twitter_misc":{"Gesch\u00e4tzte Lesezeit":"1\u00a0Minute"},"schema":{"@context":"https:\/\/schema.org","@graph":[{"@type":"WebPage","@id":"https:\/\/www.terapiaurbana.com\/de\/fytoscreen\/","url":"https:\/\/www.terapiaurbana.com\/de\/fytoscreen\/","name":"Fytoscreen-System f\u00fcr vertikale G\u00e4rten","isPartOf":{"@id":"https:\/\/www.terapiaurbana.com\/de\/#website"},"primaryImageOfPage":{"@id":"https:\/\/www.terapiaurbana.com\/de\/fytoscreen\/#primaryimage"},"image":{"@id":"https:\/\/www.terapiaurbana.com\/de\/fytoscreen\/#primaryimage"},"thumbnailUrl":"https:\/\/www.terapiaurbana.com\/wp-content\/uploads\/2024\/12\/sistema-fytoscreen.png","datePublished":"2024-12-12T09:46:29+00:00","dateModified":"2025-02-06T18:00:40+00:00","description":"Entdecken Sie, wie Fytoscreen W\u00e4nde in atemberaubende vertikale G\u00e4rten verwandelt. Nachhaltige und ma\u00dfgeschneiderte L\u00f6sungen f\u00fcr Haushalte und Unternehmen.","breadcrumb":{"@id":"https:\/\/www.terapiaurbana.com\/de\/fytoscreen\/#breadcrumb"},"inLanguage":"de","potentialAction":[{"@type":"ReadAction","target":["https:\/\/www.terapiaurbana.com\/de\/fytoscreen\/"]}]},{"@type":"ImageObject","inLanguage":"de","@id":"https:\/\/www.terapiaurbana.com\/de\/fytoscreen\/#primaryimage","url":"https:\/\/www.terapiaurbana.com\/wp-content\/uploads\/2024\/12\/sistema-fytoscreen.png","contentUrl":"https:\/\/www.terapiaurbana.com\/wp-content\/uploads\/2024\/12\/sistema-fytoscreen.png"},{"@type":"BreadcrumbList","@id":"https:\/\/www.terapiaurbana.com\/de\/fytoscreen\/#breadcrumb","itemListElement":[{"@type":"ListItem","position":1,"name":"Portada","item":"https:\/\/www.terapiaurbana.com\/de\/"},{"@type":"ListItem","position":2,"name":"Fytoscreen"}]},{"@type":"WebSite","@id":"https:\/\/www.terapiaurbana.com\/de\/#website","url":"https:\/\/www.terapiaurbana.com\/de\/","name":"Terapia Urbana | Especialistas en jardines verticales","description":"Especialistas en dise\u00f1o de jardines verticales exteriores e interiores naturales con tecnolog\u00eda Fytotextile y iluminaci\u00f3n auxiliar para una sostenible y funcional","alternateName":"Terapia Urbana","potentialAction":[{"@type":"SearchAction","target":{"@type":"EntryPoint","urlTemplate":"https:\/\/www.terapiaurbana.com\/de\/?s={search_term_string}"},"query-input":{"@type":"PropertyValueSpecification","valueRequired":true,"valueName":"search_term_string"}}],"inLanguage":"de"}]}},"uagb_featured_image_src":{"full":false,"thumbnail":false,"medium":false,"medium_large":false,"large":false,"1536x1536":false,"2048x2048":false,"gform-image-choice-sm":false,"gform-image-choice-md":false,"gform-image-choice-lg":false},"uagb_author_info":{"display_name":"terapiaurbana","author_link":"https:\/\/www.terapiaurbana.com\/de\/author\/terapiaurbana\/"},"uagb_comment_info":0,"uagb_excerpt":"FYTOSCREEN FYTOSCREEN\u00ae SYSTEM Innenraumbegr\u00fcnungssystem, basierend auf der Fytotextile\u00ae Technologie, bestehend aus selbsttragenden modularen Schirmen mit beidseitiger Begr\u00fcnung. Die Anlage verf\u00fcgt [&hellip;]","_links":{"self":[{"href":"https:\/\/www.terapiaurbana.com\/de\/wp-json\/wp\/v2\/pages\/63237","targetHints":{"allow":["GET"]}}],"collection":[{"href":"https:\/\/www.terapiaurbana.com\/de\/wp-json\/wp\/v2\/pages"}],"about":[{"href":"https:\/\/www.terapiaurbana.com\/de\/wp-json\/wp\/v2\/types\/page"}],"author":[{"embeddable":true,"href":"https:\/\/www.terapiaurbana.com\/de\/wp-json\/wp\/v2\/users\/1"}],"replies":[{"embeddable":true,"href":"https:\/\/www.terapiaurbana.com\/de\/wp-json\/wp\/v2\/comments?post=63237"}],"version-history":[{"count":1,"href":"https:\/\/www.terapiaurbana.com\/de\/wp-json\/wp\/v2\/pages\/63237\/revisions"}],"predecessor-version":[{"id":63246,"href":"https:\/\/www.terapiaurbana.com\/de\/wp-json\/wp\/v2\/pages\/63237\/revisions\/63246"}],"wp:attachment":[{"href":"https:\/\/www.terapiaurbana.com\/de\/wp-json\/wp\/v2\/media?parent=63237"}],"curies":[{"name":"wp","href":"https:\/\/api.w.org\/{rel}","templated":true}]}}