{"id":63261,"date":"2024-11-19T10:42:55","date_gmt":"2024-11-19T09:42:55","guid":{"rendered":"https:\/\/www.terapiaurbana.com\/fei\/"},"modified":"2025-02-06T19:01:36","modified_gmt":"2025-02-06T18:01:36","slug":"fei","status":"publish","type":"page","link":"https:\/\/www.terapiaurbana.com\/de\/fei\/","title":{"rendered":"F+E+I"},"content":{"rendered":"\n<div class=\"wp-block-uagb-container uagb-block-ce92037f alignfull uagb-is-root-container\"><div class=\"uagb-container-inner-blocks-wrap\">\n<div class=\"wp-block-uagb-advanced-heading uagb-block-5609a7cf\"><h2 class=\"uagb-heading-text\">F&amp;E&amp;I<\/h2><\/div>\n<\/div><\/div>\n\n<div class=\"wp-block-uagb-container uagb-block-a3da9b46 alignfull uagb-is-root-container\"><div class=\"uagb-container-inner-blocks-wrap\"><\/div><\/div>\n\n<div class=\"wp-block-uagb-container uagb-block-0722e0dd alignfull uagb-is-root-container\"><div class=\"uagb-container-inner-blocks-wrap\">\n<div class=\"wp-block-uagb-advanced-heading uagb-block-d426dd35\"><h2 class=\"uagb-heading-text\">FORSCHUNG + ENTWICKLUNG + INNOVATION<\/h2><\/div>\n\n\n\n<p>Die Forschung an der Universit\u00e4t von Sevilla ist die Grundlage unseres Know-hows im Bereich der begr\u00fcnten Fassaden. Wir sind eine Ausgr\u00fcndung der Universit\u00e4t von Sevilla und arbeiten mit der Forschungsgruppe AGR-268- Naturaci\u00f3n Urbana e Ingenier\u00eda de Biosistemas (Naturib) zusammen. Unsere ersten Prototypen f\u00fcr vertikale G\u00e4rten entstanden 2007 in den Urban Gardening Labors der E.T.S.I.A..<\/p>\n<\/div><\/div>\n\n<div class=\"wp-block-uagb-container uagb-block-69df78e2 alignfull uagb-is-root-container\"><div class=\"uagb-container-inner-blocks-wrap\">\n<div class=\"wp-block-uagb-container uagb-block-c01c92a9\">\n<div class=\"wp-block-uagb-advanced-heading uagb-block-0370fafc\"><h2 class=\"uagb-heading-text\">WISSENSCHAFTLICHE GRUNDLAGE<\/h2><\/div>\n\n\n\n<p>Unsere Grundlage ist die Forschung. Wissenschaftliche Erkenntnisse erm\u00f6glichen es uns, vertikale Gartensysteme zu entwickeln, die die Natur auf kontrollierte Art und Weise in Geb\u00e4ude integrieren, mit zahlreichen Testergebnissen. Unser Wertversprechen: professionelle Bausysteme mit hoher technischer Leistung anzubieten, die beste Ergebnisse garantieren.<\/p>\n<\/div>\n\n\n\n<div class=\"wp-block-uagb-container uagb-block-48e2dcf2\">\n<figure class=\"wp-block-image size-full\"><img loading=\"lazy\" decoding=\"async\" width=\"500\" height=\"500\" src=\"https:\/\/www.terapiaurbana.com\/wp-content\/uploads\/2024\/12\/jardin-vertical-investigacion.jpg\" alt=\"\" class=\"wp-image-61257\" srcset=\"https:\/\/www.terapiaurbana.com\/wp-content\/uploads\/2024\/12\/jardin-vertical-investigacion.jpg 500w, https:\/\/www.terapiaurbana.com\/wp-content\/uploads\/2024\/12\/jardin-vertical-investigacion-300x300.jpg 300w, https:\/\/www.terapiaurbana.com\/wp-content\/uploads\/2024\/12\/jardin-vertical-investigacion-150x150.jpg 150w, https:\/\/www.terapiaurbana.com\/wp-content\/uploads\/2024\/12\/jardin-vertical-investigacion-400x400.jpg 400w\" sizes=\"auto, (max-width: 500px) 100vw, 500px\" \/><\/figure>\n<\/div>\n<\/div><\/div>\n\n<div class=\"wp-block-uagb-container uagb-block-bfa14c87 alignfull uagb-is-root-container\"><div class=\"uagb-container-inner-blocks-wrap\">\n<div class=\"wp-block-uagb-advanced-heading uagb-block-4d43a789\"><h2 class=\"uagb-heading-text\">PATENTE ALS ERGEBNIS<\/h2><\/div>\n\n\n\n<p>Unsere Fytotextile\u00ae Technologie f\u00fcr gr\u00fcne W\u00e4nde, wie auch alle anderen Entwicklungen, ist patentiert und ein exklusives System von Terapia Urbana. Unsere Systeme sind das Ergebnis der Forschung, die seit 2006 an der Universit\u00e4t von Sevilla durchgef\u00fchrt wurde, sowie der Erfahrung und kontinuierlichen Entwicklung nach Tausenden von durchgef\u00fchrten \u33a1 Projekten.<\/p>\n<\/div><\/div>\n\n<div class=\"wp-block-uagb-container uagb-block-d58e79b9 alignfull uagb-is-root-container\"><div class=\"uagb-container-inner-blocks-wrap\"><\/div><\/div>\n\n<div class=\"wp-block-uagb-container uagb-block-9b8f34a1 alignfull uagb-is-root-container\"><div class=\"uagb-container-inner-blocks-wrap\">\n<div class=\"wp-block-uagb-container uagb-block-14777786\">\n<div class=\"wp-block-uagb-advanced-heading uagb-block-872750a1\"><h2 class=\"uagb-heading-text\">WISSENSCHAFTLICHE VER\u00d6FFENTLICHUNGEN<\/h2><\/div>\n\n\n\n<p>Das Ergebnis unserer Forschungen in Zusammenarbeit mit der Naturib-Gruppe m\u00fcndet in wissenschaftlichen Fachpublikationen, die sich mit wichtigen Aspekten wie Bew\u00e4sserung, photosynthetischer Beleuchtung oder den besten Arten von Kultursubstraten f\u00fcr begr\u00fcnte Fassaden befassen. Wir charakterisieren und messen den Nutzen, den sie f\u00fcr die Menschen und Geb\u00e4ude, in denen sie installiert sind, bringen. Unsere Forschung gibt uns die technischen und wissenschaftlichen Garantien, um <strong>naturbasierte L\u00f6sungen<\/strong> mit hohem Mehrwert zu entwickeln, die Geb\u00e4ude und St\u00e4dte umweltfreundlicher machen.<\/p>\n\n\n\n<div class=\"wp-block-buttons is-layout-flex wp-block-buttons-is-layout-flex\">\n<div class=\"wp-block-button\"><a class=\"wp-block-button__link has-ast-global-color-5-color has-text-color has-link-color wp-element-button\" href=\"https:\/\/www.terapiaurbana.com\/de\/kontakt\/\">Kontakt mit uns<\/a><\/div>\n<\/div>\n<\/div>\n\n\n\n<div class=\"wp-block-uagb-container uagb-block-e962d016\">\n<figure class=\"wp-block-image size-full\"><img loading=\"lazy\" decoding=\"async\" width=\"500\" height=\"500\" src=\"https:\/\/www.terapiaurbana.com\/wp-content\/uploads\/2024\/12\/jardin-vertical-publicaciones-cientificas.jpg\" alt=\"\" class=\"wp-image-61261\" srcset=\"https:\/\/www.terapiaurbana.com\/wp-content\/uploads\/2024\/12\/jardin-vertical-publicaciones-cientificas.jpg 500w, https:\/\/www.terapiaurbana.com\/wp-content\/uploads\/2024\/12\/jardin-vertical-publicaciones-cientificas-300x300.jpg 300w, https:\/\/www.terapiaurbana.com\/wp-content\/uploads\/2024\/12\/jardin-vertical-publicaciones-cientificas-150x150.jpg 150w, https:\/\/www.terapiaurbana.com\/wp-content\/uploads\/2024\/12\/jardin-vertical-publicaciones-cientificas-400x400.jpg 400w\" sizes=\"auto, (max-width: 500px) 100vw, 500px\" \/><\/figure>\n<\/div>\n<\/div><\/div>\n","protected":false},"excerpt":{"rendered":"<p>F&amp;E&amp;I FORSCHUNG + ENTWICKLUNG + INNOVATION Die Forschung an der Universit\u00e4t von Sevilla ist die Grundlage unseres Know-hows im Bereich [&hellip;]<\/p>\n","protected":false},"author":1,"featured_media":0,"parent":0,"menu_order":0,"comment_status":"closed","ping_status":"closed","template":"","meta":{"_uag_custom_page_level_css":"","site-sidebar-layout":"default","site-content-layout":"","ast-site-content-layout":"full-width-container","site-content-style":"default","site-sidebar-style":"default","ast-global-header-display":"","ast-banner-title-visibility":"","ast-main-header-display":"","ast-hfb-above-header-display":"","ast-hfb-below-header-display":"","ast-hfb-mobile-header-display":"","site-post-title":"disabled","ast-breadcrumbs-content":"","ast-featured-img":"","footer-sml-layout":"","theme-transparent-header-meta":"","adv-header-id-meta":"","stick-header-meta":"","header-above-stick-meta":"","header-main-stick-meta":"","header-below-stick-meta":"","astra-migrate-meta-layouts":"default","ast-page-background-enabled":"default","ast-page-background-meta":{"desktop":{"background-color":"var(--ast-global-color-4)","background-image":"","background-repeat":"repeat","background-position":"center center","background-size":"auto","background-attachment":"scroll","background-type":"","background-media":"","overlay-type":"","overlay-color":"","overlay-opacity":"","overlay-gradient":""},"tablet":{"background-color":"","background-image":"","background-repeat":"repeat","background-position":"center center","background-size":"auto","background-attachment":"scroll","background-type":"","background-media":"","overlay-type":"","overlay-color":"","overlay-opacity":"","overlay-gradient":""},"mobile":{"background-color":"","background-image":"","background-repeat":"repeat","background-position":"center center","background-size":"auto","background-attachment":"scroll","background-type":"","background-media":"","overlay-type":"","overlay-color":"","overlay-opacity":"","overlay-gradient":""}},"ast-content-background-meta":{"desktop":{"background-color":"var(--ast-global-color-5)","background-image":"","background-repeat":"repeat","background-position":"center center","background-size":"auto","background-attachment":"scroll","background-type":"","background-media":"","overlay-type":"","overlay-color":"","overlay-opacity":"","overlay-gradient":""},"tablet":{"background-color":"var(--ast-global-color-5)","background-image":"","background-repeat":"repeat","background-position":"center center","background-size":"auto","background-attachment":"scroll","background-type":"","background-media":"","overlay-type":"","overlay-color":"","overlay-opacity":"","overlay-gradient":""},"mobile":{"background-color":"var(--ast-global-color-5)","background-image":"","background-repeat":"repeat","background-position":"center center","background-size":"auto","background-attachment":"scroll","background-type":"","background-media":"","overlay-type":"","overlay-color":"","overlay-opacity":"","overlay-gradient":""}},"footnotes":""},"class_list":["post-63261","page","type-page","status-publish","hentry"],"yoast_head":"<!-- This site is optimized with the Yoast SEO plugin v26.3 - https:\/\/yoast.com\/wordpress\/plugins\/seo\/ -->\n<title>F&amp;E&amp;I in vertikalen G\u00e4rten: Innovation und Nachhaltigkeit<\/title>\n<meta name=\"description\" content=\"Wir sind f\u00fchrend in der Entwicklung von F+E+i bei vertikalen G\u00e4rten und schaffen innovative L\u00f6sungen, die Design, Natur und Technologie miteinander verbinden.\" \/>\n<meta name=\"robots\" content=\"index, follow, max-snippet:-1, max-image-preview:large, max-video-preview:-1\" \/>\n<link rel=\"canonical\" href=\"https:\/\/www.terapiaurbana.com\/de\/fei\/\" \/>\n<meta property=\"og:locale\" content=\"de_DE\" \/>\n<meta property=\"og:type\" content=\"article\" \/>\n<meta property=\"og:title\" content=\"F&amp;E&amp;I in vertikalen G\u00e4rten: Innovation und Nachhaltigkeit\" \/>\n<meta property=\"og:description\" content=\"Wir sind f\u00fchrend in der Entwicklung von F+E+i bei vertikalen G\u00e4rten und schaffen innovative L\u00f6sungen, die Design, Natur und Technologie miteinander verbinden.\" \/>\n<meta property=\"og:url\" content=\"https:\/\/www.terapiaurbana.com\/de\/fei\/\" \/>\n<meta property=\"article:publisher\" content=\"https:\/\/www.facebook.com\/terapiaurbana\/\" \/>\n<meta property=\"article:modified_time\" content=\"2025-02-06T18:01:36+00:00\" \/>\n<meta property=\"og:image\" content=\"https:\/\/www.terapiaurbana.com\/wp-content\/uploads\/2024\/12\/jardin-vertical-investigacion.jpg\" \/>\n<meta name=\"twitter:card\" content=\"summary_large_image\" \/>\n<meta name=\"twitter:site\" content=\"@terapia_urbana\" \/>\n<meta name=\"twitter:label1\" content=\"Gesch\u00e4tzte Lesezeit\" \/>\n\t<meta name=\"twitter:data1\" content=\"1\u00a0Minute\" \/>\n<script type=\"application\/ld+json\" class=\"yoast-schema-graph\">{\"@context\":\"https:\/\/schema.org\",\"@graph\":[{\"@type\":\"WebPage\",\"@id\":\"https:\/\/www.terapiaurbana.com\/de\/fei\/\",\"url\":\"https:\/\/www.terapiaurbana.com\/de\/fei\/\",\"name\":\"F&E&I in vertikalen G\u00e4rten: Innovation und Nachhaltigkeit\",\"isPartOf\":{\"@id\":\"https:\/\/www.terapiaurbana.com\/de\/#website\"},\"primaryImageOfPage\":{\"@id\":\"https:\/\/www.terapiaurbana.com\/de\/fei\/#primaryimage\"},\"image\":{\"@id\":\"https:\/\/www.terapiaurbana.com\/de\/fei\/#primaryimage\"},\"thumbnailUrl\":\"https:\/\/www.terapiaurbana.com\/wp-content\/uploads\/2024\/12\/jardin-vertical-investigacion.jpg\",\"datePublished\":\"2024-11-19T09:42:55+00:00\",\"dateModified\":\"2025-02-06T18:01:36+00:00\",\"description\":\"Wir sind f\u00fchrend in der Entwicklung von F+E+i bei vertikalen G\u00e4rten und schaffen innovative L\u00f6sungen, die Design, Natur und Technologie miteinander verbinden.\",\"breadcrumb\":{\"@id\":\"https:\/\/www.terapiaurbana.com\/de\/fei\/#breadcrumb\"},\"inLanguage\":\"de\",\"potentialAction\":[{\"@type\":\"ReadAction\",\"target\":[\"https:\/\/www.terapiaurbana.com\/de\/fei\/\"]}]},{\"@type\":\"ImageObject\",\"inLanguage\":\"de\",\"@id\":\"https:\/\/www.terapiaurbana.com\/de\/fei\/#primaryimage\",\"url\":\"https:\/\/www.terapiaurbana.com\/wp-content\/uploads\/2024\/12\/jardin-vertical-investigacion.jpg\",\"contentUrl\":\"https:\/\/www.terapiaurbana.com\/wp-content\/uploads\/2024\/12\/jardin-vertical-investigacion.jpg\"},{\"@type\":\"BreadcrumbList\",\"@id\":\"https:\/\/www.terapiaurbana.com\/de\/fei\/#breadcrumb\",\"itemListElement\":[{\"@type\":\"ListItem\",\"position\":1,\"name\":\"Portada\",\"item\":\"https:\/\/www.terapiaurbana.com\/de\/\"},{\"@type\":\"ListItem\",\"position\":2,\"name\":\"F+E+I\"}]},{\"@type\":\"WebSite\",\"@id\":\"https:\/\/www.terapiaurbana.com\/de\/#website\",\"url\":\"https:\/\/www.terapiaurbana.com\/de\/\",\"name\":\"Terapia Urbana | Especialistas en jardines verticales\",\"description\":\"Especialistas en dise\u00f1o de jardines verticales exteriores e interiores naturales con tecnolog\u00eda Fytotextile y iluminaci\u00f3n auxiliar para una sostenible y funcional\",\"alternateName\":\"Terapia Urbana\",\"potentialAction\":[{\"@type\":\"SearchAction\",\"target\":{\"@type\":\"EntryPoint\",\"urlTemplate\":\"https:\/\/www.terapiaurbana.com\/de\/?s={search_term_string}\"},\"query-input\":{\"@type\":\"PropertyValueSpecification\",\"valueRequired\":true,\"valueName\":\"search_term_string\"}}],\"inLanguage\":\"de\"}]}<\/script>\n<!-- \/ Yoast SEO plugin. -->","yoast_head_json":{"title":"F&E&I in vertikalen G\u00e4rten: Innovation und Nachhaltigkeit","description":"Wir sind f\u00fchrend in der Entwicklung von F+E+i bei vertikalen G\u00e4rten und schaffen innovative L\u00f6sungen, die Design, Natur und Technologie miteinander verbinden.","robots":{"index":"index","follow":"follow","max-snippet":"max-snippet:-1","max-image-preview":"max-image-preview:large","max-video-preview":"max-video-preview:-1"},"canonical":"https:\/\/www.terapiaurbana.com\/de\/fei\/","og_locale":"de_DE","og_type":"article","og_title":"F&E&I in vertikalen G\u00e4rten: Innovation und Nachhaltigkeit","og_description":"Wir sind f\u00fchrend in der Entwicklung von F+E+i bei vertikalen G\u00e4rten und schaffen innovative L\u00f6sungen, die Design, Natur und Technologie miteinander verbinden.","og_url":"https:\/\/www.terapiaurbana.com\/de\/fei\/","article_publisher":"https:\/\/www.facebook.com\/terapiaurbana\/","article_modified_time":"2025-02-06T18:01:36+00:00","og_image":[{"url":"https:\/\/www.terapiaurbana.com\/wp-content\/uploads\/2024\/12\/jardin-vertical-investigacion.jpg","type":"","width":"","height":""}],"twitter_card":"summary_large_image","twitter_site":"@terapia_urbana","twitter_misc":{"Gesch\u00e4tzte Lesezeit":"1\u00a0Minute"},"schema":{"@context":"https:\/\/schema.org","@graph":[{"@type":"WebPage","@id":"https:\/\/www.terapiaurbana.com\/de\/fei\/","url":"https:\/\/www.terapiaurbana.com\/de\/fei\/","name":"F&E&I in vertikalen G\u00e4rten: Innovation und Nachhaltigkeit","isPartOf":{"@id":"https:\/\/www.terapiaurbana.com\/de\/#website"},"primaryImageOfPage":{"@id":"https:\/\/www.terapiaurbana.com\/de\/fei\/#primaryimage"},"image":{"@id":"https:\/\/www.terapiaurbana.com\/de\/fei\/#primaryimage"},"thumbnailUrl":"https:\/\/www.terapiaurbana.com\/wp-content\/uploads\/2024\/12\/jardin-vertical-investigacion.jpg","datePublished":"2024-11-19T09:42:55+00:00","dateModified":"2025-02-06T18:01:36+00:00","description":"Wir sind f\u00fchrend in der Entwicklung von F+E+i bei vertikalen G\u00e4rten und schaffen innovative L\u00f6sungen, die Design, Natur und Technologie miteinander verbinden.","breadcrumb":{"@id":"https:\/\/www.terapiaurbana.com\/de\/fei\/#breadcrumb"},"inLanguage":"de","potentialAction":[{"@type":"ReadAction","target":["https:\/\/www.terapiaurbana.com\/de\/fei\/"]}]},{"@type":"ImageObject","inLanguage":"de","@id":"https:\/\/www.terapiaurbana.com\/de\/fei\/#primaryimage","url":"https:\/\/www.terapiaurbana.com\/wp-content\/uploads\/2024\/12\/jardin-vertical-investigacion.jpg","contentUrl":"https:\/\/www.terapiaurbana.com\/wp-content\/uploads\/2024\/12\/jardin-vertical-investigacion.jpg"},{"@type":"BreadcrumbList","@id":"https:\/\/www.terapiaurbana.com\/de\/fei\/#breadcrumb","itemListElement":[{"@type":"ListItem","position":1,"name":"Portada","item":"https:\/\/www.terapiaurbana.com\/de\/"},{"@type":"ListItem","position":2,"name":"F+E+I"}]},{"@type":"WebSite","@id":"https:\/\/www.terapiaurbana.com\/de\/#website","url":"https:\/\/www.terapiaurbana.com\/de\/","name":"Terapia Urbana | Especialistas en jardines verticales","description":"Especialistas en dise\u00f1o de jardines verticales exteriores e interiores naturales con tecnolog\u00eda Fytotextile y iluminaci\u00f3n auxiliar para una sostenible y funcional","alternateName":"Terapia Urbana","potentialAction":[{"@type":"SearchAction","target":{"@type":"EntryPoint","urlTemplate":"https:\/\/www.terapiaurbana.com\/de\/?s={search_term_string}"},"query-input":{"@type":"PropertyValueSpecification","valueRequired":true,"valueName":"search_term_string"}}],"inLanguage":"de"}]}},"uagb_featured_image_src":{"full":false,"thumbnail":false,"medium":false,"medium_large":false,"large":false,"1536x1536":false,"2048x2048":false,"gform-image-choice-sm":false,"gform-image-choice-md":false,"gform-image-choice-lg":false},"uagb_author_info":{"display_name":"terapiaurbana","author_link":"https:\/\/www.terapiaurbana.com\/de\/author\/terapiaurbana\/"},"uagb_comment_info":0,"uagb_excerpt":"F&amp;E&amp;I FORSCHUNG + ENTWICKLUNG + INNOVATION Die Forschung an der Universit\u00e4t von Sevilla ist die Grundlage unseres Know-hows im Bereich [&hellip;]","_links":{"self":[{"href":"https:\/\/www.terapiaurbana.com\/de\/wp-json\/wp\/v2\/pages\/63261","targetHints":{"allow":["GET"]}}],"collection":[{"href":"https:\/\/www.terapiaurbana.com\/de\/wp-json\/wp\/v2\/pages"}],"about":[{"href":"https:\/\/www.terapiaurbana.com\/de\/wp-json\/wp\/v2\/types\/page"}],"author":[{"embeddable":true,"href":"https:\/\/www.terapiaurbana.com\/de\/wp-json\/wp\/v2\/users\/1"}],"replies":[{"embeddable":true,"href":"https:\/\/www.terapiaurbana.com\/de\/wp-json\/wp\/v2\/comments?post=63261"}],"version-history":[{"count":1,"href":"https:\/\/www.terapiaurbana.com\/de\/wp-json\/wp\/v2\/pages\/63261\/revisions"}],"predecessor-version":[{"id":63266,"href":"https:\/\/www.terapiaurbana.com\/de\/wp-json\/wp\/v2\/pages\/63261\/revisions\/63266"}],"wp:attachment":[{"href":"https:\/\/www.terapiaurbana.com\/de\/wp-json\/wp\/v2\/media?parent=63261"}],"curies":[{"name":"wp","href":"https:\/\/api.w.org\/{rel}","templated":true}]}}