{"id":63327,"date":"2024-11-19T09:50:00","date_gmt":"2024-11-19T08:50:00","guid":{"rendered":"https:\/\/www.terapiaurbana.com\/datenschutzbestimmungen\/"},"modified":"2025-02-06T19:03:59","modified_gmt":"2025-02-06T18:03:59","slug":"datenschutzbestimmungen","status":"publish","type":"page","link":"https:\/\/www.terapiaurbana.com\/de\/datenschutzbestimmungen\/","title":{"rendered":"Datenschutzbestimmungen"},"content":{"rendered":"\n<div class=\"wp-block-uagb-advanced-heading uagb-block-bcd6b57c\"><h1 class=\"uagb-heading-text\">Datenschutzbestimmungen<\/h1><\/div>\n\n<p><strong>Verantwortlich: Terapia Urbana S.L.<\/strong><br\/><br\/><br\/><br\/>W<strong>er ist f\u00fcr die Verarbeitung Ihrer Daten verantwortlich?<\/strong> Identit\u00e4t: Terapia Urbana, SL, mit CIF B-91880724 Adresse: C\/. Factores, 12-14, Local 4D (41015-Sevilla) Register: Eingetragen im Handelsregister von Sevilla, Band 5278, Seite SE-87213, 1. <\/p>\n\n<p><strong>Zweck: Bereitstellung des Dienstes<\/strong><br\/><br\/><br\/>Z<strong>u welchem Zweck und wie lange werden wir Ihre personenbezogenen Daten verarbeiten?<\/strong> Ihre personenbezogenen Daten werden zu folgenden Zwecken verarbeitet: \u25cf Zur Erbringung der \u00fcber unsere Website angebotenen Dienstleistungen und zur Beantwortung der \u00fcber sie gestellten Anfragen.<br\/>\u25cf Ihnen Werbeinformationen \u00fcber unsere Aktivit\u00e4ten oder Dienstleistungen an die E-Mail-Adresse zu senden, die Sie uns zur Verf\u00fcgung gestellt haben.<br\/>Die Daten werden zu diesen Zwecken f\u00fcr die Dauer der Beziehung mit dem Nutzer oder bis zu seinem Widerruf aufbewahrt, und nach deren Beendigung f\u00fcr die Dauer der Verj\u00e4hrung etwaiger Verbindlichkeiten aus der Beziehung.<br\/><\/p>\n\n<p><br\/><br\/><br\/><br\/><br\/><br\/><br\/>W<strong>elche Datenkategorien verarbeiten wir?<\/strong> Die Daten, die wir \u00fcber unsere Website verarbeiten, sind nur die folgenden: \u25cf Vor- und Nachname \u25cf Adresse \u25cf E-Mail \u25cf IP-Adresse Alle diese personenbezogenen Daten sind zwingend erforderlich, um die von uns angebotenen Dienstleistungen zu erbringen, da sie sonst nicht zur Verf\u00fcgung gestellt werden k\u00f6nnen. Legitimation: Vertragserf\u00fcllung, berechtigtes Interesse und Einwilligung der betroffenen Person.<br\/><\/p>\n\n<p><br\/><br\/>W<strong>as ist die Rechtsgrundlage f\u00fcr die Verarbeitung Ihrer Daten?<\/strong> Die Rechtsgrundlage f\u00fcr die Verarbeitung Ihrer personenbezogenen Daten durch unser Team ist die Erbringung der \u00fcber unsere Website angebotenen Dienstleistungen, andernfalls ist eine Einhaltung nicht m\u00f6glich. Empf\u00e4nger: Gesetzliche Beauftragungen und Datenverarbeiter<br\/><\/p>\n\n<p><br\/><br\/><br\/>A<strong>n wen werden wir Ihre Daten weitergeben?<\/strong> Wir k\u00f6nnen Ihre Daten an folgende Empf\u00e4nger weitergeben: \u25cf An die \u00f6ffentlichen Verwaltungen in den im Gesetz vorgesehenen F\u00e4llen. \u25cf An die staatlichen Sicherheitskr\u00e4fte und -korps, wenn diese es zur Verhinderung einer Straftat verlangen.<\/p>\n\n<p style=\"margin-bottom:50px\"><strong>Rechte:<\/strong><br\/>Z<strong>ugang, Berichtigung, L\u00f6schung, Widerspruch und \u00dcbertragbarkeit von Daten<\/strong> Sie haben folgende Rechte: Zugang, Berichtigung, L\u00f6schung und \u00dcbertragbarkeit Ihrer Daten sowie die Einschr\u00e4nkung oder den Widerspruch gegen deren Verarbeitung, das Recht auf Widerruf der erteilten Zustimmung und das Recht auf Beschwerde bei der zust\u00e4ndigen Aufsichtsbeh\u00f6rde.<br\/><\/p>\n\n<p style=\"margin-bottom:50px\"><strong>Wie k\u00f6nnen Sie Ihre Rechte wahrnehmen?<\/strong><br\/>Das Verfahren ist sehr einfach.<br\/><br\/><br\/><br\/><br\/>Sie m\u00fcssen uns einen Brief an die folgende Adresse schicken: Terapia Urbana, SL C\/. Factores, 12-14, Local 4D 41015-Sevilla. Oder wenn Sie es vorziehen, k\u00f6nnen Sie uns eine E-Mail an info@terapiaurbana.es schicken. In beiden F\u00e4llen m\u00fcssen Sie eine Fotokopie Ihres Personalausweises oder eines rechtsg\u00fcltigen Ausweises beif\u00fcgen.  <br\/><br\/>Die Aus\u00fcbung Ihrer Rechte ist v\u00f6llig kostenlos und sieht wie folgt aus: \u25cf Recht auf Zugang zu Ihren pers\u00f6nlichen Daten.<br\/>\u25cf Das Recht, ungenaue oder unvollst\u00e4ndige Daten zu berichtigen.<br\/>Das Recht auf L\u00f6schung Ihrer Daten, wenn sie f\u00fcr die Zwecke, f\u00fcr die sie erhoben wurden, nicht mehr erforderlich sind.<br\/>Das Recht, die Verarbeitung von Daten unter den in der DSGVO vorgesehenen Bedingungen einzuschr\u00e4nken.<br\/>Das Recht auf Widerspruch gegen die Verarbeitung.<br\/>\u25cf Recht auf \u00dcbertragbarkeit Ihrer Daten.<br\/>\u25cf Das Recht, Beschwerden bei der spanischen Datenschutzbeh\u00f6rde einzureichen.<\/p>\n","protected":false},"excerpt":{"rendered":"<p>Datenschutzbestimmungen Verantwortlich: Terapia Urbana S.L. Wer ist f\u00fcr die Verarbeitung Ihrer Daten verantwortlich? Identit\u00e4t: Terapia Urbana, SL, mit CIF B-91880724 [&hellip;]<\/p>\n","protected":false},"author":1,"featured_media":0,"parent":0,"menu_order":0,"comment_status":"closed","ping_status":"closed","template":"","meta":{"_uag_custom_page_level_css":"","site-sidebar-layout":"default","site-content-layout":"","ast-site-content-layout":"","site-content-style":"default","site-sidebar-style":"default","ast-global-header-display":"","ast-banner-title-visibility":"","ast-main-header-display":"","ast-hfb-above-header-display":"","ast-hfb-below-header-display":"","ast-hfb-mobile-header-display":"","site-post-title":"disabled","ast-breadcrumbs-content":"","ast-featured-img":"","footer-sml-layout":"","theme-transparent-header-meta":"","adv-header-id-meta":"","stick-header-meta":"","header-above-stick-meta":"","header-main-stick-meta":"","header-below-stick-meta":"","astra-migrate-meta-layouts":"default","ast-page-background-enabled":"default","ast-page-background-meta":{"desktop":{"background-color":"var(--ast-global-color-4)","background-image":"","background-repeat":"repeat","background-position":"center center","background-size":"auto","background-attachment":"scroll","background-type":"","background-media":"","overlay-type":"","overlay-color":"","overlay-opacity":"","overlay-gradient":""},"tablet":{"background-color":"","background-image":"","background-repeat":"repeat","background-position":"center center","background-size":"auto","background-attachment":"scroll","background-type":"","background-media":"","overlay-type":"","overlay-color":"","overlay-opacity":"","overlay-gradient":""},"mobile":{"background-color":"","background-image":"","background-repeat":"repeat","background-position":"center center","background-size":"auto","background-attachment":"scroll","background-type":"","background-media":"","overlay-type":"","overlay-color":"","overlay-opacity":"","overlay-gradient":""}},"ast-content-background-meta":{"desktop":{"background-color":"var(--ast-global-color-5)","background-image":"","background-repeat":"repeat","background-position":"center center","background-size":"auto","background-attachment":"scroll","background-type":"","background-media":"","overlay-type":"","overlay-color":"","overlay-opacity":"","overlay-gradient":""},"tablet":{"background-color":"var(--ast-global-color-5)","background-image":"","background-repeat":"repeat","background-position":"center center","background-size":"auto","background-attachment":"scroll","background-type":"","background-media":"","overlay-type":"","overlay-color":"","overlay-opacity":"","overlay-gradient":""},"mobile":{"background-color":"var(--ast-global-color-5)","background-image":"","background-repeat":"repeat","background-position":"center center","background-size":"auto","background-attachment":"scroll","background-type":"","background-media":"","overlay-type":"","overlay-color":"","overlay-opacity":"","overlay-gradient":""}},"footnotes":""},"class_list":["post-63327","page","type-page","status-publish","hentry"],"yoast_head":"<!-- This site is optimized with the Yoast SEO plugin v26.3 - https:\/\/yoast.com\/wordpress\/plugins\/seo\/ -->\n<title>Datenschutzbestimmungen -<\/title>\n<meta name=\"robots\" content=\"index, follow, max-snippet:-1, max-image-preview:large, max-video-preview:-1\" \/>\n<link rel=\"canonical\" href=\"https:\/\/www.terapiaurbana.com\/de\/datenschutzbestimmungen\/\" \/>\n<meta property=\"og:locale\" content=\"de_DE\" \/>\n<meta property=\"og:type\" content=\"article\" \/>\n<meta property=\"og:title\" content=\"Datenschutzbestimmungen -\" \/>\n<meta property=\"og:description\" content=\"Datenschutzbestimmungen Verantwortlich: Terapia Urbana S.L. Wer ist f\u00fcr die Verarbeitung Ihrer Daten verantwortlich? Identit\u00e4t: Terapia Urbana, SL, mit CIF B-91880724 [&hellip;]\" \/>\n<meta property=\"og:url\" content=\"https:\/\/www.terapiaurbana.com\/de\/datenschutzbestimmungen\/\" \/>\n<meta property=\"article:publisher\" content=\"https:\/\/www.facebook.com\/terapiaurbana\/\" \/>\n<meta property=\"article:modified_time\" content=\"2025-02-06T18:03:59+00:00\" \/>\n<meta property=\"og:image\" content=\"https:\/\/www.terapiaurbana.com\/wp-content\/uploads\/2025\/02\/jardin-vertical.jpg\" \/>\n\t<meta property=\"og:image:width\" content=\"1200\" \/>\n\t<meta property=\"og:image:height\" content=\"675\" \/>\n\t<meta property=\"og:image:type\" content=\"image\/jpeg\" \/>\n<meta name=\"twitter:card\" content=\"summary_large_image\" \/>\n<meta name=\"twitter:site\" content=\"@terapia_urbana\" \/>\n<meta name=\"twitter:label1\" content=\"Gesch\u00e4tzte Lesezeit\" \/>\n\t<meta name=\"twitter:data1\" content=\"2\u00a0Minuten\" \/>\n<script type=\"application\/ld+json\" class=\"yoast-schema-graph\">{\"@context\":\"https:\/\/schema.org\",\"@graph\":[{\"@type\":\"WebPage\",\"@id\":\"https:\/\/www.terapiaurbana.com\/de\/datenschutzbestimmungen\/\",\"url\":\"https:\/\/www.terapiaurbana.com\/de\/datenschutzbestimmungen\/\",\"name\":\"Datenschutzbestimmungen -\",\"isPartOf\":{\"@id\":\"https:\/\/www.terapiaurbana.com\/de\/#website\"},\"datePublished\":\"2024-11-19T08:50:00+00:00\",\"dateModified\":\"2025-02-06T18:03:59+00:00\",\"breadcrumb\":{\"@id\":\"https:\/\/www.terapiaurbana.com\/de\/datenschutzbestimmungen\/#breadcrumb\"},\"inLanguage\":\"de\",\"potentialAction\":[{\"@type\":\"ReadAction\",\"target\":[\"https:\/\/www.terapiaurbana.com\/de\/datenschutzbestimmungen\/\"]}]},{\"@type\":\"BreadcrumbList\",\"@id\":\"https:\/\/www.terapiaurbana.com\/de\/datenschutzbestimmungen\/#breadcrumb\",\"itemListElement\":[{\"@type\":\"ListItem\",\"position\":1,\"name\":\"Portada\",\"item\":\"https:\/\/www.terapiaurbana.com\/de\/\"},{\"@type\":\"ListItem\",\"position\":2,\"name\":\"Datenschutzbestimmungen\"}]},{\"@type\":\"WebSite\",\"@id\":\"https:\/\/www.terapiaurbana.com\/de\/#website\",\"url\":\"https:\/\/www.terapiaurbana.com\/de\/\",\"name\":\"Terapia Urbana | Especialistas en jardines verticales\",\"description\":\"Especialistas en dise\u00f1o de jardines verticales exteriores e interiores naturales con tecnolog\u00eda Fytotextile y iluminaci\u00f3n auxiliar para una sostenible y funcional\",\"alternateName\":\"Terapia Urbana\",\"potentialAction\":[{\"@type\":\"SearchAction\",\"target\":{\"@type\":\"EntryPoint\",\"urlTemplate\":\"https:\/\/www.terapiaurbana.com\/de\/?s={search_term_string}\"},\"query-input\":{\"@type\":\"PropertyValueSpecification\",\"valueRequired\":true,\"valueName\":\"search_term_string\"}}],\"inLanguage\":\"de\"}]}<\/script>\n<!-- \/ Yoast SEO plugin. -->","yoast_head_json":{"title":"Datenschutzbestimmungen -","robots":{"index":"index","follow":"follow","max-snippet":"max-snippet:-1","max-image-preview":"max-image-preview:large","max-video-preview":"max-video-preview:-1"},"canonical":"https:\/\/www.terapiaurbana.com\/de\/datenschutzbestimmungen\/","og_locale":"de_DE","og_type":"article","og_title":"Datenschutzbestimmungen -","og_description":"Datenschutzbestimmungen Verantwortlich: Terapia Urbana S.L. Wer ist f\u00fcr die Verarbeitung Ihrer Daten verantwortlich? Identit\u00e4t: Terapia Urbana, SL, mit CIF B-91880724 [&hellip;]","og_url":"https:\/\/www.terapiaurbana.com\/de\/datenschutzbestimmungen\/","article_publisher":"https:\/\/www.facebook.com\/terapiaurbana\/","article_modified_time":"2025-02-06T18:03:59+00:00","og_image":[{"width":1200,"height":675,"url":"https:\/\/www.terapiaurbana.com\/wp-content\/uploads\/2025\/02\/jardin-vertical.jpg","type":"image\/jpeg"}],"twitter_card":"summary_large_image","twitter_site":"@terapia_urbana","twitter_misc":{"Gesch\u00e4tzte Lesezeit":"2\u00a0Minuten"},"schema":{"@context":"https:\/\/schema.org","@graph":[{"@type":"WebPage","@id":"https:\/\/www.terapiaurbana.com\/de\/datenschutzbestimmungen\/","url":"https:\/\/www.terapiaurbana.com\/de\/datenschutzbestimmungen\/","name":"Datenschutzbestimmungen -","isPartOf":{"@id":"https:\/\/www.terapiaurbana.com\/de\/#website"},"datePublished":"2024-11-19T08:50:00+00:00","dateModified":"2025-02-06T18:03:59+00:00","breadcrumb":{"@id":"https:\/\/www.terapiaurbana.com\/de\/datenschutzbestimmungen\/#breadcrumb"},"inLanguage":"de","potentialAction":[{"@type":"ReadAction","target":["https:\/\/www.terapiaurbana.com\/de\/datenschutzbestimmungen\/"]}]},{"@type":"BreadcrumbList","@id":"https:\/\/www.terapiaurbana.com\/de\/datenschutzbestimmungen\/#breadcrumb","itemListElement":[{"@type":"ListItem","position":1,"name":"Portada","item":"https:\/\/www.terapiaurbana.com\/de\/"},{"@type":"ListItem","position":2,"name":"Datenschutzbestimmungen"}]},{"@type":"WebSite","@id":"https:\/\/www.terapiaurbana.com\/de\/#website","url":"https:\/\/www.terapiaurbana.com\/de\/","name":"Terapia Urbana | Especialistas en jardines verticales","description":"Especialistas en dise\u00f1o de jardines verticales exteriores e interiores naturales con tecnolog\u00eda Fytotextile y iluminaci\u00f3n auxiliar para una sostenible y funcional","alternateName":"Terapia Urbana","potentialAction":[{"@type":"SearchAction","target":{"@type":"EntryPoint","urlTemplate":"https:\/\/www.terapiaurbana.com\/de\/?s={search_term_string}"},"query-input":{"@type":"PropertyValueSpecification","valueRequired":true,"valueName":"search_term_string"}}],"inLanguage":"de"}]}},"uagb_featured_image_src":{"full":false,"thumbnail":false,"medium":false,"medium_large":false,"large":false,"1536x1536":false,"2048x2048":false,"gform-image-choice-sm":false,"gform-image-choice-md":false,"gform-image-choice-lg":false},"uagb_author_info":{"display_name":"terapiaurbana","author_link":"https:\/\/www.terapiaurbana.com\/de\/author\/terapiaurbana\/"},"uagb_comment_info":0,"uagb_excerpt":"Datenschutzbestimmungen Verantwortlich: Terapia Urbana S.L. Wer ist f\u00fcr die Verarbeitung Ihrer Daten verantwortlich? Identit\u00e4t: Terapia Urbana, SL, mit CIF B-91880724 [&hellip;]","_links":{"self":[{"href":"https:\/\/www.terapiaurbana.com\/de\/wp-json\/wp\/v2\/pages\/63327","targetHints":{"allow":["GET"]}}],"collection":[{"href":"https:\/\/www.terapiaurbana.com\/de\/wp-json\/wp\/v2\/pages"}],"about":[{"href":"https:\/\/www.terapiaurbana.com\/de\/wp-json\/wp\/v2\/types\/page"}],"author":[{"embeddable":true,"href":"https:\/\/www.terapiaurbana.com\/de\/wp-json\/wp\/v2\/users\/1"}],"replies":[{"embeddable":true,"href":"https:\/\/www.terapiaurbana.com\/de\/wp-json\/wp\/v2\/comments?post=63327"}],"version-history":[{"count":1,"href":"https:\/\/www.terapiaurbana.com\/de\/wp-json\/wp\/v2\/pages\/63327\/revisions"}],"predecessor-version":[{"id":63328,"href":"https:\/\/www.terapiaurbana.com\/de\/wp-json\/wp\/v2\/pages\/63327\/revisions\/63328"}],"wp:attachment":[{"href":"https:\/\/www.terapiaurbana.com\/de\/wp-json\/wp\/v2\/media?parent=63327"}],"curies":[{"name":"wp","href":"https:\/\/api.w.org\/{rel}","templated":true}]}}