{"id":63329,"date":"2024-12-05T10:29:27","date_gmt":"2024-12-05T09:29:27","guid":{"rendered":"https:\/\/www.terapiaurbana.com\/produktion\/"},"modified":"2025-02-06T19:04:08","modified_gmt":"2025-02-06T18:04:08","slug":"produktion","status":"publish","type":"page","link":"https:\/\/www.terapiaurbana.com\/de\/produktion\/","title":{"rendered":"Produktion"},"content":{"rendered":"\n<div class=\"wp-block-uagb-container uagb-block-97cc9f60 alignfull uagb-is-root-container\"><div class=\"uagb-container-inner-blocks-wrap\">\n<div class=\"wp-block-uagb-advanced-heading uagb-block-ba4eb588\"><h2 class=\"uagb-heading-text\">PRODUKTION<\/h2><\/div>\n<\/div><\/div>\n\n<div class=\"wp-block-uagb-container uagb-block-60d86df8 alignfull uagb-is-root-container\"><div class=\"uagb-container-inner-blocks-wrap\"><\/div><\/div>\n\n<div class=\"wp-block-uagb-container uagb-block-5a47b364 alignfull uagb-is-root-container\"><div class=\"uagb-container-inner-blocks-wrap\">\n<div class=\"wp-block-uagb-advanced-heading uagb-block-8f4e667a\"><h2 class=\"uagb-heading-text\">SYSTEME PRODUKTION<\/h2><\/div>\n\n\n\n<p>Fytotextile\u00ae ist ein professionelles Hochleistungssystem f\u00fcr den Bau von vertikalen G\u00e4rten mit zertifizierter Garantie und Qualit\u00e4t. Als Hersteller entwerfen wir unsere Systeme und passen sie an die Anforderungen eines jeden Projekts an. Wir produzieren und vermarkten ma\u00dfgeschneiderte Systeme f\u00fcr die Installation von Gartenfassaden und f\u00fchren kontinuierliche Verbesserungen durch, um auf einen sich st\u00e4ndig weiterentwickelnden Markt zu reagieren.  <\/p>\n<\/div><\/div>\n\n<div class=\"wp-block-uagb-container uagb-block-677adc86 alignfull uagb-is-root-container\"><div class=\"uagb-container-inner-blocks-wrap\">\n<figure class=\"wp-block-image size-full\"><img loading=\"lazy\" decoding=\"async\" width=\"1800\" height=\"217\" src=\"https:\/\/www.terapiaurbana.com\/wp-content\/uploads\/2024\/12\/sistemas-de-produccion-de-jardin-vertical.jpg\" alt=\"\" class=\"wp-image-61300\" srcset=\"https:\/\/www.terapiaurbana.com\/wp-content\/uploads\/2024\/12\/sistemas-de-produccion-de-jardin-vertical.jpg 1800w, https:\/\/www.terapiaurbana.com\/wp-content\/uploads\/2024\/12\/sistemas-de-produccion-de-jardin-vertical-300x36.jpg 300w, https:\/\/www.terapiaurbana.com\/wp-content\/uploads\/2024\/12\/sistemas-de-produccion-de-jardin-vertical-1024x123.jpg 1024w, https:\/\/www.terapiaurbana.com\/wp-content\/uploads\/2024\/12\/sistemas-de-produccion-de-jardin-vertical-768x93.jpg 768w, https:\/\/www.terapiaurbana.com\/wp-content\/uploads\/2024\/12\/sistemas-de-produccion-de-jardin-vertical-1536x185.jpg 1536w, https:\/\/www.terapiaurbana.com\/wp-content\/uploads\/2024\/12\/sistemas-de-produccion-de-jardin-vertical-500x60.jpg 500w, https:\/\/www.terapiaurbana.com\/wp-content\/uploads\/2024\/12\/sistemas-de-produccion-de-jardin-vertical-800x96.jpg 800w, https:\/\/www.terapiaurbana.com\/wp-content\/uploads\/2024\/12\/sistemas-de-produccion-de-jardin-vertical-1280x154.jpg 1280w\" sizes=\"auto, (max-width: 1800px) 100vw, 1800px\" \/><\/figure>\n<\/div><\/div>\n\n<div class=\"wp-block-uagb-container uagb-block-e8150b03 alignfull uagb-is-root-container\"><div class=\"uagb-container-inner-blocks-wrap\">\n<div class=\"wp-block-uagb-container uagb-block-02ed6770\">\n<div class=\"wp-block-uagb-advanced-heading uagb-block-0814f3fc\"><h2 class=\"uagb-heading-text\">INDUSTRIALISIERTE PRODUKTION<\/h2><\/div>\n\n\n\n<p>Das Fytotextile\u00ae System f\u00fcr vertikale G\u00e4rten wird in Sevilla (Spanien) unter strengen Qualit\u00e4tskontrollen hergestellt. Dank der industrialisierten Produktion k\u00f6nnen wir ein professionelles System mit hohen technischen Eigenschaften f\u00fcr begr\u00fcnte Fassaden anbieten. Das System verf\u00fcgt \u00fcber Zertifikate, die alle seine technischen Eigenschaften garantieren: maximale Zugfestigkeit, Haltbarkeit, Feuerbest\u00e4ndigkeit, Rei\u00dffestigkeit, Frostbest\u00e4ndigkeit, Wasserr\u00fcckhaltetests, usw.  <\/p>\n<\/div>\n\n\n\n<div class=\"wp-block-uagb-container uagb-block-005c773c\">\n<figure class=\"wp-block-image size-full\"><img loading=\"lazy\" decoding=\"async\" width=\"500\" height=\"341\" src=\"https:\/\/www.terapiaurbana.com\/wp-content\/uploads\/2024\/12\/produccion-jardin-vertical-sistema.jpg\" alt=\"\" class=\"wp-image-61298\" srcset=\"https:\/\/www.terapiaurbana.com\/wp-content\/uploads\/2024\/12\/produccion-jardin-vertical-sistema.jpg 500w, https:\/\/www.terapiaurbana.com\/wp-content\/uploads\/2024\/12\/produccion-jardin-vertical-sistema-300x205.jpg 300w\" sizes=\"auto, (max-width: 500px) 100vw, 500px\" \/><\/figure>\n<\/div>\n<\/div><\/div>\n\n<div class=\"wp-block-uagb-container uagb-block-500fe964 alignfull uagb-is-root-container\"><div class=\"uagb-container-inner-blocks-wrap\"><\/div><\/div>\n\n<div class=\"wp-block-uagb-container uagb-block-8c947b09 alignfull uagb-is-root-container\"><div class=\"uagb-container-inner-blocks-wrap\">\n<div class=\"wp-block-uagb-container uagb-block-7e00cdf2\">\n<div class=\"wp-block-uagb-advanced-heading uagb-block-8c0461a4\"><h2 class=\"uagb-heading-text\">NACHHALTIGES BEWUSSTSEIN<\/h2><\/div>\n\n\n\n<p>Wir engagieren uns nachdr\u00fccklich f\u00fcr die sozio\u00f6konomische Entwicklung vor Ort und f\u00fcr die Entwicklung unseres unmittelbaren Gesch\u00e4ftsumfelds, indem wir Aktivit\u00e4ten in unserem lokalen Netzwerk von Zulieferern, den Schl\u00fcsselfaktoren in unserer Wertsch\u00f6pfungskette, erzeugen.<\/p>\n\n\n\n<div class=\"wp-block-uagb-advanced-heading uagb-block-1eb7bb67\"><h2 class=\"uagb-heading-text\">\u00d6KOLOGISCHER FUSSABDRUCK<\/h2><\/div>\n\n\n\n<p>Das vertikale Gartensystem von Fytotextile\u00ae wurde mit dem FVS-Label f\u00fcr den \u00f6kologischen Fu\u00dfabdruck ausgezeichnet, das von der Sustainable Life Foundation gef\u00f6rdert wird. Dieses Label ist das Ergebnis der Analyse des Lebenszyklus unseres Systems und kennzeichnet Produkte und Unternehmen, die sich f\u00fcr die Umwelt, die Nachhaltigkeit und die Reduzierung ihres \u00f6kologischen Fu\u00dfabdrucks einsetzen. <\/p>\n<\/div>\n\n\n\n<div class=\"wp-block-uagb-container uagb-block-45ab89a3\">\n<figure class=\"wp-block-image size-full\"><img loading=\"lazy\" decoding=\"async\" width=\"500\" height=\"463\" src=\"https:\/\/www.terapiaurbana.com\/wp-content\/uploads\/2024\/12\/huella-ambiental-sostenible.jpg\" alt=\"\" class=\"wp-image-61294\" srcset=\"https:\/\/www.terapiaurbana.com\/wp-content\/uploads\/2024\/12\/huella-ambiental-sostenible.jpg 500w, https:\/\/www.terapiaurbana.com\/wp-content\/uploads\/2024\/12\/huella-ambiental-sostenible-300x278.jpg 300w\" sizes=\"auto, (max-width: 500px) 100vw, 500px\" \/><\/figure>\n<\/div>\n<\/div><\/div>\n","protected":false},"excerpt":{"rendered":"<p>PRODUKTION SYSTEME PRODUKTION Fytotextile\u00ae ist ein professionelles Hochleistungssystem f\u00fcr den Bau von vertikalen G\u00e4rten mit zertifizierter Garantie und Qualit\u00e4t. Als [&hellip;]<\/p>\n","protected":false},"author":1,"featured_media":0,"parent":0,"menu_order":0,"comment_status":"closed","ping_status":"closed","template":"","meta":{"_uag_custom_page_level_css":"","site-sidebar-layout":"default","site-content-layout":"","ast-site-content-layout":"full-width-container","site-content-style":"default","site-sidebar-style":"default","ast-global-header-display":"","ast-banner-title-visibility":"","ast-main-header-display":"","ast-hfb-above-header-display":"","ast-hfb-below-header-display":"","ast-hfb-mobile-header-display":"","site-post-title":"disabled","ast-breadcrumbs-content":"","ast-featured-img":"","footer-sml-layout":"","theme-transparent-header-meta":"","adv-header-id-meta":"","stick-header-meta":"","header-above-stick-meta":"","header-main-stick-meta":"","header-below-stick-meta":"","astra-migrate-meta-layouts":"default","ast-page-background-enabled":"default","ast-page-background-meta":{"desktop":{"background-color":"var(--ast-global-color-4)","background-image":"","background-repeat":"repeat","background-position":"center center","background-size":"auto","background-attachment":"scroll","background-type":"","background-media":"","overlay-type":"","overlay-color":"","overlay-opacity":"","overlay-gradient":""},"tablet":{"background-color":"","background-image":"","background-repeat":"repeat","background-position":"center center","background-size":"auto","background-attachment":"scroll","background-type":"","background-media":"","overlay-type":"","overlay-color":"","overlay-opacity":"","overlay-gradient":""},"mobile":{"background-color":"","background-image":"","background-repeat":"repeat","background-position":"center center","background-size":"auto","background-attachment":"scroll","background-type":"","background-media":"","overlay-type":"","overlay-color":"","overlay-opacity":"","overlay-gradient":""}},"ast-content-background-meta":{"desktop":{"background-color":"var(--ast-global-color-5)","background-image":"","background-repeat":"repeat","background-position":"center center","background-size":"auto","background-attachment":"scroll","background-type":"","background-media":"","overlay-type":"","overlay-color":"","overlay-opacity":"","overlay-gradient":""},"tablet":{"background-color":"var(--ast-global-color-5)","background-image":"","background-repeat":"repeat","background-position":"center center","background-size":"auto","background-attachment":"scroll","background-type":"","background-media":"","overlay-type":"","overlay-color":"","overlay-opacity":"","overlay-gradient":""},"mobile":{"background-color":"var(--ast-global-color-5)","background-image":"","background-repeat":"repeat","background-position":"center center","background-size":"auto","background-attachment":"scroll","background-type":"","background-media":"","overlay-type":"","overlay-color":"","overlay-opacity":"","overlay-gradient":""}},"footnotes":""},"class_list":["post-63329","page","type-page","status-publish","hentry"],"yoast_head":"<!-- This site is optimized with the Yoast SEO plugin v26.3 - https:\/\/yoast.com\/wordpress\/plugins\/seo\/ -->\n<title>Produktion -<\/title>\n<meta name=\"robots\" content=\"index, follow, max-snippet:-1, max-image-preview:large, max-video-preview:-1\" \/>\n<link rel=\"canonical\" href=\"https:\/\/www.terapiaurbana.com\/de\/produktion\/\" \/>\n<meta property=\"og:locale\" content=\"de_DE\" \/>\n<meta property=\"og:type\" content=\"article\" \/>\n<meta property=\"og:title\" content=\"Produktion -\" \/>\n<meta property=\"og:description\" content=\"PRODUKTION SYSTEME PRODUKTION Fytotextile\u00ae ist ein professionelles Hochleistungssystem f\u00fcr den Bau von vertikalen G\u00e4rten mit zertifizierter Garantie und Qualit\u00e4t. Als [&hellip;]\" \/>\n<meta property=\"og:url\" content=\"https:\/\/www.terapiaurbana.com\/de\/produktion\/\" \/>\n<meta property=\"article:publisher\" content=\"https:\/\/www.facebook.com\/terapiaurbana\/\" \/>\n<meta property=\"article:modified_time\" content=\"2025-02-06T18:04:08+00:00\" \/>\n<meta property=\"og:image\" content=\"https:\/\/www.terapiaurbana.com\/wp-content\/uploads\/2024\/12\/sistemas-de-produccion-de-jardin-vertical.jpg\" \/>\n<meta name=\"twitter:card\" content=\"summary_large_image\" \/>\n<meta name=\"twitter:site\" content=\"@terapia_urbana\" \/>\n<meta name=\"twitter:label1\" content=\"Gesch\u00e4tzte Lesezeit\" \/>\n\t<meta name=\"twitter:data1\" content=\"1\u00a0Minute\" \/>\n<script type=\"application\/ld+json\" class=\"yoast-schema-graph\">{\"@context\":\"https:\/\/schema.org\",\"@graph\":[{\"@type\":\"WebPage\",\"@id\":\"https:\/\/www.terapiaurbana.com\/de\/produktion\/\",\"url\":\"https:\/\/www.terapiaurbana.com\/de\/produktion\/\",\"name\":\"Produktion -\",\"isPartOf\":{\"@id\":\"https:\/\/www.terapiaurbana.com\/de\/#website\"},\"primaryImageOfPage\":{\"@id\":\"https:\/\/www.terapiaurbana.com\/de\/produktion\/#primaryimage\"},\"image\":{\"@id\":\"https:\/\/www.terapiaurbana.com\/de\/produktion\/#primaryimage\"},\"thumbnailUrl\":\"https:\/\/www.terapiaurbana.com\/wp-content\/uploads\/2024\/12\/sistemas-de-produccion-de-jardin-vertical.jpg\",\"datePublished\":\"2024-12-05T09:29:27+00:00\",\"dateModified\":\"2025-02-06T18:04:08+00:00\",\"breadcrumb\":{\"@id\":\"https:\/\/www.terapiaurbana.com\/de\/produktion\/#breadcrumb\"},\"inLanguage\":\"de\",\"potentialAction\":[{\"@type\":\"ReadAction\",\"target\":[\"https:\/\/www.terapiaurbana.com\/de\/produktion\/\"]}]},{\"@type\":\"ImageObject\",\"inLanguage\":\"de\",\"@id\":\"https:\/\/www.terapiaurbana.com\/de\/produktion\/#primaryimage\",\"url\":\"https:\/\/www.terapiaurbana.com\/wp-content\/uploads\/2024\/12\/sistemas-de-produccion-de-jardin-vertical.jpg\",\"contentUrl\":\"https:\/\/www.terapiaurbana.com\/wp-content\/uploads\/2024\/12\/sistemas-de-produccion-de-jardin-vertical.jpg\"},{\"@type\":\"BreadcrumbList\",\"@id\":\"https:\/\/www.terapiaurbana.com\/de\/produktion\/#breadcrumb\",\"itemListElement\":[{\"@type\":\"ListItem\",\"position\":1,\"name\":\"Portada\",\"item\":\"https:\/\/www.terapiaurbana.com\/de\/\"},{\"@type\":\"ListItem\",\"position\":2,\"name\":\"Produktion\"}]},{\"@type\":\"WebSite\",\"@id\":\"https:\/\/www.terapiaurbana.com\/de\/#website\",\"url\":\"https:\/\/www.terapiaurbana.com\/de\/\",\"name\":\"Terapia Urbana | Especialistas en jardines verticales\",\"description\":\"Especialistas en dise\u00f1o de jardines verticales exteriores e interiores naturales con tecnolog\u00eda Fytotextile y iluminaci\u00f3n auxiliar para una sostenible y funcional\",\"alternateName\":\"Terapia Urbana\",\"potentialAction\":[{\"@type\":\"SearchAction\",\"target\":{\"@type\":\"EntryPoint\",\"urlTemplate\":\"https:\/\/www.terapiaurbana.com\/de\/?s={search_term_string}\"},\"query-input\":{\"@type\":\"PropertyValueSpecification\",\"valueRequired\":true,\"valueName\":\"search_term_string\"}}],\"inLanguage\":\"de\"}]}<\/script>\n<!-- \/ Yoast SEO plugin. -->","yoast_head_json":{"title":"Produktion -","robots":{"index":"index","follow":"follow","max-snippet":"max-snippet:-1","max-image-preview":"max-image-preview:large","max-video-preview":"max-video-preview:-1"},"canonical":"https:\/\/www.terapiaurbana.com\/de\/produktion\/","og_locale":"de_DE","og_type":"article","og_title":"Produktion -","og_description":"PRODUKTION SYSTEME PRODUKTION Fytotextile\u00ae ist ein professionelles Hochleistungssystem f\u00fcr den Bau von vertikalen G\u00e4rten mit zertifizierter Garantie und Qualit\u00e4t. Als [&hellip;]","og_url":"https:\/\/www.terapiaurbana.com\/de\/produktion\/","article_publisher":"https:\/\/www.facebook.com\/terapiaurbana\/","article_modified_time":"2025-02-06T18:04:08+00:00","og_image":[{"url":"https:\/\/www.terapiaurbana.com\/wp-content\/uploads\/2024\/12\/sistemas-de-produccion-de-jardin-vertical.jpg","type":"","width":"","height":""}],"twitter_card":"summary_large_image","twitter_site":"@terapia_urbana","twitter_misc":{"Gesch\u00e4tzte Lesezeit":"1\u00a0Minute"},"schema":{"@context":"https:\/\/schema.org","@graph":[{"@type":"WebPage","@id":"https:\/\/www.terapiaurbana.com\/de\/produktion\/","url":"https:\/\/www.terapiaurbana.com\/de\/produktion\/","name":"Produktion -","isPartOf":{"@id":"https:\/\/www.terapiaurbana.com\/de\/#website"},"primaryImageOfPage":{"@id":"https:\/\/www.terapiaurbana.com\/de\/produktion\/#primaryimage"},"image":{"@id":"https:\/\/www.terapiaurbana.com\/de\/produktion\/#primaryimage"},"thumbnailUrl":"https:\/\/www.terapiaurbana.com\/wp-content\/uploads\/2024\/12\/sistemas-de-produccion-de-jardin-vertical.jpg","datePublished":"2024-12-05T09:29:27+00:00","dateModified":"2025-02-06T18:04:08+00:00","breadcrumb":{"@id":"https:\/\/www.terapiaurbana.com\/de\/produktion\/#breadcrumb"},"inLanguage":"de","potentialAction":[{"@type":"ReadAction","target":["https:\/\/www.terapiaurbana.com\/de\/produktion\/"]}]},{"@type":"ImageObject","inLanguage":"de","@id":"https:\/\/www.terapiaurbana.com\/de\/produktion\/#primaryimage","url":"https:\/\/www.terapiaurbana.com\/wp-content\/uploads\/2024\/12\/sistemas-de-produccion-de-jardin-vertical.jpg","contentUrl":"https:\/\/www.terapiaurbana.com\/wp-content\/uploads\/2024\/12\/sistemas-de-produccion-de-jardin-vertical.jpg"},{"@type":"BreadcrumbList","@id":"https:\/\/www.terapiaurbana.com\/de\/produktion\/#breadcrumb","itemListElement":[{"@type":"ListItem","position":1,"name":"Portada","item":"https:\/\/www.terapiaurbana.com\/de\/"},{"@type":"ListItem","position":2,"name":"Produktion"}]},{"@type":"WebSite","@id":"https:\/\/www.terapiaurbana.com\/de\/#website","url":"https:\/\/www.terapiaurbana.com\/de\/","name":"Terapia Urbana | Especialistas en jardines verticales","description":"Especialistas en dise\u00f1o de jardines verticales exteriores e interiores naturales con tecnolog\u00eda Fytotextile y iluminaci\u00f3n auxiliar para una sostenible y funcional","alternateName":"Terapia Urbana","potentialAction":[{"@type":"SearchAction","target":{"@type":"EntryPoint","urlTemplate":"https:\/\/www.terapiaurbana.com\/de\/?s={search_term_string}"},"query-input":{"@type":"PropertyValueSpecification","valueRequired":true,"valueName":"search_term_string"}}],"inLanguage":"de"}]}},"uagb_featured_image_src":{"full":false,"thumbnail":false,"medium":false,"medium_large":false,"large":false,"1536x1536":false,"2048x2048":false,"gform-image-choice-sm":false,"gform-image-choice-md":false,"gform-image-choice-lg":false},"uagb_author_info":{"display_name":"terapiaurbana","author_link":"https:\/\/www.terapiaurbana.com\/de\/author\/terapiaurbana\/"},"uagb_comment_info":0,"uagb_excerpt":"PRODUKTION SYSTEME PRODUKTION Fytotextile\u00ae ist ein professionelles Hochleistungssystem f\u00fcr den Bau von vertikalen G\u00e4rten mit zertifizierter Garantie und Qualit\u00e4t. Als [&hellip;]","_links":{"self":[{"href":"https:\/\/www.terapiaurbana.com\/de\/wp-json\/wp\/v2\/pages\/63329","targetHints":{"allow":["GET"]}}],"collection":[{"href":"https:\/\/www.terapiaurbana.com\/de\/wp-json\/wp\/v2\/pages"}],"about":[{"href":"https:\/\/www.terapiaurbana.com\/de\/wp-json\/wp\/v2\/types\/page"}],"author":[{"embeddable":true,"href":"https:\/\/www.terapiaurbana.com\/de\/wp-json\/wp\/v2\/users\/1"}],"replies":[{"embeddable":true,"href":"https:\/\/www.terapiaurbana.com\/de\/wp-json\/wp\/v2\/comments?post=63329"}],"version-history":[{"count":1,"href":"https:\/\/www.terapiaurbana.com\/de\/wp-json\/wp\/v2\/pages\/63329\/revisions"}],"predecessor-version":[{"id":63335,"href":"https:\/\/www.terapiaurbana.com\/de\/wp-json\/wp\/v2\/pages\/63329\/revisions\/63335"}],"wp:attachment":[{"href":"https:\/\/www.terapiaurbana.com\/de\/wp-json\/wp\/v2\/media?parent=63329"}],"curies":[{"name":"wp","href":"https:\/\/api.w.org\/{rel}","templated":true}]}}