{"id":63337,"date":"2024-11-19T10:47:26","date_gmt":"2024-11-19T09:47:26","guid":{"rendered":"https:\/\/www.terapiaurbana.com\/slimgreenwall\/"},"modified":"2025-02-06T19:04:28","modified_gmt":"2025-02-06T18:04:28","slug":"slimgreenwall","status":"publish","type":"page","link":"https:\/\/www.terapiaurbana.com\/de\/slimgreenwall\/","title":{"rendered":"Slimgreenwall"},"content":{"rendered":"\n<div class=\"wp-block-uagb-container uagb-block-65f6e5aa alignfull uagb-is-root-container\"><div class=\"uagb-container-inner-blocks-wrap\">\n<div class=\"wp-block-uagb-advanced-heading uagb-block-b7354617\"><h2 class=\"uagb-heading-text\">SLIMGREENWALL<\/h2><\/div>\n<\/div><\/div>\n\n<div class=\"wp-block-uagb-container uagb-block-4761d0d0 alignfull uagb-is-root-container\"><div class=\"uagb-container-inner-blocks-wrap\"><\/div><\/div>\n\n<div class=\"wp-block-uagb-container uagb-block-712af2fa alignfull uagb-is-root-container\"><div class=\"uagb-container-inner-blocks-wrap\">\n<div class=\"wp-block-uagb-container uagb-block-4ecfba75\">\n<h2 class=\"wp-block-heading\">SLIMGREENWALL\u00ae SYSTEM<\/h2>\n\n\n\n<p>Innenraumbegr\u00fcnungssystem auf Basis der Fytotextile\u00ae-Technologie, integriert in einen Glasfaserrahmen mit einem geschlossenen und automatischen Bew\u00e4sserungskreislauf. Keine Bauarbeiten erforderlich.<\/p>\n\n\n\n<ol class=\"wp-block-list\">\n<li>Rahmen aus Fiberglas<\/li>\n\n\n\n<li>Fytotextil\u00ae SLIMGREENWALL\u00ae Modul<\/li>\n\n\n\n<li>Ma\u00dfgeschneiderte Bepflanzung<\/li>\n\n\n\n<li>Integriertes Bew\u00e4sserungssystem<\/li>\n\n\n\n<li>Digitales Programmierger\u00e4t<\/li>\n<\/ol>\n<\/div>\n\n\n\n<div class=\"wp-block-uagb-container uagb-block-7f7be50a\">\n<figure class=\"wp-block-image size-full\"><img loading=\"lazy\" decoding=\"async\" width=\"516\" height=\"477\" src=\"https:\/\/www.terapiaurbana.com\/wp-content\/uploads\/2024\/12\/sistema-slimgreenwall.png\" alt=\"\" class=\"wp-image-61497\" srcset=\"https:\/\/www.terapiaurbana.com\/wp-content\/uploads\/2024\/12\/sistema-slimgreenwall.png 516w, https:\/\/www.terapiaurbana.com\/wp-content\/uploads\/2024\/12\/sistema-slimgreenwall-300x277.png 300w\" sizes=\"auto, (max-width: 516px) 100vw, 516px\" \/><\/figure>\n<\/div>\n<\/div><\/div>\n\n<div class=\"wp-block-uagb-container uagb-block-991f1fe1 alignfull uagb-is-root-container\"><div class=\"uagb-container-inner-blocks-wrap\"><\/div><\/div>\n\n<div class=\"wp-block-uagb-container uagb-block-1a0baeec alignfull uagb-is-root-container\"><div class=\"uagb-container-inner-blocks-wrap\">\n<p class=\"has-medium-font-size\"><strong>INSTALLIEREN SIE IHR SLIMGREENWALL\u00ae SYSTEM<\/strong><\/p>\n<\/div><\/div>\n\n<div class=\"wp-block-uagb-container uagb-block-c3aef489 alignfull uagb-is-root-container\"><div class=\"uagb-container-inner-blocks-wrap\">\n<div class=\"wp-block-uagb-container uagb-block-68f89789\">\n<figure class=\"wp-block-image aligncenter size-full\"><img loading=\"lazy\" decoding=\"async\" width=\"180\" height=\"111\" src=\"https:\/\/www.terapiaurbana.com\/wp-content\/uploads\/2024\/12\/ico-slimgreenwall.png\" alt=\"\" class=\"wp-image-61511\"\/><\/figure>\n<\/div>\n\n\n\n<div class=\"wp-block-uagb-container uagb-block-43e6dda0\">\n<p>Nat\u00fcrliche Leinw\u00e4nde brauchen einen gut beleuchteten Platz und eine Steckdose f\u00fcr die Bew\u00e4sserungsanlage. Wenn sie nicht \u00fcber ausreichend nat\u00fcrliches Licht verf\u00fcgen, ben\u00f6tigen sie ein spezielles Zusatzbeleuchtungssystem, um ihre korrekte Entwicklung zu gew\u00e4hrleisten. Das System wird mit Hilfe eines eigenen Befestigungsprofils installiert und mit Hilfe eines digitalen Programmierger\u00e4ts an die vorgesehene Steckdose angeschlossen. Jedes Projekt ist einzigartig und hat ein f\u00fcr den jeweiligen Standort geeignetes Design der Arten.   <\/p>\n<\/div>\n<\/div><\/div>\n\n<div class=\"wp-block-uagb-container uagb-block-c0e9fd3e alignfull uagb-is-root-container\"><div class=\"uagb-container-inner-blocks-wrap\">\n<div class=\"wp-block-uagb-container uagb-block-b84a7665\">\n<figure class=\"wp-block-image size-full\"><img loading=\"lazy\" decoding=\"async\" width=\"450\" height=\"450\" src=\"https:\/\/www.terapiaurbana.com\/wp-content\/uploads\/2024\/12\/Ilustracion-slimgreenwall.jpg\" alt=\"\" class=\"wp-image-61502\" srcset=\"https:\/\/www.terapiaurbana.com\/wp-content\/uploads\/2024\/12\/Ilustracion-slimgreenwall.jpg 450w, https:\/\/www.terapiaurbana.com\/wp-content\/uploads\/2024\/12\/Ilustracion-slimgreenwall-300x300.jpg 300w, https:\/\/www.terapiaurbana.com\/wp-content\/uploads\/2024\/12\/Ilustracion-slimgreenwall-150x150.jpg 150w, https:\/\/www.terapiaurbana.com\/wp-content\/uploads\/2024\/12\/Ilustracion-slimgreenwall-400x400.jpg 400w\" sizes=\"auto, (max-width: 450px) 100vw, 450px\" \/><\/figure>\n<\/div>\n\n\n\n<div class=\"wp-block-uagb-container uagb-block-a2e03218\">\n<figure class=\"wp-block-image size-full\"><img loading=\"lazy\" decoding=\"async\" width=\"450\" height=\"450\" src=\"https:\/\/www.terapiaurbana.com\/wp-content\/uploads\/2024\/12\/Ilustracion-slimgreenwall-1.jpg\" alt=\"\" class=\"wp-image-61503\" srcset=\"https:\/\/www.terapiaurbana.com\/wp-content\/uploads\/2024\/12\/Ilustracion-slimgreenwall-1.jpg 450w, https:\/\/www.terapiaurbana.com\/wp-content\/uploads\/2024\/12\/Ilustracion-slimgreenwall-1-300x300.jpg 300w, https:\/\/www.terapiaurbana.com\/wp-content\/uploads\/2024\/12\/Ilustracion-slimgreenwall-1-150x150.jpg 150w, https:\/\/www.terapiaurbana.com\/wp-content\/uploads\/2024\/12\/Ilustracion-slimgreenwall-1-400x400.jpg 400w\" sizes=\"auto, (max-width: 450px) 100vw, 450px\" \/><\/figure>\n<\/div>\n\n\n\n<div class=\"wp-block-uagb-container uagb-block-24e0dca7\">\n<figure class=\"wp-block-image size-full\"><img loading=\"lazy\" decoding=\"async\" width=\"450\" height=\"450\" src=\"https:\/\/www.terapiaurbana.com\/wp-content\/uploads\/2024\/12\/Ilustracion-slimgreenwall-2.jpg\" alt=\"\" class=\"wp-image-61504\" srcset=\"https:\/\/www.terapiaurbana.com\/wp-content\/uploads\/2024\/12\/Ilustracion-slimgreenwall-2.jpg 450w, https:\/\/www.terapiaurbana.com\/wp-content\/uploads\/2024\/12\/Ilustracion-slimgreenwall-2-300x300.jpg 300w, https:\/\/www.terapiaurbana.com\/wp-content\/uploads\/2024\/12\/Ilustracion-slimgreenwall-2-150x150.jpg 150w, https:\/\/www.terapiaurbana.com\/wp-content\/uploads\/2024\/12\/Ilustracion-slimgreenwall-2-400x400.jpg 400w\" sizes=\"auto, (max-width: 450px) 100vw, 450px\" \/><\/figure>\n<\/div>\n<\/div><\/div>\n\n<div class=\"wp-block-uagb-container uagb-block-8695006b alignfull uagb-is-root-container\"><div class=\"uagb-container-inner-blocks-wrap\"><\/div><\/div>\n\n<div class=\"wp-block-uagb-container uagb-block-5d73985f alignfull uagb-is-root-container\"><div class=\"uagb-container-inner-blocks-wrap\">\n<div class=\"wp-block-uagb-container uagb-block-44573250\">\n<div class=\"wp-block-uagb-container uagb-block-ddf7028f\">\n<figure class=\"wp-block-image size-large is-resized\"><img loading=\"lazy\" decoding=\"async\" width=\"1024\" height=\"599\" src=\"https:\/\/www.terapiaurbana.com\/wp-content\/uploads\/2024\/12\/prototipo-slimgreenwall-1024x599.png\" alt=\"\" class=\"wp-image-61482\" style=\"width:272px;height:auto\" srcset=\"https:\/\/www.terapiaurbana.com\/wp-content\/uploads\/2024\/12\/prototipo-slimgreenwall-1024x599.png 1024w, https:\/\/www.terapiaurbana.com\/wp-content\/uploads\/2024\/12\/prototipo-slimgreenwall-300x176.png 300w, https:\/\/www.terapiaurbana.com\/wp-content\/uploads\/2024\/12\/prototipo-slimgreenwall-768x450.png 768w, https:\/\/www.terapiaurbana.com\/wp-content\/uploads\/2024\/12\/prototipo-slimgreenwall-1536x899.png 1536w, https:\/\/www.terapiaurbana.com\/wp-content\/uploads\/2024\/12\/prototipo-slimgreenwall.png 2026w\" sizes=\"auto, (max-width: 1024px) 100vw, 1024px\" \/><\/figure>\n<\/div>\n\n\n\n<div class=\"wp-block-uagb-container uagb-block-dda61598\">\n<p style=\"margin-bottom:15px\"><strong>SLIMGREENWALL KLEIN<\/strong><\/p>\n\n\n\n<p style=\"margin-bottom:10px\">Abmessungen: (A)120 x (B)82 x (C)12cm  <\/p>\n\n\n\n<p style=\"margin-bottom:10px\">Pflanzkapazit\u00e4t: 7\u00d74 (28 F\u00e4cher)<\/p>\n\n\n\n<p>Farben:<\/p>\n\n\n\n<div class=\"wp-block-uagb-container uagb-block-f8bb9f33\">\n<figure class=\"wp-block-image size-full is-resized\"><img loading=\"lazy\" decoding=\"async\" width=\"66\" height=\"66\" src=\"https:\/\/www.terapiaurbana.com\/wp-content\/uploads\/2025\/01\/ral-9011-1.png\" alt=\"\" class=\"wp-image-63047\" style=\"width:29px\"\/><\/figure>\n\n\n\n<p>RAL-9011<\/p>\n<\/div>\n\n\n\n<div class=\"wp-block-uagb-container uagb-block-fa4820bd\">\n<figure class=\"wp-block-image size-full is-resized\"><img loading=\"lazy\" decoding=\"async\" width=\"66\" height=\"66\" src=\"https:\/\/www.terapiaurbana.com\/wp-content\/uploads\/2025\/01\/ral-9010.png\" alt=\"\" class=\"wp-image-63049\" style=\"width:29px\"\/><\/figure>\n\n\n\n<p>RAL-9010<\/p>\n<\/div>\n<\/div>\n\n\n\n<div class=\"wp-block-uagb-container uagb-block-19df6ca6\"><\/div>\n<\/div>\n\n\n\n<div class=\"wp-block-uagb-container uagb-block-856144fc\">\n<div class=\"wp-block-uagb-container uagb-block-6f856647\">\n<figure class=\"wp-block-image size-large\"><img loading=\"lazy\" decoding=\"async\" width=\"1024\" height=\"599\" src=\"https:\/\/www.terapiaurbana.com\/wp-content\/uploads\/2024\/12\/prototipo-slimgreenwall-1024x599.png\" alt=\"\" class=\"wp-image-61482\" srcset=\"https:\/\/www.terapiaurbana.com\/wp-content\/uploads\/2024\/12\/prototipo-slimgreenwall-1024x599.png 1024w, https:\/\/www.terapiaurbana.com\/wp-content\/uploads\/2024\/12\/prototipo-slimgreenwall-300x176.png 300w, https:\/\/www.terapiaurbana.com\/wp-content\/uploads\/2024\/12\/prototipo-slimgreenwall-768x450.png 768w, https:\/\/www.terapiaurbana.com\/wp-content\/uploads\/2024\/12\/prototipo-slimgreenwall-1536x899.png 1536w, https:\/\/www.terapiaurbana.com\/wp-content\/uploads\/2024\/12\/prototipo-slimgreenwall.png 2026w\" sizes=\"auto, (max-width: 1024px) 100vw, 1024px\" \/><\/figure>\n<\/div>\n\n\n\n<div class=\"wp-block-uagb-container uagb-block-70f89285\">\n<p style=\"margin-bottom:15px\"><strong>SLIMGREENWALL MEDIUM<\/strong><\/p>\n\n\n\n<p style=\"margin-bottom:10px\">Abmessungen: (A)120 x (B)82 x (C)12cm  <\/p>\n\n\n\n<p style=\"margin-bottom:10px\">Pflanzkapazit\u00e4t: 7\u00d74 (28 F\u00e4cher)<\/p>\n\n\n\n<p>Farben:<\/p>\n\n\n\n<div class=\"wp-block-uagb-container uagb-block-6c01d400\">\n<figure class=\"wp-block-image size-full is-resized\"><img loading=\"lazy\" decoding=\"async\" width=\"66\" height=\"66\" src=\"https:\/\/www.terapiaurbana.com\/wp-content\/uploads\/2025\/01\/ral-9011-1.png\" alt=\"\" class=\"wp-image-63047\" style=\"width:29px\"\/><\/figure>\n\n\n\n<p>RAL-9011<\/p>\n<\/div>\n\n\n\n<div class=\"wp-block-uagb-container uagb-block-0233e2cc\">\n<figure class=\"wp-block-image size-full is-resized\"><img loading=\"lazy\" decoding=\"async\" width=\"66\" height=\"66\" src=\"https:\/\/www.terapiaurbana.com\/wp-content\/uploads\/2025\/01\/ral-9010.png\" alt=\"\" class=\"wp-image-63049\" style=\"width:29px\"\/><\/figure>\n\n\n\n<p>RAL-9010<\/p>\n<\/div>\n<\/div>\n\n\n\n<div class=\"wp-block-uagb-container uagb-block-11a5410d\"><\/div>\n<\/div>\n\n\n\n<div class=\"wp-block-uagb-container uagb-block-32044869\"><\/div>\n\n\n\n<div class=\"wp-block-uagb-buttons uagb-buttons__outer-wrap uagb-btn__default-btn uagb-btn-tablet__default-btn uagb-btn-mobile__default-btn uagb-block-e2370505\"><div class=\"uagb-buttons__wrap uagb-buttons-layout-wrap \">\n<div class=\"wp-block-uagb-buttons-child uagb-buttons__outer-wrap uagb-block-50422beb wp-block-button\"><div class=\"uagb-button__wrapper\"><a class=\"uagb-buttons-repeater wp-block-button__link\" aria-label=\"\" href=\"https:\/\/www.terapiaurbana.com\/de\/downloads\/\" rel=\"follow noopener\" target=\"_self\" role=\"button\"><div class=\"uagb-button__link\">DAS DOSSIER HERUNTERLADEN<\/div><\/a><\/div><\/div>\n\n\n\n<div class=\"wp-block-uagb-buttons-child uagb-buttons__outer-wrap uagb-block-93b91c72 wp-block-button\"><div class=\"uagb-button__wrapper\"><a class=\"uagb-buttons-repeater wp-block-button__link\" aria-label=\"\" href=\"https:\/\/www.terapiaurbana.com\/de\/kontakt\/\" rel=\"follow noopener\" target=\"_self\" role=\"button\"><div class=\"uagb-button__link\">EIN ANGEBOT ANFORDERN<\/div><\/a><\/div><\/div>\n<\/div><\/div>\n<\/div><\/div>\n\n<p><\/p>\n","protected":false},"excerpt":{"rendered":"<p>SLIMGREENWALL SLIMGREENWALL\u00ae SYSTEM Innenraumbegr\u00fcnungssystem auf Basis der Fytotextile\u00ae-Technologie, integriert in einen Glasfaserrahmen mit einem geschlossenen und automatischen Bew\u00e4sserungskreislauf. Keine Bauarbeiten [&hellip;]<\/p>\n","protected":false},"author":1,"featured_media":0,"parent":0,"menu_order":0,"comment_status":"closed","ping_status":"closed","template":"","meta":{"_uag_custom_page_level_css":"","site-sidebar-layout":"default","site-content-layout":"","ast-site-content-layout":"full-width-container","site-content-style":"default","site-sidebar-style":"default","ast-global-header-display":"","ast-banner-title-visibility":"","ast-main-header-display":"","ast-hfb-above-header-display":"","ast-hfb-below-header-display":"","ast-hfb-mobile-header-display":"","site-post-title":"disabled","ast-breadcrumbs-content":"","ast-featured-img":"","footer-sml-layout":"","theme-transparent-header-meta":"","adv-header-id-meta":"","stick-header-meta":"","header-above-stick-meta":"","header-main-stick-meta":"","header-below-stick-meta":"","astra-migrate-meta-layouts":"default","ast-page-background-enabled":"default","ast-page-background-meta":{"desktop":{"background-color":"var(--ast-global-color-4)","background-image":"","background-repeat":"repeat","background-position":"center center","background-size":"auto","background-attachment":"scroll","background-type":"","background-media":"","overlay-type":"","overlay-color":"","overlay-opacity":"","overlay-gradient":""},"tablet":{"background-color":"","background-image":"","background-repeat":"repeat","background-position":"center center","background-size":"auto","background-attachment":"scroll","background-type":"","background-media":"","overlay-type":"","overlay-color":"","overlay-opacity":"","overlay-gradient":""},"mobile":{"background-color":"","background-image":"","background-repeat":"repeat","background-position":"center center","background-size":"auto","background-attachment":"scroll","background-type":"","background-media":"","overlay-type":"","overlay-color":"","overlay-opacity":"","overlay-gradient":""}},"ast-content-background-meta":{"desktop":{"background-color":"var(--ast-global-color-5)","background-image":"","background-repeat":"repeat","background-position":"center center","background-size":"auto","background-attachment":"scroll","background-type":"","background-media":"","overlay-type":"","overlay-color":"","overlay-opacity":"","overlay-gradient":""},"tablet":{"background-color":"var(--ast-global-color-5)","background-image":"","background-repeat":"repeat","background-position":"center center","background-size":"auto","background-attachment":"scroll","background-type":"","background-media":"","overlay-type":"","overlay-color":"","overlay-opacity":"","overlay-gradient":""},"mobile":{"background-color":"var(--ast-global-color-5)","background-image":"","background-repeat":"repeat","background-position":"center center","background-size":"auto","background-attachment":"scroll","background-type":"","background-media":"","overlay-type":"","overlay-color":"","overlay-opacity":"","overlay-gradient":""}},"footnotes":""},"class_list":["post-63337","page","type-page","status-publish","hentry"],"yoast_head":"<!-- This site is optimized with the Yoast SEO plugin v26.3 - https:\/\/yoast.com\/wordpress\/plugins\/seo\/ -->\n<title>Slimgreenwall -<\/title>\n<meta name=\"robots\" content=\"index, follow, max-snippet:-1, max-image-preview:large, max-video-preview:-1\" \/>\n<link rel=\"canonical\" href=\"https:\/\/www.terapiaurbana.com\/de\/slimgreenwall\/\" \/>\n<meta property=\"og:locale\" content=\"de_DE\" \/>\n<meta property=\"og:type\" content=\"article\" \/>\n<meta property=\"og:title\" content=\"Slimgreenwall -\" \/>\n<meta property=\"og:description\" content=\"SLIMGREENWALL SLIMGREENWALL\u00ae SYSTEM Innenraumbegr\u00fcnungssystem auf Basis der Fytotextile\u00ae-Technologie, integriert in einen Glasfaserrahmen mit einem geschlossenen und automatischen Bew\u00e4sserungskreislauf. Keine Bauarbeiten [&hellip;]\" \/>\n<meta property=\"og:url\" content=\"https:\/\/www.terapiaurbana.com\/de\/slimgreenwall\/\" \/>\n<meta property=\"article:publisher\" content=\"https:\/\/www.facebook.com\/terapiaurbana\/\" \/>\n<meta property=\"article:modified_time\" content=\"2025-02-06T18:04:28+00:00\" \/>\n<meta property=\"og:image\" content=\"https:\/\/www.terapiaurbana.com\/wp-content\/uploads\/2024\/12\/sistema-slimgreenwall.png\" \/>\n<meta name=\"twitter:card\" content=\"summary_large_image\" \/>\n<meta name=\"twitter:site\" content=\"@terapia_urbana\" \/>\n<meta name=\"twitter:label1\" content=\"Gesch\u00e4tzte Lesezeit\" \/>\n\t<meta name=\"twitter:data1\" content=\"1\u00a0Minute\" \/>\n<script type=\"application\/ld+json\" class=\"yoast-schema-graph\">{\"@context\":\"https:\/\/schema.org\",\"@graph\":[{\"@type\":\"WebPage\",\"@id\":\"https:\/\/www.terapiaurbana.com\/de\/slimgreenwall\/\",\"url\":\"https:\/\/www.terapiaurbana.com\/de\/slimgreenwall\/\",\"name\":\"Slimgreenwall -\",\"isPartOf\":{\"@id\":\"https:\/\/www.terapiaurbana.com\/de\/#website\"},\"primaryImageOfPage\":{\"@id\":\"https:\/\/www.terapiaurbana.com\/de\/slimgreenwall\/#primaryimage\"},\"image\":{\"@id\":\"https:\/\/www.terapiaurbana.com\/de\/slimgreenwall\/#primaryimage\"},\"thumbnailUrl\":\"https:\/\/www.terapiaurbana.com\/wp-content\/uploads\/2024\/12\/sistema-slimgreenwall.png\",\"datePublished\":\"2024-11-19T09:47:26+00:00\",\"dateModified\":\"2025-02-06T18:04:28+00:00\",\"breadcrumb\":{\"@id\":\"https:\/\/www.terapiaurbana.com\/de\/slimgreenwall\/#breadcrumb\"},\"inLanguage\":\"de\",\"potentialAction\":[{\"@type\":\"ReadAction\",\"target\":[\"https:\/\/www.terapiaurbana.com\/de\/slimgreenwall\/\"]}]},{\"@type\":\"ImageObject\",\"inLanguage\":\"de\",\"@id\":\"https:\/\/www.terapiaurbana.com\/de\/slimgreenwall\/#primaryimage\",\"url\":\"https:\/\/www.terapiaurbana.com\/wp-content\/uploads\/2024\/12\/sistema-slimgreenwall.png\",\"contentUrl\":\"https:\/\/www.terapiaurbana.com\/wp-content\/uploads\/2024\/12\/sistema-slimgreenwall.png\"},{\"@type\":\"BreadcrumbList\",\"@id\":\"https:\/\/www.terapiaurbana.com\/de\/slimgreenwall\/#breadcrumb\",\"itemListElement\":[{\"@type\":\"ListItem\",\"position\":1,\"name\":\"Portada\",\"item\":\"https:\/\/www.terapiaurbana.com\/de\/\"},{\"@type\":\"ListItem\",\"position\":2,\"name\":\"Slimgreenwall\"}]},{\"@type\":\"WebSite\",\"@id\":\"https:\/\/www.terapiaurbana.com\/de\/#website\",\"url\":\"https:\/\/www.terapiaurbana.com\/de\/\",\"name\":\"Terapia Urbana | Especialistas en jardines verticales\",\"description\":\"Especialistas en dise\u00f1o de jardines verticales exteriores e interiores naturales con tecnolog\u00eda Fytotextile y iluminaci\u00f3n auxiliar para una sostenible y funcional\",\"alternateName\":\"Terapia Urbana\",\"potentialAction\":[{\"@type\":\"SearchAction\",\"target\":{\"@type\":\"EntryPoint\",\"urlTemplate\":\"https:\/\/www.terapiaurbana.com\/de\/?s={search_term_string}\"},\"query-input\":{\"@type\":\"PropertyValueSpecification\",\"valueRequired\":true,\"valueName\":\"search_term_string\"}}],\"inLanguage\":\"de\"}]}<\/script>\n<!-- \/ Yoast SEO plugin. -->","yoast_head_json":{"title":"Slimgreenwall -","robots":{"index":"index","follow":"follow","max-snippet":"max-snippet:-1","max-image-preview":"max-image-preview:large","max-video-preview":"max-video-preview:-1"},"canonical":"https:\/\/www.terapiaurbana.com\/de\/slimgreenwall\/","og_locale":"de_DE","og_type":"article","og_title":"Slimgreenwall -","og_description":"SLIMGREENWALL SLIMGREENWALL\u00ae SYSTEM Innenraumbegr\u00fcnungssystem auf Basis der Fytotextile\u00ae-Technologie, integriert in einen Glasfaserrahmen mit einem geschlossenen und automatischen Bew\u00e4sserungskreislauf. Keine Bauarbeiten [&hellip;]","og_url":"https:\/\/www.terapiaurbana.com\/de\/slimgreenwall\/","article_publisher":"https:\/\/www.facebook.com\/terapiaurbana\/","article_modified_time":"2025-02-06T18:04:28+00:00","og_image":[{"url":"https:\/\/www.terapiaurbana.com\/wp-content\/uploads\/2024\/12\/sistema-slimgreenwall.png","type":"","width":"","height":""}],"twitter_card":"summary_large_image","twitter_site":"@terapia_urbana","twitter_misc":{"Gesch\u00e4tzte Lesezeit":"1\u00a0Minute"},"schema":{"@context":"https:\/\/schema.org","@graph":[{"@type":"WebPage","@id":"https:\/\/www.terapiaurbana.com\/de\/slimgreenwall\/","url":"https:\/\/www.terapiaurbana.com\/de\/slimgreenwall\/","name":"Slimgreenwall -","isPartOf":{"@id":"https:\/\/www.terapiaurbana.com\/de\/#website"},"primaryImageOfPage":{"@id":"https:\/\/www.terapiaurbana.com\/de\/slimgreenwall\/#primaryimage"},"image":{"@id":"https:\/\/www.terapiaurbana.com\/de\/slimgreenwall\/#primaryimage"},"thumbnailUrl":"https:\/\/www.terapiaurbana.com\/wp-content\/uploads\/2024\/12\/sistema-slimgreenwall.png","datePublished":"2024-11-19T09:47:26+00:00","dateModified":"2025-02-06T18:04:28+00:00","breadcrumb":{"@id":"https:\/\/www.terapiaurbana.com\/de\/slimgreenwall\/#breadcrumb"},"inLanguage":"de","potentialAction":[{"@type":"ReadAction","target":["https:\/\/www.terapiaurbana.com\/de\/slimgreenwall\/"]}]},{"@type":"ImageObject","inLanguage":"de","@id":"https:\/\/www.terapiaurbana.com\/de\/slimgreenwall\/#primaryimage","url":"https:\/\/www.terapiaurbana.com\/wp-content\/uploads\/2024\/12\/sistema-slimgreenwall.png","contentUrl":"https:\/\/www.terapiaurbana.com\/wp-content\/uploads\/2024\/12\/sistema-slimgreenwall.png"},{"@type":"BreadcrumbList","@id":"https:\/\/www.terapiaurbana.com\/de\/slimgreenwall\/#breadcrumb","itemListElement":[{"@type":"ListItem","position":1,"name":"Portada","item":"https:\/\/www.terapiaurbana.com\/de\/"},{"@type":"ListItem","position":2,"name":"Slimgreenwall"}]},{"@type":"WebSite","@id":"https:\/\/www.terapiaurbana.com\/de\/#website","url":"https:\/\/www.terapiaurbana.com\/de\/","name":"Terapia Urbana | Especialistas en jardines verticales","description":"Especialistas en dise\u00f1o de jardines verticales exteriores e interiores naturales con tecnolog\u00eda Fytotextile y iluminaci\u00f3n auxiliar para una sostenible y funcional","alternateName":"Terapia Urbana","potentialAction":[{"@type":"SearchAction","target":{"@type":"EntryPoint","urlTemplate":"https:\/\/www.terapiaurbana.com\/de\/?s={search_term_string}"},"query-input":{"@type":"PropertyValueSpecification","valueRequired":true,"valueName":"search_term_string"}}],"inLanguage":"de"}]}},"uagb_featured_image_src":{"full":false,"thumbnail":false,"medium":false,"medium_large":false,"large":false,"1536x1536":false,"2048x2048":false,"gform-image-choice-sm":false,"gform-image-choice-md":false,"gform-image-choice-lg":false},"uagb_author_info":{"display_name":"terapiaurbana","author_link":"https:\/\/www.terapiaurbana.com\/de\/author\/terapiaurbana\/"},"uagb_comment_info":0,"uagb_excerpt":"SLIMGREENWALL SLIMGREENWALL\u00ae SYSTEM Innenraumbegr\u00fcnungssystem auf Basis der Fytotextile\u00ae-Technologie, integriert in einen Glasfaserrahmen mit einem geschlossenen und automatischen Bew\u00e4sserungskreislauf. Keine Bauarbeiten [&hellip;]","_links":{"self":[{"href":"https:\/\/www.terapiaurbana.com\/de\/wp-json\/wp\/v2\/pages\/63337","targetHints":{"allow":["GET"]}}],"collection":[{"href":"https:\/\/www.terapiaurbana.com\/de\/wp-json\/wp\/v2\/pages"}],"about":[{"href":"https:\/\/www.terapiaurbana.com\/de\/wp-json\/wp\/v2\/types\/page"}],"author":[{"embeddable":true,"href":"https:\/\/www.terapiaurbana.com\/de\/wp-json\/wp\/v2\/users\/1"}],"replies":[{"embeddable":true,"href":"https:\/\/www.terapiaurbana.com\/de\/wp-json\/wp\/v2\/comments?post=63337"}],"version-history":[{"count":1,"href":"https:\/\/www.terapiaurbana.com\/de\/wp-json\/wp\/v2\/pages\/63337\/revisions"}],"predecessor-version":[{"id":63354,"href":"https:\/\/www.terapiaurbana.com\/de\/wp-json\/wp\/v2\/pages\/63337\/revisions\/63354"}],"wp:attachment":[{"href":"https:\/\/www.terapiaurbana.com\/de\/wp-json\/wp\/v2\/media?parent=63337"}],"curies":[{"name":"wp","href":"https:\/\/api.w.org\/{rel}","templated":true}]}}