{"id":62967,"date":"2025-01-20T09:59:48","date_gmt":"2025-01-20T08:59:48","guid":{"rendered":"https:\/\/www.terapiaurbana.com\/customize-cookies\/"},"modified":"2025-01-20T09:59:48","modified_gmt":"2025-01-20T08:59:48","slug":"customize-cookies","status":"publish","type":"page","link":"https:\/\/www.terapiaurbana.com\/en\/customize-cookies\/","title":{"rendered":"Customize Cookies"},"content":{"rendered":"","protected":false},"excerpt":{"rendered":"","protected":false},"author":2,"featured_media":0,"parent":0,"menu_order":0,"comment_status":"closed","ping_status":"closed","template":"","meta":{"_uag_custom_page_level_css":"","site-sidebar-layout":"default","site-content-layout":"","ast-site-content-layout":"","site-content-style":"default","site-sidebar-style":"default","ast-global-header-display":"","ast-banner-title-visibility":"","ast-main-header-display":"","ast-hfb-above-header-display":"","ast-hfb-below-header-display":"","ast-hfb-mobile-header-display":"","site-post-title":"","ast-breadcrumbs-content":"","ast-featured-img":"","footer-sml-layout":"","theme-transparent-header-meta":"","adv-header-id-meta":"","stick-header-meta":"","header-above-stick-meta":"","header-main-stick-meta":"","header-below-stick-meta":"","astra-migrate-meta-layouts":"default","ast-page-background-enabled":"default","ast-page-background-meta":{"desktop":{"background-color":"var(--ast-global-color-4)","background-image":"","background-repeat":"repeat","background-position":"center center","background-size":"auto","background-attachment":"scroll","background-type":"","background-media":"","overlay-type":"","overlay-color":"","overlay-opacity":"","overlay-gradient":""},"tablet":{"background-color":"","background-image":"","background-repeat":"repeat","background-position":"center center","background-size":"auto","background-attachment":"scroll","background-type":"","background-media":"","overlay-type":"","overlay-color":"","overlay-opacity":"","overlay-gradient":""},"mobile":{"background-color":"","background-image":"","background-repeat":"repeat","background-position":"center center","background-size":"auto","background-attachment":"scroll","background-type":"","background-media":"","overlay-type":"","overlay-color":"","overlay-opacity":"","overlay-gradient":""}},"ast-content-background-meta":{"desktop":{"background-color":"var(--ast-global-color-5)","background-image":"","background-repeat":"repeat","background-position":"center center","background-size":"auto","background-attachment":"scroll","background-type":"","background-media":"","overlay-type":"","overlay-color":"","overlay-opacity":"","overlay-gradient":""},"tablet":{"background-color":"var(--ast-global-color-5)","background-image":"","background-repeat":"repeat","background-position":"center center","background-size":"auto","background-attachment":"scroll","background-type":"","background-media":"","overlay-type":"","overlay-color":"","overlay-opacity":"","overlay-gradient":""},"mobile":{"background-color":"var(--ast-global-color-5)","background-image":"","background-repeat":"repeat","background-position":"center center","background-size":"auto","background-attachment":"scroll","background-type":"","background-media":"","overlay-type":"","overlay-color":"","overlay-opacity":"","overlay-gradient":""}},"footnotes":""},"class_list":["post-62967","page","type-page","status-publish","hentry"],"yoast_head":"<!-- This site is optimized with the Yoast SEO plugin v26.3 - https:\/\/yoast.com\/wordpress\/plugins\/seo\/ -->\n<title>Customize Cookies -<\/title>\n<meta name=\"robots\" content=\"index, follow, max-snippet:-1, max-image-preview:large, max-video-preview:-1\" \/>\n<link rel=\"canonical\" href=\"https:\/\/www.terapiaurbana.com\/en\/customize-cookies\/\" \/>\n<meta property=\"og:locale\" content=\"en_US\" \/>\n<meta property=\"og:type\" content=\"article\" \/>\n<meta property=\"og:title\" content=\"Customize Cookies -\" \/>\n<meta property=\"og:url\" content=\"https:\/\/www.terapiaurbana.com\/en\/customize-cookies\/\" \/>\n<meta property=\"article:publisher\" content=\"https:\/\/www.facebook.com\/terapiaurbana\/\" \/>\n<meta property=\"og:image\" content=\"https:\/\/www.terapiaurbana.com\/wp-content\/uploads\/2025\/02\/jardin-vertical.jpg\" \/>\n\t<meta property=\"og:image:width\" content=\"1200\" \/>\n\t<meta property=\"og:image:height\" content=\"675\" \/>\n\t<meta property=\"og:image:type\" content=\"image\/jpeg\" \/>\n<meta name=\"twitter:card\" content=\"summary_large_image\" \/>\n<meta name=\"twitter:site\" content=\"@terapia_urbana\" \/>\n<script type=\"application\/ld+json\" class=\"yoast-schema-graph\">{\"@context\":\"https:\/\/schema.org\",\"@graph\":[{\"@type\":\"WebPage\",\"@id\":\"https:\/\/www.terapiaurbana.com\/en\/customize-cookies\/\",\"url\":\"https:\/\/www.terapiaurbana.com\/en\/customize-cookies\/\",\"name\":\"Customize Cookies -\",\"isPartOf\":{\"@id\":\"https:\/\/www.terapiaurbana.com\/en\/#website\"},\"datePublished\":\"2025-01-20T08:59:48+00:00\",\"breadcrumb\":{\"@id\":\"https:\/\/www.terapiaurbana.com\/en\/customize-cookies\/#breadcrumb\"},\"inLanguage\":\"en-US\",\"potentialAction\":[{\"@type\":\"ReadAction\",\"target\":[\"https:\/\/www.terapiaurbana.com\/en\/customize-cookies\/\"]}]},{\"@type\":\"BreadcrumbList\",\"@id\":\"https:\/\/www.terapiaurbana.com\/en\/customize-cookies\/#breadcrumb\",\"itemListElement\":[{\"@type\":\"ListItem\",\"position\":1,\"name\":\"Portada\",\"item\":\"https:\/\/www.terapiaurbana.com\/en\/\"},{\"@type\":\"ListItem\",\"position\":2,\"name\":\"Customize Cookies\"}]},{\"@type\":\"WebSite\",\"@id\":\"https:\/\/www.terapiaurbana.com\/en\/#website\",\"url\":\"https:\/\/www.terapiaurbana.com\/en\/\",\"name\":\"Terapia Urbana | Especialistas en jardines verticales\",\"description\":\"Especialistas en dise\u00f1o de jardines verticales exteriores e interiores naturales con tecnolog\u00eda Fytotextile y iluminaci\u00f3n auxiliar para una sostenible y funcional\",\"publisher\":{\"@id\":\"https:\/\/www.terapiaurbana.com\/en\/#organization\"},\"alternateName\":\"Terapia Urbana\",\"potentialAction\":[{\"@type\":\"SearchAction\",\"target\":{\"@type\":\"EntryPoint\",\"urlTemplate\":\"https:\/\/www.terapiaurbana.com\/en\/?s={search_term_string}\"},\"query-input\":{\"@type\":\"PropertyValueSpecification\",\"valueRequired\":true,\"valueName\":\"search_term_string\"}}],\"inLanguage\":\"en-US\"},{\"@type\":\"Organization\",\"@id\":\"https:\/\/www.terapiaurbana.com\/en\/#organization\",\"name\":\"Terapia Urbana | Especialistas en jardines verticales\",\"alternateName\":\"Terapia Urbana\",\"url\":\"https:\/\/www.terapiaurbana.com\/en\/\",\"logo\":{\"@type\":\"ImageObject\",\"inLanguage\":\"en-US\",\"@id\":\"https:\/\/www.terapiaurbana.com\/en\/#\/schema\/logo\/image\/\",\"url\":\"https:\/\/www.terapiaurbana.com\/wp-content\/uploads\/2024\/11\/terapia-urbana.png\",\"contentUrl\":\"https:\/\/www.terapiaurbana.com\/wp-content\/uploads\/2024\/11\/terapia-urbana.png\",\"width\":300,\"height\":56,\"caption\":\"Terapia Urbana | Especialistas en jardines verticales\"},\"image\":{\"@id\":\"https:\/\/www.terapiaurbana.com\/en\/#\/schema\/logo\/image\/\"},\"sameAs\":[\"https:\/\/www.facebook.com\/terapiaurbana\/\",\"https:\/\/x.com\/terapia_urbana\",\"https:\/\/www.linkedin.com\/company\/terapia-urbana\/\",\"https:\/\/www.instagram.com\/terapia_urbana\/\",\"https:\/\/www.youtube.com\/channel\/UCD7hLkfNLA-vMACy2NXSPGg\"]}]}<\/script>\n<!-- \/ Yoast SEO plugin. -->","yoast_head_json":{"title":"Customize Cookies -","robots":{"index":"index","follow":"follow","max-snippet":"max-snippet:-1","max-image-preview":"max-image-preview:large","max-video-preview":"max-video-preview:-1"},"canonical":"https:\/\/www.terapiaurbana.com\/en\/customize-cookies\/","og_locale":"en_US","og_type":"article","og_title":"Customize Cookies -","og_url":"https:\/\/www.terapiaurbana.com\/en\/customize-cookies\/","article_publisher":"https:\/\/www.facebook.com\/terapiaurbana\/","og_image":[{"width":1200,"height":675,"url":"https:\/\/www.terapiaurbana.com\/wp-content\/uploads\/2025\/02\/jardin-vertical.jpg","type":"image\/jpeg"}],"twitter_card":"summary_large_image","twitter_site":"@terapia_urbana","schema":{"@context":"https:\/\/schema.org","@graph":[{"@type":"WebPage","@id":"https:\/\/www.terapiaurbana.com\/en\/customize-cookies\/","url":"https:\/\/www.terapiaurbana.com\/en\/customize-cookies\/","name":"Customize Cookies -","isPartOf":{"@id":"https:\/\/www.terapiaurbana.com\/en\/#website"},"datePublished":"2025-01-20T08:59:48+00:00","breadcrumb":{"@id":"https:\/\/www.terapiaurbana.com\/en\/customize-cookies\/#breadcrumb"},"inLanguage":"en-US","potentialAction":[{"@type":"ReadAction","target":["https:\/\/www.terapiaurbana.com\/en\/customize-cookies\/"]}]},{"@type":"BreadcrumbList","@id":"https:\/\/www.terapiaurbana.com\/en\/customize-cookies\/#breadcrumb","itemListElement":[{"@type":"ListItem","position":1,"name":"Portada","item":"https:\/\/www.terapiaurbana.com\/en\/"},{"@type":"ListItem","position":2,"name":"Customize Cookies"}]},{"@type":"WebSite","@id":"https:\/\/www.terapiaurbana.com\/en\/#website","url":"https:\/\/www.terapiaurbana.com\/en\/","name":"Terapia Urbana | Especialistas en jardines verticales","description":"Especialistas en dise\u00f1o de jardines verticales exteriores e interiores naturales con tecnolog\u00eda Fytotextile y iluminaci\u00f3n auxiliar para una sostenible y funcional","publisher":{"@id":"https:\/\/www.terapiaurbana.com\/en\/#organization"},"alternateName":"Terapia Urbana","potentialAction":[{"@type":"SearchAction","target":{"@type":"EntryPoint","urlTemplate":"https:\/\/www.terapiaurbana.com\/en\/?s={search_term_string}"},"query-input":{"@type":"PropertyValueSpecification","valueRequired":true,"valueName":"search_term_string"}}],"inLanguage":"en-US"},{"@type":"Organization","@id":"https:\/\/www.terapiaurbana.com\/en\/#organization","name":"Terapia Urbana | Especialistas en jardines verticales","alternateName":"Terapia Urbana","url":"https:\/\/www.terapiaurbana.com\/en\/","logo":{"@type":"ImageObject","inLanguage":"en-US","@id":"https:\/\/www.terapiaurbana.com\/en\/#\/schema\/logo\/image\/","url":"https:\/\/www.terapiaurbana.com\/wp-content\/uploads\/2024\/11\/terapia-urbana.png","contentUrl":"https:\/\/www.terapiaurbana.com\/wp-content\/uploads\/2024\/11\/terapia-urbana.png","width":300,"height":56,"caption":"Terapia Urbana | Especialistas en jardines verticales"},"image":{"@id":"https:\/\/www.terapiaurbana.com\/en\/#\/schema\/logo\/image\/"},"sameAs":["https:\/\/www.facebook.com\/terapiaurbana\/","https:\/\/x.com\/terapia_urbana","https:\/\/www.linkedin.com\/company\/terapia-urbana\/","https:\/\/www.instagram.com\/terapia_urbana\/","https:\/\/www.youtube.com\/channel\/UCD7hLkfNLA-vMACy2NXSPGg"]}]}},"uagb_featured_image_src":{"full":false,"thumbnail":false,"medium":false,"medium_large":false,"large":false,"1536x1536":false,"2048x2048":false,"gform-image-choice-sm":false,"gform-image-choice-md":false,"gform-image-choice-lg":false},"uagb_author_info":{"display_name":"adminterapiaurbana","author_link":"https:\/\/www.terapiaurbana.com\/en\/author\/adminterapiaurbana\/"},"uagb_comment_info":0,"uagb_excerpt":null,"_links":{"self":[{"href":"https:\/\/www.terapiaurbana.com\/en\/wp-json\/wp\/v2\/pages\/62967","targetHints":{"allow":["GET"]}}],"collection":[{"href":"https:\/\/www.terapiaurbana.com\/en\/wp-json\/wp\/v2\/pages"}],"about":[{"href":"https:\/\/www.terapiaurbana.com\/en\/wp-json\/wp\/v2\/types\/page"}],"author":[{"embeddable":true,"href":"https:\/\/www.terapiaurbana.com\/en\/wp-json\/wp\/v2\/users\/2"}],"replies":[{"embeddable":true,"href":"https:\/\/www.terapiaurbana.com\/en\/wp-json\/wp\/v2\/comments?post=62967"}],"version-history":[{"count":0,"href":"https:\/\/www.terapiaurbana.com\/en\/wp-json\/wp\/v2\/pages\/62967\/revisions"}],"wp:attachment":[{"href":"https:\/\/www.terapiaurbana.com\/en\/wp-json\/wp\/v2\/media?parent=62967"}],"curies":[{"name":"wp","href":"https:\/\/api.w.org\/{rel}","templated":true}]}}