{"id":62991,"date":"2024-11-19T10:42:55","date_gmt":"2024-11-19T09:42:55","guid":{"rendered":"https:\/\/www.terapiaurbana.com\/rdi\/"},"modified":"2025-11-12T12:10:14","modified_gmt":"2025-11-12T11:10:14","slug":"rdi","status":"publish","type":"page","link":"https:\/\/www.terapiaurbana.com\/en\/rdi\/","title":{"rendered":"R&amp;D&amp;I"},"content":{"rendered":"\n<div class=\"wp-block-uagb-container uagb-block-ce92037f alignfull uagb-is-root-container\"><div class=\"uagb-container-inner-blocks-wrap\">\n<div class=\"wp-block-uagb-advanced-heading uagb-block-5609a7cf\"><h2 class=\"uagb-heading-text\">R&amp;D&amp;I<\/h2><\/div>\n<\/div><\/div>\n\n\n\n<div class=\"wp-block-uagb-container uagb-block-a3da9b46 alignfull uagb-is-root-container\"><div class=\"uagb-container-inner-blocks-wrap\"><\/div><\/div>\n\n\n\n<div class=\"wp-block-uagb-container uagb-block-0722e0dd alignfull uagb-is-root-container\"><div class=\"uagb-container-inner-blocks-wrap\">\n<div class=\"wp-block-uagb-advanced-heading uagb-block-d426dd35\"><h2 class=\"uagb-heading-text\">RESEARCH + DEVELOPMENT + INNOVATION<\/h2><\/div>\n\n\n\n<p>Research at the University of Seville is the basis of our know-how in landscaped facades. We are a spin-off of the University of Seville and we collaborate with the research group AGR-268- Green Infrastructure and Biosystems Engineering (Naturib). Our first living wall prototypes emerged in 2007 from the laboratories of the E.T.S.I.A.&#8217;s Green Infrastructure.<\/p>\n<\/div><\/div>\n\n\n\n<div class=\"wp-block-uagb-container uagb-block-69df78e2 alignfull uagb-is-root-container\"><div class=\"uagb-container-inner-blocks-wrap\">\n<div class=\"wp-block-uagb-container uagb-block-c01c92a9\">\n<div class=\"wp-block-uagb-advanced-heading uagb-block-0370fafc\"><h2 class=\"uagb-heading-text\">SCIENTIFIC BASIS<\/h2><\/div>\n\n\n\n<p>Our basis is research. Scientific knowledge allows us to develop living wall systems that integrate nature into buildings in a controlled manner with numerous test results. Our value proposition: to offer professional construction systems with high technical performance that guarantee the best results.<\/p>\n<\/div>\n\n\n\n<div class=\"wp-block-uagb-container uagb-block-48e2dcf2\">\n<figure class=\"wp-block-image size-full\"><img loading=\"lazy\" decoding=\"async\" width=\"500\" height=\"500\" src=\"https:\/\/www.terapiaurbana.com\/wp-content\/uploads\/2024\/12\/jardin-vertical-investigacion.jpg\" alt=\"\" class=\"wp-image-61257\" srcset=\"https:\/\/www.terapiaurbana.com\/wp-content\/uploads\/2024\/12\/jardin-vertical-investigacion.jpg 500w, https:\/\/www.terapiaurbana.com\/wp-content\/uploads\/2024\/12\/jardin-vertical-investigacion-300x300.jpg 300w, https:\/\/www.terapiaurbana.com\/wp-content\/uploads\/2024\/12\/jardin-vertical-investigacion-150x150.jpg 150w, https:\/\/www.terapiaurbana.com\/wp-content\/uploads\/2024\/12\/jardin-vertical-investigacion-400x400.jpg 400w\" sizes=\"auto, (max-width: 500px) 100vw, 500px\" \/><\/figure>\n<\/div>\n<\/div><\/div>\n\n\n\n<div class=\"wp-block-uagb-container uagb-block-bfa14c87 alignfull uagb-is-root-container\"><div class=\"uagb-container-inner-blocks-wrap\">\n<div class=\"wp-block-uagb-advanced-heading uagb-block-4d43a789\"><h2 class=\"uagb-heading-text\">PATENTS AS A RESULT OF<\/h2><\/div>\n\n\n\n<p>Our Fytotextile\u00ae technology for green walls, as well as the rest of the developments, is patented and is an exclusive system of Terapia Urbana. Our systems are the result of the research carried out at the University of Seville since 2006, and of the experience and continuous development after thousands of \u33a1 projects carried out.<\/p>\n<\/div><\/div>\n\n\n\n<div class=\"wp-block-uagb-container uagb-block-d58e79b9 alignfull uagb-is-root-container\"><div class=\"uagb-container-inner-blocks-wrap\"><\/div><\/div>\n\n\n\n<div class=\"wp-block-uagb-container uagb-block-9b8f34a1 alignfull uagb-is-root-container\"><div class=\"uagb-container-inner-blocks-wrap\">\n<div class=\"wp-block-uagb-container uagb-block-14777786\">\n<div class=\"wp-block-uagb-advanced-heading uagb-block-872750a1\"><h2 class=\"uagb-heading-text\">SCIENTIFIC PUBLICATIONS<\/h2><\/div>\n\n\n\n<p>The result of our research in collaboration with the Naturib group, translates into specialized scientific publications that delve into key aspects such as irrigation, photosynthetic lighting or the best types of growing media for landscaped facades. We characterize and measure the benefits they bring to the people and buildings where they are installed. Our research gives us the technical and scientific guarantees to develop <strong>nature-based solutions<\/strong> with high added value that green buildings and cities.<\/p>\n\n\n\n<div class=\"wp-block-buttons is-layout-flex wp-block-buttons-is-layout-flex\">\n<div class=\"wp-block-button\"><a class=\"wp-block-button__link has-ast-global-color-5-color has-text-color has-link-color wp-element-button\" href=\"https:\/\/www.terapiaurbana.com\/en\/contact\/\">Contact with us<\/a><\/div>\n<\/div>\n<\/div>\n\n\n\n<div class=\"wp-block-uagb-container uagb-block-e962d016\">\n<figure class=\"wp-block-image size-full\"><img loading=\"lazy\" decoding=\"async\" width=\"500\" height=\"500\" src=\"https:\/\/www.terapiaurbana.com\/wp-content\/uploads\/2024\/12\/jardin-vertical-publicaciones-cientificas.jpg\" alt=\"\" class=\"wp-image-61261\" srcset=\"https:\/\/www.terapiaurbana.com\/wp-content\/uploads\/2024\/12\/jardin-vertical-publicaciones-cientificas.jpg 500w, https:\/\/www.terapiaurbana.com\/wp-content\/uploads\/2024\/12\/jardin-vertical-publicaciones-cientificas-300x300.jpg 300w, https:\/\/www.terapiaurbana.com\/wp-content\/uploads\/2024\/12\/jardin-vertical-publicaciones-cientificas-150x150.jpg 150w, https:\/\/www.terapiaurbana.com\/wp-content\/uploads\/2024\/12\/jardin-vertical-publicaciones-cientificas-400x400.jpg 400w\" sizes=\"auto, (max-width: 500px) 100vw, 500px\" \/><\/figure>\n<\/div>\n<\/div><\/div>\n","protected":false},"excerpt":{"rendered":"<p>R&amp;D&amp;I RESEARCH + DEVELOPMENT + INNOVATION Research at the University of Seville is the basis of our know-how in landscaped [&hellip;]<\/p>\n","protected":false},"author":1,"featured_media":0,"parent":0,"menu_order":0,"comment_status":"closed","ping_status":"closed","template":"","meta":{"_uag_custom_page_level_css":"","site-sidebar-layout":"default","site-content-layout":"","ast-site-content-layout":"full-width-container","site-content-style":"default","site-sidebar-style":"default","ast-global-header-display":"","ast-banner-title-visibility":"","ast-main-header-display":"","ast-hfb-above-header-display":"","ast-hfb-below-header-display":"","ast-hfb-mobile-header-display":"","site-post-title":"disabled","ast-breadcrumbs-content":"","ast-featured-img":"","footer-sml-layout":"","theme-transparent-header-meta":"","adv-header-id-meta":"","stick-header-meta":"","header-above-stick-meta":"","header-main-stick-meta":"","header-below-stick-meta":"","astra-migrate-meta-layouts":"default","ast-page-background-enabled":"default","ast-page-background-meta":{"desktop":{"background-color":"var(--ast-global-color-4)","background-image":"","background-repeat":"repeat","background-position":"center center","background-size":"auto","background-attachment":"scroll","background-type":"","background-media":"","overlay-type":"","overlay-color":"","overlay-opacity":"","overlay-gradient":""},"tablet":{"background-color":"","background-image":"","background-repeat":"repeat","background-position":"center center","background-size":"auto","background-attachment":"scroll","background-type":"","background-media":"","overlay-type":"","overlay-color":"","overlay-opacity":"","overlay-gradient":""},"mobile":{"background-color":"","background-image":"","background-repeat":"repeat","background-position":"center center","background-size":"auto","background-attachment":"scroll","background-type":"","background-media":"","overlay-type":"","overlay-color":"","overlay-opacity":"","overlay-gradient":""}},"ast-content-background-meta":{"desktop":{"background-color":"var(--ast-global-color-5)","background-image":"","background-repeat":"repeat","background-position":"center center","background-size":"auto","background-attachment":"scroll","background-type":"","background-media":"","overlay-type":"","overlay-color":"","overlay-opacity":"","overlay-gradient":""},"tablet":{"background-color":"var(--ast-global-color-5)","background-image":"","background-repeat":"repeat","background-position":"center center","background-size":"auto","background-attachment":"scroll","background-type":"","background-media":"","overlay-type":"","overlay-color":"","overlay-opacity":"","overlay-gradient":""},"mobile":{"background-color":"var(--ast-global-color-5)","background-image":"","background-repeat":"repeat","background-position":"center center","background-size":"auto","background-attachment":"scroll","background-type":"","background-media":"","overlay-type":"","overlay-color":"","overlay-opacity":"","overlay-gradient":""}},"footnotes":""},"class_list":["post-62991","page","type-page","status-publish","hentry"],"yoast_head":"<!-- This site is optimized with the Yoast SEO plugin v26.3 - https:\/\/yoast.com\/wordpress\/plugins\/seo\/ -->\n<title>R+D+i in living walls: Innovation and Sustainability<\/title>\n<meta name=\"description\" content=\"We lead the development of R+D+i in living wall, creating innovative solutions that merge design, nature and technology.\" \/>\n<meta name=\"robots\" content=\"index, follow, max-snippet:-1, max-image-preview:large, max-video-preview:-1\" \/>\n<link rel=\"canonical\" href=\"https:\/\/www.terapiaurbana.com\/en\/rdi\/\" \/>\n<meta property=\"og:locale\" content=\"en_US\" \/>\n<meta property=\"og:type\" content=\"article\" \/>\n<meta property=\"og:title\" content=\"R+D+i in living walls: Innovation and Sustainability\" \/>\n<meta property=\"og:description\" content=\"We lead the development of R+D+i in living wall, creating innovative solutions that merge design, nature and technology.\" \/>\n<meta property=\"og:url\" content=\"https:\/\/www.terapiaurbana.com\/en\/rdi\/\" \/>\n<meta property=\"article:publisher\" content=\"https:\/\/www.facebook.com\/terapiaurbana\/\" \/>\n<meta property=\"article:modified_time\" content=\"2025-11-12T11:10:14+00:00\" \/>\n<meta property=\"og:image\" content=\"https:\/\/www.terapiaurbana.com\/wp-content\/uploads\/2024\/12\/jardin-vertical-investigacion.jpg\" \/>\n<meta name=\"twitter:card\" content=\"summary_large_image\" \/>\n<meta name=\"twitter:site\" content=\"@terapia_urbana\" \/>\n<meta name=\"twitter:label1\" content=\"Est. reading time\" \/>\n\t<meta name=\"twitter:data1\" content=\"2 minutes\" \/>\n<script type=\"application\/ld+json\" class=\"yoast-schema-graph\">{\"@context\":\"https:\/\/schema.org\",\"@graph\":[{\"@type\":\"WebPage\",\"@id\":\"https:\/\/www.terapiaurbana.com\/en\/rdi\/\",\"url\":\"https:\/\/www.terapiaurbana.com\/en\/rdi\/\",\"name\":\"R+D+i in living walls: Innovation and Sustainability\",\"isPartOf\":{\"@id\":\"https:\/\/www.terapiaurbana.com\/en\/#website\"},\"primaryImageOfPage\":{\"@id\":\"https:\/\/www.terapiaurbana.com\/en\/rdi\/#primaryimage\"},\"image\":{\"@id\":\"https:\/\/www.terapiaurbana.com\/en\/rdi\/#primaryimage\"},\"thumbnailUrl\":\"https:\/\/www.terapiaurbana.com\/wp-content\/uploads\/2024\/12\/jardin-vertical-investigacion.jpg\",\"datePublished\":\"2024-11-19T09:42:55+00:00\",\"dateModified\":\"2025-11-12T11:10:14+00:00\",\"description\":\"We lead the development of R+D+i in living wall, creating innovative solutions that merge design, nature and technology.\",\"breadcrumb\":{\"@id\":\"https:\/\/www.terapiaurbana.com\/en\/rdi\/#breadcrumb\"},\"inLanguage\":\"en-US\",\"potentialAction\":[{\"@type\":\"ReadAction\",\"target\":[\"https:\/\/www.terapiaurbana.com\/en\/rdi\/\"]}]},{\"@type\":\"ImageObject\",\"inLanguage\":\"en-US\",\"@id\":\"https:\/\/www.terapiaurbana.com\/en\/rdi\/#primaryimage\",\"url\":\"https:\/\/www.terapiaurbana.com\/wp-content\/uploads\/2024\/12\/jardin-vertical-investigacion.jpg\",\"contentUrl\":\"https:\/\/www.terapiaurbana.com\/wp-content\/uploads\/2024\/12\/jardin-vertical-investigacion.jpg\"},{\"@type\":\"BreadcrumbList\",\"@id\":\"https:\/\/www.terapiaurbana.com\/en\/rdi\/#breadcrumb\",\"itemListElement\":[{\"@type\":\"ListItem\",\"position\":1,\"name\":\"Portada\",\"item\":\"https:\/\/www.terapiaurbana.com\/en\/\"},{\"@type\":\"ListItem\",\"position\":2,\"name\":\"R&amp;D&amp;I\"}]},{\"@type\":\"WebSite\",\"@id\":\"https:\/\/www.terapiaurbana.com\/en\/#website\",\"url\":\"https:\/\/www.terapiaurbana.com\/en\/\",\"name\":\"Terapia Urbana | Especialistas en jardines verticales\",\"description\":\"Especialistas en dise\u00f1o de jardines verticales exteriores e interiores naturales con tecnolog\u00eda Fytotextile y iluminaci\u00f3n auxiliar para una sostenible y funcional\",\"publisher\":{\"@id\":\"https:\/\/www.terapiaurbana.com\/en\/#organization\"},\"alternateName\":\"Terapia Urbana\",\"potentialAction\":[{\"@type\":\"SearchAction\",\"target\":{\"@type\":\"EntryPoint\",\"urlTemplate\":\"https:\/\/www.terapiaurbana.com\/en\/?s={search_term_string}\"},\"query-input\":{\"@type\":\"PropertyValueSpecification\",\"valueRequired\":true,\"valueName\":\"search_term_string\"}}],\"inLanguage\":\"en-US\"},{\"@type\":\"Organization\",\"@id\":\"https:\/\/www.terapiaurbana.com\/en\/#organization\",\"name\":\"Terapia Urbana | Especialistas en jardines verticales\",\"alternateName\":\"Terapia Urbana\",\"url\":\"https:\/\/www.terapiaurbana.com\/en\/\",\"logo\":{\"@type\":\"ImageObject\",\"inLanguage\":\"en-US\",\"@id\":\"https:\/\/www.terapiaurbana.com\/en\/#\/schema\/logo\/image\/\",\"url\":\"https:\/\/www.terapiaurbana.com\/wp-content\/uploads\/2024\/11\/terapia-urbana.png\",\"contentUrl\":\"https:\/\/www.terapiaurbana.com\/wp-content\/uploads\/2024\/11\/terapia-urbana.png\",\"width\":300,\"height\":56,\"caption\":\"Terapia Urbana | Especialistas en jardines verticales\"},\"image\":{\"@id\":\"https:\/\/www.terapiaurbana.com\/en\/#\/schema\/logo\/image\/\"},\"sameAs\":[\"https:\/\/www.facebook.com\/terapiaurbana\/\",\"https:\/\/x.com\/terapia_urbana\",\"https:\/\/www.linkedin.com\/company\/terapia-urbana\/\",\"https:\/\/www.instagram.com\/terapia_urbana\/\",\"https:\/\/www.youtube.com\/channel\/UCD7hLkfNLA-vMACy2NXSPGg\"]}]}<\/script>\n<!-- \/ Yoast SEO plugin. -->","yoast_head_json":{"title":"R+D+i in living walls: Innovation and Sustainability","description":"We lead the development of R+D+i in living wall, creating innovative solutions that merge design, nature and technology.","robots":{"index":"index","follow":"follow","max-snippet":"max-snippet:-1","max-image-preview":"max-image-preview:large","max-video-preview":"max-video-preview:-1"},"canonical":"https:\/\/www.terapiaurbana.com\/en\/rdi\/","og_locale":"en_US","og_type":"article","og_title":"R+D+i in living walls: Innovation and Sustainability","og_description":"We lead the development of R+D+i in living wall, creating innovative solutions that merge design, nature and technology.","og_url":"https:\/\/www.terapiaurbana.com\/en\/rdi\/","article_publisher":"https:\/\/www.facebook.com\/terapiaurbana\/","article_modified_time":"2025-11-12T11:10:14+00:00","og_image":[{"url":"https:\/\/www.terapiaurbana.com\/wp-content\/uploads\/2024\/12\/jardin-vertical-investigacion.jpg","type":"","width":"","height":""}],"twitter_card":"summary_large_image","twitter_site":"@terapia_urbana","twitter_misc":{"Est. reading time":"2 minutes"},"schema":{"@context":"https:\/\/schema.org","@graph":[{"@type":"WebPage","@id":"https:\/\/www.terapiaurbana.com\/en\/rdi\/","url":"https:\/\/www.terapiaurbana.com\/en\/rdi\/","name":"R+D+i in living walls: Innovation and Sustainability","isPartOf":{"@id":"https:\/\/www.terapiaurbana.com\/en\/#website"},"primaryImageOfPage":{"@id":"https:\/\/www.terapiaurbana.com\/en\/rdi\/#primaryimage"},"image":{"@id":"https:\/\/www.terapiaurbana.com\/en\/rdi\/#primaryimage"},"thumbnailUrl":"https:\/\/www.terapiaurbana.com\/wp-content\/uploads\/2024\/12\/jardin-vertical-investigacion.jpg","datePublished":"2024-11-19T09:42:55+00:00","dateModified":"2025-11-12T11:10:14+00:00","description":"We lead the development of R+D+i in living wall, creating innovative solutions that merge design, nature and technology.","breadcrumb":{"@id":"https:\/\/www.terapiaurbana.com\/en\/rdi\/#breadcrumb"},"inLanguage":"en-US","potentialAction":[{"@type":"ReadAction","target":["https:\/\/www.terapiaurbana.com\/en\/rdi\/"]}]},{"@type":"ImageObject","inLanguage":"en-US","@id":"https:\/\/www.terapiaurbana.com\/en\/rdi\/#primaryimage","url":"https:\/\/www.terapiaurbana.com\/wp-content\/uploads\/2024\/12\/jardin-vertical-investigacion.jpg","contentUrl":"https:\/\/www.terapiaurbana.com\/wp-content\/uploads\/2024\/12\/jardin-vertical-investigacion.jpg"},{"@type":"BreadcrumbList","@id":"https:\/\/www.terapiaurbana.com\/en\/rdi\/#breadcrumb","itemListElement":[{"@type":"ListItem","position":1,"name":"Portada","item":"https:\/\/www.terapiaurbana.com\/en\/"},{"@type":"ListItem","position":2,"name":"R&amp;D&amp;I"}]},{"@type":"WebSite","@id":"https:\/\/www.terapiaurbana.com\/en\/#website","url":"https:\/\/www.terapiaurbana.com\/en\/","name":"Terapia Urbana | Especialistas en jardines verticales","description":"Especialistas en dise\u00f1o de jardines verticales exteriores e interiores naturales con tecnolog\u00eda Fytotextile y iluminaci\u00f3n auxiliar para una sostenible y funcional","publisher":{"@id":"https:\/\/www.terapiaurbana.com\/en\/#organization"},"alternateName":"Terapia Urbana","potentialAction":[{"@type":"SearchAction","target":{"@type":"EntryPoint","urlTemplate":"https:\/\/www.terapiaurbana.com\/en\/?s={search_term_string}"},"query-input":{"@type":"PropertyValueSpecification","valueRequired":true,"valueName":"search_term_string"}}],"inLanguage":"en-US"},{"@type":"Organization","@id":"https:\/\/www.terapiaurbana.com\/en\/#organization","name":"Terapia Urbana | Especialistas en jardines verticales","alternateName":"Terapia Urbana","url":"https:\/\/www.terapiaurbana.com\/en\/","logo":{"@type":"ImageObject","inLanguage":"en-US","@id":"https:\/\/www.terapiaurbana.com\/en\/#\/schema\/logo\/image\/","url":"https:\/\/www.terapiaurbana.com\/wp-content\/uploads\/2024\/11\/terapia-urbana.png","contentUrl":"https:\/\/www.terapiaurbana.com\/wp-content\/uploads\/2024\/11\/terapia-urbana.png","width":300,"height":56,"caption":"Terapia Urbana | Especialistas en jardines verticales"},"image":{"@id":"https:\/\/www.terapiaurbana.com\/en\/#\/schema\/logo\/image\/"},"sameAs":["https:\/\/www.facebook.com\/terapiaurbana\/","https:\/\/x.com\/terapia_urbana","https:\/\/www.linkedin.com\/company\/terapia-urbana\/","https:\/\/www.instagram.com\/terapia_urbana\/","https:\/\/www.youtube.com\/channel\/UCD7hLkfNLA-vMACy2NXSPGg"]}]}},"uagb_featured_image_src":{"full":false,"thumbnail":false,"medium":false,"medium_large":false,"large":false,"1536x1536":false,"2048x2048":false,"gform-image-choice-sm":false,"gform-image-choice-md":false,"gform-image-choice-lg":false},"uagb_author_info":{"display_name":"terapiaurbana","author_link":"https:\/\/www.terapiaurbana.com\/en\/author\/terapiaurbana\/"},"uagb_comment_info":0,"uagb_excerpt":"R&amp;D&amp;I RESEARCH + DEVELOPMENT + INNOVATION Research at the University of Seville is the basis of our know-how in landscaped [&hellip;]","_links":{"self":[{"href":"https:\/\/www.terapiaurbana.com\/en\/wp-json\/wp\/v2\/pages\/62991","targetHints":{"allow":["GET"]}}],"collection":[{"href":"https:\/\/www.terapiaurbana.com\/en\/wp-json\/wp\/v2\/pages"}],"about":[{"href":"https:\/\/www.terapiaurbana.com\/en\/wp-json\/wp\/v2\/types\/page"}],"author":[{"embeddable":true,"href":"https:\/\/www.terapiaurbana.com\/en\/wp-json\/wp\/v2\/users\/1"}],"replies":[{"embeddable":true,"href":"https:\/\/www.terapiaurbana.com\/en\/wp-json\/wp\/v2\/comments?post=62991"}],"version-history":[{"count":4,"href":"https:\/\/www.terapiaurbana.com\/en\/wp-json\/wp\/v2\/pages\/62991\/revisions"}],"predecessor-version":[{"id":66682,"href":"https:\/\/www.terapiaurbana.com\/en\/wp-json\/wp\/v2\/pages\/62991\/revisions\/66682"}],"wp:attachment":[{"href":"https:\/\/www.terapiaurbana.com\/en\/wp-json\/wp\/v2\/media?parent=62991"}],"curies":[{"name":"wp","href":"https:\/\/api.w.org\/{rel}","templated":true}]}}