{"id":63001,"date":"2024-11-28T18:08:25","date_gmt":"2024-11-28T17:08:25","guid":{"rendered":"https:\/\/www.terapiaurbana.com\/fytotextile-vertical-garden\/"},"modified":"2025-11-12T15:51:06","modified_gmt":"2025-11-12T14:51:06","slug":"fytotextile-vertical-garden","status":"publish","type":"page","link":"https:\/\/www.terapiaurbana.com\/en\/fytotextile-vertical-garden\/","title":{"rendered":"Fytotextile living wall"},"content":{"rendered":"\n<div class=\"wp-block-uagb-container uagb-block-60f886dc alignfull uagb-is-root-container\"><\/div>\n\n\n\n<div class=\"wp-block-uagb-container uagb-block-5763216b alignfull uagb-is-root-container\"><div class=\"uagb-container-inner-blocks-wrap\">\n<div class=\"wp-block-uagb-advanced-heading uagb-block-82a09106\"><h1 class=\"uagb-heading-text\">Fytotextile living wall<\/h1><\/div>\n\n\n\n<p>The <strong>Fytotextile\u00ae system<\/strong>, developed by Terapia Urbana in collaboration with the University of Seville, represents an advanced solution for the <strong>creation of living walls<\/strong>. It consists of multilayer flexible modules that are connected to a substructure anchored to the supporting wall, forming a matrix of pockets that house the plants with their own substrate, facilitating their adaptation and development. This design allows easy access to the irrigation system, simplifying maintenance. With more than 38,000 m\u00b2 installed in more than 20 international markets, Fytotextile\u00ae adapts to projects of various dimensions, offering a harmonious integration of nature in urban environments.<\/p>\n\n\n\n<figure class=\"wp-block-image size-full\"><img loading=\"lazy\" decoding=\"async\" width=\"1200\" height=\"843\" src=\"https:\/\/www.terapiaurbana.com\/wp-content\/uploads\/2025\/11\/ENG-Sistemas-100.jpg\" alt=\"\" class=\"wp-image-66135\" srcset=\"https:\/\/www.terapiaurbana.com\/wp-content\/uploads\/2025\/11\/ENG-Sistemas-100.jpg 1200w, https:\/\/www.terapiaurbana.com\/wp-content\/uploads\/2025\/11\/ENG-Sistemas-100-300x211.jpg 300w, https:\/\/www.terapiaurbana.com\/wp-content\/uploads\/2025\/11\/ENG-Sistemas-100-1024x719.jpg 1024w, https:\/\/www.terapiaurbana.com\/wp-content\/uploads\/2025\/11\/ENG-Sistemas-100-768x540.jpg 768w\" sizes=\"auto, (max-width: 1200px) 100vw, 1200px\" \/><\/figure>\n<\/div><\/div>\n\n\n\n<div class=\"wp-block-uagb-container uagb-block-5f29adbc alignfull uagb-is-root-container\"><div class=\"uagb-container-inner-blocks-wrap\">\n<div class=\"wp-block-uagb-advanced-heading uagb-block-48be3cb1\"><h2 class=\"uagb-heading-text\">Components of the living wall with Fytotextile \u00a9.<\/h2><\/div>\n\n\n\n<p><strong>Fytotextile\u00ae<\/strong> is a modular textile system whose optimized combination of layers creates an excellent growing medium for the development of vegetation. Its design increases root oxygenation and improves irrigation distribution by protecting the surface where it is installed. The system allows easy registration of the irrigation system for better maintenance.<\/p>\n\n\n\n<figure class=\"wp-block-image size-full\"><img loading=\"lazy\" decoding=\"async\" width=\"1200\" height=\"503\" src=\"https:\/\/www.terapiaurbana.com\/wp-content\/uploads\/2025\/11\/ENG-Sistemas_1-100.jpg\" alt=\"\" class=\"wp-image-66140\" srcset=\"https:\/\/www.terapiaurbana.com\/wp-content\/uploads\/2025\/11\/ENG-Sistemas_1-100.jpg 1200w, https:\/\/www.terapiaurbana.com\/wp-content\/uploads\/2025\/11\/ENG-Sistemas_1-100-300x126.jpg 300w, https:\/\/www.terapiaurbana.com\/wp-content\/uploads\/2025\/11\/ENG-Sistemas_1-100-1024x429.jpg 1024w, https:\/\/www.terapiaurbana.com\/wp-content\/uploads\/2025\/11\/ENG-Sistemas_1-100-768x322.jpg 768w\" sizes=\"auto, (max-width: 1200px) 100vw, 1200px\" \/><\/figure>\n<\/div><\/div>\n\n\n\n<div class=\"wp-block-uagb-container uagb-block-0872cc48 alignfull uagb-is-root-container\"><div class=\"uagb-container-inner-blocks-wrap\"><\/div><\/div>\n\n\n\n<div class=\"wp-block-uagb-container uagb-block-416df961 alignfull uagb-is-root-container\"><div class=\"uagb-container-inner-blocks-wrap\">\n<div class=\"wp-block-uagb-advanced-heading uagb-block-5b76e5d8\"><h2 class=\"uagb-heading-text\">FYTOTEXTILE\u00ae TECHNICAL PERFORMANCE<\/h2><\/div>\n\n\n\n<p>The Fytotextile\u00ae system provides numerous technical features that make it an advanced construction solution for the installation of state-of-the-art landscaped facades. In addition to an excellent mechanical behavior, its high porosity maximizes the gas exchange of the buried part of the plant, which is responsible for air biofiltration and fixation of VOCs, so harmful to health.<br>This is shown in the scientific publication &#8220;Volatile organic compounds removal by means of a felt-based living wall to improve indoor air quality&#8221;, carried out within the Naturib research group.<\/p>\n\n\n\n<figure class=\"wp-block-image size-full\"><img loading=\"lazy\" decoding=\"async\" width=\"1200\" height=\"807\" src=\"https:\/\/www.terapiaurbana.com\/wp-content\/uploads\/2025\/11\/ENG-Sistemas_2-100.jpg\" alt=\"\" class=\"wp-image-66146\" srcset=\"https:\/\/www.terapiaurbana.com\/wp-content\/uploads\/2025\/11\/ENG-Sistemas_2-100.jpg 1200w, https:\/\/www.terapiaurbana.com\/wp-content\/uploads\/2025\/11\/ENG-Sistemas_2-100-300x202.jpg 300w, https:\/\/www.terapiaurbana.com\/wp-content\/uploads\/2025\/11\/ENG-Sistemas_2-100-1024x689.jpg 1024w, https:\/\/www.terapiaurbana.com\/wp-content\/uploads\/2025\/11\/ENG-Sistemas_2-100-768x516.jpg 768w\" sizes=\"auto, (max-width: 1200px) 100vw, 1200px\" \/><\/figure>\n<\/div><\/div>\n\n\n\n<div class=\"wp-block-uagb-container uagb-block-35a2d876 alignfull uagb-is-root-container\"><div class=\"uagb-container-inner-blocks-wrap\">\n<div class=\"wp-block-uagb-advanced-heading uagb-block-eb254af7\"><h2 class=\"uagb-heading-text\">TESTED TECHNICAL CHARACTERISTICS<\/h2><\/div>\n\n\n\n<p style=\"margin-bottom:0px\">Fytotextile\u00ae is constantly evolving to implement improvements that meet the growing needs of a developing market. The absence of specific regulations leads us to objectively characterize the long-term performance of the construction system by means of tests, trials and certifications by external companies such as Applus\u00ae.<\/p>\n\n\n\n<div class=\"wp-block-uagb-container uagb-block-75e46ea2\">\n<div class=\"wp-block-uagb-container uagb-block-07fcf408\">\n<figure class=\"wp-block-image size-full\"><img loading=\"lazy\" decoding=\"async\" width=\"300\" height=\"271\" src=\"https:\/\/www.terapiaurbana.com\/wp-content\/uploads\/2024\/11\/comportamiento-fuego.png\" alt=\"\" class=\"wp-image-61191\"\/><\/figure>\n\n\n\n<p class=\"has-text-align-center\">Fire behavior. B-s2, d0<\/p>\n<\/div>\n\n\n\n<div class=\"wp-block-uagb-container uagb-block-a572f9de\">\n<figure class=\"wp-block-image size-full\"><img loading=\"lazy\" decoding=\"async\" width=\"300\" height=\"271\" src=\"https:\/\/www.terapiaurbana.com\/wp-content\/uploads\/2024\/11\/durabilidad-del-sistema.jpg\" alt=\"\" class=\"wp-image-61207\"\/><\/figure>\n\n\n\n<p class=\"has-text-align-center\">System durability<\/p>\n<\/div>\n\n\n\n<div class=\"wp-block-uagb-container uagb-block-3816c607\">\n<figure class=\"wp-block-image size-full\"><img loading=\"lazy\" decoding=\"async\" width=\"300\" height=\"271\" src=\"https:\/\/www.terapiaurbana.com\/wp-content\/uploads\/2024\/11\/resistencia-a-traccion-y-desgarro.jpg\" alt=\"\" class=\"wp-image-61209\"\/><\/figure>\n\n\n\n<p class=\"has-text-align-center\">Tensile strength<br>and tear resistance<\/p>\n<\/div>\n\n\n\n<div class=\"wp-block-uagb-container uagb-block-b4d61f9d\">\n<figure class=\"wp-block-image size-full\"><img loading=\"lazy\" decoding=\"async\" width=\"300\" height=\"271\" src=\"https:\/\/www.terapiaurbana.com\/wp-content\/uploads\/2024\/11\/comportamiento-ante-congelacion.jpg\" alt=\"\" class=\"wp-image-61211\"\/><\/figure>\n\n\n\n<p class=\"has-text-align-center\">Freezing behavior<\/p>\n<\/div>\n\n\n\n<div class=\"wp-block-uagb-container uagb-block-39ac3017\">\n<figure class=\"wp-block-image size-full\"><img loading=\"lazy\" decoding=\"async\" width=\"300\" height=\"271\" src=\"https:\/\/www.terapiaurbana.com\/wp-content\/uploads\/2024\/11\/Fytotextile-FR.jpg\" alt=\"\" class=\"wp-image-61212\"\/><\/figure>\n\n\n\n<p class=\"has-text-align-center\">Fytotextile-FR\u00ae fire resistance certified B-s2, d0<\/p>\n<\/div>\n\n\n\n<div class=\"wp-block-uagb-container uagb-block-9a127c51\">\n<figure class=\"wp-block-image size-full\"><img loading=\"lazy\" decoding=\"async\" width=\"300\" height=\"271\" src=\"https:\/\/www.terapiaurbana.com\/wp-content\/uploads\/2024\/11\/Fytotextile-C.jpg\" alt=\"\" class=\"wp-image-61213\"\/><\/figure>\n\n\n\n<p class=\"has-text-align-center\">Fytotextile-C+\u00ae<br>for high temperature climates<\/p>\n<\/div>\n<\/div>\n<\/div><\/div>\n\n\n\n<div class=\"wp-block-uagb-container uagb-block-1b96b103 alignfull uagb-is-root-container\"><div class=\"uagb-container-inner-blocks-wrap\">\n<div class=\"wp-block-uagb-container uagb-block-2d916362\">\n<div class=\"wp-block-uagb-info-box uagb-block-c34f3bfe uagb-infobox__content-wrap  uagb-infobox-icon-above-title uagb-infobox-image-valign-top wp-block-uagb-info-box--has-margin\"><div class=\"uagb-infobox-margin-wrapper\"><div class=\"uagb-ifb-content\"><div class=\"uagb-ifb-image-content\"><img decoding=\"async\" src=\"https:\/\/www.terapiaurbana.com\/wp-content\/uploads\/2024\/11\/jardin-vertical-exterior-terapia-urbana.jpg\" alt=\"\" width=\"\" height=\"0\" loading=\"lazy\"\/><\/div><div class=\"uagb-ifb-title-wrap\"><h3 class=\"uagb-ifb-title\">OUTDOOR LIVING WALL<\/h3><\/div><p class=\"uagb-ifb-desc\">How to design and install Fytotextile\u00ae vertical landscaping systems outdoors, with guaranteed success.<\/p><div class=\"uagb-ifb-button-wrapper wp-block-button\"><a href=\"https:\/\/www.terapiaurbana.com\/en\/outdoor-living-walls\/\" target=\"_self\" onclick=\"return true;\" class=\"uagb-infobox-cta-link\" rel=\"noopener noreferrer\"><span class=\"uagb-inline-editing\">Descubre m\u00e1s<\/span><svg xmlns=\"https:\/\/www.w3.org\/2000\/svg\" viewBox=\"0 0 448 512\"><path d=\"M432 256c0 17.69-14.33 32.01-32 32.01H256v144c0 17.69-14.33 31.99-32 31.99s-32-14.3-32-31.99v-144H48c-17.67 0-32-14.32-32-32.01s14.33-31.99 32-31.99H192v-144c0-17.69 14.33-32.01 32-32.01s32 14.32 32 32.01v144h144C417.7 224 432 238.3 432 256z\"><\/path><\/svg><\/a><\/div><\/div><\/div><\/div>\n<\/div>\n\n\n\n<div class=\"wp-block-uagb-container uagb-block-cf3adfc2\">\n<div class=\"wp-block-uagb-info-box uagb-block-993e2473 uagb-infobox__content-wrap  uagb-infobox-icon-above-title uagb-infobox-image-valign-top wp-block-uagb-info-box--has-margin\"><div class=\"uagb-infobox-margin-wrapper\"><div class=\"uagb-ifb-content\"><div class=\"uagb-ifb-image-content\"><img decoding=\"async\" src=\"https:\/\/www.terapiaurbana.com\/wp-content\/uploads\/2024\/11\/jardin-vertical-interior-terapia-urbana.jpg\" alt=\"\" width=\"\" height=\"0\" loading=\"lazy\"\/><\/div><div class=\"uagb-ifb-title-wrap\"><h3 class=\"uagb-ifb-title\">INDOOR LIVING WALL<\/h3><\/div><p class=\"uagb-ifb-desc\">How to design and install Fytotextile\u00ae vertical landscaping systems outdoors, with guaranteed success.<\/p><div class=\"uagb-ifb-button-wrapper wp-block-button\"><a href=\"https:\/\/www.terapiaurbana.com\/en\/indoor-living-walls\/\" target=\"_self\" onclick=\"return true;\" class=\"uagb-infobox-cta-link\" rel=\"noopener noreferrer\"><span class=\"uagb-inline-editing\">Descubre m\u00e1s<\/span><svg xmlns=\"https:\/\/www.w3.org\/2000\/svg\" viewBox=\"0 0 448 512\"><path d=\"M432 256c0 17.69-14.33 32.01-32 32.01H256v144c0 17.69-14.33 31.99-32 31.99s-32-14.3-32-31.99v-144H48c-17.67 0-32-14.32-32-32.01s14.33-31.99 32-31.99H192v-144c0-17.69 14.33-32.01 32-32.01s32 14.32 32 32.01v144h144C417.7 224 432 238.3 432 256z\"><\/path><\/svg><\/a><\/div><\/div><\/div><\/div>\n<\/div>\n<\/div><\/div>\n","protected":false},"excerpt":{"rendered":"<p>Fytotextile living wall The Fytotextile\u00ae system, developed by Terapia Urbana in collaboration with the University of Seville, represents an advanced [&hellip;]<\/p>\n","protected":false},"author":1,"featured_media":0,"parent":0,"menu_order":0,"comment_status":"closed","ping_status":"closed","template":"","meta":{"_uag_custom_page_level_css":"","site-sidebar-layout":"default","site-content-layout":"","ast-site-content-layout":"full-width-container","site-content-style":"default","site-sidebar-style":"default","ast-global-header-display":"","ast-banner-title-visibility":"","ast-main-header-display":"","ast-hfb-above-header-display":"","ast-hfb-below-header-display":"","ast-hfb-mobile-header-display":"","site-post-title":"disabled","ast-breadcrumbs-content":"","ast-featured-img":"","footer-sml-layout":"","theme-transparent-header-meta":"","adv-header-id-meta":"","stick-header-meta":"","header-above-stick-meta":"","header-main-stick-meta":"","header-below-stick-meta":"","astra-migrate-meta-layouts":"default","ast-page-background-enabled":"default","ast-page-background-meta":{"desktop":{"background-color":"var(--ast-global-color-4)","background-image":"","background-repeat":"repeat","background-position":"center center","background-size":"auto","background-attachment":"scroll","background-type":"","background-media":"","overlay-type":"","overlay-color":"","overlay-opacity":"","overlay-gradient":""},"tablet":{"background-color":"","background-image":"","background-repeat":"repeat","background-position":"center center","background-size":"auto","background-attachment":"scroll","background-type":"","background-media":"","overlay-type":"","overlay-color":"","overlay-opacity":"","overlay-gradient":""},"mobile":{"background-color":"","background-image":"","background-repeat":"repeat","background-position":"center center","background-size":"auto","background-attachment":"scroll","background-type":"","background-media":"","overlay-type":"","overlay-color":"","overlay-opacity":"","overlay-gradient":""}},"ast-content-background-meta":{"desktop":{"background-color":"var(--ast-global-color-5)","background-image":"","background-repeat":"repeat","background-position":"center center","background-size":"auto","background-attachment":"scroll","background-type":"","background-media":"","overlay-type":"","overlay-color":"","overlay-opacity":"","overlay-gradient":""},"tablet":{"background-color":"var(--ast-global-color-5)","background-image":"","background-repeat":"repeat","background-position":"center center","background-size":"auto","background-attachment":"scroll","background-type":"","background-media":"","overlay-type":"","overlay-color":"","overlay-opacity":"","overlay-gradient":""},"mobile":{"background-color":"var(--ast-global-color-5)","background-image":"","background-repeat":"repeat","background-position":"center center","background-size":"auto","background-attachment":"scroll","background-type":"","background-media":"","overlay-type":"","overlay-color":"","overlay-opacity":"","overlay-gradient":""}},"footnotes":""},"class_list":["post-63001","page","type-page","status-publish","hentry"],"yoast_head":"<!-- This site is optimized with the Yoast SEO plugin v26.3 - https:\/\/yoast.com\/wordpress\/plugins\/seo\/ -->\n<title>Fytotextile living wall -<\/title>\n<meta name=\"robots\" content=\"index, follow, max-snippet:-1, max-image-preview:large, max-video-preview:-1\" \/>\n<link rel=\"canonical\" href=\"https:\/\/www.terapiaurbana.com\/en\/fytotextile-vertical-garden\/\" \/>\n<meta property=\"og:locale\" content=\"en_US\" \/>\n<meta property=\"og:type\" content=\"article\" \/>\n<meta property=\"og:title\" content=\"Fytotextile living wall -\" \/>\n<meta property=\"og:description\" content=\"Fytotextile living wall The Fytotextile\u00ae system, developed by Terapia Urbana in collaboration with the University of Seville, represents an advanced [&hellip;]\" \/>\n<meta property=\"og:url\" content=\"https:\/\/www.terapiaurbana.com\/en\/fytotextile-vertical-garden\/\" \/>\n<meta property=\"article:publisher\" content=\"https:\/\/www.facebook.com\/terapiaurbana\/\" \/>\n<meta property=\"article:modified_time\" content=\"2025-11-12T14:51:06+00:00\" \/>\n<meta property=\"og:image\" content=\"https:\/\/www.terapiaurbana.com\/wp-content\/uploads\/2025\/11\/ENG-Sistemas-100.jpg\" \/>\n<meta name=\"twitter:card\" content=\"summary_large_image\" \/>\n<meta name=\"twitter:site\" content=\"@terapia_urbana\" \/>\n<meta name=\"twitter:label1\" content=\"Est. reading time\" \/>\n\t<meta name=\"twitter:data1\" content=\"4 minutes\" \/>\n<script type=\"application\/ld+json\" class=\"yoast-schema-graph\">{\"@context\":\"https:\/\/schema.org\",\"@graph\":[{\"@type\":\"WebPage\",\"@id\":\"https:\/\/www.terapiaurbana.com\/en\/fytotextile-vertical-garden\/\",\"url\":\"https:\/\/www.terapiaurbana.com\/en\/fytotextile-vertical-garden\/\",\"name\":\"Fytotextile living wall -\",\"isPartOf\":{\"@id\":\"https:\/\/www.terapiaurbana.com\/en\/#website\"},\"primaryImageOfPage\":{\"@id\":\"https:\/\/www.terapiaurbana.com\/en\/fytotextile-vertical-garden\/#primaryimage\"},\"image\":{\"@id\":\"https:\/\/www.terapiaurbana.com\/en\/fytotextile-vertical-garden\/#primaryimage\"},\"thumbnailUrl\":\"https:\/\/www.terapiaurbana.com\/wp-content\/uploads\/2025\/11\/ENG-Sistemas-100.jpg\",\"datePublished\":\"2024-11-28T17:08:25+00:00\",\"dateModified\":\"2025-11-12T14:51:06+00:00\",\"breadcrumb\":{\"@id\":\"https:\/\/www.terapiaurbana.com\/en\/fytotextile-vertical-garden\/#breadcrumb\"},\"inLanguage\":\"en-US\",\"potentialAction\":[{\"@type\":\"ReadAction\",\"target\":[\"https:\/\/www.terapiaurbana.com\/en\/fytotextile-vertical-garden\/\"]}]},{\"@type\":\"ImageObject\",\"inLanguage\":\"en-US\",\"@id\":\"https:\/\/www.terapiaurbana.com\/en\/fytotextile-vertical-garden\/#primaryimage\",\"url\":\"https:\/\/www.terapiaurbana.com\/wp-content\/uploads\/2025\/11\/ENG-Sistemas-100.jpg\",\"contentUrl\":\"https:\/\/www.terapiaurbana.com\/wp-content\/uploads\/2025\/11\/ENG-Sistemas-100.jpg\"},{\"@type\":\"BreadcrumbList\",\"@id\":\"https:\/\/www.terapiaurbana.com\/en\/fytotextile-vertical-garden\/#breadcrumb\",\"itemListElement\":[{\"@type\":\"ListItem\",\"position\":1,\"name\":\"Portada\",\"item\":\"https:\/\/www.terapiaurbana.com\/en\/\"},{\"@type\":\"ListItem\",\"position\":2,\"name\":\"Fytotextile living wall\"}]},{\"@type\":\"WebSite\",\"@id\":\"https:\/\/www.terapiaurbana.com\/en\/#website\",\"url\":\"https:\/\/www.terapiaurbana.com\/en\/\",\"name\":\"Terapia Urbana | Especialistas en jardines verticales\",\"description\":\"Especialistas en dise\u00f1o de jardines verticales exteriores e interiores naturales con tecnolog\u00eda Fytotextile y iluminaci\u00f3n auxiliar para una sostenible y funcional\",\"publisher\":{\"@id\":\"https:\/\/www.terapiaurbana.com\/en\/#organization\"},\"alternateName\":\"Terapia Urbana\",\"potentialAction\":[{\"@type\":\"SearchAction\",\"target\":{\"@type\":\"EntryPoint\",\"urlTemplate\":\"https:\/\/www.terapiaurbana.com\/en\/?s={search_term_string}\"},\"query-input\":{\"@type\":\"PropertyValueSpecification\",\"valueRequired\":true,\"valueName\":\"search_term_string\"}}],\"inLanguage\":\"en-US\"},{\"@type\":\"Organization\",\"@id\":\"https:\/\/www.terapiaurbana.com\/en\/#organization\",\"name\":\"Terapia Urbana | Especialistas en jardines verticales\",\"alternateName\":\"Terapia Urbana\",\"url\":\"https:\/\/www.terapiaurbana.com\/en\/\",\"logo\":{\"@type\":\"ImageObject\",\"inLanguage\":\"en-US\",\"@id\":\"https:\/\/www.terapiaurbana.com\/en\/#\/schema\/logo\/image\/\",\"url\":\"https:\/\/www.terapiaurbana.com\/wp-content\/uploads\/2024\/11\/terapia-urbana.png\",\"contentUrl\":\"https:\/\/www.terapiaurbana.com\/wp-content\/uploads\/2024\/11\/terapia-urbana.png\",\"width\":300,\"height\":56,\"caption\":\"Terapia Urbana | Especialistas en jardines verticales\"},\"image\":{\"@id\":\"https:\/\/www.terapiaurbana.com\/en\/#\/schema\/logo\/image\/\"},\"sameAs\":[\"https:\/\/www.facebook.com\/terapiaurbana\/\",\"https:\/\/x.com\/terapia_urbana\",\"https:\/\/www.linkedin.com\/company\/terapia-urbana\/\",\"https:\/\/www.instagram.com\/terapia_urbana\/\",\"https:\/\/www.youtube.com\/channel\/UCD7hLkfNLA-vMACy2NXSPGg\"]}]}<\/script>\n<!-- \/ Yoast SEO plugin. -->","yoast_head_json":{"title":"Fytotextile living wall -","robots":{"index":"index","follow":"follow","max-snippet":"max-snippet:-1","max-image-preview":"max-image-preview:large","max-video-preview":"max-video-preview:-1"},"canonical":"https:\/\/www.terapiaurbana.com\/en\/fytotextile-vertical-garden\/","og_locale":"en_US","og_type":"article","og_title":"Fytotextile living wall -","og_description":"Fytotextile living wall The Fytotextile\u00ae system, developed by Terapia Urbana in collaboration with the University of Seville, represents an advanced [&hellip;]","og_url":"https:\/\/www.terapiaurbana.com\/en\/fytotextile-vertical-garden\/","article_publisher":"https:\/\/www.facebook.com\/terapiaurbana\/","article_modified_time":"2025-11-12T14:51:06+00:00","og_image":[{"url":"https:\/\/www.terapiaurbana.com\/wp-content\/uploads\/2025\/11\/ENG-Sistemas-100.jpg","type":"","width":"","height":""}],"twitter_card":"summary_large_image","twitter_site":"@terapia_urbana","twitter_misc":{"Est. reading time":"4 minutes"},"schema":{"@context":"https:\/\/schema.org","@graph":[{"@type":"WebPage","@id":"https:\/\/www.terapiaurbana.com\/en\/fytotextile-vertical-garden\/","url":"https:\/\/www.terapiaurbana.com\/en\/fytotextile-vertical-garden\/","name":"Fytotextile living wall -","isPartOf":{"@id":"https:\/\/www.terapiaurbana.com\/en\/#website"},"primaryImageOfPage":{"@id":"https:\/\/www.terapiaurbana.com\/en\/fytotextile-vertical-garden\/#primaryimage"},"image":{"@id":"https:\/\/www.terapiaurbana.com\/en\/fytotextile-vertical-garden\/#primaryimage"},"thumbnailUrl":"https:\/\/www.terapiaurbana.com\/wp-content\/uploads\/2025\/11\/ENG-Sistemas-100.jpg","datePublished":"2024-11-28T17:08:25+00:00","dateModified":"2025-11-12T14:51:06+00:00","breadcrumb":{"@id":"https:\/\/www.terapiaurbana.com\/en\/fytotextile-vertical-garden\/#breadcrumb"},"inLanguage":"en-US","potentialAction":[{"@type":"ReadAction","target":["https:\/\/www.terapiaurbana.com\/en\/fytotextile-vertical-garden\/"]}]},{"@type":"ImageObject","inLanguage":"en-US","@id":"https:\/\/www.terapiaurbana.com\/en\/fytotextile-vertical-garden\/#primaryimage","url":"https:\/\/www.terapiaurbana.com\/wp-content\/uploads\/2025\/11\/ENG-Sistemas-100.jpg","contentUrl":"https:\/\/www.terapiaurbana.com\/wp-content\/uploads\/2025\/11\/ENG-Sistemas-100.jpg"},{"@type":"BreadcrumbList","@id":"https:\/\/www.terapiaurbana.com\/en\/fytotextile-vertical-garden\/#breadcrumb","itemListElement":[{"@type":"ListItem","position":1,"name":"Portada","item":"https:\/\/www.terapiaurbana.com\/en\/"},{"@type":"ListItem","position":2,"name":"Fytotextile living wall"}]},{"@type":"WebSite","@id":"https:\/\/www.terapiaurbana.com\/en\/#website","url":"https:\/\/www.terapiaurbana.com\/en\/","name":"Terapia Urbana | Especialistas en jardines verticales","description":"Especialistas en dise\u00f1o de jardines verticales exteriores e interiores naturales con tecnolog\u00eda Fytotextile y iluminaci\u00f3n auxiliar para una sostenible y funcional","publisher":{"@id":"https:\/\/www.terapiaurbana.com\/en\/#organization"},"alternateName":"Terapia Urbana","potentialAction":[{"@type":"SearchAction","target":{"@type":"EntryPoint","urlTemplate":"https:\/\/www.terapiaurbana.com\/en\/?s={search_term_string}"},"query-input":{"@type":"PropertyValueSpecification","valueRequired":true,"valueName":"search_term_string"}}],"inLanguage":"en-US"},{"@type":"Organization","@id":"https:\/\/www.terapiaurbana.com\/en\/#organization","name":"Terapia Urbana | Especialistas en jardines verticales","alternateName":"Terapia Urbana","url":"https:\/\/www.terapiaurbana.com\/en\/","logo":{"@type":"ImageObject","inLanguage":"en-US","@id":"https:\/\/www.terapiaurbana.com\/en\/#\/schema\/logo\/image\/","url":"https:\/\/www.terapiaurbana.com\/wp-content\/uploads\/2024\/11\/terapia-urbana.png","contentUrl":"https:\/\/www.terapiaurbana.com\/wp-content\/uploads\/2024\/11\/terapia-urbana.png","width":300,"height":56,"caption":"Terapia Urbana | Especialistas en jardines verticales"},"image":{"@id":"https:\/\/www.terapiaurbana.com\/en\/#\/schema\/logo\/image\/"},"sameAs":["https:\/\/www.facebook.com\/terapiaurbana\/","https:\/\/x.com\/terapia_urbana","https:\/\/www.linkedin.com\/company\/terapia-urbana\/","https:\/\/www.instagram.com\/terapia_urbana\/","https:\/\/www.youtube.com\/channel\/UCD7hLkfNLA-vMACy2NXSPGg"]}]}},"uagb_featured_image_src":{"full":false,"thumbnail":false,"medium":false,"medium_large":false,"large":false,"1536x1536":false,"2048x2048":false,"gform-image-choice-sm":false,"gform-image-choice-md":false,"gform-image-choice-lg":false},"uagb_author_info":{"display_name":"terapiaurbana","author_link":"https:\/\/www.terapiaurbana.com\/en\/author\/terapiaurbana\/"},"uagb_comment_info":0,"uagb_excerpt":"Fytotextile living wall The Fytotextile\u00ae system, developed by Terapia Urbana in collaboration with the University of Seville, represents an advanced [&hellip;]","_links":{"self":[{"href":"https:\/\/www.terapiaurbana.com\/en\/wp-json\/wp\/v2\/pages\/63001","targetHints":{"allow":["GET"]}}],"collection":[{"href":"https:\/\/www.terapiaurbana.com\/en\/wp-json\/wp\/v2\/pages"}],"about":[{"href":"https:\/\/www.terapiaurbana.com\/en\/wp-json\/wp\/v2\/types\/page"}],"author":[{"embeddable":true,"href":"https:\/\/www.terapiaurbana.com\/en\/wp-json\/wp\/v2\/users\/1"}],"replies":[{"embeddable":true,"href":"https:\/\/www.terapiaurbana.com\/en\/wp-json\/wp\/v2\/comments?post=63001"}],"version-history":[{"count":8,"href":"https:\/\/www.terapiaurbana.com\/en\/wp-json\/wp\/v2\/pages\/63001\/revisions"}],"predecessor-version":[{"id":66711,"href":"https:\/\/www.terapiaurbana.com\/en\/wp-json\/wp\/v2\/pages\/63001\/revisions\/66711"}],"wp:attachment":[{"href":"https:\/\/www.terapiaurbana.com\/en\/wp-json\/wp\/v2\/media?parent=63001"}],"curies":[{"name":"wp","href":"https:\/\/api.w.org\/{rel}","templated":true}]}}