{"id":63007,"date":"2024-12-04T15:30:41","date_gmt":"2024-12-04T14:30:41","guid":{"rendered":"https:\/\/www.terapiaurbana.com\/benefits\/"},"modified":"2025-11-12T09:31:23","modified_gmt":"2025-11-12T08:31:23","slug":"benefits","status":"publish","type":"page","link":"https:\/\/www.terapiaurbana.com\/en\/benefits\/","title":{"rendered":"Benefits"},"content":{"rendered":"\n<div class=\"wp-block-uagb-container uagb-block-6d77614d alignfull uagb-is-root-container\"><div class=\"uagb-container-inner-blocks-wrap\">\n<div class=\"wp-block-uagb-advanced-heading uagb-block-633fa50f\"><h2 class=\"uagb-heading-text\">BENEFITS OF LIVING WALLS<\/h2><\/div>\n<\/div><\/div>\n\n\n\n<div class=\"wp-block-uagb-container uagb-block-338880d7 alignfull uagb-is-root-container\"><div class=\"uagb-container-inner-blocks-wrap\"><\/div><\/div>\n\n\n\n<div class=\"wp-block-uagb-container uagb-block-74fe65cd alignfull uagb-is-root-container\"><div class=\"uagb-container-inner-blocks-wrap\">\n<div class=\"wp-block-uagb-advanced-heading uagb-block-0798cb1f\"><h2 class=\"uagb-heading-text\">BENEFITS OF LANDSCAPING IN BUILDINGS<\/h2><\/div>\n\n\n\n<p>Green facades and green roofs bring great benefits to the environment, buildings and people. They allow the natural processes of plants to be harnessed to combat many problems in cities and interior spaces. Benefits include:  <\/p>\n<\/div><\/div>\n\n\n\n<div class=\"wp-block-uagb-container uagb-block-65468aea alignfull uagb-is-root-container\"><div class=\"uagb-container-inner-blocks-wrap\">\n<figure class=\"wp-block-image size-full\"><img loading=\"lazy\" decoding=\"async\" width=\"1200\" height=\"182\" src=\"https:\/\/www.terapiaurbana.com\/wp-content\/uploads\/2025\/11\/ENG-Naturacion_3-100.jpg\" alt=\"\" class=\"wp-image-66170\" srcset=\"https:\/\/www.terapiaurbana.com\/wp-content\/uploads\/2025\/11\/ENG-Naturacion_3-100.jpg 1200w, https:\/\/www.terapiaurbana.com\/wp-content\/uploads\/2025\/11\/ENG-Naturacion_3-100-300x46.jpg 300w, https:\/\/www.terapiaurbana.com\/wp-content\/uploads\/2025\/11\/ENG-Naturacion_3-100-1024x155.jpg 1024w, https:\/\/www.terapiaurbana.com\/wp-content\/uploads\/2025\/11\/ENG-Naturacion_3-100-768x116.jpg 768w\" sizes=\"auto, (max-width: 1200px) 100vw, 1200px\" \/><\/figure>\n<\/div><\/div>\n\n\n\n<div class=\"wp-block-uagb-container uagb-block-40cdfb3c alignfull uagb-is-root-container\"><div class=\"uagb-container-inner-blocks-wrap\">\n<div class=\"wp-block-uagb-container uagb-block-dfb0a295\">\n<div class=\"wp-block-uagb-advanced-heading uagb-block-8ac4b519\"><h2 class=\"uagb-heading-text\">1. ENVIRONMENTAL BENEFITS<\/h2><\/div>\n\n\n\n<p>Plants fix many air pollutants and increase CO2-fixing surfaces, reduce the temperature in their environment and provide relative humidity through evapotranspiration (mitigating the heat island effect in cities); they cushion the effect of torrential rains, retain dust and promote biodiversity in urban centers.<\/p>\n\n\n\n<p>Urban sprawl damages biodiversity, causing the extinction of species and affecting the biosphere. Landscaping contributes to enrich and conserve a great variety of insects, birds and other living beings in urban centers, preserving biodiversity. <\/p>\n<\/div>\n\n\n\n<div class=\"wp-block-uagb-container uagb-block-972515dd\">\n<figure class=\"wp-block-image aligncenter size-full\"><img loading=\"lazy\" decoding=\"async\" width=\"374\" height=\"373\" src=\"https:\/\/www.terapiaurbana.com\/wp-content\/uploads\/2024\/12\/beneficios-de-jardin-vertical.jpg\" alt=\"\" class=\"wp-image-61228\" srcset=\"https:\/\/www.terapiaurbana.com\/wp-content\/uploads\/2024\/12\/beneficios-de-jardin-vertical.jpg 374w, https:\/\/www.terapiaurbana.com\/wp-content\/uploads\/2024\/12\/beneficios-de-jardin-vertical-300x300.jpg 300w, https:\/\/www.terapiaurbana.com\/wp-content\/uploads\/2024\/12\/beneficios-de-jardin-vertical-150x150.jpg 150w\" sizes=\"auto, (max-width: 374px) 100vw, 374px\" \/><\/figure>\n<\/div>\n<\/div><\/div>\n\n\n\n<div class=\"wp-block-uagb-container uagb-block-e012c49b alignfull uagb-is-root-container\"><div class=\"uagb-container-inner-blocks-wrap\"><\/div><\/div>\n\n\n\n<div class=\"wp-block-uagb-container uagb-block-5e7e646b alignfull uagb-is-root-container\"><div class=\"uagb-container-inner-blocks-wrap\">\n<div class=\"wp-block-uagb-container uagb-block-544eaa59\">\n<div class=\"wp-block-uagb-advanced-heading uagb-block-58321454\"><h2 class=\"uagb-heading-text\">2. BENEFITS FOR BUILDINGS<\/h2><\/div>\n\n\n\n<p>Plants provide oxygen, moisture and biofilter volatile organic pollutants (VOCs) such as benzene and formaldehyde, improving indoor air quality. Outdoors, they improve the acoustic and thermal insulation of facades, reducing energy consumption and prolonging the life of waterproofing, among many other benefits. <\/p>\n<\/div>\n\n\n\n<div class=\"wp-block-uagb-container uagb-block-1a0ab986\">\n<figure class=\"wp-block-image size-full\"><img loading=\"lazy\" decoding=\"async\" width=\"1200\" height=\"872\" src=\"https:\/\/www.terapiaurbana.com\/wp-content\/uploads\/2025\/11\/ENG-Naturacion_2-100.jpg\" alt=\"\" class=\"wp-image-66175\" srcset=\"https:\/\/www.terapiaurbana.com\/wp-content\/uploads\/2025\/11\/ENG-Naturacion_2-100.jpg 1200w, https:\/\/www.terapiaurbana.com\/wp-content\/uploads\/2025\/11\/ENG-Naturacion_2-100-300x218.jpg 300w, https:\/\/www.terapiaurbana.com\/wp-content\/uploads\/2025\/11\/ENG-Naturacion_2-100-1024x744.jpg 1024w, https:\/\/www.terapiaurbana.com\/wp-content\/uploads\/2025\/11\/ENG-Naturacion_2-100-768x558.jpg 768w\" sizes=\"auto, (max-width: 1200px) 100vw, 1200px\" \/><\/figure>\n<\/div>\n<\/div><\/div>\n\n\n\n<div class=\"wp-block-uagb-container uagb-block-6f7f79bb alignfull uagb-is-root-container\"><div class=\"uagb-container-inner-blocks-wrap\">\n<div class=\"wp-block-uagb-container uagb-block-fce46b5a\">\n<div class=\"wp-block-uagb-advanced-heading uagb-block-b18c0e57\"><h2 class=\"uagb-heading-text\">3. BENEFITS FOR INDIVIDUALS<\/h2><\/div>\n\n\n\n<p>Plants improve well-being, comfort, concentration and productivity in work environments. In addition, they allow us to connect with living elements, reinforcing our biophilic need, inspire us and make us happier. Studies confirm that in hospital areas, vegetation helps to reduce patient stays.  <\/p>\n<\/div>\n\n\n\n<div class=\"wp-block-uagb-container uagb-block-7bc6a6c0\">\n<figure class=\"wp-block-image size-full\"><img loading=\"lazy\" decoding=\"async\" width=\"750\" height=\"396\" src=\"https:\/\/www.terapiaurbana.com\/wp-content\/uploads\/2024\/12\/lista-beneficios-jardin-vertical.jpg\" alt=\"\" class=\"wp-image-61231\" srcset=\"https:\/\/www.terapiaurbana.com\/wp-content\/uploads\/2024\/12\/lista-beneficios-jardin-vertical.jpg 750w, https:\/\/www.terapiaurbana.com\/wp-content\/uploads\/2024\/12\/lista-beneficios-jardin-vertical-300x158.jpg 300w, https:\/\/www.terapiaurbana.com\/wp-content\/uploads\/2024\/12\/lista-beneficios-jardin-vertical-500x264.jpg 500w\" sizes=\"auto, (max-width: 750px) 100vw, 750px\" \/><\/figure>\n<\/div>\n<\/div><\/div>\n\n\n\n<div class=\"wp-block-uagb-container uagb-block-e4c4b50c alignfull uagb-is-root-container\"><div class=\"uagb-container-inner-blocks-wrap\">\n<div class=\"wp-block-uagb-container uagb-block-0bdde3aa\">\n<div class=\"wp-block-uagb-advanced-heading uagb-block-d127fe60\"><h2 class=\"uagb-heading-text\">4. BENEFITS FOR COMPANIES\/INSTITUTIONS<\/h2><\/div>\n\n\n\n<p>Landscaped facades are systems that allow companies that implement them to express, in a visual and forceful way, their concern and attention for the creation of more friendly, sustainable and healthy environments for their customers. This generates a positive impact on the recognition of their brand image. And this has a positive impact in the field of Corporate Social Responsibility (CSR).  <\/p>\n<\/div>\n<\/div><\/div>\n\n\n\n<div class=\"wp-block-uagb-container uagb-block-7cb4ec44 alignfull uagb-is-root-container\"><div class=\"uagb-container-inner-blocks-wrap\"><\/div><\/div>\n\n\n\n<p><\/p>\n","protected":false},"excerpt":{"rendered":"<p>BENEFITS OF LIVING WALLS BENEFITS OF LANDSCAPING IN BUILDINGS Green facades and green roofs bring great benefits to the environment, [&hellip;]<\/p>\n","protected":false},"author":1,"featured_media":0,"parent":0,"menu_order":0,"comment_status":"closed","ping_status":"closed","template":"","meta":{"_uag_custom_page_level_css":"","site-sidebar-layout":"default","site-content-layout":"","ast-site-content-layout":"full-width-container","site-content-style":"default","site-sidebar-style":"default","ast-global-header-display":"","ast-banner-title-visibility":"","ast-main-header-display":"","ast-hfb-above-header-display":"","ast-hfb-below-header-display":"","ast-hfb-mobile-header-display":"","site-post-title":"disabled","ast-breadcrumbs-content":"","ast-featured-img":"","footer-sml-layout":"","theme-transparent-header-meta":"","adv-header-id-meta":"","stick-header-meta":"","header-above-stick-meta":"","header-main-stick-meta":"","header-below-stick-meta":"","astra-migrate-meta-layouts":"default","ast-page-background-enabled":"default","ast-page-background-meta":{"desktop":{"background-color":"var(--ast-global-color-4)","background-image":"","background-repeat":"repeat","background-position":"center center","background-size":"auto","background-attachment":"scroll","background-type":"","background-media":"","overlay-type":"","overlay-color":"","overlay-opacity":"","overlay-gradient":""},"tablet":{"background-color":"","background-image":"","background-repeat":"repeat","background-position":"center center","background-size":"auto","background-attachment":"scroll","background-type":"","background-media":"","overlay-type":"","overlay-color":"","overlay-opacity":"","overlay-gradient":""},"mobile":{"background-color":"","background-image":"","background-repeat":"repeat","background-position":"center center","background-size":"auto","background-attachment":"scroll","background-type":"","background-media":"","overlay-type":"","overlay-color":"","overlay-opacity":"","overlay-gradient":""}},"ast-content-background-meta":{"desktop":{"background-color":"var(--ast-global-color-5)","background-image":"","background-repeat":"repeat","background-position":"center center","background-size":"auto","background-attachment":"scroll","background-type":"","background-media":"","overlay-type":"","overlay-color":"","overlay-opacity":"","overlay-gradient":""},"tablet":{"background-color":"var(--ast-global-color-5)","background-image":"","background-repeat":"repeat","background-position":"center center","background-size":"auto","background-attachment":"scroll","background-type":"","background-media":"","overlay-type":"","overlay-color":"","overlay-opacity":"","overlay-gradient":""},"mobile":{"background-color":"var(--ast-global-color-5)","background-image":"","background-repeat":"repeat","background-position":"center center","background-size":"auto","background-attachment":"scroll","background-type":"","background-media":"","overlay-type":"","overlay-color":"","overlay-opacity":"","overlay-gradient":""}},"footnotes":""},"class_list":["post-63007","page","type-page","status-publish","hentry"],"yoast_head":"<!-- This site is optimized with the Yoast SEO plugin v26.3 - https:\/\/yoast.com\/wordpress\/plugins\/seo\/ -->\n<title>Benefits of a living wall: enhance your space with nature<\/title>\n<meta name=\"description\" content=\"Learn about the benefits of a living wall: air purification, sound insulation, sustainable design and connection with nature.\" \/>\n<meta name=\"robots\" content=\"index, follow, max-snippet:-1, max-image-preview:large, max-video-preview:-1\" \/>\n<link rel=\"canonical\" href=\"https:\/\/www.terapiaurbana.com\/en\/benefits\/\" \/>\n<meta property=\"og:locale\" content=\"en_US\" \/>\n<meta property=\"og:type\" content=\"article\" \/>\n<meta property=\"og:title\" content=\"Benefits of a living wall: enhance your space with nature\" \/>\n<meta property=\"og:description\" content=\"Learn about the benefits of a living wall: air purification, sound insulation, sustainable design and connection with nature.\" \/>\n<meta property=\"og:url\" content=\"https:\/\/www.terapiaurbana.com\/en\/benefits\/\" \/>\n<meta property=\"article:publisher\" content=\"https:\/\/www.facebook.com\/terapiaurbana\/\" \/>\n<meta property=\"article:modified_time\" content=\"2025-11-12T08:31:23+00:00\" \/>\n<meta property=\"og:image\" content=\"https:\/\/www.terapiaurbana.com\/wp-content\/uploads\/2025\/11\/ENG-Naturacion_3-100.jpg\" \/>\n<meta name=\"twitter:card\" content=\"summary_large_image\" \/>\n<meta name=\"twitter:site\" content=\"@terapia_urbana\" \/>\n<meta name=\"twitter:label1\" content=\"Est. reading time\" \/>\n\t<meta name=\"twitter:data1\" content=\"3 minutes\" \/>\n<script type=\"application\/ld+json\" class=\"yoast-schema-graph\">{\"@context\":\"https:\/\/schema.org\",\"@graph\":[{\"@type\":\"WebPage\",\"@id\":\"https:\/\/www.terapiaurbana.com\/en\/benefits\/\",\"url\":\"https:\/\/www.terapiaurbana.com\/en\/benefits\/\",\"name\":\"Benefits of a living wall: enhance your space with nature\",\"isPartOf\":{\"@id\":\"https:\/\/www.terapiaurbana.com\/en\/#website\"},\"primaryImageOfPage\":{\"@id\":\"https:\/\/www.terapiaurbana.com\/en\/benefits\/#primaryimage\"},\"image\":{\"@id\":\"https:\/\/www.terapiaurbana.com\/en\/benefits\/#primaryimage\"},\"thumbnailUrl\":\"https:\/\/www.terapiaurbana.com\/wp-content\/uploads\/2025\/11\/ENG-Naturacion_3-100.jpg\",\"datePublished\":\"2024-12-04T14:30:41+00:00\",\"dateModified\":\"2025-11-12T08:31:23+00:00\",\"description\":\"Learn about the benefits of a living wall: air purification, sound insulation, sustainable design and connection with nature.\",\"breadcrumb\":{\"@id\":\"https:\/\/www.terapiaurbana.com\/en\/benefits\/#breadcrumb\"},\"inLanguage\":\"en-US\",\"potentialAction\":[{\"@type\":\"ReadAction\",\"target\":[\"https:\/\/www.terapiaurbana.com\/en\/benefits\/\"]}]},{\"@type\":\"ImageObject\",\"inLanguage\":\"en-US\",\"@id\":\"https:\/\/www.terapiaurbana.com\/en\/benefits\/#primaryimage\",\"url\":\"https:\/\/www.terapiaurbana.com\/wp-content\/uploads\/2025\/11\/ENG-Naturacion_3-100.jpg\",\"contentUrl\":\"https:\/\/www.terapiaurbana.com\/wp-content\/uploads\/2025\/11\/ENG-Naturacion_3-100.jpg\"},{\"@type\":\"BreadcrumbList\",\"@id\":\"https:\/\/www.terapiaurbana.com\/en\/benefits\/#breadcrumb\",\"itemListElement\":[{\"@type\":\"ListItem\",\"position\":1,\"name\":\"Portada\",\"item\":\"https:\/\/www.terapiaurbana.com\/en\/\"},{\"@type\":\"ListItem\",\"position\":2,\"name\":\"Benefits\"}]},{\"@type\":\"WebSite\",\"@id\":\"https:\/\/www.terapiaurbana.com\/en\/#website\",\"url\":\"https:\/\/www.terapiaurbana.com\/en\/\",\"name\":\"Terapia Urbana | Especialistas en jardines verticales\",\"description\":\"Especialistas en dise\u00f1o de jardines verticales exteriores e interiores naturales con tecnolog\u00eda Fytotextile y iluminaci\u00f3n auxiliar para una sostenible y funcional\",\"publisher\":{\"@id\":\"https:\/\/www.terapiaurbana.com\/en\/#organization\"},\"alternateName\":\"Terapia Urbana\",\"potentialAction\":[{\"@type\":\"SearchAction\",\"target\":{\"@type\":\"EntryPoint\",\"urlTemplate\":\"https:\/\/www.terapiaurbana.com\/en\/?s={search_term_string}\"},\"query-input\":{\"@type\":\"PropertyValueSpecification\",\"valueRequired\":true,\"valueName\":\"search_term_string\"}}],\"inLanguage\":\"en-US\"},{\"@type\":\"Organization\",\"@id\":\"https:\/\/www.terapiaurbana.com\/en\/#organization\",\"name\":\"Terapia Urbana | Especialistas en jardines verticales\",\"alternateName\":\"Terapia Urbana\",\"url\":\"https:\/\/www.terapiaurbana.com\/en\/\",\"logo\":{\"@type\":\"ImageObject\",\"inLanguage\":\"en-US\",\"@id\":\"https:\/\/www.terapiaurbana.com\/en\/#\/schema\/logo\/image\/\",\"url\":\"https:\/\/www.terapiaurbana.com\/wp-content\/uploads\/2024\/11\/terapia-urbana.png\",\"contentUrl\":\"https:\/\/www.terapiaurbana.com\/wp-content\/uploads\/2024\/11\/terapia-urbana.png\",\"width\":300,\"height\":56,\"caption\":\"Terapia Urbana | Especialistas en jardines verticales\"},\"image\":{\"@id\":\"https:\/\/www.terapiaurbana.com\/en\/#\/schema\/logo\/image\/\"},\"sameAs\":[\"https:\/\/www.facebook.com\/terapiaurbana\/\",\"https:\/\/x.com\/terapia_urbana\",\"https:\/\/www.linkedin.com\/company\/terapia-urbana\/\",\"https:\/\/www.instagram.com\/terapia_urbana\/\",\"https:\/\/www.youtube.com\/channel\/UCD7hLkfNLA-vMACy2NXSPGg\"]}]}<\/script>\n<!-- \/ Yoast SEO plugin. -->","yoast_head_json":{"title":"Benefits of a living wall: enhance your space with nature","description":"Learn about the benefits of a living wall: air purification, sound insulation, sustainable design and connection with nature.","robots":{"index":"index","follow":"follow","max-snippet":"max-snippet:-1","max-image-preview":"max-image-preview:large","max-video-preview":"max-video-preview:-1"},"canonical":"https:\/\/www.terapiaurbana.com\/en\/benefits\/","og_locale":"en_US","og_type":"article","og_title":"Benefits of a living wall: enhance your space with nature","og_description":"Learn about the benefits of a living wall: air purification, sound insulation, sustainable design and connection with nature.","og_url":"https:\/\/www.terapiaurbana.com\/en\/benefits\/","article_publisher":"https:\/\/www.facebook.com\/terapiaurbana\/","article_modified_time":"2025-11-12T08:31:23+00:00","og_image":[{"url":"https:\/\/www.terapiaurbana.com\/wp-content\/uploads\/2025\/11\/ENG-Naturacion_3-100.jpg","type":"","width":"","height":""}],"twitter_card":"summary_large_image","twitter_site":"@terapia_urbana","twitter_misc":{"Est. reading time":"3 minutes"},"schema":{"@context":"https:\/\/schema.org","@graph":[{"@type":"WebPage","@id":"https:\/\/www.terapiaurbana.com\/en\/benefits\/","url":"https:\/\/www.terapiaurbana.com\/en\/benefits\/","name":"Benefits of a living wall: enhance your space with nature","isPartOf":{"@id":"https:\/\/www.terapiaurbana.com\/en\/#website"},"primaryImageOfPage":{"@id":"https:\/\/www.terapiaurbana.com\/en\/benefits\/#primaryimage"},"image":{"@id":"https:\/\/www.terapiaurbana.com\/en\/benefits\/#primaryimage"},"thumbnailUrl":"https:\/\/www.terapiaurbana.com\/wp-content\/uploads\/2025\/11\/ENG-Naturacion_3-100.jpg","datePublished":"2024-12-04T14:30:41+00:00","dateModified":"2025-11-12T08:31:23+00:00","description":"Learn about the benefits of a living wall: air purification, sound insulation, sustainable design and connection with nature.","breadcrumb":{"@id":"https:\/\/www.terapiaurbana.com\/en\/benefits\/#breadcrumb"},"inLanguage":"en-US","potentialAction":[{"@type":"ReadAction","target":["https:\/\/www.terapiaurbana.com\/en\/benefits\/"]}]},{"@type":"ImageObject","inLanguage":"en-US","@id":"https:\/\/www.terapiaurbana.com\/en\/benefits\/#primaryimage","url":"https:\/\/www.terapiaurbana.com\/wp-content\/uploads\/2025\/11\/ENG-Naturacion_3-100.jpg","contentUrl":"https:\/\/www.terapiaurbana.com\/wp-content\/uploads\/2025\/11\/ENG-Naturacion_3-100.jpg"},{"@type":"BreadcrumbList","@id":"https:\/\/www.terapiaurbana.com\/en\/benefits\/#breadcrumb","itemListElement":[{"@type":"ListItem","position":1,"name":"Portada","item":"https:\/\/www.terapiaurbana.com\/en\/"},{"@type":"ListItem","position":2,"name":"Benefits"}]},{"@type":"WebSite","@id":"https:\/\/www.terapiaurbana.com\/en\/#website","url":"https:\/\/www.terapiaurbana.com\/en\/","name":"Terapia Urbana | Especialistas en jardines verticales","description":"Especialistas en dise\u00f1o de jardines verticales exteriores e interiores naturales con tecnolog\u00eda Fytotextile y iluminaci\u00f3n auxiliar para una sostenible y funcional","publisher":{"@id":"https:\/\/www.terapiaurbana.com\/en\/#organization"},"alternateName":"Terapia Urbana","potentialAction":[{"@type":"SearchAction","target":{"@type":"EntryPoint","urlTemplate":"https:\/\/www.terapiaurbana.com\/en\/?s={search_term_string}"},"query-input":{"@type":"PropertyValueSpecification","valueRequired":true,"valueName":"search_term_string"}}],"inLanguage":"en-US"},{"@type":"Organization","@id":"https:\/\/www.terapiaurbana.com\/en\/#organization","name":"Terapia Urbana | Especialistas en jardines verticales","alternateName":"Terapia Urbana","url":"https:\/\/www.terapiaurbana.com\/en\/","logo":{"@type":"ImageObject","inLanguage":"en-US","@id":"https:\/\/www.terapiaurbana.com\/en\/#\/schema\/logo\/image\/","url":"https:\/\/www.terapiaurbana.com\/wp-content\/uploads\/2024\/11\/terapia-urbana.png","contentUrl":"https:\/\/www.terapiaurbana.com\/wp-content\/uploads\/2024\/11\/terapia-urbana.png","width":300,"height":56,"caption":"Terapia Urbana | Especialistas en jardines verticales"},"image":{"@id":"https:\/\/www.terapiaurbana.com\/en\/#\/schema\/logo\/image\/"},"sameAs":["https:\/\/www.facebook.com\/terapiaurbana\/","https:\/\/x.com\/terapia_urbana","https:\/\/www.linkedin.com\/company\/terapia-urbana\/","https:\/\/www.instagram.com\/terapia_urbana\/","https:\/\/www.youtube.com\/channel\/UCD7hLkfNLA-vMACy2NXSPGg"]}]}},"uagb_featured_image_src":{"full":false,"thumbnail":false,"medium":false,"medium_large":false,"large":false,"1536x1536":false,"2048x2048":false,"gform-image-choice-sm":false,"gform-image-choice-md":false,"gform-image-choice-lg":false},"uagb_author_info":{"display_name":"terapiaurbana","author_link":"https:\/\/www.terapiaurbana.com\/en\/author\/terapiaurbana\/"},"uagb_comment_info":0,"uagb_excerpt":"BENEFITS OF LIVING WALLS BENEFITS OF LANDSCAPING IN BUILDINGS Green facades and green roofs bring great benefits to the environment, [&hellip;]","_links":{"self":[{"href":"https:\/\/www.terapiaurbana.com\/en\/wp-json\/wp\/v2\/pages\/63007","targetHints":{"allow":["GET"]}}],"collection":[{"href":"https:\/\/www.terapiaurbana.com\/en\/wp-json\/wp\/v2\/pages"}],"about":[{"href":"https:\/\/www.terapiaurbana.com\/en\/wp-json\/wp\/v2\/types\/page"}],"author":[{"embeddable":true,"href":"https:\/\/www.terapiaurbana.com\/en\/wp-json\/wp\/v2\/users\/1"}],"replies":[{"embeddable":true,"href":"https:\/\/www.terapiaurbana.com\/en\/wp-json\/wp\/v2\/comments?post=63007"}],"version-history":[{"count":4,"href":"https:\/\/www.terapiaurbana.com\/en\/wp-json\/wp\/v2\/pages\/63007\/revisions"}],"predecessor-version":[{"id":66659,"href":"https:\/\/www.terapiaurbana.com\/en\/wp-json\/wp\/v2\/pages\/63007\/revisions\/66659"}],"wp:attachment":[{"href":"https:\/\/www.terapiaurbana.com\/en\/wp-json\/wp\/v2\/media?parent=63007"}],"curies":[{"name":"wp","href":"https:\/\/api.w.org\/{rel}","templated":true}]}}