{"id":63010,"date":"2024-11-19T10:44:38","date_gmt":"2024-11-19T09:44:38","guid":{"rendered":"https:\/\/www.terapiaurbana.com\/we\/"},"modified":"2025-11-12T15:52:31","modified_gmt":"2025-11-12T14:52:31","slug":"we","status":"publish","type":"page","link":"https:\/\/www.terapiaurbana.com\/en\/we\/","title":{"rendered":"Our Mission"},"content":{"rendered":"\n<div class=\"wp-block-uagb-container uagb-block-e86d51ec alignfull uagb-is-root-container\"><div class=\"uagb-container-inner-blocks-wrap\"><\/div><\/div>\n\n\n\n<div class=\"wp-block-uagb-container uagb-block-34d4f534 alignfull uagb-is-root-container\"><div class=\"uagb-container-inner-blocks-wrap\">\n<div class=\"wp-block-uagb-advanced-heading uagb-block-0909ee08\"><h2 class=\"uagb-heading-text\">ABOUT US<\/h2><\/div>\n\n\n\n<p>Terapia Urbana emerged from the University of Seville in 2010, from a group of researchers in green infrastructure. Currently our team is formed by Dr. Agricultural Engineers, Architects, Landscape Architects and Designers, highly specialized in sustainable architecture, phytotechnics, sustainable landscaping and hydraulic engineering. We have more than <strong>38,000 m2<\/strong> of living walls and green roofs successfully completed in more than 23 international markets.<\/p>\n<\/div><\/div>\n\n\n\n<div class=\"wp-block-uagb-container vision uagb-block-1b32f1c7 alignfull uagb-is-root-container\"><div class=\"uagb-container-inner-blocks-wrap\">\n<div class=\"wp-block-uagb-container uagb-block-0be49794\">\n<figure class=\"wp-block-image size-full\"><img loading=\"lazy\" decoding=\"async\" width=\"518\" height=\"266\" src=\"https:\/\/www.terapiaurbana.com\/wp-content\/uploads\/2024\/12\/vision-terapia-urbana.png\" alt=\"\" class=\"wp-image-61566\" srcset=\"https:\/\/www.terapiaurbana.com\/wp-content\/uploads\/2024\/12\/vision-terapia-urbana.png 518w, https:\/\/www.terapiaurbana.com\/wp-content\/uploads\/2024\/12\/vision-terapia-urbana-300x154.png 300w\" sizes=\"auto, (max-width: 518px) 100vw, 518px\" \/><\/figure>\n\n\n\n<p class=\"has-medium-font-size\"><strong>MISSION<\/strong><\/p>\n\n\n\n<div class=\"wp-block-uagb-container uagb-block-99ef8dbd\">\n<div class=\"wp-block-uagb-image alignleft uagb-block-a474e237 wp-block-uagb-image--layout-default wp-block-uagb-image--effect-static wp-block-uagb-image--align-left\"><figure class=\"wp-block-uagb-image__figure\"><img decoding=\"async\" srcset=\"https:\/\/www.terapiaurbana.com\/wp-content\/uploads\/2025\/02\/check.jpg ,https:\/\/www.terapiaurbana.com\/wp-content\/uploads\/2025\/02\/check.jpg 780w, https:\/\/www.terapiaurbana.com\/wp-content\/uploads\/2025\/02\/check.jpg 360w\" sizes=\"auto, (max-width: 480px) 150px\" src=\"https:\/\/www.terapiaurbana.com\/wp-content\/uploads\/2025\/02\/check.jpg\" alt=\"\" class=\"uag-image-64082\" width=\"25\" height=\"332\" title=\"check\" loading=\"lazy\" role=\"img\"\/><\/figure><\/div>\n\n\n\n<p style=\"margin-top:0px;margin-bottom:0px\">Improving quality of life<\/p>\n<\/div>\n\n\n\n<div class=\"wp-block-uagb-container uagb-block-fcfa799c\">\n<div class=\"wp-block-uagb-image alignleft uagb-block-e6f31971 wp-block-uagb-image--layout-default wp-block-uagb-image--effect-static wp-block-uagb-image--align-left\"><figure class=\"wp-block-uagb-image__figure\"><img decoding=\"async\" srcset=\"https:\/\/www.terapiaurbana.com\/wp-content\/uploads\/2025\/02\/check.jpg ,https:\/\/www.terapiaurbana.com\/wp-content\/uploads\/2025\/02\/check.jpg 780w, https:\/\/www.terapiaurbana.com\/wp-content\/uploads\/2025\/02\/check.jpg 360w\" sizes=\"auto, (max-width: 480px) 150px\" src=\"https:\/\/www.terapiaurbana.com\/wp-content\/uploads\/2025\/02\/check.jpg\" alt=\"\" class=\"uag-image-64082\" width=\"25\" height=\"332\" title=\"check\" loading=\"lazy\" role=\"img\"\/><\/figure><\/div>\n\n\n\n<p style=\"margin-top:0px;margin-bottom:0px\">Connect with Nature<\/p>\n<\/div>\n\n\n\n<div class=\"wp-block-uagb-container uagb-block-382827b8\">\n<div class=\"wp-block-uagb-image alignleft uagb-block-c8238ba7 wp-block-uagb-image--layout-default wp-block-uagb-image--effect-static wp-block-uagb-image--align-left\"><figure class=\"wp-block-uagb-image__figure\"><img decoding=\"async\" srcset=\"https:\/\/www.terapiaurbana.com\/wp-content\/uploads\/2025\/02\/check.jpg ,https:\/\/www.terapiaurbana.com\/wp-content\/uploads\/2025\/02\/check.jpg 780w, https:\/\/www.terapiaurbana.com\/wp-content\/uploads\/2025\/02\/check.jpg 360w\" sizes=\"auto, (max-width: 480px) 150px\" src=\"https:\/\/www.terapiaurbana.com\/wp-content\/uploads\/2025\/02\/check.jpg\" alt=\"\" class=\"uag-image-64082\" width=\"25\" height=\"332\" title=\"check\" loading=\"lazy\" role=\"img\"\/><\/figure><\/div>\n\n\n\n<p style=\"margin-top:0px;margin-bottom:0px\">Professionalizing the sector<\/p>\n<\/div>\n<\/div>\n\n\n\n<div class=\"wp-block-uagb-container uagb-block-b84ef9cd\">\n<figure class=\"wp-block-image size-full\"><img loading=\"lazy\" decoding=\"async\" width=\"518\" height=\"268\" src=\"https:\/\/www.terapiaurbana.com\/wp-content\/uploads\/2024\/12\/mision-terapia-urbana.png\" alt=\"\" class=\"wp-image-61569\" srcset=\"https:\/\/www.terapiaurbana.com\/wp-content\/uploads\/2024\/12\/mision-terapia-urbana.png 518w, https:\/\/www.terapiaurbana.com\/wp-content\/uploads\/2024\/12\/mision-terapia-urbana-300x155.png 300w\" sizes=\"auto, (max-width: 518px) 100vw, 518px\" \/><\/figure>\n\n\n\n<p class=\"has-medium-font-size\"><strong>VISION<\/strong><\/p>\n\n\n\n<div class=\"wp-block-uagb-container uagb-block-96eca21a\">\n<div class=\"wp-block-uagb-image alignleft uagb-block-80dfd83d wp-block-uagb-image--layout-default wp-block-uagb-image--effect-static wp-block-uagb-image--align-left\"><figure class=\"wp-block-uagb-image__figure\"><img decoding=\"async\" srcset=\"https:\/\/www.terapiaurbana.com\/wp-content\/uploads\/2025\/02\/check.jpg ,https:\/\/www.terapiaurbana.com\/wp-content\/uploads\/2025\/02\/check.jpg 780w, https:\/\/www.terapiaurbana.com\/wp-content\/uploads\/2025\/02\/check.jpg 360w\" sizes=\"auto, (max-width: 480px) 150px\" src=\"https:\/\/www.terapiaurbana.com\/wp-content\/uploads\/2025\/02\/check.jpg\" alt=\"\" class=\"uag-image-64082\" width=\"25\" height=\"25\" title=\"check\" loading=\"lazy\" role=\"img\"\/><\/figure><\/div>\n\n\n\n<p style=\"margin-top:0px;margin-bottom:0px\">To become a world reference in green infrastructure.<\/p>\n<\/div>\n\n\n\n<p><\/p>\n<\/div>\n\n\n\n<div class=\"wp-block-uagb-container uagb-block-688a599f\">\n<figure class=\"wp-block-image size-full\"><img loading=\"lazy\" decoding=\"async\" width=\"518\" height=\"270\" src=\"https:\/\/www.terapiaurbana.com\/wp-content\/uploads\/2024\/12\/valores-terapia-urbana.png\" alt=\"\" class=\"wp-image-61568\" srcset=\"https:\/\/www.terapiaurbana.com\/wp-content\/uploads\/2024\/12\/valores-terapia-urbana.png 518w, https:\/\/www.terapiaurbana.com\/wp-content\/uploads\/2024\/12\/valores-terapia-urbana-300x156.png 300w\" sizes=\"auto, (max-width: 518px) 100vw, 518px\" \/><\/figure>\n\n\n\n<p class=\"has-medium-font-size\"><strong>VALUES<\/strong><\/p>\n\n\n\n<div class=\"wp-block-uagb-container uagb-block-76d58760\">\n<div class=\"wp-block-uagb-image alignleft uagb-block-73d348c2 wp-block-uagb-image--layout-default wp-block-uagb-image--effect-static wp-block-uagb-image--align-left\"><figure class=\"wp-block-uagb-image__figure\"><img decoding=\"async\" srcset=\"https:\/\/www.terapiaurbana.com\/wp-content\/uploads\/2025\/02\/check.jpg ,https:\/\/www.terapiaurbana.com\/wp-content\/uploads\/2025\/02\/check.jpg 780w, https:\/\/www.terapiaurbana.com\/wp-content\/uploads\/2025\/02\/check.jpg 360w\" sizes=\"auto, (max-width: 480px) 150px\" src=\"https:\/\/www.terapiaurbana.com\/wp-content\/uploads\/2025\/02\/check.jpg\" alt=\"\" class=\"uag-image-64082\" width=\"25\" height=\"332\" title=\"check\" loading=\"lazy\" role=\"img\"\/><\/figure><\/div>\n\n\n\n<p style=\"margin-top:0px;margin-bottom:0px\">Innovation<\/p>\n<\/div>\n\n\n\n<div class=\"wp-block-uagb-container uagb-block-78657150\">\n<div class=\"wp-block-uagb-image alignleft uagb-block-14748e7d wp-block-uagb-image--layout-default wp-block-uagb-image--effect-static wp-block-uagb-image--align-left\"><figure class=\"wp-block-uagb-image__figure\"><img decoding=\"async\" srcset=\"https:\/\/www.terapiaurbana.com\/wp-content\/uploads\/2025\/02\/check.jpg ,https:\/\/www.terapiaurbana.com\/wp-content\/uploads\/2025\/02\/check.jpg 780w, https:\/\/www.terapiaurbana.com\/wp-content\/uploads\/2025\/02\/check.jpg 360w\" sizes=\"auto, (max-width: 480px) 150px\" src=\"https:\/\/www.terapiaurbana.com\/wp-content\/uploads\/2025\/02\/check.jpg\" alt=\"\" class=\"uag-image-64082\" width=\"25\" height=\"332\" title=\"check\" loading=\"lazy\" role=\"img\"\/><\/figure><\/div>\n\n\n\n<p style=\"margin-top:0px;margin-bottom:0px\">Commitment<\/p>\n<\/div>\n\n\n\n<div class=\"wp-block-uagb-container uagb-block-a24959db\">\n<div class=\"wp-block-uagb-image alignleft uagb-block-69a51468 wp-block-uagb-image--layout-default wp-block-uagb-image--effect-static wp-block-uagb-image--align-left\"><figure class=\"wp-block-uagb-image__figure\"><img decoding=\"async\" srcset=\"https:\/\/www.terapiaurbana.com\/wp-content\/uploads\/2025\/02\/check.jpg ,https:\/\/www.terapiaurbana.com\/wp-content\/uploads\/2025\/02\/check.jpg 780w, https:\/\/www.terapiaurbana.com\/wp-content\/uploads\/2025\/02\/check.jpg 360w\" sizes=\"auto, (max-width: 480px) 150px\" src=\"https:\/\/www.terapiaurbana.com\/wp-content\/uploads\/2025\/02\/check.jpg\" alt=\"\" class=\"uag-image-64082\" width=\"25\" height=\"332\" title=\"check\" loading=\"lazy\" role=\"img\"\/><\/figure><\/div>\n\n\n\n<p style=\"margin-top:0px;margin-bottom:0px\">Professionalism<\/p>\n<\/div>\n<\/div>\n<\/div><\/div>\n\n\n\n<div class=\"wp-block-uagb-container uagb-block-2bf0b552 alignfull uagb-is-root-container\"><div class=\"uagb-container-inner-blocks-wrap\">\n<p>Our goal is to recover the space lost by vegetation in buildings and cities through nature-based solutions. And with this, improve the quality of life of people, favoring sustainable urban development. We are committed to the excellence of the long-term results of all our projects, and to this end we offer comprehensive assistance, from the initial design to the maintenance phase.  <\/p>\n<\/div><\/div>\n\n\n\n<div class=\"wp-block-uagb-container uagb-block-e73f6efd alignfull uagb-is-root-container\"><div class=\"uagb-container-inner-blocks-wrap\"><\/div><\/div>\n\n\n\n<div class=\"wp-block-uagb-container uagb-block-a1e5caa3 alignfull uagb-is-root-container\"><div class=\"uagb-container-inner-blocks-wrap\">\n<div class=\"wp-block-uagb-container uagb-block-27319adc\">\n<div class=\"wp-block-uagb-advanced-heading uagb-block-967f7ac5\"><h2 class=\"uagb-heading-text\">INTERNATIONAL EXPERIENCE<\/h2><\/div>\n\n\n\n<p>Since 2012 we are present in the European international market, together with leading companies in their sector, with long experience in living walls and green roofs. Our international expansion is a living process, which allows us to deal directly with the latest innovations, trends and needs of a constantly developing market.<\/p>\n\n\n\n<p>We are committed to collaborative work, contributing our scientifically based expertise, innovation, production capacity and comprehensive advice for the development of customized solutions for our partners around the world.<\/p>\n<\/div>\n\n\n\n<div class=\"wp-block-uagb-container uagb-block-e13f8ba8\">\n<figure class=\"wp-block-image size-large\"><img loading=\"lazy\" decoding=\"async\" width=\"1024\" height=\"570\" src=\"https:\/\/www.terapiaurbana.com\/wp-content\/uploads\/2024\/12\/terapia-urbana-instituciones-1024x570.png\" alt=\"\" class=\"wp-image-61571\" srcset=\"https:\/\/www.terapiaurbana.com\/wp-content\/uploads\/2024\/12\/terapia-urbana-instituciones-1024x570.png 1024w, https:\/\/www.terapiaurbana.com\/wp-content\/uploads\/2024\/12\/terapia-urbana-instituciones-300x167.png 300w, https:\/\/www.terapiaurbana.com\/wp-content\/uploads\/2024\/12\/terapia-urbana-instituciones-768x427.png 768w, https:\/\/www.terapiaurbana.com\/wp-content\/uploads\/2024\/12\/terapia-urbana-instituciones.png 1280w\" sizes=\"auto, (max-width: 1024px) 100vw, 1024px\" \/><\/figure>\n<\/div>\n<\/div><\/div>\n\n\n\n<div class=\"wp-block-uagb-container uagb-block-1bf3f49f alignfull uagb-is-root-container\"><div class=\"uagb-container-inner-blocks-wrap\">\n<div class=\"wp-block-uagb-buttons uagb-buttons__outer-wrap uagb-btn__default-btn uagb-btn-tablet__default-btn uagb-btn-mobile__default-btn uagb-block-a2c97672\"><div class=\"uagb-buttons__wrap uagb-buttons-layout-wrap \">\n<div class=\"wp-block-uagb-buttons-child uagb-buttons__outer-wrap uagb-block-1e8d9036 wp-block-button\"><div class=\"uagb-button__wrapper\"><a class=\"uagb-buttons-repeater wp-block-button__link\" aria-label=\"\" href=\"#\" rel=\"follow noopener\" target=\"_self\" role=\"button\"><div class=\"uagb-button__link\">Click Here<\/div><\/a><\/div><\/div>\n<\/div><\/div>\n<\/div><\/div>\n\n\n\n<div class=\"wp-block-uagb-container uagb-block-108c36b4 alignfull uagb-is-root-container\"><div class=\"uagb-container-inner-blocks-wrap\"><\/div><\/div>\n","protected":false},"excerpt":{"rendered":"<p>ABOUT US Terapia Urbana emerged from the University of Seville in 2010, from a group of researchers in green infrastructure. [&hellip;]<\/p>\n","protected":false},"author":1,"featured_media":0,"parent":0,"menu_order":0,"comment_status":"closed","ping_status":"closed","template":"","meta":{"_uag_custom_page_level_css":"","site-sidebar-layout":"default","site-content-layout":"","ast-site-content-layout":"","site-content-style":"default","site-sidebar-style":"default","ast-global-header-display":"","ast-banner-title-visibility":"","ast-main-header-display":"","ast-hfb-above-header-display":"","ast-hfb-below-header-display":"","ast-hfb-mobile-header-display":"","site-post-title":"disabled","ast-breadcrumbs-content":"","ast-featured-img":"","footer-sml-layout":"","theme-transparent-header-meta":"","adv-header-id-meta":"","stick-header-meta":"","header-above-stick-meta":"","header-main-stick-meta":"","header-below-stick-meta":"","astra-migrate-meta-layouts":"default","ast-page-background-enabled":"default","ast-page-background-meta":{"desktop":{"background-color":"var(--ast-global-color-4)","background-image":"","background-repeat":"repeat","background-position":"center center","background-size":"auto","background-attachment":"scroll","background-type":"","background-media":"","overlay-type":"","overlay-color":"","overlay-opacity":"","overlay-gradient":""},"tablet":{"background-color":"","background-image":"","background-repeat":"repeat","background-position":"center center","background-size":"auto","background-attachment":"scroll","background-type":"","background-media":"","overlay-type":"","overlay-color":"","overlay-opacity":"","overlay-gradient":""},"mobile":{"background-color":"","background-image":"","background-repeat":"repeat","background-position":"center center","background-size":"auto","background-attachment":"scroll","background-type":"","background-media":"","overlay-type":"","overlay-color":"","overlay-opacity":"","overlay-gradient":""}},"ast-content-background-meta":{"desktop":{"background-color":"var(--ast-global-color-5)","background-image":"","background-repeat":"repeat","background-position":"center center","background-size":"auto","background-attachment":"scroll","background-type":"","background-media":"","overlay-type":"","overlay-color":"","overlay-opacity":"","overlay-gradient":""},"tablet":{"background-color":"var(--ast-global-color-5)","background-image":"","background-repeat":"repeat","background-position":"center center","background-size":"auto","background-attachment":"scroll","background-type":"","background-media":"","overlay-type":"","overlay-color":"","overlay-opacity":"","overlay-gradient":""},"mobile":{"background-color":"var(--ast-global-color-5)","background-image":"","background-repeat":"repeat","background-position":"center center","background-size":"auto","background-attachment":"scroll","background-type":"","background-media":"","overlay-type":"","overlay-color":"","overlay-opacity":"","overlay-gradient":""}},"footnotes":""},"class_list":["post-63010","page","type-page","status-publish","hentry"],"yoast_head":"<!-- This site is optimized with the Yoast SEO plugin v26.3 - https:\/\/yoast.com\/wordpress\/plugins\/seo\/ -->\n<title>Meet the specialists in living walls - Urban Therapy<\/title>\n<meta name=\"robots\" content=\"index, follow, max-snippet:-1, max-image-preview:large, max-video-preview:-1\" \/>\n<link rel=\"canonical\" href=\"https:\/\/www.terapiaurbana.com\/en\/we\/\" \/>\n<meta property=\"og:locale\" content=\"en_US\" \/>\n<meta property=\"og:type\" content=\"article\" \/>\n<meta property=\"og:title\" content=\"Meet the specialists in living walls - Urban Therapy\" \/>\n<meta property=\"og:description\" content=\"ABOUT US Terapia Urbana emerged from the University of Seville in 2010, from a group of researchers in green infrastructure. [&hellip;]\" \/>\n<meta property=\"og:url\" content=\"https:\/\/www.terapiaurbana.com\/en\/we\/\" \/>\n<meta property=\"article:publisher\" content=\"https:\/\/www.facebook.com\/terapiaurbana\/\" \/>\n<meta property=\"article:modified_time\" content=\"2025-11-12T14:52:31+00:00\" \/>\n<meta property=\"og:image\" content=\"https:\/\/www.terapiaurbana.com\/wp-content\/uploads\/2024\/12\/vision-terapia-urbana.png\" \/>\n<meta name=\"twitter:card\" content=\"summary_large_image\" \/>\n<meta name=\"twitter:site\" content=\"@terapia_urbana\" \/>\n<meta name=\"twitter:label1\" content=\"Est. reading time\" \/>\n\t<meta name=\"twitter:data1\" content=\"4 minutes\" \/>\n<script type=\"application\/ld+json\" class=\"yoast-schema-graph\">{\"@context\":\"https:\/\/schema.org\",\"@graph\":[{\"@type\":\"WebPage\",\"@id\":\"https:\/\/www.terapiaurbana.com\/en\/we\/\",\"url\":\"https:\/\/www.terapiaurbana.com\/en\/we\/\",\"name\":\"Meet the specialists in living walls - Urban Therapy\",\"isPartOf\":{\"@id\":\"https:\/\/www.terapiaurbana.com\/en\/#website\"},\"primaryImageOfPage\":{\"@id\":\"https:\/\/www.terapiaurbana.com\/en\/we\/#primaryimage\"},\"image\":{\"@id\":\"https:\/\/www.terapiaurbana.com\/en\/we\/#primaryimage\"},\"thumbnailUrl\":\"https:\/\/www.terapiaurbana.com\/wp-content\/uploads\/2024\/12\/vision-terapia-urbana.png\",\"datePublished\":\"2024-11-19T09:44:38+00:00\",\"dateModified\":\"2025-11-12T14:52:31+00:00\",\"breadcrumb\":{\"@id\":\"https:\/\/www.terapiaurbana.com\/en\/we\/#breadcrumb\"},\"inLanguage\":\"en-US\",\"potentialAction\":[{\"@type\":\"ReadAction\",\"target\":[\"https:\/\/www.terapiaurbana.com\/en\/we\/\"]}]},{\"@type\":\"ImageObject\",\"inLanguage\":\"en-US\",\"@id\":\"https:\/\/www.terapiaurbana.com\/en\/we\/#primaryimage\",\"url\":\"https:\/\/www.terapiaurbana.com\/wp-content\/uploads\/2024\/12\/vision-terapia-urbana.png\",\"contentUrl\":\"https:\/\/www.terapiaurbana.com\/wp-content\/uploads\/2024\/12\/vision-terapia-urbana.png\"},{\"@type\":\"BreadcrumbList\",\"@id\":\"https:\/\/www.terapiaurbana.com\/en\/we\/#breadcrumb\",\"itemListElement\":[{\"@type\":\"ListItem\",\"position\":1,\"name\":\"Portada\",\"item\":\"https:\/\/www.terapiaurbana.com\/en\/\"},{\"@type\":\"ListItem\",\"position\":2,\"name\":\"Our Mission\"}]},{\"@type\":\"WebSite\",\"@id\":\"https:\/\/www.terapiaurbana.com\/en\/#website\",\"url\":\"https:\/\/www.terapiaurbana.com\/en\/\",\"name\":\"Terapia Urbana | Especialistas en jardines verticales\",\"description\":\"Especialistas en dise\u00f1o de jardines verticales exteriores e interiores naturales con tecnolog\u00eda Fytotextile y iluminaci\u00f3n auxiliar para una sostenible y funcional\",\"publisher\":{\"@id\":\"https:\/\/www.terapiaurbana.com\/en\/#organization\"},\"alternateName\":\"Terapia Urbana\",\"potentialAction\":[{\"@type\":\"SearchAction\",\"target\":{\"@type\":\"EntryPoint\",\"urlTemplate\":\"https:\/\/www.terapiaurbana.com\/en\/?s={search_term_string}\"},\"query-input\":{\"@type\":\"PropertyValueSpecification\",\"valueRequired\":true,\"valueName\":\"search_term_string\"}}],\"inLanguage\":\"en-US\"},{\"@type\":\"Organization\",\"@id\":\"https:\/\/www.terapiaurbana.com\/en\/#organization\",\"name\":\"Terapia Urbana | Especialistas en jardines verticales\",\"alternateName\":\"Terapia Urbana\",\"url\":\"https:\/\/www.terapiaurbana.com\/en\/\",\"logo\":{\"@type\":\"ImageObject\",\"inLanguage\":\"en-US\",\"@id\":\"https:\/\/www.terapiaurbana.com\/en\/#\/schema\/logo\/image\/\",\"url\":\"https:\/\/www.terapiaurbana.com\/wp-content\/uploads\/2024\/11\/terapia-urbana.png\",\"contentUrl\":\"https:\/\/www.terapiaurbana.com\/wp-content\/uploads\/2024\/11\/terapia-urbana.png\",\"width\":300,\"height\":56,\"caption\":\"Terapia Urbana | Especialistas en jardines verticales\"},\"image\":{\"@id\":\"https:\/\/www.terapiaurbana.com\/en\/#\/schema\/logo\/image\/\"},\"sameAs\":[\"https:\/\/www.facebook.com\/terapiaurbana\/\",\"https:\/\/x.com\/terapia_urbana\",\"https:\/\/www.linkedin.com\/company\/terapia-urbana\/\",\"https:\/\/www.instagram.com\/terapia_urbana\/\",\"https:\/\/www.youtube.com\/channel\/UCD7hLkfNLA-vMACy2NXSPGg\"]}]}<\/script>\n<!-- \/ Yoast SEO plugin. -->","yoast_head_json":{"title":"Meet the specialists in living walls - Urban Therapy","robots":{"index":"index","follow":"follow","max-snippet":"max-snippet:-1","max-image-preview":"max-image-preview:large","max-video-preview":"max-video-preview:-1"},"canonical":"https:\/\/www.terapiaurbana.com\/en\/we\/","og_locale":"en_US","og_type":"article","og_title":"Meet the specialists in living walls - Urban Therapy","og_description":"ABOUT US Terapia Urbana emerged from the University of Seville in 2010, from a group of researchers in green infrastructure. [&hellip;]","og_url":"https:\/\/www.terapiaurbana.com\/en\/we\/","article_publisher":"https:\/\/www.facebook.com\/terapiaurbana\/","article_modified_time":"2025-11-12T14:52:31+00:00","og_image":[{"url":"https:\/\/www.terapiaurbana.com\/wp-content\/uploads\/2024\/12\/vision-terapia-urbana.png","type":"","width":"","height":""}],"twitter_card":"summary_large_image","twitter_site":"@terapia_urbana","twitter_misc":{"Est. reading time":"4 minutes"},"schema":{"@context":"https:\/\/schema.org","@graph":[{"@type":"WebPage","@id":"https:\/\/www.terapiaurbana.com\/en\/we\/","url":"https:\/\/www.terapiaurbana.com\/en\/we\/","name":"Meet the specialists in living walls - Urban Therapy","isPartOf":{"@id":"https:\/\/www.terapiaurbana.com\/en\/#website"},"primaryImageOfPage":{"@id":"https:\/\/www.terapiaurbana.com\/en\/we\/#primaryimage"},"image":{"@id":"https:\/\/www.terapiaurbana.com\/en\/we\/#primaryimage"},"thumbnailUrl":"https:\/\/www.terapiaurbana.com\/wp-content\/uploads\/2024\/12\/vision-terapia-urbana.png","datePublished":"2024-11-19T09:44:38+00:00","dateModified":"2025-11-12T14:52:31+00:00","breadcrumb":{"@id":"https:\/\/www.terapiaurbana.com\/en\/we\/#breadcrumb"},"inLanguage":"en-US","potentialAction":[{"@type":"ReadAction","target":["https:\/\/www.terapiaurbana.com\/en\/we\/"]}]},{"@type":"ImageObject","inLanguage":"en-US","@id":"https:\/\/www.terapiaurbana.com\/en\/we\/#primaryimage","url":"https:\/\/www.terapiaurbana.com\/wp-content\/uploads\/2024\/12\/vision-terapia-urbana.png","contentUrl":"https:\/\/www.terapiaurbana.com\/wp-content\/uploads\/2024\/12\/vision-terapia-urbana.png"},{"@type":"BreadcrumbList","@id":"https:\/\/www.terapiaurbana.com\/en\/we\/#breadcrumb","itemListElement":[{"@type":"ListItem","position":1,"name":"Portada","item":"https:\/\/www.terapiaurbana.com\/en\/"},{"@type":"ListItem","position":2,"name":"Our Mission"}]},{"@type":"WebSite","@id":"https:\/\/www.terapiaurbana.com\/en\/#website","url":"https:\/\/www.terapiaurbana.com\/en\/","name":"Terapia Urbana | Especialistas en jardines verticales","description":"Especialistas en dise\u00f1o de jardines verticales exteriores e interiores naturales con tecnolog\u00eda Fytotextile y iluminaci\u00f3n auxiliar para una sostenible y funcional","publisher":{"@id":"https:\/\/www.terapiaurbana.com\/en\/#organization"},"alternateName":"Terapia Urbana","potentialAction":[{"@type":"SearchAction","target":{"@type":"EntryPoint","urlTemplate":"https:\/\/www.terapiaurbana.com\/en\/?s={search_term_string}"},"query-input":{"@type":"PropertyValueSpecification","valueRequired":true,"valueName":"search_term_string"}}],"inLanguage":"en-US"},{"@type":"Organization","@id":"https:\/\/www.terapiaurbana.com\/en\/#organization","name":"Terapia Urbana | Especialistas en jardines verticales","alternateName":"Terapia Urbana","url":"https:\/\/www.terapiaurbana.com\/en\/","logo":{"@type":"ImageObject","inLanguage":"en-US","@id":"https:\/\/www.terapiaurbana.com\/en\/#\/schema\/logo\/image\/","url":"https:\/\/www.terapiaurbana.com\/wp-content\/uploads\/2024\/11\/terapia-urbana.png","contentUrl":"https:\/\/www.terapiaurbana.com\/wp-content\/uploads\/2024\/11\/terapia-urbana.png","width":300,"height":56,"caption":"Terapia Urbana | Especialistas en jardines verticales"},"image":{"@id":"https:\/\/www.terapiaurbana.com\/en\/#\/schema\/logo\/image\/"},"sameAs":["https:\/\/www.facebook.com\/terapiaurbana\/","https:\/\/x.com\/terapia_urbana","https:\/\/www.linkedin.com\/company\/terapia-urbana\/","https:\/\/www.instagram.com\/terapia_urbana\/","https:\/\/www.youtube.com\/channel\/UCD7hLkfNLA-vMACy2NXSPGg"]}]}},"uagb_featured_image_src":{"full":false,"thumbnail":false,"medium":false,"medium_large":false,"large":false,"1536x1536":false,"2048x2048":false,"gform-image-choice-sm":false,"gform-image-choice-md":false,"gform-image-choice-lg":false},"uagb_author_info":{"display_name":"terapiaurbana","author_link":"https:\/\/www.terapiaurbana.com\/en\/author\/terapiaurbana\/"},"uagb_comment_info":0,"uagb_excerpt":"ABOUT US Terapia Urbana emerged from the University of Seville in 2010, from a group of researchers in green infrastructure. [&hellip;]","_links":{"self":[{"href":"https:\/\/www.terapiaurbana.com\/en\/wp-json\/wp\/v2\/pages\/63010","targetHints":{"allow":["GET"]}}],"collection":[{"href":"https:\/\/www.terapiaurbana.com\/en\/wp-json\/wp\/v2\/pages"}],"about":[{"href":"https:\/\/www.terapiaurbana.com\/en\/wp-json\/wp\/v2\/types\/page"}],"author":[{"embeddable":true,"href":"https:\/\/www.terapiaurbana.com\/en\/wp-json\/wp\/v2\/users\/1"}],"replies":[{"embeddable":true,"href":"https:\/\/www.terapiaurbana.com\/en\/wp-json\/wp\/v2\/comments?post=63010"}],"version-history":[{"count":6,"href":"https:\/\/www.terapiaurbana.com\/en\/wp-json\/wp\/v2\/pages\/63010\/revisions"}],"predecessor-version":[{"id":66712,"href":"https:\/\/www.terapiaurbana.com\/en\/wp-json\/wp\/v2\/pages\/63010\/revisions\/66712"}],"wp:attachment":[{"href":"https:\/\/www.terapiaurbana.com\/en\/wp-json\/wp\/v2\/media?parent=63010"}],"curies":[{"name":"wp","href":"https:\/\/api.w.org\/{rel}","templated":true}]}}