{"id":63014,"date":"2024-11-19T10:45:38","date_gmt":"2024-11-19T09:45:38","guid":{"rendered":"https:\/\/www.terapiaurbana.com\/partners\/"},"modified":"2025-11-12T12:14:02","modified_gmt":"2025-11-12T11:14:02","slug":"partners","status":"publish","type":"page","link":"https:\/\/www.terapiaurbana.com\/en\/partners\/","title":{"rendered":"Partners"},"content":{"rendered":"\n<div class=\"wp-block-uagb-container uagb-block-f52f76e5 alignfull uagb-is-root-container\"><div class=\"uagb-container-inner-blocks-wrap\"><\/div><\/div>\n\n\n\n<div class=\"wp-block-uagb-container uagb-block-17722f48 alignfull uagb-is-root-container\"><div class=\"uagb-container-inner-blocks-wrap\">\n<div class=\"wp-block-uagb-advanced-heading uagb-block-bc66db6f\"><h2 class=\"uagb-heading-text\">EXTERNAL NETWORK OF INSTALLERS<\/h2><\/div>\n\n\n\n<p>In Terapia Urbana we are not installers. We are at the service of specifiers and installation companies to carry out our projects and provide comprehensive advice. We do not compete with other installers, we bet on collaborative work with them, offering them the supply of our Fytotextile\u00ae system and technical support from the economic study of each project, to the installation and subsequent maintenance.<\/p>\n<\/div><\/div>\n\n\n\n<p><\/p>\n\n\n\n<div class=\"wp-block-uagb-container uagb-block-353dd654 alignfull uagb-is-root-container\"><div class=\"uagb-container-inner-blocks-wrap\">\n<div class=\"wp-block-uagb-container uagb-block-b8b80828\">\n<div class=\"wp-block-uagb-advanced-heading uagb-block-66c66f7c\"><h2 class=\"uagb-heading-text\">LIVING WALL TRAINING<\/h2><\/div>\n\n\n\n<p>If you have not previously installed living walls, or are not familiar with our Fytotextile\u00ae system and want to be trained to install them successfully, we will be happy to offer you technical assistance and training. We organize seminars to train professionals in the correct installation and maintenance of our systems. Count on us, we count on you.<\/p>\n<\/div>\n\n\n\n<div class=\"wp-block-uagb-container uagb-block-fd834c17\">\n<figure class=\"wp-block-image size-full\"><img loading=\"lazy\" decoding=\"async\" width=\"724\" height=\"500\" src=\"https:\/\/www.terapiaurbana.com\/wp-content\/uploads\/2024\/12\/instalacion-jardin-vertical.png\" alt=\"\" class=\"wp-image-61631\" srcset=\"https:\/\/www.terapiaurbana.com\/wp-content\/uploads\/2024\/12\/instalacion-jardin-vertical.png 724w, https:\/\/www.terapiaurbana.com\/wp-content\/uploads\/2024\/12\/instalacion-jardin-vertical-300x207.png 300w\" sizes=\"auto, (max-width: 724px) 100vw, 724px\" \/><\/figure>\n<\/div>\n<\/div><\/div>\n\n\n\n<div class=\"wp-block-uagb-container uagb-block-09874545 alignfull uagb-is-root-container\"><div class=\"uagb-container__video-wrap\"><video autoplay loop muted playsinline><source src=\"https:\/\/www.terapiaurbana.com\/wp-content\/uploads\/2024\/12\/video-instalacion-jardin-vertical.mp4\" type=\"video\/mp4\"\/><\/video><\/div><div class=\"uagb-container-inner-blocks-wrap\"><\/div><\/div>\n\n\n\n<div class=\"wp-block-uagb-container uagb-block-1633d84f alignfull uagb-is-root-container\"><div class=\"uagb-container-inner-blocks-wrap\">\n<div class=\"wp-block-uagb-container uagb-block-21645fdf\">\n<div class=\"wp-block-uagb-advanced-heading uagb-block-3f60f2b5\"><h2 class=\"uagb-heading-text\">MAINTENANCE ASSISTANCE AND REMOTE MANAGEMENT<\/h2><\/div>\n\n\n\n<p>Our most advanced projects incorporate remote control systems that monitor by means of probes the critical parameters that influence the correct development of each installation, such as substrate humidity, temperature, Ph, EC, etc. From Terapia Urbana we offer technical assistance to our partners in remote control management, including advice on the maintenance phase appropriate to each project.<\/p>\n<\/div>\n\n\n\n<div class=\"wp-block-uagb-container uagb-block-1f868083\">\n<figure class=\"wp-block-image size-full\"><img loading=\"lazy\" decoding=\"async\" width=\"724\" height=\"500\" src=\"https:\/\/www.terapiaurbana.com\/wp-content\/uploads\/2024\/12\/Instalacion-jardin-vertical-exterior.png\" alt=\"\" class=\"wp-image-61632\" srcset=\"https:\/\/www.terapiaurbana.com\/wp-content\/uploads\/2024\/12\/Instalacion-jardin-vertical-exterior.png 724w, https:\/\/www.terapiaurbana.com\/wp-content\/uploads\/2024\/12\/Instalacion-jardin-vertical-exterior-300x207.png 300w\" sizes=\"auto, (max-width: 724px) 100vw, 724px\" \/><\/figure>\n<\/div>\n<\/div><\/div>\n\n\n\n<div class=\"wp-block-uagb-advanced-heading uagb-block-b4763cbf\"><h2 class=\"uagb-heading-text\">A GROWING NETWORK<\/h2><\/div>\n\n\n\n<p>More and more professionals and companies are choosing Fytotextile\u00ae for the installation of living walls. We collaborate with companies aligning objectives: the success of each installation and the satisfaction of your customer. We want to be your trusted expert advisor for your nature-based solutions projects.<\/p>\n\n\n\n<div class=\"wp-block-uagb-container uagb-block-5d1c436f alignfull uagb-is-root-container\"><div class=\"uagb-container-inner-blocks-wrap\">\n<div class=\"wp-block-uagb-container uagb-block-f8be00c9\">\n<figure class=\"wp-block-image size-full\"><img loading=\"lazy\" decoding=\"async\" width=\"1200\" height=\"720\" src=\"https:\/\/www.terapiaurbana.com\/wp-content\/uploads\/2024\/12\/mapa-proyectos-terapia-urbana.jpg\" alt=\"\" class=\"wp-image-61375\" srcset=\"https:\/\/www.terapiaurbana.com\/wp-content\/uploads\/2024\/12\/mapa-proyectos-terapia-urbana.jpg 1200w, https:\/\/www.terapiaurbana.com\/wp-content\/uploads\/2024\/12\/mapa-proyectos-terapia-urbana-300x180.jpg 300w, https:\/\/www.terapiaurbana.com\/wp-content\/uploads\/2024\/12\/mapa-proyectos-terapia-urbana-1024x614.jpg 1024w, https:\/\/www.terapiaurbana.com\/wp-content\/uploads\/2024\/12\/mapa-proyectos-terapia-urbana-768x461.jpg 768w\" sizes=\"auto, (max-width: 1200px) 100vw, 1200px\" \/><\/figure>\n<\/div>\n\n\n\n<div class=\"wp-block-uagb-container uagb-block-b772b24e\">\n<p class=\"has-text-align-center has-text-color has-link-color has-large-font-size wp-elements-adec1837a8d55d83be6c2f9bc58cc52f\" style=\"color:#79a441;margin-bottom:0px\"><strong>+ 38.000<\/strong><\/p>\n\n\n\n<p class=\"has-text-align-center\" style=\"margin-bottom:25px\"><strong>m2 of constructed area<\/strong><\/p>\n\n\n\n<p class=\"has-text-align-center has-text-color has-link-color has-large-font-size wp-elements-e3b43e6d2bed443eab67755e1afec153\" style=\"color:#79a441;margin-bottom:0px\"><strong>+ 1.100.000<\/strong><\/p>\n\n\n\n<p class=\"has-text-align-center\" style=\"margin-bottom:25px\"><strong>Installed plants<\/strong><\/p>\n\n\n\n<p class=\"has-text-align-center has-text-color has-link-color has-large-font-size wp-elements-ce077a5e5ac750ead99e9e4964d1ea7e\" style=\"color:#79a441;margin-bottom:0px\"><strong>+ 800<\/strong><\/p>\n\n\n\n<p class=\"has-text-align-center\" style=\"margin-bottom:25px\"><strong>Projects completed<\/strong><\/p>\n\n\n\n<p class=\"has-text-align-center has-text-color has-link-color has-large-font-size wp-elements-836f71891d19ef743acb6093f2a90479\" style=\"color:#79a441;margin-bottom:0px\"><strong>+ 50<\/strong><\/p>\n\n\n\n<p class=\"has-text-align-center\" style=\"margin-bottom:25px\"><strong>Partners<\/strong><\/p>\n<\/div>\n<\/div><\/div>\n\n\n\n<div class=\"wp-block-uagb-buttons uagb-buttons__outer-wrap uagb-btn__default-btn uagb-btn-tablet__default-btn uagb-btn-mobile__default-btn uagb-block-95e870ee\"><div class=\"uagb-buttons__wrap uagb-buttons-layout-wrap \">\n<div class=\"wp-block-uagb-buttons-child uagb-buttons__outer-wrap uagb-block-0047ba7d wp-block-button\"><div class=\"uagb-button__wrapper\"><a class=\"uagb-buttons-repeater wp-block-button__link\" aria-label=\"\" href=\"https:\/\/www.terapiaurbana.com\/en\/contact\/\" rel=\"follow noopener\" target=\"_self\" role=\"button\"><div class=\"uagb-button__link\">CONTACTA CON NOSOTROS<\/div><\/a><\/div><\/div>\n<\/div><\/div>\n\n\n\n<div class=\"wp-block-uagb-container uagb-block-26ec87b7 alignfull uagb-is-root-container\"><div class=\"uagb-container-inner-blocks-wrap\"><\/div><\/div>\n","protected":false},"excerpt":{"rendered":"<p>EXTERNAL NETWORK OF INSTALLERS In Terapia Urbana we are not installers. We are at the service of specifiers and installation [&hellip;]<\/p>\n","protected":false},"author":1,"featured_media":0,"parent":0,"menu_order":0,"comment_status":"closed","ping_status":"closed","template":"","meta":{"_uag_custom_page_level_css":"","site-sidebar-layout":"default","site-content-layout":"","ast-site-content-layout":"","site-content-style":"default","site-sidebar-style":"default","ast-global-header-display":"","ast-banner-title-visibility":"","ast-main-header-display":"","ast-hfb-above-header-display":"","ast-hfb-below-header-display":"","ast-hfb-mobile-header-display":"","site-post-title":"disabled","ast-breadcrumbs-content":"","ast-featured-img":"","footer-sml-layout":"","theme-transparent-header-meta":"","adv-header-id-meta":"","stick-header-meta":"","header-above-stick-meta":"","header-main-stick-meta":"","header-below-stick-meta":"","astra-migrate-meta-layouts":"default","ast-page-background-enabled":"default","ast-page-background-meta":{"desktop":{"background-color":"var(--ast-global-color-4)","background-image":"","background-repeat":"repeat","background-position":"center center","background-size":"auto","background-attachment":"scroll","background-type":"","background-media":"","overlay-type":"","overlay-color":"","overlay-opacity":"","overlay-gradient":""},"tablet":{"background-color":"","background-image":"","background-repeat":"repeat","background-position":"center center","background-size":"auto","background-attachment":"scroll","background-type":"","background-media":"","overlay-type":"","overlay-color":"","overlay-opacity":"","overlay-gradient":""},"mobile":{"background-color":"","background-image":"","background-repeat":"repeat","background-position":"center center","background-size":"auto","background-attachment":"scroll","background-type":"","background-media":"","overlay-type":"","overlay-color":"","overlay-opacity":"","overlay-gradient":""}},"ast-content-background-meta":{"desktop":{"background-color":"var(--ast-global-color-5)","background-image":"","background-repeat":"repeat","background-position":"center center","background-size":"auto","background-attachment":"scroll","background-type":"","background-media":"","overlay-type":"","overlay-color":"","overlay-opacity":"","overlay-gradient":""},"tablet":{"background-color":"var(--ast-global-color-5)","background-image":"","background-repeat":"repeat","background-position":"center center","background-size":"auto","background-attachment":"scroll","background-type":"","background-media":"","overlay-type":"","overlay-color":"","overlay-opacity":"","overlay-gradient":""},"mobile":{"background-color":"var(--ast-global-color-5)","background-image":"","background-repeat":"repeat","background-position":"center center","background-size":"auto","background-attachment":"scroll","background-type":"","background-media":"","overlay-type":"","overlay-color":"","overlay-opacity":"","overlay-gradient":""}},"footnotes":""},"class_list":["post-63014","page","type-page","status-publish","hentry"],"yoast_head":"<!-- This site is optimized with the Yoast SEO plugin v26.3 - https:\/\/yoast.com\/wordpress\/plugins\/seo\/ -->\n<title>Partners -<\/title>\n<meta name=\"robots\" content=\"index, follow, max-snippet:-1, max-image-preview:large, max-video-preview:-1\" \/>\n<link rel=\"canonical\" href=\"https:\/\/www.terapiaurbana.com\/en\/partners\/\" \/>\n<meta property=\"og:locale\" content=\"en_US\" \/>\n<meta property=\"og:type\" content=\"article\" \/>\n<meta property=\"og:title\" content=\"Partners -\" \/>\n<meta property=\"og:description\" content=\"EXTERNAL NETWORK OF INSTALLERS In Terapia Urbana we are not installers. We are at the service of specifiers and installation [&hellip;]\" \/>\n<meta property=\"og:url\" content=\"https:\/\/www.terapiaurbana.com\/en\/partners\/\" \/>\n<meta property=\"article:publisher\" content=\"https:\/\/www.facebook.com\/terapiaurbana\/\" \/>\n<meta property=\"article:modified_time\" content=\"2025-11-12T11:14:02+00:00\" \/>\n<meta property=\"og:image\" content=\"https:\/\/www.terapiaurbana.com\/wp-content\/uploads\/2024\/12\/instalacion-jardin-vertical.png\" \/>\n<meta name=\"twitter:card\" content=\"summary_large_image\" \/>\n<meta name=\"twitter:site\" content=\"@terapia_urbana\" \/>\n<meta name=\"twitter:label1\" content=\"Est. reading time\" \/>\n\t<meta name=\"twitter:data1\" content=\"2 minutes\" \/>\n<script type=\"application\/ld+json\" class=\"yoast-schema-graph\">{\"@context\":\"https:\/\/schema.org\",\"@graph\":[{\"@type\":\"WebPage\",\"@id\":\"https:\/\/www.terapiaurbana.com\/en\/partners\/\",\"url\":\"https:\/\/www.terapiaurbana.com\/en\/partners\/\",\"name\":\"Partners -\",\"isPartOf\":{\"@id\":\"https:\/\/www.terapiaurbana.com\/en\/#website\"},\"primaryImageOfPage\":{\"@id\":\"https:\/\/www.terapiaurbana.com\/en\/partners\/#primaryimage\"},\"image\":{\"@id\":\"https:\/\/www.terapiaurbana.com\/en\/partners\/#primaryimage\"},\"thumbnailUrl\":\"https:\/\/www.terapiaurbana.com\/wp-content\/uploads\/2024\/12\/instalacion-jardin-vertical.png\",\"datePublished\":\"2024-11-19T09:45:38+00:00\",\"dateModified\":\"2025-11-12T11:14:02+00:00\",\"breadcrumb\":{\"@id\":\"https:\/\/www.terapiaurbana.com\/en\/partners\/#breadcrumb\"},\"inLanguage\":\"en-US\",\"potentialAction\":[{\"@type\":\"ReadAction\",\"target\":[\"https:\/\/www.terapiaurbana.com\/en\/partners\/\"]}]},{\"@type\":\"ImageObject\",\"inLanguage\":\"en-US\",\"@id\":\"https:\/\/www.terapiaurbana.com\/en\/partners\/#primaryimage\",\"url\":\"https:\/\/www.terapiaurbana.com\/wp-content\/uploads\/2024\/12\/instalacion-jardin-vertical.png\",\"contentUrl\":\"https:\/\/www.terapiaurbana.com\/wp-content\/uploads\/2024\/12\/instalacion-jardin-vertical.png\"},{\"@type\":\"BreadcrumbList\",\"@id\":\"https:\/\/www.terapiaurbana.com\/en\/partners\/#breadcrumb\",\"itemListElement\":[{\"@type\":\"ListItem\",\"position\":1,\"name\":\"Portada\",\"item\":\"https:\/\/www.terapiaurbana.com\/en\/\"},{\"@type\":\"ListItem\",\"position\":2,\"name\":\"Partners\"}]},{\"@type\":\"WebSite\",\"@id\":\"https:\/\/www.terapiaurbana.com\/en\/#website\",\"url\":\"https:\/\/www.terapiaurbana.com\/en\/\",\"name\":\"Terapia Urbana | Especialistas en jardines verticales\",\"description\":\"Especialistas en dise\u00f1o de jardines verticales exteriores e interiores naturales con tecnolog\u00eda Fytotextile y iluminaci\u00f3n auxiliar para una sostenible y funcional\",\"publisher\":{\"@id\":\"https:\/\/www.terapiaurbana.com\/en\/#organization\"},\"alternateName\":\"Terapia Urbana\",\"potentialAction\":[{\"@type\":\"SearchAction\",\"target\":{\"@type\":\"EntryPoint\",\"urlTemplate\":\"https:\/\/www.terapiaurbana.com\/en\/?s={search_term_string}\"},\"query-input\":{\"@type\":\"PropertyValueSpecification\",\"valueRequired\":true,\"valueName\":\"search_term_string\"}}],\"inLanguage\":\"en-US\"},{\"@type\":\"Organization\",\"@id\":\"https:\/\/www.terapiaurbana.com\/en\/#organization\",\"name\":\"Terapia Urbana | Especialistas en jardines verticales\",\"alternateName\":\"Terapia Urbana\",\"url\":\"https:\/\/www.terapiaurbana.com\/en\/\",\"logo\":{\"@type\":\"ImageObject\",\"inLanguage\":\"en-US\",\"@id\":\"https:\/\/www.terapiaurbana.com\/en\/#\/schema\/logo\/image\/\",\"url\":\"https:\/\/www.terapiaurbana.com\/wp-content\/uploads\/2024\/11\/terapia-urbana.png\",\"contentUrl\":\"https:\/\/www.terapiaurbana.com\/wp-content\/uploads\/2024\/11\/terapia-urbana.png\",\"width\":300,\"height\":56,\"caption\":\"Terapia Urbana | Especialistas en jardines verticales\"},\"image\":{\"@id\":\"https:\/\/www.terapiaurbana.com\/en\/#\/schema\/logo\/image\/\"},\"sameAs\":[\"https:\/\/www.facebook.com\/terapiaurbana\/\",\"https:\/\/x.com\/terapia_urbana\",\"https:\/\/www.linkedin.com\/company\/terapia-urbana\/\",\"https:\/\/www.instagram.com\/terapia_urbana\/\",\"https:\/\/www.youtube.com\/channel\/UCD7hLkfNLA-vMACy2NXSPGg\"]}]}<\/script>\n<!-- \/ Yoast SEO plugin. -->","yoast_head_json":{"title":"Partners -","robots":{"index":"index","follow":"follow","max-snippet":"max-snippet:-1","max-image-preview":"max-image-preview:large","max-video-preview":"max-video-preview:-1"},"canonical":"https:\/\/www.terapiaurbana.com\/en\/partners\/","og_locale":"en_US","og_type":"article","og_title":"Partners -","og_description":"EXTERNAL NETWORK OF INSTALLERS In Terapia Urbana we are not installers. We are at the service of specifiers and installation [&hellip;]","og_url":"https:\/\/www.terapiaurbana.com\/en\/partners\/","article_publisher":"https:\/\/www.facebook.com\/terapiaurbana\/","article_modified_time":"2025-11-12T11:14:02+00:00","og_image":[{"url":"https:\/\/www.terapiaurbana.com\/wp-content\/uploads\/2024\/12\/instalacion-jardin-vertical.png","type":"","width":"","height":""}],"twitter_card":"summary_large_image","twitter_site":"@terapia_urbana","twitter_misc":{"Est. reading time":"2 minutes"},"schema":{"@context":"https:\/\/schema.org","@graph":[{"@type":"WebPage","@id":"https:\/\/www.terapiaurbana.com\/en\/partners\/","url":"https:\/\/www.terapiaurbana.com\/en\/partners\/","name":"Partners -","isPartOf":{"@id":"https:\/\/www.terapiaurbana.com\/en\/#website"},"primaryImageOfPage":{"@id":"https:\/\/www.terapiaurbana.com\/en\/partners\/#primaryimage"},"image":{"@id":"https:\/\/www.terapiaurbana.com\/en\/partners\/#primaryimage"},"thumbnailUrl":"https:\/\/www.terapiaurbana.com\/wp-content\/uploads\/2024\/12\/instalacion-jardin-vertical.png","datePublished":"2024-11-19T09:45:38+00:00","dateModified":"2025-11-12T11:14:02+00:00","breadcrumb":{"@id":"https:\/\/www.terapiaurbana.com\/en\/partners\/#breadcrumb"},"inLanguage":"en-US","potentialAction":[{"@type":"ReadAction","target":["https:\/\/www.terapiaurbana.com\/en\/partners\/"]}]},{"@type":"ImageObject","inLanguage":"en-US","@id":"https:\/\/www.terapiaurbana.com\/en\/partners\/#primaryimage","url":"https:\/\/www.terapiaurbana.com\/wp-content\/uploads\/2024\/12\/instalacion-jardin-vertical.png","contentUrl":"https:\/\/www.terapiaurbana.com\/wp-content\/uploads\/2024\/12\/instalacion-jardin-vertical.png"},{"@type":"BreadcrumbList","@id":"https:\/\/www.terapiaurbana.com\/en\/partners\/#breadcrumb","itemListElement":[{"@type":"ListItem","position":1,"name":"Portada","item":"https:\/\/www.terapiaurbana.com\/en\/"},{"@type":"ListItem","position":2,"name":"Partners"}]},{"@type":"WebSite","@id":"https:\/\/www.terapiaurbana.com\/en\/#website","url":"https:\/\/www.terapiaurbana.com\/en\/","name":"Terapia Urbana | Especialistas en jardines verticales","description":"Especialistas en dise\u00f1o de jardines verticales exteriores e interiores naturales con tecnolog\u00eda Fytotextile y iluminaci\u00f3n auxiliar para una sostenible y funcional","publisher":{"@id":"https:\/\/www.terapiaurbana.com\/en\/#organization"},"alternateName":"Terapia Urbana","potentialAction":[{"@type":"SearchAction","target":{"@type":"EntryPoint","urlTemplate":"https:\/\/www.terapiaurbana.com\/en\/?s={search_term_string}"},"query-input":{"@type":"PropertyValueSpecification","valueRequired":true,"valueName":"search_term_string"}}],"inLanguage":"en-US"},{"@type":"Organization","@id":"https:\/\/www.terapiaurbana.com\/en\/#organization","name":"Terapia Urbana | Especialistas en jardines verticales","alternateName":"Terapia Urbana","url":"https:\/\/www.terapiaurbana.com\/en\/","logo":{"@type":"ImageObject","inLanguage":"en-US","@id":"https:\/\/www.terapiaurbana.com\/en\/#\/schema\/logo\/image\/","url":"https:\/\/www.terapiaurbana.com\/wp-content\/uploads\/2024\/11\/terapia-urbana.png","contentUrl":"https:\/\/www.terapiaurbana.com\/wp-content\/uploads\/2024\/11\/terapia-urbana.png","width":300,"height":56,"caption":"Terapia Urbana | Especialistas en jardines verticales"},"image":{"@id":"https:\/\/www.terapiaurbana.com\/en\/#\/schema\/logo\/image\/"},"sameAs":["https:\/\/www.facebook.com\/terapiaurbana\/","https:\/\/x.com\/terapia_urbana","https:\/\/www.linkedin.com\/company\/terapia-urbana\/","https:\/\/www.instagram.com\/terapia_urbana\/","https:\/\/www.youtube.com\/channel\/UCD7hLkfNLA-vMACy2NXSPGg"]}]}},"uagb_featured_image_src":{"full":false,"thumbnail":false,"medium":false,"medium_large":false,"large":false,"1536x1536":false,"2048x2048":false,"gform-image-choice-sm":false,"gform-image-choice-md":false,"gform-image-choice-lg":false},"uagb_author_info":{"display_name":"terapiaurbana","author_link":"https:\/\/www.terapiaurbana.com\/en\/author\/terapiaurbana\/"},"uagb_comment_info":0,"uagb_excerpt":"EXTERNAL NETWORK OF INSTALLERS In Terapia Urbana we are not installers. We are at the service of specifiers and installation [&hellip;]","_links":{"self":[{"href":"https:\/\/www.terapiaurbana.com\/en\/wp-json\/wp\/v2\/pages\/63014","targetHints":{"allow":["GET"]}}],"collection":[{"href":"https:\/\/www.terapiaurbana.com\/en\/wp-json\/wp\/v2\/pages"}],"about":[{"href":"https:\/\/www.terapiaurbana.com\/en\/wp-json\/wp\/v2\/types\/page"}],"author":[{"embeddable":true,"href":"https:\/\/www.terapiaurbana.com\/en\/wp-json\/wp\/v2\/users\/1"}],"replies":[{"embeddable":true,"href":"https:\/\/www.terapiaurbana.com\/en\/wp-json\/wp\/v2\/comments?post=63014"}],"version-history":[{"count":3,"href":"https:\/\/www.terapiaurbana.com\/en\/wp-json\/wp\/v2\/pages\/63014\/revisions"}],"predecessor-version":[{"id":66685,"href":"https:\/\/www.terapiaurbana.com\/en\/wp-json\/wp\/v2\/pages\/63014\/revisions\/66685"}],"wp:attachment":[{"href":"https:\/\/www.terapiaurbana.com\/en\/wp-json\/wp\/v2\/media?parent=63014"}],"curies":[{"name":"wp","href":"https:\/\/api.w.org\/{rel}","templated":true}]}}