{"id":63102,"date":"2024-11-19T10:41:12","date_gmt":"2024-11-19T09:41:12","guid":{"rendered":"https:\/\/www.terapiaurbana.com\/technical-consulting\/"},"modified":"2025-11-10T14:11:16","modified_gmt":"2025-11-10T13:11:16","slug":"technical-consulting","status":"publish","type":"page","link":"https:\/\/www.terapiaurbana.com\/en\/technical-consulting\/","title":{"rendered":"Technical consulting"},"content":{"rendered":"\n<div class=\"wp-block-uagb-container uagb-block-1f55ebd9 alignfull uagb-is-root-container\"><div class=\"uagb-container-inner-blocks-wrap\">\n<div class=\"wp-block-uagb-advanced-heading uagb-block-2555b635\"><h2 class=\"uagb-heading-text\">TECHNICAL CONSULTING<\/h2><\/div>\n<\/div><\/div>\n\n\n\n<div class=\"wp-block-uagb-container uagb-block-10adf577 alignfull uagb-is-root-container\"><div class=\"uagb-container-inner-blocks-wrap\"><\/div><\/div>\n\n\n\n<div class=\"wp-block-uagb-container uagb-block-4e70129f alignfull uagb-is-root-container\"><div class=\"uagb-container-inner-blocks-wrap\">\n<div class=\"wp-block-uagb-advanced-heading uagb-block-6cb664eb\"><h2 class=\"uagb-heading-text\">CONSULTING AND INTEGRAL MANAGEMENT OF PROJECT DEVELOPMENT<\/h2><\/div>\n\n\n\n<p>We help you with the technical design of the nature-based solutions you include in your project. Our team will advise you in a personalized way according to the characteristics of the project to be developed, to guarantee the correct technical definition, measurement, valuation and commissioning, without forgetting the recommendations for the most important phase: maintenance.<\/p>\n\n\n\n<figure class=\"wp-block-image size-full\"><img loading=\"lazy\" decoding=\"async\" width=\"1200\" height=\"169\" src=\"https:\/\/www.terapiaurbana.com\/wp-content\/uploads\/2025\/11\/ENG-Consultoria_3-100.jpg\" alt=\"\" class=\"wp-image-66210\" srcset=\"https:\/\/www.terapiaurbana.com\/wp-content\/uploads\/2025\/11\/ENG-Consultoria_3-100.jpg 1200w, https:\/\/www.terapiaurbana.com\/wp-content\/uploads\/2025\/11\/ENG-Consultoria_3-100-300x42.jpg 300w, https:\/\/www.terapiaurbana.com\/wp-content\/uploads\/2025\/11\/ENG-Consultoria_3-100-1024x144.jpg 1024w, https:\/\/www.terapiaurbana.com\/wp-content\/uploads\/2025\/11\/ENG-Consultoria_3-100-768x108.jpg 768w\" sizes=\"auto, (max-width: 1200px) 100vw, 1200px\" \/><\/figure>\n<\/div><\/div>\n\n\n\n<div class=\"wp-block-uagb-container uagb-block-5d7a54ba alignfull uagb-is-root-container\"><div class=\"uagb-container-inner-blocks-wrap\">\n<div class=\"wp-block-uagb-advanced-heading uagb-block-db3261e9\"><h2 class=\"uagb-heading-text\">PRELIMINARY STUDY OF THE PROJECT<\/h2><\/div>\n\n\n\n<p>If you have any doubts about the prerequisites of the installation, the estimated budget or general description of the system to be implemented in your proposal, we are at your disposal to advise you without obligation.<\/p>\n\n\n\n<figure class=\"wp-block-image size-full\"><img loading=\"lazy\" decoding=\"async\" width=\"1920\" height=\"1222\" src=\"https:\/\/www.terapiaurbana.com\/wp-content\/uploads\/2024\/12\/proceso-diseno-consultoria-tecnica.jpg\" alt=\"\" class=\"wp-image-61867\" srcset=\"https:\/\/www.terapiaurbana.com\/wp-content\/uploads\/2024\/12\/proceso-diseno-consultoria-tecnica.jpg 1920w, https:\/\/www.terapiaurbana.com\/wp-content\/uploads\/2024\/12\/proceso-diseno-consultoria-tecnica-300x191.jpg 300w, https:\/\/www.terapiaurbana.com\/wp-content\/uploads\/2024\/12\/proceso-diseno-consultoria-tecnica-1024x652.jpg 1024w, https:\/\/www.terapiaurbana.com\/wp-content\/uploads\/2024\/12\/proceso-diseno-consultoria-tecnica-768x489.jpg 768w, https:\/\/www.terapiaurbana.com\/wp-content\/uploads\/2024\/12\/proceso-diseno-consultoria-tecnica-1536x978.jpg 1536w\" sizes=\"auto, (max-width: 1920px) 100vw, 1920px\" \/><\/figure>\n<\/div><\/div>\n\n\n\n<div class=\"wp-block-uagb-container uagb-block-956c3c00 alignfull uagb-is-root-container\"><div class=\"uagb-container-inner-blocks-wrap\">\n<div class=\"wp-block-uagb-container uagb-block-428d259d\">\n<figure class=\"wp-block-image size-full\"><img loading=\"lazy\" decoding=\"async\" width=\"453\" height=\"138\" src=\"https:\/\/www.terapiaurbana.com\/wp-content\/uploads\/2024\/12\/certificaciones-us.png\" alt=\"\" class=\"wp-image-61868\" srcset=\"https:\/\/www.terapiaurbana.com\/wp-content\/uploads\/2024\/12\/certificaciones-us.png 453w, https:\/\/www.terapiaurbana.com\/wp-content\/uploads\/2024\/12\/certificaciones-us-300x91.png 300w\" sizes=\"auto, (max-width: 453px) 100vw, 453px\" \/><\/figure>\n<\/div>\n\n\n\n<div class=\"wp-block-uagb-container uagb-block-ea20b35d\">\n<div class=\"wp-block-uagb-advanced-heading uagb-block-4413b1fa\"><h2 class=\"uagb-heading-text\">TECHNICAL SPECIFICATIONS<\/h2><\/div>\n\n\n\n<p>For each project we provide you with the definition of the technical solution to be included in the project, with special attention to the most relevant specifications to be included. Our commitment to quality and R&amp;D from the University translates into advanced systems with high technical performance.<\/p>\n<\/div>\n<\/div><\/div>\n\n\n\n<div class=\"wp-block-uagb-container uagb-block-cc9d2582 alignfull uagb-is-root-container\"><div class=\"uagb-container-inner-blocks-wrap\">\n<figure class=\"wp-block-image size-full\"><img loading=\"lazy\" decoding=\"async\" width=\"1900\" height=\"742\" src=\"https:\/\/www.terapiaurbana.com\/wp-content\/uploads\/2024\/12\/estudio-tecnico-consultoria-jardin-vertical.jpg\" alt=\"\" class=\"wp-image-61874\" srcset=\"https:\/\/www.terapiaurbana.com\/wp-content\/uploads\/2024\/12\/estudio-tecnico-consultoria-jardin-vertical.jpg 1900w, https:\/\/www.terapiaurbana.com\/wp-content\/uploads\/2024\/12\/estudio-tecnico-consultoria-jardin-vertical-300x117.jpg 300w, https:\/\/www.terapiaurbana.com\/wp-content\/uploads\/2024\/12\/estudio-tecnico-consultoria-jardin-vertical-1024x400.jpg 1024w, https:\/\/www.terapiaurbana.com\/wp-content\/uploads\/2024\/12\/estudio-tecnico-consultoria-jardin-vertical-768x300.jpg 768w, https:\/\/www.terapiaurbana.com\/wp-content\/uploads\/2024\/12\/estudio-tecnico-consultoria-jardin-vertical-1536x600.jpg 1536w\" sizes=\"auto, (max-width: 1900px) 100vw, 1900px\" \/><\/figure>\n<\/div><\/div>\n\n\n\n<div class=\"wp-block-uagb-container uagb-block-15182476 alignfull uagb-is-root-container\"><div class=\"uagb-container-inner-blocks-wrap\"><\/div><\/div>\n\n\n\n<div class=\"wp-block-uagb-container uagb-block-22104e18 alignfull uagb-is-root-container\"><div class=\"uagb-container-inner-blocks-wrap\">\n<div class=\"wp-block-uagb-advanced-heading uagb-block-a48b4b92\"><h2 class=\"uagb-heading-text\">TECHNICAL SOLUTION<\/h2><\/div>\n\n\n\n<p>The scope of our assistance service covers the technical and constructive definition of each proposal, including the elaboration of drawings and schemes to be incorporated in the project. A project solution with a high level of definition is the key to guarantee the best results on site.<\/p>\n<\/div><\/div>\n\n\n\n<div class=\"wp-block-uagb-container uagb-block-36cbd0c1 alignfull uagb-is-root-container\"><div class=\"uagb-container-inner-blocks-wrap\">\n<div class=\"wp-block-uagb-advanced-heading uagb-block-feb70872\"><h2 class=\"uagb-heading-text\">SPECIFIC TECHNICAL DRAWINGS FOR INSTALLATION<\/h2><\/div>\n\n\n\n<figure class=\"wp-block-image size-full\"><img loading=\"lazy\" decoding=\"async\" width=\"1200\" height=\"256\" src=\"https:\/\/www.terapiaurbana.com\/wp-content\/uploads\/2025\/11\/ENG-Consultoria_2-100.jpg\" alt=\"\" class=\"wp-image-66215\" srcset=\"https:\/\/www.terapiaurbana.com\/wp-content\/uploads\/2025\/11\/ENG-Consultoria_2-100.jpg 1200w, https:\/\/www.terapiaurbana.com\/wp-content\/uploads\/2025\/11\/ENG-Consultoria_2-100-300x64.jpg 300w, https:\/\/www.terapiaurbana.com\/wp-content\/uploads\/2025\/11\/ENG-Consultoria_2-100-1024x218.jpg 1024w, https:\/\/www.terapiaurbana.com\/wp-content\/uploads\/2025\/11\/ENG-Consultoria_2-100-768x164.jpg 768w\" sizes=\"auto, (max-width: 1200px) 100vw, 1200px\" \/><\/figure>\n<\/div><\/div>\n\n\n\n<div class=\"wp-block-uagb-container uagb-block-46fc1a22 alignfull uagb-is-root-container\"><div class=\"uagb-container-inner-blocks-wrap\">\n<div class=\"wp-block-uagb-advanced-heading uagb-block-8fa2e1c4\"><h2 class=\"uagb-heading-text\">ON-SITE TECHNICAL ASSISTANCE<\/h2><\/div>\n\n\n\n<p>During the execution of the projects, our expert team can provide on-site technical assistance, accompanying both the site management and the installation company. We want to be your trusted expert advisor, and our goal is the success of every installation.<\/p>\n<\/div><\/div>\n\n\n\n<div class=\"wp-block-uagb-container uagb-block-0f17f6db alignfull uagb-is-root-container\"><div class=\"uagb-container-inner-blocks-wrap\"><\/div><\/div>\n\n\n\n<div class=\"wp-block-uagb-container uagb-block-f93d3fb9 alignfull uagb-is-root-container\"><div class=\"uagb-container-inner-blocks-wrap\">\n<div class=\"wp-block-uagb-advanced-heading uagb-block-bd3f161d\"><h2 class=\"uagb-heading-text\">MAINTENANCE PLAN<\/h2><\/div>\n\n\n\n<p>Solutions based on nature, incorporating living elements, constitute very special construction systems. The long-term success of these installations depends on a correct definition of the scope of preventive and corrective maintenance tasks from the design phase. Our team will advise you to ensure proper planning of this important aspect.<\/p>\n<\/div><\/div>\n\n\n\n<div class=\"wp-block-uagb-container uagb-block-d81f2daf alignfull uagb-is-root-container\"><div class=\"uagb-container-inner-blocks-wrap\">\n<div class=\"wp-block-uagb-container uagb-block-a560e66e\">\n<div class=\"wp-block-uagb-advanced-heading uagb-block-6baf04a5\"><h3 class=\"uagb-heading-text\">ANNUAL MAINTENANCE SCHEDULE<\/h3><\/div>\n\n\n\n<figure class=\"wp-block-image size-full is-resized\" style=\"margin-bottom:20px\"><img loading=\"lazy\" decoding=\"async\" width=\"479\" height=\"118\" src=\"https:\/\/www.terapiaurbana.com\/wp-content\/uploads\/2024\/12\/calendario-de-mantenimiento.png\" alt=\"\" class=\"wp-image-61885\" style=\"width:479px;height:auto\" srcset=\"https:\/\/www.terapiaurbana.com\/wp-content\/uploads\/2024\/12\/calendario-de-mantenimiento.png 479w, https:\/\/www.terapiaurbana.com\/wp-content\/uploads\/2024\/12\/calendario-de-mantenimiento-300x74.png 300w\" sizes=\"auto, (max-width: 479px) 100vw, 479px\" \/><\/figure>\n\n\n\n<p style=\"margin-bottom:0px\">I &#8211; Inspection<\/p>\n\n\n\n<p>M &#8211; Maintenance<\/p>\n<\/div>\n\n\n\n<div class=\"wp-block-uagb-container uagb-block-4811373c\">\n<div class=\"wp-block-uagb-advanced-heading uagb-block-17d0367c\"><h3 class=\"uagb-heading-text\">ITEMS TO BE REVIEWED MONTHLY<\/h3><\/div>\n\n\n\n<p style=\"margin-top:10px;margin-bottom:10px\"><img loading=\"lazy\" decoding=\"async\" src=\"https:\/\/www.terapiaurbana.com\/wp-content\/uploads\/2023\/05\/Captura-de-pantalla-2023-05-11-a-las-20.13.15.png\" width=\"34\" height=\"23\" alt=\"\">  Plant condition<\/p>\n\n\n\n<p style=\"margin-bottom:10px\"><img loading=\"lazy\" decoding=\"async\" src=\"https:\/\/www.terapiaurbana.com\/wp-content\/uploads\/2023\/05\/Captura-de-pantalla-2023-05-11-a-las-20.13.15.png\" width=\"34\" height=\"23\" alt=\"\">  Operation of the irrigation system<\/p>\n\n\n\n<p style=\"margin-bottom:10px\"><img loading=\"lazy\" decoding=\"async\" src=\"https:\/\/www.terapiaurbana.com\/wp-content\/uploads\/2023\/05\/Captura-de-pantalla-2023-05-11-a-las-20.13.15.png\" width=\"34\" height=\"23\" alt=\"\">  Substrate humidity<\/p>\n\n\n\n<p style=\"margin-bottom:10px\"><img loading=\"lazy\" decoding=\"async\" src=\"https:\/\/www.terapiaurbana.com\/wp-content\/uploads\/2023\/05\/Captura-de-pantalla-2023-05-11-a-las-20.13.15.png\" width=\"34\" height=\"23\" alt=\"\">  Drainage system (filter and leaf cleaning)<\/p>\n\n\n\n<p><img loading=\"lazy\" decoding=\"async\" src=\"https:\/\/www.terapiaurbana.com\/wp-content\/uploads\/2023\/05\/Captura-de-pantalla-2023-05-11-a-las-20.13.15.png\" width=\"34\" height=\"23\" alt=\"\">  Irrigation cycles<\/p>\n<\/div>\n<\/div><\/div>\n\n\n\n<div class=\"wp-block-uagb-container uagb-block-63e8c629 alignfull uagb-is-root-container\"><div class=\"uagb-container-inner-blocks-wrap\">\n<div class=\"wp-block-buttons is-content-justification-center is-layout-flex wp-container-core-buttons-is-layout-a89b3969 wp-block-buttons-is-layout-flex\">\n<div class=\"wp-block-button\"><a class=\"wp-block-button__link has-ast-global-color-5-color has-text-color has-link-color has-text-align-center wp-element-button\" href=\"https:\/\/www.terapiaurbana.com\/en\/contact\/\">SHALL WE TALK?<\/a><\/div>\n<\/div>\n<\/div><\/div>\n\n\n\n<div class=\"wp-block-uagb-container uagb-block-99522a89 alignfull uagb-is-root-container\"><div class=\"uagb-container-inner-blocks-wrap\"><\/div><\/div>\n","protected":false},"excerpt":{"rendered":"<p>TECHNICAL CONSULTING CONSULTING AND INTEGRAL MANAGEMENT OF PROJECT DEVELOPMENT We help you with the technical design of the nature-based solutions [&hellip;]<\/p>\n","protected":false},"author":1,"featured_media":0,"parent":0,"menu_order":0,"comment_status":"closed","ping_status":"closed","template":"","meta":{"_uag_custom_page_level_css":"","site-sidebar-layout":"default","site-content-layout":"","ast-site-content-layout":"full-width-container","site-content-style":"default","site-sidebar-style":"default","ast-global-header-display":"","ast-banner-title-visibility":"","ast-main-header-display":"","ast-hfb-above-header-display":"","ast-hfb-below-header-display":"","ast-hfb-mobile-header-display":"","site-post-title":"disabled","ast-breadcrumbs-content":"","ast-featured-img":"","footer-sml-layout":"","theme-transparent-header-meta":"","adv-header-id-meta":"","stick-header-meta":"","header-above-stick-meta":"","header-main-stick-meta":"","header-below-stick-meta":"","astra-migrate-meta-layouts":"default","ast-page-background-enabled":"default","ast-page-background-meta":{"desktop":{"background-color":"var(--ast-global-color-4)","background-image":"","background-repeat":"repeat","background-position":"center center","background-size":"auto","background-attachment":"scroll","background-type":"","background-media":"","overlay-type":"","overlay-color":"","overlay-opacity":"","overlay-gradient":""},"tablet":{"background-color":"","background-image":"","background-repeat":"repeat","background-position":"center center","background-size":"auto","background-attachment":"scroll","background-type":"","background-media":"","overlay-type":"","overlay-color":"","overlay-opacity":"","overlay-gradient":""},"mobile":{"background-color":"","background-image":"","background-repeat":"repeat","background-position":"center center","background-size":"auto","background-attachment":"scroll","background-type":"","background-media":"","overlay-type":"","overlay-color":"","overlay-opacity":"","overlay-gradient":""}},"ast-content-background-meta":{"desktop":{"background-color":"var(--ast-global-color-5)","background-image":"","background-repeat":"repeat","background-position":"center center","background-size":"auto","background-attachment":"scroll","background-type":"","background-media":"","overlay-type":"","overlay-color":"","overlay-opacity":"","overlay-gradient":""},"tablet":{"background-color":"var(--ast-global-color-5)","background-image":"","background-repeat":"repeat","background-position":"center center","background-size":"auto","background-attachment":"scroll","background-type":"","background-media":"","overlay-type":"","overlay-color":"","overlay-opacity":"","overlay-gradient":""},"mobile":{"background-color":"var(--ast-global-color-5)","background-image":"","background-repeat":"repeat","background-position":"center center","background-size":"auto","background-attachment":"scroll","background-type":"","background-media":"","overlay-type":"","overlay-color":"","overlay-opacity":"","overlay-gradient":""}},"footnotes":""},"class_list":["post-63102","page","type-page","status-publish","hentry"],"yoast_head":"<!-- This site is optimized with the Yoast SEO plugin v26.3 - https:\/\/yoast.com\/wordpress\/plugins\/seo\/ -->\n<title>Technical Consultancy for Vertical Gardens | Expert Solutions<\/title>\n<meta name=\"description\" content=\"Optimize your vertical garden with our technical consultancy. Professional design, installation and maintenance for long-lasting and sustainable results. Contact us!\" \/>\n<meta name=\"robots\" content=\"index, follow, max-snippet:-1, max-image-preview:large, max-video-preview:-1\" \/>\n<link rel=\"canonical\" href=\"https:\/\/www.terapiaurbana.com\/en\/technical-consulting\/\" \/>\n<meta property=\"og:locale\" content=\"en_US\" \/>\n<meta property=\"og:type\" content=\"article\" \/>\n<meta property=\"og:title\" content=\"Technical Consultancy for Vertical Gardens | Expert Solutions\" \/>\n<meta property=\"og:description\" content=\"Optimize your vertical garden with our technical consultancy. Professional design, installation and maintenance for long-lasting and sustainable results. Contact us!\" \/>\n<meta property=\"og:url\" content=\"https:\/\/www.terapiaurbana.com\/en\/technical-consulting\/\" \/>\n<meta property=\"article:publisher\" content=\"https:\/\/www.facebook.com\/terapiaurbana\/\" \/>\n<meta property=\"article:modified_time\" content=\"2025-11-10T13:11:16+00:00\" \/>\n<meta property=\"og:image\" content=\"https:\/\/www.terapiaurbana.com\/wp-content\/uploads\/2025\/11\/ENG-Consultoria_3-100.jpg\" \/>\n<meta name=\"twitter:card\" content=\"summary_large_image\" \/>\n<meta name=\"twitter:site\" content=\"@terapia_urbana\" \/>\n<meta name=\"twitter:label1\" content=\"Est. reading time\" \/>\n\t<meta name=\"twitter:data1\" content=\"4 minutes\" \/>\n<script type=\"application\/ld+json\" class=\"yoast-schema-graph\">{\"@context\":\"https:\/\/schema.org\",\"@graph\":[{\"@type\":\"WebPage\",\"@id\":\"https:\/\/www.terapiaurbana.com\/en\/technical-consulting\/\",\"url\":\"https:\/\/www.terapiaurbana.com\/en\/technical-consulting\/\",\"name\":\"Technical Consultancy for Vertical Gardens | Expert Solutions\",\"isPartOf\":{\"@id\":\"https:\/\/www.terapiaurbana.com\/en\/#website\"},\"primaryImageOfPage\":{\"@id\":\"https:\/\/www.terapiaurbana.com\/en\/technical-consulting\/#primaryimage\"},\"image\":{\"@id\":\"https:\/\/www.terapiaurbana.com\/en\/technical-consulting\/#primaryimage\"},\"thumbnailUrl\":\"https:\/\/www.terapiaurbana.com\/wp-content\/uploads\/2025\/11\/ENG-Consultoria_3-100.jpg\",\"datePublished\":\"2024-11-19T09:41:12+00:00\",\"dateModified\":\"2025-11-10T13:11:16+00:00\",\"description\":\"Optimize your vertical garden with our technical consultancy. Professional design, installation and maintenance for long-lasting and sustainable results. Contact us!\",\"breadcrumb\":{\"@id\":\"https:\/\/www.terapiaurbana.com\/en\/technical-consulting\/#breadcrumb\"},\"inLanguage\":\"en-US\",\"potentialAction\":[{\"@type\":\"ReadAction\",\"target\":[\"https:\/\/www.terapiaurbana.com\/en\/technical-consulting\/\"]}]},{\"@type\":\"ImageObject\",\"inLanguage\":\"en-US\",\"@id\":\"https:\/\/www.terapiaurbana.com\/en\/technical-consulting\/#primaryimage\",\"url\":\"https:\/\/www.terapiaurbana.com\/wp-content\/uploads\/2025\/11\/ENG-Consultoria_3-100.jpg\",\"contentUrl\":\"https:\/\/www.terapiaurbana.com\/wp-content\/uploads\/2025\/11\/ENG-Consultoria_3-100.jpg\"},{\"@type\":\"BreadcrumbList\",\"@id\":\"https:\/\/www.terapiaurbana.com\/en\/technical-consulting\/#breadcrumb\",\"itemListElement\":[{\"@type\":\"ListItem\",\"position\":1,\"name\":\"Portada\",\"item\":\"https:\/\/www.terapiaurbana.com\/en\/\"},{\"@type\":\"ListItem\",\"position\":2,\"name\":\"Technical consulting\"}]},{\"@type\":\"WebSite\",\"@id\":\"https:\/\/www.terapiaurbana.com\/en\/#website\",\"url\":\"https:\/\/www.terapiaurbana.com\/en\/\",\"name\":\"Terapia Urbana | Especialistas en jardines verticales\",\"description\":\"Especialistas en dise\u00f1o de jardines verticales exteriores e interiores naturales con tecnolog\u00eda Fytotextile y iluminaci\u00f3n auxiliar para una sostenible y funcional\",\"publisher\":{\"@id\":\"https:\/\/www.terapiaurbana.com\/en\/#organization\"},\"alternateName\":\"Terapia Urbana\",\"potentialAction\":[{\"@type\":\"SearchAction\",\"target\":{\"@type\":\"EntryPoint\",\"urlTemplate\":\"https:\/\/www.terapiaurbana.com\/en\/?s={search_term_string}\"},\"query-input\":{\"@type\":\"PropertyValueSpecification\",\"valueRequired\":true,\"valueName\":\"search_term_string\"}}],\"inLanguage\":\"en-US\"},{\"@type\":\"Organization\",\"@id\":\"https:\/\/www.terapiaurbana.com\/en\/#organization\",\"name\":\"Terapia Urbana | Especialistas en jardines verticales\",\"alternateName\":\"Terapia Urbana\",\"url\":\"https:\/\/www.terapiaurbana.com\/en\/\",\"logo\":{\"@type\":\"ImageObject\",\"inLanguage\":\"en-US\",\"@id\":\"https:\/\/www.terapiaurbana.com\/en\/#\/schema\/logo\/image\/\",\"url\":\"https:\/\/www.terapiaurbana.com\/wp-content\/uploads\/2024\/11\/terapia-urbana.png\",\"contentUrl\":\"https:\/\/www.terapiaurbana.com\/wp-content\/uploads\/2024\/11\/terapia-urbana.png\",\"width\":300,\"height\":56,\"caption\":\"Terapia Urbana | Especialistas en jardines verticales\"},\"image\":{\"@id\":\"https:\/\/www.terapiaurbana.com\/en\/#\/schema\/logo\/image\/\"},\"sameAs\":[\"https:\/\/www.facebook.com\/terapiaurbana\/\",\"https:\/\/x.com\/terapia_urbana\",\"https:\/\/www.linkedin.com\/company\/terapia-urbana\/\",\"https:\/\/www.instagram.com\/terapia_urbana\/\",\"https:\/\/www.youtube.com\/channel\/UCD7hLkfNLA-vMACy2NXSPGg\"]}]}<\/script>\n<!-- \/ Yoast SEO plugin. -->","yoast_head_json":{"title":"Technical Consultancy for Vertical Gardens | Expert Solutions","description":"Optimize your vertical garden with our technical consultancy. Professional design, installation and maintenance for long-lasting and sustainable results. Contact us!","robots":{"index":"index","follow":"follow","max-snippet":"max-snippet:-1","max-image-preview":"max-image-preview:large","max-video-preview":"max-video-preview:-1"},"canonical":"https:\/\/www.terapiaurbana.com\/en\/technical-consulting\/","og_locale":"en_US","og_type":"article","og_title":"Technical Consultancy for Vertical Gardens | Expert Solutions","og_description":"Optimize your vertical garden with our technical consultancy. Professional design, installation and maintenance for long-lasting and sustainable results. Contact us!","og_url":"https:\/\/www.terapiaurbana.com\/en\/technical-consulting\/","article_publisher":"https:\/\/www.facebook.com\/terapiaurbana\/","article_modified_time":"2025-11-10T13:11:16+00:00","og_image":[{"url":"https:\/\/www.terapiaurbana.com\/wp-content\/uploads\/2025\/11\/ENG-Consultoria_3-100.jpg","type":"","width":"","height":""}],"twitter_card":"summary_large_image","twitter_site":"@terapia_urbana","twitter_misc":{"Est. reading time":"4 minutes"},"schema":{"@context":"https:\/\/schema.org","@graph":[{"@type":"WebPage","@id":"https:\/\/www.terapiaurbana.com\/en\/technical-consulting\/","url":"https:\/\/www.terapiaurbana.com\/en\/technical-consulting\/","name":"Technical Consultancy for Vertical Gardens | Expert Solutions","isPartOf":{"@id":"https:\/\/www.terapiaurbana.com\/en\/#website"},"primaryImageOfPage":{"@id":"https:\/\/www.terapiaurbana.com\/en\/technical-consulting\/#primaryimage"},"image":{"@id":"https:\/\/www.terapiaurbana.com\/en\/technical-consulting\/#primaryimage"},"thumbnailUrl":"https:\/\/www.terapiaurbana.com\/wp-content\/uploads\/2025\/11\/ENG-Consultoria_3-100.jpg","datePublished":"2024-11-19T09:41:12+00:00","dateModified":"2025-11-10T13:11:16+00:00","description":"Optimize your vertical garden with our technical consultancy. Professional design, installation and maintenance for long-lasting and sustainable results. Contact us!","breadcrumb":{"@id":"https:\/\/www.terapiaurbana.com\/en\/technical-consulting\/#breadcrumb"},"inLanguage":"en-US","potentialAction":[{"@type":"ReadAction","target":["https:\/\/www.terapiaurbana.com\/en\/technical-consulting\/"]}]},{"@type":"ImageObject","inLanguage":"en-US","@id":"https:\/\/www.terapiaurbana.com\/en\/technical-consulting\/#primaryimage","url":"https:\/\/www.terapiaurbana.com\/wp-content\/uploads\/2025\/11\/ENG-Consultoria_3-100.jpg","contentUrl":"https:\/\/www.terapiaurbana.com\/wp-content\/uploads\/2025\/11\/ENG-Consultoria_3-100.jpg"},{"@type":"BreadcrumbList","@id":"https:\/\/www.terapiaurbana.com\/en\/technical-consulting\/#breadcrumb","itemListElement":[{"@type":"ListItem","position":1,"name":"Portada","item":"https:\/\/www.terapiaurbana.com\/en\/"},{"@type":"ListItem","position":2,"name":"Technical consulting"}]},{"@type":"WebSite","@id":"https:\/\/www.terapiaurbana.com\/en\/#website","url":"https:\/\/www.terapiaurbana.com\/en\/","name":"Terapia Urbana | Especialistas en jardines verticales","description":"Especialistas en dise\u00f1o de jardines verticales exteriores e interiores naturales con tecnolog\u00eda Fytotextile y iluminaci\u00f3n auxiliar para una sostenible y funcional","publisher":{"@id":"https:\/\/www.terapiaurbana.com\/en\/#organization"},"alternateName":"Terapia Urbana","potentialAction":[{"@type":"SearchAction","target":{"@type":"EntryPoint","urlTemplate":"https:\/\/www.terapiaurbana.com\/en\/?s={search_term_string}"},"query-input":{"@type":"PropertyValueSpecification","valueRequired":true,"valueName":"search_term_string"}}],"inLanguage":"en-US"},{"@type":"Organization","@id":"https:\/\/www.terapiaurbana.com\/en\/#organization","name":"Terapia Urbana | Especialistas en jardines verticales","alternateName":"Terapia Urbana","url":"https:\/\/www.terapiaurbana.com\/en\/","logo":{"@type":"ImageObject","inLanguage":"en-US","@id":"https:\/\/www.terapiaurbana.com\/en\/#\/schema\/logo\/image\/","url":"https:\/\/www.terapiaurbana.com\/wp-content\/uploads\/2024\/11\/terapia-urbana.png","contentUrl":"https:\/\/www.terapiaurbana.com\/wp-content\/uploads\/2024\/11\/terapia-urbana.png","width":300,"height":56,"caption":"Terapia Urbana | Especialistas en jardines verticales"},"image":{"@id":"https:\/\/www.terapiaurbana.com\/en\/#\/schema\/logo\/image\/"},"sameAs":["https:\/\/www.facebook.com\/terapiaurbana\/","https:\/\/x.com\/terapia_urbana","https:\/\/www.linkedin.com\/company\/terapia-urbana\/","https:\/\/www.instagram.com\/terapia_urbana\/","https:\/\/www.youtube.com\/channel\/UCD7hLkfNLA-vMACy2NXSPGg"]}]}},"uagb_featured_image_src":{"full":false,"thumbnail":false,"medium":false,"medium_large":false,"large":false,"1536x1536":false,"2048x2048":false,"gform-image-choice-sm":false,"gform-image-choice-md":false,"gform-image-choice-lg":false},"uagb_author_info":{"display_name":"terapiaurbana","author_link":"https:\/\/www.terapiaurbana.com\/en\/author\/terapiaurbana\/"},"uagb_comment_info":0,"uagb_excerpt":"TECHNICAL CONSULTING CONSULTING AND INTEGRAL MANAGEMENT OF PROJECT DEVELOPMENT We help you with the technical design of the nature-based solutions [&hellip;]","_links":{"self":[{"href":"https:\/\/www.terapiaurbana.com\/en\/wp-json\/wp\/v2\/pages\/63102","targetHints":{"allow":["GET"]}}],"collection":[{"href":"https:\/\/www.terapiaurbana.com\/en\/wp-json\/wp\/v2\/pages"}],"about":[{"href":"https:\/\/www.terapiaurbana.com\/en\/wp-json\/wp\/v2\/types\/page"}],"author":[{"embeddable":true,"href":"https:\/\/www.terapiaurbana.com\/en\/wp-json\/wp\/v2\/users\/1"}],"replies":[{"embeddable":true,"href":"https:\/\/www.terapiaurbana.com\/en\/wp-json\/wp\/v2\/comments?post=63102"}],"version-history":[{"count":3,"href":"https:\/\/www.terapiaurbana.com\/en\/wp-json\/wp\/v2\/pages\/63102\/revisions"}],"predecessor-version":[{"id":66353,"href":"https:\/\/www.terapiaurbana.com\/en\/wp-json\/wp\/v2\/pages\/63102\/revisions\/66353"}],"wp:attachment":[{"href":"https:\/\/www.terapiaurbana.com\/en\/wp-json\/wp\/v2\/media?parent=63102"}],"curies":[{"name":"wp","href":"https:\/\/api.w.org\/{rel}","templated":true}]}}