{"id":63472,"date":"2024-12-04T15:30:41","date_gmt":"2024-12-04T14:30:41","guid":{"rendered":"https:\/\/www.terapiaurbana.com\/voordelen\/"},"modified":"2025-11-06T13:02:09","modified_gmt":"2025-11-06T12:02:09","slug":"voordelen","status":"publish","type":"page","link":"https:\/\/www.terapiaurbana.com\/nl\/voordelen\/","title":{"rendered":"Voordelen"},"content":{"rendered":"\n<div class=\"wp-block-uagb-container uagb-block-6d77614d alignfull uagb-is-root-container\"><div class=\"uagb-container-inner-blocks-wrap\">\n<div class=\"wp-block-uagb-advanced-heading uagb-block-633fa50f\"><h2 class=\"uagb-heading-text\">VOORDELEN VAN VERTICALE TUINEN<\/h2><\/div>\n<\/div><\/div>\n\n\n\n<div class=\"wp-block-uagb-container uagb-block-338880d7 alignfull uagb-is-root-container\"><div class=\"uagb-container-inner-blocks-wrap\"><\/div><\/div>\n\n\n\n<div class=\"wp-block-uagb-container uagb-block-74fe65cd alignfull uagb-is-root-container\"><div class=\"uagb-container-inner-blocks-wrap\">\n<div class=\"wp-block-uagb-advanced-heading uagb-block-0798cb1f\"><h2 class=\"uagb-heading-text\">VOORDELEN VAN LANDSCHAPSARCHITECTUUR VOOR GEBOUWEN<\/h2><\/div>\n\n\n\n<p>Groene gevels en groene daken bieden grote voordelen voor het milieu, gebouwen en mensen. Ze maken het mogelijk om de natuurlijke processen van planten te benutten om veel problemen in steden en binnenruimtes te bestrijden. De voordelen zijn onder andere:  <\/p>\n<\/div><\/div>\n\n\n\n<div class=\"wp-block-uagb-container uagb-block-65468aea alignfull uagb-is-root-container\"><div class=\"uagb-container-inner-blocks-wrap\">\n<figure class=\"wp-block-image size-full\"><img loading=\"lazy\" decoding=\"async\" width=\"1200\" height=\"150\" src=\"https:\/\/www.terapiaurbana.com\/wp-content\/uploads\/2025\/11\/NEER-Naturacion_3-100.jpg\" alt=\"\" class=\"wp-image-66012\" srcset=\"https:\/\/www.terapiaurbana.com\/wp-content\/uploads\/2025\/11\/NEER-Naturacion_3-100.jpg 1200w, https:\/\/www.terapiaurbana.com\/wp-content\/uploads\/2025\/11\/NEER-Naturacion_3-100-300x38.jpg 300w, https:\/\/www.terapiaurbana.com\/wp-content\/uploads\/2025\/11\/NEER-Naturacion_3-100-1024x128.jpg 1024w, https:\/\/www.terapiaurbana.com\/wp-content\/uploads\/2025\/11\/NEER-Naturacion_3-100-768x96.jpg 768w\" sizes=\"auto, (max-width: 1200px) 100vw, 1200px\" \/><\/figure>\n<\/div><\/div>\n\n\n\n<div class=\"wp-block-uagb-container uagb-block-79b9ec43 alignfull uagb-is-root-container\"><div class=\"uagb-container-inner-blocks-wrap\">\n<div class=\"wp-block-uagb-container uagb-block-c79c4c6b\">\n<p class=\"has-text-align-center\">MILIEU<\/p>\n<\/div>\n\n\n\n<div class=\"wp-block-uagb-container uagb-block-32f19108\">\n<p class=\"has-text-align-center\">GEBOUWEN<\/p>\n<\/div>\n\n\n\n<div class=\"wp-block-uagb-container uagb-block-bb1c9514\">\n<p class=\"has-text-align-center\">PERSONEN<\/p>\n<\/div>\n\n\n\n<div class=\"wp-block-uagb-container uagb-block-fb1ec00d\">\n<p class=\"has-text-align-center\">INSTELLINGEN<\/p>\n<\/div>\n<\/div><\/div>\n\n\n\n<div class=\"wp-block-uagb-container uagb-block-40cdfb3c alignfull uagb-is-root-container\"><div class=\"uagb-container-inner-blocks-wrap\">\n<div class=\"wp-block-uagb-container uagb-block-dfb0a295\">\n<div class=\"wp-block-uagb-advanced-heading uagb-block-8ac4b519\"><h2 class=\"uagb-heading-text\">1. VOORDELEN VOOR HET MILIEU<\/h2><\/div>\n\n\n\n<p>Planten vangen veel luchtverontreinigende stoffen op, vergroten CO2-bindende oppervlakken, verlagen de temperatuur in hun omgeving en zorgen voor relatieve luchtvochtigheid door evapotranspiratie (waardoor het hitte-eilandeffect in steden wordt verminderd). Ze dempen de impact van stortregens, houden stof vast en bevorderen de biodiversiteit in stedelijke centra.<\/p>\n\n\n\n<p>Ongecontroleerde stadsuitbreiding schaadt de biodiversiteit, veroorzaakt het uitsterven van soorten en tast de biosfeer aan. Landschapsarchitectuur helpt om een grote verscheidenheid aan insecten, vogels en andere levende wezens in stedelijke gebieden te verrijken en te behouden, waardoor de biodiversiteit wordt beschermd. <\/p>\n<\/div>\n\n\n\n<div class=\"wp-block-uagb-container uagb-block-972515dd\">\n<figure class=\"wp-block-image aligncenter size-full\"><img loading=\"lazy\" decoding=\"async\" width=\"374\" height=\"373\" src=\"https:\/\/www.terapiaurbana.com\/wp-content\/uploads\/2024\/12\/beneficios-de-jardin-vertical.jpg\" alt=\"\" class=\"wp-image-61228\" srcset=\"https:\/\/www.terapiaurbana.com\/wp-content\/uploads\/2024\/12\/beneficios-de-jardin-vertical.jpg 374w, https:\/\/www.terapiaurbana.com\/wp-content\/uploads\/2024\/12\/beneficios-de-jardin-vertical-300x300.jpg 300w, https:\/\/www.terapiaurbana.com\/wp-content\/uploads\/2024\/12\/beneficios-de-jardin-vertical-150x150.jpg 150w\" sizes=\"auto, (max-width: 374px) 100vw, 374px\" \/><\/figure>\n<\/div>\n<\/div><\/div>\n\n\n\n<div class=\"wp-block-uagb-container uagb-block-e012c49b alignfull uagb-is-root-container\"><div class=\"uagb-container-inner-blocks-wrap\"><\/div><\/div>\n\n\n\n<div class=\"wp-block-uagb-container uagb-block-5e7e646b alignfull uagb-is-root-container\"><div class=\"uagb-container-inner-blocks-wrap\">\n<div class=\"wp-block-uagb-container uagb-block-544eaa59\">\n<div class=\"wp-block-uagb-advanced-heading uagb-block-58321454\"><h2 class=\"uagb-heading-text\">2. VOORDELEN VOOR GEBOUWEN<\/h2><\/div>\n\n\n\n<p>Planten zorgen voor zuurstof en vocht en filteren vluchtige organische verbindingen (VOC\u2019s), zoals benzeen en formaldehyde, waardoor de luchtkwaliteit binnenshuis verbetert. Buitenshuis verbeteren ze de akoestische en thermische isolatie van gevels, wat leidt tot lager energieverbruik, en verlengen ze de levensduur van waterdichtingslagen, naast vele andere voordelen. <\/p>\n<\/div>\n\n\n\n<div class=\"wp-block-uagb-container uagb-block-1a0ab986\">\n<figure class=\"wp-block-image size-full\"><img loading=\"lazy\" decoding=\"async\" width=\"1200\" height=\"785\" src=\"https:\/\/www.terapiaurbana.com\/wp-content\/uploads\/2025\/11\/NEER-Naturacion_2-100.jpg\" alt=\"\" class=\"wp-image-66017\" srcset=\"https:\/\/www.terapiaurbana.com\/wp-content\/uploads\/2025\/11\/NEER-Naturacion_2-100.jpg 1200w, https:\/\/www.terapiaurbana.com\/wp-content\/uploads\/2025\/11\/NEER-Naturacion_2-100-300x196.jpg 300w, https:\/\/www.terapiaurbana.com\/wp-content\/uploads\/2025\/11\/NEER-Naturacion_2-100-1024x670.jpg 1024w, https:\/\/www.terapiaurbana.com\/wp-content\/uploads\/2025\/11\/NEER-Naturacion_2-100-768x502.jpg 768w\" sizes=\"auto, (max-width: 1200px) 100vw, 1200px\" \/><\/figure>\n<\/div>\n<\/div><\/div>\n\n\n\n<div class=\"wp-block-uagb-container uagb-block-6f7f79bb alignfull uagb-is-root-container\"><div class=\"uagb-container-inner-blocks-wrap\">\n<div class=\"wp-block-uagb-container uagb-block-fce46b5a\">\n<div class=\"wp-block-uagb-advanced-heading uagb-block-b18c0e57\"><h2 class=\"uagb-heading-text\">3. VOORDELEN VOOR INDIVIDUEN<\/h2><\/div>\n\n\n\n<p>Planten verbeteren het welzijn, comfort, de concentratie en productiviteit in werkomgevingen. Ze brengen ons in contact met levende elementen, versterken onze biofiele behoeften, inspireren ons en maken ons gelukkiger. Studies tonen aan dat vegetatie in ziekenhuisomgevingen bijdraagt aan een kortere verblijfsduur van pati\u00ebnten.  <\/p>\n<\/div>\n\n\n\n<div class=\"wp-block-uagb-container uagb-block-7bc6a6c0\">\n<figure class=\"wp-block-image size-full\"><img loading=\"lazy\" decoding=\"async\" width=\"750\" height=\"396\" src=\"https:\/\/www.terapiaurbana.com\/wp-content\/uploads\/2024\/12\/lista-beneficios-jardin-vertical.jpg\" alt=\"\" class=\"wp-image-61231\" srcset=\"https:\/\/www.terapiaurbana.com\/wp-content\/uploads\/2024\/12\/lista-beneficios-jardin-vertical.jpg 750w, https:\/\/www.terapiaurbana.com\/wp-content\/uploads\/2024\/12\/lista-beneficios-jardin-vertical-300x158.jpg 300w, https:\/\/www.terapiaurbana.com\/wp-content\/uploads\/2024\/12\/lista-beneficios-jardin-vertical-500x264.jpg 500w\" sizes=\"auto, (max-width: 750px) 100vw, 750px\" \/><\/figure>\n<\/div>\n<\/div><\/div>\n\n\n\n<div class=\"wp-block-uagb-container uagb-block-e4c4b50c alignfull uagb-is-root-container\"><div class=\"uagb-container-inner-blocks-wrap\">\n<div class=\"wp-block-uagb-container uagb-block-0bdde3aa\">\n<div class=\"wp-block-uagb-advanced-heading uagb-block-d127fe60\"><h2 class=\"uagb-heading-text\">4. VOORDELEN VOOR BEDRIJVEN\/INSTELLINGEN<\/h2><\/div>\n\n\n\n<p>Groene gevels zijn systemen waarmee bedrijven op een visuele en krachtige manier hun betrokkenheid kunnen tonen bij het cre\u00ebren van een vriendelijkere, duurzamere en gezondere omgeving voor hun klanten. Dit heeft een positieve invloed op de herkenbaarheid van hun merkimago en versterkt hun inspanningen op het gebied van Maatschappelijk Verantwoord Ondernemen (MVO).  <\/p>\n<\/div>\n<\/div><\/div>\n\n\n\n<div class=\"wp-block-uagb-container uagb-block-7cb4ec44 alignfull uagb-is-root-container\"><div class=\"uagb-container-inner-blocks-wrap\"><\/div><\/div>\n\n\n\n<p><\/p>\n","protected":false},"excerpt":{"rendered":"<p>VOORDELEN VAN VERTICALE TUINEN VOORDELEN VAN LANDSCHAPSARCHITECTUUR VOOR GEBOUWEN Groene gevels en groene daken bieden grote voordelen voor het milieu, [&hellip;]<\/p>\n","protected":false},"author":1,"featured_media":0,"parent":0,"menu_order":0,"comment_status":"closed","ping_status":"closed","template":"","meta":{"_uag_custom_page_level_css":"","site-sidebar-layout":"default","site-content-layout":"","ast-site-content-layout":"full-width-container","site-content-style":"default","site-sidebar-style":"default","ast-global-header-display":"","ast-banner-title-visibility":"","ast-main-header-display":"","ast-hfb-above-header-display":"","ast-hfb-below-header-display":"","ast-hfb-mobile-header-display":"","site-post-title":"disabled","ast-breadcrumbs-content":"","ast-featured-img":"","footer-sml-layout":"","theme-transparent-header-meta":"","adv-header-id-meta":"","stick-header-meta":"","header-above-stick-meta":"","header-main-stick-meta":"","header-below-stick-meta":"","astra-migrate-meta-layouts":"default","ast-page-background-enabled":"default","ast-page-background-meta":{"desktop":{"background-color":"var(--ast-global-color-4)","background-image":"","background-repeat":"repeat","background-position":"center center","background-size":"auto","background-attachment":"scroll","background-type":"","background-media":"","overlay-type":"","overlay-color":"","overlay-opacity":"","overlay-gradient":""},"tablet":{"background-color":"","background-image":"","background-repeat":"repeat","background-position":"center center","background-size":"auto","background-attachment":"scroll","background-type":"","background-media":"","overlay-type":"","overlay-color":"","overlay-opacity":"","overlay-gradient":""},"mobile":{"background-color":"","background-image":"","background-repeat":"repeat","background-position":"center center","background-size":"auto","background-attachment":"scroll","background-type":"","background-media":"","overlay-type":"","overlay-color":"","overlay-opacity":"","overlay-gradient":""}},"ast-content-background-meta":{"desktop":{"background-color":"var(--ast-global-color-5)","background-image":"","background-repeat":"repeat","background-position":"center center","background-size":"auto","background-attachment":"scroll","background-type":"","background-media":"","overlay-type":"","overlay-color":"","overlay-opacity":"","overlay-gradient":""},"tablet":{"background-color":"var(--ast-global-color-5)","background-image":"","background-repeat":"repeat","background-position":"center center","background-size":"auto","background-attachment":"scroll","background-type":"","background-media":"","overlay-type":"","overlay-color":"","overlay-opacity":"","overlay-gradient":""},"mobile":{"background-color":"var(--ast-global-color-5)","background-image":"","background-repeat":"repeat","background-position":"center center","background-size":"auto","background-attachment":"scroll","background-type":"","background-media":"","overlay-type":"","overlay-color":"","overlay-opacity":"","overlay-gradient":""}},"footnotes":""},"class_list":["post-63472","page","type-page","status-publish","hentry"],"yoast_head":"<!-- This site is optimized with the Yoast SEO plugin v26.3 - https:\/\/yoast.com\/wordpress\/plugins\/seo\/ -->\n<title>Voordelen van een verticale tuin: verbeter je ruimte met natuur<\/title>\n<meta name=\"description\" content=\"Leer meer over de voordelen van een verticale tuin: luchtzuivering, geluidsisolatie, duurzaam ontwerp en verbinding met de natuur.\" \/>\n<meta name=\"robots\" content=\"index, follow, max-snippet:-1, max-image-preview:large, max-video-preview:-1\" \/>\n<link rel=\"canonical\" href=\"https:\/\/www.terapiaurbana.com\/nl\/voordelen\/\" \/>\n<meta property=\"og:locale\" content=\"nl_NL\" \/>\n<meta property=\"og:type\" content=\"article\" \/>\n<meta property=\"og:title\" content=\"Voordelen van een verticale tuin: verbeter je ruimte met natuur\" \/>\n<meta property=\"og:description\" content=\"Leer meer over de voordelen van een verticale tuin: luchtzuivering, geluidsisolatie, duurzaam ontwerp en verbinding met de natuur.\" \/>\n<meta property=\"og:url\" content=\"https:\/\/www.terapiaurbana.com\/nl\/voordelen\/\" \/>\n<meta property=\"article:publisher\" content=\"https:\/\/www.facebook.com\/terapiaurbana\/\" \/>\n<meta property=\"article:modified_time\" content=\"2025-11-06T12:02:09+00:00\" \/>\n<meta property=\"og:image\" content=\"https:\/\/www.terapiaurbana.com\/wp-content\/uploads\/2025\/11\/NEER-Naturacion_3-100.jpg\" \/>\n<meta name=\"twitter:card\" content=\"summary_large_image\" \/>\n<meta name=\"twitter:site\" content=\"@terapia_urbana\" \/>\n<meta name=\"twitter:label1\" content=\"Geschatte leestijd\" \/>\n\t<meta name=\"twitter:data1\" content=\"3 minuten\" \/>\n<script type=\"application\/ld+json\" class=\"yoast-schema-graph\">{\"@context\":\"https:\/\/schema.org\",\"@graph\":[{\"@type\":\"WebPage\",\"@id\":\"https:\/\/www.terapiaurbana.com\/nl\/voordelen\/\",\"url\":\"https:\/\/www.terapiaurbana.com\/nl\/voordelen\/\",\"name\":\"Voordelen van een verticale tuin: verbeter je ruimte met natuur\",\"isPartOf\":{\"@id\":\"https:\/\/www.terapiaurbana.com\/nl\/#website\"},\"primaryImageOfPage\":{\"@id\":\"https:\/\/www.terapiaurbana.com\/nl\/voordelen\/#primaryimage\"},\"image\":{\"@id\":\"https:\/\/www.terapiaurbana.com\/nl\/voordelen\/#primaryimage\"},\"thumbnailUrl\":\"https:\/\/www.terapiaurbana.com\/wp-content\/uploads\/2025\/11\/NEER-Naturacion_3-100.jpg\",\"datePublished\":\"2024-12-04T14:30:41+00:00\",\"dateModified\":\"2025-11-06T12:02:09+00:00\",\"description\":\"Leer meer over de voordelen van een verticale tuin: luchtzuivering, geluidsisolatie, duurzaam ontwerp en verbinding met de natuur.\",\"breadcrumb\":{\"@id\":\"https:\/\/www.terapiaurbana.com\/nl\/voordelen\/#breadcrumb\"},\"inLanguage\":\"nl-NL\",\"potentialAction\":[{\"@type\":\"ReadAction\",\"target\":[\"https:\/\/www.terapiaurbana.com\/nl\/voordelen\/\"]}]},{\"@type\":\"ImageObject\",\"inLanguage\":\"nl-NL\",\"@id\":\"https:\/\/www.terapiaurbana.com\/nl\/voordelen\/#primaryimage\",\"url\":\"https:\/\/www.terapiaurbana.com\/wp-content\/uploads\/2025\/11\/NEER-Naturacion_3-100.jpg\",\"contentUrl\":\"https:\/\/www.terapiaurbana.com\/wp-content\/uploads\/2025\/11\/NEER-Naturacion_3-100.jpg\"},{\"@type\":\"BreadcrumbList\",\"@id\":\"https:\/\/www.terapiaurbana.com\/nl\/voordelen\/#breadcrumb\",\"itemListElement\":[{\"@type\":\"ListItem\",\"position\":1,\"name\":\"Portada\",\"item\":\"https:\/\/www.terapiaurbana.com\/nl\/\"},{\"@type\":\"ListItem\",\"position\":2,\"name\":\"Voordelen\"}]},{\"@type\":\"WebSite\",\"@id\":\"https:\/\/www.terapiaurbana.com\/nl\/#website\",\"url\":\"https:\/\/www.terapiaurbana.com\/nl\/\",\"name\":\"Terapia Urbana | Especialistas en jardines verticales\",\"description\":\"Especialistas en dise\u00f1o de jardines verticales exteriores e interiores naturales con tecnolog\u00eda Fytotextile y iluminaci\u00f3n auxiliar para una sostenible y funcional\",\"alternateName\":\"Terapia Urbana\",\"potentialAction\":[{\"@type\":\"SearchAction\",\"target\":{\"@type\":\"EntryPoint\",\"urlTemplate\":\"https:\/\/www.terapiaurbana.com\/nl\/?s={search_term_string}\"},\"query-input\":{\"@type\":\"PropertyValueSpecification\",\"valueRequired\":true,\"valueName\":\"search_term_string\"}}],\"inLanguage\":\"nl-NL\"}]}<\/script>\n<!-- \/ Yoast SEO plugin. -->","yoast_head_json":{"title":"Voordelen van een verticale tuin: verbeter je ruimte met natuur","description":"Leer meer over de voordelen van een verticale tuin: luchtzuivering, geluidsisolatie, duurzaam ontwerp en verbinding met de natuur.","robots":{"index":"index","follow":"follow","max-snippet":"max-snippet:-1","max-image-preview":"max-image-preview:large","max-video-preview":"max-video-preview:-1"},"canonical":"https:\/\/www.terapiaurbana.com\/nl\/voordelen\/","og_locale":"nl_NL","og_type":"article","og_title":"Voordelen van een verticale tuin: verbeter je ruimte met natuur","og_description":"Leer meer over de voordelen van een verticale tuin: luchtzuivering, geluidsisolatie, duurzaam ontwerp en verbinding met de natuur.","og_url":"https:\/\/www.terapiaurbana.com\/nl\/voordelen\/","article_publisher":"https:\/\/www.facebook.com\/terapiaurbana\/","article_modified_time":"2025-11-06T12:02:09+00:00","og_image":[{"url":"https:\/\/www.terapiaurbana.com\/wp-content\/uploads\/2025\/11\/NEER-Naturacion_3-100.jpg","type":"","width":"","height":""}],"twitter_card":"summary_large_image","twitter_site":"@terapia_urbana","twitter_misc":{"Geschatte leestijd":"3 minuten"},"schema":{"@context":"https:\/\/schema.org","@graph":[{"@type":"WebPage","@id":"https:\/\/www.terapiaurbana.com\/nl\/voordelen\/","url":"https:\/\/www.terapiaurbana.com\/nl\/voordelen\/","name":"Voordelen van een verticale tuin: verbeter je ruimte met natuur","isPartOf":{"@id":"https:\/\/www.terapiaurbana.com\/nl\/#website"},"primaryImageOfPage":{"@id":"https:\/\/www.terapiaurbana.com\/nl\/voordelen\/#primaryimage"},"image":{"@id":"https:\/\/www.terapiaurbana.com\/nl\/voordelen\/#primaryimage"},"thumbnailUrl":"https:\/\/www.terapiaurbana.com\/wp-content\/uploads\/2025\/11\/NEER-Naturacion_3-100.jpg","datePublished":"2024-12-04T14:30:41+00:00","dateModified":"2025-11-06T12:02:09+00:00","description":"Leer meer over de voordelen van een verticale tuin: luchtzuivering, geluidsisolatie, duurzaam ontwerp en verbinding met de natuur.","breadcrumb":{"@id":"https:\/\/www.terapiaurbana.com\/nl\/voordelen\/#breadcrumb"},"inLanguage":"nl-NL","potentialAction":[{"@type":"ReadAction","target":["https:\/\/www.terapiaurbana.com\/nl\/voordelen\/"]}]},{"@type":"ImageObject","inLanguage":"nl-NL","@id":"https:\/\/www.terapiaurbana.com\/nl\/voordelen\/#primaryimage","url":"https:\/\/www.terapiaurbana.com\/wp-content\/uploads\/2025\/11\/NEER-Naturacion_3-100.jpg","contentUrl":"https:\/\/www.terapiaurbana.com\/wp-content\/uploads\/2025\/11\/NEER-Naturacion_3-100.jpg"},{"@type":"BreadcrumbList","@id":"https:\/\/www.terapiaurbana.com\/nl\/voordelen\/#breadcrumb","itemListElement":[{"@type":"ListItem","position":1,"name":"Portada","item":"https:\/\/www.terapiaurbana.com\/nl\/"},{"@type":"ListItem","position":2,"name":"Voordelen"}]},{"@type":"WebSite","@id":"https:\/\/www.terapiaurbana.com\/nl\/#website","url":"https:\/\/www.terapiaurbana.com\/nl\/","name":"Terapia Urbana | Especialistas en jardines verticales","description":"Especialistas en dise\u00f1o de jardines verticales exteriores e interiores naturales con tecnolog\u00eda Fytotextile y iluminaci\u00f3n auxiliar para una sostenible y funcional","alternateName":"Terapia Urbana","potentialAction":[{"@type":"SearchAction","target":{"@type":"EntryPoint","urlTemplate":"https:\/\/www.terapiaurbana.com\/nl\/?s={search_term_string}"},"query-input":{"@type":"PropertyValueSpecification","valueRequired":true,"valueName":"search_term_string"}}],"inLanguage":"nl-NL"}]}},"uagb_featured_image_src":{"full":false,"thumbnail":false,"medium":false,"medium_large":false,"large":false,"1536x1536":false,"2048x2048":false,"gform-image-choice-sm":false,"gform-image-choice-md":false,"gform-image-choice-lg":false},"uagb_author_info":{"display_name":"terapiaurbana","author_link":"https:\/\/www.terapiaurbana.com\/nl\/author\/terapiaurbana\/"},"uagb_comment_info":0,"uagb_excerpt":"VOORDELEN VAN VERTICALE TUINEN VOORDELEN VAN LANDSCHAPSARCHITECTUUR VOOR GEBOUWEN Groene gevels en groene daken bieden grote voordelen voor het milieu, [&hellip;]","_links":{"self":[{"href":"https:\/\/www.terapiaurbana.com\/nl\/wp-json\/wp\/v2\/pages\/63472","targetHints":{"allow":["GET"]}}],"collection":[{"href":"https:\/\/www.terapiaurbana.com\/nl\/wp-json\/wp\/v2\/pages"}],"about":[{"href":"https:\/\/www.terapiaurbana.com\/nl\/wp-json\/wp\/v2\/types\/page"}],"author":[{"embeddable":true,"href":"https:\/\/www.terapiaurbana.com\/nl\/wp-json\/wp\/v2\/users\/1"}],"replies":[{"embeddable":true,"href":"https:\/\/www.terapiaurbana.com\/nl\/wp-json\/wp\/v2\/comments?post=63472"}],"version-history":[{"count":5,"href":"https:\/\/www.terapiaurbana.com\/nl\/wp-json\/wp\/v2\/pages\/63472\/revisions"}],"predecessor-version":[{"id":66022,"href":"https:\/\/www.terapiaurbana.com\/nl\/wp-json\/wp\/v2\/pages\/63472\/revisions\/66022"}],"wp:attachment":[{"href":"https:\/\/www.terapiaurbana.com\/nl\/wp-json\/wp\/v2\/media?parent=63472"}],"curies":[{"name":"wp","href":"https:\/\/api.w.org\/{rel}","templated":true}]}}