{"id":63481,"date":"2024-11-19T10:40:09","date_gmt":"2024-11-19T09:40:09","guid":{"rendered":"https:\/\/www.terapiaurbana.com\/biofilie\/"},"modified":"2025-10-06T16:15:53","modified_gmt":"2025-10-06T14:15:53","slug":"biofilie","status":"publish","type":"page","link":"https:\/\/www.terapiaurbana.com\/nl\/biofilie\/","title":{"rendered":"Biofilie"},"content":{"rendered":"\n<div class=\"wp-block-uagb-container uagb-block-7895db07 alignfull uagb-is-root-container\"><div class=\"uagb-container-inner-blocks-wrap\">\n<div class=\"wp-block-uagb-advanced-heading uagb-block-ad5104e8\"><h2 class=\"uagb-heading-text\">BIOPHILIE<\/h2><\/div>\n<\/div><\/div>\n\n<div class=\"wp-block-uagb-container uagb-block-ab0f2910 alignfull uagb-is-root-container\"><div class=\"uagb-container-inner-blocks-wrap\"><\/div><\/div>\n\n<div class=\"wp-block-uagb-container uagb-block-72c10eb0 alignfull uagb-is-root-container\"><div class=\"uagb-container-inner-blocks-wrap\">\n<div class=\"wp-block-uagb-advanced-heading uagb-block-bf184b87\"><h2 class=\"uagb-heading-text\">WAT IS BIOFILIE?<\/h2><\/div>\n\n\n\n<p>Stedelijke natuursystemen voorzien in onze aangeboren behoefte aan verbinding met de natuur. Deze behoefte is door miljoenen jaren evolutie in onze genen verankerd. Contact met groene ruimtes en andere levende wezens bevordert fysiek en psychologisch welzijn. Geconfronteerd met de natuurlijke vervreemding die het stadsleven met zich meebrengt, bieden natuurgebaseerde oplossingen een uitstekende aanpak.  <\/p>\n<\/div><\/div>\n\n<div class=\"wp-block-uagb-container uagb-block-05133397 alignfull uagb-is-root-container\"><div class=\"uagb-container-inner-blocks-wrap\">\n<div class=\"wp-block-uagb-container uagb-block-efdcc194\">\n<div class=\"wp-block-uagb-advanced-heading uagb-block-8a1f866c\"><h2 class=\"uagb-heading-text\">BIOFIEL ONTWERP<\/h2><\/div>\n\n\n\n<p>Biofiel ontwerp cre\u00ebert leef- en werkruimtes met vegetatie, natuurlijke kleuren en daglicht om de verbinding met de natuur te versterken en ons psychologisch welzijn te verbeteren. Deze ontwerptrend maakt steeds meer gebruik van verticale tuinsystemen om het welzijn van mensen te bevorderen. <\/p>\n\n\n\n<p>Ruimtes die verbonden zijn met de natuur bieden de volgende voordelen:<\/p>\n\n\n\n<p><strong>VERBETERING VAN WERKPLEKKEN<\/strong><br\/>Ze verminderen stress en bevorderen welzijn, creativiteit en productiviteit door betere werkomgevingen te cre\u00ebren.<\/p>\n\n\n\n<p><strong>VERBETERING VAN VISUELE WAARNEMING<\/strong><br\/>Verticale binnentuinen cre\u00ebren een esthetische omgeving die mentale vermoeidheid vermindert, de aanmaak van dopamine, serotonine en oxytocine stimuleert en ziekteverzuim verlaagt.<\/p>\n\n\n\n<p><strong>CRE\u00cbREN VAN GEZONDERE RUIMTES<\/strong><br\/>Wetenschappelijk onderzoek toont aan dat omgevingen met planten mentale gezondheidsproblemen, zoals depressie, angst en neurologische aandoeningen, verminderen.<\/p>\n\n\n\n<p><strong>VERBETERING VAN COGNITIEVE ONTWIKKELING<\/strong><br\/>Een hogere cognitieve ontwikkeling bij kinderen en een toename in intelligentie en creativiteit worden in verband gebracht met verblijf in groene ruimtes. Daarnaast verbetert het de concentratie en vermindert het mentale vermoeidheid bij volwassenen. <\/p>\n<\/div>\n\n\n\n<div class=\"wp-block-uagb-container uagb-block-4089d605\">\n<figure class=\"wp-block-image aligncenter size-full\"><img loading=\"lazy\" decoding=\"async\" width=\"369\" height=\"371\" src=\"https:\/\/www.terapiaurbana.com\/wp-content\/uploads\/2024\/12\/que-es-la-biofilia.jpg\" alt=\"\" class=\"wp-image-61217\" srcset=\"https:\/\/www.terapiaurbana.com\/wp-content\/uploads\/2024\/12\/que-es-la-biofilia.jpg 369w, https:\/\/www.terapiaurbana.com\/wp-content\/uploads\/2024\/12\/que-es-la-biofilia-298x300.jpg 298w, https:\/\/www.terapiaurbana.com\/wp-content\/uploads\/2024\/12\/que-es-la-biofilia-150x150.jpg 150w\" sizes=\"auto, (max-width: 369px) 100vw, 369px\" \/><\/figure>\n\n\n\n<figure class=\"wp-block-image aligncenter size-full\"><img loading=\"lazy\" decoding=\"async\" width=\"369\" height=\"371\" src=\"https:\/\/www.terapiaurbana.com\/wp-content\/uploads\/2024\/12\/la-biofilia.jpg\" alt=\"\" class=\"wp-image-61218\" srcset=\"https:\/\/www.terapiaurbana.com\/wp-content\/uploads\/2024\/12\/la-biofilia.jpg 369w, https:\/\/www.terapiaurbana.com\/wp-content\/uploads\/2024\/12\/la-biofilia-298x300.jpg 298w, https:\/\/www.terapiaurbana.com\/wp-content\/uploads\/2024\/12\/la-biofilia-150x150.jpg 150w\" sizes=\"auto, (max-width: 369px) 100vw, 369px\" \/><\/figure>\n<\/div>\n<\/div><\/div>\n\n<div class=\"wp-block-uagb-container uagb-block-1c2f949c alignfull uagb-is-root-container\"><div class=\"uagb-container-inner-blocks-wrap\"><\/div><\/div>\n","protected":false},"excerpt":{"rendered":"<p>BIOPHILIE WAT IS BIOFILIE? Stedelijke natuursystemen voorzien in onze aangeboren behoefte aan verbinding met de natuur. Deze behoefte is door [&hellip;]<\/p>\n","protected":false},"author":1,"featured_media":0,"parent":0,"menu_order":0,"comment_status":"closed","ping_status":"closed","template":"","meta":{"_uag_custom_page_level_css":"","site-sidebar-layout":"default","site-content-layout":"","ast-site-content-layout":"full-width-container","site-content-style":"default","site-sidebar-style":"default","ast-global-header-display":"","ast-banner-title-visibility":"","ast-main-header-display":"","ast-hfb-above-header-display":"","ast-hfb-below-header-display":"","ast-hfb-mobile-header-display":"","site-post-title":"disabled","ast-breadcrumbs-content":"","ast-featured-img":"","footer-sml-layout":"","theme-transparent-header-meta":"","adv-header-id-meta":"","stick-header-meta":"","header-above-stick-meta":"","header-main-stick-meta":"","header-below-stick-meta":"","astra-migrate-meta-layouts":"default","ast-page-background-enabled":"default","ast-page-background-meta":{"desktop":{"background-color":"var(--ast-global-color-4)","background-image":"","background-repeat":"repeat","background-position":"center center","background-size":"auto","background-attachment":"scroll","background-type":"","background-media":"","overlay-type":"","overlay-color":"","overlay-opacity":"","overlay-gradient":""},"tablet":{"background-color":"","background-image":"","background-repeat":"repeat","background-position":"center center","background-size":"auto","background-attachment":"scroll","background-type":"","background-media":"","overlay-type":"","overlay-color":"","overlay-opacity":"","overlay-gradient":""},"mobile":{"background-color":"","background-image":"","background-repeat":"repeat","background-position":"center center","background-size":"auto","background-attachment":"scroll","background-type":"","background-media":"","overlay-type":"","overlay-color":"","overlay-opacity":"","overlay-gradient":""}},"ast-content-background-meta":{"desktop":{"background-color":"var(--ast-global-color-5)","background-image":"","background-repeat":"repeat","background-position":"center center","background-size":"auto","background-attachment":"scroll","background-type":"","background-media":"","overlay-type":"","overlay-color":"","overlay-opacity":"","overlay-gradient":""},"tablet":{"background-color":"var(--ast-global-color-5)","background-image":"","background-repeat":"repeat","background-position":"center center","background-size":"auto","background-attachment":"scroll","background-type":"","background-media":"","overlay-type":"","overlay-color":"","overlay-opacity":"","overlay-gradient":""},"mobile":{"background-color":"var(--ast-global-color-5)","background-image":"","background-repeat":"repeat","background-position":"center center","background-size":"auto","background-attachment":"scroll","background-type":"","background-media":"","overlay-type":"","overlay-color":"","overlay-opacity":"","overlay-gradient":""}},"footnotes":""},"class_list":["post-63481","page","type-page","status-publish","hentry"],"yoast_head":"<!-- This site is optimized with the Yoast SEO plugin v26.3 - https:\/\/yoast.com\/wordpress\/plugins\/seo\/ -->\n<title>Biofilie : Verticale tuinen om in contact te komen met de natuur<\/title>\n<meta name=\"description\" content=\"Ontdek hoe we biofilie toepassen om verticale tuinen te cre\u00ebren, die je welzijn en het milieu verbeteren met duurzame en natuurlijke ontwerpen.\" \/>\n<meta name=\"robots\" content=\"index, follow, max-snippet:-1, max-image-preview:large, max-video-preview:-1\" \/>\n<link rel=\"canonical\" href=\"https:\/\/www.terapiaurbana.com\/nl\/biofilie\/\" \/>\n<meta property=\"og:locale\" content=\"nl_NL\" \/>\n<meta property=\"og:type\" content=\"article\" \/>\n<meta property=\"og:title\" content=\"Biofilie : Verticale tuinen om in contact te komen met de natuur\" \/>\n<meta property=\"og:description\" content=\"Ontdek hoe we biofilie toepassen om verticale tuinen te cre\u00ebren, die je welzijn en het milieu verbeteren met duurzame en natuurlijke ontwerpen.\" \/>\n<meta property=\"og:url\" content=\"https:\/\/www.terapiaurbana.com\/nl\/biofilie\/\" \/>\n<meta property=\"article:publisher\" content=\"https:\/\/www.facebook.com\/terapiaurbana\/\" \/>\n<meta property=\"article:modified_time\" content=\"2025-10-06T14:15:53+00:00\" \/>\n<meta property=\"og:image\" content=\"https:\/\/www.terapiaurbana.com\/wp-content\/uploads\/2024\/12\/que-es-la-biofilia.jpg\" \/>\n<meta name=\"twitter:card\" content=\"summary_large_image\" \/>\n<meta name=\"twitter:site\" content=\"@terapia_urbana\" \/>\n<meta name=\"twitter:label1\" content=\"Geschatte leestijd\" \/>\n\t<meta name=\"twitter:data1\" content=\"1 minuut\" \/>\n<script type=\"application\/ld+json\" class=\"yoast-schema-graph\">{\"@context\":\"https:\/\/schema.org\",\"@graph\":[{\"@type\":\"WebPage\",\"@id\":\"https:\/\/www.terapiaurbana.com\/nl\/biofilie\/\",\"url\":\"https:\/\/www.terapiaurbana.com\/nl\/biofilie\/\",\"name\":\"Biofilie : Verticale tuinen om in contact te komen met de natuur\",\"isPartOf\":{\"@id\":\"https:\/\/www.terapiaurbana.com\/nl\/#website\"},\"primaryImageOfPage\":{\"@id\":\"https:\/\/www.terapiaurbana.com\/nl\/biofilie\/#primaryimage\"},\"image\":{\"@id\":\"https:\/\/www.terapiaurbana.com\/nl\/biofilie\/#primaryimage\"},\"thumbnailUrl\":\"https:\/\/www.terapiaurbana.com\/wp-content\/uploads\/2024\/12\/que-es-la-biofilia.jpg\",\"datePublished\":\"2024-11-19T09:40:09+00:00\",\"dateModified\":\"2025-10-06T14:15:53+00:00\",\"description\":\"Ontdek hoe we biofilie toepassen om verticale tuinen te cre\u00ebren, die je welzijn en het milieu verbeteren met duurzame en natuurlijke ontwerpen.\",\"breadcrumb\":{\"@id\":\"https:\/\/www.terapiaurbana.com\/nl\/biofilie\/#breadcrumb\"},\"inLanguage\":\"nl-NL\",\"potentialAction\":[{\"@type\":\"ReadAction\",\"target\":[\"https:\/\/www.terapiaurbana.com\/nl\/biofilie\/\"]}]},{\"@type\":\"ImageObject\",\"inLanguage\":\"nl-NL\",\"@id\":\"https:\/\/www.terapiaurbana.com\/nl\/biofilie\/#primaryimage\",\"url\":\"https:\/\/www.terapiaurbana.com\/wp-content\/uploads\/2024\/12\/que-es-la-biofilia.jpg\",\"contentUrl\":\"https:\/\/www.terapiaurbana.com\/wp-content\/uploads\/2024\/12\/que-es-la-biofilia.jpg\"},{\"@type\":\"BreadcrumbList\",\"@id\":\"https:\/\/www.terapiaurbana.com\/nl\/biofilie\/#breadcrumb\",\"itemListElement\":[{\"@type\":\"ListItem\",\"position\":1,\"name\":\"Portada\",\"item\":\"https:\/\/www.terapiaurbana.com\/nl\/\"},{\"@type\":\"ListItem\",\"position\":2,\"name\":\"Biofilie\"}]},{\"@type\":\"WebSite\",\"@id\":\"https:\/\/www.terapiaurbana.com\/nl\/#website\",\"url\":\"https:\/\/www.terapiaurbana.com\/nl\/\",\"name\":\"Terapia Urbana | Especialistas en jardines verticales\",\"description\":\"Especialistas en dise\u00f1o de jardines verticales exteriores e interiores naturales con tecnolog\u00eda Fytotextile y iluminaci\u00f3n auxiliar para una sostenible y funcional\",\"alternateName\":\"Terapia Urbana\",\"potentialAction\":[{\"@type\":\"SearchAction\",\"target\":{\"@type\":\"EntryPoint\",\"urlTemplate\":\"https:\/\/www.terapiaurbana.com\/nl\/?s={search_term_string}\"},\"query-input\":{\"@type\":\"PropertyValueSpecification\",\"valueRequired\":true,\"valueName\":\"search_term_string\"}}],\"inLanguage\":\"nl-NL\"}]}<\/script>\n<!-- \/ Yoast SEO plugin. -->","yoast_head_json":{"title":"Biofilie : Verticale tuinen om in contact te komen met de natuur","description":"Ontdek hoe we biofilie toepassen om verticale tuinen te cre\u00ebren, die je welzijn en het milieu verbeteren met duurzame en natuurlijke ontwerpen.","robots":{"index":"index","follow":"follow","max-snippet":"max-snippet:-1","max-image-preview":"max-image-preview:large","max-video-preview":"max-video-preview:-1"},"canonical":"https:\/\/www.terapiaurbana.com\/nl\/biofilie\/","og_locale":"nl_NL","og_type":"article","og_title":"Biofilie : Verticale tuinen om in contact te komen met de natuur","og_description":"Ontdek hoe we biofilie toepassen om verticale tuinen te cre\u00ebren, die je welzijn en het milieu verbeteren met duurzame en natuurlijke ontwerpen.","og_url":"https:\/\/www.terapiaurbana.com\/nl\/biofilie\/","article_publisher":"https:\/\/www.facebook.com\/terapiaurbana\/","article_modified_time":"2025-10-06T14:15:53+00:00","og_image":[{"url":"https:\/\/www.terapiaurbana.com\/wp-content\/uploads\/2024\/12\/que-es-la-biofilia.jpg","type":"","width":"","height":""}],"twitter_card":"summary_large_image","twitter_site":"@terapia_urbana","twitter_misc":{"Geschatte leestijd":"1 minuut"},"schema":{"@context":"https:\/\/schema.org","@graph":[{"@type":"WebPage","@id":"https:\/\/www.terapiaurbana.com\/nl\/biofilie\/","url":"https:\/\/www.terapiaurbana.com\/nl\/biofilie\/","name":"Biofilie : Verticale tuinen om in contact te komen met de natuur","isPartOf":{"@id":"https:\/\/www.terapiaurbana.com\/nl\/#website"},"primaryImageOfPage":{"@id":"https:\/\/www.terapiaurbana.com\/nl\/biofilie\/#primaryimage"},"image":{"@id":"https:\/\/www.terapiaurbana.com\/nl\/biofilie\/#primaryimage"},"thumbnailUrl":"https:\/\/www.terapiaurbana.com\/wp-content\/uploads\/2024\/12\/que-es-la-biofilia.jpg","datePublished":"2024-11-19T09:40:09+00:00","dateModified":"2025-10-06T14:15:53+00:00","description":"Ontdek hoe we biofilie toepassen om verticale tuinen te cre\u00ebren, die je welzijn en het milieu verbeteren met duurzame en natuurlijke ontwerpen.","breadcrumb":{"@id":"https:\/\/www.terapiaurbana.com\/nl\/biofilie\/#breadcrumb"},"inLanguage":"nl-NL","potentialAction":[{"@type":"ReadAction","target":["https:\/\/www.terapiaurbana.com\/nl\/biofilie\/"]}]},{"@type":"ImageObject","inLanguage":"nl-NL","@id":"https:\/\/www.terapiaurbana.com\/nl\/biofilie\/#primaryimage","url":"https:\/\/www.terapiaurbana.com\/wp-content\/uploads\/2024\/12\/que-es-la-biofilia.jpg","contentUrl":"https:\/\/www.terapiaurbana.com\/wp-content\/uploads\/2024\/12\/que-es-la-biofilia.jpg"},{"@type":"BreadcrumbList","@id":"https:\/\/www.terapiaurbana.com\/nl\/biofilie\/#breadcrumb","itemListElement":[{"@type":"ListItem","position":1,"name":"Portada","item":"https:\/\/www.terapiaurbana.com\/nl\/"},{"@type":"ListItem","position":2,"name":"Biofilie"}]},{"@type":"WebSite","@id":"https:\/\/www.terapiaurbana.com\/nl\/#website","url":"https:\/\/www.terapiaurbana.com\/nl\/","name":"Terapia Urbana | Especialistas en jardines verticales","description":"Especialistas en dise\u00f1o de jardines verticales exteriores e interiores naturales con tecnolog\u00eda Fytotextile y iluminaci\u00f3n auxiliar para una sostenible y funcional","alternateName":"Terapia Urbana","potentialAction":[{"@type":"SearchAction","target":{"@type":"EntryPoint","urlTemplate":"https:\/\/www.terapiaurbana.com\/nl\/?s={search_term_string}"},"query-input":{"@type":"PropertyValueSpecification","valueRequired":true,"valueName":"search_term_string"}}],"inLanguage":"nl-NL"}]}},"uagb_featured_image_src":{"full":false,"thumbnail":false,"medium":false,"medium_large":false,"large":false,"1536x1536":false,"2048x2048":false,"gform-image-choice-sm":false,"gform-image-choice-md":false,"gform-image-choice-lg":false},"uagb_author_info":{"display_name":"terapiaurbana","author_link":"https:\/\/www.terapiaurbana.com\/nl\/author\/terapiaurbana\/"},"uagb_comment_info":0,"uagb_excerpt":"BIOPHILIE WAT IS BIOFILIE? Stedelijke natuursystemen voorzien in onze aangeboren behoefte aan verbinding met de natuur. Deze behoefte is door [&hellip;]","_links":{"self":[{"href":"https:\/\/www.terapiaurbana.com\/nl\/wp-json\/wp\/v2\/pages\/63481","targetHints":{"allow":["GET"]}}],"collection":[{"href":"https:\/\/www.terapiaurbana.com\/nl\/wp-json\/wp\/v2\/pages"}],"about":[{"href":"https:\/\/www.terapiaurbana.com\/nl\/wp-json\/wp\/v2\/types\/page"}],"author":[{"embeddable":true,"href":"https:\/\/www.terapiaurbana.com\/nl\/wp-json\/wp\/v2\/users\/1"}],"replies":[{"embeddable":true,"href":"https:\/\/www.terapiaurbana.com\/nl\/wp-json\/wp\/v2\/comments?post=63481"}],"version-history":[{"count":3,"href":"https:\/\/www.terapiaurbana.com\/nl\/wp-json\/wp\/v2\/pages\/63481\/revisions"}],"predecessor-version":[{"id":65663,"href":"https:\/\/www.terapiaurbana.com\/nl\/wp-json\/wp\/v2\/pages\/63481\/revisions\/65663"}],"wp:attachment":[{"href":"https:\/\/www.terapiaurbana.com\/nl\/wp-json\/wp\/v2\/media?parent=63481"}],"curies":[{"name":"wp","href":"https:\/\/api.w.org\/{rel}","templated":true}]}}