{"id":63487,"date":"2024-12-16T19:46:38","date_gmt":"2024-12-16T18:46:38","guid":{"rendered":"https:\/\/www.terapiaurbana.com\/advies\/"},"modified":"2025-11-06T13:17:59","modified_gmt":"2025-11-06T12:17:59","slug":"advies","status":"publish","type":"page","link":"https:\/\/www.terapiaurbana.com\/nl\/advies\/","title":{"rendered":"Advies"},"content":{"rendered":"\n<div class=\"wp-block-uagb-container uagb-block-af93963a alignfull uagb-is-root-container\"><div class=\"uagb-container-inner-blocks-wrap\"><\/div><\/div>\n\n\n\n<div class=\"wp-block-uagb-container uagb-block-ce58f210 alignfull uagb-is-root-container\"><div class=\"uagb-container-inner-blocks-wrap\">\n<div class=\"wp-block-uagb-advanced-heading uagb-block-fd65099e\"><h2 class=\"uagb-heading-text\">ADVIES OVER HET INTEGREREN VAN OP DE NATUUR GEBASEERDE OPLOSSINGEN<\/h2><\/div>\n\n\n\n<p>Bij <strong>Terapia Urbana<\/strong> zijn we experts in het ontwerpen van op de natuur gebaseerde oplossingen, en ons belangrijkste doel is het geven van gespecialiseerd advies aan professionals en bestekschrijvers om de natuur op een passende manier in hun projecten te integreren. Als u, net als wij, wilt <strong>profiteren van alle voordelen die de natuur biedt<\/strong> en deze op een gecontroleerde manier in uw project wilt integreren, dan kunnen wij u helpen. <\/p>\n\n\n\n<figure class=\"wp-block-image aligncenter size-full\"><img loading=\"lazy\" decoding=\"async\" width=\"1200\" height=\"904\" src=\"https:\/\/www.terapiaurbana.com\/wp-content\/uploads\/2025\/11\/NEER-Serivicios-100-2.jpg\" alt=\"\" class=\"wp-image-66085\" srcset=\"https:\/\/www.terapiaurbana.com\/wp-content\/uploads\/2025\/11\/NEER-Serivicios-100-2.jpg 1200w, https:\/\/www.terapiaurbana.com\/wp-content\/uploads\/2025\/11\/NEER-Serivicios-100-2-300x226.jpg 300w, https:\/\/www.terapiaurbana.com\/wp-content\/uploads\/2025\/11\/NEER-Serivicios-100-2-1024x771.jpg 1024w, https:\/\/www.terapiaurbana.com\/wp-content\/uploads\/2025\/11\/NEER-Serivicios-100-2-768x579.jpg 768w\" sizes=\"auto, (max-width: 1200px) 100vw, 1200px\" \/><\/figure>\n\n\n\n<figure class=\"wp-block-image aligncenter size-large\"><img loading=\"lazy\" decoding=\"async\" width=\"1024\" height=\"111\" src=\"https:\/\/www.terapiaurbana.com\/wp-content\/uploads\/2024\/12\/certificaciones-jardin-vertical-1024x111.jpg\" alt=\"\" class=\"wp-image-61765\" srcset=\"https:\/\/www.terapiaurbana.com\/wp-content\/uploads\/2024\/12\/certificaciones-jardin-vertical-1024x111.jpg 1024w, https:\/\/www.terapiaurbana.com\/wp-content\/uploads\/2024\/12\/certificaciones-jardin-vertical-300x33.jpg 300w, https:\/\/www.terapiaurbana.com\/wp-content\/uploads\/2024\/12\/certificaciones-jardin-vertical-768x83.jpg 768w, https:\/\/www.terapiaurbana.com\/wp-content\/uploads\/2024\/12\/certificaciones-jardin-vertical-1536x167.jpg 1536w, https:\/\/www.terapiaurbana.com\/wp-content\/uploads\/2024\/12\/certificaciones-jardin-vertical.jpg 2048w\" sizes=\"auto, (max-width: 1024px) 100vw, 1024px\" \/><\/figure>\n<\/div><\/div>\n\n\n\n<div class=\"wp-block-uagb-container uagb-block-511eec9f alignfull uagb-is-root-container\"><div class=\"uagb-container-inner-blocks-wrap\"><\/div><\/div>\n\n\n\n<div class=\"wp-block-uagb-container uagb-block-fc3afb6a alignfull uagb-is-root-container\"><div class=\"uagb-container-inner-blocks-wrap\">\n<div class=\"wp-block-uagb-advanced-heading uagb-block-3c1e55f7\"><h2 class=\"uagb-heading-text\">INTEGRAAL PROJECTADVIES<\/h2><\/div>\n\n\n\n<p>Als installateur, ontwerper of bouwbedrijf begeleidt ons team u tijdens alle fasen van de ontwikkeling en uitvoering van uw verticale tuin of groendakproject. Van de voorbereidende technische en economische studie, tot de technische bijstand ter plaatse of de gedetailleerde begroting via ons netwerk van samenwerkende bedrijven. Als u op zoek bent naar professionele resultaten, willen wij uw gespecialiseerde partner zijn.  <\/p>\n\n\n\n<figure class=\"wp-block-image aligncenter size-full\"><img loading=\"lazy\" decoding=\"async\" width=\"1200\" height=\"531\" src=\"https:\/\/www.terapiaurbana.com\/wp-content\/uploads\/2025\/11\/NEER-Serivicios_1-100-2.jpg\" alt=\"\" class=\"wp-image-66090\" srcset=\"https:\/\/www.terapiaurbana.com\/wp-content\/uploads\/2025\/11\/NEER-Serivicios_1-100-2.jpg 1200w, https:\/\/www.terapiaurbana.com\/wp-content\/uploads\/2025\/11\/NEER-Serivicios_1-100-2-300x133.jpg 300w, https:\/\/www.terapiaurbana.com\/wp-content\/uploads\/2025\/11\/NEER-Serivicios_1-100-2-1024x453.jpg 1024w, https:\/\/www.terapiaurbana.com\/wp-content\/uploads\/2025\/11\/NEER-Serivicios_1-100-2-768x340.jpg 768w\" sizes=\"auto, (max-width: 1200px) 100vw, 1200px\" \/><\/figure>\n\n\n\n<div class=\"wp-block-uagb-buttons uagb-buttons__outer-wrap uagb-btn__default-btn uagb-btn-tablet__default-btn uagb-btn-mobile__default-btn uagb-block-5191b0fd\"><div class=\"uagb-buttons__wrap uagb-buttons-layout-wrap \">\n<div class=\"wp-block-uagb-buttons-child uagb-buttons__outer-wrap uagb-block-db682a4c wp-block-button\"><div class=\"uagb-button__wrapper\"><a class=\"uagb-buttons-repeater wp-block-button__link\" aria-label=\"\" href=\"#\" rel=\"follow noopener\" target=\"_self\" role=\"button\"><div class=\"uagb-button__link\">Click Here<\/div><\/a><\/div><\/div>\n<\/div><\/div>\n<\/div><\/div>\n\n\n\n<div class=\"wp-block-uagb-container uagb-block-1b96b103 alignfull uagb-is-root-container\"><div class=\"uagb-container-inner-blocks-wrap\">\n<div class=\"wp-block-uagb-container uagb-block-2d916362\"><\/div>\n\n\n\n<div class=\"wp-block-uagb-container uagb-block-cf3adfc2\"><\/div>\n\n\n\n<div class=\"wp-block-uagb-container uagb-block-b56b996f\"><\/div>\n<\/div><\/div>\n","protected":false},"excerpt":{"rendered":"<p>ADVIES OVER HET INTEGREREN VAN OP DE NATUUR GEBASEERDE OPLOSSINGEN Bij Terapia Urbana zijn we experts in het ontwerpen van [&hellip;]<\/p>\n","protected":false},"author":1,"featured_media":0,"parent":0,"menu_order":0,"comment_status":"closed","ping_status":"closed","template":"","meta":{"_uag_custom_page_level_css":"","site-sidebar-layout":"default","site-content-layout":"","ast-site-content-layout":"full-width-container","site-content-style":"default","site-sidebar-style":"default","ast-global-header-display":"","ast-banner-title-visibility":"","ast-main-header-display":"","ast-hfb-above-header-display":"","ast-hfb-below-header-display":"","ast-hfb-mobile-header-display":"","site-post-title":"disabled","ast-breadcrumbs-content":"","ast-featured-img":"","footer-sml-layout":"","theme-transparent-header-meta":"","adv-header-id-meta":"","stick-header-meta":"","header-above-stick-meta":"","header-main-stick-meta":"","header-below-stick-meta":"","astra-migrate-meta-layouts":"default","ast-page-background-enabled":"default","ast-page-background-meta":{"desktop":{"background-color":"var(--ast-global-color-4)","background-image":"","background-repeat":"repeat","background-position":"center center","background-size":"auto","background-attachment":"scroll","background-type":"","background-media":"","overlay-type":"","overlay-color":"","overlay-opacity":"","overlay-gradient":""},"tablet":{"background-color":"","background-image":"","background-repeat":"repeat","background-position":"center center","background-size":"auto","background-attachment":"scroll","background-type":"","background-media":"","overlay-type":"","overlay-color":"","overlay-opacity":"","overlay-gradient":""},"mobile":{"background-color":"","background-image":"","background-repeat":"repeat","background-position":"center center","background-size":"auto","background-attachment":"scroll","background-type":"","background-media":"","overlay-type":"","overlay-color":"","overlay-opacity":"","overlay-gradient":""}},"ast-content-background-meta":{"desktop":{"background-color":"var(--ast-global-color-5)","background-image":"","background-repeat":"repeat","background-position":"center center","background-size":"auto","background-attachment":"scroll","background-type":"","background-media":"","overlay-type":"","overlay-color":"","overlay-opacity":"","overlay-gradient":""},"tablet":{"background-color":"var(--ast-global-color-5)","background-image":"","background-repeat":"repeat","background-position":"center center","background-size":"auto","background-attachment":"scroll","background-type":"","background-media":"","overlay-type":"","overlay-color":"","overlay-opacity":"","overlay-gradient":""},"mobile":{"background-color":"var(--ast-global-color-5)","background-image":"","background-repeat":"repeat","background-position":"center center","background-size":"auto","background-attachment":"scroll","background-type":"","background-media":"","overlay-type":"","overlay-color":"","overlay-opacity":"","overlay-gradient":""}},"footnotes":""},"class_list":["post-63487","page","type-page","status-publish","hentry"],"yoast_head":"<!-- This site is optimized with the Yoast SEO plugin v26.3 - https:\/\/yoast.com\/wordpress\/plugins\/seo\/ -->\n<title>Advies -<\/title>\n<meta name=\"robots\" content=\"index, follow, max-snippet:-1, max-image-preview:large, max-video-preview:-1\" \/>\n<link rel=\"canonical\" href=\"https:\/\/www.terapiaurbana.com\/nl\/advies\/\" \/>\n<meta property=\"og:locale\" content=\"nl_NL\" \/>\n<meta property=\"og:type\" content=\"article\" \/>\n<meta property=\"og:title\" content=\"Advies -\" \/>\n<meta property=\"og:description\" content=\"ADVIES OVER HET INTEGREREN VAN OP DE NATUUR GEBASEERDE OPLOSSINGEN Bij Terapia Urbana zijn we experts in het ontwerpen van [&hellip;]\" \/>\n<meta property=\"og:url\" content=\"https:\/\/www.terapiaurbana.com\/nl\/advies\/\" \/>\n<meta property=\"article:publisher\" content=\"https:\/\/www.facebook.com\/terapiaurbana\/\" \/>\n<meta property=\"article:modified_time\" content=\"2025-11-06T12:17:59+00:00\" \/>\n<meta property=\"og:image\" content=\"https:\/\/www.terapiaurbana.com\/wp-content\/uploads\/2025\/11\/NEER-Serivicios-100-2.jpg\" \/>\n<meta name=\"twitter:card\" content=\"summary_large_image\" \/>\n<meta name=\"twitter:site\" content=\"@terapia_urbana\" \/>\n<meta name=\"twitter:label1\" content=\"Geschatte leestijd\" \/>\n\t<meta name=\"twitter:data1\" content=\"2 minuten\" \/>\n<script type=\"application\/ld+json\" class=\"yoast-schema-graph\">{\"@context\":\"https:\/\/schema.org\",\"@graph\":[{\"@type\":\"WebPage\",\"@id\":\"https:\/\/www.terapiaurbana.com\/nl\/advies\/\",\"url\":\"https:\/\/www.terapiaurbana.com\/nl\/advies\/\",\"name\":\"Advies -\",\"isPartOf\":{\"@id\":\"https:\/\/www.terapiaurbana.com\/nl\/#website\"},\"primaryImageOfPage\":{\"@id\":\"https:\/\/www.terapiaurbana.com\/nl\/advies\/#primaryimage\"},\"image\":{\"@id\":\"https:\/\/www.terapiaurbana.com\/nl\/advies\/#primaryimage\"},\"thumbnailUrl\":\"https:\/\/www.terapiaurbana.com\/wp-content\/uploads\/2025\/11\/NEER-Serivicios-100-2.jpg\",\"datePublished\":\"2024-12-16T18:46:38+00:00\",\"dateModified\":\"2025-11-06T12:17:59+00:00\",\"breadcrumb\":{\"@id\":\"https:\/\/www.terapiaurbana.com\/nl\/advies\/#breadcrumb\"},\"inLanguage\":\"nl-NL\",\"potentialAction\":[{\"@type\":\"ReadAction\",\"target\":[\"https:\/\/www.terapiaurbana.com\/nl\/advies\/\"]}]},{\"@type\":\"ImageObject\",\"inLanguage\":\"nl-NL\",\"@id\":\"https:\/\/www.terapiaurbana.com\/nl\/advies\/#primaryimage\",\"url\":\"https:\/\/www.terapiaurbana.com\/wp-content\/uploads\/2025\/11\/NEER-Serivicios-100-2.jpg\",\"contentUrl\":\"https:\/\/www.terapiaurbana.com\/wp-content\/uploads\/2025\/11\/NEER-Serivicios-100-2.jpg\"},{\"@type\":\"BreadcrumbList\",\"@id\":\"https:\/\/www.terapiaurbana.com\/nl\/advies\/#breadcrumb\",\"itemListElement\":[{\"@type\":\"ListItem\",\"position\":1,\"name\":\"Portada\",\"item\":\"https:\/\/www.terapiaurbana.com\/nl\/\"},{\"@type\":\"ListItem\",\"position\":2,\"name\":\"Advies\"}]},{\"@type\":\"WebSite\",\"@id\":\"https:\/\/www.terapiaurbana.com\/nl\/#website\",\"url\":\"https:\/\/www.terapiaurbana.com\/nl\/\",\"name\":\"Terapia Urbana | Especialistas en jardines verticales\",\"description\":\"Especialistas en dise\u00f1o de jardines verticales exteriores e interiores naturales con tecnolog\u00eda Fytotextile y iluminaci\u00f3n auxiliar para una sostenible y funcional\",\"alternateName\":\"Terapia Urbana\",\"potentialAction\":[{\"@type\":\"SearchAction\",\"target\":{\"@type\":\"EntryPoint\",\"urlTemplate\":\"https:\/\/www.terapiaurbana.com\/nl\/?s={search_term_string}\"},\"query-input\":{\"@type\":\"PropertyValueSpecification\",\"valueRequired\":true,\"valueName\":\"search_term_string\"}}],\"inLanguage\":\"nl-NL\"}]}<\/script>\n<!-- \/ Yoast SEO plugin. -->","yoast_head_json":{"title":"Advies -","robots":{"index":"index","follow":"follow","max-snippet":"max-snippet:-1","max-image-preview":"max-image-preview:large","max-video-preview":"max-video-preview:-1"},"canonical":"https:\/\/www.terapiaurbana.com\/nl\/advies\/","og_locale":"nl_NL","og_type":"article","og_title":"Advies -","og_description":"ADVIES OVER HET INTEGREREN VAN OP DE NATUUR GEBASEERDE OPLOSSINGEN Bij Terapia Urbana zijn we experts in het ontwerpen van [&hellip;]","og_url":"https:\/\/www.terapiaurbana.com\/nl\/advies\/","article_publisher":"https:\/\/www.facebook.com\/terapiaurbana\/","article_modified_time":"2025-11-06T12:17:59+00:00","og_image":[{"url":"https:\/\/www.terapiaurbana.com\/wp-content\/uploads\/2025\/11\/NEER-Serivicios-100-2.jpg","type":"","width":"","height":""}],"twitter_card":"summary_large_image","twitter_site":"@terapia_urbana","twitter_misc":{"Geschatte leestijd":"2 minuten"},"schema":{"@context":"https:\/\/schema.org","@graph":[{"@type":"WebPage","@id":"https:\/\/www.terapiaurbana.com\/nl\/advies\/","url":"https:\/\/www.terapiaurbana.com\/nl\/advies\/","name":"Advies -","isPartOf":{"@id":"https:\/\/www.terapiaurbana.com\/nl\/#website"},"primaryImageOfPage":{"@id":"https:\/\/www.terapiaurbana.com\/nl\/advies\/#primaryimage"},"image":{"@id":"https:\/\/www.terapiaurbana.com\/nl\/advies\/#primaryimage"},"thumbnailUrl":"https:\/\/www.terapiaurbana.com\/wp-content\/uploads\/2025\/11\/NEER-Serivicios-100-2.jpg","datePublished":"2024-12-16T18:46:38+00:00","dateModified":"2025-11-06T12:17:59+00:00","breadcrumb":{"@id":"https:\/\/www.terapiaurbana.com\/nl\/advies\/#breadcrumb"},"inLanguage":"nl-NL","potentialAction":[{"@type":"ReadAction","target":["https:\/\/www.terapiaurbana.com\/nl\/advies\/"]}]},{"@type":"ImageObject","inLanguage":"nl-NL","@id":"https:\/\/www.terapiaurbana.com\/nl\/advies\/#primaryimage","url":"https:\/\/www.terapiaurbana.com\/wp-content\/uploads\/2025\/11\/NEER-Serivicios-100-2.jpg","contentUrl":"https:\/\/www.terapiaurbana.com\/wp-content\/uploads\/2025\/11\/NEER-Serivicios-100-2.jpg"},{"@type":"BreadcrumbList","@id":"https:\/\/www.terapiaurbana.com\/nl\/advies\/#breadcrumb","itemListElement":[{"@type":"ListItem","position":1,"name":"Portada","item":"https:\/\/www.terapiaurbana.com\/nl\/"},{"@type":"ListItem","position":2,"name":"Advies"}]},{"@type":"WebSite","@id":"https:\/\/www.terapiaurbana.com\/nl\/#website","url":"https:\/\/www.terapiaurbana.com\/nl\/","name":"Terapia Urbana | Especialistas en jardines verticales","description":"Especialistas en dise\u00f1o de jardines verticales exteriores e interiores naturales con tecnolog\u00eda Fytotextile y iluminaci\u00f3n auxiliar para una sostenible y funcional","alternateName":"Terapia Urbana","potentialAction":[{"@type":"SearchAction","target":{"@type":"EntryPoint","urlTemplate":"https:\/\/www.terapiaurbana.com\/nl\/?s={search_term_string}"},"query-input":{"@type":"PropertyValueSpecification","valueRequired":true,"valueName":"search_term_string"}}],"inLanguage":"nl-NL"}]}},"uagb_featured_image_src":{"full":false,"thumbnail":false,"medium":false,"medium_large":false,"large":false,"1536x1536":false,"2048x2048":false,"gform-image-choice-sm":false,"gform-image-choice-md":false,"gform-image-choice-lg":false},"uagb_author_info":{"display_name":"terapiaurbana","author_link":"https:\/\/www.terapiaurbana.com\/nl\/author\/terapiaurbana\/"},"uagb_comment_info":0,"uagb_excerpt":"ADVIES OVER HET INTEGREREN VAN OP DE NATUUR GEBASEERDE OPLOSSINGEN Bij Terapia Urbana zijn we experts in het ontwerpen van [&hellip;]","_links":{"self":[{"href":"https:\/\/www.terapiaurbana.com\/nl\/wp-json\/wp\/v2\/pages\/63487","targetHints":{"allow":["GET"]}}],"collection":[{"href":"https:\/\/www.terapiaurbana.com\/nl\/wp-json\/wp\/v2\/pages"}],"about":[{"href":"https:\/\/www.terapiaurbana.com\/nl\/wp-json\/wp\/v2\/types\/page"}],"author":[{"embeddable":true,"href":"https:\/\/www.terapiaurbana.com\/nl\/wp-json\/wp\/v2\/users\/1"}],"replies":[{"embeddable":true,"href":"https:\/\/www.terapiaurbana.com\/nl\/wp-json\/wp\/v2\/comments?post=63487"}],"version-history":[{"count":3,"href":"https:\/\/www.terapiaurbana.com\/nl\/wp-json\/wp\/v2\/pages\/63487\/revisions"}],"predecessor-version":[{"id":66096,"href":"https:\/\/www.terapiaurbana.com\/nl\/wp-json\/wp\/v2\/pages\/63487\/revisions\/66096"}],"wp:attachment":[{"href":"https:\/\/www.terapiaurbana.com\/nl\/wp-json\/wp\/v2\/media?parent=63487"}],"curies":[{"name":"wp","href":"https:\/\/api.w.org\/{rel}","templated":true}]}}