{"id":63519,"date":"2024-11-19T10:40:34","date_gmt":"2024-11-19T09:40:34","guid":{"rendered":"https:\/\/www.terapiaurbana.com\/advies-over-verlichting\/"},"modified":"2025-11-06T13:20:21","modified_gmt":"2025-11-06T12:20:21","slug":"advies-over-verlichting","status":"publish","type":"page","link":"https:\/\/www.terapiaurbana.com\/nl\/advies-over-verlichting\/","title":{"rendered":"Advies over verlichting"},"content":{"rendered":"\n<div class=\"wp-block-uagb-container uagb-block-634a672d alignfull uagb-is-root-container\"><div class=\"uagb-container-inner-blocks-wrap\">\n<div class=\"wp-block-uagb-advanced-heading uagb-block-7add6b5c\"><h2 class=\"uagb-heading-text\">LICHTADVIES<\/h2><\/div>\n<\/div><\/div>\n\n\n\n<div class=\"wp-block-uagb-container uagb-block-0eb1f3c0 alignfull uagb-is-root-container\"><div class=\"uagb-container-inner-blocks-wrap\"><\/div><\/div>\n\n\n\n<div class=\"wp-block-uagb-container uagb-block-bc00eb98 alignfull uagb-is-root-container\"><div class=\"uagb-container-inner-blocks-wrap\">\n<div class=\"wp-block-uagb-advanced-heading uagb-block-0a148acc\"><h2 class=\"uagb-heading-text\">SPECIFIEKE VERLICHTING VOOR KAMERPLANTEN<\/h2><\/div>\n\n\n\n<p>Het ontwerp van aanvullende verlichting is een cruciaal aspect bij binnenprojecten in de verticale landschapsarchitectuur, die steeds vaker voorkomen. Bij Terapia Urbana bieden wij hiervoor een gespecialiseerde oplossing vanaf de ontwerpfase. <\/p>\n\n\n\n<p><strong>Licht <\/strong>is essentieel voor planten om <strong>te kunnen fotosynthetiseren<\/strong> en zich op de lange termijn goed te ontwikkelen. Wij hebben een verlichtingssysteem ontwikkeld en getest dat de benodigde energie (PPFD) levert en een lichtspectrum biedt dat aansluit bij de biologische behoeften van de plant. Daarnaast beschikken onze lampen over een uitstekende kleurweergave-index en kleurtemperatuur, waardoor ze perfect passen in het ontwerp van binnenverlichting.  <\/p>\n<\/div><\/div>\n\n\n\n<div class=\"wp-block-uagb-container uagb-block-ab47c17d alignfull uagb-is-root-container\"><div class=\"uagb-container-inner-blocks-wrap\">\n<figure class=\"wp-block-image aligncenter size-full\"><img loading=\"lazy\" decoding=\"async\" width=\"1068\" height=\"553\" src=\"https:\/\/www.terapiaurbana.com\/wp-content\/uploads\/2025\/11\/NEER-Sistemas_3-100-2.jpg\" alt=\"\" class=\"wp-image-66097\" srcset=\"https:\/\/www.terapiaurbana.com\/wp-content\/uploads\/2025\/11\/NEER-Sistemas_3-100-2.jpg 1068w, https:\/\/www.terapiaurbana.com\/wp-content\/uploads\/2025\/11\/NEER-Sistemas_3-100-2-300x155.jpg 300w, https:\/\/www.terapiaurbana.com\/wp-content\/uploads\/2025\/11\/NEER-Sistemas_3-100-2-1024x530.jpg 1024w, https:\/\/www.terapiaurbana.com\/wp-content\/uploads\/2025\/11\/NEER-Sistemas_3-100-2-768x398.jpg 768w\" sizes=\"auto, (max-width: 1068px) 100vw, 1068px\" \/><\/figure>\n<\/div><\/div>\n\n\n\n<div class=\"wp-block-uagb-container uagb-block-1c49ce17 alignfull uagb-is-root-container\"><div class=\"uagb-container-inner-blocks-wrap\">\n<div class=\"wp-block-uagb-advanced-heading uagb-block-cf762340\"><h2 class=\"uagb-heading-text\">VERLICHTINGSSTUDIE<\/h2><\/div>\n\n\n\n<div class=\"wp-block-uagb-advanced-heading uagb-block-c7419818\"><h3 class=\"uagb-heading-text\">ANALYSE VAN DE RUIMTE<\/h3><\/div>\n\n\n\n<p>Er wordt een analyse van de ruimte uitgevoerd om te bepalen welk type verlichting het meest geschikt is voor elke situatie. De architectonische integratie in het verlaagde plafond of de plafondplaat wordt geanalyseerd, afhankelijk van het type armatuur. Deze analyse wordt aangevuld met een simulatie, zodat rekening wordt gehouden met factoren die de lichtverdeling kunnen be\u00efnvloeden.  <\/p>\n<\/div><\/div>\n\n\n\n<div class=\"wp-block-uagb-container uagb-block-b0d0686a alignfull uagb-is-root-container\"><div class=\"uagb-container-inner-blocks-wrap\"><\/div><\/div>\n\n\n\n<div class=\"wp-block-uagb-container uagb-block-5d6b1094 alignfull uagb-is-root-container\"><div class=\"uagb-container-inner-blocks-wrap\">\n<div class=\"wp-block-uagb-container uagb-block-35794025\">\n<div class=\"wp-block-uagb-advanced-heading uagb-block-6f425a30\"><h3 class=\"uagb-heading-text\">STUDIE NAAR INDIRECTE VERLICHTING OP ZONNE-ENERGIE<\/h3><\/div>\n\n\n\n<p>Wij voeren een studie uit naar indirecte verlichting om de energie te schatten die wordt verkregen via gereflecteerd of indirect zonlicht (indirecte PPFD-berekening). Deze energie vormt een aanvulling op de energie die door het aanvullende verlichtingssysteem wordt geleverd. <\/p>\n\n\n\n<div class=\"wp-block-uagb-advanced-heading uagb-block-fe01f45d\"><h3 class=\"uagb-heading-text\">SIMULATIE VAN AANVULLENDE VERLICHTING<\/h3><\/div>\n\n\n\n<p>Op basis van bovenstaande punten simuleren wij de lichtverdeling met gespecialiseerde software. Deze simulatie maakt het mogelijk om een nauwkeurige verdeling van de verwachte lichtniveaus te verkrijgen, waarmee rekening wordt gehouden in het landschapsontwerp. <\/p>\n<\/div>\n\n\n\n<div class=\"wp-block-uagb-container uagb-block-feabeb19\">\n<figure class=\"wp-block-image size-full\"><img loading=\"lazy\" decoding=\"async\" width=\"604\" height=\"292\" src=\"https:\/\/www.terapiaurbana.com\/wp-content\/uploads\/2024\/12\/asesoramiento-iluminacion.png\" alt=\"\" class=\"wp-image-61794\" srcset=\"https:\/\/www.terapiaurbana.com\/wp-content\/uploads\/2024\/12\/asesoramiento-iluminacion.png 604w, https:\/\/www.terapiaurbana.com\/wp-content\/uploads\/2024\/12\/asesoramiento-iluminacion-300x145.png 300w\" sizes=\"auto, (max-width: 604px) 100vw, 604px\" \/><\/figure>\n<\/div>\n<\/div><\/div>\n\n\n\n<div class=\"wp-block-uagb-container uagb-block-08278de8 alignfull uagb-is-root-container\"><div class=\"uagb-container-inner-blocks-wrap\"><\/div><\/div>\n\n\n\n<div class=\"wp-block-uagb-container uagb-block-49012a0e alignfull uagb-is-root-container\"><div class=\"uagb-container-inner-blocks-wrap\">\n<div class=\"wp-block-uagb-container uagb-block-7a73fedb\">\n<div class=\"wp-block-uagb-advanced-heading uagb-block-a22d4e9f\"><h3 class=\"uagb-heading-text\">GEDETAILLEERD TECHNISCH PROJECT<\/h3><\/div>\n\n\n\n<p style=\"margin-bottom:0px\">Alle informatie wordt uitgewerkt in een gedetailleerd technisch projectdossier, waarin het type en het vermogen van de benodigde armaturen, distributie- en ori\u00ebntatieplannen, hoeken, afstanden, enzovoort worden gespecificeerd. Zo wordt de behoefte aan verlichtingsondersteuning gegarandeerd opgelost.<\/p>\n<\/div>\n\n\n\n<div class=\"wp-block-uagb-container uagb-block-9a47433a\"><\/div>\n<\/div><\/div>\n\n\n\n<div class=\"wp-block-uagb-container uagb-block-9fc1a833 alignfull uagb-is-root-container\"><div class=\"uagb-container-inner-blocks-wrap\">\n<div class=\"wp-block-uagb-container uagb-block-88b74ce8\">\n<figure class=\"wp-block-image size-large\"><img loading=\"lazy\" decoding=\"async\" width=\"1024\" height=\"727\" src=\"https:\/\/www.terapiaurbana.com\/wp-content\/uploads\/2024\/12\/proyecto-tecnico-detallado-2-1024x727.png\" alt=\"\" class=\"wp-image-61799\" srcset=\"https:\/\/www.terapiaurbana.com\/wp-content\/uploads\/2024\/12\/proyecto-tecnico-detallado-2-1024x727.png 1024w, https:\/\/www.terapiaurbana.com\/wp-content\/uploads\/2024\/12\/proyecto-tecnico-detallado-2-300x213.png 300w, https:\/\/www.terapiaurbana.com\/wp-content\/uploads\/2024\/12\/proyecto-tecnico-detallado-2-768x545.png 768w, https:\/\/www.terapiaurbana.com\/wp-content\/uploads\/2024\/12\/proyecto-tecnico-detallado-2.png 1280w\" sizes=\"auto, (max-width: 1024px) 100vw, 1024px\" \/><\/figure>\n<\/div>\n\n\n\n<div class=\"wp-block-uagb-container uagb-block-6fe495ed\">\n<figure class=\"wp-block-image size-large\"><img loading=\"lazy\" decoding=\"async\" width=\"641\" height=\"1024\" src=\"https:\/\/www.terapiaurbana.com\/wp-content\/uploads\/2024\/12\/proyecto-tecnico-detallado-641x1024.png\" alt=\"\" class=\"wp-image-61798\" srcset=\"https:\/\/www.terapiaurbana.com\/wp-content\/uploads\/2024\/12\/proyecto-tecnico-detallado-641x1024.png 641w, https:\/\/www.terapiaurbana.com\/wp-content\/uploads\/2024\/12\/proyecto-tecnico-detallado-188x300.png 188w, https:\/\/www.terapiaurbana.com\/wp-content\/uploads\/2024\/12\/proyecto-tecnico-detallado-768x1226.png 768w, https:\/\/www.terapiaurbana.com\/wp-content\/uploads\/2024\/12\/proyecto-tecnico-detallado-962x1536.png 962w, https:\/\/www.terapiaurbana.com\/wp-content\/uploads\/2024\/12\/proyecto-tecnico-detallado.png 980w\" sizes=\"auto, (max-width: 641px) 100vw, 641px\" \/><\/figure>\n<\/div>\n<\/div><\/div>\n\n\n\n<div class=\"wp-block-uagb-container uagb-block-f4a8bf96 alignfull uagb-is-root-container\"><div class=\"uagb-container-inner-blocks-wrap\">\n<div class=\"wp-block-uagb-container uagb-block-e830ca05\">\n<figure class=\"wp-block-image size-large\"><img loading=\"lazy\" decoding=\"async\" width=\"1024\" height=\"662\" src=\"https:\/\/www.terapiaurbana.com\/wp-content\/uploads\/2024\/12\/ilustracion-consultoria-iluminacion-1024x662.png\" alt=\"\" class=\"wp-image-61812\" srcset=\"https:\/\/www.terapiaurbana.com\/wp-content\/uploads\/2024\/12\/ilustracion-consultoria-iluminacion-1024x662.png 1024w, https:\/\/www.terapiaurbana.com\/wp-content\/uploads\/2024\/12\/ilustracion-consultoria-iluminacion-300x194.png 300w, https:\/\/www.terapiaurbana.com\/wp-content\/uploads\/2024\/12\/ilustracion-consultoria-iluminacion-768x496.png 768w, https:\/\/www.terapiaurbana.com\/wp-content\/uploads\/2024\/12\/ilustracion-consultoria-iluminacion.png 1308w\" sizes=\"auto, (max-width: 1024px) 100vw, 1024px\" \/><\/figure>\n<\/div>\n\n\n\n<div class=\"wp-block-uagb-container uagb-block-5b7798b0\">\n<figure class=\"wp-block-image size-full\"><img loading=\"lazy\" decoding=\"async\" width=\"760\" height=\"640\" src=\"https:\/\/www.terapiaurbana.com\/wp-content\/uploads\/2024\/12\/lampara-jardin-vertical-iluminacion.png\" alt=\"\" class=\"wp-image-61813\" srcset=\"https:\/\/www.terapiaurbana.com\/wp-content\/uploads\/2024\/12\/lampara-jardin-vertical-iluminacion.png 760w, https:\/\/www.terapiaurbana.com\/wp-content\/uploads\/2024\/12\/lampara-jardin-vertical-iluminacion-300x253.png 300w\" sizes=\"auto, (max-width: 760px) 100vw, 760px\" \/><\/figure>\n<\/div>\n<\/div><\/div>\n\n\n\n<div class=\"wp-block-uagb-container uagb-block-e629686e alignfull uagb-is-root-container\"><div class=\"uagb-container-inner-blocks-wrap\">\n<div class=\"wp-block-buttons is-content-justification-center is-layout-flex wp-container-core-buttons-is-layout-a89b3969 wp-block-buttons-is-layout-flex\">\n<div class=\"wp-block-button is-style-outline is-style-outline--1\"><a class=\"wp-block-button__link wp-element-button\" href=\"https:\/\/www.terapiaurbana.com\/nl\/downloads\/\">DOSSIER<\/a><\/div>\n\n\n\n<div class=\"wp-block-button\"><a class=\"wp-block-button__link has-white-color has-text-color has-link-color wp-element-button\" href=\"https:\/\/www.terapiaurbana.com\/nl\/neem-contact-op-met\/\">Kennismaken?<\/a><\/div>\n<\/div>\n<\/div><\/div>\n\n\n\n<div class=\"wp-block-uagb-container uagb-block-1d76c53e alignfull uagb-is-root-container\"><div class=\"uagb-container-inner-blocks-wrap\"><\/div><\/div>\n","protected":false},"excerpt":{"rendered":"<p>LICHTADVIES SPECIFIEKE VERLICHTING VOOR KAMERPLANTEN Het ontwerp van aanvullende verlichting is een cruciaal aspect bij binnenprojecten in de verticale landschapsarchitectuur, [&hellip;]<\/p>\n","protected":false},"author":1,"featured_media":0,"parent":0,"menu_order":0,"comment_status":"closed","ping_status":"closed","template":"","meta":{"_uag_custom_page_level_css":"","site-sidebar-layout":"default","site-content-layout":"","ast-site-content-layout":"full-width-container","site-content-style":"default","site-sidebar-style":"default","ast-global-header-display":"","ast-banner-title-visibility":"","ast-main-header-display":"","ast-hfb-above-header-display":"","ast-hfb-below-header-display":"","ast-hfb-mobile-header-display":"","site-post-title":"disabled","ast-breadcrumbs-content":"","ast-featured-img":"","footer-sml-layout":"","theme-transparent-header-meta":"","adv-header-id-meta":"","stick-header-meta":"","header-above-stick-meta":"","header-main-stick-meta":"","header-below-stick-meta":"","astra-migrate-meta-layouts":"default","ast-page-background-enabled":"default","ast-page-background-meta":{"desktop":{"background-color":"var(--ast-global-color-4)","background-image":"","background-repeat":"repeat","background-position":"center center","background-size":"auto","background-attachment":"scroll","background-type":"","background-media":"","overlay-type":"","overlay-color":"","overlay-opacity":"","overlay-gradient":""},"tablet":{"background-color":"","background-image":"","background-repeat":"repeat","background-position":"center center","background-size":"auto","background-attachment":"scroll","background-type":"","background-media":"","overlay-type":"","overlay-color":"","overlay-opacity":"","overlay-gradient":""},"mobile":{"background-color":"","background-image":"","background-repeat":"repeat","background-position":"center center","background-size":"auto","background-attachment":"scroll","background-type":"","background-media":"","overlay-type":"","overlay-color":"","overlay-opacity":"","overlay-gradient":""}},"ast-content-background-meta":{"desktop":{"background-color":"var(--ast-global-color-5)","background-image":"","background-repeat":"repeat","background-position":"center center","background-size":"auto","background-attachment":"scroll","background-type":"","background-media":"","overlay-type":"","overlay-color":"","overlay-opacity":"","overlay-gradient":""},"tablet":{"background-color":"var(--ast-global-color-5)","background-image":"","background-repeat":"repeat","background-position":"center center","background-size":"auto","background-attachment":"scroll","background-type":"","background-media":"","overlay-type":"","overlay-color":"","overlay-opacity":"","overlay-gradient":""},"mobile":{"background-color":"var(--ast-global-color-5)","background-image":"","background-repeat":"repeat","background-position":"center center","background-size":"auto","background-attachment":"scroll","background-type":"","background-media":"","overlay-type":"","overlay-color":"","overlay-opacity":"","overlay-gradient":""}},"footnotes":""},"class_list":["post-63519","page","type-page","status-publish","hentry"],"yoast_head":"<!-- This site is optimized with the Yoast SEO plugin v26.3 - https:\/\/yoast.com\/wordpress\/plugins\/seo\/ -->\n<title>Advies over verticale tuinverlichting<\/title>\n<meta name=\"description\" content=\"Ontdek hoe je je verticale tuin kunt accentueren met professionele verlichting. Uniek ontwerp, energiebesparend en esthetisch. Neem nu contact op!\" \/>\n<meta name=\"robots\" content=\"index, follow, max-snippet:-1, max-image-preview:large, max-video-preview:-1\" \/>\n<link rel=\"canonical\" href=\"https:\/\/www.terapiaurbana.com\/nl\/advies-over-verlichting\/\" \/>\n<meta property=\"og:locale\" content=\"nl_NL\" \/>\n<meta property=\"og:type\" content=\"article\" \/>\n<meta property=\"og:title\" content=\"Advies over verticale tuinverlichting\" \/>\n<meta property=\"og:description\" content=\"Ontdek hoe je je verticale tuin kunt accentueren met professionele verlichting. Uniek ontwerp, energiebesparend en esthetisch. Neem nu contact op!\" \/>\n<meta property=\"og:url\" content=\"https:\/\/www.terapiaurbana.com\/nl\/advies-over-verlichting\/\" \/>\n<meta property=\"article:publisher\" content=\"https:\/\/www.facebook.com\/terapiaurbana\/\" \/>\n<meta property=\"article:modified_time\" content=\"2025-11-06T12:20:21+00:00\" \/>\n<meta property=\"og:image\" content=\"https:\/\/www.terapiaurbana.com\/wp-content\/uploads\/2025\/11\/NEER-Sistemas_3-100-2.jpg\" \/>\n<meta name=\"twitter:card\" content=\"summary_large_image\" \/>\n<meta name=\"twitter:site\" content=\"@terapia_urbana\" \/>\n<meta name=\"twitter:label1\" content=\"Geschatte leestijd\" \/>\n\t<meta name=\"twitter:data1\" content=\"3 minuten\" \/>\n<script type=\"application\/ld+json\" class=\"yoast-schema-graph\">{\"@context\":\"https:\/\/schema.org\",\"@graph\":[{\"@type\":\"WebPage\",\"@id\":\"https:\/\/www.terapiaurbana.com\/nl\/advies-over-verlichting\/\",\"url\":\"https:\/\/www.terapiaurbana.com\/nl\/advies-over-verlichting\/\",\"name\":\"Advies over verticale tuinverlichting\",\"isPartOf\":{\"@id\":\"https:\/\/www.terapiaurbana.com\/nl\/#website\"},\"primaryImageOfPage\":{\"@id\":\"https:\/\/www.terapiaurbana.com\/nl\/advies-over-verlichting\/#primaryimage\"},\"image\":{\"@id\":\"https:\/\/www.terapiaurbana.com\/nl\/advies-over-verlichting\/#primaryimage\"},\"thumbnailUrl\":\"https:\/\/www.terapiaurbana.com\/wp-content\/uploads\/2025\/11\/NEER-Sistemas_3-100-2.jpg\",\"datePublished\":\"2024-11-19T09:40:34+00:00\",\"dateModified\":\"2025-11-06T12:20:21+00:00\",\"description\":\"Ontdek hoe je je verticale tuin kunt accentueren met professionele verlichting. Uniek ontwerp, energiebesparend en esthetisch. Neem nu contact op!\",\"breadcrumb\":{\"@id\":\"https:\/\/www.terapiaurbana.com\/nl\/advies-over-verlichting\/#breadcrumb\"},\"inLanguage\":\"nl-NL\",\"potentialAction\":[{\"@type\":\"ReadAction\",\"target\":[\"https:\/\/www.terapiaurbana.com\/nl\/advies-over-verlichting\/\"]}]},{\"@type\":\"ImageObject\",\"inLanguage\":\"nl-NL\",\"@id\":\"https:\/\/www.terapiaurbana.com\/nl\/advies-over-verlichting\/#primaryimage\",\"url\":\"https:\/\/www.terapiaurbana.com\/wp-content\/uploads\/2025\/11\/NEER-Sistemas_3-100-2.jpg\",\"contentUrl\":\"https:\/\/www.terapiaurbana.com\/wp-content\/uploads\/2025\/11\/NEER-Sistemas_3-100-2.jpg\"},{\"@type\":\"BreadcrumbList\",\"@id\":\"https:\/\/www.terapiaurbana.com\/nl\/advies-over-verlichting\/#breadcrumb\",\"itemListElement\":[{\"@type\":\"ListItem\",\"position\":1,\"name\":\"Portada\",\"item\":\"https:\/\/www.terapiaurbana.com\/nl\/\"},{\"@type\":\"ListItem\",\"position\":2,\"name\":\"Advies over verlichting\"}]},{\"@type\":\"WebSite\",\"@id\":\"https:\/\/www.terapiaurbana.com\/nl\/#website\",\"url\":\"https:\/\/www.terapiaurbana.com\/nl\/\",\"name\":\"Terapia Urbana | Especialistas en jardines verticales\",\"description\":\"Especialistas en dise\u00f1o de jardines verticales exteriores e interiores naturales con tecnolog\u00eda Fytotextile y iluminaci\u00f3n auxiliar para una sostenible y funcional\",\"alternateName\":\"Terapia Urbana\",\"potentialAction\":[{\"@type\":\"SearchAction\",\"target\":{\"@type\":\"EntryPoint\",\"urlTemplate\":\"https:\/\/www.terapiaurbana.com\/nl\/?s={search_term_string}\"},\"query-input\":{\"@type\":\"PropertyValueSpecification\",\"valueRequired\":true,\"valueName\":\"search_term_string\"}}],\"inLanguage\":\"nl-NL\"}]}<\/script>\n<!-- \/ Yoast SEO plugin. -->","yoast_head_json":{"title":"Advies over verticale tuinverlichting","description":"Ontdek hoe je je verticale tuin kunt accentueren met professionele verlichting. Uniek ontwerp, energiebesparend en esthetisch. Neem nu contact op!","robots":{"index":"index","follow":"follow","max-snippet":"max-snippet:-1","max-image-preview":"max-image-preview:large","max-video-preview":"max-video-preview:-1"},"canonical":"https:\/\/www.terapiaurbana.com\/nl\/advies-over-verlichting\/","og_locale":"nl_NL","og_type":"article","og_title":"Advies over verticale tuinverlichting","og_description":"Ontdek hoe je je verticale tuin kunt accentueren met professionele verlichting. Uniek ontwerp, energiebesparend en esthetisch. Neem nu contact op!","og_url":"https:\/\/www.terapiaurbana.com\/nl\/advies-over-verlichting\/","article_publisher":"https:\/\/www.facebook.com\/terapiaurbana\/","article_modified_time":"2025-11-06T12:20:21+00:00","og_image":[{"url":"https:\/\/www.terapiaurbana.com\/wp-content\/uploads\/2025\/11\/NEER-Sistemas_3-100-2.jpg","type":"","width":"","height":""}],"twitter_card":"summary_large_image","twitter_site":"@terapia_urbana","twitter_misc":{"Geschatte leestijd":"3 minuten"},"schema":{"@context":"https:\/\/schema.org","@graph":[{"@type":"WebPage","@id":"https:\/\/www.terapiaurbana.com\/nl\/advies-over-verlichting\/","url":"https:\/\/www.terapiaurbana.com\/nl\/advies-over-verlichting\/","name":"Advies over verticale tuinverlichting","isPartOf":{"@id":"https:\/\/www.terapiaurbana.com\/nl\/#website"},"primaryImageOfPage":{"@id":"https:\/\/www.terapiaurbana.com\/nl\/advies-over-verlichting\/#primaryimage"},"image":{"@id":"https:\/\/www.terapiaurbana.com\/nl\/advies-over-verlichting\/#primaryimage"},"thumbnailUrl":"https:\/\/www.terapiaurbana.com\/wp-content\/uploads\/2025\/11\/NEER-Sistemas_3-100-2.jpg","datePublished":"2024-11-19T09:40:34+00:00","dateModified":"2025-11-06T12:20:21+00:00","description":"Ontdek hoe je je verticale tuin kunt accentueren met professionele verlichting. Uniek ontwerp, energiebesparend en esthetisch. Neem nu contact op!","breadcrumb":{"@id":"https:\/\/www.terapiaurbana.com\/nl\/advies-over-verlichting\/#breadcrumb"},"inLanguage":"nl-NL","potentialAction":[{"@type":"ReadAction","target":["https:\/\/www.terapiaurbana.com\/nl\/advies-over-verlichting\/"]}]},{"@type":"ImageObject","inLanguage":"nl-NL","@id":"https:\/\/www.terapiaurbana.com\/nl\/advies-over-verlichting\/#primaryimage","url":"https:\/\/www.terapiaurbana.com\/wp-content\/uploads\/2025\/11\/NEER-Sistemas_3-100-2.jpg","contentUrl":"https:\/\/www.terapiaurbana.com\/wp-content\/uploads\/2025\/11\/NEER-Sistemas_3-100-2.jpg"},{"@type":"BreadcrumbList","@id":"https:\/\/www.terapiaurbana.com\/nl\/advies-over-verlichting\/#breadcrumb","itemListElement":[{"@type":"ListItem","position":1,"name":"Portada","item":"https:\/\/www.terapiaurbana.com\/nl\/"},{"@type":"ListItem","position":2,"name":"Advies over verlichting"}]},{"@type":"WebSite","@id":"https:\/\/www.terapiaurbana.com\/nl\/#website","url":"https:\/\/www.terapiaurbana.com\/nl\/","name":"Terapia Urbana | Especialistas en jardines verticales","description":"Especialistas en dise\u00f1o de jardines verticales exteriores e interiores naturales con tecnolog\u00eda Fytotextile y iluminaci\u00f3n auxiliar para una sostenible y funcional","alternateName":"Terapia Urbana","potentialAction":[{"@type":"SearchAction","target":{"@type":"EntryPoint","urlTemplate":"https:\/\/www.terapiaurbana.com\/nl\/?s={search_term_string}"},"query-input":{"@type":"PropertyValueSpecification","valueRequired":true,"valueName":"search_term_string"}}],"inLanguage":"nl-NL"}]}},"uagb_featured_image_src":{"full":false,"thumbnail":false,"medium":false,"medium_large":false,"large":false,"1536x1536":false,"2048x2048":false,"gform-image-choice-sm":false,"gform-image-choice-md":false,"gform-image-choice-lg":false},"uagb_author_info":{"display_name":"terapiaurbana","author_link":"https:\/\/www.terapiaurbana.com\/nl\/author\/terapiaurbana\/"},"uagb_comment_info":0,"uagb_excerpt":"LICHTADVIES SPECIFIEKE VERLICHTING VOOR KAMERPLANTEN Het ontwerp van aanvullende verlichting is een cruciaal aspect bij binnenprojecten in de verticale landschapsarchitectuur, [&hellip;]","_links":{"self":[{"href":"https:\/\/www.terapiaurbana.com\/nl\/wp-json\/wp\/v2\/pages\/63519","targetHints":{"allow":["GET"]}}],"collection":[{"href":"https:\/\/www.terapiaurbana.com\/nl\/wp-json\/wp\/v2\/pages"}],"about":[{"href":"https:\/\/www.terapiaurbana.com\/nl\/wp-json\/wp\/v2\/types\/page"}],"author":[{"embeddable":true,"href":"https:\/\/www.terapiaurbana.com\/nl\/wp-json\/wp\/v2\/users\/1"}],"replies":[{"embeddable":true,"href":"https:\/\/www.terapiaurbana.com\/nl\/wp-json\/wp\/v2\/comments?post=63519"}],"version-history":[{"count":10,"href":"https:\/\/www.terapiaurbana.com\/nl\/wp-json\/wp\/v2\/pages\/63519\/revisions"}],"predecessor-version":[{"id":66105,"href":"https:\/\/www.terapiaurbana.com\/nl\/wp-json\/wp\/v2\/pages\/63519\/revisions\/66105"}],"wp:attachment":[{"href":"https:\/\/www.terapiaurbana.com\/nl\/wp-json\/wp\/v2\/media?parent=63519"}],"curies":[{"name":"wp","href":"https:\/\/api.w.org\/{rel}","templated":true}]}}