{"id":63531,"date":"2024-11-19T10:41:12","date_gmt":"2024-11-19T09:41:12","guid":{"rendered":"https:\/\/www.terapiaurbana.com\/technisch-advies\/"},"modified":"2025-11-06T13:23:12","modified_gmt":"2025-11-06T12:23:12","slug":"technisch-advies","status":"publish","type":"page","link":"https:\/\/www.terapiaurbana.com\/nl\/technisch-advies\/","title":{"rendered":"Technisch advies"},"content":{"rendered":"\n<div class=\"wp-block-uagb-container uagb-block-1f55ebd9 alignfull uagb-is-root-container\"><div class=\"uagb-container-inner-blocks-wrap\">\n<div class=\"wp-block-uagb-advanced-heading uagb-block-2555b635\"><h2 class=\"uagb-heading-text\">TECHNISCH ADVIES<\/h2><\/div>\n<\/div><\/div>\n\n\n\n<div class=\"wp-block-uagb-container uagb-block-10adf577 alignfull uagb-is-root-container\"><div class=\"uagb-container-inner-blocks-wrap\"><\/div><\/div>\n\n\n\n<div class=\"wp-block-uagb-container uagb-block-4e70129f alignfull uagb-is-root-container\"><div class=\"uagb-container-inner-blocks-wrap\">\n<div class=\"wp-block-uagb-advanced-heading uagb-block-6cb664eb\"><h2 class=\"uagb-heading-text\">CONSULTANCY EN GE\u00cfNTEGREERD BEHEER VAN PROJECTONTWIKKELING<\/h2><\/div>\n\n\n\n<p>Wij ondersteunen je bij het technische ontwerp van de op de natuur gebaseerde oplossingen die je in je project wilt integreren. Ons team geeft persoonlijk advies, afgestemd op de kenmerken van het te ontwikkelen project, om de juiste technische specificatie, meting, beoordeling en implementatie te waarborgen. Daarbij verliezen we de belangrijkste fase niet uit het oog: het onderhoud. <\/p>\n\n\n\n<figure class=\"wp-block-image size-full is-resized\"><img loading=\"lazy\" decoding=\"async\" width=\"1200\" height=\"163\" src=\"https:\/\/www.terapiaurbana.com\/wp-content\/uploads\/2025\/11\/NEER-Serivicios_3-100-2.jpg\" alt=\"\" class=\"wp-image-66106\" style=\"width:1200px;height:auto\" srcset=\"https:\/\/www.terapiaurbana.com\/wp-content\/uploads\/2025\/11\/NEER-Serivicios_3-100-2.jpg 1200w, https:\/\/www.terapiaurbana.com\/wp-content\/uploads\/2025\/11\/NEER-Serivicios_3-100-2-300x41.jpg 300w, https:\/\/www.terapiaurbana.com\/wp-content\/uploads\/2025\/11\/NEER-Serivicios_3-100-2-1024x139.jpg 1024w, https:\/\/www.terapiaurbana.com\/wp-content\/uploads\/2025\/11\/NEER-Serivicios_3-100-2-768x104.jpg 768w\" sizes=\"auto, (max-width: 1200px) 100vw, 1200px\" \/><\/figure>\n<\/div><\/div>\n\n\n\n<div class=\"wp-block-uagb-container uagb-block-5d7a54ba alignfull uagb-is-root-container\"><div class=\"uagb-container-inner-blocks-wrap\">\n<div class=\"wp-block-uagb-advanced-heading uagb-block-db3261e9\"><h2 class=\"uagb-heading-text\">VOORSTUDIE VAN HET PROJECT<\/h2><\/div>\n\n\n\n<p>Heb je vragen over de vereisten voor de installatie, het geschatte budget of de algemene beschrijving van het systeem dat je in je voorstel wilt opnemen? Wij staan voor je klaar om je vrijblijvend te adviseren.<\/p>\n\n\n\n<figure class=\"wp-block-image size-full\"><img loading=\"lazy\" decoding=\"async\" width=\"1920\" height=\"1222\" src=\"https:\/\/www.terapiaurbana.com\/wp-content\/uploads\/2024\/12\/proceso-diseno-consultoria-tecnica.jpg\" alt=\"\" class=\"wp-image-61867\" srcset=\"https:\/\/www.terapiaurbana.com\/wp-content\/uploads\/2024\/12\/proceso-diseno-consultoria-tecnica.jpg 1920w, https:\/\/www.terapiaurbana.com\/wp-content\/uploads\/2024\/12\/proceso-diseno-consultoria-tecnica-300x191.jpg 300w, https:\/\/www.terapiaurbana.com\/wp-content\/uploads\/2024\/12\/proceso-diseno-consultoria-tecnica-1024x652.jpg 1024w, https:\/\/www.terapiaurbana.com\/wp-content\/uploads\/2024\/12\/proceso-diseno-consultoria-tecnica-768x489.jpg 768w, https:\/\/www.terapiaurbana.com\/wp-content\/uploads\/2024\/12\/proceso-diseno-consultoria-tecnica-1536x978.jpg 1536w\" sizes=\"auto, (max-width: 1920px) 100vw, 1920px\" \/><\/figure>\n<\/div><\/div>\n\n\n\n<div class=\"wp-block-uagb-container uagb-block-956c3c00 alignfull uagb-is-root-container\"><div class=\"uagb-container-inner-blocks-wrap\">\n<div class=\"wp-block-uagb-container uagb-block-428d259d\">\n<figure class=\"wp-block-image size-full\"><img loading=\"lazy\" decoding=\"async\" width=\"453\" height=\"138\" src=\"https:\/\/www.terapiaurbana.com\/wp-content\/uploads\/2024\/12\/certificaciones-us.png\" alt=\"\" class=\"wp-image-61868\" srcset=\"https:\/\/www.terapiaurbana.com\/wp-content\/uploads\/2024\/12\/certificaciones-us.png 453w, https:\/\/www.terapiaurbana.com\/wp-content\/uploads\/2024\/12\/certificaciones-us-300x91.png 300w\" sizes=\"auto, (max-width: 453px) 100vw, 453px\" \/><\/figure>\n<\/div>\n\n\n\n<div class=\"wp-block-uagb-container uagb-block-ea20b35d\">\n<div class=\"wp-block-uagb-advanced-heading uagb-block-4413b1fa\"><h2 class=\"uagb-heading-text\">TECHNISCHE SPECIFICATIES<\/h2><\/div>\n\n\n\n<p>Voor elk project bieden wij een heldere omschrijving van de technische oplossing die in het project moet worden opgenomen, met bijzondere aandacht voor de meest relevante specificaties. Onze toewijding aan kwaliteit en R&amp;D, in samenwerking met de universiteit, resulteert in geavanceerde systemen met hoge technische prestaties. <\/p>\n<\/div>\n<\/div><\/div>\n\n\n\n<div class=\"wp-block-uagb-container uagb-block-cc9d2582 alignfull uagb-is-root-container\"><div class=\"uagb-container-inner-blocks-wrap\">\n<figure class=\"wp-block-image size-full\"><img loading=\"lazy\" decoding=\"async\" width=\"1900\" height=\"742\" src=\"https:\/\/www.terapiaurbana.com\/wp-content\/uploads\/2024\/12\/estudio-tecnico-consultoria-jardin-vertical.jpg\" alt=\"\" class=\"wp-image-61874\" srcset=\"https:\/\/www.terapiaurbana.com\/wp-content\/uploads\/2024\/12\/estudio-tecnico-consultoria-jardin-vertical.jpg 1900w, https:\/\/www.terapiaurbana.com\/wp-content\/uploads\/2024\/12\/estudio-tecnico-consultoria-jardin-vertical-300x117.jpg 300w, https:\/\/www.terapiaurbana.com\/wp-content\/uploads\/2024\/12\/estudio-tecnico-consultoria-jardin-vertical-1024x400.jpg 1024w, https:\/\/www.terapiaurbana.com\/wp-content\/uploads\/2024\/12\/estudio-tecnico-consultoria-jardin-vertical-768x300.jpg 768w, https:\/\/www.terapiaurbana.com\/wp-content\/uploads\/2024\/12\/estudio-tecnico-consultoria-jardin-vertical-1536x600.jpg 1536w\" sizes=\"auto, (max-width: 1900px) 100vw, 1900px\" \/><\/figure>\n<\/div><\/div>\n\n\n\n<div class=\"wp-block-uagb-container uagb-block-15182476 alignfull uagb-is-root-container\"><div class=\"uagb-container-inner-blocks-wrap\"><\/div><\/div>\n\n\n\n<div class=\"wp-block-uagb-container uagb-block-22104e18 alignfull uagb-is-root-container\"><div class=\"uagb-container-inner-blocks-wrap\">\n<div class=\"wp-block-uagb-advanced-heading uagb-block-a48b4b92\"><h2 class=\"uagb-heading-text\">TECHNISCHE OPLOSSING<\/h2><\/div>\n\n\n\n<p>Onze ondersteuning omvat de technische en constructieve uitwerking van elk voorstel, inclusief de voorbereiding van plannen en schema\u2019s die in het project moeten worden opgenomen. Een projectoplossing met een hoog detailniveau is essentieel om de beste resultaten op de bouwplaats te garanderen. <\/p>\n<\/div><\/div>\n\n\n\n<div class=\"wp-block-uagb-container uagb-block-36cbd0c1 alignfull uagb-is-root-container\"><div class=\"uagb-container-inner-blocks-wrap\">\n<div class=\"wp-block-uagb-advanced-heading uagb-block-feb70872\"><h2 class=\"uagb-heading-text\">SPECIFIEKE TECHNISCHE TEKENINGEN VOOR INSTALLATIE<\/h2><\/div>\n\n\n\n<figure class=\"wp-block-image size-full\"><img loading=\"lazy\" decoding=\"async\" width=\"1200\" height=\"310\" src=\"https:\/\/www.terapiaurbana.com\/wp-content\/uploads\/2025\/11\/NEER-Serivicios_2-100-2.jpg\" alt=\"\" class=\"wp-image-66111\" style=\"object-fit:cover\" srcset=\"https:\/\/www.terapiaurbana.com\/wp-content\/uploads\/2025\/11\/NEER-Serivicios_2-100-2.jpg 1200w, https:\/\/www.terapiaurbana.com\/wp-content\/uploads\/2025\/11\/NEER-Serivicios_2-100-2-300x78.jpg 300w, https:\/\/www.terapiaurbana.com\/wp-content\/uploads\/2025\/11\/NEER-Serivicios_2-100-2-1024x265.jpg 1024w, https:\/\/www.terapiaurbana.com\/wp-content\/uploads\/2025\/11\/NEER-Serivicios_2-100-2-768x198.jpg 768w\" sizes=\"auto, (max-width: 1200px) 100vw, 1200px\" \/><\/figure>\n<\/div><\/div>\n\n\n\n<div class=\"wp-block-uagb-container uagb-block-46fc1a22 alignfull uagb-is-root-container\"><div class=\"uagb-container-inner-blocks-wrap\">\n<div class=\"wp-block-uagb-advanced-heading uagb-block-8fa2e1c4\"><h2 class=\"uagb-heading-text\">TECHNISCHE BIJSTAND TER PLAATSE<\/h2><\/div>\n\n\n\n<p>Tijdens de uitvoering van projecten kan ons deskundige team ter plaatse technische ondersteuning bieden en zowel het locatiemanagement als het installatiebedrijf begeleiden. Wij streven ernaar jouw vertrouwde adviseur te zijn, met als doel het succes van elke installatie. <\/p>\n<\/div><\/div>\n\n\n\n<div class=\"wp-block-uagb-container uagb-block-0f17f6db alignfull uagb-is-root-container\"><div class=\"uagb-container-inner-blocks-wrap\"><\/div><\/div>\n\n\n\n<div class=\"wp-block-uagb-container uagb-block-f93d3fb9 alignfull uagb-is-root-container\"><div class=\"uagb-container-inner-blocks-wrap\">\n<div class=\"wp-block-uagb-advanced-heading uagb-block-bd3f161d\"><h2 class=\"uagb-heading-text\">ONDERHOUDSPLAN<\/h2><\/div>\n\n\n\n<p>Op de natuur gebaseerde oplossingen, waarin levende elementen zijn verwerkt, zijn zeer specifieke bouwsystemen. Het succes op lange termijn van deze installaties hangt af van een correcte omschrijving van de omvang van preventieve en correctieve onderhoudstaken vanaf de projectfase. Ons team adviseert je graag om dit belangrijke aspect goed te plannen.  <\/p>\n<\/div><\/div>\n\n\n\n<div class=\"wp-block-uagb-container uagb-block-d81f2daf alignfull uagb-is-root-container\"><div class=\"uagb-container-inner-blocks-wrap\">\n<div class=\"wp-block-uagb-container uagb-block-a560e66e\">\n<div class=\"wp-block-uagb-advanced-heading uagb-block-6baf04a5\"><h3 class=\"uagb-heading-text\">JAARLIJKS ONDERHOUDSSCHEMA<\/h3><\/div>\n\n\n\n<figure class=\"wp-block-image size-full is-resized\" style=\"margin-bottom:20px\"><img loading=\"lazy\" decoding=\"async\" width=\"479\" height=\"118\" src=\"https:\/\/www.terapiaurbana.com\/wp-content\/uploads\/2024\/12\/calendario-de-mantenimiento.png\" alt=\"\" class=\"wp-image-61885\" style=\"width:479px;height:auto\" srcset=\"https:\/\/www.terapiaurbana.com\/wp-content\/uploads\/2024\/12\/calendario-de-mantenimiento.png 479w, https:\/\/www.terapiaurbana.com\/wp-content\/uploads\/2024\/12\/calendario-de-mantenimiento-300x74.png 300w\" sizes=\"auto, (max-width: 479px) 100vw, 479px\" \/><\/figure>\n\n\n\n<p style=\"margin-bottom:0px\">I &#8211; Inspectie<\/p>\n\n\n\n<p>M &#8211; Onderhoud<\/p>\n<\/div>\n\n\n\n<div class=\"wp-block-uagb-container uagb-block-4811373c\">\n<div class=\"wp-block-uagb-advanced-heading uagb-block-17d0367c\"><h3 class=\"uagb-heading-text\">PUNTEN DIE MAANDELIJKS MOETEN WORDEN BEOORDEELD<\/h3><\/div>\n\n\n\n<p style=\"margin-top:10px;margin-bottom:10px\"><img loading=\"lazy\" decoding=\"async\" src=\"https:\/\/www.terapiaurbana.com\/wp-content\/uploads\/2023\/05\/Captura-de-pantalla-2023-05-11-a-las-20.13.15.png\" width=\"34\" height=\"23\" alt=\"\"> Staat van de planten<\/p>\n\n\n\n<p style=\"margin-bottom:10px\"><img loading=\"lazy\" decoding=\"async\" src=\"https:\/\/www.terapiaurbana.com\/wp-content\/uploads\/2023\/05\/Captura-de-pantalla-2023-05-11-a-las-20.13.15.png\" width=\"34\" height=\"23\" alt=\"\"> Werking van het irrigatiesysteem<\/p>\n\n\n\n<p style=\"margin-bottom:10px\"><img loading=\"lazy\" decoding=\"async\" src=\"https:\/\/www.terapiaurbana.com\/wp-content\/uploads\/2023\/05\/Captura-de-pantalla-2023-05-11-a-las-20.13.15.png\" width=\"34\" height=\"23\" alt=\"\"> Substraatvocht<\/p>\n\n\n\n<p style=\"margin-bottom:10px\"><img loading=\"lazy\" decoding=\"async\" src=\"https:\/\/www.terapiaurbana.com\/wp-content\/uploads\/2023\/05\/Captura-de-pantalla-2023-05-11-a-las-20.13.15.png\" width=\"34\" height=\"23\" alt=\"\"> Afvoersysteem (schoonmaken van filters en bladeren)<\/p>\n\n\n\n<p><img loading=\"lazy\" decoding=\"async\" src=\"https:\/\/www.terapiaurbana.com\/wp-content\/uploads\/2023\/05\/Captura-de-pantalla-2023-05-11-a-las-20.13.15.png\" width=\"34\" height=\"23\" alt=\"\"> Irrigatiecycli<\/p>\n<\/div>\n<\/div><\/div>\n\n\n\n<div class=\"wp-block-uagb-container uagb-block-63e8c629 alignfull uagb-is-root-container\"><div class=\"uagb-container-inner-blocks-wrap\">\n<div class=\"wp-block-buttons is-content-justification-center is-layout-flex wp-container-core-buttons-is-layout-a89b3969 wp-block-buttons-is-layout-flex\">\n<div class=\"wp-block-button\"><a class=\"wp-block-button__link has-ast-global-color-5-color has-text-color has-link-color has-text-align-center wp-element-button\" href=\"https:\/\/www.terapiaurbana.com\/nl\/neem-contact-op-met\/\">ZULLEN WE PRATEN?<\/a><\/div>\n<\/div>\n<\/div><\/div>\n\n\n\n<div class=\"wp-block-uagb-container uagb-block-99522a89 alignfull uagb-is-root-container\"><div class=\"uagb-container-inner-blocks-wrap\"><\/div><\/div>\n","protected":false},"excerpt":{"rendered":"<p>TECHNISCH ADVIES CONSULTANCY EN GE\u00cfNTEGREERD BEHEER VAN PROJECTONTWIKKELING Wij ondersteunen je bij het technische ontwerp van de op de natuur [&hellip;]<\/p>\n","protected":false},"author":1,"featured_media":0,"parent":0,"menu_order":0,"comment_status":"closed","ping_status":"closed","template":"","meta":{"_uag_custom_page_level_css":"","site-sidebar-layout":"default","site-content-layout":"","ast-site-content-layout":"full-width-container","site-content-style":"default","site-sidebar-style":"default","ast-global-header-display":"","ast-banner-title-visibility":"","ast-main-header-display":"","ast-hfb-above-header-display":"","ast-hfb-below-header-display":"","ast-hfb-mobile-header-display":"","site-post-title":"disabled","ast-breadcrumbs-content":"","ast-featured-img":"","footer-sml-layout":"","theme-transparent-header-meta":"","adv-header-id-meta":"","stick-header-meta":"","header-above-stick-meta":"","header-main-stick-meta":"","header-below-stick-meta":"","astra-migrate-meta-layouts":"default","ast-page-background-enabled":"default","ast-page-background-meta":{"desktop":{"background-color":"var(--ast-global-color-4)","background-image":"","background-repeat":"repeat","background-position":"center center","background-size":"auto","background-attachment":"scroll","background-type":"","background-media":"","overlay-type":"","overlay-color":"","overlay-opacity":"","overlay-gradient":""},"tablet":{"background-color":"","background-image":"","background-repeat":"repeat","background-position":"center center","background-size":"auto","background-attachment":"scroll","background-type":"","background-media":"","overlay-type":"","overlay-color":"","overlay-opacity":"","overlay-gradient":""},"mobile":{"background-color":"","background-image":"","background-repeat":"repeat","background-position":"center center","background-size":"auto","background-attachment":"scroll","background-type":"","background-media":"","overlay-type":"","overlay-color":"","overlay-opacity":"","overlay-gradient":""}},"ast-content-background-meta":{"desktop":{"background-color":"var(--ast-global-color-5)","background-image":"","background-repeat":"repeat","background-position":"center center","background-size":"auto","background-attachment":"scroll","background-type":"","background-media":"","overlay-type":"","overlay-color":"","overlay-opacity":"","overlay-gradient":""},"tablet":{"background-color":"var(--ast-global-color-5)","background-image":"","background-repeat":"repeat","background-position":"center center","background-size":"auto","background-attachment":"scroll","background-type":"","background-media":"","overlay-type":"","overlay-color":"","overlay-opacity":"","overlay-gradient":""},"mobile":{"background-color":"var(--ast-global-color-5)","background-image":"","background-repeat":"repeat","background-position":"center center","background-size":"auto","background-attachment":"scroll","background-type":"","background-media":"","overlay-type":"","overlay-color":"","overlay-opacity":"","overlay-gradient":""}},"footnotes":""},"class_list":["post-63531","page","type-page","status-publish","hentry"],"yoast_head":"<!-- This site is optimized with the Yoast SEO plugin v26.3 - https:\/\/yoast.com\/wordpress\/plugins\/seo\/ -->\n<title>Technisch advies voor verticale tuinen | Expert Solutions<\/title>\n<meta name=\"description\" content=\"Optimaliseer je verticale tuin met ons technisch advies. Professioneel ontwerp, installatie en onderhoud voor langdurige en duurzame resultaten, neem contact met ons op!\" \/>\n<meta name=\"robots\" content=\"index, follow, max-snippet:-1, max-image-preview:large, max-video-preview:-1\" \/>\n<link rel=\"canonical\" href=\"https:\/\/www.terapiaurbana.com\/nl\/technisch-advies\/\" \/>\n<meta property=\"og:locale\" content=\"nl_NL\" \/>\n<meta property=\"og:type\" content=\"article\" \/>\n<meta property=\"og:title\" content=\"Technisch advies voor verticale tuinen | Expert Solutions\" \/>\n<meta property=\"og:description\" content=\"Optimaliseer je verticale tuin met ons technisch advies. Professioneel ontwerp, installatie en onderhoud voor langdurige en duurzame resultaten, neem contact met ons op!\" \/>\n<meta property=\"og:url\" content=\"https:\/\/www.terapiaurbana.com\/nl\/technisch-advies\/\" \/>\n<meta property=\"article:publisher\" content=\"https:\/\/www.facebook.com\/terapiaurbana\/\" \/>\n<meta property=\"article:modified_time\" content=\"2025-11-06T12:23:12+00:00\" \/>\n<meta property=\"og:image\" content=\"https:\/\/www.terapiaurbana.com\/wp-content\/uploads\/2025\/11\/NEER-Serivicios_3-100-2.jpg\" \/>\n<meta name=\"twitter:card\" content=\"summary_large_image\" \/>\n<meta name=\"twitter:site\" content=\"@terapia_urbana\" \/>\n<meta name=\"twitter:label1\" content=\"Geschatte leestijd\" \/>\n\t<meta name=\"twitter:data1\" content=\"4 minuten\" \/>\n<script type=\"application\/ld+json\" class=\"yoast-schema-graph\">{\"@context\":\"https:\/\/schema.org\",\"@graph\":[{\"@type\":\"WebPage\",\"@id\":\"https:\/\/www.terapiaurbana.com\/nl\/technisch-advies\/\",\"url\":\"https:\/\/www.terapiaurbana.com\/nl\/technisch-advies\/\",\"name\":\"Technisch advies voor verticale tuinen | Expert Solutions\",\"isPartOf\":{\"@id\":\"https:\/\/www.terapiaurbana.com\/nl\/#website\"},\"primaryImageOfPage\":{\"@id\":\"https:\/\/www.terapiaurbana.com\/nl\/technisch-advies\/#primaryimage\"},\"image\":{\"@id\":\"https:\/\/www.terapiaurbana.com\/nl\/technisch-advies\/#primaryimage\"},\"thumbnailUrl\":\"https:\/\/www.terapiaurbana.com\/wp-content\/uploads\/2025\/11\/NEER-Serivicios_3-100-2.jpg\",\"datePublished\":\"2024-11-19T09:41:12+00:00\",\"dateModified\":\"2025-11-06T12:23:12+00:00\",\"description\":\"Optimaliseer je verticale tuin met ons technisch advies. Professioneel ontwerp, installatie en onderhoud voor langdurige en duurzame resultaten, neem contact met ons op!\",\"breadcrumb\":{\"@id\":\"https:\/\/www.terapiaurbana.com\/nl\/technisch-advies\/#breadcrumb\"},\"inLanguage\":\"nl-NL\",\"potentialAction\":[{\"@type\":\"ReadAction\",\"target\":[\"https:\/\/www.terapiaurbana.com\/nl\/technisch-advies\/\"]}]},{\"@type\":\"ImageObject\",\"inLanguage\":\"nl-NL\",\"@id\":\"https:\/\/www.terapiaurbana.com\/nl\/technisch-advies\/#primaryimage\",\"url\":\"https:\/\/www.terapiaurbana.com\/wp-content\/uploads\/2025\/11\/NEER-Serivicios_3-100-2.jpg\",\"contentUrl\":\"https:\/\/www.terapiaurbana.com\/wp-content\/uploads\/2025\/11\/NEER-Serivicios_3-100-2.jpg\"},{\"@type\":\"BreadcrumbList\",\"@id\":\"https:\/\/www.terapiaurbana.com\/nl\/technisch-advies\/#breadcrumb\",\"itemListElement\":[{\"@type\":\"ListItem\",\"position\":1,\"name\":\"Portada\",\"item\":\"https:\/\/www.terapiaurbana.com\/nl\/\"},{\"@type\":\"ListItem\",\"position\":2,\"name\":\"Technisch advies\"}]},{\"@type\":\"WebSite\",\"@id\":\"https:\/\/www.terapiaurbana.com\/nl\/#website\",\"url\":\"https:\/\/www.terapiaurbana.com\/nl\/\",\"name\":\"Terapia Urbana | Especialistas en jardines verticales\",\"description\":\"Especialistas en dise\u00f1o de jardines verticales exteriores e interiores naturales con tecnolog\u00eda Fytotextile y iluminaci\u00f3n auxiliar para una sostenible y funcional\",\"alternateName\":\"Terapia Urbana\",\"potentialAction\":[{\"@type\":\"SearchAction\",\"target\":{\"@type\":\"EntryPoint\",\"urlTemplate\":\"https:\/\/www.terapiaurbana.com\/nl\/?s={search_term_string}\"},\"query-input\":{\"@type\":\"PropertyValueSpecification\",\"valueRequired\":true,\"valueName\":\"search_term_string\"}}],\"inLanguage\":\"nl-NL\"}]}<\/script>\n<!-- \/ Yoast SEO plugin. -->","yoast_head_json":{"title":"Technisch advies voor verticale tuinen | Expert Solutions","description":"Optimaliseer je verticale tuin met ons technisch advies. Professioneel ontwerp, installatie en onderhoud voor langdurige en duurzame resultaten, neem contact met ons op!","robots":{"index":"index","follow":"follow","max-snippet":"max-snippet:-1","max-image-preview":"max-image-preview:large","max-video-preview":"max-video-preview:-1"},"canonical":"https:\/\/www.terapiaurbana.com\/nl\/technisch-advies\/","og_locale":"nl_NL","og_type":"article","og_title":"Technisch advies voor verticale tuinen | Expert Solutions","og_description":"Optimaliseer je verticale tuin met ons technisch advies. Professioneel ontwerp, installatie en onderhoud voor langdurige en duurzame resultaten, neem contact met ons op!","og_url":"https:\/\/www.terapiaurbana.com\/nl\/technisch-advies\/","article_publisher":"https:\/\/www.facebook.com\/terapiaurbana\/","article_modified_time":"2025-11-06T12:23:12+00:00","og_image":[{"url":"https:\/\/www.terapiaurbana.com\/wp-content\/uploads\/2025\/11\/NEER-Serivicios_3-100-2.jpg","type":"","width":"","height":""}],"twitter_card":"summary_large_image","twitter_site":"@terapia_urbana","twitter_misc":{"Geschatte leestijd":"4 minuten"},"schema":{"@context":"https:\/\/schema.org","@graph":[{"@type":"WebPage","@id":"https:\/\/www.terapiaurbana.com\/nl\/technisch-advies\/","url":"https:\/\/www.terapiaurbana.com\/nl\/technisch-advies\/","name":"Technisch advies voor verticale tuinen | Expert Solutions","isPartOf":{"@id":"https:\/\/www.terapiaurbana.com\/nl\/#website"},"primaryImageOfPage":{"@id":"https:\/\/www.terapiaurbana.com\/nl\/technisch-advies\/#primaryimage"},"image":{"@id":"https:\/\/www.terapiaurbana.com\/nl\/technisch-advies\/#primaryimage"},"thumbnailUrl":"https:\/\/www.terapiaurbana.com\/wp-content\/uploads\/2025\/11\/NEER-Serivicios_3-100-2.jpg","datePublished":"2024-11-19T09:41:12+00:00","dateModified":"2025-11-06T12:23:12+00:00","description":"Optimaliseer je verticale tuin met ons technisch advies. Professioneel ontwerp, installatie en onderhoud voor langdurige en duurzame resultaten, neem contact met ons op!","breadcrumb":{"@id":"https:\/\/www.terapiaurbana.com\/nl\/technisch-advies\/#breadcrumb"},"inLanguage":"nl-NL","potentialAction":[{"@type":"ReadAction","target":["https:\/\/www.terapiaurbana.com\/nl\/technisch-advies\/"]}]},{"@type":"ImageObject","inLanguage":"nl-NL","@id":"https:\/\/www.terapiaurbana.com\/nl\/technisch-advies\/#primaryimage","url":"https:\/\/www.terapiaurbana.com\/wp-content\/uploads\/2025\/11\/NEER-Serivicios_3-100-2.jpg","contentUrl":"https:\/\/www.terapiaurbana.com\/wp-content\/uploads\/2025\/11\/NEER-Serivicios_3-100-2.jpg"},{"@type":"BreadcrumbList","@id":"https:\/\/www.terapiaurbana.com\/nl\/technisch-advies\/#breadcrumb","itemListElement":[{"@type":"ListItem","position":1,"name":"Portada","item":"https:\/\/www.terapiaurbana.com\/nl\/"},{"@type":"ListItem","position":2,"name":"Technisch advies"}]},{"@type":"WebSite","@id":"https:\/\/www.terapiaurbana.com\/nl\/#website","url":"https:\/\/www.terapiaurbana.com\/nl\/","name":"Terapia Urbana | Especialistas en jardines verticales","description":"Especialistas en dise\u00f1o de jardines verticales exteriores e interiores naturales con tecnolog\u00eda Fytotextile y iluminaci\u00f3n auxiliar para una sostenible y funcional","alternateName":"Terapia Urbana","potentialAction":[{"@type":"SearchAction","target":{"@type":"EntryPoint","urlTemplate":"https:\/\/www.terapiaurbana.com\/nl\/?s={search_term_string}"},"query-input":{"@type":"PropertyValueSpecification","valueRequired":true,"valueName":"search_term_string"}}],"inLanguage":"nl-NL"}]}},"uagb_featured_image_src":{"full":false,"thumbnail":false,"medium":false,"medium_large":false,"large":false,"1536x1536":false,"2048x2048":false,"gform-image-choice-sm":false,"gform-image-choice-md":false,"gform-image-choice-lg":false},"uagb_author_info":{"display_name":"terapiaurbana","author_link":"https:\/\/www.terapiaurbana.com\/nl\/author\/terapiaurbana\/"},"uagb_comment_info":0,"uagb_excerpt":"TECHNISCH ADVIES CONSULTANCY EN GE\u00cfNTEGREERD BEHEER VAN PROJECTONTWIKKELING Wij ondersteunen je bij het technische ontwerp van de op de natuur [&hellip;]","_links":{"self":[{"href":"https:\/\/www.terapiaurbana.com\/nl\/wp-json\/wp\/v2\/pages\/63531","targetHints":{"allow":["GET"]}}],"collection":[{"href":"https:\/\/www.terapiaurbana.com\/nl\/wp-json\/wp\/v2\/pages"}],"about":[{"href":"https:\/\/www.terapiaurbana.com\/nl\/wp-json\/wp\/v2\/types\/page"}],"author":[{"embeddable":true,"href":"https:\/\/www.terapiaurbana.com\/nl\/wp-json\/wp\/v2\/users\/1"}],"replies":[{"embeddable":true,"href":"https:\/\/www.terapiaurbana.com\/nl\/wp-json\/wp\/v2\/comments?post=63531"}],"version-history":[{"count":6,"href":"https:\/\/www.terapiaurbana.com\/nl\/wp-json\/wp\/v2\/pages\/63531\/revisions"}],"predecessor-version":[{"id":66116,"href":"https:\/\/www.terapiaurbana.com\/nl\/wp-json\/wp\/v2\/pages\/63531\/revisions\/66116"}],"wp:attachment":[{"href":"https:\/\/www.terapiaurbana.com\/nl\/wp-json\/wp\/v2\/media?parent=63531"}],"curies":[{"name":"wp","href":"https:\/\/api.w.org\/{rel}","templated":true}]}}