{"id":63570,"date":"2024-11-19T10:42:55","date_gmt":"2024-11-19T09:42:55","guid":{"rendered":"https:\/\/www.terapiaurbana.com\/rdi\/"},"modified":"2025-09-09T16:35:08","modified_gmt":"2025-09-09T14:35:08","slug":"rdi","status":"publish","type":"page","link":"https:\/\/www.terapiaurbana.com\/nl\/rdi\/","title":{"rendered":"R&amp;D&amp;I"},"content":{"rendered":"\n<div class=\"wp-block-uagb-container uagb-block-ce92037f alignfull uagb-is-root-container\"><div class=\"uagb-container-inner-blocks-wrap\">\n<div class=\"wp-block-uagb-advanced-heading uagb-block-5609a7cf\"><h2 class=\"uagb-heading-text\">R&amp;D&amp;I<\/h2><\/div>\n<\/div><\/div>\n\n<div class=\"wp-block-uagb-container uagb-block-a3da9b46 alignfull uagb-is-root-container\"><div class=\"uagb-container-inner-blocks-wrap\"><\/div><\/div>\n\n<div class=\"wp-block-uagb-container uagb-block-0722e0dd alignfull uagb-is-root-container\"><div class=\"uagb-container-inner-blocks-wrap\">\n<div class=\"wp-block-uagb-advanced-heading uagb-block-d426dd35\"><h2 class=\"uagb-heading-text\">ONDERZOEK, ONTWIKKELING EN INNOVATIE<\/h2><\/div>\n\n\n\n<p>Onderzoek aan de Universiteit van Sevilla vormt de basis van onze expertise op het gebied van landschapsgevels. Wij zijn een spin-off van de Universiteit van Sevilla en werken samen met de onderzoeksgroep AGR-268 \u2013 Naturaci\u00f3n Urbana e Ingenier\u00eda de Biosistemas (Naturib). Onze eerste prototypes van verticale tuinen zijn in 2007 ontwikkeld in de Urban Gardening-laboratoria van de E.T.S.I.A.  <\/p>\n<\/div><\/div>\n\n<div class=\"wp-block-uagb-container uagb-block-69df78e2 alignfull uagb-is-root-container\"><div class=\"uagb-container-inner-blocks-wrap\">\n<div class=\"wp-block-uagb-container uagb-block-c01c92a9\">\n<div class=\"wp-block-uagb-advanced-heading uagb-block-0370fafc\"><h2 class=\"uagb-heading-text\">WETENSCHAPPELIJKE BASIS<\/h2><\/div>\n\n\n\n<p>Onze basis is onderzoek. Wetenschappelijke kennis stelt ons in staat verticale tuinsystemen te ontwikkelen die de natuur op gecontroleerde wijze in gebouwen integreren, onderbouwd met talloze testresultaten. Onze waardepropositie: het aanbieden van professionele bouwsystemen met hoge technische prestaties die de beste resultaten garanderen.  <\/p>\n<\/div>\n\n\n\n<div class=\"wp-block-uagb-container uagb-block-48e2dcf2\">\n<figure class=\"wp-block-image size-full\"><img loading=\"lazy\" decoding=\"async\" width=\"500\" height=\"500\" src=\"https:\/\/www.terapiaurbana.com\/wp-content\/uploads\/2024\/12\/jardin-vertical-investigacion.jpg\" alt=\"\" class=\"wp-image-61257\" srcset=\"https:\/\/www.terapiaurbana.com\/wp-content\/uploads\/2024\/12\/jardin-vertical-investigacion.jpg 500w, https:\/\/www.terapiaurbana.com\/wp-content\/uploads\/2024\/12\/jardin-vertical-investigacion-300x300.jpg 300w, https:\/\/www.terapiaurbana.com\/wp-content\/uploads\/2024\/12\/jardin-vertical-investigacion-150x150.jpg 150w, https:\/\/www.terapiaurbana.com\/wp-content\/uploads\/2024\/12\/jardin-vertical-investigacion-400x400.jpg 400w\" sizes=\"auto, (max-width: 500px) 100vw, 500px\" \/><\/figure>\n<\/div>\n<\/div><\/div>\n\n<div class=\"wp-block-uagb-container uagb-block-bfa14c87 alignfull uagb-is-root-container\"><div class=\"uagb-container-inner-blocks-wrap\">\n<div class=\"wp-block-uagb-advanced-heading uagb-block-4d43a789\"><h2 class=\"uagb-heading-text\">PATENTEN ALS RESULTAAT<\/h2><\/div>\n\n\n\n<p>Onze Fytotextile\u00ae-technologie voor groene wanden, evenals al onze andere innovaties, is gepatenteerd en vormt een exclusief systeem van Terapia Urbana. Onze systemen zijn het resultaat van onderzoek dat sinds 2006 aan de Universiteit van Sevilla wordt uitgevoerd, gecombineerd met ervaring en voortdurende ontwikkeling na duizenden gerealiseerde vierkante meters aan projecten. <\/p>\n<\/div><\/div>\n\n<div class=\"wp-block-uagb-container uagb-block-d58e79b9 alignfull uagb-is-root-container\"><div class=\"uagb-container-inner-blocks-wrap\"><\/div><\/div>\n\n<div class=\"wp-block-uagb-container uagb-block-9b8f34a1 alignfull uagb-is-root-container\"><div class=\"uagb-container-inner-blocks-wrap\">\n<div class=\"wp-block-uagb-container uagb-block-14777786\">\n<div class=\"wp-block-uagb-advanced-heading uagb-block-872750a1\"><h2 class=\"uagb-heading-text\">WETENSCHAPPELIJKE PUBLICATIES<\/h2><\/div>\n\n\n\n<p>De resultaten van ons onderzoek, in samenwerking met de Naturib-groep, vertalen zich in gespecialiseerde wetenschappelijke publicaties over belangrijke onderwerpen zoals irrigatie, fotosynthetische verlichting en de meest geschikte groeimedia voor landschapsgevels. We karakteriseren en meten de voordelen die deze systemen opleveren voor de mensen en gebouwen waar ze zijn ge\u00efnstalleerd. Ons onderzoek biedt ons de technische en wetenschappelijke garanties om <strong>op de natuur gebaseerde oplossingen<\/strong> met een hoge toegevoegde waarde te ontwikkelen, die gebouwen en steden groener maken.  <\/p>\n\n\n\n<div class=\"wp-block-buttons is-layout-flex wp-block-buttons-is-layout-flex\">\n<div class=\"wp-block-button\"><a class=\"wp-block-button__link has-ast-global-color-5-color has-text-color has-link-color wp-element-button\" href=\"https:\/\/www.terapiaurbana.com\/nl\/neem-contact-op-met\/\">Neem contact met ons op.<\/a><\/div>\n<\/div>\n<\/div>\n\n\n\n<div class=\"wp-block-uagb-container uagb-block-e962d016\">\n<figure class=\"wp-block-image size-full\"><img loading=\"lazy\" decoding=\"async\" width=\"500\" height=\"500\" src=\"https:\/\/www.terapiaurbana.com\/wp-content\/uploads\/2024\/12\/jardin-vertical-publicaciones-cientificas.jpg\" alt=\"\" class=\"wp-image-61261\" srcset=\"https:\/\/www.terapiaurbana.com\/wp-content\/uploads\/2024\/12\/jardin-vertical-publicaciones-cientificas.jpg 500w, https:\/\/www.terapiaurbana.com\/wp-content\/uploads\/2024\/12\/jardin-vertical-publicaciones-cientificas-300x300.jpg 300w, https:\/\/www.terapiaurbana.com\/wp-content\/uploads\/2024\/12\/jardin-vertical-publicaciones-cientificas-150x150.jpg 150w, https:\/\/www.terapiaurbana.com\/wp-content\/uploads\/2024\/12\/jardin-vertical-publicaciones-cientificas-400x400.jpg 400w\" sizes=\"auto, (max-width: 500px) 100vw, 500px\" \/><\/figure>\n<\/div>\n<\/div><\/div>\n","protected":false},"excerpt":{"rendered":"<p>R&amp;D&amp;I ONDERZOEK, ONTWIKKELING EN INNOVATIE Onderzoek aan de Universiteit van Sevilla vormt de basis van onze expertise op het gebied [&hellip;]<\/p>\n","protected":false},"author":1,"featured_media":0,"parent":0,"menu_order":0,"comment_status":"closed","ping_status":"closed","template":"","meta":{"_uag_custom_page_level_css":"","site-sidebar-layout":"default","site-content-layout":"","ast-site-content-layout":"full-width-container","site-content-style":"default","site-sidebar-style":"default","ast-global-header-display":"","ast-banner-title-visibility":"","ast-main-header-display":"","ast-hfb-above-header-display":"","ast-hfb-below-header-display":"","ast-hfb-mobile-header-display":"","site-post-title":"disabled","ast-breadcrumbs-content":"","ast-featured-img":"","footer-sml-layout":"","theme-transparent-header-meta":"","adv-header-id-meta":"","stick-header-meta":"","header-above-stick-meta":"","header-main-stick-meta":"","header-below-stick-meta":"","astra-migrate-meta-layouts":"default","ast-page-background-enabled":"default","ast-page-background-meta":{"desktop":{"background-color":"var(--ast-global-color-4)","background-image":"","background-repeat":"repeat","background-position":"center center","background-size":"auto","background-attachment":"scroll","background-type":"","background-media":"","overlay-type":"","overlay-color":"","overlay-opacity":"","overlay-gradient":""},"tablet":{"background-color":"","background-image":"","background-repeat":"repeat","background-position":"center center","background-size":"auto","background-attachment":"scroll","background-type":"","background-media":"","overlay-type":"","overlay-color":"","overlay-opacity":"","overlay-gradient":""},"mobile":{"background-color":"","background-image":"","background-repeat":"repeat","background-position":"center center","background-size":"auto","background-attachment":"scroll","background-type":"","background-media":"","overlay-type":"","overlay-color":"","overlay-opacity":"","overlay-gradient":""}},"ast-content-background-meta":{"desktop":{"background-color":"var(--ast-global-color-5)","background-image":"","background-repeat":"repeat","background-position":"center center","background-size":"auto","background-attachment":"scroll","background-type":"","background-media":"","overlay-type":"","overlay-color":"","overlay-opacity":"","overlay-gradient":""},"tablet":{"background-color":"var(--ast-global-color-5)","background-image":"","background-repeat":"repeat","background-position":"center center","background-size":"auto","background-attachment":"scroll","background-type":"","background-media":"","overlay-type":"","overlay-color":"","overlay-opacity":"","overlay-gradient":""},"mobile":{"background-color":"var(--ast-global-color-5)","background-image":"","background-repeat":"repeat","background-position":"center center","background-size":"auto","background-attachment":"scroll","background-type":"","background-media":"","overlay-type":"","overlay-color":"","overlay-opacity":"","overlay-gradient":""}},"footnotes":""},"class_list":["post-63570","page","type-page","status-publish","hentry"],"yoast_head":"<!-- This site is optimized with the Yoast SEO plugin v26.3 - https:\/\/yoast.com\/wordpress\/plugins\/seo\/ -->\n<title>O&amp;O&amp;I in verticale tuinen: innovatie en duurzaamheid<\/title>\n<meta name=\"description\" content=\"Wij leiden de ontwikkeling van R+D+i in verticale tuinen en cre\u00ebren innovatieve oplossingen die design, natuur en technologie met elkaar laten versmelten.\" \/>\n<meta name=\"robots\" content=\"index, follow, max-snippet:-1, max-image-preview:large, max-video-preview:-1\" \/>\n<link rel=\"canonical\" href=\"https:\/\/www.terapiaurbana.com\/nl\/rdi\/\" \/>\n<meta property=\"og:locale\" content=\"nl_NL\" \/>\n<meta property=\"og:type\" content=\"article\" \/>\n<meta property=\"og:title\" content=\"O&amp;O&amp;I in verticale tuinen: innovatie en duurzaamheid\" \/>\n<meta property=\"og:description\" content=\"Wij leiden de ontwikkeling van R+D+i in verticale tuinen en cre\u00ebren innovatieve oplossingen die design, natuur en technologie met elkaar laten versmelten.\" \/>\n<meta property=\"og:url\" content=\"https:\/\/www.terapiaurbana.com\/nl\/rdi\/\" \/>\n<meta property=\"article:publisher\" content=\"https:\/\/www.facebook.com\/terapiaurbana\/\" \/>\n<meta property=\"article:modified_time\" content=\"2025-09-09T14:35:08+00:00\" \/>\n<meta property=\"og:image\" content=\"https:\/\/www.terapiaurbana.com\/wp-content\/uploads\/2024\/12\/jardin-vertical-investigacion.jpg\" \/>\n<meta name=\"twitter:card\" content=\"summary_large_image\" \/>\n<meta name=\"twitter:site\" content=\"@terapia_urbana\" \/>\n<meta name=\"twitter:label1\" content=\"Geschatte leestijd\" \/>\n\t<meta name=\"twitter:data1\" content=\"1 minuut\" \/>\n<script type=\"application\/ld+json\" class=\"yoast-schema-graph\">{\"@context\":\"https:\/\/schema.org\",\"@graph\":[{\"@type\":\"WebPage\",\"@id\":\"https:\/\/www.terapiaurbana.com\/nl\/rdi\/\",\"url\":\"https:\/\/www.terapiaurbana.com\/nl\/rdi\/\",\"name\":\"O&O&I in verticale tuinen: innovatie en duurzaamheid\",\"isPartOf\":{\"@id\":\"https:\/\/www.terapiaurbana.com\/nl\/#website\"},\"primaryImageOfPage\":{\"@id\":\"https:\/\/www.terapiaurbana.com\/nl\/rdi\/#primaryimage\"},\"image\":{\"@id\":\"https:\/\/www.terapiaurbana.com\/nl\/rdi\/#primaryimage\"},\"thumbnailUrl\":\"https:\/\/www.terapiaurbana.com\/wp-content\/uploads\/2024\/12\/jardin-vertical-investigacion.jpg\",\"datePublished\":\"2024-11-19T09:42:55+00:00\",\"dateModified\":\"2025-09-09T14:35:08+00:00\",\"description\":\"Wij leiden de ontwikkeling van R+D+i in verticale tuinen en cre\u00ebren innovatieve oplossingen die design, natuur en technologie met elkaar laten versmelten.\",\"breadcrumb\":{\"@id\":\"https:\/\/www.terapiaurbana.com\/nl\/rdi\/#breadcrumb\"},\"inLanguage\":\"nl-NL\",\"potentialAction\":[{\"@type\":\"ReadAction\",\"target\":[\"https:\/\/www.terapiaurbana.com\/nl\/rdi\/\"]}]},{\"@type\":\"ImageObject\",\"inLanguage\":\"nl-NL\",\"@id\":\"https:\/\/www.terapiaurbana.com\/nl\/rdi\/#primaryimage\",\"url\":\"https:\/\/www.terapiaurbana.com\/wp-content\/uploads\/2024\/12\/jardin-vertical-investigacion.jpg\",\"contentUrl\":\"https:\/\/www.terapiaurbana.com\/wp-content\/uploads\/2024\/12\/jardin-vertical-investigacion.jpg\"},{\"@type\":\"BreadcrumbList\",\"@id\":\"https:\/\/www.terapiaurbana.com\/nl\/rdi\/#breadcrumb\",\"itemListElement\":[{\"@type\":\"ListItem\",\"position\":1,\"name\":\"Portada\",\"item\":\"https:\/\/www.terapiaurbana.com\/nl\/\"},{\"@type\":\"ListItem\",\"position\":2,\"name\":\"R&amp;D&amp;I\"}]},{\"@type\":\"WebSite\",\"@id\":\"https:\/\/www.terapiaurbana.com\/nl\/#website\",\"url\":\"https:\/\/www.terapiaurbana.com\/nl\/\",\"name\":\"Terapia Urbana | Especialistas en jardines verticales\",\"description\":\"Especialistas en dise\u00f1o de jardines verticales exteriores e interiores naturales con tecnolog\u00eda Fytotextile y iluminaci\u00f3n auxiliar para una sostenible y funcional\",\"alternateName\":\"Terapia Urbana\",\"potentialAction\":[{\"@type\":\"SearchAction\",\"target\":{\"@type\":\"EntryPoint\",\"urlTemplate\":\"https:\/\/www.terapiaurbana.com\/nl\/?s={search_term_string}\"},\"query-input\":{\"@type\":\"PropertyValueSpecification\",\"valueRequired\":true,\"valueName\":\"search_term_string\"}}],\"inLanguage\":\"nl-NL\"}]}<\/script>\n<!-- \/ Yoast SEO plugin. -->","yoast_head_json":{"title":"O&O&I in verticale tuinen: innovatie en duurzaamheid","description":"Wij leiden de ontwikkeling van R+D+i in verticale tuinen en cre\u00ebren innovatieve oplossingen die design, natuur en technologie met elkaar laten versmelten.","robots":{"index":"index","follow":"follow","max-snippet":"max-snippet:-1","max-image-preview":"max-image-preview:large","max-video-preview":"max-video-preview:-1"},"canonical":"https:\/\/www.terapiaurbana.com\/nl\/rdi\/","og_locale":"nl_NL","og_type":"article","og_title":"O&O&I in verticale tuinen: innovatie en duurzaamheid","og_description":"Wij leiden de ontwikkeling van R+D+i in verticale tuinen en cre\u00ebren innovatieve oplossingen die design, natuur en technologie met elkaar laten versmelten.","og_url":"https:\/\/www.terapiaurbana.com\/nl\/rdi\/","article_publisher":"https:\/\/www.facebook.com\/terapiaurbana\/","article_modified_time":"2025-09-09T14:35:08+00:00","og_image":[{"url":"https:\/\/www.terapiaurbana.com\/wp-content\/uploads\/2024\/12\/jardin-vertical-investigacion.jpg","type":"","width":"","height":""}],"twitter_card":"summary_large_image","twitter_site":"@terapia_urbana","twitter_misc":{"Geschatte leestijd":"1 minuut"},"schema":{"@context":"https:\/\/schema.org","@graph":[{"@type":"WebPage","@id":"https:\/\/www.terapiaurbana.com\/nl\/rdi\/","url":"https:\/\/www.terapiaurbana.com\/nl\/rdi\/","name":"O&O&I in verticale tuinen: innovatie en duurzaamheid","isPartOf":{"@id":"https:\/\/www.terapiaurbana.com\/nl\/#website"},"primaryImageOfPage":{"@id":"https:\/\/www.terapiaurbana.com\/nl\/rdi\/#primaryimage"},"image":{"@id":"https:\/\/www.terapiaurbana.com\/nl\/rdi\/#primaryimage"},"thumbnailUrl":"https:\/\/www.terapiaurbana.com\/wp-content\/uploads\/2024\/12\/jardin-vertical-investigacion.jpg","datePublished":"2024-11-19T09:42:55+00:00","dateModified":"2025-09-09T14:35:08+00:00","description":"Wij leiden de ontwikkeling van R+D+i in verticale tuinen en cre\u00ebren innovatieve oplossingen die design, natuur en technologie met elkaar laten versmelten.","breadcrumb":{"@id":"https:\/\/www.terapiaurbana.com\/nl\/rdi\/#breadcrumb"},"inLanguage":"nl-NL","potentialAction":[{"@type":"ReadAction","target":["https:\/\/www.terapiaurbana.com\/nl\/rdi\/"]}]},{"@type":"ImageObject","inLanguage":"nl-NL","@id":"https:\/\/www.terapiaurbana.com\/nl\/rdi\/#primaryimage","url":"https:\/\/www.terapiaurbana.com\/wp-content\/uploads\/2024\/12\/jardin-vertical-investigacion.jpg","contentUrl":"https:\/\/www.terapiaurbana.com\/wp-content\/uploads\/2024\/12\/jardin-vertical-investigacion.jpg"},{"@type":"BreadcrumbList","@id":"https:\/\/www.terapiaurbana.com\/nl\/rdi\/#breadcrumb","itemListElement":[{"@type":"ListItem","position":1,"name":"Portada","item":"https:\/\/www.terapiaurbana.com\/nl\/"},{"@type":"ListItem","position":2,"name":"R&amp;D&amp;I"}]},{"@type":"WebSite","@id":"https:\/\/www.terapiaurbana.com\/nl\/#website","url":"https:\/\/www.terapiaurbana.com\/nl\/","name":"Terapia Urbana | Especialistas en jardines verticales","description":"Especialistas en dise\u00f1o de jardines verticales exteriores e interiores naturales con tecnolog\u00eda Fytotextile y iluminaci\u00f3n auxiliar para una sostenible y funcional","alternateName":"Terapia Urbana","potentialAction":[{"@type":"SearchAction","target":{"@type":"EntryPoint","urlTemplate":"https:\/\/www.terapiaurbana.com\/nl\/?s={search_term_string}"},"query-input":{"@type":"PropertyValueSpecification","valueRequired":true,"valueName":"search_term_string"}}],"inLanguage":"nl-NL"}]}},"uagb_featured_image_src":{"full":false,"thumbnail":false,"medium":false,"medium_large":false,"large":false,"1536x1536":false,"2048x2048":false,"gform-image-choice-sm":false,"gform-image-choice-md":false,"gform-image-choice-lg":false},"uagb_author_info":{"display_name":"terapiaurbana","author_link":"https:\/\/www.terapiaurbana.com\/nl\/author\/terapiaurbana\/"},"uagb_comment_info":0,"uagb_excerpt":"R&amp;D&amp;I ONDERZOEK, ONTWIKKELING EN INNOVATIE Onderzoek aan de Universiteit van Sevilla vormt de basis van onze expertise op het gebied [&hellip;]","_links":{"self":[{"href":"https:\/\/www.terapiaurbana.com\/nl\/wp-json\/wp\/v2\/pages\/63570","targetHints":{"allow":["GET"]}}],"collection":[{"href":"https:\/\/www.terapiaurbana.com\/nl\/wp-json\/wp\/v2\/pages"}],"about":[{"href":"https:\/\/www.terapiaurbana.com\/nl\/wp-json\/wp\/v2\/types\/page"}],"author":[{"embeddable":true,"href":"https:\/\/www.terapiaurbana.com\/nl\/wp-json\/wp\/v2\/users\/1"}],"replies":[{"embeddable":true,"href":"https:\/\/www.terapiaurbana.com\/nl\/wp-json\/wp\/v2\/comments?post=63570"}],"version-history":[{"count":3,"href":"https:\/\/www.terapiaurbana.com\/nl\/wp-json\/wp\/v2\/pages\/63570\/revisions"}],"predecessor-version":[{"id":65635,"href":"https:\/\/www.terapiaurbana.com\/nl\/wp-json\/wp\/v2\/pages\/63570\/revisions\/65635"}],"wp:attachment":[{"href":"https:\/\/www.terapiaurbana.com\/nl\/wp-json\/wp\/v2\/media?parent=63570"}],"curies":[{"name":"wp","href":"https:\/\/api.w.org\/{rel}","templated":true}]}}