{"id":63605,"date":"2024-11-19T10:44:00","date_gmt":"2024-11-19T09:44:00","guid":{"rendered":"https:\/\/www.terapiaurbana.com\/stedelijk-zwemmen\/"},"modified":"2025-11-06T13:13:45","modified_gmt":"2025-11-06T12:13:45","slug":"stedelijk-zwemmen","status":"publish","type":"page","link":"https:\/\/www.terapiaurbana.com\/nl\/stedelijk-zwemmen\/","title":{"rendered":"Stedelijk zwemmen"},"content":{"rendered":"\n<div class=\"wp-block-uagb-container uagb-block-daba78e8 alignfull uagb-is-root-container\"><div class=\"uagb-container-inner-blocks-wrap\">\n<div class=\"wp-block-uagb-advanced-heading uagb-block-728afbe9\"><h2 class=\"uagb-heading-text\">STEDELIJKE NATURATIE<\/h2><\/div>\n<\/div><\/div>\n\n\n\n<div class=\"wp-block-uagb-container uagb-block-8f18c77d alignfull uagb-is-root-container\"><div class=\"uagb-container-inner-blocks-wrap\"><\/div><\/div>\n\n\n\n<div class=\"wp-block-uagb-container uagb-block-82ffc50b alignfull uagb-is-root-container\"><div class=\"uagb-container-inner-blocks-wrap\">\n<div class=\"wp-block-uagb-container uagb-block-81ba5def\">\n<div class=\"wp-block-uagb-advanced-heading uagb-block-5b8a7498\"><h2 class=\"uagb-heading-text\">KLIMAATVERANDERING VS. KLIMAATVERANDERING VS. #GOGREEN<\/h2><\/div>\n\n\n\n<p>De FAO schat dat in 2025 meer dan de helft van de wereldbevolking in steden zal wonen die niet voorbereid zijn op dergelijke ongecontroleerde groei.<br>Nieuwe strategie\u00ebn zijn nodig om de disbalans tussen natuur en stad tegen te gaan. Stedelijke natuursystemen bieden een oplossing om veel van deze problemen, die ook direct invloed hebben op klimaatverandering, effectief aan te pakken. <\/p>\n\n\n\n<div class=\"wp-block-uagb-advanced-heading uagb-block-63641b8a\"><h2 class=\"uagb-heading-text\">STEDELIJKE NATURATIE<\/h2><\/div>\n\n\n\n<p>Het draait om het terugwinnen van de ruimte die de natuur in steden heeft verloren, om de problemen veroorzaakt door stedelijke ontwikkeling te bestrijden. Tegenwoordig wordt dit concept op grotere schaal toegepast en spreken we van <strong>Urban Green Infrastructures<\/strong> (UGI). De integratie van elementen zoals verticale tuinen, groene daken en groene corridors cre\u00ebert nieuwe groene infrastructuren in steden, die stedelijke ruimtes verbinden met de natuur. <\/p>\n<\/div>\n\n\n\n<div class=\"wp-block-uagb-container uagb-block-95a5ce0f\">\n<figure class=\"wp-block-image size-full\"><img loading=\"lazy\" decoding=\"async\" width=\"600\" height=\"600\" src=\"https:\/\/www.terapiaurbana.com\/wp-content\/uploads\/2024\/12\/naturacion-urbana-ciudades.jpg\" alt=\"\" class=\"wp-image-61314\" srcset=\"https:\/\/www.terapiaurbana.com\/wp-content\/uploads\/2024\/12\/naturacion-urbana-ciudades.jpg 600w, https:\/\/www.terapiaurbana.com\/wp-content\/uploads\/2024\/12\/naturacion-urbana-ciudades-300x300.jpg 300w, https:\/\/www.terapiaurbana.com\/wp-content\/uploads\/2024\/12\/naturacion-urbana-ciudades-150x150.jpg 150w, https:\/\/www.terapiaurbana.com\/wp-content\/uploads\/2024\/12\/naturacion-urbana-ciudades-500x500.jpg 500w, https:\/\/www.terapiaurbana.com\/wp-content\/uploads\/2024\/12\/naturacion-urbana-ciudades-400x400.jpg 400w\" sizes=\"auto, (max-width: 600px) 100vw, 600px\" \/><\/figure>\n<\/div>\n<\/div><\/div>\n\n\n\n<div class=\"wp-block-uagb-container uagb-block-15f74da8 alignfull uagb-is-root-container\"><div class=\"uagb-container-inner-blocks-wrap\">\n<figure class=\"wp-block-image size-full\"><img loading=\"lazy\" decoding=\"async\" width=\"1200\" height=\"645\" src=\"https:\/\/www.terapiaurbana.com\/wp-content\/uploads\/2025\/11\/NEER-Naturacion-100.jpg\" alt=\"\" class=\"wp-image-66074\" srcset=\"https:\/\/www.terapiaurbana.com\/wp-content\/uploads\/2025\/11\/NEER-Naturacion-100.jpg 1200w, https:\/\/www.terapiaurbana.com\/wp-content\/uploads\/2025\/11\/NEER-Naturacion-100-300x161.jpg 300w, https:\/\/www.terapiaurbana.com\/wp-content\/uploads\/2025\/11\/NEER-Naturacion-100-1024x550.jpg 1024w, https:\/\/www.terapiaurbana.com\/wp-content\/uploads\/2025\/11\/NEER-Naturacion-100-768x413.jpg 768w\" sizes=\"auto, (max-width: 1200px) 100vw, 1200px\" \/><\/figure>\n<\/div><\/div>\n\n\n\n<div class=\"wp-block-uagb-container uagb-block-76dfeecd alignfull uagb-is-root-container\"><div class=\"uagb-container-inner-blocks-wrap\">\n<div class=\"wp-block-uagb-advanced-heading uagb-block-00e2367c\"><h2 class=\"uagb-heading-text\">GROENE STAD \u2013 VERHOUDING GROENE GEBIEDEN IN STEDELIJKE OMGEVINGEN<\/h2><\/div>\n\n\n\n<p>De WHO stelt een minimale verhouding van 10-15 m\u00b2 groene ruimte per inwoner voor als indicator voor een acceptabele levenskwaliteit in steden. Door verticale tuinen en daktuinen in te zetten, kunnen deze verhoudingen worden verbeterd in gebieden met een tekort aan open ruimte. Dit draagt bij aan groenere steden waarin mensen gezonder kunnen leven. <\/p>\n<\/div><\/div>\n\n\n\n<div class=\"wp-block-uagb-container uagb-block-d3091af8 alignfull uagb-is-root-container\"><div class=\"uagb-container__video-wrap\"><video autoplay loop muted playsinline><source src=\"https:\/\/www.terapiaurbana.com\/wp-content\/uploads\/2024\/12\/video-m30-naturacion-urbana.mp4\" type=\"video\/mp4\"\/><\/video><\/div><div class=\"uagb-container-inner-blocks-wrap\"><\/div><\/div>\n\n\n\n<div class=\"wp-block-uagb-container uagb-block-d10d6ae2 alignfull uagb-is-root-container\"><div class=\"uagb-container-inner-blocks-wrap\">\n<div class=\"wp-block-uagb-advanced-heading uagb-block-b7358d16\"><h2 class=\"uagb-heading-text\">PASSIEFHUIS \u2013 PASSIEF ONTWERP<\/h2><\/div>\n\n\n\n<p>We kunnen gebouwen ontwerpen waarin vegetatie een integraal onderdeel vormt. Het passieve gebruik van de voordelen van vegetatie wordt al sinds de oudheid toegepast. Tegenwoordig zijn bioklimatologisch en duurzaam ontwerp, zoals groene daken en aangelegde gevels, belangrijke instrumenten voor milieuvriendelijk bouwen.  <\/p>\n<\/div><\/div>\n\n\n\n<div class=\"wp-block-uagb-container uagb-block-c91b0acc alignfull uagb-is-root-container\"><div class=\"uagb-container-inner-blocks-wrap\">\n<figure class=\"wp-block-image size-full\" style=\"margin-top:30px;margin-bottom:30px\"><img loading=\"lazy\" decoding=\"async\" width=\"1200\" height=\"615\" src=\"https:\/\/www.terapiaurbana.com\/wp-content\/uploads\/2025\/11\/NEER-Naturacion_1-100.jpg\" alt=\"\" class=\"wp-image-66079\" srcset=\"https:\/\/www.terapiaurbana.com\/wp-content\/uploads\/2025\/11\/NEER-Naturacion_1-100.jpg 1200w, https:\/\/www.terapiaurbana.com\/wp-content\/uploads\/2025\/11\/NEER-Naturacion_1-100-300x154.jpg 300w, https:\/\/www.terapiaurbana.com\/wp-content\/uploads\/2025\/11\/NEER-Naturacion_1-100-1024x525.jpg 1024w, https:\/\/www.terapiaurbana.com\/wp-content\/uploads\/2025\/11\/NEER-Naturacion_1-100-768x394.jpg 768w\" sizes=\"auto, (max-width: 1200px) 100vw, 1200px\" \/><\/figure>\n<\/div><\/div>\n\n\n\n<p><\/p>\n\n\n\n<div class=\"wp-block-uagb-container uagb-block-ba15134b alignfull uagb-is-root-container\"><div class=\"uagb-container-inner-blocks-wrap\">\n<div class=\"wp-block-uagb-container uagb-block-448c95ba\">\n<figure class=\"wp-block-image size-full\"><img loading=\"lazy\" decoding=\"async\" width=\"390\" height=\"186\" src=\"https:\/\/www.terapiaurbana.com\/wp-content\/uploads\/2024\/12\/badge-naturacion-urbana.jpg\" alt=\"\" class=\"wp-image-61318\" srcset=\"https:\/\/www.terapiaurbana.com\/wp-content\/uploads\/2024\/12\/badge-naturacion-urbana.jpg 390w, https:\/\/www.terapiaurbana.com\/wp-content\/uploads\/2024\/12\/badge-naturacion-urbana-300x143.jpg 300w\" sizes=\"auto, (max-width: 390px) 100vw, 390px\" \/><\/figure>\n<\/div>\n\n\n\n<div class=\"wp-block-uagb-container uagb-block-9ed59178\">\n<div class=\"wp-block-uagb-advanced-heading uagb-block-4f1e9801\"><h2 class=\"uagb-heading-text\">DUURZAAMHEIDSCERTIFICATEN<\/h2><\/div>\n\n\n\n<p>Door plantensystemen op te nemen in het passieve ontwerp van gebouwen, dragen we bij aan duurzamere gebouwen. Bovendien worden deze elementen hoog gewaardeerd bij het behalen van duurzaamheidscertificeringen zoals LEED, BREEAM of VERDE, en verbeteren ze de energie-effici\u00ebntie. <\/p>\n<\/div>\n<\/div><\/div>\n\n\n\n<div class=\"wp-block-uagb-container uagb-block-11dcdcfa alignfull uagb-is-root-container\"><div class=\"uagb-container-inner-blocks-wrap\"><\/div><\/div>\n","protected":false},"excerpt":{"rendered":"<p>STEDELIJKE NATURATIE KLIMAATVERANDERING VS. KLIMAATVERANDERING VS. #GOGREEN De FAO schat dat in 2025 meer dan de helft van de wereldbevolking [&hellip;]<\/p>\n","protected":false},"author":1,"featured_media":0,"parent":0,"menu_order":0,"comment_status":"closed","ping_status":"closed","template":"","meta":{"_uag_custom_page_level_css":"","site-sidebar-layout":"default","site-content-layout":"","ast-site-content-layout":"","site-content-style":"default","site-sidebar-style":"default","ast-global-header-display":"","ast-banner-title-visibility":"","ast-main-header-display":"","ast-hfb-above-header-display":"","ast-hfb-below-header-display":"","ast-hfb-mobile-header-display":"","site-post-title":"disabled","ast-breadcrumbs-content":"","ast-featured-img":"","footer-sml-layout":"","theme-transparent-header-meta":"","adv-header-id-meta":"","stick-header-meta":"","header-above-stick-meta":"","header-main-stick-meta":"","header-below-stick-meta":"","astra-migrate-meta-layouts":"default","ast-page-background-enabled":"default","ast-page-background-meta":{"desktop":{"background-color":"var(--ast-global-color-4)","background-image":"","background-repeat":"repeat","background-position":"center center","background-size":"auto","background-attachment":"scroll","background-type":"","background-media":"","overlay-type":"","overlay-color":"","overlay-opacity":"","overlay-gradient":""},"tablet":{"background-color":"","background-image":"","background-repeat":"repeat","background-position":"center center","background-size":"auto","background-attachment":"scroll","background-type":"","background-media":"","overlay-type":"","overlay-color":"","overlay-opacity":"","overlay-gradient":""},"mobile":{"background-color":"","background-image":"","background-repeat":"repeat","background-position":"center center","background-size":"auto","background-attachment":"scroll","background-type":"","background-media":"","overlay-type":"","overlay-color":"","overlay-opacity":"","overlay-gradient":""}},"ast-content-background-meta":{"desktop":{"background-color":"var(--ast-global-color-5)","background-image":"","background-repeat":"repeat","background-position":"center center","background-size":"auto","background-attachment":"scroll","background-type":"","background-media":"","overlay-type":"","overlay-color":"","overlay-opacity":"","overlay-gradient":""},"tablet":{"background-color":"var(--ast-global-color-5)","background-image":"","background-repeat":"repeat","background-position":"center center","background-size":"auto","background-attachment":"scroll","background-type":"","background-media":"","overlay-type":"","overlay-color":"","overlay-opacity":"","overlay-gradient":""},"mobile":{"background-color":"var(--ast-global-color-5)","background-image":"","background-repeat":"repeat","background-position":"center center","background-size":"auto","background-attachment":"scroll","background-type":"","background-media":"","overlay-type":"","overlay-color":"","overlay-opacity":"","overlay-gradient":""}},"footnotes":""},"class_list":["post-63605","page","type-page","status-publish","hentry"],"yoast_head":"<!-- This site is optimized with the Yoast SEO plugin v26.3 - https:\/\/yoast.com\/wordpress\/plugins\/seo\/ -->\n<title>Urban naturation: Groene oplossingen voor duurzame steden<\/title>\n<meta name=\"description\" content=\"Ontdek hoe stedelijk groen steden transformeert met verticale tuinen en groene daken.\" \/>\n<meta name=\"robots\" content=\"index, follow, max-snippet:-1, max-image-preview:large, max-video-preview:-1\" \/>\n<link rel=\"canonical\" href=\"https:\/\/www.terapiaurbana.com\/nl\/stedelijk-zwemmen\/\" \/>\n<meta property=\"og:locale\" content=\"nl_NL\" \/>\n<meta property=\"og:type\" content=\"article\" \/>\n<meta property=\"og:title\" content=\"Urban naturation: Groene oplossingen voor duurzame steden\" \/>\n<meta property=\"og:description\" content=\"Ontdek hoe stedelijk groen steden transformeert met verticale tuinen en groene daken.\" \/>\n<meta property=\"og:url\" content=\"https:\/\/www.terapiaurbana.com\/nl\/stedelijk-zwemmen\/\" \/>\n<meta property=\"article:publisher\" content=\"https:\/\/www.facebook.com\/terapiaurbana\/\" \/>\n<meta property=\"article:modified_time\" content=\"2025-11-06T12:13:45+00:00\" \/>\n<meta property=\"og:image\" content=\"https:\/\/www.terapiaurbana.com\/wp-content\/uploads\/2024\/12\/naturacion-urbana-ciudades.jpg\" \/>\n<meta name=\"twitter:card\" content=\"summary_large_image\" \/>\n<meta name=\"twitter:site\" content=\"@terapia_urbana\" \/>\n<meta name=\"twitter:label1\" content=\"Geschatte leestijd\" \/>\n\t<meta name=\"twitter:data1\" content=\"3 minuten\" \/>\n<script type=\"application\/ld+json\" class=\"yoast-schema-graph\">{\"@context\":\"https:\/\/schema.org\",\"@graph\":[{\"@type\":\"WebPage\",\"@id\":\"https:\/\/www.terapiaurbana.com\/nl\/stedelijk-zwemmen\/\",\"url\":\"https:\/\/www.terapiaurbana.com\/nl\/stedelijk-zwemmen\/\",\"name\":\"Urban naturation: Groene oplossingen voor duurzame steden\",\"isPartOf\":{\"@id\":\"https:\/\/www.terapiaurbana.com\/nl\/#website\"},\"primaryImageOfPage\":{\"@id\":\"https:\/\/www.terapiaurbana.com\/nl\/stedelijk-zwemmen\/#primaryimage\"},\"image\":{\"@id\":\"https:\/\/www.terapiaurbana.com\/nl\/stedelijk-zwemmen\/#primaryimage\"},\"thumbnailUrl\":\"https:\/\/www.terapiaurbana.com\/wp-content\/uploads\/2024\/12\/naturacion-urbana-ciudades.jpg\",\"datePublished\":\"2024-11-19T09:44:00+00:00\",\"dateModified\":\"2025-11-06T12:13:45+00:00\",\"description\":\"Ontdek hoe stedelijk groen steden transformeert met verticale tuinen en groene daken.\",\"breadcrumb\":{\"@id\":\"https:\/\/www.terapiaurbana.com\/nl\/stedelijk-zwemmen\/#breadcrumb\"},\"inLanguage\":\"nl-NL\",\"potentialAction\":[{\"@type\":\"ReadAction\",\"target\":[\"https:\/\/www.terapiaurbana.com\/nl\/stedelijk-zwemmen\/\"]}]},{\"@type\":\"ImageObject\",\"inLanguage\":\"nl-NL\",\"@id\":\"https:\/\/www.terapiaurbana.com\/nl\/stedelijk-zwemmen\/#primaryimage\",\"url\":\"https:\/\/www.terapiaurbana.com\/wp-content\/uploads\/2024\/12\/naturacion-urbana-ciudades.jpg\",\"contentUrl\":\"https:\/\/www.terapiaurbana.com\/wp-content\/uploads\/2024\/12\/naturacion-urbana-ciudades.jpg\"},{\"@type\":\"BreadcrumbList\",\"@id\":\"https:\/\/www.terapiaurbana.com\/nl\/stedelijk-zwemmen\/#breadcrumb\",\"itemListElement\":[{\"@type\":\"ListItem\",\"position\":1,\"name\":\"Portada\",\"item\":\"https:\/\/www.terapiaurbana.com\/nl\/\"},{\"@type\":\"ListItem\",\"position\":2,\"name\":\"Stedelijk zwemmen\"}]},{\"@type\":\"WebSite\",\"@id\":\"https:\/\/www.terapiaurbana.com\/nl\/#website\",\"url\":\"https:\/\/www.terapiaurbana.com\/nl\/\",\"name\":\"Terapia Urbana | Especialistas en jardines verticales\",\"description\":\"Especialistas en dise\u00f1o de jardines verticales exteriores e interiores naturales con tecnolog\u00eda Fytotextile y iluminaci\u00f3n auxiliar para una sostenible y funcional\",\"alternateName\":\"Terapia Urbana\",\"potentialAction\":[{\"@type\":\"SearchAction\",\"target\":{\"@type\":\"EntryPoint\",\"urlTemplate\":\"https:\/\/www.terapiaurbana.com\/nl\/?s={search_term_string}\"},\"query-input\":{\"@type\":\"PropertyValueSpecification\",\"valueRequired\":true,\"valueName\":\"search_term_string\"}}],\"inLanguage\":\"nl-NL\"}]}<\/script>\n<!-- \/ Yoast SEO plugin. -->","yoast_head_json":{"title":"Urban naturation: Groene oplossingen voor duurzame steden","description":"Ontdek hoe stedelijk groen steden transformeert met verticale tuinen en groene daken.","robots":{"index":"index","follow":"follow","max-snippet":"max-snippet:-1","max-image-preview":"max-image-preview:large","max-video-preview":"max-video-preview:-1"},"canonical":"https:\/\/www.terapiaurbana.com\/nl\/stedelijk-zwemmen\/","og_locale":"nl_NL","og_type":"article","og_title":"Urban naturation: Groene oplossingen voor duurzame steden","og_description":"Ontdek hoe stedelijk groen steden transformeert met verticale tuinen en groene daken.","og_url":"https:\/\/www.terapiaurbana.com\/nl\/stedelijk-zwemmen\/","article_publisher":"https:\/\/www.facebook.com\/terapiaurbana\/","article_modified_time":"2025-11-06T12:13:45+00:00","og_image":[{"url":"https:\/\/www.terapiaurbana.com\/wp-content\/uploads\/2024\/12\/naturacion-urbana-ciudades.jpg","type":"","width":"","height":""}],"twitter_card":"summary_large_image","twitter_site":"@terapia_urbana","twitter_misc":{"Geschatte leestijd":"3 minuten"},"schema":{"@context":"https:\/\/schema.org","@graph":[{"@type":"WebPage","@id":"https:\/\/www.terapiaurbana.com\/nl\/stedelijk-zwemmen\/","url":"https:\/\/www.terapiaurbana.com\/nl\/stedelijk-zwemmen\/","name":"Urban naturation: Groene oplossingen voor duurzame steden","isPartOf":{"@id":"https:\/\/www.terapiaurbana.com\/nl\/#website"},"primaryImageOfPage":{"@id":"https:\/\/www.terapiaurbana.com\/nl\/stedelijk-zwemmen\/#primaryimage"},"image":{"@id":"https:\/\/www.terapiaurbana.com\/nl\/stedelijk-zwemmen\/#primaryimage"},"thumbnailUrl":"https:\/\/www.terapiaurbana.com\/wp-content\/uploads\/2024\/12\/naturacion-urbana-ciudades.jpg","datePublished":"2024-11-19T09:44:00+00:00","dateModified":"2025-11-06T12:13:45+00:00","description":"Ontdek hoe stedelijk groen steden transformeert met verticale tuinen en groene daken.","breadcrumb":{"@id":"https:\/\/www.terapiaurbana.com\/nl\/stedelijk-zwemmen\/#breadcrumb"},"inLanguage":"nl-NL","potentialAction":[{"@type":"ReadAction","target":["https:\/\/www.terapiaurbana.com\/nl\/stedelijk-zwemmen\/"]}]},{"@type":"ImageObject","inLanguage":"nl-NL","@id":"https:\/\/www.terapiaurbana.com\/nl\/stedelijk-zwemmen\/#primaryimage","url":"https:\/\/www.terapiaurbana.com\/wp-content\/uploads\/2024\/12\/naturacion-urbana-ciudades.jpg","contentUrl":"https:\/\/www.terapiaurbana.com\/wp-content\/uploads\/2024\/12\/naturacion-urbana-ciudades.jpg"},{"@type":"BreadcrumbList","@id":"https:\/\/www.terapiaurbana.com\/nl\/stedelijk-zwemmen\/#breadcrumb","itemListElement":[{"@type":"ListItem","position":1,"name":"Portada","item":"https:\/\/www.terapiaurbana.com\/nl\/"},{"@type":"ListItem","position":2,"name":"Stedelijk zwemmen"}]},{"@type":"WebSite","@id":"https:\/\/www.terapiaurbana.com\/nl\/#website","url":"https:\/\/www.terapiaurbana.com\/nl\/","name":"Terapia Urbana | Especialistas en jardines verticales","description":"Especialistas en dise\u00f1o de jardines verticales exteriores e interiores naturales con tecnolog\u00eda Fytotextile y iluminaci\u00f3n auxiliar para una sostenible y funcional","alternateName":"Terapia Urbana","potentialAction":[{"@type":"SearchAction","target":{"@type":"EntryPoint","urlTemplate":"https:\/\/www.terapiaurbana.com\/nl\/?s={search_term_string}"},"query-input":{"@type":"PropertyValueSpecification","valueRequired":true,"valueName":"search_term_string"}}],"inLanguage":"nl-NL"}]}},"uagb_featured_image_src":{"full":false,"thumbnail":false,"medium":false,"medium_large":false,"large":false,"1536x1536":false,"2048x2048":false,"gform-image-choice-sm":false,"gform-image-choice-md":false,"gform-image-choice-lg":false},"uagb_author_info":{"display_name":"terapiaurbana","author_link":"https:\/\/www.terapiaurbana.com\/nl\/author\/terapiaurbana\/"},"uagb_comment_info":0,"uagb_excerpt":"STEDELIJKE NATURATIE KLIMAATVERANDERING VS. KLIMAATVERANDERING VS. #GOGREEN De FAO schat dat in 2025 meer dan de helft van de wereldbevolking [&hellip;]","_links":{"self":[{"href":"https:\/\/www.terapiaurbana.com\/nl\/wp-json\/wp\/v2\/pages\/63605","targetHints":{"allow":["GET"]}}],"collection":[{"href":"https:\/\/www.terapiaurbana.com\/nl\/wp-json\/wp\/v2\/pages"}],"about":[{"href":"https:\/\/www.terapiaurbana.com\/nl\/wp-json\/wp\/v2\/types\/page"}],"author":[{"embeddable":true,"href":"https:\/\/www.terapiaurbana.com\/nl\/wp-json\/wp\/v2\/users\/1"}],"replies":[{"embeddable":true,"href":"https:\/\/www.terapiaurbana.com\/nl\/wp-json\/wp\/v2\/comments?post=63605"}],"version-history":[{"count":4,"href":"https:\/\/www.terapiaurbana.com\/nl\/wp-json\/wp\/v2\/pages\/63605\/revisions"}],"predecessor-version":[{"id":66084,"href":"https:\/\/www.terapiaurbana.com\/nl\/wp-json\/wp\/v2\/pages\/63605\/revisions\/66084"}],"wp:attachment":[{"href":"https:\/\/www.terapiaurbana.com\/nl\/wp-json\/wp\/v2\/media?parent=63605"}],"curies":[{"name":"wp","href":"https:\/\/api.w.org\/{rel}","templated":true}]}}