{"id":63623,"date":"2024-11-19T10:45:38","date_gmt":"2024-11-19T09:45:38","guid":{"rendered":"https:\/\/www.terapiaurbana.com\/partners\/"},"modified":"2025-09-09T16:30:23","modified_gmt":"2025-09-09T14:30:23","slug":"partners","status":"publish","type":"page","link":"https:\/\/www.terapiaurbana.com\/nl\/partners\/","title":{"rendered":"Partners"},"content":{"rendered":"\n<div class=\"wp-block-uagb-container uagb-block-f52f76e5 alignfull uagb-is-root-container\"><div class=\"uagb-container-inner-blocks-wrap\"><\/div><\/div>\n\n<div class=\"wp-block-uagb-container uagb-block-17722f48 alignfull uagb-is-root-container\"><div class=\"uagb-container-inner-blocks-wrap\">\n<div class=\"wp-block-uagb-advanced-heading uagb-block-bc66db6f\"><h2 class=\"uagb-heading-text\">EXTERN NETWERK VAN INSTALLATEURS<\/h2><\/div>\n\n\n\n<p>Bij Terapia Urbana zijn wij geen installateurs. Wij ondersteunen bestekschrijvers en installatiebedrijven bij de uitvoering van onze projecten en bieden uitgebreid advies. Wij concurreren niet met andere installateurs, maar werken juist met hen samen. Wij leveren ons Fytotextile\u00ae-systeem en bieden technische ondersteuning, van de economische analyse van elk project tot en met de installatie en het daaropvolgende onderhoud.  <\/p>\n<\/div><\/div>\n\n<p><\/p>\n\n<div class=\"wp-block-uagb-container uagb-block-353dd654 alignfull uagb-is-root-container\"><div class=\"uagb-container-inner-blocks-wrap\">\n<div class=\"wp-block-uagb-container uagb-block-b8b80828\">\n<div class=\"wp-block-uagb-advanced-heading uagb-block-66c66f7c\"><h2 class=\"uagb-heading-text\">TRAINING VERTICALE TUIN<\/h2><\/div>\n\n\n\n<p>Als u nog niet eerder verticale tuinen hebt ge\u00efnstalleerd, of niet bekend bent met ons Fytotextile\u00ae-systeem en graag getraind wilt worden om deze succesvol te installeren, bieden wij u graag technische ondersteuning en training aan. Wij organiseren workshops om professionals te trainen in de juiste installatie en het onderhoud van onze systemen. Reken op ons, wij rekenen op u.  <\/p>\n<\/div>\n\n\n\n<div class=\"wp-block-uagb-container uagb-block-fd834c17\">\n<figure class=\"wp-block-image size-full\"><img loading=\"lazy\" decoding=\"async\" width=\"724\" height=\"500\" src=\"https:\/\/www.terapiaurbana.com\/wp-content\/uploads\/2024\/12\/instalacion-jardin-vertical.png\" alt=\"\" class=\"wp-image-61631\" srcset=\"https:\/\/www.terapiaurbana.com\/wp-content\/uploads\/2024\/12\/instalacion-jardin-vertical.png 724w, https:\/\/www.terapiaurbana.com\/wp-content\/uploads\/2024\/12\/instalacion-jardin-vertical-300x207.png 300w\" sizes=\"auto, (max-width: 724px) 100vw, 724px\" \/><\/figure>\n<\/div>\n<\/div><\/div>\n\n<div class=\"wp-block-uagb-container uagb-block-09874545 alignfull uagb-is-root-container\"><div class=\"uagb-container__video-wrap\"><video autoplay=\"\" loop=\"\" muted=\"\" playsinline=\"\"><source src=\"https:\/\/www.terapiaurbana.com\/wp-content\/uploads\/2024\/12\/video-instalacion-jardin-vertical.mp4\" type=\"video\/mp4\"\/><\/video><\/div><div class=\"uagb-container-inner-blocks-wrap\"><\/div><\/div>\n\n<div class=\"wp-block-uagb-container uagb-block-1633d84f alignfull uagb-is-root-container\"><div class=\"uagb-container-inner-blocks-wrap\">\n<div class=\"wp-block-uagb-container uagb-block-21645fdf\">\n<div class=\"wp-block-uagb-advanced-heading uagb-block-3f60f2b5\"><h2 class=\"uagb-heading-text\">ASSISTENTIE BIJ ONDERHOUD EN BEHEER OP AFSTAND<\/h2><\/div>\n\n\n\n<p>Onze meest geavanceerde projecten zijn uitgerust met afstandsbedieningssystemen die gebruikmaken van sensoren om de kritieke parameters te monitoren die de goede ontwikkeling van elke installatie be\u00efnvloeden, zoals substraatvochtigheid, temperatuur, pH, EC, enzovoort. Vanuit Terapia Urbana bieden wij onze partners technische ondersteuning bij het beheer op afstand, inclusief advies over het onderhoud dat bij elk project past. <\/p>\n<\/div>\n\n\n\n<div class=\"wp-block-uagb-container uagb-block-1f868083\">\n<figure class=\"wp-block-image size-full\"><img loading=\"lazy\" decoding=\"async\" width=\"724\" height=\"500\" src=\"https:\/\/www.terapiaurbana.com\/wp-content\/uploads\/2024\/12\/Instalacion-jardin-vertical-exterior.png\" alt=\"\" class=\"wp-image-61632\" srcset=\"https:\/\/www.terapiaurbana.com\/wp-content\/uploads\/2024\/12\/Instalacion-jardin-vertical-exterior.png 724w, https:\/\/www.terapiaurbana.com\/wp-content\/uploads\/2024\/12\/Instalacion-jardin-vertical-exterior-300x207.png 300w\" sizes=\"auto, (max-width: 724px) 100vw, 724px\" \/><\/figure>\n<\/div>\n<\/div><\/div>\n\n<div class=\"wp-block-uagb-advanced-heading uagb-block-b4763cbf\"><h2 class=\"uagb-heading-text\">EEN GROEIEND NETWERK<\/h2><\/div>\n\n<p>Steeds meer professionals en bedrijven kiezen voor Fytotextile\u00ae bij de installatie van verticale tuinen. Wij werken samen met bedrijven door onze doelstellingen op elkaar af te stemmen: het succes van elke installatie en de tevredenheid van uw klant. Wij willen uw vertrouwde en deskundige adviseur zijn voor uw projecten op het gebied van op de natuur gebaseerde oplossingen.  <\/p>\n\n<div class=\"wp-block-uagb-container uagb-block-5d1c436f alignfull uagb-is-root-container\"><div class=\"uagb-container-inner-blocks-wrap\">\n<div class=\"wp-block-uagb-container uagb-block-f8be00c9\">\n<figure class=\"wp-block-image size-full\"><img loading=\"lazy\" decoding=\"async\" width=\"1200\" height=\"720\" src=\"https:\/\/www.terapiaurbana.com\/wp-content\/uploads\/2024\/12\/mapa-proyectos-terapia-urbana.jpg\" alt=\"\" class=\"wp-image-61375\" srcset=\"https:\/\/www.terapiaurbana.com\/wp-content\/uploads\/2024\/12\/mapa-proyectos-terapia-urbana.jpg 1200w, https:\/\/www.terapiaurbana.com\/wp-content\/uploads\/2024\/12\/mapa-proyectos-terapia-urbana-300x180.jpg 300w, https:\/\/www.terapiaurbana.com\/wp-content\/uploads\/2024\/12\/mapa-proyectos-terapia-urbana-1024x614.jpg 1024w, https:\/\/www.terapiaurbana.com\/wp-content\/uploads\/2024\/12\/mapa-proyectos-terapia-urbana-768x461.jpg 768w\" sizes=\"auto, (max-width: 1200px) 100vw, 1200px\" \/><\/figure>\n<\/div>\n\n\n\n<div class=\"wp-block-uagb-container uagb-block-b772b24e\">\n<p class=\"has-text-align-center has-text-color has-link-color has-large-font-size wp-elements-adec1837a8d55d83be6c2f9bc58cc52f\" style=\"color:#79a441;margin-bottom:0px\"><strong>+ 38.000<\/strong><\/p>\n\n\n\n<p class=\"has-text-align-center\" style=\"margin-bottom:25px\">m\u00b2 gerealiseerde oppervlakte  <\/p>\n\n\n\n<p class=\"has-text-align-center has-text-color has-link-color has-large-font-size wp-elements-e3b43e6d2bed443eab67755e1afec153\" style=\"color:#79a441;margin-bottom:0px\"><strong>+ 1.100.000<\/strong><\/p>\n\n\n\n<p class=\"has-text-align-center\" style=\"margin-bottom:25px\"><strong>ge\u00efnstalleerde planten<\/strong><\/p>\n\n\n\n<p class=\"has-text-align-center has-text-color has-link-color has-large-font-size wp-elements-ce077a5e5ac750ead99e9e4964d1ea7e\" style=\"color:#79a441;margin-bottom:0px\"><strong>+ 800<\/strong><\/p>\n\n\n\n<p class=\"has-text-align-center\" style=\"margin-bottom:25px\"><strong>voltooide projecten<\/strong><\/p>\n\n\n\n<p class=\"has-text-align-center has-text-color has-link-color has-large-font-size wp-elements-836f71891d19ef743acb6093f2a90479\" style=\"color:#79a441;margin-bottom:0px\"><strong>+ 50<\/strong><\/p>\n\n\n\n<p class=\"has-text-align-center\" style=\"margin-bottom:25px\"><strong>partners wereldwijd<\/strong><\/p>\n<\/div>\n<\/div><\/div>\n\n<div class=\"wp-block-uagb-buttons uagb-buttons__outer-wrap uagb-btn__default-btn uagb-btn-tablet__default-btn uagb-btn-mobile__default-btn uagb-block-95e870ee\"><div class=\"uagb-buttons__wrap uagb-buttons-layout-wrap \">\n<div class=\"wp-block-uagb-buttons-child uagb-buttons__outer-wrap uagb-block-0047ba7d wp-block-button\"><div class=\"uagb-button__wrapper\"><a class=\"uagb-buttons-repeater wp-block-button__link\" aria-label=\"\" href=\"https:\/\/www.terapiaurbana.com\/nl\/neem-contact-op-met\/\" rel=\"follow noopener\" target=\"_self\" role=\"button\"><div class=\"uagb-button__link\">CONTACT ONS<\/div><\/a><\/div><\/div>\n<\/div><\/div>\n\n<div class=\"wp-block-uagb-container uagb-block-26ec87b7 alignfull uagb-is-root-container\"><div class=\"uagb-container-inner-blocks-wrap\"><\/div><\/div>\n","protected":false},"excerpt":{"rendered":"<p>EXTERN NETWERK VAN INSTALLATEURS Bij Terapia Urbana zijn wij geen installateurs. Wij ondersteunen bestekschrijvers en installatiebedrijven bij de uitvoering van [&hellip;]<\/p>\n","protected":false},"author":1,"featured_media":0,"parent":0,"menu_order":0,"comment_status":"closed","ping_status":"closed","template":"","meta":{"_uag_custom_page_level_css":"","site-sidebar-layout":"default","site-content-layout":"","ast-site-content-layout":"","site-content-style":"default","site-sidebar-style":"default","ast-global-header-display":"","ast-banner-title-visibility":"","ast-main-header-display":"","ast-hfb-above-header-display":"","ast-hfb-below-header-display":"","ast-hfb-mobile-header-display":"","site-post-title":"disabled","ast-breadcrumbs-content":"","ast-featured-img":"","footer-sml-layout":"","theme-transparent-header-meta":"","adv-header-id-meta":"","stick-header-meta":"","header-above-stick-meta":"","header-main-stick-meta":"","header-below-stick-meta":"","astra-migrate-meta-layouts":"default","ast-page-background-enabled":"default","ast-page-background-meta":{"desktop":{"background-color":"var(--ast-global-color-4)","background-image":"","background-repeat":"repeat","background-position":"center center","background-size":"auto","background-attachment":"scroll","background-type":"","background-media":"","overlay-type":"","overlay-color":"","overlay-opacity":"","overlay-gradient":""},"tablet":{"background-color":"","background-image":"","background-repeat":"repeat","background-position":"center center","background-size":"auto","background-attachment":"scroll","background-type":"","background-media":"","overlay-type":"","overlay-color":"","overlay-opacity":"","overlay-gradient":""},"mobile":{"background-color":"","background-image":"","background-repeat":"repeat","background-position":"center center","background-size":"auto","background-attachment":"scroll","background-type":"","background-media":"","overlay-type":"","overlay-color":"","overlay-opacity":"","overlay-gradient":""}},"ast-content-background-meta":{"desktop":{"background-color":"var(--ast-global-color-5)","background-image":"","background-repeat":"repeat","background-position":"center center","background-size":"auto","background-attachment":"scroll","background-type":"","background-media":"","overlay-type":"","overlay-color":"","overlay-opacity":"","overlay-gradient":""},"tablet":{"background-color":"var(--ast-global-color-5)","background-image":"","background-repeat":"repeat","background-position":"center center","background-size":"auto","background-attachment":"scroll","background-type":"","background-media":"","overlay-type":"","overlay-color":"","overlay-opacity":"","overlay-gradient":""},"mobile":{"background-color":"var(--ast-global-color-5)","background-image":"","background-repeat":"repeat","background-position":"center center","background-size":"auto","background-attachment":"scroll","background-type":"","background-media":"","overlay-type":"","overlay-color":"","overlay-opacity":"","overlay-gradient":""}},"footnotes":""},"class_list":["post-63623","page","type-page","status-publish","hentry"],"yoast_head":"<!-- This site is optimized with the Yoast SEO plugin v26.3 - https:\/\/yoast.com\/wordpress\/plugins\/seo\/ -->\n<title>Partners -<\/title>\n<meta name=\"robots\" content=\"index, follow, max-snippet:-1, max-image-preview:large, max-video-preview:-1\" \/>\n<link rel=\"canonical\" href=\"https:\/\/www.terapiaurbana.com\/nl\/partners\/\" \/>\n<meta property=\"og:locale\" content=\"nl_NL\" \/>\n<meta property=\"og:type\" content=\"article\" \/>\n<meta property=\"og:title\" content=\"Partners -\" \/>\n<meta property=\"og:description\" content=\"EXTERN NETWERK VAN INSTALLATEURS Bij Terapia Urbana zijn wij geen installateurs. Wij ondersteunen bestekschrijvers en installatiebedrijven bij de uitvoering van [&hellip;]\" \/>\n<meta property=\"og:url\" content=\"https:\/\/www.terapiaurbana.com\/nl\/partners\/\" \/>\n<meta property=\"article:publisher\" content=\"https:\/\/www.facebook.com\/terapiaurbana\/\" \/>\n<meta property=\"article:modified_time\" content=\"2025-09-09T14:30:23+00:00\" \/>\n<meta property=\"og:image\" content=\"https:\/\/www.terapiaurbana.com\/wp-content\/uploads\/2024\/12\/instalacion-jardin-vertical.png\" \/>\n<meta name=\"twitter:card\" content=\"summary_large_image\" \/>\n<meta name=\"twitter:site\" content=\"@terapia_urbana\" \/>\n<meta name=\"twitter:label1\" content=\"Geschatte leestijd\" \/>\n\t<meta name=\"twitter:data1\" content=\"1 minuut\" \/>\n<script type=\"application\/ld+json\" class=\"yoast-schema-graph\">{\"@context\":\"https:\/\/schema.org\",\"@graph\":[{\"@type\":\"WebPage\",\"@id\":\"https:\/\/www.terapiaurbana.com\/nl\/partners\/\",\"url\":\"https:\/\/www.terapiaurbana.com\/nl\/partners\/\",\"name\":\"Partners -\",\"isPartOf\":{\"@id\":\"https:\/\/www.terapiaurbana.com\/nl\/#website\"},\"primaryImageOfPage\":{\"@id\":\"https:\/\/www.terapiaurbana.com\/nl\/partners\/#primaryimage\"},\"image\":{\"@id\":\"https:\/\/www.terapiaurbana.com\/nl\/partners\/#primaryimage\"},\"thumbnailUrl\":\"https:\/\/www.terapiaurbana.com\/wp-content\/uploads\/2024\/12\/instalacion-jardin-vertical.png\",\"datePublished\":\"2024-11-19T09:45:38+00:00\",\"dateModified\":\"2025-09-09T14:30:23+00:00\",\"breadcrumb\":{\"@id\":\"https:\/\/www.terapiaurbana.com\/nl\/partners\/#breadcrumb\"},\"inLanguage\":\"nl-NL\",\"potentialAction\":[{\"@type\":\"ReadAction\",\"target\":[\"https:\/\/www.terapiaurbana.com\/nl\/partners\/\"]}]},{\"@type\":\"ImageObject\",\"inLanguage\":\"nl-NL\",\"@id\":\"https:\/\/www.terapiaurbana.com\/nl\/partners\/#primaryimage\",\"url\":\"https:\/\/www.terapiaurbana.com\/wp-content\/uploads\/2024\/12\/instalacion-jardin-vertical.png\",\"contentUrl\":\"https:\/\/www.terapiaurbana.com\/wp-content\/uploads\/2024\/12\/instalacion-jardin-vertical.png\"},{\"@type\":\"BreadcrumbList\",\"@id\":\"https:\/\/www.terapiaurbana.com\/nl\/partners\/#breadcrumb\",\"itemListElement\":[{\"@type\":\"ListItem\",\"position\":1,\"name\":\"Portada\",\"item\":\"https:\/\/www.terapiaurbana.com\/nl\/\"},{\"@type\":\"ListItem\",\"position\":2,\"name\":\"Partners\"}]},{\"@type\":\"WebSite\",\"@id\":\"https:\/\/www.terapiaurbana.com\/nl\/#website\",\"url\":\"https:\/\/www.terapiaurbana.com\/nl\/\",\"name\":\"Terapia Urbana | Especialistas en jardines verticales\",\"description\":\"Especialistas en dise\u00f1o de jardines verticales exteriores e interiores naturales con tecnolog\u00eda Fytotextile y iluminaci\u00f3n auxiliar para una sostenible y funcional\",\"alternateName\":\"Terapia Urbana\",\"potentialAction\":[{\"@type\":\"SearchAction\",\"target\":{\"@type\":\"EntryPoint\",\"urlTemplate\":\"https:\/\/www.terapiaurbana.com\/nl\/?s={search_term_string}\"},\"query-input\":{\"@type\":\"PropertyValueSpecification\",\"valueRequired\":true,\"valueName\":\"search_term_string\"}}],\"inLanguage\":\"nl-NL\"}]}<\/script>\n<!-- \/ Yoast SEO plugin. -->","yoast_head_json":{"title":"Partners -","robots":{"index":"index","follow":"follow","max-snippet":"max-snippet:-1","max-image-preview":"max-image-preview:large","max-video-preview":"max-video-preview:-1"},"canonical":"https:\/\/www.terapiaurbana.com\/nl\/partners\/","og_locale":"nl_NL","og_type":"article","og_title":"Partners -","og_description":"EXTERN NETWERK VAN INSTALLATEURS Bij Terapia Urbana zijn wij geen installateurs. Wij ondersteunen bestekschrijvers en installatiebedrijven bij de uitvoering van [&hellip;]","og_url":"https:\/\/www.terapiaurbana.com\/nl\/partners\/","article_publisher":"https:\/\/www.facebook.com\/terapiaurbana\/","article_modified_time":"2025-09-09T14:30:23+00:00","og_image":[{"url":"https:\/\/www.terapiaurbana.com\/wp-content\/uploads\/2024\/12\/instalacion-jardin-vertical.png","type":"","width":"","height":""}],"twitter_card":"summary_large_image","twitter_site":"@terapia_urbana","twitter_misc":{"Geschatte leestijd":"1 minuut"},"schema":{"@context":"https:\/\/schema.org","@graph":[{"@type":"WebPage","@id":"https:\/\/www.terapiaurbana.com\/nl\/partners\/","url":"https:\/\/www.terapiaurbana.com\/nl\/partners\/","name":"Partners -","isPartOf":{"@id":"https:\/\/www.terapiaurbana.com\/nl\/#website"},"primaryImageOfPage":{"@id":"https:\/\/www.terapiaurbana.com\/nl\/partners\/#primaryimage"},"image":{"@id":"https:\/\/www.terapiaurbana.com\/nl\/partners\/#primaryimage"},"thumbnailUrl":"https:\/\/www.terapiaurbana.com\/wp-content\/uploads\/2024\/12\/instalacion-jardin-vertical.png","datePublished":"2024-11-19T09:45:38+00:00","dateModified":"2025-09-09T14:30:23+00:00","breadcrumb":{"@id":"https:\/\/www.terapiaurbana.com\/nl\/partners\/#breadcrumb"},"inLanguage":"nl-NL","potentialAction":[{"@type":"ReadAction","target":["https:\/\/www.terapiaurbana.com\/nl\/partners\/"]}]},{"@type":"ImageObject","inLanguage":"nl-NL","@id":"https:\/\/www.terapiaurbana.com\/nl\/partners\/#primaryimage","url":"https:\/\/www.terapiaurbana.com\/wp-content\/uploads\/2024\/12\/instalacion-jardin-vertical.png","contentUrl":"https:\/\/www.terapiaurbana.com\/wp-content\/uploads\/2024\/12\/instalacion-jardin-vertical.png"},{"@type":"BreadcrumbList","@id":"https:\/\/www.terapiaurbana.com\/nl\/partners\/#breadcrumb","itemListElement":[{"@type":"ListItem","position":1,"name":"Portada","item":"https:\/\/www.terapiaurbana.com\/nl\/"},{"@type":"ListItem","position":2,"name":"Partners"}]},{"@type":"WebSite","@id":"https:\/\/www.terapiaurbana.com\/nl\/#website","url":"https:\/\/www.terapiaurbana.com\/nl\/","name":"Terapia Urbana | Especialistas en jardines verticales","description":"Especialistas en dise\u00f1o de jardines verticales exteriores e interiores naturales con tecnolog\u00eda Fytotextile y iluminaci\u00f3n auxiliar para una sostenible y funcional","alternateName":"Terapia Urbana","potentialAction":[{"@type":"SearchAction","target":{"@type":"EntryPoint","urlTemplate":"https:\/\/www.terapiaurbana.com\/nl\/?s={search_term_string}"},"query-input":{"@type":"PropertyValueSpecification","valueRequired":true,"valueName":"search_term_string"}}],"inLanguage":"nl-NL"}]}},"uagb_featured_image_src":{"full":false,"thumbnail":false,"medium":false,"medium_large":false,"large":false,"1536x1536":false,"2048x2048":false,"gform-image-choice-sm":false,"gform-image-choice-md":false,"gform-image-choice-lg":false},"uagb_author_info":{"display_name":"terapiaurbana","author_link":"https:\/\/www.terapiaurbana.com\/nl\/author\/terapiaurbana\/"},"uagb_comment_info":0,"uagb_excerpt":"EXTERN NETWERK VAN INSTALLATEURS Bij Terapia Urbana zijn wij geen installateurs. Wij ondersteunen bestekschrijvers en installatiebedrijven bij de uitvoering van [&hellip;]","_links":{"self":[{"href":"https:\/\/www.terapiaurbana.com\/nl\/wp-json\/wp\/v2\/pages\/63623","targetHints":{"allow":["GET"]}}],"collection":[{"href":"https:\/\/www.terapiaurbana.com\/nl\/wp-json\/wp\/v2\/pages"}],"about":[{"href":"https:\/\/www.terapiaurbana.com\/nl\/wp-json\/wp\/v2\/types\/page"}],"author":[{"embeddable":true,"href":"https:\/\/www.terapiaurbana.com\/nl\/wp-json\/wp\/v2\/users\/1"}],"replies":[{"embeddable":true,"href":"https:\/\/www.terapiaurbana.com\/nl\/wp-json\/wp\/v2\/comments?post=63623"}],"version-history":[{"count":3,"href":"https:\/\/www.terapiaurbana.com\/nl\/wp-json\/wp\/v2\/pages\/63623\/revisions"}],"predecessor-version":[{"id":65633,"href":"https:\/\/www.terapiaurbana.com\/nl\/wp-json\/wp\/v2\/pages\/63623\/revisions\/65633"}],"wp:attachment":[{"href":"https:\/\/www.terapiaurbana.com\/nl\/wp-json\/wp\/v2\/media?parent=63623"}],"curies":[{"name":"wp","href":"https:\/\/api.w.org\/{rel}","templated":true}]}}