{"id":63634,"date":"2024-11-19T09:50:00","date_gmt":"2024-11-19T08:50:00","guid":{"rendered":"https:\/\/www.terapiaurbana.com\/privacybeleid\/"},"modified":"2025-09-04T15:58:17","modified_gmt":"2025-09-04T13:58:17","slug":"privacybeleid","status":"publish","type":"page","link":"https:\/\/www.terapiaurbana.com\/nl\/privacybeleid\/","title":{"rendered":"Privacybeleid"},"content":{"rendered":"\n<div class=\"wp-block-uagb-advanced-heading uagb-block-bcd6b57c\"><h1 class=\"uagb-heading-text\">privacybeleid<\/h1><\/div>\n\n<p><strong>Verantwoordelijk: Terapia Urbana S.L.<\/strong><br\/><br\/><br\/><br\/>W<strong>ie is verantwoordelijk voor de verwerking van uw gegevens?<\/strong> Identiteit: Terapia Urbana, SL, met CIF B-91880724 Adres: C\/. Factores, 12-14, Local 4D (41015-Sevilla) Register: Ingeschreven in het handelsregister van Sevilla, Volume 5278, Pagina SE-87213, 1e inschrijving. <\/p>\n\n<p><strong>Doel: Dienstverlening<\/strong><br\/><br\/><br\/>M<strong>et welk doel en hoe lang verwerken we uw persoonlijke gegevens?<\/strong> Uw persoonlijke gegevens worden verwerkt voor de volgende doeleinden: \u25cf Om de diensten die via onze website worden aangeboden uit te voeren en om te reageren op verzoeken die via onze website worden gedaan.<br\/>u promotionele informatie over onze activiteiten of diensten te sturen naar het e-mailadres dat u ons hebt verstrekt.<br\/>De gegevens worden voor deze doeleinden bewaard voor de duur van de relatie met de gebruiker, of totdat hij\/zij zijn\/haar toestemming intrekt, en, zodra de relatie is be\u00ebindigd, voor de verjaringstermijn van eventuele aansprakelijkheden die voortvloeien uit de relatie.<br\/><\/p>\n\n<p><br\/><br\/><br\/><br\/><br\/><br\/><br\/>W<strong>elke categorie\u00ebn gegevens verwerken wij?<\/strong> De gegevens die wij via onze website verwerken zijn alleen de volgende: \u25cf naam en achternaam \u25cf adres \u25cf e-mail \u25cf IP-adres Al deze persoonsgegevens zijn verplicht om de diensten die wij aanbieden te kunnen leveren, omdat het onmogelijk is om ze anders te leveren. Legitimatie: Uitvoering van het contract, gerechtvaardigd belang en toestemming van de betrokkene.<br\/><\/p>\n\n<p><br\/><br\/>W<strong>at is de rechtsgrondslag voor de verwerking van uw gegevens?<\/strong> De rechtsgrondslag voor de verwerking van uw persoonsgegevens door ons team is het uitvoeren van de diensten die via onze website worden aangeboden, anders is het niet mogelijk om hieraan te voldoen. Ontvangers: wettelijke opdrachten en gegevensverwerkers<br\/><\/p>\n\n<p><br\/><br\/><br\/>A<strong>an wie zullen we uw gegevens meedelen<\/strong>? We kunnen uw gegevens aan de volgende ontvangers meedelen: \u25cf Aan de overheidsadministraties in de gevallen voorzien in de Wet. \u25cf Aan de staatsveiligheidstroepen en -korpsen, indien zij hierom verzoeken voor de preventie van een misdrijf.<\/p>\n\n<p style=\"margin-bottom:50px\"><strong>Rechten:<\/strong><br\/>T<strong>oegang, rectificatie, verwijdering, verzet en overdraagbaarheid van gegevens<\/strong> Uw rechten zijn als volgt: toegang, rectificatie, verwijdering en overdraagbaarheid van uw gegevens en de beperking van of het verzet tegen de verwerking ervan, het recht om de gegeven toestemming in te trekken en het recht om een klacht in te dienen bij de betreffende toezichthoudende autoriteit.<br\/><\/p>\n\n<p style=\"margin-bottom:50px\"><strong>Hoe kun je je rechten uitoefenen?<\/strong><br\/>De procedure is heel eenvoudig.<br\/><br\/><br\/><br\/><br\/>Je moet ons een brief sturen naar het volgende adres: Terapia Urbana, SL C\/. Factores, 12-14, Local 4D 41015-Sevilla Of als je dat liever doet, kun je ons een e-mail sturen naar info@terapiaurbana.es. In beide gevallen moet je een fotokopie van je identiteitskaart of een wettelijk geldig identiteitsbewijs meesturen.  <br\/><br\/>De uitoefening van uw rechten is volledig gratis en is als volgt: \u25cf Recht op toegang tot uw persoonlijke gegevens.<br\/>Het recht om onnauwkeurige of onvolledige gegevens te rectificeren.<br\/>Het recht op het wissen van uw gegevens wanneer deze niet langer nodig zijn voor de doeleinden waarvoor ze zijn verzameld.<br\/>Het recht om de verwerking van gegevens te beperken onder de voorwaarden van de GDPR.<br\/>Het recht om bezwaar te maken tegen verwerking.<br\/>Recht op overdraagbaarheid van uw gegevens.<br\/>Het recht om klachten in te dienen bij het Spaanse Bureau voor Gegevensbescherming.<\/p>\n","protected":false},"excerpt":{"rendered":"<p>privacybeleid Verantwoordelijk: Terapia Urbana S.L. Wie is verantwoordelijk voor de verwerking van uw gegevens? Identiteit: Terapia Urbana, SL, met CIF [&hellip;]<\/p>\n","protected":false},"author":1,"featured_media":0,"parent":0,"menu_order":0,"comment_status":"closed","ping_status":"closed","template":"","meta":{"_uag_custom_page_level_css":"","site-sidebar-layout":"default","site-content-layout":"","ast-site-content-layout":"","site-content-style":"default","site-sidebar-style":"default","ast-global-header-display":"","ast-banner-title-visibility":"","ast-main-header-display":"","ast-hfb-above-header-display":"","ast-hfb-below-header-display":"","ast-hfb-mobile-header-display":"","site-post-title":"disabled","ast-breadcrumbs-content":"","ast-featured-img":"","footer-sml-layout":"","theme-transparent-header-meta":"","adv-header-id-meta":"","stick-header-meta":"","header-above-stick-meta":"","header-main-stick-meta":"","header-below-stick-meta":"","astra-migrate-meta-layouts":"default","ast-page-background-enabled":"default","ast-page-background-meta":{"desktop":{"background-color":"var(--ast-global-color-4)","background-image":"","background-repeat":"repeat","background-position":"center center","background-size":"auto","background-attachment":"scroll","background-type":"","background-media":"","overlay-type":"","overlay-color":"","overlay-opacity":"","overlay-gradient":""},"tablet":{"background-color":"","background-image":"","background-repeat":"repeat","background-position":"center center","background-size":"auto","background-attachment":"scroll","background-type":"","background-media":"","overlay-type":"","overlay-color":"","overlay-opacity":"","overlay-gradient":""},"mobile":{"background-color":"","background-image":"","background-repeat":"repeat","background-position":"center center","background-size":"auto","background-attachment":"scroll","background-type":"","background-media":"","overlay-type":"","overlay-color":"","overlay-opacity":"","overlay-gradient":""}},"ast-content-background-meta":{"desktop":{"background-color":"var(--ast-global-color-5)","background-image":"","background-repeat":"repeat","background-position":"center center","background-size":"auto","background-attachment":"scroll","background-type":"","background-media":"","overlay-type":"","overlay-color":"","overlay-opacity":"","overlay-gradient":""},"tablet":{"background-color":"var(--ast-global-color-5)","background-image":"","background-repeat":"repeat","background-position":"center center","background-size":"auto","background-attachment":"scroll","background-type":"","background-media":"","overlay-type":"","overlay-color":"","overlay-opacity":"","overlay-gradient":""},"mobile":{"background-color":"var(--ast-global-color-5)","background-image":"","background-repeat":"repeat","background-position":"center center","background-size":"auto","background-attachment":"scroll","background-type":"","background-media":"","overlay-type":"","overlay-color":"","overlay-opacity":"","overlay-gradient":""}},"footnotes":""},"class_list":["post-63634","page","type-page","status-publish","hentry"],"yoast_head":"<!-- This site is optimized with the Yoast SEO plugin v26.3 - https:\/\/yoast.com\/wordpress\/plugins\/seo\/ -->\n<title>Privacybeleid -<\/title>\n<meta name=\"robots\" content=\"index, follow, max-snippet:-1, max-image-preview:large, max-video-preview:-1\" \/>\n<link rel=\"canonical\" href=\"https:\/\/www.terapiaurbana.com\/nl\/privacybeleid\/\" \/>\n<meta property=\"og:locale\" content=\"nl_NL\" \/>\n<meta property=\"og:type\" content=\"article\" \/>\n<meta property=\"og:title\" content=\"Privacybeleid -\" \/>\n<meta property=\"og:description\" content=\"privacybeleid Verantwoordelijk: Terapia Urbana S.L. Wie is verantwoordelijk voor de verwerking van uw gegevens? Identiteit: Terapia Urbana, SL, met CIF [&hellip;]\" \/>\n<meta property=\"og:url\" content=\"https:\/\/www.terapiaurbana.com\/nl\/privacybeleid\/\" \/>\n<meta property=\"article:publisher\" content=\"https:\/\/www.facebook.com\/terapiaurbana\/\" \/>\n<meta property=\"article:modified_time\" content=\"2025-09-04T13:58:17+00:00\" \/>\n<meta property=\"og:image\" content=\"https:\/\/www.terapiaurbana.com\/wp-content\/uploads\/2025\/02\/jardin-vertical.jpg\" \/>\n\t<meta property=\"og:image:width\" content=\"1200\" \/>\n\t<meta property=\"og:image:height\" content=\"675\" \/>\n\t<meta property=\"og:image:type\" content=\"image\/jpeg\" \/>\n<meta name=\"twitter:card\" content=\"summary_large_image\" \/>\n<meta name=\"twitter:site\" content=\"@terapia_urbana\" \/>\n<meta name=\"twitter:label1\" content=\"Geschatte leestijd\" \/>\n\t<meta name=\"twitter:data1\" content=\"3 minuten\" \/>\n<script type=\"application\/ld+json\" class=\"yoast-schema-graph\">{\"@context\":\"https:\/\/schema.org\",\"@graph\":[{\"@type\":\"WebPage\",\"@id\":\"https:\/\/www.terapiaurbana.com\/nl\/privacybeleid\/\",\"url\":\"https:\/\/www.terapiaurbana.com\/nl\/privacybeleid\/\",\"name\":\"Privacybeleid -\",\"isPartOf\":{\"@id\":\"https:\/\/www.terapiaurbana.com\/nl\/#website\"},\"datePublished\":\"2024-11-19T08:50:00+00:00\",\"dateModified\":\"2025-09-04T13:58:17+00:00\",\"breadcrumb\":{\"@id\":\"https:\/\/www.terapiaurbana.com\/nl\/privacybeleid\/#breadcrumb\"},\"inLanguage\":\"nl-NL\",\"potentialAction\":[{\"@type\":\"ReadAction\",\"target\":[\"https:\/\/www.terapiaurbana.com\/nl\/privacybeleid\/\"]}]},{\"@type\":\"BreadcrumbList\",\"@id\":\"https:\/\/www.terapiaurbana.com\/nl\/privacybeleid\/#breadcrumb\",\"itemListElement\":[{\"@type\":\"ListItem\",\"position\":1,\"name\":\"Portada\",\"item\":\"https:\/\/www.terapiaurbana.com\/nl\/\"},{\"@type\":\"ListItem\",\"position\":2,\"name\":\"Privacybeleid\"}]},{\"@type\":\"WebSite\",\"@id\":\"https:\/\/www.terapiaurbana.com\/nl\/#website\",\"url\":\"https:\/\/www.terapiaurbana.com\/nl\/\",\"name\":\"Terapia Urbana | Especialistas en jardines verticales\",\"description\":\"Especialistas en dise\u00f1o de jardines verticales exteriores e interiores naturales con tecnolog\u00eda Fytotextile y iluminaci\u00f3n auxiliar para una sostenible y funcional\",\"alternateName\":\"Terapia Urbana\",\"potentialAction\":[{\"@type\":\"SearchAction\",\"target\":{\"@type\":\"EntryPoint\",\"urlTemplate\":\"https:\/\/www.terapiaurbana.com\/nl\/?s={search_term_string}\"},\"query-input\":{\"@type\":\"PropertyValueSpecification\",\"valueRequired\":true,\"valueName\":\"search_term_string\"}}],\"inLanguage\":\"nl-NL\"}]}<\/script>\n<!-- \/ Yoast SEO plugin. -->","yoast_head_json":{"title":"Privacybeleid -","robots":{"index":"index","follow":"follow","max-snippet":"max-snippet:-1","max-image-preview":"max-image-preview:large","max-video-preview":"max-video-preview:-1"},"canonical":"https:\/\/www.terapiaurbana.com\/nl\/privacybeleid\/","og_locale":"nl_NL","og_type":"article","og_title":"Privacybeleid -","og_description":"privacybeleid Verantwoordelijk: Terapia Urbana S.L. Wie is verantwoordelijk voor de verwerking van uw gegevens? Identiteit: Terapia Urbana, SL, met CIF [&hellip;]","og_url":"https:\/\/www.terapiaurbana.com\/nl\/privacybeleid\/","article_publisher":"https:\/\/www.facebook.com\/terapiaurbana\/","article_modified_time":"2025-09-04T13:58:17+00:00","og_image":[{"width":1200,"height":675,"url":"https:\/\/www.terapiaurbana.com\/wp-content\/uploads\/2025\/02\/jardin-vertical.jpg","type":"image\/jpeg"}],"twitter_card":"summary_large_image","twitter_site":"@terapia_urbana","twitter_misc":{"Geschatte leestijd":"3 minuten"},"schema":{"@context":"https:\/\/schema.org","@graph":[{"@type":"WebPage","@id":"https:\/\/www.terapiaurbana.com\/nl\/privacybeleid\/","url":"https:\/\/www.terapiaurbana.com\/nl\/privacybeleid\/","name":"Privacybeleid -","isPartOf":{"@id":"https:\/\/www.terapiaurbana.com\/nl\/#website"},"datePublished":"2024-11-19T08:50:00+00:00","dateModified":"2025-09-04T13:58:17+00:00","breadcrumb":{"@id":"https:\/\/www.terapiaurbana.com\/nl\/privacybeleid\/#breadcrumb"},"inLanguage":"nl-NL","potentialAction":[{"@type":"ReadAction","target":["https:\/\/www.terapiaurbana.com\/nl\/privacybeleid\/"]}]},{"@type":"BreadcrumbList","@id":"https:\/\/www.terapiaurbana.com\/nl\/privacybeleid\/#breadcrumb","itemListElement":[{"@type":"ListItem","position":1,"name":"Portada","item":"https:\/\/www.terapiaurbana.com\/nl\/"},{"@type":"ListItem","position":2,"name":"Privacybeleid"}]},{"@type":"WebSite","@id":"https:\/\/www.terapiaurbana.com\/nl\/#website","url":"https:\/\/www.terapiaurbana.com\/nl\/","name":"Terapia Urbana | Especialistas en jardines verticales","description":"Especialistas en dise\u00f1o de jardines verticales exteriores e interiores naturales con tecnolog\u00eda Fytotextile y iluminaci\u00f3n auxiliar para una sostenible y funcional","alternateName":"Terapia Urbana","potentialAction":[{"@type":"SearchAction","target":{"@type":"EntryPoint","urlTemplate":"https:\/\/www.terapiaurbana.com\/nl\/?s={search_term_string}"},"query-input":{"@type":"PropertyValueSpecification","valueRequired":true,"valueName":"search_term_string"}}],"inLanguage":"nl-NL"}]}},"uagb_featured_image_src":{"full":false,"thumbnail":false,"medium":false,"medium_large":false,"large":false,"1536x1536":false,"2048x2048":false,"gform-image-choice-sm":false,"gform-image-choice-md":false,"gform-image-choice-lg":false},"uagb_author_info":{"display_name":"terapiaurbana","author_link":"https:\/\/www.terapiaurbana.com\/nl\/author\/terapiaurbana\/"},"uagb_comment_info":0,"uagb_excerpt":"privacybeleid Verantwoordelijk: Terapia Urbana S.L. Wie is verantwoordelijk voor de verwerking van uw gegevens? Identiteit: Terapia Urbana, SL, met CIF [&hellip;]","_links":{"self":[{"href":"https:\/\/www.terapiaurbana.com\/nl\/wp-json\/wp\/v2\/pages\/63634","targetHints":{"allow":["GET"]}}],"collection":[{"href":"https:\/\/www.terapiaurbana.com\/nl\/wp-json\/wp\/v2\/pages"}],"about":[{"href":"https:\/\/www.terapiaurbana.com\/nl\/wp-json\/wp\/v2\/types\/page"}],"author":[{"embeddable":true,"href":"https:\/\/www.terapiaurbana.com\/nl\/wp-json\/wp\/v2\/users\/1"}],"replies":[{"embeddable":true,"href":"https:\/\/www.terapiaurbana.com\/nl\/wp-json\/wp\/v2\/comments?post=63634"}],"version-history":[{"count":2,"href":"https:\/\/www.terapiaurbana.com\/nl\/wp-json\/wp\/v2\/pages\/63634\/revisions"}],"predecessor-version":[{"id":65597,"href":"https:\/\/www.terapiaurbana.com\/nl\/wp-json\/wp\/v2\/pages\/63634\/revisions\/65597"}],"wp:attachment":[{"href":"https:\/\/www.terapiaurbana.com\/nl\/wp-json\/wp\/v2\/media?parent=63634"}],"curies":[{"name":"wp","href":"https:\/\/api.w.org\/{rel}","templated":true}]}}