{"id":64318,"date":"2024-11-28T18:08:25","date_gmt":"2024-11-28T17:08:25","guid":{"rendered":"https:\/\/www.terapiaurbana.com\/?page_id=64318"},"modified":"2025-11-06T13:10:37","modified_gmt":"2025-11-06T12:10:37","slug":"jardin-vertical-fytotextile","status":"publish","type":"page","link":"https:\/\/www.terapiaurbana.com\/nl\/jardin-vertical-fytotextile\/","title":{"rendered":"Fytotextiel verticale tuin"},"content":{"rendered":"\n<div class=\"wp-block-uagb-container uagb-block-60f886dc alignfull uagb-is-root-container\"><\/div>\n\n\n\n<div class=\"wp-block-uagb-container uagb-block-5763216b alignfull uagb-is-root-container\"><div class=\"uagb-container-inner-blocks-wrap\">\n<div class=\"wp-block-uagb-advanced-heading uagb-block-82a09106\"><h1 class=\"uagb-heading-text\">Jard\u00edn vertical Fytotextile<\/h1><\/div>\n\n\n\n<p>El <strong>sistema Fytotextile\u00ae<\/strong>, desarrollado por Terapia Urbana en colaboraci\u00f3n con la Universidad de Sevilla, representa una soluci\u00f3n avanzada para la <strong>creaci\u00f3n de jardines verticales<\/strong>. Consiste en m\u00f3dulos flexibles multicapa que se conectan a una subestructura anclada al muro soporte, formando una matriz de bolsillos que alojan las plantas con su propio sustrato, facilitando su adaptaci\u00f3n y desarrollo. Este dise\u00f1o permite un f\u00e1cil acceso al sistema de riego, simplificando el mantenimiento. Con m\u00e1s de 22.000 m\u00b2 instalados en m\u00e1s de 20 mercados internacionales, Fytotextile\u00ae se adapta a proyectos de diversas dimensiones, ofreciendo una integraci\u00f3n armoniosa de la naturaleza en entornos urbanos.<\/p>\n\n\n\n<figure class=\"wp-block-image size-full\"><img loading=\"lazy\" decoding=\"async\" width=\"1200\" height=\"879\" src=\"https:\/\/www.terapiaurbana.com\/wp-content\/uploads\/2025\/11\/NEER-Sistemas-100-1.jpg\" alt=\"\" class=\"wp-image-66040\" srcset=\"https:\/\/www.terapiaurbana.com\/wp-content\/uploads\/2025\/11\/NEER-Sistemas-100-1.jpg 1200w, https:\/\/www.terapiaurbana.com\/wp-content\/uploads\/2025\/11\/NEER-Sistemas-100-1-300x220.jpg 300w, https:\/\/www.terapiaurbana.com\/wp-content\/uploads\/2025\/11\/NEER-Sistemas-100-1-1024x750.jpg 1024w, https:\/\/www.terapiaurbana.com\/wp-content\/uploads\/2025\/11\/NEER-Sistemas-100-1-768x563.jpg 768w\" sizes=\"auto, (max-width: 1200px) 100vw, 1200px\" \/><figcaption class=\"wp-element-caption\">Terapia Urbana jard\u00edn vertical<\/figcaption><\/figure>\n<\/div><\/div>\n\n\n\n<div class=\"wp-block-uagb-container uagb-block-5f29adbc alignfull uagb-is-root-container\"><div class=\"uagb-container-inner-blocks-wrap\">\n<div class=\"wp-block-uagb-advanced-heading uagb-block-48be3cb1\"><h2 class=\"uagb-heading-text\">Componentes del jard\u00edn vertical con Fytotextile \u00a9<\/h2><\/div>\n\n\n\n<p><strong>Fytotextile\u00ae<\/strong> es un sistema modular textil, cuya combinaci\u00f3n optimizada de capas crea un medio de cultivo excelente para el desarrollo de la vegetaci\u00f3n. Su dise\u00f1o incrementa la oxigenaci\u00f3n de la ra\u00edz y mejora el reparto del riego protegiendo a paramento donde se instala. El sistema permite un f\u00e1cil registro del sistema de riego para un mejor mantenimiento.<\/p>\n\n\n\n<figure class=\"wp-block-image size-full\"><img loading=\"lazy\" decoding=\"async\" width=\"1172\" height=\"543\" src=\"https:\/\/www.terapiaurbana.com\/wp-content\/uploads\/2025\/11\/Mesa-de-trabajo-1-100-1.jpg\" alt=\"\" class=\"wp-image-66052\" style=\"object-fit:cover\" srcset=\"https:\/\/www.terapiaurbana.com\/wp-content\/uploads\/2025\/11\/Mesa-de-trabajo-1-100-1.jpg 1172w, https:\/\/www.terapiaurbana.com\/wp-content\/uploads\/2025\/11\/Mesa-de-trabajo-1-100-1-300x139.jpg 300w, https:\/\/www.terapiaurbana.com\/wp-content\/uploads\/2025\/11\/Mesa-de-trabajo-1-100-1-1024x474.jpg 1024w, https:\/\/www.terapiaurbana.com\/wp-content\/uploads\/2025\/11\/Mesa-de-trabajo-1-100-1-768x356.jpg 768w\" sizes=\"auto, (max-width: 1172px) 100vw, 1172px\" \/><\/figure>\n<\/div><\/div>\n\n\n\n<div class=\"wp-block-uagb-container uagb-block-0872cc48 alignfull uagb-is-root-container\"><div class=\"uagb-container-inner-blocks-wrap\"><\/div><\/div>\n\n\n\n<div class=\"wp-block-uagb-container uagb-block-416df961 alignfull uagb-is-root-container\"><div class=\"uagb-container-inner-blocks-wrap\">\n<div class=\"wp-block-uagb-advanced-heading uagb-block-5b76e5d8\"><h2 class=\"uagb-heading-text\">PRESTACIONES T\u00c9CNICAS FYTOTEXTILE\u00ae<\/h2><\/div>\n\n\n\n<p>El sistema Fytotextile\u00ae proporciona numerosas prestaciones t\u00e9cnicas que lo convierten en una soluci\u00f3n constructiva avanzada para la instalaci\u00f3n de fachadas ajardinadas de \u00faltima generaci\u00f3n. Adem\u00e1s de un excelente comportamiento mec\u00e1nico, su elevada porosidad, maximiza el intercambio gaseoso de la parte enterrada de la planta, responsable de la biofiltraci\u00f3n del aire y fijaci\u00f3n de VOCs, tan perjudiciales para la salud.<br>Esto se desprende de la publicaci\u00f3n cient\u00edfica \u201c Volatile organic compounds removal by means of a felt-based living wall to improve indoor air quality\u201d, llevada a cabo en el seno del grupo de investigaci\u00f3n Naturib.<\/p>\n\n\n\n<figure class=\"wp-block-image size-full is-resized\"><img loading=\"lazy\" decoding=\"async\" width=\"1200\" height=\"846\" src=\"https:\/\/www.terapiaurbana.com\/wp-content\/uploads\/2025\/11\/NEER-Sistemas_2-100-1.jpg\" alt=\"\" class=\"wp-image-66058\" style=\"width:1200px;height:auto\" srcset=\"https:\/\/www.terapiaurbana.com\/wp-content\/uploads\/2025\/11\/NEER-Sistemas_2-100-1.jpg 1200w, https:\/\/www.terapiaurbana.com\/wp-content\/uploads\/2025\/11\/NEER-Sistemas_2-100-1-300x212.jpg 300w, https:\/\/www.terapiaurbana.com\/wp-content\/uploads\/2025\/11\/NEER-Sistemas_2-100-1-1024x722.jpg 1024w, https:\/\/www.terapiaurbana.com\/wp-content\/uploads\/2025\/11\/NEER-Sistemas_2-100-1-768x541.jpg 768w\" sizes=\"auto, (max-width: 1200px) 100vw, 1200px\" \/><\/figure>\n<\/div><\/div>\n\n\n\n<div class=\"wp-block-uagb-container uagb-block-35a2d876 alignfull uagb-is-root-container\"><div class=\"uagb-container-inner-blocks-wrap\">\n<div class=\"wp-block-uagb-advanced-heading uagb-block-eb254af7\"><h2 class=\"uagb-heading-text\">CARACTER\u00cdSTICAS T\u00c9CNICAS TESTADAS MEDIANTE ENSAYOS<\/h2><\/div>\n\n\n\n<p style=\"margin-bottom:0px\">Fytotextile\u00ae&nbsp; evoluciona constantemente para implementar mejoras que satisfacen las necesidades crecientes de un mercado en desarrollo. La ausencia de una normativa espec\u00edfica, nos lleva a caracterizar de forma objetiva el comportamiento del sistema constructivo a largo plazo, mediante ensayos, test y certificaciones por empresas externas como Applus\u00ae.<\/p>\n\n\n\n<div class=\"wp-block-uagb-container uagb-block-75e46ea2\">\n<div class=\"wp-block-uagb-container uagb-block-07fcf408\">\n<figure class=\"wp-block-image size-full\"><img loading=\"lazy\" decoding=\"async\" width=\"300\" height=\"271\" src=\"https:\/\/www.terapiaurbana.com\/wp-content\/uploads\/2024\/11\/comportamiento-fuego.png\" alt=\"\" class=\"wp-image-61191\"\/><\/figure>\n\n\n\n<p class=\"has-text-align-center\">Comportamiento frente al fuego. B-s2, d0<\/p>\n<\/div>\n\n\n\n<div class=\"wp-block-uagb-container uagb-block-a572f9de\">\n<figure class=\"wp-block-image size-full\"><img loading=\"lazy\" decoding=\"async\" width=\"300\" height=\"271\" src=\"https:\/\/www.terapiaurbana.com\/wp-content\/uploads\/2024\/11\/durabilidad-del-sistema.jpg\" alt=\"\" class=\"wp-image-61207\"\/><\/figure>\n\n\n\n<p class=\"has-text-align-center\">Durabilidad del sistema<\/p>\n<\/div>\n\n\n\n<div class=\"wp-block-uagb-container uagb-block-3816c607\">\n<figure class=\"wp-block-image size-full\"><img loading=\"lazy\" decoding=\"async\" width=\"300\" height=\"271\" src=\"https:\/\/www.terapiaurbana.com\/wp-content\/uploads\/2024\/11\/resistencia-a-traccion-y-desgarro.jpg\" alt=\"\" class=\"wp-image-61209\"\/><\/figure>\n\n\n\n<p class=\"has-text-align-center\">Resistencia a tracci\u00f3n<br>y desgarro<\/p>\n<\/div>\n\n\n\n<div class=\"wp-block-uagb-container uagb-block-b4d61f9d\">\n<figure class=\"wp-block-image size-full\"><img loading=\"lazy\" decoding=\"async\" width=\"300\" height=\"271\" src=\"https:\/\/www.terapiaurbana.com\/wp-content\/uploads\/2024\/11\/comportamiento-ante-congelacion.jpg\" alt=\"\" class=\"wp-image-61211\"\/><\/figure>\n\n\n\n<p class=\"has-text-align-center\">Comportamiento ante congelaci\u00f3n<\/p>\n<\/div>\n\n\n\n<div class=\"wp-block-uagb-container uagb-block-39ac3017\">\n<figure class=\"wp-block-image size-full\"><img loading=\"lazy\" decoding=\"async\" width=\"300\" height=\"271\" src=\"https:\/\/www.terapiaurbana.com\/wp-content\/uploads\/2024\/11\/Fytotextile-FR.jpg\" alt=\"\" class=\"wp-image-61212\"\/><\/figure>\n\n\n\n<p class=\"has-text-align-center\">Fytotextile-FR\u00ae&nbsp;Resistencia al fuego certificada B-s2, d0<\/p>\n<\/div>\n\n\n\n<div class=\"wp-block-uagb-container uagb-block-9a127c51\">\n<figure class=\"wp-block-image size-full\"><img loading=\"lazy\" decoding=\"async\" width=\"300\" height=\"271\" src=\"https:\/\/www.terapiaurbana.com\/wp-content\/uploads\/2024\/11\/Fytotextile-C.jpg\" alt=\"\" class=\"wp-image-61213\"\/><\/figure>\n\n\n\n<p class=\"has-text-align-center\">Fytotextile-C+\u00ae<br>para climas con altas temperaturas<\/p>\n<\/div>\n<\/div>\n<\/div><\/div>\n\n\n\n<div class=\"wp-block-uagb-container uagb-block-1b96b103 alignfull uagb-is-root-container\"><div class=\"uagb-container-inner-blocks-wrap\">\n<div class=\"wp-block-uagb-container uagb-block-2d916362\">\n<div class=\"wp-block-uagb-info-box uagb-block-c34f3bfe uagb-infobox__content-wrap  uagb-infobox-icon-above-title uagb-infobox-image-valign-top wp-block-uagb-info-box--has-margin\"><div class=\"uagb-infobox-margin-wrapper\"><div class=\"uagb-ifb-content\"><div class=\"uagb-ifb-image-content\"><img decoding=\"async\" src=\"https:\/\/www.terapiaurbana.com\/wp-content\/uploads\/2024\/11\/jardin-vertical-exterior-terapia-urbana.jpg\" alt=\"\" width=\"\" height=\"0\" loading=\"lazy\"\/><\/div><div class=\"uagb-ifb-title-wrap\"><h3 class=\"uagb-ifb-title\">VERTICALE BUITENTUIN<\/h3><\/div><p class=\"uagb-ifb-desc\">C\u00f3mo dise\u00f1ar e instalar sistemas de ajardinamiento vertical Fytotextile\u00ae&nbsp; en exterior, con garant\u00edas de \u00e9xito.<\/p><div class=\"uagb-ifb-button-wrapper wp-block-button\"><a href=\"https:\/\/www.terapiaurbana.com\/jardin-vertical-exterior\/\" target=\"_self\" onclick=\"return true;\" class=\"uagb-infobox-cta-link\" rel=\"noopener noreferrer\"><span class=\"uagb-inline-editing\">Descubre m\u00e1s<\/span><svg xmlns=\"https:\/\/www.w3.org\/2000\/svg\" viewBox=\"0 0 448 512\"><path d=\"M432 256c0 17.69-14.33 32.01-32 32.01H256v144c0 17.69-14.33 31.99-32 31.99s-32-14.3-32-31.99v-144H48c-17.67 0-32-14.32-32-32.01s14.33-31.99 32-31.99H192v-144c0-17.69 14.33-32.01 32-32.01s32 14.32 32 32.01v144h144C417.7 224 432 238.3 432 256z\"><\/path><\/svg><\/a><\/div><\/div><\/div><\/div>\n<\/div>\n\n\n\n<div class=\"wp-block-uagb-container uagb-block-cf3adfc2\">\n<div class=\"wp-block-uagb-info-box uagb-block-993e2473 uagb-infobox__content-wrap  uagb-infobox-icon-above-title uagb-infobox-image-valign-top wp-block-uagb-info-box--has-margin\"><div class=\"uagb-infobox-margin-wrapper\"><div class=\"uagb-ifb-content\"><div class=\"uagb-ifb-image-content\"><img decoding=\"async\" src=\"https:\/\/www.terapiaurbana.com\/wp-content\/uploads\/2024\/11\/jardin-vertical-interior-terapia-urbana.jpg\" alt=\"\" width=\"\" height=\"0\" loading=\"lazy\"\/><\/div><div class=\"uagb-ifb-title-wrap\"><h3 class=\"uagb-ifb-title\">VERTICALE BINNENTUIN<\/h3><\/div><p class=\"uagb-ifb-desc\">C\u00f3mo dise\u00f1ar e instalar sistemas de ajardinamiento vertical Fytotextile\u00ae&nbsp; en exterior, con garant\u00edas de \u00e9xito.<\/p><div class=\"uagb-ifb-button-wrapper wp-block-button\"><a href=\"https:\/\/www.terapiaurbana.com\/jardin-vertical-interior\/\" target=\"_self\" onclick=\"return true;\" class=\"uagb-infobox-cta-link\" rel=\"noopener noreferrer\"><span class=\"uagb-inline-editing\">Descubre m\u00e1s<\/span><svg xmlns=\"https:\/\/www.w3.org\/2000\/svg\" viewBox=\"0 0 448 512\"><path d=\"M432 256c0 17.69-14.33 32.01-32 32.01H256v144c0 17.69-14.33 31.99-32 31.99s-32-14.3-32-31.99v-144H48c-17.67 0-32-14.32-32-32.01s14.33-31.99 32-31.99H192v-144c0-17.69 14.33-32.01 32-32.01s32 14.32 32 32.01v144h144C417.7 224 432 238.3 432 256z\"><\/path><\/svg><\/a><\/div><\/div><\/div><\/div>\n<\/div>\n<\/div><\/div>\n","protected":false},"excerpt":{"rendered":"<p>Jard\u00edn vertical Fytotextile El sistema Fytotextile\u00ae, desarrollado por Terapia Urbana en colaboraci\u00f3n con la Universidad de Sevilla, representa una soluci\u00f3n [&hellip;]<\/p>\n","protected":false},"author":1,"featured_media":0,"parent":0,"menu_order":0,"comment_status":"closed","ping_status":"closed","template":"","meta":{"_uag_custom_page_level_css":"","site-sidebar-layout":"default","site-content-layout":"","ast-site-content-layout":"full-width-container","site-content-style":"default","site-sidebar-style":"default","ast-global-header-display":"","ast-banner-title-visibility":"","ast-main-header-display":"","ast-hfb-above-header-display":"","ast-hfb-below-header-display":"","ast-hfb-mobile-header-display":"","site-post-title":"disabled","ast-breadcrumbs-content":"","ast-featured-img":"","footer-sml-layout":"","theme-transparent-header-meta":"","adv-header-id-meta":"","stick-header-meta":"","header-above-stick-meta":"","header-main-stick-meta":"","header-below-stick-meta":"","astra-migrate-meta-layouts":"default","ast-page-background-enabled":"default","ast-page-background-meta":{"desktop":{"background-color":"var(--ast-global-color-4)","background-image":"","background-repeat":"repeat","background-position":"center center","background-size":"auto","background-attachment":"scroll","background-type":"","background-media":"","overlay-type":"","overlay-color":"","overlay-opacity":"","overlay-gradient":""},"tablet":{"background-color":"","background-image":"","background-repeat":"repeat","background-position":"center center","background-size":"auto","background-attachment":"scroll","background-type":"","background-media":"","overlay-type":"","overlay-color":"","overlay-opacity":"","overlay-gradient":""},"mobile":{"background-color":"","background-image":"","background-repeat":"repeat","background-position":"center center","background-size":"auto","background-attachment":"scroll","background-type":"","background-media":"","overlay-type":"","overlay-color":"","overlay-opacity":"","overlay-gradient":""}},"ast-content-background-meta":{"desktop":{"background-color":"var(--ast-global-color-5)","background-image":"","background-repeat":"repeat","background-position":"center center","background-size":"auto","background-attachment":"scroll","background-type":"","background-media":"","overlay-type":"","overlay-color":"","overlay-opacity":"","overlay-gradient":""},"tablet":{"background-color":"var(--ast-global-color-5)","background-image":"","background-repeat":"repeat","background-position":"center center","background-size":"auto","background-attachment":"scroll","background-type":"","background-media":"","overlay-type":"","overlay-color":"","overlay-opacity":"","overlay-gradient":""},"mobile":{"background-color":"var(--ast-global-color-5)","background-image":"","background-repeat":"repeat","background-position":"center center","background-size":"auto","background-attachment":"scroll","background-type":"","background-media":"","overlay-type":"","overlay-color":"","overlay-opacity":"","overlay-gradient":""}},"footnotes":""},"class_list":["post-64318","page","type-page","status-publish","hentry"],"yoast_head":"<!-- This site is optimized with the Yoast SEO plugin v26.3 - https:\/\/yoast.com\/wordpress\/plugins\/seo\/ -->\n<title>Fytotextiel verticale tuin | Terapia Urbana<\/title>\n<meta name=\"robots\" content=\"index, follow, max-snippet:-1, max-image-preview:large, max-video-preview:-1\" \/>\n<link rel=\"canonical\" href=\"https:\/\/www.terapiaurbana.com\/nl\/jardin-vertical-fytotextile\/\" \/>\n<meta property=\"og:locale\" content=\"nl_NL\" \/>\n<meta property=\"og:type\" content=\"article\" \/>\n<meta property=\"og:title\" content=\"Fytotextiel verticale tuin | Terapia Urbana\" \/>\n<meta property=\"og:description\" content=\"Jard\u00edn vertical Fytotextile El sistema Fytotextile\u00ae, desarrollado por Terapia Urbana en colaboraci\u00f3n con la Universidad de Sevilla, representa una soluci\u00f3n [&hellip;]\" \/>\n<meta property=\"og:url\" content=\"https:\/\/www.terapiaurbana.com\/nl\/jardin-vertical-fytotextile\/\" \/>\n<meta property=\"article:publisher\" content=\"https:\/\/www.facebook.com\/terapiaurbana\/\" \/>\n<meta property=\"article:modified_time\" content=\"2025-11-06T12:10:37+00:00\" \/>\n<meta property=\"og:image\" content=\"https:\/\/www.terapiaurbana.com\/wp-content\/uploads\/2025\/11\/NEER-Sistemas-100-1.jpg\" \/>\n<meta name=\"twitter:card\" content=\"summary_large_image\" \/>\n<meta name=\"twitter:site\" content=\"@terapia_urbana\" \/>\n<meta name=\"twitter:label1\" content=\"Geschatte leestijd\" \/>\n\t<meta name=\"twitter:data1\" content=\"4 minuten\" \/>\n<script type=\"application\/ld+json\" class=\"yoast-schema-graph\">{\"@context\":\"https:\/\/schema.org\",\"@graph\":[{\"@type\":\"WebPage\",\"@id\":\"https:\/\/www.terapiaurbana.com\/nl\/jardin-vertical-fytotextile\/\",\"url\":\"https:\/\/www.terapiaurbana.com\/nl\/jardin-vertical-fytotextile\/\",\"name\":\"Fytotextiel verticale tuin | Terapia Urbana\",\"isPartOf\":{\"@id\":\"https:\/\/www.terapiaurbana.com\/nl\/#website\"},\"primaryImageOfPage\":{\"@id\":\"https:\/\/www.terapiaurbana.com\/nl\/jardin-vertical-fytotextile\/#primaryimage\"},\"image\":{\"@id\":\"https:\/\/www.terapiaurbana.com\/nl\/jardin-vertical-fytotextile\/#primaryimage\"},\"thumbnailUrl\":\"https:\/\/www.terapiaurbana.com\/wp-content\/uploads\/2025\/11\/NEER-Sistemas-100-1.jpg\",\"datePublished\":\"2024-11-28T17:08:25+00:00\",\"dateModified\":\"2025-11-06T12:10:37+00:00\",\"breadcrumb\":{\"@id\":\"https:\/\/www.terapiaurbana.com\/nl\/jardin-vertical-fytotextile\/#breadcrumb\"},\"inLanguage\":\"nl-NL\",\"potentialAction\":[{\"@type\":\"ReadAction\",\"target\":[\"https:\/\/www.terapiaurbana.com\/nl\/jardin-vertical-fytotextile\/\"]}]},{\"@type\":\"ImageObject\",\"inLanguage\":\"nl-NL\",\"@id\":\"https:\/\/www.terapiaurbana.com\/nl\/jardin-vertical-fytotextile\/#primaryimage\",\"url\":\"https:\/\/www.terapiaurbana.com\/wp-content\/uploads\/2025\/11\/NEER-Sistemas-100-1.jpg\",\"contentUrl\":\"https:\/\/www.terapiaurbana.com\/wp-content\/uploads\/2025\/11\/NEER-Sistemas-100-1.jpg\"},{\"@type\":\"BreadcrumbList\",\"@id\":\"https:\/\/www.terapiaurbana.com\/nl\/jardin-vertical-fytotextile\/#breadcrumb\",\"itemListElement\":[{\"@type\":\"ListItem\",\"position\":1,\"name\":\"Portada\",\"item\":\"https:\/\/www.terapiaurbana.com\/nl\/\"},{\"@type\":\"ListItem\",\"position\":2,\"name\":\"Fytotextiel verticale tuin\"}]},{\"@type\":\"WebSite\",\"@id\":\"https:\/\/www.terapiaurbana.com\/nl\/#website\",\"url\":\"https:\/\/www.terapiaurbana.com\/nl\/\",\"name\":\"Terapia Urbana | Especialistas en jardines verticales\",\"description\":\"Especialistas en dise\u00f1o de jardines verticales exteriores e interiores naturales con tecnolog\u00eda Fytotextile y iluminaci\u00f3n auxiliar para una sostenible y funcional\",\"alternateName\":\"Terapia Urbana\",\"potentialAction\":[{\"@type\":\"SearchAction\",\"target\":{\"@type\":\"EntryPoint\",\"urlTemplate\":\"https:\/\/www.terapiaurbana.com\/nl\/?s={search_term_string}\"},\"query-input\":{\"@type\":\"PropertyValueSpecification\",\"valueRequired\":true,\"valueName\":\"search_term_string\"}}],\"inLanguage\":\"nl-NL\"}]}<\/script>\n<!-- \/ Yoast SEO plugin. -->","yoast_head_json":{"title":"Fytotextiel verticale tuin | Terapia Urbana","robots":{"index":"index","follow":"follow","max-snippet":"max-snippet:-1","max-image-preview":"max-image-preview:large","max-video-preview":"max-video-preview:-1"},"canonical":"https:\/\/www.terapiaurbana.com\/nl\/jardin-vertical-fytotextile\/","og_locale":"nl_NL","og_type":"article","og_title":"Fytotextiel verticale tuin | Terapia Urbana","og_description":"Jard\u00edn vertical Fytotextile El sistema Fytotextile\u00ae, desarrollado por Terapia Urbana en colaboraci\u00f3n con la Universidad de Sevilla, representa una soluci\u00f3n [&hellip;]","og_url":"https:\/\/www.terapiaurbana.com\/nl\/jardin-vertical-fytotextile\/","article_publisher":"https:\/\/www.facebook.com\/terapiaurbana\/","article_modified_time":"2025-11-06T12:10:37+00:00","og_image":[{"url":"https:\/\/www.terapiaurbana.com\/wp-content\/uploads\/2025\/11\/NEER-Sistemas-100-1.jpg","type":"","width":"","height":""}],"twitter_card":"summary_large_image","twitter_site":"@terapia_urbana","twitter_misc":{"Geschatte leestijd":"4 minuten"},"schema":{"@context":"https:\/\/schema.org","@graph":[{"@type":"WebPage","@id":"https:\/\/www.terapiaurbana.com\/nl\/jardin-vertical-fytotextile\/","url":"https:\/\/www.terapiaurbana.com\/nl\/jardin-vertical-fytotextile\/","name":"Fytotextiel verticale tuin | Terapia Urbana","isPartOf":{"@id":"https:\/\/www.terapiaurbana.com\/nl\/#website"},"primaryImageOfPage":{"@id":"https:\/\/www.terapiaurbana.com\/nl\/jardin-vertical-fytotextile\/#primaryimage"},"image":{"@id":"https:\/\/www.terapiaurbana.com\/nl\/jardin-vertical-fytotextile\/#primaryimage"},"thumbnailUrl":"https:\/\/www.terapiaurbana.com\/wp-content\/uploads\/2025\/11\/NEER-Sistemas-100-1.jpg","datePublished":"2024-11-28T17:08:25+00:00","dateModified":"2025-11-06T12:10:37+00:00","breadcrumb":{"@id":"https:\/\/www.terapiaurbana.com\/nl\/jardin-vertical-fytotextile\/#breadcrumb"},"inLanguage":"nl-NL","potentialAction":[{"@type":"ReadAction","target":["https:\/\/www.terapiaurbana.com\/nl\/jardin-vertical-fytotextile\/"]}]},{"@type":"ImageObject","inLanguage":"nl-NL","@id":"https:\/\/www.terapiaurbana.com\/nl\/jardin-vertical-fytotextile\/#primaryimage","url":"https:\/\/www.terapiaurbana.com\/wp-content\/uploads\/2025\/11\/NEER-Sistemas-100-1.jpg","contentUrl":"https:\/\/www.terapiaurbana.com\/wp-content\/uploads\/2025\/11\/NEER-Sistemas-100-1.jpg"},{"@type":"BreadcrumbList","@id":"https:\/\/www.terapiaurbana.com\/nl\/jardin-vertical-fytotextile\/#breadcrumb","itemListElement":[{"@type":"ListItem","position":1,"name":"Portada","item":"https:\/\/www.terapiaurbana.com\/nl\/"},{"@type":"ListItem","position":2,"name":"Fytotextiel verticale tuin"}]},{"@type":"WebSite","@id":"https:\/\/www.terapiaurbana.com\/nl\/#website","url":"https:\/\/www.terapiaurbana.com\/nl\/","name":"Terapia Urbana | Especialistas en jardines verticales","description":"Especialistas en dise\u00f1o de jardines verticales exteriores e interiores naturales con tecnolog\u00eda Fytotextile y iluminaci\u00f3n auxiliar para una sostenible y funcional","alternateName":"Terapia Urbana","potentialAction":[{"@type":"SearchAction","target":{"@type":"EntryPoint","urlTemplate":"https:\/\/www.terapiaurbana.com\/nl\/?s={search_term_string}"},"query-input":{"@type":"PropertyValueSpecification","valueRequired":true,"valueName":"search_term_string"}}],"inLanguage":"nl-NL"}]}},"uagb_featured_image_src":{"full":false,"thumbnail":false,"medium":false,"medium_large":false,"large":false,"1536x1536":false,"2048x2048":false,"gform-image-choice-sm":false,"gform-image-choice-md":false,"gform-image-choice-lg":false},"uagb_author_info":{"display_name":"terapiaurbana","author_link":"https:\/\/www.terapiaurbana.com\/nl\/author\/terapiaurbana\/"},"uagb_comment_info":0,"uagb_excerpt":"Jard\u00edn vertical Fytotextile El sistema Fytotextile\u00ae, desarrollado por Terapia Urbana en colaboraci\u00f3n con la Universidad de Sevilla, representa una soluci\u00f3n [&hellip;]","_links":{"self":[{"href":"https:\/\/www.terapiaurbana.com\/nl\/wp-json\/wp\/v2\/pages\/64318","targetHints":{"allow":["GET"]}}],"collection":[{"href":"https:\/\/www.terapiaurbana.com\/nl\/wp-json\/wp\/v2\/pages"}],"about":[{"href":"https:\/\/www.terapiaurbana.com\/nl\/wp-json\/wp\/v2\/types\/page"}],"author":[{"embeddable":true,"href":"https:\/\/www.terapiaurbana.com\/nl\/wp-json\/wp\/v2\/users\/1"}],"replies":[{"embeddable":true,"href":"https:\/\/www.terapiaurbana.com\/nl\/wp-json\/wp\/v2\/comments?post=64318"}],"version-history":[{"count":16,"href":"https:\/\/www.terapiaurbana.com\/nl\/wp-json\/wp\/v2\/pages\/64318\/revisions"}],"predecessor-version":[{"id":66065,"href":"https:\/\/www.terapiaurbana.com\/nl\/wp-json\/wp\/v2\/pages\/64318\/revisions\/66065"}],"wp:attachment":[{"href":"https:\/\/www.terapiaurbana.com\/nl\/wp-json\/wp\/v2\/media?parent=64318"}],"curies":[{"name":"wp","href":"https:\/\/api.w.org\/{rel}","templated":true}]}}