{"id":63741,"date":"2024-12-05T10:29:27","date_gmt":"2024-12-05T09:29:27","guid":{"rendered":"https:\/\/www.terapiaurbana.com\/producao\/"},"modified":"2025-02-13T07:36:39","modified_gmt":"2025-02-13T06:36:39","slug":"producao","status":"publish","type":"page","link":"https:\/\/www.terapiaurbana.com\/pt-pt\/producao\/","title":{"rendered":"Produ\u00e7\u00e3o"},"content":{"rendered":"\n<div class=\"wp-block-uagb-container uagb-block-97cc9f60 alignfull uagb-is-root-container\"><div class=\"uagb-container-inner-blocks-wrap\">\n<div class=\"wp-block-uagb-advanced-heading uagb-block-ba4eb588\"><h2 class=\"uagb-heading-text\">PRODU\u00c7\u00c3O<\/h2><\/div>\n<\/div><\/div>\n\n<div class=\"wp-block-uagb-container uagb-block-60d86df8 alignfull uagb-is-root-container\"><div class=\"uagb-container-inner-blocks-wrap\"><\/div><\/div>\n\n<div class=\"wp-block-uagb-container uagb-block-5a47b364 alignfull uagb-is-root-container\"><div class=\"uagb-container-inner-blocks-wrap\">\n<div class=\"wp-block-uagb-advanced-heading uagb-block-8f4e667a\"><h2 class=\"uagb-heading-text\">PRODU\u00c7\u00c3O DE SISTEMAS<\/h2><\/div>\n\n\n\n<p>Fytotextile\u00ae \u00e9 um sistema profissional de alto rendimento para a constru\u00e7\u00e3o de jardins verticais, com garantia e qualidade certificadas. Como fabricantes, concebemos e adaptamos os nossos sistemas \u00e0s necessidades de cada projeto. Produzimos e comercializamos sistemas personalizados para a instala\u00e7\u00e3o de fachadas ajardinadas, implementando melhorias cont\u00ednuas para responder a um mercado em constante evolu\u00e7\u00e3o.  <\/p>\n<\/div><\/div>\n\n<div class=\"wp-block-uagb-container uagb-block-677adc86 alignfull uagb-is-root-container\"><div class=\"uagb-container-inner-blocks-wrap\">\n<figure class=\"wp-block-image size-full\"><img loading=\"lazy\" decoding=\"async\" width=\"1800\" height=\"217\" src=\"https:\/\/www.terapiaurbana.com\/wp-content\/uploads\/2024\/12\/sistemas-de-produccion-de-jardin-vertical.jpg\" alt=\"\" class=\"wp-image-61300\" srcset=\"https:\/\/www.terapiaurbana.com\/wp-content\/uploads\/2024\/12\/sistemas-de-produccion-de-jardin-vertical.jpg 1800w, https:\/\/www.terapiaurbana.com\/wp-content\/uploads\/2024\/12\/sistemas-de-produccion-de-jardin-vertical-300x36.jpg 300w, https:\/\/www.terapiaurbana.com\/wp-content\/uploads\/2024\/12\/sistemas-de-produccion-de-jardin-vertical-1024x123.jpg 1024w, https:\/\/www.terapiaurbana.com\/wp-content\/uploads\/2024\/12\/sistemas-de-produccion-de-jardin-vertical-768x93.jpg 768w, https:\/\/www.terapiaurbana.com\/wp-content\/uploads\/2024\/12\/sistemas-de-produccion-de-jardin-vertical-1536x185.jpg 1536w, https:\/\/www.terapiaurbana.com\/wp-content\/uploads\/2024\/12\/sistemas-de-produccion-de-jardin-vertical-500x60.jpg 500w, https:\/\/www.terapiaurbana.com\/wp-content\/uploads\/2024\/12\/sistemas-de-produccion-de-jardin-vertical-800x96.jpg 800w, https:\/\/www.terapiaurbana.com\/wp-content\/uploads\/2024\/12\/sistemas-de-produccion-de-jardin-vertical-1280x154.jpg 1280w\" sizes=\"auto, (max-width: 1800px) 100vw, 1800px\" \/><\/figure>\n<\/div><\/div>\n\n<div class=\"wp-block-uagb-container uagb-block-e8150b03 alignfull uagb-is-root-container\"><div class=\"uagb-container-inner-blocks-wrap\">\n<div class=\"wp-block-uagb-container uagb-block-02ed6770\">\n<div class=\"wp-block-uagb-advanced-heading uagb-block-0814f3fc\"><h2 class=\"uagb-heading-text\">PRODU\u00c7\u00c3O INDUSTRIALIZADA<\/h2><\/div>\n\n\n\n<p>O sistema Fytotextil\u00ae para jardins verticais \u00e9 fabricado em Sevilha (Espanha), sob rigorosos controlos de qualidade. A sua produ\u00e7\u00e3o industrializada permite-nos oferecer um sistema profissional de altas presta\u00e7\u00f5es tecnol\u00f3gicas para fachadas ajardinadas. O sistema disp\u00f5e de certificados que garantem todas as suas carater\u00edsticas t\u00e9cnicas: m\u00e1xima resist\u00eancia \u00e0 tra\u00e7\u00e3o, durabilidade, comportamento ao fogo, resist\u00eancia ao rasgamento, congelamento, testes de reten\u00e7\u00e3o de \u00e1gua, etc.  <\/p>\n<\/div>\n\n\n\n<div class=\"wp-block-uagb-container uagb-block-005c773c\">\n<figure class=\"wp-block-image size-full\"><img loading=\"lazy\" decoding=\"async\" width=\"500\" height=\"341\" src=\"https:\/\/www.terapiaurbana.com\/wp-content\/uploads\/2024\/12\/produccion-jardin-vertical-sistema.jpg\" alt=\"\" class=\"wp-image-61298\" srcset=\"https:\/\/www.terapiaurbana.com\/wp-content\/uploads\/2024\/12\/produccion-jardin-vertical-sistema.jpg 500w, https:\/\/www.terapiaurbana.com\/wp-content\/uploads\/2024\/12\/produccion-jardin-vertical-sistema-300x205.jpg 300w\" sizes=\"auto, (max-width: 500px) 100vw, 500px\" \/><\/figure>\n<\/div>\n<\/div><\/div>\n\n<div class=\"wp-block-uagb-container uagb-block-500fe964 alignfull uagb-is-root-container\"><div class=\"uagb-container-inner-blocks-wrap\"><\/div><\/div>\n\n<div class=\"wp-block-uagb-container uagb-block-8c947b09 alignfull uagb-is-root-container\"><div class=\"uagb-container-inner-blocks-wrap\">\n<div class=\"wp-block-uagb-container uagb-block-7e00cdf2\">\n<div class=\"wp-block-uagb-advanced-heading uagb-block-8c0461a4\"><h2 class=\"uagb-heading-text\">CONSCI\u00caNCIA SUSTENT\u00c1VEL<\/h2><\/div>\n\n\n\n<p>Estamos firmemente empenhados no desenvolvimento socioecon\u00f3mico local e no desenvolvimento do nosso ambiente empresarial imediato, gerando atividade na nossa rede local de fornecedores, factores-chave na nossa cadeia de valor.<\/p>\n\n\n\n<div class=\"wp-block-uagb-advanced-heading uagb-block-1eb7bb67\"><h2 class=\"uagb-heading-text\">PEGADA AMBIENTAL<\/h2><\/div>\n\n\n\n<p>O sistema de jardim vertical Fytotextile\u00ae foi galardoado com o selo FVS Environmental Footprint, promovido pela Funda\u00e7\u00e3o Vida Sustent\u00e1vel. Este selo \u00e9 o resultado da an\u00e1lise do ciclo de vida do nosso sistema, e identifica produtos e empresas comprometidas com o ambiente, a sustentabilidade e a redu\u00e7\u00e3o da sua pegada ambiental. <\/p>\n<\/div>\n\n\n\n<div class=\"wp-block-uagb-container uagb-block-45ab89a3\">\n<figure class=\"wp-block-image size-full\"><img loading=\"lazy\" decoding=\"async\" width=\"500\" height=\"463\" src=\"https:\/\/www.terapiaurbana.com\/wp-content\/uploads\/2024\/12\/huella-ambiental-sostenible.jpg\" alt=\"\" class=\"wp-image-61294\" srcset=\"https:\/\/www.terapiaurbana.com\/wp-content\/uploads\/2024\/12\/huella-ambiental-sostenible.jpg 500w, https:\/\/www.terapiaurbana.com\/wp-content\/uploads\/2024\/12\/huella-ambiental-sostenible-300x278.jpg 300w\" sizes=\"auto, (max-width: 500px) 100vw, 500px\" \/><\/figure>\n<\/div>\n<\/div><\/div>\n","protected":false},"excerpt":{"rendered":"<p>PRODU\u00c7\u00c3O PRODU\u00c7\u00c3O DE SISTEMAS Fytotextile\u00ae \u00e9 um sistema profissional de alto rendimento para a constru\u00e7\u00e3o de jardins verticais, com garantia [&hellip;]<\/p>\n","protected":false},"author":1,"featured_media":0,"parent":0,"menu_order":0,"comment_status":"closed","ping_status":"closed","template":"","meta":{"_uag_custom_page_level_css":"","site-sidebar-layout":"default","site-content-layout":"","ast-site-content-layout":"full-width-container","site-content-style":"default","site-sidebar-style":"default","ast-global-header-display":"","ast-banner-title-visibility":"","ast-main-header-display":"","ast-hfb-above-header-display":"","ast-hfb-below-header-display":"","ast-hfb-mobile-header-display":"","site-post-title":"disabled","ast-breadcrumbs-content":"","ast-featured-img":"","footer-sml-layout":"","theme-transparent-header-meta":"","adv-header-id-meta":"","stick-header-meta":"","header-above-stick-meta":"","header-main-stick-meta":"","header-below-stick-meta":"","astra-migrate-meta-layouts":"default","ast-page-background-enabled":"default","ast-page-background-meta":{"desktop":{"background-color":"var(--ast-global-color-4)","background-image":"","background-repeat":"repeat","background-position":"center center","background-size":"auto","background-attachment":"scroll","background-type":"","background-media":"","overlay-type":"","overlay-color":"","overlay-opacity":"","overlay-gradient":""},"tablet":{"background-color":"","background-image":"","background-repeat":"repeat","background-position":"center center","background-size":"auto","background-attachment":"scroll","background-type":"","background-media":"","overlay-type":"","overlay-color":"","overlay-opacity":"","overlay-gradient":""},"mobile":{"background-color":"","background-image":"","background-repeat":"repeat","background-position":"center center","background-size":"auto","background-attachment":"scroll","background-type":"","background-media":"","overlay-type":"","overlay-color":"","overlay-opacity":"","overlay-gradient":""}},"ast-content-background-meta":{"desktop":{"background-color":"var(--ast-global-color-5)","background-image":"","background-repeat":"repeat","background-position":"center center","background-size":"auto","background-attachment":"scroll","background-type":"","background-media":"","overlay-type":"","overlay-color":"","overlay-opacity":"","overlay-gradient":""},"tablet":{"background-color":"var(--ast-global-color-5)","background-image":"","background-repeat":"repeat","background-position":"center center","background-size":"auto","background-attachment":"scroll","background-type":"","background-media":"","overlay-type":"","overlay-color":"","overlay-opacity":"","overlay-gradient":""},"mobile":{"background-color":"var(--ast-global-color-5)","background-image":"","background-repeat":"repeat","background-position":"center center","background-size":"auto","background-attachment":"scroll","background-type":"","background-media":"","overlay-type":"","overlay-color":"","overlay-opacity":"","overlay-gradient":""}},"footnotes":""},"class_list":["post-63741","page","type-page","status-publish","hentry"],"yoast_head":"<!-- This site is optimized with the Yoast SEO plugin v26.3 - https:\/\/yoast.com\/wordpress\/plugins\/seo\/ -->\n<title>Produ\u00e7\u00e3o -<\/title>\n<meta name=\"robots\" content=\"index, follow, max-snippet:-1, max-image-preview:large, max-video-preview:-1\" \/>\n<link rel=\"canonical\" href=\"https:\/\/www.terapiaurbana.com\/pt-pt\/producao\/\" \/>\n<meta property=\"og:locale\" content=\"pt_PT\" \/>\n<meta property=\"og:type\" content=\"article\" \/>\n<meta property=\"og:title\" content=\"Produ\u00e7\u00e3o -\" \/>\n<meta property=\"og:description\" content=\"PRODU\u00c7\u00c3O PRODU\u00c7\u00c3O DE SISTEMAS Fytotextile\u00ae \u00e9 um sistema profissional de alto rendimento para a constru\u00e7\u00e3o de jardins verticais, com garantia [&hellip;]\" \/>\n<meta property=\"og:url\" content=\"https:\/\/www.terapiaurbana.com\/pt-pt\/producao\/\" \/>\n<meta property=\"article:publisher\" content=\"https:\/\/www.facebook.com\/terapiaurbana\/\" \/>\n<meta property=\"article:modified_time\" content=\"2025-02-13T06:36:39+00:00\" \/>\n<meta property=\"og:image\" content=\"https:\/\/www.terapiaurbana.com\/wp-content\/uploads\/2024\/12\/sistemas-de-produccion-de-jardin-vertical.jpg\" \/>\n<meta name=\"twitter:card\" content=\"summary_large_image\" \/>\n<meta name=\"twitter:site\" content=\"@terapia_urbana\" \/>\n<meta name=\"twitter:label1\" content=\"Tempo estimado de leitura\" \/>\n\t<meta name=\"twitter:data1\" content=\"1 minuto\" \/>\n<script type=\"application\/ld+json\" class=\"yoast-schema-graph\">{\"@context\":\"https:\/\/schema.org\",\"@graph\":[{\"@type\":\"WebPage\",\"@id\":\"https:\/\/www.terapiaurbana.com\/pt-pt\/producao\/\",\"url\":\"https:\/\/www.terapiaurbana.com\/pt-pt\/producao\/\",\"name\":\"Produ\u00e7\u00e3o -\",\"isPartOf\":{\"@id\":\"https:\/\/www.terapiaurbana.com\/pt-pt\/#website\"},\"primaryImageOfPage\":{\"@id\":\"https:\/\/www.terapiaurbana.com\/pt-pt\/producao\/#primaryimage\"},\"image\":{\"@id\":\"https:\/\/www.terapiaurbana.com\/pt-pt\/producao\/#primaryimage\"},\"thumbnailUrl\":\"https:\/\/www.terapiaurbana.com\/wp-content\/uploads\/2024\/12\/sistemas-de-produccion-de-jardin-vertical.jpg\",\"datePublished\":\"2024-12-05T09:29:27+00:00\",\"dateModified\":\"2025-02-13T06:36:39+00:00\",\"breadcrumb\":{\"@id\":\"https:\/\/www.terapiaurbana.com\/pt-pt\/producao\/#breadcrumb\"},\"inLanguage\":\"pt-PT\",\"potentialAction\":[{\"@type\":\"ReadAction\",\"target\":[\"https:\/\/www.terapiaurbana.com\/pt-pt\/producao\/\"]}]},{\"@type\":\"ImageObject\",\"inLanguage\":\"pt-PT\",\"@id\":\"https:\/\/www.terapiaurbana.com\/pt-pt\/producao\/#primaryimage\",\"url\":\"https:\/\/www.terapiaurbana.com\/wp-content\/uploads\/2024\/12\/sistemas-de-produccion-de-jardin-vertical.jpg\",\"contentUrl\":\"https:\/\/www.terapiaurbana.com\/wp-content\/uploads\/2024\/12\/sistemas-de-produccion-de-jardin-vertical.jpg\"},{\"@type\":\"BreadcrumbList\",\"@id\":\"https:\/\/www.terapiaurbana.com\/pt-pt\/producao\/#breadcrumb\",\"itemListElement\":[{\"@type\":\"ListItem\",\"position\":1,\"name\":\"Portada\",\"item\":\"https:\/\/www.terapiaurbana.com\/pt-pt\/\"},{\"@type\":\"ListItem\",\"position\":2,\"name\":\"Produ\u00e7\u00e3o\"}]},{\"@type\":\"WebSite\",\"@id\":\"https:\/\/www.terapiaurbana.com\/pt-pt\/#website\",\"url\":\"https:\/\/www.terapiaurbana.com\/pt-pt\/\",\"name\":\"Terapia Urbana | Especialistas en jardines verticales\",\"description\":\"Especialistas en dise\u00f1o de jardines verticales exteriores e interiores naturales con tecnolog\u00eda Fytotextile y iluminaci\u00f3n auxiliar para una sostenible y funcional\",\"alternateName\":\"Terapia Urbana\",\"potentialAction\":[{\"@type\":\"SearchAction\",\"target\":{\"@type\":\"EntryPoint\",\"urlTemplate\":\"https:\/\/www.terapiaurbana.com\/pt-pt\/?s={search_term_string}\"},\"query-input\":{\"@type\":\"PropertyValueSpecification\",\"valueRequired\":true,\"valueName\":\"search_term_string\"}}],\"inLanguage\":\"pt-PT\"}]}<\/script>\n<!-- \/ Yoast SEO plugin. -->","yoast_head_json":{"title":"Produ\u00e7\u00e3o -","robots":{"index":"index","follow":"follow","max-snippet":"max-snippet:-1","max-image-preview":"max-image-preview:large","max-video-preview":"max-video-preview:-1"},"canonical":"https:\/\/www.terapiaurbana.com\/pt-pt\/producao\/","og_locale":"pt_PT","og_type":"article","og_title":"Produ\u00e7\u00e3o -","og_description":"PRODU\u00c7\u00c3O PRODU\u00c7\u00c3O DE SISTEMAS Fytotextile\u00ae \u00e9 um sistema profissional de alto rendimento para a constru\u00e7\u00e3o de jardins verticais, com garantia [&hellip;]","og_url":"https:\/\/www.terapiaurbana.com\/pt-pt\/producao\/","article_publisher":"https:\/\/www.facebook.com\/terapiaurbana\/","article_modified_time":"2025-02-13T06:36:39+00:00","og_image":[{"url":"https:\/\/www.terapiaurbana.com\/wp-content\/uploads\/2024\/12\/sistemas-de-produccion-de-jardin-vertical.jpg","type":"","width":"","height":""}],"twitter_card":"summary_large_image","twitter_site":"@terapia_urbana","twitter_misc":{"Tempo estimado de leitura":"1 minuto"},"schema":{"@context":"https:\/\/schema.org","@graph":[{"@type":"WebPage","@id":"https:\/\/www.terapiaurbana.com\/pt-pt\/producao\/","url":"https:\/\/www.terapiaurbana.com\/pt-pt\/producao\/","name":"Produ\u00e7\u00e3o -","isPartOf":{"@id":"https:\/\/www.terapiaurbana.com\/pt-pt\/#website"},"primaryImageOfPage":{"@id":"https:\/\/www.terapiaurbana.com\/pt-pt\/producao\/#primaryimage"},"image":{"@id":"https:\/\/www.terapiaurbana.com\/pt-pt\/producao\/#primaryimage"},"thumbnailUrl":"https:\/\/www.terapiaurbana.com\/wp-content\/uploads\/2024\/12\/sistemas-de-produccion-de-jardin-vertical.jpg","datePublished":"2024-12-05T09:29:27+00:00","dateModified":"2025-02-13T06:36:39+00:00","breadcrumb":{"@id":"https:\/\/www.terapiaurbana.com\/pt-pt\/producao\/#breadcrumb"},"inLanguage":"pt-PT","potentialAction":[{"@type":"ReadAction","target":["https:\/\/www.terapiaurbana.com\/pt-pt\/producao\/"]}]},{"@type":"ImageObject","inLanguage":"pt-PT","@id":"https:\/\/www.terapiaurbana.com\/pt-pt\/producao\/#primaryimage","url":"https:\/\/www.terapiaurbana.com\/wp-content\/uploads\/2024\/12\/sistemas-de-produccion-de-jardin-vertical.jpg","contentUrl":"https:\/\/www.terapiaurbana.com\/wp-content\/uploads\/2024\/12\/sistemas-de-produccion-de-jardin-vertical.jpg"},{"@type":"BreadcrumbList","@id":"https:\/\/www.terapiaurbana.com\/pt-pt\/producao\/#breadcrumb","itemListElement":[{"@type":"ListItem","position":1,"name":"Portada","item":"https:\/\/www.terapiaurbana.com\/pt-pt\/"},{"@type":"ListItem","position":2,"name":"Produ\u00e7\u00e3o"}]},{"@type":"WebSite","@id":"https:\/\/www.terapiaurbana.com\/pt-pt\/#website","url":"https:\/\/www.terapiaurbana.com\/pt-pt\/","name":"Terapia Urbana | Especialistas en jardines verticales","description":"Especialistas en dise\u00f1o de jardines verticales exteriores e interiores naturales con tecnolog\u00eda Fytotextile y iluminaci\u00f3n auxiliar para una sostenible y funcional","alternateName":"Terapia Urbana","potentialAction":[{"@type":"SearchAction","target":{"@type":"EntryPoint","urlTemplate":"https:\/\/www.terapiaurbana.com\/pt-pt\/?s={search_term_string}"},"query-input":{"@type":"PropertyValueSpecification","valueRequired":true,"valueName":"search_term_string"}}],"inLanguage":"pt-PT"}]}},"uagb_featured_image_src":{"full":false,"thumbnail":false,"medium":false,"medium_large":false,"large":false,"1536x1536":false,"2048x2048":false,"gform-image-choice-sm":false,"gform-image-choice-md":false,"gform-image-choice-lg":false},"uagb_author_info":{"display_name":"terapiaurbana","author_link":"https:\/\/www.terapiaurbana.com\/pt-pt\/author\/terapiaurbana\/"},"uagb_comment_info":0,"uagb_excerpt":"PRODU\u00c7\u00c3O PRODU\u00c7\u00c3O DE SISTEMAS Fytotextile\u00ae \u00e9 um sistema profissional de alto rendimento para a constru\u00e7\u00e3o de jardins verticais, com garantia [&hellip;]","_links":{"self":[{"href":"https:\/\/www.terapiaurbana.com\/pt-pt\/wp-json\/wp\/v2\/pages\/63741","targetHints":{"allow":["GET"]}}],"collection":[{"href":"https:\/\/www.terapiaurbana.com\/pt-pt\/wp-json\/wp\/v2\/pages"}],"about":[{"href":"https:\/\/www.terapiaurbana.com\/pt-pt\/wp-json\/wp\/v2\/types\/page"}],"author":[{"embeddable":true,"href":"https:\/\/www.terapiaurbana.com\/pt-pt\/wp-json\/wp\/v2\/users\/1"}],"replies":[{"embeddable":true,"href":"https:\/\/www.terapiaurbana.com\/pt-pt\/wp-json\/wp\/v2\/comments?post=63741"}],"version-history":[{"count":1,"href":"https:\/\/www.terapiaurbana.com\/pt-pt\/wp-json\/wp\/v2\/pages\/63741\/revisions"}],"predecessor-version":[{"id":63747,"href":"https:\/\/www.terapiaurbana.com\/pt-pt\/wp-json\/wp\/v2\/pages\/63741\/revisions\/63747"}],"wp:attachment":[{"href":"https:\/\/www.terapiaurbana.com\/pt-pt\/wp-json\/wp\/v2\/media?parent=63741"}],"curies":[{"name":"wp","href":"https:\/\/api.w.org\/{rel}","templated":true}]}}