{"id":63748,"date":"2024-11-19T09:50:00","date_gmt":"2024-11-19T08:50:00","guid":{"rendered":"https:\/\/www.terapiaurbana.com\/politica-de-privacidade\/"},"modified":"2025-02-13T07:36:51","modified_gmt":"2025-02-13T06:36:51","slug":"politica-de-privacidade","status":"publish","type":"page","link":"https:\/\/www.terapiaurbana.com\/pt-pt\/politica-de-privacidade\/","title":{"rendered":"Pol\u00edtica de privacidade"},"content":{"rendered":"\n<div class=\"wp-block-uagb-advanced-heading uagb-block-bcd6b57c\"><h1 class=\"uagb-heading-text\">Pol\u00edtica de privacidade<\/h1><\/div>\n\n<p><strong>Respons\u00e1vel: Terapia Urbana S.L.<\/strong><br\/><br\/><br\/><br\/>Q<strong>uem \u00e9 o respons\u00e1vel pelo tratamento dos teus dados?<\/strong> Identidade: Terapia Urbana, SL, com CIF B-91880724 Endere\u00e7o: C\/. Factores, 12-14, Local 4D (41015-Sevilla) Registo: Inscrito no Registo Comercial de Sevilha, Tomo 5278, Folha SE-87213, 1\u00aa Inscri\u00e7\u00e3o. <\/p>\n\n<p><strong>Objetivo: Presta\u00e7\u00e3o do servi\u00e7o<\/strong><br\/><br\/><br\/>P<strong>ara que fins e durante quanto tempo processamos os teus dados pessoais?<\/strong> Os teus dados pessoais ser\u00e3o processados para os seguintes fins: \u25cf Para realizar a presta\u00e7\u00e3o dos servi\u00e7os oferecidos atrav\u00e9s do nosso site e para responder aos pedidos feitos atrav\u00e9s dele.<br\/>Enviar-te informa\u00e7\u00f5es promocionais sobre as nossas actividades ou servi\u00e7os para o endere\u00e7o de e-mail que nos forneceste.<br\/>Os dados ser\u00e3o conservados para estas finalidades enquanto durar a rela\u00e7\u00e3o com o utilizador, ou at\u00e9 que este revogue o seu consentimento, e, uma vez terminada, durante o per\u00edodo de prescri\u00e7\u00e3o de quaisquer responsabilidades decorrentes da rela\u00e7\u00e3o.<br\/><\/p>\n\n<p><br\/><br\/><br\/><br\/><br\/><br\/><br\/>Q<strong>ue categorias de dados processamos?<\/strong> Os dados que processamos atrav\u00e9s do nosso site s\u00e3o apenas os seguintes: \u25cf nome e apelido \u25cf endere\u00e7o \u25cf e-mail \u25cf endere\u00e7o IP Todos estes dados pessoais s\u00e3o obrigat\u00f3rios para fornecer os servi\u00e7os que oferecemos, sendo imposs\u00edvel fornecer de outra forma. Legitima\u00e7\u00e3o: Execu\u00e7\u00e3o de contrato, interesse leg\u00edtimo e consentimento do titular dos dados.<br\/><\/p>\n\n<p><br\/><br\/>Q<strong>ual \u00e9 a base legal para o tratamento dos teus dados?<\/strong> A base legal para o tratamento dos teus dados pessoais pela nossa equipa \u00e9 a realiza\u00e7\u00e3o da presta\u00e7\u00e3o dos servi\u00e7os oferecidos atrav\u00e9s do nosso s\u00edtio Web, caso contr\u00e1rio n\u00e3o \u00e9 poss\u00edvel cumpri-la. Destinat\u00e1rios: Atribui\u00e7\u00f5es legais e processadores de dados<br\/><\/p>\n\n<p><br\/><br\/><br\/>A <strong>quem comunicamos os teus dados?<\/strong> Podemos comunicar os teus dados aos seguintes destinat\u00e1rios: \u25cf \u00c0s Administra\u00e7\u00f5es P\u00fablicas nos casos previstos na Lei. \u25cf \u00c0s For\u00e7as e Corpos de Seguran\u00e7a do Estado, se o solicitarem para a preven\u00e7\u00e3o de um crime.<\/p>\n\n<p style=\"margin-bottom:50px\"><strong>Os teus direitos:<\/strong><br\/>A<strong>cesso, retifica\u00e7\u00e3o, apagamento, oposi\u00e7\u00e3o e portabilidade dos dados<\/strong> Os teus direitos s\u00e3o os seguintes: acesso, retifica\u00e7\u00e3o, apagamento e portabilidade dos teus dados, bem como a limita\u00e7\u00e3o ou oposi\u00e7\u00e3o ao seu tratamento, o direito de retirar o consentimento dado e o direito de apresentar queixa junto da Autoridade de Controlo competente.<br\/><\/p>\n\n<p style=\"margin-bottom:50px\"><strong>Como podes exercer os teus direitos?<\/strong><br\/>O procedimento \u00e9 muito simples.<br\/><br\/><br\/><br\/><br\/>Deves enviar-nos uma carta para o seguinte endere\u00e7o: Terapia Urbana, SL C\/. Factores, 12-14, Local 4D 41015-Sevilla Ou, se preferires, podes enviar-nos um e-mail para info@terapiaurbana.es. Em ambos os casos, deves anexar uma fotoc\u00f3pia do teu bilhete de identidade ou documento de identifica\u00e7\u00e3o legalmente v\u00e1lido.  <br\/><br\/>O exerc\u00edcio dos teus direitos \u00e9 totalmente gratuito e s\u00e3o os seguintes: \u25cf Direito de acesso aos teus dados pessoais.<br\/>O direito de retificar dados inexactos ou incompletos.<br\/>O direito de apagar os teus dados quando j\u00e1 n\u00e3o forem necess\u00e1rios para os fins para os quais foram recolhidos.<br\/>O direito de restringir o tratamento de dados nas condi\u00e7\u00f5es previstas no RGPD.<br\/>O direito de te opores ao tratamento.<br\/>Direito \u00e0 portabilidade dos teus dados.<br\/>O direito de apresentar queixas \u00e0 Ag\u00eancia Espanhola de Prote\u00e7\u00e3o de Dados.<\/p>\n","protected":false},"excerpt":{"rendered":"<p>Pol\u00edtica de privacidade Respons\u00e1vel: Terapia Urbana S.L. Quem \u00e9 o respons\u00e1vel pelo tratamento dos teus dados? Identidade: Terapia Urbana, SL, [&hellip;]<\/p>\n","protected":false},"author":1,"featured_media":0,"parent":0,"menu_order":0,"comment_status":"closed","ping_status":"closed","template":"","meta":{"_uag_custom_page_level_css":"","site-sidebar-layout":"default","site-content-layout":"","ast-site-content-layout":"","site-content-style":"default","site-sidebar-style":"default","ast-global-header-display":"","ast-banner-title-visibility":"","ast-main-header-display":"","ast-hfb-above-header-display":"","ast-hfb-below-header-display":"","ast-hfb-mobile-header-display":"","site-post-title":"disabled","ast-breadcrumbs-content":"","ast-featured-img":"","footer-sml-layout":"","theme-transparent-header-meta":"","adv-header-id-meta":"","stick-header-meta":"","header-above-stick-meta":"","header-main-stick-meta":"","header-below-stick-meta":"","astra-migrate-meta-layouts":"default","ast-page-background-enabled":"default","ast-page-background-meta":{"desktop":{"background-color":"var(--ast-global-color-4)","background-image":"","background-repeat":"repeat","background-position":"center center","background-size":"auto","background-attachment":"scroll","background-type":"","background-media":"","overlay-type":"","overlay-color":"","overlay-opacity":"","overlay-gradient":""},"tablet":{"background-color":"","background-image":"","background-repeat":"repeat","background-position":"center center","background-size":"auto","background-attachment":"scroll","background-type":"","background-media":"","overlay-type":"","overlay-color":"","overlay-opacity":"","overlay-gradient":""},"mobile":{"background-color":"","background-image":"","background-repeat":"repeat","background-position":"center center","background-size":"auto","background-attachment":"scroll","background-type":"","background-media":"","overlay-type":"","overlay-color":"","overlay-opacity":"","overlay-gradient":""}},"ast-content-background-meta":{"desktop":{"background-color":"var(--ast-global-color-5)","background-image":"","background-repeat":"repeat","background-position":"center center","background-size":"auto","background-attachment":"scroll","background-type":"","background-media":"","overlay-type":"","overlay-color":"","overlay-opacity":"","overlay-gradient":""},"tablet":{"background-color":"var(--ast-global-color-5)","background-image":"","background-repeat":"repeat","background-position":"center center","background-size":"auto","background-attachment":"scroll","background-type":"","background-media":"","overlay-type":"","overlay-color":"","overlay-opacity":"","overlay-gradient":""},"mobile":{"background-color":"var(--ast-global-color-5)","background-image":"","background-repeat":"repeat","background-position":"center center","background-size":"auto","background-attachment":"scroll","background-type":"","background-media":"","overlay-type":"","overlay-color":"","overlay-opacity":"","overlay-gradient":""}},"footnotes":""},"class_list":["post-63748","page","type-page","status-publish","hentry"],"yoast_head":"<!-- This site is optimized with the Yoast SEO plugin v26.3 - https:\/\/yoast.com\/wordpress\/plugins\/seo\/ -->\n<title>Pol\u00edtica de privacidade -<\/title>\n<meta name=\"robots\" content=\"index, follow, max-snippet:-1, max-image-preview:large, max-video-preview:-1\" \/>\n<link rel=\"canonical\" href=\"https:\/\/www.terapiaurbana.com\/pt-pt\/politica-de-privacidade\/\" \/>\n<meta property=\"og:locale\" content=\"pt_PT\" \/>\n<meta property=\"og:type\" content=\"article\" \/>\n<meta property=\"og:title\" content=\"Pol\u00edtica de privacidade -\" \/>\n<meta property=\"og:description\" content=\"Pol\u00edtica de privacidade Respons\u00e1vel: Terapia Urbana S.L. Quem \u00e9 o respons\u00e1vel pelo tratamento dos teus dados? Identidade: Terapia Urbana, SL, [&hellip;]\" \/>\n<meta property=\"og:url\" content=\"https:\/\/www.terapiaurbana.com\/pt-pt\/politica-de-privacidade\/\" \/>\n<meta property=\"article:publisher\" content=\"https:\/\/www.facebook.com\/terapiaurbana\/\" \/>\n<meta property=\"article:modified_time\" content=\"2025-02-13T06:36:51+00:00\" \/>\n<meta property=\"og:image\" content=\"https:\/\/www.terapiaurbana.com\/wp-content\/uploads\/2025\/02\/jardin-vertical.jpg\" \/>\n\t<meta property=\"og:image:width\" content=\"1200\" \/>\n\t<meta property=\"og:image:height\" content=\"675\" \/>\n\t<meta property=\"og:image:type\" content=\"image\/jpeg\" \/>\n<meta name=\"twitter:card\" content=\"summary_large_image\" \/>\n<meta name=\"twitter:site\" content=\"@terapia_urbana\" \/>\n<meta name=\"twitter:label1\" content=\"Tempo estimado de leitura\" \/>\n\t<meta name=\"twitter:data1\" content=\"3 minutos\" \/>\n<script type=\"application\/ld+json\" class=\"yoast-schema-graph\">{\"@context\":\"https:\/\/schema.org\",\"@graph\":[{\"@type\":\"WebPage\",\"@id\":\"https:\/\/www.terapiaurbana.com\/pt-pt\/politica-de-privacidade\/\",\"url\":\"https:\/\/www.terapiaurbana.com\/pt-pt\/politica-de-privacidade\/\",\"name\":\"Pol\u00edtica de privacidade -\",\"isPartOf\":{\"@id\":\"https:\/\/www.terapiaurbana.com\/pt-pt\/#website\"},\"datePublished\":\"2024-11-19T08:50:00+00:00\",\"dateModified\":\"2025-02-13T06:36:51+00:00\",\"breadcrumb\":{\"@id\":\"https:\/\/www.terapiaurbana.com\/pt-pt\/politica-de-privacidade\/#breadcrumb\"},\"inLanguage\":\"pt-PT\",\"potentialAction\":[{\"@type\":\"ReadAction\",\"target\":[\"https:\/\/www.terapiaurbana.com\/pt-pt\/politica-de-privacidade\/\"]}]},{\"@type\":\"BreadcrumbList\",\"@id\":\"https:\/\/www.terapiaurbana.com\/pt-pt\/politica-de-privacidade\/#breadcrumb\",\"itemListElement\":[{\"@type\":\"ListItem\",\"position\":1,\"name\":\"Portada\",\"item\":\"https:\/\/www.terapiaurbana.com\/pt-pt\/\"},{\"@type\":\"ListItem\",\"position\":2,\"name\":\"Pol\u00edtica de privacidade\"}]},{\"@type\":\"WebSite\",\"@id\":\"https:\/\/www.terapiaurbana.com\/pt-pt\/#website\",\"url\":\"https:\/\/www.terapiaurbana.com\/pt-pt\/\",\"name\":\"Terapia Urbana | Especialistas en jardines verticales\",\"description\":\"Especialistas en dise\u00f1o de jardines verticales exteriores e interiores naturales con tecnolog\u00eda Fytotextile y iluminaci\u00f3n auxiliar para una sostenible y funcional\",\"alternateName\":\"Terapia Urbana\",\"potentialAction\":[{\"@type\":\"SearchAction\",\"target\":{\"@type\":\"EntryPoint\",\"urlTemplate\":\"https:\/\/www.terapiaurbana.com\/pt-pt\/?s={search_term_string}\"},\"query-input\":{\"@type\":\"PropertyValueSpecification\",\"valueRequired\":true,\"valueName\":\"search_term_string\"}}],\"inLanguage\":\"pt-PT\"}]}<\/script>\n<!-- \/ Yoast SEO plugin. -->","yoast_head_json":{"title":"Pol\u00edtica de privacidade -","robots":{"index":"index","follow":"follow","max-snippet":"max-snippet:-1","max-image-preview":"max-image-preview:large","max-video-preview":"max-video-preview:-1"},"canonical":"https:\/\/www.terapiaurbana.com\/pt-pt\/politica-de-privacidade\/","og_locale":"pt_PT","og_type":"article","og_title":"Pol\u00edtica de privacidade -","og_description":"Pol\u00edtica de privacidade Respons\u00e1vel: Terapia Urbana S.L. Quem \u00e9 o respons\u00e1vel pelo tratamento dos teus dados? Identidade: Terapia Urbana, SL, [&hellip;]","og_url":"https:\/\/www.terapiaurbana.com\/pt-pt\/politica-de-privacidade\/","article_publisher":"https:\/\/www.facebook.com\/terapiaurbana\/","article_modified_time":"2025-02-13T06:36:51+00:00","og_image":[{"width":1200,"height":675,"url":"https:\/\/www.terapiaurbana.com\/wp-content\/uploads\/2025\/02\/jardin-vertical.jpg","type":"image\/jpeg"}],"twitter_card":"summary_large_image","twitter_site":"@terapia_urbana","twitter_misc":{"Tempo estimado de leitura":"3 minutos"},"schema":{"@context":"https:\/\/schema.org","@graph":[{"@type":"WebPage","@id":"https:\/\/www.terapiaurbana.com\/pt-pt\/politica-de-privacidade\/","url":"https:\/\/www.terapiaurbana.com\/pt-pt\/politica-de-privacidade\/","name":"Pol\u00edtica de privacidade -","isPartOf":{"@id":"https:\/\/www.terapiaurbana.com\/pt-pt\/#website"},"datePublished":"2024-11-19T08:50:00+00:00","dateModified":"2025-02-13T06:36:51+00:00","breadcrumb":{"@id":"https:\/\/www.terapiaurbana.com\/pt-pt\/politica-de-privacidade\/#breadcrumb"},"inLanguage":"pt-PT","potentialAction":[{"@type":"ReadAction","target":["https:\/\/www.terapiaurbana.com\/pt-pt\/politica-de-privacidade\/"]}]},{"@type":"BreadcrumbList","@id":"https:\/\/www.terapiaurbana.com\/pt-pt\/politica-de-privacidade\/#breadcrumb","itemListElement":[{"@type":"ListItem","position":1,"name":"Portada","item":"https:\/\/www.terapiaurbana.com\/pt-pt\/"},{"@type":"ListItem","position":2,"name":"Pol\u00edtica de privacidade"}]},{"@type":"WebSite","@id":"https:\/\/www.terapiaurbana.com\/pt-pt\/#website","url":"https:\/\/www.terapiaurbana.com\/pt-pt\/","name":"Terapia Urbana | Especialistas en jardines verticales","description":"Especialistas en dise\u00f1o de jardines verticales exteriores e interiores naturales con tecnolog\u00eda Fytotextile y iluminaci\u00f3n auxiliar para una sostenible y funcional","alternateName":"Terapia Urbana","potentialAction":[{"@type":"SearchAction","target":{"@type":"EntryPoint","urlTemplate":"https:\/\/www.terapiaurbana.com\/pt-pt\/?s={search_term_string}"},"query-input":{"@type":"PropertyValueSpecification","valueRequired":true,"valueName":"search_term_string"}}],"inLanguage":"pt-PT"}]}},"uagb_featured_image_src":{"full":false,"thumbnail":false,"medium":false,"medium_large":false,"large":false,"1536x1536":false,"2048x2048":false,"gform-image-choice-sm":false,"gform-image-choice-md":false,"gform-image-choice-lg":false},"uagb_author_info":{"display_name":"terapiaurbana","author_link":"https:\/\/www.terapiaurbana.com\/pt-pt\/author\/terapiaurbana\/"},"uagb_comment_info":0,"uagb_excerpt":"Pol\u00edtica de privacidade Respons\u00e1vel: Terapia Urbana S.L. Quem \u00e9 o respons\u00e1vel pelo tratamento dos teus dados? Identidade: Terapia Urbana, SL, [&hellip;]","_links":{"self":[{"href":"https:\/\/www.terapiaurbana.com\/pt-pt\/wp-json\/wp\/v2\/pages\/63748","targetHints":{"allow":["GET"]}}],"collection":[{"href":"https:\/\/www.terapiaurbana.com\/pt-pt\/wp-json\/wp\/v2\/pages"}],"about":[{"href":"https:\/\/www.terapiaurbana.com\/pt-pt\/wp-json\/wp\/v2\/types\/page"}],"author":[{"embeddable":true,"href":"https:\/\/www.terapiaurbana.com\/pt-pt\/wp-json\/wp\/v2\/users\/1"}],"replies":[{"embeddable":true,"href":"https:\/\/www.terapiaurbana.com\/pt-pt\/wp-json\/wp\/v2\/comments?post=63748"}],"version-history":[{"count":1,"href":"https:\/\/www.terapiaurbana.com\/pt-pt\/wp-json\/wp\/v2\/pages\/63748\/revisions"}],"predecessor-version":[{"id":63749,"href":"https:\/\/www.terapiaurbana.com\/pt-pt\/wp-json\/wp\/v2\/pages\/63748\/revisions\/63749"}],"wp:attachment":[{"href":"https:\/\/www.terapiaurbana.com\/pt-pt\/wp-json\/wp\/v2\/media?parent=63748"}],"curies":[{"name":"wp","href":"https:\/\/api.w.org\/{rel}","templated":true}]}}