{"id":63752,"date":"2024-11-19T09:50:00","date_gmt":"2024-11-19T08:50:00","guid":{"rendered":"https:\/\/www.terapiaurbana.com\/aviso-legal\/"},"modified":"2025-02-13T07:37:39","modified_gmt":"2025-02-13T06:37:39","slug":"aviso-legal","status":"publish","type":"page","link":"https:\/\/www.terapiaurbana.com\/pt-pt\/aviso-legal\/","title":{"rendered":"Aviso legal"},"content":{"rendered":"\n<div class=\"wp-block-uagb-advanced-heading uagb-block-5a07c461\"><h2 class=\"uagb-heading-text\">Aviso legal<\/h2><\/div>\n\n<p style=\"margin-bottom:50px\"><strong>O QUE ENCONTRAS NESTE AVISO LEGAL?<\/strong><br\/>Neste documento, encontrar\u00e1s todas as regras e condi\u00e7\u00f5es dos servi\u00e7os que te vamos prestar neste s\u00edtio Web.<br\/><br\/>Uma vez aceites estas regras e condi\u00e7\u00f5es, teremos celebrado um contrato atrav\u00e9s do qual nos comprometemos a prestar-te os servi\u00e7os que oferecemos no nosso s\u00edtio Web e que vieste procurar. Como em qualquer contrato, ter\u00e1s uma s\u00e9rie de direitos, mas tamb\u00e9m algumas pequenas obriga\u00e7\u00f5es que, estamos certos, n\u00e3o te ser\u00e3o dif\u00edceis de cumprir. Por isso, seria muito conveniente que tomasses alguns momentos para ler estes direitos e obriga\u00e7\u00f5es e decidir se queres avan\u00e7ar ou n\u00e3o, a decis\u00e3o \u00e9 tua. <br\/><\/p>\n\n<p style=\"margin-bottom:50px\"><br\/><br\/>A <strong>QUEM PERTENCE ESTE WEBSITE<\/strong>? Em primeiro lugar, deves saber que por detr\u00e1s deste website existe uma empresa real, com pessoas de carne e osso igualmente reais. Concretamente, o website www.terapiaurbana.es pertence a uma empresa espanhola com o mesmo nome do nosso website, ou seja, TERAPIA URBANA, S.L., que tem um C.I.F. B91880724 e que poder\u00e1s encontrar fisicamente na c\/. Factores, 12-14, Local 4D (41015-Sevilla). <br\/>No entanto, se n\u00e3o quiseres ir at\u00e9 l\u00e1, tamb\u00e9m podes encontr\u00e1-lo inscrito no Registo Mercantil de Sevilha, no Tomo 5278, Folha SE-87213, 1\u00aa Inscri\u00e7\u00e3o.<br\/><\/p>\n\n<p style=\"margin-bottom:50px\"><strong>A QUEM SE DESTINA O NOSSO S\u00cdTIO WEB E O NOSSO AVISO LEGAL?<\/strong><br\/>Dirige-se a ti, que \u00e9s o nosso utilizador e cliente, mas tamb\u00e9m pode ser qualquer outra pessoa (familiar, amigo, conhecido&#8230;) que entre no nosso site para desfrutar de todos os conte\u00fados que te oferecemos.<br\/>No entanto, deves ter em conta que, para poderes usufruir ao m\u00e1ximo dos seus conte\u00fados e servi\u00e7os, em certos casos ter\u00e1s de ser maior de idade ou, se fores menor e, sobretudo, tiveres menos de 14 anos, deves saber que a disponibiliza\u00e7\u00e3o dos teus dados pessoais, bem como o consentimento, requerem a autoriza\u00e7\u00e3o pr\u00e9via dos teus pais ou tutores.<br\/>Deves saber que o nosso site, como qualquer outro, n\u00e3o flutua apenas no ciberespa\u00e7o, mas est\u00e1 alojado nos servidores de uma empresa de alojamento que garantir\u00e1 que todas as informa\u00e7\u00f5es que te oferecemos e que nos podes oferecer estejam dispon\u00edveis quando as quiseres ou precisares, garantindo-te a m\u00e1xima prote\u00e7\u00e3o do teu direito \u00e0 privacidade e a prote\u00e7\u00e3o dos teus dados pessoais.<br\/><\/p>\n\n<p style=\"margin-bottom:50px\"><br\/><br\/>C<strong>OMO ACEDES AO NOSSO S\u00cdTIO WEB?<\/strong> Podes aceder ao nosso s\u00edtio web digitando o URL https:\/\/terapiaurbana.es diretamente no teu navegador ou clicando em qualquer liga\u00e7\u00e3o que encontres nos motores de busca ou em qualquer outro s\u00edtio web.<br\/><\/p>\n\n<p style=\"margin-bottom:50px\"><strong>QUE SERVI\u00c7OS OFERECEMOS NO NOSSO S\u00cdTIO WEB?<\/strong><br\/>Oferecemos-te servi\u00e7os e informa\u00e7\u00e3o para a realiza\u00e7\u00e3o de um jardim vertical, quer sejas uma empresa ou um particular, desenhador ou prescritor de um projeto com jardins verticais ou telhados verdes.<br\/>Al\u00e9m disso, se subscreveres a nossa Newsletter, poder\u00e1s receber informa\u00e7\u00e3o pontual sobre o que fazemos, desde que seja do teu interesse e nos d\u00eas o teu consentimento. Para acederes a estes servi\u00e7os que te oferecemos, s\u00f3 ter\u00e1s de nos fornecer os dados essenciais para que te possamos oferec\u00ea-los. Antes de tomares a tua decis\u00e3o, informar-te-emos sobre os dados de que necessitamos, para que os utilizamos e como os armazenamos, para que sejas tu, e s\u00f3 tu, a controlar a informa\u00e7\u00e3o que nos forneceste. Neste caso, n\u00e3o te esque\u00e7as de consultar a nossa pol\u00edtica de privacidade, pois estamos convencidos de que, depois de a leres, te aperceber\u00e1s de que protegemos a tua informa\u00e7\u00e3o o mais poss\u00edvel.   <br\/><\/p>\n\n<p style=\"margin-bottom:50px\"><br\/><br\/><br\/>P<strong>UBLICIDADE, CONTE\u00daDO E SERVI\u00c7OS DE EMPRESAS E PROFISSIONAIS<\/strong> TERCEIROS N\u00e3o inserimos publicidade de outras empresas ou profissionais no nosso site. STOP SPAM Este site repudia qualquer forma de SPAM. N\u00e3o h\u00e1 excep\u00e7\u00f5es. <br\/><br\/>Por conseguinte, precisamos que concordes em N\u00c3O: a.- Recolher dados do nosso s\u00edtio Web para fins publicit\u00e1rios e utilizar esses dados para enviar publicidade de qualquer tipo e comunica\u00e7\u00f5es para vendas ou outros fins comerciais sem a nossa autoriza\u00e7\u00e3o pr\u00e9via.<br\/>b.- Envio de qualquer outro tipo de mensagens n\u00e3o solicitadas ou n\u00e3o consensuais a um grupo de pessoas.<br\/>c.- Utiliza listas de distribui\u00e7\u00e3o.<br\/>d.- Coloca \u00e0 disposi\u00e7\u00e3o de terceiros, para qualquer fim, os dados recolhidos nas listas de distribui\u00e7\u00e3o.<br\/>Se tiveres sido afetado negativamente pela rece\u00e7\u00e3o de qualquer uma das comunica\u00e7\u00f5es acima referidas, podes informar-nos enviando uma mensagem de correio eletr\u00f3nico para o seguinte endere\u00e7o info@terapiaurbana.es.<br\/><\/p>\n\n<p style=\"margin-bottom:50px\"><br\/><br\/>QUERES LIGAR <strong>\u00c0 NOSSA<\/strong> P\u00c1GINA WEB? Se quiseres incluir qualquer tipo de liga\u00e7\u00e3o entre o teu blogue, p\u00e1gina de rede social, p\u00e1gina web ou qualquer outra p\u00e1gina web da tua propriedade e a nossa, deves cumprir as seguintes condi\u00e7\u00f5es: a.- A hiperliga\u00e7\u00e3o s\u00f3 permitir\u00e1 o acesso \u00e0 p\u00e1gina de in\u00edcio ou \u00e0 p\u00e1gina inicial desta p\u00e1gina web.<br\/>b.- N\u00e3o podes criar uma moldura em nenhuma das p\u00e1ginas do nosso s\u00edtio web. Por outras palavras, n\u00e3o poder\u00e1s fazer crer aos teus utilizadores que o conte\u00fado para o qual ligas (o nosso) pertence ao teu site, pois tanto tu como n\u00f3s sabemos que se trata de uma mera liga\u00e7\u00e3o.<br\/>c.- O simples facto de estabelecer uma liga\u00e7\u00e3o ao nosso s\u00edtio Web n\u00e3o implica que tenhamos rela\u00e7\u00f5es comerciais, nem que aceitemos e aprovemos os teus conte\u00fados e servi\u00e7os. Portanto, n\u00e3o d\u00eas a entender isso aos teus utilizadores se n\u00e3o for verdade.<br\/>d.- O s\u00edtio web, blogue ou p\u00e1gina que estabelece a liga\u00e7\u00e3o n\u00e3o pode conter qualquer marca, nome comercial, sinal de estabelecimento, denomina\u00e7\u00e3o, log\u00f3tipo, slogan ou qualquer outro sinal distintivo pertencente \u00e0 nossa entidade, para al\u00e9m dos inclu\u00eddos no conte\u00fado ligado.<br\/>e.- O s\u00edtio web, blogue ou p\u00e1gina em que se estabelece a liga\u00e7\u00e3o n\u00e3o deve conter informa\u00e7\u00f5es ou conte\u00fados contr\u00e1rios \u00e0 lei, \u00e0 moral, aos bons costumes geralmente aceites e \u00e0 ordem p\u00fablica, nem conte\u00fados contr\u00e1rios a quaisquer direitos leg\u00edtimos de terceiros.<br\/><\/p>\n\n<p style=\"margin-bottom:50px\"><br\/>T<strong>UDO O QUE DEVES SABER SOBRE A NOSSA IMAGEM E CONTE\u00daDO<\/strong> O que vamos falar agora \u00e9 o que os advogados chamam de propriedade intelectual e propriedade industrial.<br\/><br\/>E como sabemos que se trata de assuntos muito complicados, vamos tentar facilitar-te a vida. 1\u00ba &#8211; A nossa imagem&#8230; Todas as marcas, nomes comerciais, nomes de dom\u00ednio e outros sinais distintivos de qualquer tipo que aparecem no nosso site s\u00e3o propriedade da TERAPIA URBANA, S.L. ou de terceiros que nos autorizaram previamente a utiliz\u00e1-los,<br\/>O facto de acederes a esta p\u00e1gina web e seres nosso utilizador, registado ou n\u00e3o, n\u00e3o implica a atribui\u00e7\u00e3o de autoriza\u00e7\u00f5es, licen\u00e7as ou poderes para utilizar tais sinais distintivos.<br\/><br\/>Para isso, dever\u00e1s solicit\u00e1-lo previamente e obter a nossa autoriza\u00e7\u00e3o ou a dos terceiros propriet\u00e1rios, se for o caso. 2\u00ba &#8211; Os nossos conte\u00fados &#8211; Todos os conte\u00fados que aparecem no nosso site s\u00e3o propriedade de TERAPIA URBANA, S.L.,<br\/>Por isso, tal como acontece com a nossa imagem corporativa, deves entender que o facto de acederes a este site e seres nosso utilizador, registado ou n\u00e3o, n\u00e3o implica a atribui\u00e7\u00e3o de licen\u00e7as ou poderes para fazer uso de tais conte\u00fados. Para que tal aconte\u00e7a, deves solicit\u00e1-lo previamente e obter a nossa autoriza\u00e7\u00e3o ou a dos terceiros propriet\u00e1rios, se for o caso. S\u00f3 poder\u00e1s utilizar os nossos conte\u00fados, sem a nossa autoriza\u00e7\u00e3o, quer nos casos em que se cumpram os requisitos da legisla\u00e7\u00e3o sobre propriedade intelectual, quer cumprindo os requisitos das liga\u00e7\u00f5es ao nosso site que j\u00e1 mencion\u00e1mos anteriormente.    <br\/><\/p>\n\n<p style=\"margin-bottom:50px\"><br\/><br\/><br\/><br\/>SE <strong>QUERES CONTATAR-NOS?<\/strong> 1\u00ba &#8211; Se queres contactar-nos&#8230; Se queres contactar-nos, \u00e9 muito f\u00e1cil, porque podes dizer-nos o que queres atrav\u00e9s de qualquer um dos seguintes meios: Por correio tradicional: c\/. Factores, 12-14, Local 4D (41015-Sevilla). Por correio eletr\u00f3nico.<br\/><br\/><br\/><br\/><br\/>info@terapiaurbana.es 2\u00ba.- Se quisermos entrar em contacto contigo&#8230; No entanto, deves saber que, se quisermos dizer-te ou notificar-te de algo, podemos faz\u00ea-lo de qualquer uma das seguintes formas: Por correio tradicional para o endere\u00e7o postal que nos deste quando te registaste no nosso s\u00edtio web ou quando contrataste connosco. Por correio eletr\u00f3nico para o endere\u00e7o que nos deste no teu procedimento de registo ou contrata\u00e7\u00e3o. Atrav\u00e9s do pr\u00f3prio s\u00edtio web, atrav\u00e9s dos meios que os nossos programadores tenham inventado em cada momento. <br\/><\/p>\n\n<p style=\"margin-bottom:50px\"><strong>QUEM REDIGIU ESTE AVISO LEGAL?<\/strong><br\/>Os respons\u00e1veis por este aviso legal e pela sua pol\u00edtica de privacidade, com o consentimento dos propriet\u00e1rios de www.terapiarurbana.es, s\u00e3o os advogados de Emerge Avezalia, S.L. Podes encontr\u00e1-los na sua p\u00e1gina web www.avezalia.com se tiveres alguma d\u00favida sobre o que te disseram no aviso da nossa p\u00e1gina web ou se quiseres consult\u00e1-los sobre qualquer assunto relacionado com o direito e a Internet.<br\/>No entanto, o pessoal da Avezalia diz-nos que se reserva todos os direitos sobre o conte\u00fado desses textos jur\u00eddicos, por isso n\u00e3o deves copi\u00e1-los e coloc\u00e1-los no teu site se n\u00e3o quiseres ser confrontado com eles&#8230; E sabes como s\u00e3o os advogados&#8230; Foste avisado, n\u00e3o \u00e9s um traidor!<\/p>\n","protected":false},"excerpt":{"rendered":"<p>Aviso legal O QUE ENCONTRAS NESTE AVISO LEGAL?Neste documento, encontrar\u00e1s todas as regras e condi\u00e7\u00f5es dos servi\u00e7os que te vamos [&hellip;]<\/p>\n","protected":false},"author":1,"featured_media":0,"parent":0,"menu_order":0,"comment_status":"closed","ping_status":"open","template":"","meta":{"_uag_custom_page_level_css":"","site-sidebar-layout":"default","site-content-layout":"","ast-site-content-layout":"","site-content-style":"default","site-sidebar-style":"default","ast-global-header-display":"","ast-banner-title-visibility":"","ast-main-header-display":"","ast-hfb-above-header-display":"","ast-hfb-below-header-display":"","ast-hfb-mobile-header-display":"","site-post-title":"disabled","ast-breadcrumbs-content":"","ast-featured-img":"","footer-sml-layout":"","theme-transparent-header-meta":"","adv-header-id-meta":"","stick-header-meta":"","header-above-stick-meta":"","header-main-stick-meta":"","header-below-stick-meta":"","astra-migrate-meta-layouts":"default","ast-page-background-enabled":"default","ast-page-background-meta":{"desktop":{"background-color":"var(--ast-global-color-4)","background-image":"","background-repeat":"repeat","background-position":"center center","background-size":"auto","background-attachment":"scroll","background-type":"","background-media":"","overlay-type":"","overlay-color":"","overlay-opacity":"","overlay-gradient":""},"tablet":{"background-color":"","background-image":"","background-repeat":"repeat","background-position":"center center","background-size":"auto","background-attachment":"scroll","background-type":"","background-media":"","overlay-type":"","overlay-color":"","overlay-opacity":"","overlay-gradient":""},"mobile":{"background-color":"","background-image":"","background-repeat":"repeat","background-position":"center center","background-size":"auto","background-attachment":"scroll","background-type":"","background-media":"","overlay-type":"","overlay-color":"","overlay-opacity":"","overlay-gradient":""}},"ast-content-background-meta":{"desktop":{"background-color":"var(--ast-global-color-5)","background-image":"","background-repeat":"repeat","background-position":"center center","background-size":"auto","background-attachment":"scroll","background-type":"","background-media":"","overlay-type":"","overlay-color":"","overlay-opacity":"","overlay-gradient":""},"tablet":{"background-color":"var(--ast-global-color-5)","background-image":"","background-repeat":"repeat","background-position":"center center","background-size":"auto","background-attachment":"scroll","background-type":"","background-media":"","overlay-type":"","overlay-color":"","overlay-opacity":"","overlay-gradient":""},"mobile":{"background-color":"var(--ast-global-color-5)","background-image":"","background-repeat":"repeat","background-position":"center center","background-size":"auto","background-attachment":"scroll","background-type":"","background-media":"","overlay-type":"","overlay-color":"","overlay-opacity":"","overlay-gradient":""}},"footnotes":""},"class_list":["post-63752","page","type-page","status-publish","hentry"],"yoast_head":"<!-- This site is optimized with the Yoast SEO plugin v26.3 - https:\/\/yoast.com\/wordpress\/plugins\/seo\/ -->\n<title>Aviso legal -<\/title>\n<meta name=\"robots\" content=\"index, follow, max-snippet:-1, max-image-preview:large, max-video-preview:-1\" \/>\n<link rel=\"canonical\" href=\"https:\/\/www.terapiaurbana.com\/pt-pt\/aviso-legal\/\" \/>\n<meta property=\"og:locale\" content=\"pt_PT\" \/>\n<meta property=\"og:type\" content=\"article\" \/>\n<meta property=\"og:title\" content=\"Aviso legal -\" \/>\n<meta property=\"og:description\" content=\"Aviso legal O QUE ENCONTRAS NESTE AVISO LEGAL?Neste documento, encontrar\u00e1s todas as regras e condi\u00e7\u00f5es dos servi\u00e7os que te vamos [&hellip;]\" \/>\n<meta property=\"og:url\" content=\"https:\/\/www.terapiaurbana.com\/pt-pt\/aviso-legal\/\" \/>\n<meta property=\"article:publisher\" content=\"https:\/\/www.facebook.com\/terapiaurbana\/\" \/>\n<meta property=\"article:modified_time\" content=\"2025-02-13T06:37:39+00:00\" \/>\n<meta property=\"og:image\" content=\"https:\/\/www.terapiaurbana.com\/wp-content\/uploads\/2025\/02\/jardin-vertical.jpg\" \/>\n\t<meta property=\"og:image:width\" content=\"1200\" \/>\n\t<meta property=\"og:image:height\" content=\"675\" \/>\n\t<meta property=\"og:image:type\" content=\"image\/jpeg\" \/>\n<meta name=\"twitter:card\" content=\"summary_large_image\" \/>\n<meta name=\"twitter:site\" content=\"@terapia_urbana\" \/>\n<meta name=\"twitter:label1\" content=\"Tempo estimado de leitura\" \/>\n\t<meta name=\"twitter:data1\" content=\"8 minutos\" \/>\n<script type=\"application\/ld+json\" class=\"yoast-schema-graph\">{\"@context\":\"https:\/\/schema.org\",\"@graph\":[{\"@type\":\"WebPage\",\"@id\":\"https:\/\/www.terapiaurbana.com\/pt-pt\/aviso-legal\/\",\"url\":\"https:\/\/www.terapiaurbana.com\/pt-pt\/aviso-legal\/\",\"name\":\"Aviso legal -\",\"isPartOf\":{\"@id\":\"https:\/\/www.terapiaurbana.com\/pt-pt\/#website\"},\"datePublished\":\"2024-11-19T08:50:00+00:00\",\"dateModified\":\"2025-02-13T06:37:39+00:00\",\"breadcrumb\":{\"@id\":\"https:\/\/www.terapiaurbana.com\/pt-pt\/aviso-legal\/#breadcrumb\"},\"inLanguage\":\"pt-PT\",\"potentialAction\":[{\"@type\":\"ReadAction\",\"target\":[\"https:\/\/www.terapiaurbana.com\/pt-pt\/aviso-legal\/\"]}]},{\"@type\":\"BreadcrumbList\",\"@id\":\"https:\/\/www.terapiaurbana.com\/pt-pt\/aviso-legal\/#breadcrumb\",\"itemListElement\":[{\"@type\":\"ListItem\",\"position\":1,\"name\":\"Portada\",\"item\":\"https:\/\/www.terapiaurbana.com\/pt-pt\/\"},{\"@type\":\"ListItem\",\"position\":2,\"name\":\"Aviso legal\"}]},{\"@type\":\"WebSite\",\"@id\":\"https:\/\/www.terapiaurbana.com\/pt-pt\/#website\",\"url\":\"https:\/\/www.terapiaurbana.com\/pt-pt\/\",\"name\":\"Terapia Urbana | Especialistas en jardines verticales\",\"description\":\"Especialistas en dise\u00f1o de jardines verticales exteriores e interiores naturales con tecnolog\u00eda Fytotextile y iluminaci\u00f3n auxiliar para una sostenible y funcional\",\"alternateName\":\"Terapia Urbana\",\"potentialAction\":[{\"@type\":\"SearchAction\",\"target\":{\"@type\":\"EntryPoint\",\"urlTemplate\":\"https:\/\/www.terapiaurbana.com\/pt-pt\/?s={search_term_string}\"},\"query-input\":{\"@type\":\"PropertyValueSpecification\",\"valueRequired\":true,\"valueName\":\"search_term_string\"}}],\"inLanguage\":\"pt-PT\"}]}<\/script>\n<!-- \/ Yoast SEO plugin. -->","yoast_head_json":{"title":"Aviso legal -","robots":{"index":"index","follow":"follow","max-snippet":"max-snippet:-1","max-image-preview":"max-image-preview:large","max-video-preview":"max-video-preview:-1"},"canonical":"https:\/\/www.terapiaurbana.com\/pt-pt\/aviso-legal\/","og_locale":"pt_PT","og_type":"article","og_title":"Aviso legal -","og_description":"Aviso legal O QUE ENCONTRAS NESTE AVISO LEGAL?Neste documento, encontrar\u00e1s todas as regras e condi\u00e7\u00f5es dos servi\u00e7os que te vamos [&hellip;]","og_url":"https:\/\/www.terapiaurbana.com\/pt-pt\/aviso-legal\/","article_publisher":"https:\/\/www.facebook.com\/terapiaurbana\/","article_modified_time":"2025-02-13T06:37:39+00:00","og_image":[{"width":1200,"height":675,"url":"https:\/\/www.terapiaurbana.com\/wp-content\/uploads\/2025\/02\/jardin-vertical.jpg","type":"image\/jpeg"}],"twitter_card":"summary_large_image","twitter_site":"@terapia_urbana","twitter_misc":{"Tempo estimado de leitura":"8 minutos"},"schema":{"@context":"https:\/\/schema.org","@graph":[{"@type":"WebPage","@id":"https:\/\/www.terapiaurbana.com\/pt-pt\/aviso-legal\/","url":"https:\/\/www.terapiaurbana.com\/pt-pt\/aviso-legal\/","name":"Aviso legal -","isPartOf":{"@id":"https:\/\/www.terapiaurbana.com\/pt-pt\/#website"},"datePublished":"2024-11-19T08:50:00+00:00","dateModified":"2025-02-13T06:37:39+00:00","breadcrumb":{"@id":"https:\/\/www.terapiaurbana.com\/pt-pt\/aviso-legal\/#breadcrumb"},"inLanguage":"pt-PT","potentialAction":[{"@type":"ReadAction","target":["https:\/\/www.terapiaurbana.com\/pt-pt\/aviso-legal\/"]}]},{"@type":"BreadcrumbList","@id":"https:\/\/www.terapiaurbana.com\/pt-pt\/aviso-legal\/#breadcrumb","itemListElement":[{"@type":"ListItem","position":1,"name":"Portada","item":"https:\/\/www.terapiaurbana.com\/pt-pt\/"},{"@type":"ListItem","position":2,"name":"Aviso legal"}]},{"@type":"WebSite","@id":"https:\/\/www.terapiaurbana.com\/pt-pt\/#website","url":"https:\/\/www.terapiaurbana.com\/pt-pt\/","name":"Terapia Urbana | Especialistas en jardines verticales","description":"Especialistas en dise\u00f1o de jardines verticales exteriores e interiores naturales con tecnolog\u00eda Fytotextile y iluminaci\u00f3n auxiliar para una sostenible y funcional","alternateName":"Terapia Urbana","potentialAction":[{"@type":"SearchAction","target":{"@type":"EntryPoint","urlTemplate":"https:\/\/www.terapiaurbana.com\/pt-pt\/?s={search_term_string}"},"query-input":{"@type":"PropertyValueSpecification","valueRequired":true,"valueName":"search_term_string"}}],"inLanguage":"pt-PT"}]}},"uagb_featured_image_src":{"full":false,"thumbnail":false,"medium":false,"medium_large":false,"large":false,"1536x1536":false,"2048x2048":false,"gform-image-choice-sm":false,"gform-image-choice-md":false,"gform-image-choice-lg":false},"uagb_author_info":{"display_name":"terapiaurbana","author_link":"https:\/\/www.terapiaurbana.com\/pt-pt\/author\/terapiaurbana\/"},"uagb_comment_info":0,"uagb_excerpt":"Aviso legal O QUE ENCONTRAS NESTE AVISO LEGAL?Neste documento, encontrar\u00e1s todas as regras e condi\u00e7\u00f5es dos servi\u00e7os que te vamos [&hellip;]","_links":{"self":[{"href":"https:\/\/www.terapiaurbana.com\/pt-pt\/wp-json\/wp\/v2\/pages\/63752","targetHints":{"allow":["GET"]}}],"collection":[{"href":"https:\/\/www.terapiaurbana.com\/pt-pt\/wp-json\/wp\/v2\/pages"}],"about":[{"href":"https:\/\/www.terapiaurbana.com\/pt-pt\/wp-json\/wp\/v2\/types\/page"}],"author":[{"embeddable":true,"href":"https:\/\/www.terapiaurbana.com\/pt-pt\/wp-json\/wp\/v2\/users\/1"}],"replies":[{"embeddable":true,"href":"https:\/\/www.terapiaurbana.com\/pt-pt\/wp-json\/wp\/v2\/comments?post=63752"}],"version-history":[{"count":1,"href":"https:\/\/www.terapiaurbana.com\/pt-pt\/wp-json\/wp\/v2\/pages\/63752\/revisions"}],"predecessor-version":[{"id":63753,"href":"https:\/\/www.terapiaurbana.com\/pt-pt\/wp-json\/wp\/v2\/pages\/63752\/revisions\/63753"}],"wp:attachment":[{"href":"https:\/\/www.terapiaurbana.com\/pt-pt\/wp-json\/wp\/v2\/media?parent=63752"}],"curies":[{"name":"wp","href":"https:\/\/api.w.org\/{rel}","templated":true}]}}