{"id":63754,"date":"2024-12-04T15:30:41","date_gmt":"2024-12-04T14:30:41","guid":{"rendered":"https:\/\/www.terapiaurbana.com\/beneficios\/"},"modified":"2025-02-13T07:37:52","modified_gmt":"2025-02-13T06:37:52","slug":"beneficios","status":"publish","type":"page","link":"https:\/\/www.terapiaurbana.com\/pt-pt\/beneficios\/","title":{"rendered":"Benef\u00edcios"},"content":{"rendered":"\n<div class=\"wp-block-uagb-container uagb-block-6d77614d alignfull uagb-is-root-container\"><div class=\"uagb-container-inner-blocks-wrap\">\n<div class=\"wp-block-uagb-advanced-heading uagb-block-633fa50f\"><h2 class=\"uagb-heading-text\">BENEF\u00cdCIOS DOS JARDINS VERTICAIS<\/h2><\/div>\n<\/div><\/div>\n\n<div class=\"wp-block-uagb-container uagb-block-338880d7 alignfull uagb-is-root-container\"><div class=\"uagb-container-inner-blocks-wrap\"><\/div><\/div>\n\n<div class=\"wp-block-uagb-container uagb-block-74fe65cd alignfull uagb-is-root-container\"><div class=\"uagb-container-inner-blocks-wrap\">\n<div class=\"wp-block-uagb-advanced-heading uagb-block-0798cb1f\"><h2 class=\"uagb-heading-text\">VANTAGENS DE AJARDINAR OS EDIF\u00cdCIOS<\/h2><\/div>\n\n\n\n<p>As fachadas verdes e os telhados verdes trazem grandes benef\u00edcios para o ambiente, os edif\u00edcios e as pessoas. Permitem que os processos naturais das plantas sejam aproveitados para combater muitos problemas nas cidades e nos espa\u00e7os interiores. Os benef\u00edcios incluem:  <\/p>\n<\/div><\/div>\n\n<div class=\"wp-block-uagb-container uagb-block-65468aea alignfull uagb-is-root-container\"><div class=\"uagb-container-inner-blocks-wrap\">\n<figure class=\"wp-block-image size-full\"><img loading=\"lazy\" decoding=\"async\" width=\"1400\" height=\"125\" src=\"https:\/\/www.terapiaurbana.com\/wp-content\/uploads\/2024\/12\/proceso-de-naturacion.jpg\" alt=\"\" class=\"wp-image-61227\" srcset=\"https:\/\/www.terapiaurbana.com\/wp-content\/uploads\/2024\/12\/proceso-de-naturacion.jpg 1400w, https:\/\/www.terapiaurbana.com\/wp-content\/uploads\/2024\/12\/proceso-de-naturacion-300x27.jpg 300w, https:\/\/www.terapiaurbana.com\/wp-content\/uploads\/2024\/12\/proceso-de-naturacion-1024x91.jpg 1024w, https:\/\/www.terapiaurbana.com\/wp-content\/uploads\/2024\/12\/proceso-de-naturacion-768x69.jpg 768w, https:\/\/www.terapiaurbana.com\/wp-content\/uploads\/2024\/12\/proceso-de-naturacion-500x45.jpg 500w, https:\/\/www.terapiaurbana.com\/wp-content\/uploads\/2024\/12\/proceso-de-naturacion-800x71.jpg 800w, https:\/\/www.terapiaurbana.com\/wp-content\/uploads\/2024\/12\/proceso-de-naturacion-1280x114.jpg 1280w\" sizes=\"auto, (max-width: 1400px) 100vw, 1400px\" \/><\/figure>\n<\/div><\/div>\n\n<div class=\"wp-block-uagb-container uagb-block-79b9ec43 alignfull uagb-is-root-container\"><div class=\"uagb-container-inner-blocks-wrap\">\n<div class=\"wp-block-uagb-container uagb-block-c79c4c6b\">\n<p class=\"has-text-align-center\">AMBIENTE<\/p>\n<\/div>\n\n\n\n<div class=\"wp-block-uagb-container uagb-block-32f19108\">\n<p class=\"has-text-align-center\">EDIFICA\u00c7\u00d5ES<\/p>\n<\/div>\n\n\n\n<div class=\"wp-block-uagb-container uagb-block-bb1c9514\">\n<p class=\"has-text-align-center\">PESSOAS<\/p>\n<\/div>\n\n\n\n<div class=\"wp-block-uagb-container uagb-block-fb1ec00d\">\n<p class=\"has-text-align-center\">INSTITUI\u00c7\u00d5ES<\/p>\n<\/div>\n<\/div><\/div>\n\n<div class=\"wp-block-uagb-container uagb-block-40cdfb3c alignfull uagb-is-root-container\"><div class=\"uagb-container-inner-blocks-wrap\">\n<div class=\"wp-block-uagb-container uagb-block-dfb0a295\">\n<div class=\"wp-block-uagb-advanced-heading uagb-block-8ac4b519\"><h2 class=\"uagb-heading-text\">1. BENEF\u00cdCIOS AMBIENTAIS<\/h2><\/div>\n\n\n\n<p>As plantas fixam muitos poluentes atmosf\u00e9ricos e aumentam as superf\u00edcies fixadoras de CO2, reduzem a temperatura no seu ambiente e proporcionam humidade relativa atrav\u00e9s da evapotranspira\u00e7\u00e3o (atenuando o efeito de ilha de calor nas cidades); amortecem o efeito das chuvas torrenciais, ret\u00eam as poeiras e promovem a biodiversidade nos centros urbanos.<\/p>\n\n\n\n<p>A expans\u00e3o urbana prejudica a biodiversidade, causando a extin\u00e7\u00e3o de esp\u00e9cies e afectando a biosfera. O paisagismo ajuda a enriquecer e a conservar uma grande variedade de insectos, aves e outros seres vivos nos centros urbanos, preservando a biodiversidade. <\/p>\n<\/div>\n\n\n\n<div class=\"wp-block-uagb-container uagb-block-972515dd\">\n<figure class=\"wp-block-image aligncenter size-full\"><img loading=\"lazy\" decoding=\"async\" width=\"374\" height=\"373\" src=\"https:\/\/www.terapiaurbana.com\/wp-content\/uploads\/2024\/12\/beneficios-de-jardin-vertical.jpg\" alt=\"\" class=\"wp-image-61228\" srcset=\"https:\/\/www.terapiaurbana.com\/wp-content\/uploads\/2024\/12\/beneficios-de-jardin-vertical.jpg 374w, https:\/\/www.terapiaurbana.com\/wp-content\/uploads\/2024\/12\/beneficios-de-jardin-vertical-300x300.jpg 300w, https:\/\/www.terapiaurbana.com\/wp-content\/uploads\/2024\/12\/beneficios-de-jardin-vertical-150x150.jpg 150w\" sizes=\"auto, (max-width: 374px) 100vw, 374px\" \/><\/figure>\n<\/div>\n<\/div><\/div>\n\n<div class=\"wp-block-uagb-container uagb-block-e012c49b alignfull uagb-is-root-container\"><div class=\"uagb-container-inner-blocks-wrap\"><\/div><\/div>\n\n<div class=\"wp-block-uagb-container uagb-block-5e7e646b alignfull uagb-is-root-container\"><div class=\"uagb-container-inner-blocks-wrap\">\n<div class=\"wp-block-uagb-container uagb-block-544eaa59\">\n<div class=\"wp-block-uagb-advanced-heading uagb-block-58321454\"><h2 class=\"uagb-heading-text\">2. VANTAGENS PARA OS EDIF\u00cdCIOS<\/h2><\/div>\n\n\n\n<p>As plantas fornecem oxig\u00e9nio, humidade e biofiltram os poluentes org\u00e2nicos vol\u00e1teis (COV), como o benzeno e o formalde\u00eddo, melhorando a qualidade do ar interior. No exterior, melhoram o isolamento ac\u00fastico e t\u00e9rmico das fachadas, reduzindo o consumo de energia, e prolongam a vida \u00fatil da impermeabiliza\u00e7\u00e3o, entre muitos outros benef\u00edcios. <\/p>\n<\/div>\n\n\n\n<div class=\"wp-block-uagb-container uagb-block-1a0ab986\">\n<figure class=\"wp-block-image size-full\"><img loading=\"lazy\" decoding=\"async\" width=\"750\" height=\"543\" src=\"https:\/\/www.terapiaurbana.com\/wp-content\/uploads\/2024\/12\/esquema-beneficios-jardin-vertical.jpg\" alt=\"\" class=\"wp-image-61230\" srcset=\"https:\/\/www.terapiaurbana.com\/wp-content\/uploads\/2024\/12\/esquema-beneficios-jardin-vertical.jpg 750w, https:\/\/www.terapiaurbana.com\/wp-content\/uploads\/2024\/12\/esquema-beneficios-jardin-vertical-300x217.jpg 300w, https:\/\/www.terapiaurbana.com\/wp-content\/uploads\/2024\/12\/esquema-beneficios-jardin-vertical-500x362.jpg 500w\" sizes=\"auto, (max-width: 750px) 100vw, 750px\" \/><\/figure>\n<\/div>\n<\/div><\/div>\n\n<div class=\"wp-block-uagb-container uagb-block-6f7f79bb alignfull uagb-is-root-container\"><div class=\"uagb-container-inner-blocks-wrap\">\n<div class=\"wp-block-uagb-container uagb-block-fce46b5a\">\n<div class=\"wp-block-uagb-advanced-heading uagb-block-b18c0e57\"><h2 class=\"uagb-heading-text\">3. BENEF\u00cdCIOS PARA OS INDIV\u00cdDUOS<\/h2><\/div>\n\n\n\n<p>As plantas melhoram o bem-estar, o conforto, a concentra\u00e7\u00e3o e a produtividade nos ambientes de trabalho. Permitem-nos tamb\u00e9m relacionarmo-nos com elementos vivos, refor\u00e7ando a nossa necessidade biof\u00edlica, inspiram-nos e tornam-nos mais felizes. Estudos confirmam que, nas zonas hospitalares, a vegeta\u00e7\u00e3o ajuda a reduzir o tempo de internamento dos doentes.  <\/p>\n<\/div>\n\n\n\n<div class=\"wp-block-uagb-container uagb-block-7bc6a6c0\">\n<figure class=\"wp-block-image size-full\"><img loading=\"lazy\" decoding=\"async\" width=\"750\" height=\"396\" src=\"https:\/\/www.terapiaurbana.com\/wp-content\/uploads\/2024\/12\/lista-beneficios-jardin-vertical.jpg\" alt=\"\" class=\"wp-image-61231\" srcset=\"https:\/\/www.terapiaurbana.com\/wp-content\/uploads\/2024\/12\/lista-beneficios-jardin-vertical.jpg 750w, https:\/\/www.terapiaurbana.com\/wp-content\/uploads\/2024\/12\/lista-beneficios-jardin-vertical-300x158.jpg 300w, https:\/\/www.terapiaurbana.com\/wp-content\/uploads\/2024\/12\/lista-beneficios-jardin-vertical-500x264.jpg 500w\" sizes=\"auto, (max-width: 750px) 100vw, 750px\" \/><\/figure>\n<\/div>\n<\/div><\/div>\n\n<div class=\"wp-block-uagb-container uagb-block-e4c4b50c alignfull uagb-is-root-container\"><div class=\"uagb-container-inner-blocks-wrap\">\n<div class=\"wp-block-uagb-container uagb-block-0bdde3aa\">\n<div class=\"wp-block-uagb-advanced-heading uagb-block-d127fe60\"><h2 class=\"uagb-heading-text\">4. VANTAGENS PARA AS EMPRESAS\/INSTITUI\u00c7\u00d5ES<\/h2><\/div>\n\n\n\n<p>As fachadas ajardinadas s\u00e3o sistemas que permitem \u00e0s empresas que as implementam expressar, de forma visual e contundente, a sua preocupa\u00e7\u00e3o e aten\u00e7\u00e3o para a cria\u00e7\u00e3o de ambientes mais amig\u00e1veis, sustent\u00e1veis e saud\u00e1veis para os seus clientes. Isto gera um impacto positivo no reconhecimento da sua imagem de marca. E isto tem um impacto positivo no campo da Responsabilidade Social Empresarial (RSE).  <\/p>\n<\/div>\n<\/div><\/div>\n\n<div class=\"wp-block-uagb-container uagb-block-7cb4ec44 alignfull uagb-is-root-container\"><div class=\"uagb-container-inner-blocks-wrap\"><\/div><\/div>\n\n<p><\/p>\n","protected":false},"excerpt":{"rendered":"<p>BENEF\u00cdCIOS DOS JARDINS VERTICAIS VANTAGENS DE AJARDINAR OS EDIF\u00cdCIOS As fachadas verdes e os telhados verdes trazem grandes benef\u00edcios para [&hellip;]<\/p>\n","protected":false},"author":1,"featured_media":0,"parent":0,"menu_order":0,"comment_status":"closed","ping_status":"closed","template":"","meta":{"_uag_custom_page_level_css":"","site-sidebar-layout":"default","site-content-layout":"","ast-site-content-layout":"full-width-container","site-content-style":"default","site-sidebar-style":"default","ast-global-header-display":"","ast-banner-title-visibility":"","ast-main-header-display":"","ast-hfb-above-header-display":"","ast-hfb-below-header-display":"","ast-hfb-mobile-header-display":"","site-post-title":"disabled","ast-breadcrumbs-content":"","ast-featured-img":"","footer-sml-layout":"","theme-transparent-header-meta":"","adv-header-id-meta":"","stick-header-meta":"","header-above-stick-meta":"","header-main-stick-meta":"","header-below-stick-meta":"","astra-migrate-meta-layouts":"default","ast-page-background-enabled":"default","ast-page-background-meta":{"desktop":{"background-color":"var(--ast-global-color-4)","background-image":"","background-repeat":"repeat","background-position":"center center","background-size":"auto","background-attachment":"scroll","background-type":"","background-media":"","overlay-type":"","overlay-color":"","overlay-opacity":"","overlay-gradient":""},"tablet":{"background-color":"","background-image":"","background-repeat":"repeat","background-position":"center center","background-size":"auto","background-attachment":"scroll","background-type":"","background-media":"","overlay-type":"","overlay-color":"","overlay-opacity":"","overlay-gradient":""},"mobile":{"background-color":"","background-image":"","background-repeat":"repeat","background-position":"center center","background-size":"auto","background-attachment":"scroll","background-type":"","background-media":"","overlay-type":"","overlay-color":"","overlay-opacity":"","overlay-gradient":""}},"ast-content-background-meta":{"desktop":{"background-color":"var(--ast-global-color-5)","background-image":"","background-repeat":"repeat","background-position":"center center","background-size":"auto","background-attachment":"scroll","background-type":"","background-media":"","overlay-type":"","overlay-color":"","overlay-opacity":"","overlay-gradient":""},"tablet":{"background-color":"var(--ast-global-color-5)","background-image":"","background-repeat":"repeat","background-position":"center center","background-size":"auto","background-attachment":"scroll","background-type":"","background-media":"","overlay-type":"","overlay-color":"","overlay-opacity":"","overlay-gradient":""},"mobile":{"background-color":"var(--ast-global-color-5)","background-image":"","background-repeat":"repeat","background-position":"center center","background-size":"auto","background-attachment":"scroll","background-type":"","background-media":"","overlay-type":"","overlay-color":"","overlay-opacity":"","overlay-gradient":""}},"footnotes":""},"class_list":["post-63754","page","type-page","status-publish","hentry"],"yoast_head":"<!-- This site is optimized with the Yoast SEO plugin v26.3 - https:\/\/yoast.com\/wordpress\/plugins\/seo\/ -->\n<title>Vantagens de um jardim vertical: valoriza o teu espa\u00e7o com a natureza<\/title>\n<meta name=\"description\" content=\"Aprende sobre os benef\u00edcios de um jardim vertical: purifica\u00e7\u00e3o do ar, isolamento ac\u00fastico, design sustent\u00e1vel e liga\u00e7\u00e3o com a natureza.\" \/>\n<meta name=\"robots\" content=\"index, follow, max-snippet:-1, max-image-preview:large, max-video-preview:-1\" \/>\n<link rel=\"canonical\" href=\"https:\/\/www.terapiaurbana.com\/pt-pt\/beneficios\/\" \/>\n<meta property=\"og:locale\" content=\"pt_PT\" \/>\n<meta property=\"og:type\" content=\"article\" \/>\n<meta property=\"og:title\" content=\"Vantagens de um jardim vertical: valoriza o teu espa\u00e7o com a natureza\" \/>\n<meta property=\"og:description\" content=\"Aprende sobre os benef\u00edcios de um jardim vertical: purifica\u00e7\u00e3o do ar, isolamento ac\u00fastico, design sustent\u00e1vel e liga\u00e7\u00e3o com a natureza.\" \/>\n<meta property=\"og:url\" content=\"https:\/\/www.terapiaurbana.com\/pt-pt\/beneficios\/\" \/>\n<meta property=\"article:publisher\" content=\"https:\/\/www.facebook.com\/terapiaurbana\/\" \/>\n<meta property=\"article:modified_time\" content=\"2025-02-13T06:37:52+00:00\" \/>\n<meta property=\"og:image\" content=\"https:\/\/www.terapiaurbana.com\/wp-content\/uploads\/2024\/12\/proceso-de-naturacion.jpg\" \/>\n<meta name=\"twitter:card\" content=\"summary_large_image\" \/>\n<meta name=\"twitter:site\" content=\"@terapia_urbana\" \/>\n<meta name=\"twitter:label1\" content=\"Tempo estimado de leitura\" \/>\n\t<meta name=\"twitter:data1\" content=\"2 minutos\" \/>\n<script type=\"application\/ld+json\" class=\"yoast-schema-graph\">{\"@context\":\"https:\/\/schema.org\",\"@graph\":[{\"@type\":\"WebPage\",\"@id\":\"https:\/\/www.terapiaurbana.com\/pt-pt\/beneficios\/\",\"url\":\"https:\/\/www.terapiaurbana.com\/pt-pt\/beneficios\/\",\"name\":\"Vantagens de um jardim vertical: valoriza o teu espa\u00e7o com a natureza\",\"isPartOf\":{\"@id\":\"https:\/\/www.terapiaurbana.com\/pt-pt\/#website\"},\"primaryImageOfPage\":{\"@id\":\"https:\/\/www.terapiaurbana.com\/pt-pt\/beneficios\/#primaryimage\"},\"image\":{\"@id\":\"https:\/\/www.terapiaurbana.com\/pt-pt\/beneficios\/#primaryimage\"},\"thumbnailUrl\":\"https:\/\/www.terapiaurbana.com\/wp-content\/uploads\/2024\/12\/proceso-de-naturacion.jpg\",\"datePublished\":\"2024-12-04T14:30:41+00:00\",\"dateModified\":\"2025-02-13T06:37:52+00:00\",\"description\":\"Aprende sobre os benef\u00edcios de um jardim vertical: purifica\u00e7\u00e3o do ar, isolamento ac\u00fastico, design sustent\u00e1vel e liga\u00e7\u00e3o com a natureza.\",\"breadcrumb\":{\"@id\":\"https:\/\/www.terapiaurbana.com\/pt-pt\/beneficios\/#breadcrumb\"},\"inLanguage\":\"pt-PT\",\"potentialAction\":[{\"@type\":\"ReadAction\",\"target\":[\"https:\/\/www.terapiaurbana.com\/pt-pt\/beneficios\/\"]}]},{\"@type\":\"ImageObject\",\"inLanguage\":\"pt-PT\",\"@id\":\"https:\/\/www.terapiaurbana.com\/pt-pt\/beneficios\/#primaryimage\",\"url\":\"https:\/\/www.terapiaurbana.com\/wp-content\/uploads\/2024\/12\/proceso-de-naturacion.jpg\",\"contentUrl\":\"https:\/\/www.terapiaurbana.com\/wp-content\/uploads\/2024\/12\/proceso-de-naturacion.jpg\"},{\"@type\":\"BreadcrumbList\",\"@id\":\"https:\/\/www.terapiaurbana.com\/pt-pt\/beneficios\/#breadcrumb\",\"itemListElement\":[{\"@type\":\"ListItem\",\"position\":1,\"name\":\"Portada\",\"item\":\"https:\/\/www.terapiaurbana.com\/pt-pt\/\"},{\"@type\":\"ListItem\",\"position\":2,\"name\":\"Benef\u00edcios\"}]},{\"@type\":\"WebSite\",\"@id\":\"https:\/\/www.terapiaurbana.com\/pt-pt\/#website\",\"url\":\"https:\/\/www.terapiaurbana.com\/pt-pt\/\",\"name\":\"Terapia Urbana | Especialistas en jardines verticales\",\"description\":\"Especialistas en dise\u00f1o de jardines verticales exteriores e interiores naturales con tecnolog\u00eda Fytotextile y iluminaci\u00f3n auxiliar para una sostenible y funcional\",\"alternateName\":\"Terapia Urbana\",\"potentialAction\":[{\"@type\":\"SearchAction\",\"target\":{\"@type\":\"EntryPoint\",\"urlTemplate\":\"https:\/\/www.terapiaurbana.com\/pt-pt\/?s={search_term_string}\"},\"query-input\":{\"@type\":\"PropertyValueSpecification\",\"valueRequired\":true,\"valueName\":\"search_term_string\"}}],\"inLanguage\":\"pt-PT\"}]}<\/script>\n<!-- \/ Yoast SEO plugin. -->","yoast_head_json":{"title":"Vantagens de um jardim vertical: valoriza o teu espa\u00e7o com a natureza","description":"Aprende sobre os benef\u00edcios de um jardim vertical: purifica\u00e7\u00e3o do ar, isolamento ac\u00fastico, design sustent\u00e1vel e liga\u00e7\u00e3o com a natureza.","robots":{"index":"index","follow":"follow","max-snippet":"max-snippet:-1","max-image-preview":"max-image-preview:large","max-video-preview":"max-video-preview:-1"},"canonical":"https:\/\/www.terapiaurbana.com\/pt-pt\/beneficios\/","og_locale":"pt_PT","og_type":"article","og_title":"Vantagens de um jardim vertical: valoriza o teu espa\u00e7o com a natureza","og_description":"Aprende sobre os benef\u00edcios de um jardim vertical: purifica\u00e7\u00e3o do ar, isolamento ac\u00fastico, design sustent\u00e1vel e liga\u00e7\u00e3o com a natureza.","og_url":"https:\/\/www.terapiaurbana.com\/pt-pt\/beneficios\/","article_publisher":"https:\/\/www.facebook.com\/terapiaurbana\/","article_modified_time":"2025-02-13T06:37:52+00:00","og_image":[{"url":"https:\/\/www.terapiaurbana.com\/wp-content\/uploads\/2024\/12\/proceso-de-naturacion.jpg","type":"","width":"","height":""}],"twitter_card":"summary_large_image","twitter_site":"@terapia_urbana","twitter_misc":{"Tempo estimado de leitura":"2 minutos"},"schema":{"@context":"https:\/\/schema.org","@graph":[{"@type":"WebPage","@id":"https:\/\/www.terapiaurbana.com\/pt-pt\/beneficios\/","url":"https:\/\/www.terapiaurbana.com\/pt-pt\/beneficios\/","name":"Vantagens de um jardim vertical: valoriza o teu espa\u00e7o com a natureza","isPartOf":{"@id":"https:\/\/www.terapiaurbana.com\/pt-pt\/#website"},"primaryImageOfPage":{"@id":"https:\/\/www.terapiaurbana.com\/pt-pt\/beneficios\/#primaryimage"},"image":{"@id":"https:\/\/www.terapiaurbana.com\/pt-pt\/beneficios\/#primaryimage"},"thumbnailUrl":"https:\/\/www.terapiaurbana.com\/wp-content\/uploads\/2024\/12\/proceso-de-naturacion.jpg","datePublished":"2024-12-04T14:30:41+00:00","dateModified":"2025-02-13T06:37:52+00:00","description":"Aprende sobre os benef\u00edcios de um jardim vertical: purifica\u00e7\u00e3o do ar, isolamento ac\u00fastico, design sustent\u00e1vel e liga\u00e7\u00e3o com a natureza.","breadcrumb":{"@id":"https:\/\/www.terapiaurbana.com\/pt-pt\/beneficios\/#breadcrumb"},"inLanguage":"pt-PT","potentialAction":[{"@type":"ReadAction","target":["https:\/\/www.terapiaurbana.com\/pt-pt\/beneficios\/"]}]},{"@type":"ImageObject","inLanguage":"pt-PT","@id":"https:\/\/www.terapiaurbana.com\/pt-pt\/beneficios\/#primaryimage","url":"https:\/\/www.terapiaurbana.com\/wp-content\/uploads\/2024\/12\/proceso-de-naturacion.jpg","contentUrl":"https:\/\/www.terapiaurbana.com\/wp-content\/uploads\/2024\/12\/proceso-de-naturacion.jpg"},{"@type":"BreadcrumbList","@id":"https:\/\/www.terapiaurbana.com\/pt-pt\/beneficios\/#breadcrumb","itemListElement":[{"@type":"ListItem","position":1,"name":"Portada","item":"https:\/\/www.terapiaurbana.com\/pt-pt\/"},{"@type":"ListItem","position":2,"name":"Benef\u00edcios"}]},{"@type":"WebSite","@id":"https:\/\/www.terapiaurbana.com\/pt-pt\/#website","url":"https:\/\/www.terapiaurbana.com\/pt-pt\/","name":"Terapia Urbana | Especialistas en jardines verticales","description":"Especialistas en dise\u00f1o de jardines verticales exteriores e interiores naturales con tecnolog\u00eda Fytotextile y iluminaci\u00f3n auxiliar para una sostenible y funcional","alternateName":"Terapia Urbana","potentialAction":[{"@type":"SearchAction","target":{"@type":"EntryPoint","urlTemplate":"https:\/\/www.terapiaurbana.com\/pt-pt\/?s={search_term_string}"},"query-input":{"@type":"PropertyValueSpecification","valueRequired":true,"valueName":"search_term_string"}}],"inLanguage":"pt-PT"}]}},"uagb_featured_image_src":{"full":false,"thumbnail":false,"medium":false,"medium_large":false,"large":false,"1536x1536":false,"2048x2048":false,"gform-image-choice-sm":false,"gform-image-choice-md":false,"gform-image-choice-lg":false},"uagb_author_info":{"display_name":"terapiaurbana","author_link":"https:\/\/www.terapiaurbana.com\/pt-pt\/author\/terapiaurbana\/"},"uagb_comment_info":0,"uagb_excerpt":"BENEF\u00cdCIOS DOS JARDINS VERTICAIS VANTAGENS DE AJARDINAR OS EDIF\u00cdCIOS As fachadas verdes e os telhados verdes trazem grandes benef\u00edcios para [&hellip;]","_links":{"self":[{"href":"https:\/\/www.terapiaurbana.com\/pt-pt\/wp-json\/wp\/v2\/pages\/63754","targetHints":{"allow":["GET"]}}],"collection":[{"href":"https:\/\/www.terapiaurbana.com\/pt-pt\/wp-json\/wp\/v2\/pages"}],"about":[{"href":"https:\/\/www.terapiaurbana.com\/pt-pt\/wp-json\/wp\/v2\/types\/page"}],"author":[{"embeddable":true,"href":"https:\/\/www.terapiaurbana.com\/pt-pt\/wp-json\/wp\/v2\/users\/1"}],"replies":[{"embeddable":true,"href":"https:\/\/www.terapiaurbana.com\/pt-pt\/wp-json\/wp\/v2\/comments?post=63754"}],"version-history":[{"count":1,"href":"https:\/\/www.terapiaurbana.com\/pt-pt\/wp-json\/wp\/v2\/pages\/63754\/revisions"}],"predecessor-version":[{"id":63762,"href":"https:\/\/www.terapiaurbana.com\/pt-pt\/wp-json\/wp\/v2\/pages\/63754\/revisions\/63762"}],"wp:attachment":[{"href":"https:\/\/www.terapiaurbana.com\/pt-pt\/wp-json\/wp\/v2\/media?parent=63754"}],"curies":[{"name":"wp","href":"https:\/\/api.w.org\/{rel}","templated":true}]}}