{"id":63763,"date":"2024-11-19T10:40:09","date_gmt":"2024-11-19T09:40:09","guid":{"rendered":"https:\/\/www.terapiaurbana.com\/biofilia\/"},"modified":"2025-02-13T07:38:10","modified_gmt":"2025-02-13T06:38:10","slug":"biofilia","status":"publish","type":"page","link":"https:\/\/www.terapiaurbana.com\/pt-pt\/biofilia\/","title":{"rendered":"Biofilia"},"content":{"rendered":"\n<div class=\"wp-block-uagb-container uagb-block-7895db07 alignfull uagb-is-root-container\"><div class=\"uagb-container-inner-blocks-wrap\">\n<div class=\"wp-block-uagb-advanced-heading uagb-block-ad5104e8\"><h2 class=\"uagb-heading-text\">BIOFILIA<\/h2><\/div>\n<\/div><\/div>\n\n<div class=\"wp-block-uagb-container uagb-block-ab0f2910 alignfull uagb-is-root-container\"><div class=\"uagb-container-inner-blocks-wrap\"><\/div><\/div>\n\n<div class=\"wp-block-uagb-container uagb-block-72c10eb0 alignfull uagb-is-root-container\"><div class=\"uagb-container-inner-blocks-wrap\">\n<div class=\"wp-block-uagb-advanced-heading uagb-block-bf184b87\"><h2 class=\"uagb-heading-text\">O QUE \u00c9 A BIOFILIA?<\/h2><\/div>\n\n\n\n<p>Os sistemas de nata\u00e7\u00e3o urbana satisfazem a nossa necessidade inata de liga\u00e7\u00e3o \u00e0 natureza. Esta necessidade est\u00e1 gravada nos nossos genes ap\u00f3s milh\u00f5es de anos de evolu\u00e7\u00e3o. A liga\u00e7\u00e3o aos espa\u00e7os verdes e aos outros seres vivos proporciona bem-estar f\u00edsico e psicol\u00f3gico. Perante a desconex\u00e3o natural que adv\u00e9m do facto de se viver na cidade, as solu\u00e7\u00f5es baseadas na natureza s\u00e3o uma excelente solu\u00e7\u00e3o.<\/p>\n<\/div><\/div>\n\n<div class=\"wp-block-uagb-container uagb-block-05133397 alignfull uagb-is-root-container\"><div class=\"uagb-container-inner-blocks-wrap\">\n<div class=\"wp-block-uagb-container uagb-block-efdcc194\">\n<div class=\"wp-block-uagb-advanced-heading uagb-block-8a1f866c\"><h2 class=\"uagb-heading-text\">DESIGN BIOF\u00cdLICO<\/h2><\/div>\n\n\n\n<p>O design biof\u00edlico cria espa\u00e7os para viver e trabalhar, incorporando vegeta\u00e7\u00e3o, cores e luz natural, para se ligar \u00e0 natureza e melhorar o nosso bem-estar psicol\u00f3gico. Esta tend\u00eancia de design baseia-se cada vez mais na utiliza\u00e7\u00e3o de sistemas de jardins verticais para aumentar o bem-estar das pessoas.<\/p>\n\n\n\n<p>Os espa\u00e7os ligados \u00e0 natureza trazem os seguintes benef\u00edcios:<\/p>\n\n\n\n<p><strong><br\/>MELHORAR OS ESPA\u00c7OS DE TRABALHO<\/strong>Reduzem o stress e melhoram o bem-estar, a criatividade e a produtividade das pessoas, criando melhores espa\u00e7os de trabalho.<strong><\/strong><\/p>\n\n\n\n<p><strong><br\/>MELHORAR A SENSA\u00c7\u00c3O VISUAL<\/strong>Os jardins verticais interiores criam ambientes esteticamente agrad\u00e1veis que reduzem a fadiga mental, aumentam os n\u00edveis de dopamina, serotonina e oxitocina e reduzem o absentismo.<strong><\/strong><\/p>\n\n\n\n<p><strong><br\/>CRIA ESPA\u00c7OS MAIS SAUD\u00c1VEIS<\/strong>Estudos cient\u00edficos demonstram que os ambientes com plantas reduzem os problemas de sa\u00fade mental das pessoas, como a depress\u00e3o, a ansiedade e as perturba\u00e7\u00f5es do sistema nervoso.<strong><\/strong><\/p>\n\n\n\n<p><strong><br\/>MELHORA O<\/strong><strong>DESENVOLVIMENTO COGNITIVO<\/strong>Um maior desenvolvimento cognitivo das crian\u00e7as e uma maior intelig\u00eancia e criatividade est\u00e3o associados a quem se desloca em espa\u00e7os verdes.<strong><\/strong> Melhora tamb\u00e9m a concentra\u00e7\u00e3o e reduz a fadiga mental nos adultos.<\/p>\n<\/div>\n\n\n\n<div class=\"wp-block-uagb-container uagb-block-4089d605\">\n<figure class=\"wp-block-image aligncenter size-full\"><img loading=\"lazy\" decoding=\"async\" width=\"369\" height=\"371\" src=\"https:\/\/www.terapiaurbana.com\/wp-content\/uploads\/2024\/12\/que-es-la-biofilia.jpg\" alt=\"\" class=\"wp-image-61217\" srcset=\"https:\/\/www.terapiaurbana.com\/wp-content\/uploads\/2024\/12\/que-es-la-biofilia.jpg 369w, https:\/\/www.terapiaurbana.com\/wp-content\/uploads\/2024\/12\/que-es-la-biofilia-298x300.jpg 298w, https:\/\/www.terapiaurbana.com\/wp-content\/uploads\/2024\/12\/que-es-la-biofilia-150x150.jpg 150w\" sizes=\"auto, (max-width: 369px) 100vw, 369px\" \/><\/figure>\n\n\n\n<figure class=\"wp-block-image aligncenter size-full\"><img loading=\"lazy\" decoding=\"async\" width=\"369\" height=\"371\" src=\"https:\/\/www.terapiaurbana.com\/wp-content\/uploads\/2024\/12\/la-biofilia.jpg\" alt=\"\" class=\"wp-image-61218\" srcset=\"https:\/\/www.terapiaurbana.com\/wp-content\/uploads\/2024\/12\/la-biofilia.jpg 369w, https:\/\/www.terapiaurbana.com\/wp-content\/uploads\/2024\/12\/la-biofilia-298x300.jpg 298w, https:\/\/www.terapiaurbana.com\/wp-content\/uploads\/2024\/12\/la-biofilia-150x150.jpg 150w\" sizes=\"auto, (max-width: 369px) 100vw, 369px\" \/><\/figure>\n<\/div>\n<\/div><\/div>\n\n<div class=\"wp-block-uagb-container uagb-block-1c2f949c alignfull uagb-is-root-container\"><div class=\"uagb-container-inner-blocks-wrap\"><\/div><\/div>\n","protected":false},"excerpt":{"rendered":"<p>BIOFILIA O QUE \u00c9 A BIOFILIA? Os sistemas de nata\u00e7\u00e3o urbana satisfazem a nossa necessidade inata de liga\u00e7\u00e3o \u00e0 natureza. [&hellip;]<\/p>\n","protected":false},"author":1,"featured_media":0,"parent":0,"menu_order":0,"comment_status":"closed","ping_status":"closed","template":"","meta":{"_uag_custom_page_level_css":"","site-sidebar-layout":"default","site-content-layout":"","ast-site-content-layout":"full-width-container","site-content-style":"default","site-sidebar-style":"default","ast-global-header-display":"","ast-banner-title-visibility":"","ast-main-header-display":"","ast-hfb-above-header-display":"","ast-hfb-below-header-display":"","ast-hfb-mobile-header-display":"","site-post-title":"disabled","ast-breadcrumbs-content":"","ast-featured-img":"","footer-sml-layout":"","theme-transparent-header-meta":"","adv-header-id-meta":"","stick-header-meta":"","header-above-stick-meta":"","header-main-stick-meta":"","header-below-stick-meta":"","astra-migrate-meta-layouts":"default","ast-page-background-enabled":"default","ast-page-background-meta":{"desktop":{"background-color":"var(--ast-global-color-4)","background-image":"","background-repeat":"repeat","background-position":"center center","background-size":"auto","background-attachment":"scroll","background-type":"","background-media":"","overlay-type":"","overlay-color":"","overlay-opacity":"","overlay-gradient":""},"tablet":{"background-color":"","background-image":"","background-repeat":"repeat","background-position":"center center","background-size":"auto","background-attachment":"scroll","background-type":"","background-media":"","overlay-type":"","overlay-color":"","overlay-opacity":"","overlay-gradient":""},"mobile":{"background-color":"","background-image":"","background-repeat":"repeat","background-position":"center center","background-size":"auto","background-attachment":"scroll","background-type":"","background-media":"","overlay-type":"","overlay-color":"","overlay-opacity":"","overlay-gradient":""}},"ast-content-background-meta":{"desktop":{"background-color":"var(--ast-global-color-5)","background-image":"","background-repeat":"repeat","background-position":"center center","background-size":"auto","background-attachment":"scroll","background-type":"","background-media":"","overlay-type":"","overlay-color":"","overlay-opacity":"","overlay-gradient":""},"tablet":{"background-color":"var(--ast-global-color-5)","background-image":"","background-repeat":"repeat","background-position":"center center","background-size":"auto","background-attachment":"scroll","background-type":"","background-media":"","overlay-type":"","overlay-color":"","overlay-opacity":"","overlay-gradient":""},"mobile":{"background-color":"var(--ast-global-color-5)","background-image":"","background-repeat":"repeat","background-position":"center center","background-size":"auto","background-attachment":"scroll","background-type":"","background-media":"","overlay-type":"","overlay-color":"","overlay-opacity":"","overlay-gradient":""}},"footnotes":""},"class_list":["post-63763","page","type-page","status-publish","hentry"],"yoast_head":"<!-- This site is optimized with the Yoast SEO plugin v26.3 - https:\/\/yoast.com\/wordpress\/plugins\/seo\/ -->\n<title>Biophilia : Jardins verticais para te ligares \u00e0 natureza<\/title>\n<meta name=\"description\" content=\"Descobre como aplicamos a biofilia para criar jardins verticais, melhorando o teu bem-estar e o ambiente com um design sustent\u00e1vel e natural.\" \/>\n<meta name=\"robots\" content=\"index, follow, max-snippet:-1, max-image-preview:large, max-video-preview:-1\" \/>\n<link rel=\"canonical\" href=\"https:\/\/www.terapiaurbana.com\/pt-pt\/biofilia\/\" \/>\n<meta property=\"og:locale\" content=\"pt_PT\" \/>\n<meta property=\"og:type\" content=\"article\" \/>\n<meta property=\"og:title\" content=\"Biophilia : Jardins verticais para te ligares \u00e0 natureza\" \/>\n<meta property=\"og:description\" content=\"Descobre como aplicamos a biofilia para criar jardins verticais, melhorando o teu bem-estar e o ambiente com um design sustent\u00e1vel e natural.\" \/>\n<meta property=\"og:url\" content=\"https:\/\/www.terapiaurbana.com\/pt-pt\/biofilia\/\" \/>\n<meta property=\"article:publisher\" content=\"https:\/\/www.facebook.com\/terapiaurbana\/\" \/>\n<meta property=\"article:modified_time\" content=\"2025-02-13T06:38:10+00:00\" \/>\n<meta property=\"og:image\" content=\"https:\/\/www.terapiaurbana.com\/wp-content\/uploads\/2024\/12\/que-es-la-biofilia.jpg\" \/>\n<meta name=\"twitter:card\" content=\"summary_large_image\" \/>\n<meta name=\"twitter:site\" content=\"@terapia_urbana\" \/>\n<meta name=\"twitter:label1\" content=\"Tempo estimado de leitura\" \/>\n\t<meta name=\"twitter:data1\" content=\"1 minuto\" \/>\n<script type=\"application\/ld+json\" class=\"yoast-schema-graph\">{\"@context\":\"https:\/\/schema.org\",\"@graph\":[{\"@type\":\"WebPage\",\"@id\":\"https:\/\/www.terapiaurbana.com\/pt-pt\/biofilia\/\",\"url\":\"https:\/\/www.terapiaurbana.com\/pt-pt\/biofilia\/\",\"name\":\"Biophilia : Jardins verticais para te ligares \u00e0 natureza\",\"isPartOf\":{\"@id\":\"https:\/\/www.terapiaurbana.com\/pt-pt\/#website\"},\"primaryImageOfPage\":{\"@id\":\"https:\/\/www.terapiaurbana.com\/pt-pt\/biofilia\/#primaryimage\"},\"image\":{\"@id\":\"https:\/\/www.terapiaurbana.com\/pt-pt\/biofilia\/#primaryimage\"},\"thumbnailUrl\":\"https:\/\/www.terapiaurbana.com\/wp-content\/uploads\/2024\/12\/que-es-la-biofilia.jpg\",\"datePublished\":\"2024-11-19T09:40:09+00:00\",\"dateModified\":\"2025-02-13T06:38:10+00:00\",\"description\":\"Descobre como aplicamos a biofilia para criar jardins verticais, melhorando o teu bem-estar e o ambiente com um design sustent\u00e1vel e natural.\",\"breadcrumb\":{\"@id\":\"https:\/\/www.terapiaurbana.com\/pt-pt\/biofilia\/#breadcrumb\"},\"inLanguage\":\"pt-PT\",\"potentialAction\":[{\"@type\":\"ReadAction\",\"target\":[\"https:\/\/www.terapiaurbana.com\/pt-pt\/biofilia\/\"]}]},{\"@type\":\"ImageObject\",\"inLanguage\":\"pt-PT\",\"@id\":\"https:\/\/www.terapiaurbana.com\/pt-pt\/biofilia\/#primaryimage\",\"url\":\"https:\/\/www.terapiaurbana.com\/wp-content\/uploads\/2024\/12\/que-es-la-biofilia.jpg\",\"contentUrl\":\"https:\/\/www.terapiaurbana.com\/wp-content\/uploads\/2024\/12\/que-es-la-biofilia.jpg\"},{\"@type\":\"BreadcrumbList\",\"@id\":\"https:\/\/www.terapiaurbana.com\/pt-pt\/biofilia\/#breadcrumb\",\"itemListElement\":[{\"@type\":\"ListItem\",\"position\":1,\"name\":\"Portada\",\"item\":\"https:\/\/www.terapiaurbana.com\/pt-pt\/\"},{\"@type\":\"ListItem\",\"position\":2,\"name\":\"Biofilia\"}]},{\"@type\":\"WebSite\",\"@id\":\"https:\/\/www.terapiaurbana.com\/pt-pt\/#website\",\"url\":\"https:\/\/www.terapiaurbana.com\/pt-pt\/\",\"name\":\"Terapia Urbana | Especialistas en jardines verticales\",\"description\":\"Especialistas en dise\u00f1o de jardines verticales exteriores e interiores naturales con tecnolog\u00eda Fytotextile y iluminaci\u00f3n auxiliar para una sostenible y funcional\",\"alternateName\":\"Terapia Urbana\",\"potentialAction\":[{\"@type\":\"SearchAction\",\"target\":{\"@type\":\"EntryPoint\",\"urlTemplate\":\"https:\/\/www.terapiaurbana.com\/pt-pt\/?s={search_term_string}\"},\"query-input\":{\"@type\":\"PropertyValueSpecification\",\"valueRequired\":true,\"valueName\":\"search_term_string\"}}],\"inLanguage\":\"pt-PT\"}]}<\/script>\n<!-- \/ Yoast SEO plugin. -->","yoast_head_json":{"title":"Biophilia : Jardins verticais para te ligares \u00e0 natureza","description":"Descobre como aplicamos a biofilia para criar jardins verticais, melhorando o teu bem-estar e o ambiente com um design sustent\u00e1vel e natural.","robots":{"index":"index","follow":"follow","max-snippet":"max-snippet:-1","max-image-preview":"max-image-preview:large","max-video-preview":"max-video-preview:-1"},"canonical":"https:\/\/www.terapiaurbana.com\/pt-pt\/biofilia\/","og_locale":"pt_PT","og_type":"article","og_title":"Biophilia : Jardins verticais para te ligares \u00e0 natureza","og_description":"Descobre como aplicamos a biofilia para criar jardins verticais, melhorando o teu bem-estar e o ambiente com um design sustent\u00e1vel e natural.","og_url":"https:\/\/www.terapiaurbana.com\/pt-pt\/biofilia\/","article_publisher":"https:\/\/www.facebook.com\/terapiaurbana\/","article_modified_time":"2025-02-13T06:38:10+00:00","og_image":[{"url":"https:\/\/www.terapiaurbana.com\/wp-content\/uploads\/2024\/12\/que-es-la-biofilia.jpg","type":"","width":"","height":""}],"twitter_card":"summary_large_image","twitter_site":"@terapia_urbana","twitter_misc":{"Tempo estimado de leitura":"1 minuto"},"schema":{"@context":"https:\/\/schema.org","@graph":[{"@type":"WebPage","@id":"https:\/\/www.terapiaurbana.com\/pt-pt\/biofilia\/","url":"https:\/\/www.terapiaurbana.com\/pt-pt\/biofilia\/","name":"Biophilia : Jardins verticais para te ligares \u00e0 natureza","isPartOf":{"@id":"https:\/\/www.terapiaurbana.com\/pt-pt\/#website"},"primaryImageOfPage":{"@id":"https:\/\/www.terapiaurbana.com\/pt-pt\/biofilia\/#primaryimage"},"image":{"@id":"https:\/\/www.terapiaurbana.com\/pt-pt\/biofilia\/#primaryimage"},"thumbnailUrl":"https:\/\/www.terapiaurbana.com\/wp-content\/uploads\/2024\/12\/que-es-la-biofilia.jpg","datePublished":"2024-11-19T09:40:09+00:00","dateModified":"2025-02-13T06:38:10+00:00","description":"Descobre como aplicamos a biofilia para criar jardins verticais, melhorando o teu bem-estar e o ambiente com um design sustent\u00e1vel e natural.","breadcrumb":{"@id":"https:\/\/www.terapiaurbana.com\/pt-pt\/biofilia\/#breadcrumb"},"inLanguage":"pt-PT","potentialAction":[{"@type":"ReadAction","target":["https:\/\/www.terapiaurbana.com\/pt-pt\/biofilia\/"]}]},{"@type":"ImageObject","inLanguage":"pt-PT","@id":"https:\/\/www.terapiaurbana.com\/pt-pt\/biofilia\/#primaryimage","url":"https:\/\/www.terapiaurbana.com\/wp-content\/uploads\/2024\/12\/que-es-la-biofilia.jpg","contentUrl":"https:\/\/www.terapiaurbana.com\/wp-content\/uploads\/2024\/12\/que-es-la-biofilia.jpg"},{"@type":"BreadcrumbList","@id":"https:\/\/www.terapiaurbana.com\/pt-pt\/biofilia\/#breadcrumb","itemListElement":[{"@type":"ListItem","position":1,"name":"Portada","item":"https:\/\/www.terapiaurbana.com\/pt-pt\/"},{"@type":"ListItem","position":2,"name":"Biofilia"}]},{"@type":"WebSite","@id":"https:\/\/www.terapiaurbana.com\/pt-pt\/#website","url":"https:\/\/www.terapiaurbana.com\/pt-pt\/","name":"Terapia Urbana | Especialistas en jardines verticales","description":"Especialistas en dise\u00f1o de jardines verticales exteriores e interiores naturales con tecnolog\u00eda Fytotextile y iluminaci\u00f3n auxiliar para una sostenible y funcional","alternateName":"Terapia Urbana","potentialAction":[{"@type":"SearchAction","target":{"@type":"EntryPoint","urlTemplate":"https:\/\/www.terapiaurbana.com\/pt-pt\/?s={search_term_string}"},"query-input":{"@type":"PropertyValueSpecification","valueRequired":true,"valueName":"search_term_string"}}],"inLanguage":"pt-PT"}]}},"uagb_featured_image_src":{"full":false,"thumbnail":false,"medium":false,"medium_large":false,"large":false,"1536x1536":false,"2048x2048":false,"gform-image-choice-sm":false,"gform-image-choice-md":false,"gform-image-choice-lg":false},"uagb_author_info":{"display_name":"terapiaurbana","author_link":"https:\/\/www.terapiaurbana.com\/pt-pt\/author\/terapiaurbana\/"},"uagb_comment_info":0,"uagb_excerpt":"BIOFILIA O QUE \u00c9 A BIOFILIA? Os sistemas de nata\u00e7\u00e3o urbana satisfazem a nossa necessidade inata de liga\u00e7\u00e3o \u00e0 natureza. [&hellip;]","_links":{"self":[{"href":"https:\/\/www.terapiaurbana.com\/pt-pt\/wp-json\/wp\/v2\/pages\/63763","targetHints":{"allow":["GET"]}}],"collection":[{"href":"https:\/\/www.terapiaurbana.com\/pt-pt\/wp-json\/wp\/v2\/pages"}],"about":[{"href":"https:\/\/www.terapiaurbana.com\/pt-pt\/wp-json\/wp\/v2\/types\/page"}],"author":[{"embeddable":true,"href":"https:\/\/www.terapiaurbana.com\/pt-pt\/wp-json\/wp\/v2\/users\/1"}],"replies":[{"embeddable":true,"href":"https:\/\/www.terapiaurbana.com\/pt-pt\/wp-json\/wp\/v2\/comments?post=63763"}],"version-history":[{"count":1,"href":"https:\/\/www.terapiaurbana.com\/pt-pt\/wp-json\/wp\/v2\/pages\/63763\/revisions"}],"predecessor-version":[{"id":63768,"href":"https:\/\/www.terapiaurbana.com\/pt-pt\/wp-json\/wp\/v2\/pages\/63763\/revisions\/63768"}],"wp:attachment":[{"href":"https:\/\/www.terapiaurbana.com\/pt-pt\/wp-json\/wp\/v2\/media?parent=63763"}],"curies":[{"name":"wp","href":"https:\/\/api.w.org\/{rel}","templated":true}]}}