{"id":63779,"date":"2024-11-19T10:40:34","date_gmt":"2024-11-19T09:40:34","guid":{"rendered":"https:\/\/www.terapiaurbana.com\/consultoria-de-iluminacao\/"},"modified":"2025-02-13T07:38:39","modified_gmt":"2025-02-13T06:38:39","slug":"consultoria-de-iluminacao","status":"publish","type":"page","link":"https:\/\/www.terapiaurbana.com\/pt-pt\/consultoria-de-iluminacao\/","title":{"rendered":"Consultoria de ilumina\u00e7\u00e3o"},"content":{"rendered":"\n<div class=\"wp-block-uagb-container uagb-block-634a672d alignfull uagb-is-root-container\"><div class=\"uagb-container-inner-blocks-wrap\">\n<div class=\"wp-block-uagb-advanced-heading uagb-block-7add6b5c\"><h2 class=\"uagb-heading-text\">CONSULTORIA EM ILUMINA\u00c7\u00c3O<\/h2><\/div>\n<\/div><\/div>\n\n<div class=\"wp-block-uagb-container uagb-block-0eb1f3c0 alignfull uagb-is-root-container\"><div class=\"uagb-container-inner-blocks-wrap\"><\/div><\/div>\n\n<div class=\"wp-block-uagb-container uagb-block-bc00eb98 alignfull uagb-is-root-container\"><div class=\"uagb-container-inner-blocks-wrap\">\n<div class=\"wp-block-uagb-advanced-heading uagb-block-0a148acc\"><h2 class=\"uagb-heading-text\">ILUMINA\u00c7\u00c3O ESPEC\u00cdFICA PARA PLANTAS DE INTERIOR<\/h2><\/div>\n\n\n\n<p>A conce\u00e7\u00e3o da ilumina\u00e7\u00e3o auxiliar \u00e9 um aspeto cr\u00edtico dos projectos de paisagismo vertical interior, que s\u00e3o cada vez mais frequentes nos projectos. Na Terapia Urbana resolvemos este requisito de uma forma especializada desde a fase de projeto.<\/p>\n\n\n\n<p><strong>A luz<\/strong> \u00e9 vital para que as plantas possam fazer <strong>fotoss\u00edntese<\/strong> e desenvolver-se corretamente a longo prazo. Na Terapia Urbana desenvolvemos e test\u00e1mos um sistema de ilumina\u00e7\u00e3o que fornece a energia necess\u00e1ria (PPFD) e tem um espetro que cobre as necessidades biol\u00f3gicas da planta. Al\u00e9m disso, s\u00e3o l\u00e2mpadas com um \u00edndice de restitui\u00e7\u00e3o de cor e uma temperatura de cor muito bons para o olho humano, o que as torna perfeitamente compat\u00edveis com o design de ilumina\u00e7\u00e3o interior.<\/p>\n<\/div><\/div>\n\n<div class=\"wp-block-uagb-container uagb-block-ab47c17d alignfull uagb-is-root-container\"><div class=\"uagb-container-inner-blocks-wrap\">\n<figure class=\"wp-block-image aligncenter size-full\"><img loading=\"lazy\" decoding=\"async\" width=\"2465\" height=\"1286\" src=\"https:\/\/www.terapiaurbana.com\/wp-content\/uploads\/2024\/12\/esquema-espectro-iluminacion.png\" alt=\"\" class=\"wp-image-61786\" srcset=\"https:\/\/www.terapiaurbana.com\/wp-content\/uploads\/2024\/12\/esquema-espectro-iluminacion.png 2465w, https:\/\/www.terapiaurbana.com\/wp-content\/uploads\/2024\/12\/esquema-espectro-iluminacion-300x157.png 300w, https:\/\/www.terapiaurbana.com\/wp-content\/uploads\/2024\/12\/esquema-espectro-iluminacion-1024x534.png 1024w, https:\/\/www.terapiaurbana.com\/wp-content\/uploads\/2024\/12\/esquema-espectro-iluminacion-768x401.png 768w, https:\/\/www.terapiaurbana.com\/wp-content\/uploads\/2024\/12\/esquema-espectro-iluminacion-1536x801.png 1536w, https:\/\/www.terapiaurbana.com\/wp-content\/uploads\/2024\/12\/esquema-espectro-iluminacion-2048x1068.png 2048w\" sizes=\"auto, (max-width: 2465px) 100vw, 2465px\" \/><\/figure>\n<\/div><\/div>\n\n<div class=\"wp-block-uagb-container uagb-block-1c49ce17 alignfull uagb-is-root-container\"><div class=\"uagb-container-inner-blocks-wrap\">\n<div class=\"wp-block-uagb-advanced-heading uagb-block-cf762340\"><h2 class=\"uagb-heading-text\">EST\u00daDIO DE ILUMINA\u00c7\u00c3O<\/h2><\/div>\n\n\n\n<div class=\"wp-block-uagb-advanced-heading uagb-block-c7419818\"><h3 class=\"uagb-heading-text\">ESTUDO DO ESPA\u00c7O<\/h3><\/div>\n\n\n\n<p>\u00c9 efectuado um estudo do espa\u00e7o para decidir qual o tipo de ilumina\u00e7\u00e3o mais adequado a cada caso. \u00c9 analisada a integra\u00e7\u00e3o arquitet\u00f3nica no teto falso ou na laje de teto, consoante o tipo de projetor. Esta an\u00e1lise \u00e9 completada com uma simula\u00e7\u00e3o para ter em conta os elementos que podem afetar a distribui\u00e7\u00e3o correta da luz.<\/p>\n<\/div><\/div>\n\n<div class=\"wp-block-uagb-container uagb-block-b0d0686a alignfull uagb-is-root-container\"><div class=\"uagb-container-inner-blocks-wrap\"><\/div><\/div>\n\n<div class=\"wp-block-uagb-container uagb-block-5d6b1094 alignfull uagb-is-root-container\"><div class=\"uagb-container-inner-blocks-wrap\">\n<div class=\"wp-block-uagb-container uagb-block-35794025\">\n<div class=\"wp-block-uagb-advanced-heading uagb-block-6f425a30\"><h3 class=\"uagb-heading-text\">ESTUDO DA ILUMINA\u00c7\u00c3O SOLAR INDIRECTA<\/h3><\/div>\n\n\n\n<p>Desenvolvemos um estudo de ilumina\u00e7\u00e3o indireta para estimar a energia ganha pela ilumina\u00e7\u00e3o solar reflectida ou indireta (c\u00e1lculo do PPFD indireto). Esta energia ser\u00e1 complementar \u00e0 fornecida pelo sistema de ilumina\u00e7\u00e3o auxiliar.<\/p>\n\n\n\n<div class=\"wp-block-uagb-advanced-heading uagb-block-fe01f45d\"><h3 class=\"uagb-heading-text\">EST\u00daDIO DE ILUMINA\u00c7\u00c3O AUXILIAR<\/h3><\/div>\n\n\n\n<p>Tendo em conta os pontos anteriores, simulamos a distribui\u00e7\u00e3o da radia\u00e7\u00e3o luminosa atrav\u00e9s de um software especializado. Esta simula\u00e7\u00e3o permite obter uma distribui\u00e7\u00e3o exacta dos n\u00edveis esperados que ser\u00e3o tidos em conta no projeto paisag\u00edstico.<\/p>\n<\/div>\n\n\n\n<div class=\"wp-block-uagb-container uagb-block-feabeb19\">\n<figure class=\"wp-block-image size-full\"><img loading=\"lazy\" decoding=\"async\" width=\"604\" height=\"292\" src=\"https:\/\/www.terapiaurbana.com\/wp-content\/uploads\/2024\/12\/asesoramiento-iluminacion.png\" alt=\"\" class=\"wp-image-61794\" srcset=\"https:\/\/www.terapiaurbana.com\/wp-content\/uploads\/2024\/12\/asesoramiento-iluminacion.png 604w, https:\/\/www.terapiaurbana.com\/wp-content\/uploads\/2024\/12\/asesoramiento-iluminacion-300x145.png 300w\" sizes=\"auto, (max-width: 604px) 100vw, 604px\" \/><\/figure>\n<\/div>\n<\/div><\/div>\n\n<div class=\"wp-block-uagb-container uagb-block-08278de8 alignfull uagb-is-root-container\"><div class=\"uagb-container-inner-blocks-wrap\"><\/div><\/div>\n\n<div class=\"wp-block-uagb-container uagb-block-49012a0e alignfull uagb-is-root-container\"><div class=\"uagb-container-inner-blocks-wrap\">\n<div class=\"wp-block-uagb-container uagb-block-7a73fedb\">\n<div class=\"wp-block-uagb-advanced-heading uagb-block-a22d4e9f\"><h3 class=\"uagb-heading-text\">PROJECTO T\u00c9CNICO PORMENORIZADO<\/h3><\/div>\n\n\n\n<p style=\"margin-bottom:0px\">Toda a informa\u00e7\u00e3o \u00e9 detalhada e desenvolvida numa documenta\u00e7\u00e3o t\u00e9cnica de projeto, especificando o tipo e a pot\u00eancia das lumin\u00e1rias necess\u00e1rias, planos de distribui\u00e7\u00e3o e orienta\u00e7\u00e3o, com \u00e2ngulos, dist\u00e2ncias, etc., para que a necessidade de apoio \u00e0 ilumina\u00e7\u00e3o seja resolvida com garantias.<\/p>\n<\/div>\n\n\n\n<div class=\"wp-block-uagb-container uagb-block-9a47433a\"><\/div>\n<\/div><\/div>\n\n<div class=\"wp-block-uagb-container uagb-block-9fc1a833 alignfull uagb-is-root-container\"><div class=\"uagb-container-inner-blocks-wrap\">\n<div class=\"wp-block-uagb-container uagb-block-88b74ce8\">\n<figure class=\"wp-block-image size-large\"><img loading=\"lazy\" decoding=\"async\" width=\"1024\" height=\"727\" src=\"https:\/\/www.terapiaurbana.com\/wp-content\/uploads\/2024\/12\/proyecto-tecnico-detallado-2-1024x727.png\" alt=\"\" class=\"wp-image-61799\" srcset=\"https:\/\/www.terapiaurbana.com\/wp-content\/uploads\/2024\/12\/proyecto-tecnico-detallado-2-1024x727.png 1024w, https:\/\/www.terapiaurbana.com\/wp-content\/uploads\/2024\/12\/proyecto-tecnico-detallado-2-300x213.png 300w, https:\/\/www.terapiaurbana.com\/wp-content\/uploads\/2024\/12\/proyecto-tecnico-detallado-2-768x545.png 768w, https:\/\/www.terapiaurbana.com\/wp-content\/uploads\/2024\/12\/proyecto-tecnico-detallado-2.png 1280w\" sizes=\"auto, (max-width: 1024px) 100vw, 1024px\" \/><\/figure>\n<\/div>\n\n\n\n<div class=\"wp-block-uagb-container uagb-block-6fe495ed\">\n<figure class=\"wp-block-image size-large\"><img loading=\"lazy\" decoding=\"async\" width=\"641\" height=\"1024\" src=\"https:\/\/www.terapiaurbana.com\/wp-content\/uploads\/2024\/12\/proyecto-tecnico-detallado-641x1024.png\" alt=\"\" class=\"wp-image-61798\" srcset=\"https:\/\/www.terapiaurbana.com\/wp-content\/uploads\/2024\/12\/proyecto-tecnico-detallado-641x1024.png 641w, https:\/\/www.terapiaurbana.com\/wp-content\/uploads\/2024\/12\/proyecto-tecnico-detallado-188x300.png 188w, https:\/\/www.terapiaurbana.com\/wp-content\/uploads\/2024\/12\/proyecto-tecnico-detallado-768x1226.png 768w, https:\/\/www.terapiaurbana.com\/wp-content\/uploads\/2024\/12\/proyecto-tecnico-detallado-962x1536.png 962w, https:\/\/www.terapiaurbana.com\/wp-content\/uploads\/2024\/12\/proyecto-tecnico-detallado.png 980w\" sizes=\"auto, (max-width: 641px) 100vw, 641px\" \/><\/figure>\n<\/div>\n<\/div><\/div>\n\n<div class=\"wp-block-uagb-container uagb-block-f4a8bf96 alignfull uagb-is-root-container\"><div class=\"uagb-container-inner-blocks-wrap\">\n<div class=\"wp-block-uagb-container uagb-block-e830ca05\">\n<figure class=\"wp-block-image size-large\"><img loading=\"lazy\" decoding=\"async\" width=\"1024\" height=\"662\" src=\"https:\/\/www.terapiaurbana.com\/wp-content\/uploads\/2024\/12\/ilustracion-consultoria-iluminacion-1024x662.png\" alt=\"\" class=\"wp-image-61812\" srcset=\"https:\/\/www.terapiaurbana.com\/wp-content\/uploads\/2024\/12\/ilustracion-consultoria-iluminacion-1024x662.png 1024w, https:\/\/www.terapiaurbana.com\/wp-content\/uploads\/2024\/12\/ilustracion-consultoria-iluminacion-300x194.png 300w, https:\/\/www.terapiaurbana.com\/wp-content\/uploads\/2024\/12\/ilustracion-consultoria-iluminacion-768x496.png 768w, https:\/\/www.terapiaurbana.com\/wp-content\/uploads\/2024\/12\/ilustracion-consultoria-iluminacion.png 1308w\" sizes=\"auto, (max-width: 1024px) 100vw, 1024px\" \/><\/figure>\n<\/div>\n\n\n\n<div class=\"wp-block-uagb-container uagb-block-5b7798b0\">\n<figure class=\"wp-block-image size-full\"><img loading=\"lazy\" decoding=\"async\" width=\"760\" height=\"640\" src=\"https:\/\/www.terapiaurbana.com\/wp-content\/uploads\/2024\/12\/lampara-jardin-vertical-iluminacion.png\" alt=\"\" class=\"wp-image-61813\" srcset=\"https:\/\/www.terapiaurbana.com\/wp-content\/uploads\/2024\/12\/lampara-jardin-vertical-iluminacion.png 760w, https:\/\/www.terapiaurbana.com\/wp-content\/uploads\/2024\/12\/lampara-jardin-vertical-iluminacion-300x253.png 300w\" sizes=\"auto, (max-width: 760px) 100vw, 760px\" \/><\/figure>\n<\/div>\n<\/div><\/div>\n\n<div class=\"wp-block-uagb-container uagb-block-e629686e alignfull uagb-is-root-container\"><div class=\"uagb-container-inner-blocks-wrap\">\n<div class=\"wp-block-buttons is-content-justification-center is-layout-flex wp-container-core-buttons-is-layout-a89b3969 wp-block-buttons-is-layout-flex\">\n<div class=\"wp-block-button is-style-outline is-style-outline--1\"><a class=\"wp-block-button__link wp-element-button\" href=\"https:\/\/www.terapiaurbana.com\/descargas\/\">DOSSIER<\/a><\/div>\n\n\n\n<div class=\"wp-block-button\"><a class=\"wp-block-button__link has-white-color has-text-color has-link-color wp-element-button\" href=\"https:\/\/www.terapiaurbana.com\/contacto\/\">FALAREMOS?<\/a><\/div>\n<\/div>\n<\/div><\/div>\n\n<div class=\"wp-block-uagb-container uagb-block-1d76c53e alignfull uagb-is-root-container\"><div class=\"uagb-container-inner-blocks-wrap\"><\/div><\/div>\n","protected":false},"excerpt":{"rendered":"<p>CONSULTORIA EM ILUMINA\u00c7\u00c3O ILUMINA\u00c7\u00c3O ESPEC\u00cdFICA PARA PLANTAS DE INTERIOR A conce\u00e7\u00e3o da ilumina\u00e7\u00e3o auxiliar \u00e9 um aspeto cr\u00edtico dos projectos [&hellip;]<\/p>\n","protected":false},"author":1,"featured_media":0,"parent":0,"menu_order":0,"comment_status":"closed","ping_status":"closed","template":"","meta":{"_uag_custom_page_level_css":"","site-sidebar-layout":"default","site-content-layout":"","ast-site-content-layout":"full-width-container","site-content-style":"default","site-sidebar-style":"default","ast-global-header-display":"","ast-banner-title-visibility":"","ast-main-header-display":"","ast-hfb-above-header-display":"","ast-hfb-below-header-display":"","ast-hfb-mobile-header-display":"","site-post-title":"disabled","ast-breadcrumbs-content":"","ast-featured-img":"","footer-sml-layout":"","theme-transparent-header-meta":"","adv-header-id-meta":"","stick-header-meta":"","header-above-stick-meta":"","header-main-stick-meta":"","header-below-stick-meta":"","astra-migrate-meta-layouts":"default","ast-page-background-enabled":"default","ast-page-background-meta":{"desktop":{"background-color":"var(--ast-global-color-4)","background-image":"","background-repeat":"repeat","background-position":"center center","background-size":"auto","background-attachment":"scroll","background-type":"","background-media":"","overlay-type":"","overlay-color":"","overlay-opacity":"","overlay-gradient":""},"tablet":{"background-color":"","background-image":"","background-repeat":"repeat","background-position":"center center","background-size":"auto","background-attachment":"scroll","background-type":"","background-media":"","overlay-type":"","overlay-color":"","overlay-opacity":"","overlay-gradient":""},"mobile":{"background-color":"","background-image":"","background-repeat":"repeat","background-position":"center center","background-size":"auto","background-attachment":"scroll","background-type":"","background-media":"","overlay-type":"","overlay-color":"","overlay-opacity":"","overlay-gradient":""}},"ast-content-background-meta":{"desktop":{"background-color":"var(--ast-global-color-5)","background-image":"","background-repeat":"repeat","background-position":"center center","background-size":"auto","background-attachment":"scroll","background-type":"","background-media":"","overlay-type":"","overlay-color":"","overlay-opacity":"","overlay-gradient":""},"tablet":{"background-color":"var(--ast-global-color-5)","background-image":"","background-repeat":"repeat","background-position":"center center","background-size":"auto","background-attachment":"scroll","background-type":"","background-media":"","overlay-type":"","overlay-color":"","overlay-opacity":"","overlay-gradient":""},"mobile":{"background-color":"var(--ast-global-color-5)","background-image":"","background-repeat":"repeat","background-position":"center center","background-size":"auto","background-attachment":"scroll","background-type":"","background-media":"","overlay-type":"","overlay-color":"","overlay-opacity":"","overlay-gradient":""}},"footnotes":""},"class_list":["post-63779","page","type-page","status-publish","hentry"],"yoast_head":"<!-- This site is optimized with the Yoast SEO plugin v26.3 - https:\/\/yoast.com\/wordpress\/plugins\/seo\/ -->\n<title>Consultoria em ilumina\u00e7\u00e3o de jardins verticais<\/title>\n<meta name=\"description\" content=\"Descobre como real\u00e7ar o teu jardim vertical com ilumina\u00e7\u00e3o profissional. Design \u00fanico, poupan\u00e7a de energia e est\u00e9tica. Entra em contacto agora!\" \/>\n<meta name=\"robots\" content=\"index, follow, max-snippet:-1, max-image-preview:large, max-video-preview:-1\" \/>\n<link rel=\"canonical\" href=\"https:\/\/www.terapiaurbana.com\/pt-pt\/consultoria-de-iluminacao\/\" \/>\n<meta property=\"og:locale\" content=\"pt_PT\" \/>\n<meta property=\"og:type\" content=\"article\" \/>\n<meta property=\"og:title\" content=\"Consultoria em ilumina\u00e7\u00e3o de jardins verticais\" \/>\n<meta property=\"og:description\" content=\"Descobre como real\u00e7ar o teu jardim vertical com ilumina\u00e7\u00e3o profissional. Design \u00fanico, poupan\u00e7a de energia e est\u00e9tica. Entra em contacto agora!\" \/>\n<meta property=\"og:url\" content=\"https:\/\/www.terapiaurbana.com\/pt-pt\/consultoria-de-iluminacao\/\" \/>\n<meta property=\"article:publisher\" content=\"https:\/\/www.facebook.com\/terapiaurbana\/\" \/>\n<meta property=\"article:modified_time\" content=\"2025-02-13T06:38:39+00:00\" \/>\n<meta property=\"og:image\" content=\"https:\/\/www.terapiaurbana.com\/wp-content\/uploads\/2024\/12\/esquema-espectro-iluminacion.png\" \/>\n<meta name=\"twitter:card\" content=\"summary_large_image\" \/>\n<meta name=\"twitter:site\" content=\"@terapia_urbana\" \/>\n<meta name=\"twitter:label1\" content=\"Tempo estimado de leitura\" \/>\n\t<meta name=\"twitter:data1\" content=\"2 minutos\" \/>\n<script type=\"application\/ld+json\" class=\"yoast-schema-graph\">{\"@context\":\"https:\/\/schema.org\",\"@graph\":[{\"@type\":\"WebPage\",\"@id\":\"https:\/\/www.terapiaurbana.com\/pt-pt\/consultoria-de-iluminacao\/\",\"url\":\"https:\/\/www.terapiaurbana.com\/pt-pt\/consultoria-de-iluminacao\/\",\"name\":\"Consultoria em ilumina\u00e7\u00e3o de jardins verticais\",\"isPartOf\":{\"@id\":\"https:\/\/www.terapiaurbana.com\/pt-pt\/#website\"},\"primaryImageOfPage\":{\"@id\":\"https:\/\/www.terapiaurbana.com\/pt-pt\/consultoria-de-iluminacao\/#primaryimage\"},\"image\":{\"@id\":\"https:\/\/www.terapiaurbana.com\/pt-pt\/consultoria-de-iluminacao\/#primaryimage\"},\"thumbnailUrl\":\"https:\/\/www.terapiaurbana.com\/wp-content\/uploads\/2024\/12\/esquema-espectro-iluminacion.png\",\"datePublished\":\"2024-11-19T09:40:34+00:00\",\"dateModified\":\"2025-02-13T06:38:39+00:00\",\"description\":\"Descobre como real\u00e7ar o teu jardim vertical com ilumina\u00e7\u00e3o profissional. Design \u00fanico, poupan\u00e7a de energia e est\u00e9tica. Entra em contacto agora!\",\"breadcrumb\":{\"@id\":\"https:\/\/www.terapiaurbana.com\/pt-pt\/consultoria-de-iluminacao\/#breadcrumb\"},\"inLanguage\":\"pt-PT\",\"potentialAction\":[{\"@type\":\"ReadAction\",\"target\":[\"https:\/\/www.terapiaurbana.com\/pt-pt\/consultoria-de-iluminacao\/\"]}]},{\"@type\":\"ImageObject\",\"inLanguage\":\"pt-PT\",\"@id\":\"https:\/\/www.terapiaurbana.com\/pt-pt\/consultoria-de-iluminacao\/#primaryimage\",\"url\":\"https:\/\/www.terapiaurbana.com\/wp-content\/uploads\/2024\/12\/esquema-espectro-iluminacion.png\",\"contentUrl\":\"https:\/\/www.terapiaurbana.com\/wp-content\/uploads\/2024\/12\/esquema-espectro-iluminacion.png\"},{\"@type\":\"BreadcrumbList\",\"@id\":\"https:\/\/www.terapiaurbana.com\/pt-pt\/consultoria-de-iluminacao\/#breadcrumb\",\"itemListElement\":[{\"@type\":\"ListItem\",\"position\":1,\"name\":\"Portada\",\"item\":\"https:\/\/www.terapiaurbana.com\/pt-pt\/\"},{\"@type\":\"ListItem\",\"position\":2,\"name\":\"Consultoria de ilumina\u00e7\u00e3o\"}]},{\"@type\":\"WebSite\",\"@id\":\"https:\/\/www.terapiaurbana.com\/pt-pt\/#website\",\"url\":\"https:\/\/www.terapiaurbana.com\/pt-pt\/\",\"name\":\"Terapia Urbana | Especialistas en jardines verticales\",\"description\":\"Especialistas en dise\u00f1o de jardines verticales exteriores e interiores naturales con tecnolog\u00eda Fytotextile y iluminaci\u00f3n auxiliar para una sostenible y funcional\",\"alternateName\":\"Terapia Urbana\",\"potentialAction\":[{\"@type\":\"SearchAction\",\"target\":{\"@type\":\"EntryPoint\",\"urlTemplate\":\"https:\/\/www.terapiaurbana.com\/pt-pt\/?s={search_term_string}\"},\"query-input\":{\"@type\":\"PropertyValueSpecification\",\"valueRequired\":true,\"valueName\":\"search_term_string\"}}],\"inLanguage\":\"pt-PT\"}]}<\/script>\n<!-- \/ Yoast SEO plugin. -->","yoast_head_json":{"title":"Consultoria em ilumina\u00e7\u00e3o de jardins verticais","description":"Descobre como real\u00e7ar o teu jardim vertical com ilumina\u00e7\u00e3o profissional. Design \u00fanico, poupan\u00e7a de energia e est\u00e9tica. Entra em contacto agora!","robots":{"index":"index","follow":"follow","max-snippet":"max-snippet:-1","max-image-preview":"max-image-preview:large","max-video-preview":"max-video-preview:-1"},"canonical":"https:\/\/www.terapiaurbana.com\/pt-pt\/consultoria-de-iluminacao\/","og_locale":"pt_PT","og_type":"article","og_title":"Consultoria em ilumina\u00e7\u00e3o de jardins verticais","og_description":"Descobre como real\u00e7ar o teu jardim vertical com ilumina\u00e7\u00e3o profissional. Design \u00fanico, poupan\u00e7a de energia e est\u00e9tica. Entra em contacto agora!","og_url":"https:\/\/www.terapiaurbana.com\/pt-pt\/consultoria-de-iluminacao\/","article_publisher":"https:\/\/www.facebook.com\/terapiaurbana\/","article_modified_time":"2025-02-13T06:38:39+00:00","og_image":[{"url":"https:\/\/www.terapiaurbana.com\/wp-content\/uploads\/2024\/12\/esquema-espectro-iluminacion.png","type":"","width":"","height":""}],"twitter_card":"summary_large_image","twitter_site":"@terapia_urbana","twitter_misc":{"Tempo estimado de leitura":"2 minutos"},"schema":{"@context":"https:\/\/schema.org","@graph":[{"@type":"WebPage","@id":"https:\/\/www.terapiaurbana.com\/pt-pt\/consultoria-de-iluminacao\/","url":"https:\/\/www.terapiaurbana.com\/pt-pt\/consultoria-de-iluminacao\/","name":"Consultoria em ilumina\u00e7\u00e3o de jardins verticais","isPartOf":{"@id":"https:\/\/www.terapiaurbana.com\/pt-pt\/#website"},"primaryImageOfPage":{"@id":"https:\/\/www.terapiaurbana.com\/pt-pt\/consultoria-de-iluminacao\/#primaryimage"},"image":{"@id":"https:\/\/www.terapiaurbana.com\/pt-pt\/consultoria-de-iluminacao\/#primaryimage"},"thumbnailUrl":"https:\/\/www.terapiaurbana.com\/wp-content\/uploads\/2024\/12\/esquema-espectro-iluminacion.png","datePublished":"2024-11-19T09:40:34+00:00","dateModified":"2025-02-13T06:38:39+00:00","description":"Descobre como real\u00e7ar o teu jardim vertical com ilumina\u00e7\u00e3o profissional. Design \u00fanico, poupan\u00e7a de energia e est\u00e9tica. Entra em contacto agora!","breadcrumb":{"@id":"https:\/\/www.terapiaurbana.com\/pt-pt\/consultoria-de-iluminacao\/#breadcrumb"},"inLanguage":"pt-PT","potentialAction":[{"@type":"ReadAction","target":["https:\/\/www.terapiaurbana.com\/pt-pt\/consultoria-de-iluminacao\/"]}]},{"@type":"ImageObject","inLanguage":"pt-PT","@id":"https:\/\/www.terapiaurbana.com\/pt-pt\/consultoria-de-iluminacao\/#primaryimage","url":"https:\/\/www.terapiaurbana.com\/wp-content\/uploads\/2024\/12\/esquema-espectro-iluminacion.png","contentUrl":"https:\/\/www.terapiaurbana.com\/wp-content\/uploads\/2024\/12\/esquema-espectro-iluminacion.png"},{"@type":"BreadcrumbList","@id":"https:\/\/www.terapiaurbana.com\/pt-pt\/consultoria-de-iluminacao\/#breadcrumb","itemListElement":[{"@type":"ListItem","position":1,"name":"Portada","item":"https:\/\/www.terapiaurbana.com\/pt-pt\/"},{"@type":"ListItem","position":2,"name":"Consultoria de ilumina\u00e7\u00e3o"}]},{"@type":"WebSite","@id":"https:\/\/www.terapiaurbana.com\/pt-pt\/#website","url":"https:\/\/www.terapiaurbana.com\/pt-pt\/","name":"Terapia Urbana | Especialistas en jardines verticales","description":"Especialistas en dise\u00f1o de jardines verticales exteriores e interiores naturales con tecnolog\u00eda Fytotextile y iluminaci\u00f3n auxiliar para una sostenible y funcional","alternateName":"Terapia Urbana","potentialAction":[{"@type":"SearchAction","target":{"@type":"EntryPoint","urlTemplate":"https:\/\/www.terapiaurbana.com\/pt-pt\/?s={search_term_string}"},"query-input":{"@type":"PropertyValueSpecification","valueRequired":true,"valueName":"search_term_string"}}],"inLanguage":"pt-PT"}]}},"uagb_featured_image_src":{"full":false,"thumbnail":false,"medium":false,"medium_large":false,"large":false,"1536x1536":false,"2048x2048":false,"gform-image-choice-sm":false,"gform-image-choice-md":false,"gform-image-choice-lg":false},"uagb_author_info":{"display_name":"terapiaurbana","author_link":"https:\/\/www.terapiaurbana.com\/pt-pt\/author\/terapiaurbana\/"},"uagb_comment_info":0,"uagb_excerpt":"CONSULTORIA EM ILUMINA\u00c7\u00c3O ILUMINA\u00c7\u00c3O ESPEC\u00cdFICA PARA PLANTAS DE INTERIOR A conce\u00e7\u00e3o da ilumina\u00e7\u00e3o auxiliar \u00e9 um aspeto cr\u00edtico dos projectos [&hellip;]","_links":{"self":[{"href":"https:\/\/www.terapiaurbana.com\/pt-pt\/wp-json\/wp\/v2\/pages\/63779","targetHints":{"allow":["GET"]}}],"collection":[{"href":"https:\/\/www.terapiaurbana.com\/pt-pt\/wp-json\/wp\/v2\/pages"}],"about":[{"href":"https:\/\/www.terapiaurbana.com\/pt-pt\/wp-json\/wp\/v2\/types\/page"}],"author":[{"embeddable":true,"href":"https:\/\/www.terapiaurbana.com\/pt-pt\/wp-json\/wp\/v2\/users\/1"}],"replies":[{"embeddable":true,"href":"https:\/\/www.terapiaurbana.com\/pt-pt\/wp-json\/wp\/v2\/comments?post=63779"}],"version-history":[{"count":1,"href":"https:\/\/www.terapiaurbana.com\/pt-pt\/wp-json\/wp\/v2\/pages\/63779\/revisions"}],"predecessor-version":[{"id":63790,"href":"https:\/\/www.terapiaurbana.com\/pt-pt\/wp-json\/wp\/v2\/pages\/63779\/revisions\/63790"}],"wp:attachment":[{"href":"https:\/\/www.terapiaurbana.com\/pt-pt\/wp-json\/wp\/v2\/media?parent=63779"}],"curies":[{"name":"wp","href":"https:\/\/api.w.org\/{rel}","templated":true}]}}