{"id":63842,"date":"2024-12-12T10:46:29","date_gmt":"2024-12-12T09:46:29","guid":{"rendered":"https:\/\/www.terapiaurbana.com\/fytoscreen\/"},"modified":"2025-02-13T07:40:00","modified_gmt":"2025-02-13T06:40:00","slug":"fytoscreen","status":"publish","type":"page","link":"https:\/\/www.terapiaurbana.com\/pt-pt\/fytoscreen\/","title":{"rendered":"Fytoscreen"},"content":{"rendered":"\n<div class=\"wp-block-uagb-container uagb-block-65f6e5aa alignfull uagb-is-root-container\"><div class=\"uagb-container-inner-blocks-wrap\">\n<div class=\"wp-block-uagb-advanced-heading uagb-block-b7354617\"><h2 class=\"uagb-heading-text\">FYTOSCREEN<\/h2><\/div>\n<\/div><\/div>\n\n<div class=\"wp-block-uagb-container uagb-block-4761d0d0 alignfull uagb-is-root-container\"><div class=\"uagb-container-inner-blocks-wrap\"><\/div><\/div>\n\n<div class=\"wp-block-uagb-container uagb-block-712af2fa alignfull uagb-is-root-container\"><div class=\"uagb-container-inner-blocks-wrap\">\n<div class=\"wp-block-uagb-container uagb-block-4ecfba75\">\n<h2 class=\"wp-block-heading\">SISTEMA FYTOSCREEN<\/h2>\n\n\n\n<p>Sistema de paisagismo de interior, baseado na tecnologia Fytotextile\u00ae, constitu\u00eddo por telas modulares autoportantes com paisagismo de dupla face. O sistema disp\u00f5e de um sistema de rega em circuito fechado, automatizado e integrado no tanque. N\u00e3o necessita de obras de constru\u00e7\u00e3o.  <\/p>\n\n\n\n<ol class=\"wp-block-list\">\n<li>Dep\u00f3sito de \u00e1gua integrado<\/li>\n\n\n\n<li>M\u00f3dulo Fytotextile\u00ae FYTOSCREEN<\/li>\n\n\n\n<li>Planta\u00e7\u00e3o personalizada<\/li>\n\n\n\n<li>Sistema de irriga\u00e7\u00e3o integrado + bomba<\/li>\n\n\n\n<li>Programador digital<\/li>\n<\/ol>\n<\/div>\n\n\n\n<div class=\"wp-block-uagb-container uagb-block-7f7be50a\">\n<figure class=\"wp-block-image size-full\"><img loading=\"lazy\" decoding=\"async\" width=\"479\" height=\"522\" src=\"https:\/\/www.terapiaurbana.com\/wp-content\/uploads\/2024\/12\/sistema-fytoscreen.png\" alt=\"\" class=\"wp-image-61533\" srcset=\"https:\/\/www.terapiaurbana.com\/wp-content\/uploads\/2024\/12\/sistema-fytoscreen.png 479w, https:\/\/www.terapiaurbana.com\/wp-content\/uploads\/2024\/12\/sistema-fytoscreen-275x300.png 275w\" sizes=\"auto, (max-width: 479px) 100vw, 479px\" \/><\/figure>\n<\/div>\n<\/div><\/div>\n\n<div class=\"wp-block-uagb-container uagb-block-991f1fe1 alignfull uagb-is-root-container\"><div class=\"uagb-container-inner-blocks-wrap\"><\/div><\/div>\n\n<div class=\"wp-block-uagb-container uagb-block-1a0baeec alignfull uagb-is-root-container\"><div class=\"uagb-container-inner-blocks-wrap\">\n<p class=\"has-medium-font-size\"><strong>INSTALA\u00c7\u00c3O DO SISTEMA FYTOSCREEN<\/strong><\/p>\n<\/div><\/div>\n\n<div class=\"wp-block-uagb-container uagb-block-c3aef489 alignfull uagb-is-root-container\"><div class=\"uagb-container-inner-blocks-wrap\">\n<div class=\"wp-block-uagb-container uagb-block-68f89789\">\n<figure class=\"wp-block-image aligncenter size-full\"><img loading=\"lazy\" decoding=\"async\" width=\"180\" height=\"111\" src=\"https:\/\/www.terapiaurbana.com\/wp-content\/uploads\/2024\/12\/ico-slimgreenwall.png\" alt=\"\" class=\"wp-image-61511\"\/><\/figure>\n<\/div>\n\n\n\n<div class=\"wp-block-uagb-container uagb-block-43e6dda0\">\n<p>Fytoscreen\u00ae necessita de um local bem iluminado e de uma tomada el\u00e9ctrica para o sistema de irriga\u00e7\u00e3o. Em caso de ilumina\u00e7\u00e3o natural insuficiente, pode ser prevista uma ilumina\u00e7\u00e3o auxiliar espec\u00edfica para garantir um desenvolvimento correto. A instala\u00e7\u00e3o \u00e9 efectuada sem necessidade de obras, liga\u00e7\u00e3o \u00e0 rede el\u00e9ctrica, planta\u00e7\u00e3o de acordo com o projeto e reabastecimento peri\u00f3dico do dep\u00f3sito.  <\/p>\n<\/div>\n<\/div><\/div>\n\n<div class=\"wp-block-uagb-container uagb-block-c0e9fd3e alignfull uagb-is-root-container\"><div class=\"uagb-container-inner-blocks-wrap\">\n<div class=\"wp-block-uagb-container uagb-block-b84a7665\">\n<figure class=\"wp-block-image size-full\"><img loading=\"lazy\" decoding=\"async\" width=\"450\" height=\"450\" src=\"https:\/\/www.terapiaurbana.com\/wp-content\/uploads\/2024\/12\/Ilustracion-fytoscreen.jpg\" alt=\"\" class=\"wp-image-61522\" srcset=\"https:\/\/www.terapiaurbana.com\/wp-content\/uploads\/2024\/12\/Ilustracion-fytoscreen.jpg 450w, https:\/\/www.terapiaurbana.com\/wp-content\/uploads\/2024\/12\/Ilustracion-fytoscreen-300x300.jpg 300w, https:\/\/www.terapiaurbana.com\/wp-content\/uploads\/2024\/12\/Ilustracion-fytoscreen-150x150.jpg 150w, https:\/\/www.terapiaurbana.com\/wp-content\/uploads\/2024\/12\/Ilustracion-fytoscreen-400x400.jpg 400w\" sizes=\"auto, (max-width: 450px) 100vw, 450px\" \/><\/figure>\n<\/div>\n\n\n\n<div class=\"wp-block-uagb-container uagb-block-a2e03218\">\n<figure class=\"wp-block-image size-full\"><img loading=\"lazy\" decoding=\"async\" width=\"450\" height=\"450\" src=\"https:\/\/www.terapiaurbana.com\/wp-content\/uploads\/2024\/12\/Ilustracion-fytoscreen-1.jpg\" alt=\"\" class=\"wp-image-61523\" srcset=\"https:\/\/www.terapiaurbana.com\/wp-content\/uploads\/2024\/12\/Ilustracion-fytoscreen-1.jpg 450w, https:\/\/www.terapiaurbana.com\/wp-content\/uploads\/2024\/12\/Ilustracion-fytoscreen-1-300x300.jpg 300w, https:\/\/www.terapiaurbana.com\/wp-content\/uploads\/2024\/12\/Ilustracion-fytoscreen-1-150x150.jpg 150w, https:\/\/www.terapiaurbana.com\/wp-content\/uploads\/2024\/12\/Ilustracion-fytoscreen-1-400x400.jpg 400w\" sizes=\"auto, (max-width: 450px) 100vw, 450px\" \/><\/figure>\n<\/div>\n\n\n\n<div class=\"wp-block-uagb-container uagb-block-24e0dca7\">\n<figure class=\"wp-block-image size-full\"><img loading=\"lazy\" decoding=\"async\" width=\"450\" height=\"450\" src=\"https:\/\/www.terapiaurbana.com\/wp-content\/uploads\/2024\/12\/Ilustracion-fytoscreen-2.jpg\" alt=\"\" class=\"wp-image-61524\" srcset=\"https:\/\/www.terapiaurbana.com\/wp-content\/uploads\/2024\/12\/Ilustracion-fytoscreen-2.jpg 450w, https:\/\/www.terapiaurbana.com\/wp-content\/uploads\/2024\/12\/Ilustracion-fytoscreen-2-300x300.jpg 300w, https:\/\/www.terapiaurbana.com\/wp-content\/uploads\/2024\/12\/Ilustracion-fytoscreen-2-150x150.jpg 150w, https:\/\/www.terapiaurbana.com\/wp-content\/uploads\/2024\/12\/Ilustracion-fytoscreen-2-400x400.jpg 400w\" sizes=\"auto, (max-width: 450px) 100vw, 450px\" \/><\/figure>\n<\/div>\n<\/div><\/div>\n\n<div class=\"wp-block-uagb-container uagb-block-8695006b alignfull uagb-is-root-container\"><div class=\"uagb-container-inner-blocks-wrap\"><\/div><\/div>\n\n<div class=\"wp-block-uagb-container uagb-block-5d73985f alignfull uagb-is-root-container\"><div class=\"uagb-container-inner-blocks-wrap\">\n<div class=\"wp-block-uagb-container uagb-block-44573250\">\n<div class=\"wp-block-uagb-container uagb-block-ddf7028f\">\n<figure class=\"wp-block-image size-large is-resized\"><img loading=\"lazy\" decoding=\"async\" width=\"775\" height=\"1024\" src=\"https:\/\/www.terapiaurbana.com\/wp-content\/uploads\/2024\/12\/fytoscreen-775x1024.png\" alt=\"\" class=\"wp-image-61528\" style=\"width:272px;height:auto\" srcset=\"https:\/\/www.terapiaurbana.com\/wp-content\/uploads\/2024\/12\/fytoscreen-775x1024.png 775w, https:\/\/www.terapiaurbana.com\/wp-content\/uploads\/2024\/12\/fytoscreen-227x300.png 227w, https:\/\/www.terapiaurbana.com\/wp-content\/uploads\/2024\/12\/fytoscreen-768x1015.png 768w, https:\/\/www.terapiaurbana.com\/wp-content\/uploads\/2024\/12\/fytoscreen-1162x1536.png 1162w, https:\/\/www.terapiaurbana.com\/wp-content\/uploads\/2024\/12\/fytoscreen-1549x2048.png 1549w, https:\/\/www.terapiaurbana.com\/wp-content\/uploads\/2024\/12\/fytoscreen.png 2043w\" sizes=\"auto, (max-width: 775px) 100vw, 775px\" \/><\/figure>\n<\/div>\n\n\n\n<div class=\"wp-block-uagb-container uagb-block-dda61598\">\n<p style=\"margin-bottom:15px\"><strong>PADR\u00c3O<\/strong><\/p>\n\n\n\n<p style=\"margin-bottom:10px\">Dimens\u00f5es: (A) 108 cm (B) 171 cm  <\/p>\n\n\n\n<p>(C) 35 cm (D) 35 cm <\/p>\n\n\n\n<p>Capacidade de planta\u00e7\u00e3o: 6\u00d78 (48 bolsas)<\/p>\n\n\n\n<p>Cor:<\/p>\n\n\n\n<figure class=\"wp-block-image is-resized\"><img decoding=\"async\" src=\"https:\/\/www.terapiaurbana.com\/wp-content\/uploads\/2023\/05\/RRR.png\" alt=\"\" class=\"wp-image-2239\" style=\"width:208px;height:auto\"\/><\/figure>\n<\/div>\n\n\n\n<div class=\"wp-block-uagb-container uagb-block-19df6ca6\"><\/div>\n<\/div>\n\n\n\n<div class=\"wp-block-uagb-container uagb-block-32044869\"><\/div>\n\n\n\n<div class=\"wp-block-uagb-buttons uagb-buttons__outer-wrap uagb-btn__default-btn uagb-btn-tablet__default-btn uagb-btn-mobile__default-btn uagb-block-e2370505\"><div class=\"uagb-buttons__wrap uagb-buttons-layout-wrap \">\n<div class=\"wp-block-uagb-buttons-child uagb-buttons__outer-wrap uagb-block-50422beb wp-block-button\"><div class=\"uagb-button__wrapper\"><a class=\"uagb-buttons-repeater wp-block-button__link\" aria-label=\"\" href=\"https:\/\/www.terapiaurbana.com\/pt-pt\/transferencias\/\" rel=\"follow noopener\" target=\"_self\" role=\"button\"><div class=\"uagb-button__link\">DESCARREGA O DOSSIER<\/div><\/a><\/div><\/div>\n\n\n\n<div class=\"wp-block-uagb-buttons-child uagb-buttons__outer-wrap uagb-block-93b91c72 wp-block-button\"><div class=\"uagb-button__wrapper\"><a class=\"uagb-buttons-repeater wp-block-button__link\" aria-label=\"\" href=\"https:\/\/www.terapiaurbana.com\/pt-pt\/contacto\/\" rel=\"follow noopener\" target=\"_self\" role=\"button\"><div class=\"uagb-button__link\">SOLICITA UM OR\u00c7AMENTO<\/div><\/a><\/div><\/div>\n<\/div><\/div>\n<\/div><\/div>\n\n<p><\/p>\n","protected":false},"excerpt":{"rendered":"<p>FYTOSCREEN SISTEMA FYTOSCREEN Sistema de paisagismo de interior, baseado na tecnologia Fytotextile\u00ae, constitu\u00eddo por telas modulares autoportantes com paisagismo de [&hellip;]<\/p>\n","protected":false},"author":1,"featured_media":0,"parent":0,"menu_order":0,"comment_status":"closed","ping_status":"closed","template":"","meta":{"_uag_custom_page_level_css":"","site-sidebar-layout":"default","site-content-layout":"","ast-site-content-layout":"full-width-container","site-content-style":"default","site-sidebar-style":"default","ast-global-header-display":"","ast-banner-title-visibility":"","ast-main-header-display":"","ast-hfb-above-header-display":"","ast-hfb-below-header-display":"","ast-hfb-mobile-header-display":"","site-post-title":"disabled","ast-breadcrumbs-content":"","ast-featured-img":"","footer-sml-layout":"","theme-transparent-header-meta":"","adv-header-id-meta":"","stick-header-meta":"","header-above-stick-meta":"","header-main-stick-meta":"","header-below-stick-meta":"","astra-migrate-meta-layouts":"default","ast-page-background-enabled":"default","ast-page-background-meta":{"desktop":{"background-color":"var(--ast-global-color-4)","background-image":"","background-repeat":"repeat","background-position":"center center","background-size":"auto","background-attachment":"scroll","background-type":"","background-media":"","overlay-type":"","overlay-color":"","overlay-opacity":"","overlay-gradient":""},"tablet":{"background-color":"","background-image":"","background-repeat":"repeat","background-position":"center center","background-size":"auto","background-attachment":"scroll","background-type":"","background-media":"","overlay-type":"","overlay-color":"","overlay-opacity":"","overlay-gradient":""},"mobile":{"background-color":"","background-image":"","background-repeat":"repeat","background-position":"center center","background-size":"auto","background-attachment":"scroll","background-type":"","background-media":"","overlay-type":"","overlay-color":"","overlay-opacity":"","overlay-gradient":""}},"ast-content-background-meta":{"desktop":{"background-color":"var(--ast-global-color-5)","background-image":"","background-repeat":"repeat","background-position":"center center","background-size":"auto","background-attachment":"scroll","background-type":"","background-media":"","overlay-type":"","overlay-color":"","overlay-opacity":"","overlay-gradient":""},"tablet":{"background-color":"var(--ast-global-color-5)","background-image":"","background-repeat":"repeat","background-position":"center center","background-size":"auto","background-attachment":"scroll","background-type":"","background-media":"","overlay-type":"","overlay-color":"","overlay-opacity":"","overlay-gradient":""},"mobile":{"background-color":"var(--ast-global-color-5)","background-image":"","background-repeat":"repeat","background-position":"center center","background-size":"auto","background-attachment":"scroll","background-type":"","background-media":"","overlay-type":"","overlay-color":"","overlay-opacity":"","overlay-gradient":""}},"footnotes":""},"class_list":["post-63842","page","type-page","status-publish","hentry"],"yoast_head":"<!-- This site is optimized with the Yoast SEO plugin v26.3 - https:\/\/yoast.com\/wordpress\/plugins\/seo\/ -->\n<title>Sistema Fytoscreen para jardins verticais<\/title>\n<meta name=\"description\" content=\"Descobre como a Fytoscreen transforma paredes em jardins verticais deslumbrantes. Solu\u00e7\u00f5es sustent\u00e1veis e personalizadas para casas e empresas.\" \/>\n<meta name=\"robots\" content=\"index, follow, max-snippet:-1, max-image-preview:large, max-video-preview:-1\" \/>\n<link rel=\"canonical\" href=\"https:\/\/www.terapiaurbana.com\/pt-pt\/fytoscreen\/\" \/>\n<meta property=\"og:locale\" content=\"pt_PT\" \/>\n<meta property=\"og:type\" content=\"article\" \/>\n<meta property=\"og:title\" content=\"Sistema Fytoscreen para jardins verticais\" \/>\n<meta property=\"og:description\" content=\"Descobre como a Fytoscreen transforma paredes em jardins verticais deslumbrantes. Solu\u00e7\u00f5es sustent\u00e1veis e personalizadas para casas e empresas.\" \/>\n<meta property=\"og:url\" content=\"https:\/\/www.terapiaurbana.com\/pt-pt\/fytoscreen\/\" \/>\n<meta property=\"article:publisher\" content=\"https:\/\/www.facebook.com\/terapiaurbana\/\" \/>\n<meta property=\"article:modified_time\" content=\"2025-02-13T06:40:00+00:00\" \/>\n<meta property=\"og:image\" content=\"https:\/\/www.terapiaurbana.com\/wp-content\/uploads\/2024\/12\/sistema-fytoscreen.png\" \/>\n<meta name=\"twitter:card\" content=\"summary_large_image\" \/>\n<meta name=\"twitter:site\" content=\"@terapia_urbana\" \/>\n<meta name=\"twitter:label1\" content=\"Tempo estimado de leitura\" \/>\n\t<meta name=\"twitter:data1\" content=\"1 minuto\" \/>\n<script type=\"application\/ld+json\" class=\"yoast-schema-graph\">{\"@context\":\"https:\/\/schema.org\",\"@graph\":[{\"@type\":\"WebPage\",\"@id\":\"https:\/\/www.terapiaurbana.com\/pt-pt\/fytoscreen\/\",\"url\":\"https:\/\/www.terapiaurbana.com\/pt-pt\/fytoscreen\/\",\"name\":\"Sistema Fytoscreen para jardins verticais\",\"isPartOf\":{\"@id\":\"https:\/\/www.terapiaurbana.com\/pt-pt\/#website\"},\"primaryImageOfPage\":{\"@id\":\"https:\/\/www.terapiaurbana.com\/pt-pt\/fytoscreen\/#primaryimage\"},\"image\":{\"@id\":\"https:\/\/www.terapiaurbana.com\/pt-pt\/fytoscreen\/#primaryimage\"},\"thumbnailUrl\":\"https:\/\/www.terapiaurbana.com\/wp-content\/uploads\/2024\/12\/sistema-fytoscreen.png\",\"datePublished\":\"2024-12-12T09:46:29+00:00\",\"dateModified\":\"2025-02-13T06:40:00+00:00\",\"description\":\"Descobre como a Fytoscreen transforma paredes em jardins verticais deslumbrantes. Solu\u00e7\u00f5es sustent\u00e1veis e personalizadas para casas e empresas.\",\"breadcrumb\":{\"@id\":\"https:\/\/www.terapiaurbana.com\/pt-pt\/fytoscreen\/#breadcrumb\"},\"inLanguage\":\"pt-PT\",\"potentialAction\":[{\"@type\":\"ReadAction\",\"target\":[\"https:\/\/www.terapiaurbana.com\/pt-pt\/fytoscreen\/\"]}]},{\"@type\":\"ImageObject\",\"inLanguage\":\"pt-PT\",\"@id\":\"https:\/\/www.terapiaurbana.com\/pt-pt\/fytoscreen\/#primaryimage\",\"url\":\"https:\/\/www.terapiaurbana.com\/wp-content\/uploads\/2024\/12\/sistema-fytoscreen.png\",\"contentUrl\":\"https:\/\/www.terapiaurbana.com\/wp-content\/uploads\/2024\/12\/sistema-fytoscreen.png\"},{\"@type\":\"BreadcrumbList\",\"@id\":\"https:\/\/www.terapiaurbana.com\/pt-pt\/fytoscreen\/#breadcrumb\",\"itemListElement\":[{\"@type\":\"ListItem\",\"position\":1,\"name\":\"Portada\",\"item\":\"https:\/\/www.terapiaurbana.com\/pt-pt\/\"},{\"@type\":\"ListItem\",\"position\":2,\"name\":\"Fytoscreen\"}]},{\"@type\":\"WebSite\",\"@id\":\"https:\/\/www.terapiaurbana.com\/pt-pt\/#website\",\"url\":\"https:\/\/www.terapiaurbana.com\/pt-pt\/\",\"name\":\"Terapia Urbana | Especialistas en jardines verticales\",\"description\":\"Especialistas en dise\u00f1o de jardines verticales exteriores e interiores naturales con tecnolog\u00eda Fytotextile y iluminaci\u00f3n auxiliar para una sostenible y funcional\",\"alternateName\":\"Terapia Urbana\",\"potentialAction\":[{\"@type\":\"SearchAction\",\"target\":{\"@type\":\"EntryPoint\",\"urlTemplate\":\"https:\/\/www.terapiaurbana.com\/pt-pt\/?s={search_term_string}\"},\"query-input\":{\"@type\":\"PropertyValueSpecification\",\"valueRequired\":true,\"valueName\":\"search_term_string\"}}],\"inLanguage\":\"pt-PT\"}]}<\/script>\n<!-- \/ Yoast SEO plugin. -->","yoast_head_json":{"title":"Sistema Fytoscreen para jardins verticais","description":"Descobre como a Fytoscreen transforma paredes em jardins verticais deslumbrantes. Solu\u00e7\u00f5es sustent\u00e1veis e personalizadas para casas e empresas.","robots":{"index":"index","follow":"follow","max-snippet":"max-snippet:-1","max-image-preview":"max-image-preview:large","max-video-preview":"max-video-preview:-1"},"canonical":"https:\/\/www.terapiaurbana.com\/pt-pt\/fytoscreen\/","og_locale":"pt_PT","og_type":"article","og_title":"Sistema Fytoscreen para jardins verticais","og_description":"Descobre como a Fytoscreen transforma paredes em jardins verticais deslumbrantes. Solu\u00e7\u00f5es sustent\u00e1veis e personalizadas para casas e empresas.","og_url":"https:\/\/www.terapiaurbana.com\/pt-pt\/fytoscreen\/","article_publisher":"https:\/\/www.facebook.com\/terapiaurbana\/","article_modified_time":"2025-02-13T06:40:00+00:00","og_image":[{"url":"https:\/\/www.terapiaurbana.com\/wp-content\/uploads\/2024\/12\/sistema-fytoscreen.png","type":"","width":"","height":""}],"twitter_card":"summary_large_image","twitter_site":"@terapia_urbana","twitter_misc":{"Tempo estimado de leitura":"1 minuto"},"schema":{"@context":"https:\/\/schema.org","@graph":[{"@type":"WebPage","@id":"https:\/\/www.terapiaurbana.com\/pt-pt\/fytoscreen\/","url":"https:\/\/www.terapiaurbana.com\/pt-pt\/fytoscreen\/","name":"Sistema Fytoscreen para jardins verticais","isPartOf":{"@id":"https:\/\/www.terapiaurbana.com\/pt-pt\/#website"},"primaryImageOfPage":{"@id":"https:\/\/www.terapiaurbana.com\/pt-pt\/fytoscreen\/#primaryimage"},"image":{"@id":"https:\/\/www.terapiaurbana.com\/pt-pt\/fytoscreen\/#primaryimage"},"thumbnailUrl":"https:\/\/www.terapiaurbana.com\/wp-content\/uploads\/2024\/12\/sistema-fytoscreen.png","datePublished":"2024-12-12T09:46:29+00:00","dateModified":"2025-02-13T06:40:00+00:00","description":"Descobre como a Fytoscreen transforma paredes em jardins verticais deslumbrantes. Solu\u00e7\u00f5es sustent\u00e1veis e personalizadas para casas e empresas.","breadcrumb":{"@id":"https:\/\/www.terapiaurbana.com\/pt-pt\/fytoscreen\/#breadcrumb"},"inLanguage":"pt-PT","potentialAction":[{"@type":"ReadAction","target":["https:\/\/www.terapiaurbana.com\/pt-pt\/fytoscreen\/"]}]},{"@type":"ImageObject","inLanguage":"pt-PT","@id":"https:\/\/www.terapiaurbana.com\/pt-pt\/fytoscreen\/#primaryimage","url":"https:\/\/www.terapiaurbana.com\/wp-content\/uploads\/2024\/12\/sistema-fytoscreen.png","contentUrl":"https:\/\/www.terapiaurbana.com\/wp-content\/uploads\/2024\/12\/sistema-fytoscreen.png"},{"@type":"BreadcrumbList","@id":"https:\/\/www.terapiaurbana.com\/pt-pt\/fytoscreen\/#breadcrumb","itemListElement":[{"@type":"ListItem","position":1,"name":"Portada","item":"https:\/\/www.terapiaurbana.com\/pt-pt\/"},{"@type":"ListItem","position":2,"name":"Fytoscreen"}]},{"@type":"WebSite","@id":"https:\/\/www.terapiaurbana.com\/pt-pt\/#website","url":"https:\/\/www.terapiaurbana.com\/pt-pt\/","name":"Terapia Urbana | Especialistas en jardines verticales","description":"Especialistas en dise\u00f1o de jardines verticales exteriores e interiores naturales con tecnolog\u00eda Fytotextile y iluminaci\u00f3n auxiliar para una sostenible y funcional","alternateName":"Terapia Urbana","potentialAction":[{"@type":"SearchAction","target":{"@type":"EntryPoint","urlTemplate":"https:\/\/www.terapiaurbana.com\/pt-pt\/?s={search_term_string}"},"query-input":{"@type":"PropertyValueSpecification","valueRequired":true,"valueName":"search_term_string"}}],"inLanguage":"pt-PT"}]}},"uagb_featured_image_src":{"full":false,"thumbnail":false,"medium":false,"medium_large":false,"large":false,"1536x1536":false,"2048x2048":false,"gform-image-choice-sm":false,"gform-image-choice-md":false,"gform-image-choice-lg":false},"uagb_author_info":{"display_name":"terapiaurbana","author_link":"https:\/\/www.terapiaurbana.com\/pt-pt\/author\/terapiaurbana\/"},"uagb_comment_info":0,"uagb_excerpt":"FYTOSCREEN SISTEMA FYTOSCREEN Sistema de paisagismo de interior, baseado na tecnologia Fytotextile\u00ae, constitu\u00eddo por telas modulares autoportantes com paisagismo de [&hellip;]","_links":{"self":[{"href":"https:\/\/www.terapiaurbana.com\/pt-pt\/wp-json\/wp\/v2\/pages\/63842","targetHints":{"allow":["GET"]}}],"collection":[{"href":"https:\/\/www.terapiaurbana.com\/pt-pt\/wp-json\/wp\/v2\/pages"}],"about":[{"href":"https:\/\/www.terapiaurbana.com\/pt-pt\/wp-json\/wp\/v2\/types\/page"}],"author":[{"embeddable":true,"href":"https:\/\/www.terapiaurbana.com\/pt-pt\/wp-json\/wp\/v2\/users\/1"}],"replies":[{"embeddable":true,"href":"https:\/\/www.terapiaurbana.com\/pt-pt\/wp-json\/wp\/v2\/comments?post=63842"}],"version-history":[{"count":1,"href":"https:\/\/www.terapiaurbana.com\/pt-pt\/wp-json\/wp\/v2\/pages\/63842\/revisions"}],"predecessor-version":[{"id":63851,"href":"https:\/\/www.terapiaurbana.com\/pt-pt\/wp-json\/wp\/v2\/pages\/63842\/revisions\/63851"}],"wp:attachment":[{"href":"https:\/\/www.terapiaurbana.com\/pt-pt\/wp-json\/wp\/v2\/media?parent=63842"}],"curies":[{"name":"wp","href":"https:\/\/api.w.org\/{rel}","templated":true}]}}