{"id":63852,"date":"2024-11-19T10:42:55","date_gmt":"2024-11-19T09:42:55","guid":{"rendered":"https:\/\/www.terapiaurbana.com\/idi\/"},"modified":"2025-02-13T07:40:42","modified_gmt":"2025-02-13T06:40:42","slug":"idi","status":"publish","type":"page","link":"https:\/\/www.terapiaurbana.com\/pt-pt\/idi\/","title":{"rendered":"I+D+I"},"content":{"rendered":"\n<div class=\"wp-block-uagb-container uagb-block-ce92037f alignfull uagb-is-root-container\"><div class=\"uagb-container-inner-blocks-wrap\">\n<div class=\"wp-block-uagb-advanced-heading uagb-block-5609a7cf\"><h2 class=\"uagb-heading-text\">I+D+I<\/h2><\/div>\n<\/div><\/div>\n\n<div class=\"wp-block-uagb-container uagb-block-a3da9b46 alignfull uagb-is-root-container\"><div class=\"uagb-container-inner-blocks-wrap\"><\/div><\/div>\n\n<div class=\"wp-block-uagb-container uagb-block-0722e0dd alignfull uagb-is-root-container\"><div class=\"uagb-container-inner-blocks-wrap\">\n<div class=\"wp-block-uagb-advanced-heading uagb-block-d426dd35\"><h2 class=\"uagb-heading-text\">INVESTIGA\u00c7\u00c3O + DESENVOLVIMENTO + INOVA\u00c7\u00c3O<\/h2><\/div>\n\n\n\n<p>A investiga\u00e7\u00e3o na Universidade de Sevilha \u00e9 a base do nosso know-how em fachadas ajardinadas. Somos uma spin-off da Universidade de Sevilha e colaboramos com o grupo de investiga\u00e7\u00e3o AGR-268- Naturaci\u00f3n Urbana e Ingenier\u00eda de Biosistemas (Naturib). Os nossos primeiros prot\u00f3tipos de jardins verticais surgiram em 2007 nos laborat\u00f3rios de Natura\u00e7\u00e3o Urbana da E.T.S.I.A.  <\/p>\n<\/div><\/div>\n\n<div class=\"wp-block-uagb-container uagb-block-69df78e2 alignfull uagb-is-root-container\"><div class=\"uagb-container-inner-blocks-wrap\">\n<div class=\"wp-block-uagb-container uagb-block-c01c92a9\">\n<div class=\"wp-block-uagb-advanced-heading uagb-block-0370fafc\"><h2 class=\"uagb-heading-text\">BASE CIENT\u00cdFICA<\/h2><\/div>\n\n\n\n<p>A nossa base \u00e9 a investiga\u00e7\u00e3o. O conhecimento cient\u00edfico permite-nos desenvolver sistemas de jardins verticais que integram a natureza nos edif\u00edcios de forma controlada com os resultados de numerosos testes. A nossa proposta de valor: oferecer sistemas de constru\u00e7\u00e3o profissionais com elevado desempenho t\u00e9cnico que garantem os melhores resultados.  <\/p>\n<\/div>\n\n\n\n<div class=\"wp-block-uagb-container uagb-block-48e2dcf2\">\n<figure class=\"wp-block-image size-full\"><img loading=\"lazy\" decoding=\"async\" width=\"500\" height=\"500\" src=\"https:\/\/www.terapiaurbana.com\/wp-content\/uploads\/2024\/12\/jardin-vertical-investigacion.jpg\" alt=\"\" class=\"wp-image-61257\" srcset=\"https:\/\/www.terapiaurbana.com\/wp-content\/uploads\/2024\/12\/jardin-vertical-investigacion.jpg 500w, https:\/\/www.terapiaurbana.com\/wp-content\/uploads\/2024\/12\/jardin-vertical-investigacion-300x300.jpg 300w, https:\/\/www.terapiaurbana.com\/wp-content\/uploads\/2024\/12\/jardin-vertical-investigacion-150x150.jpg 150w, https:\/\/www.terapiaurbana.com\/wp-content\/uploads\/2024\/12\/jardin-vertical-investigacion-400x400.jpg 400w\" sizes=\"auto, (max-width: 500px) 100vw, 500px\" \/><\/figure>\n<\/div>\n<\/div><\/div>\n\n<div class=\"wp-block-uagb-container uagb-block-bfa14c87 alignfull uagb-is-root-container\"><div class=\"uagb-container-inner-blocks-wrap\">\n<div class=\"wp-block-uagb-advanced-heading uagb-block-4d43a789\"><h2 class=\"uagb-heading-text\">PATENTES COMO RESULTADO<\/h2><\/div>\n\n\n\n<p>A nossa tecnologia Fytotextile\u00ae para muros verdes, assim como o resto dos nossos desenvolvimentos, est\u00e1 patenteada e \u00e9 um sistema exclusivo da Terapia Urbana. Os nossos sistemas s\u00e3o o resultado da investiga\u00e7\u00e3o levada a cabo na Universidade de Sevilha desde 2006, e da experi\u00eancia e desenvolvimento cont\u00ednuo ap\u00f3s milhares de projectos \u33a1 realizados. <\/p>\n<\/div><\/div>\n\n<div class=\"wp-block-uagb-container uagb-block-d58e79b9 alignfull uagb-is-root-container\"><div class=\"uagb-container-inner-blocks-wrap\"><\/div><\/div>\n\n<div class=\"wp-block-uagb-container uagb-block-9b8f34a1 alignfull uagb-is-root-container\"><div class=\"uagb-container-inner-blocks-wrap\">\n<div class=\"wp-block-uagb-container uagb-block-14777786\">\n<div class=\"wp-block-uagb-advanced-heading uagb-block-872750a1\"><h2 class=\"uagb-heading-text\">PUBLICA\u00c7\u00d5ES CIENT\u00cdFICAS<\/h2><\/div>\n\n\n\n<p>O resultado da nossa investiga\u00e7\u00e3o, em colabora\u00e7\u00e3o com o grupo Naturib, traduz-se em publica\u00e7\u00f5es cient\u00edficas especializadas que aprofundam aspectos fundamentais como a irriga\u00e7\u00e3o, a ilumina\u00e7\u00e3o fotossint\u00e9tica ou os melhores tipos de suportes de cultura para fachadas ajardinadas. Caracterizamos e medimos os benef\u00edcios que trazem \u00e0s pessoas e aos edif\u00edcios onde s\u00e3o instalados. A nossa investiga\u00e7\u00e3o d\u00e1-nos as garantias t\u00e9cnicas e cient\u00edficas para desenvolver <strong>solu\u00e7\u00f5es baseadas na natureza<\/strong> com elevado valor acrescentado que tornam os edif\u00edcios e as cidades mais verdes.  <\/p>\n\n\n\n<div class=\"wp-block-buttons is-layout-flex wp-block-buttons-is-layout-flex\">\n<div class=\"wp-block-button\"><a class=\"wp-block-button__link has-ast-global-color-5-color has-text-color has-link-color wp-element-button\" href=\"https:\/\/www.terapiaurbana.com\/pt-pt\/contacto\/\">Contacta-nos<\/a><\/div>\n<\/div>\n<\/div>\n\n\n\n<div class=\"wp-block-uagb-container uagb-block-e962d016\">\n<figure class=\"wp-block-image size-full\"><img loading=\"lazy\" decoding=\"async\" width=\"500\" height=\"500\" src=\"https:\/\/www.terapiaurbana.com\/wp-content\/uploads\/2024\/12\/jardin-vertical-publicaciones-cientificas.jpg\" alt=\"\" class=\"wp-image-61261\" srcset=\"https:\/\/www.terapiaurbana.com\/wp-content\/uploads\/2024\/12\/jardin-vertical-publicaciones-cientificas.jpg 500w, https:\/\/www.terapiaurbana.com\/wp-content\/uploads\/2024\/12\/jardin-vertical-publicaciones-cientificas-300x300.jpg 300w, https:\/\/www.terapiaurbana.com\/wp-content\/uploads\/2024\/12\/jardin-vertical-publicaciones-cientificas-150x150.jpg 150w, https:\/\/www.terapiaurbana.com\/wp-content\/uploads\/2024\/12\/jardin-vertical-publicaciones-cientificas-400x400.jpg 400w\" sizes=\"auto, (max-width: 500px) 100vw, 500px\" \/><\/figure>\n<\/div>\n<\/div><\/div>\n","protected":false},"excerpt":{"rendered":"<p>I+D+I INVESTIGA\u00c7\u00c3O + DESENVOLVIMENTO + INOVA\u00c7\u00c3O A investiga\u00e7\u00e3o na Universidade de Sevilha \u00e9 a base do nosso know-how em fachadas [&hellip;]<\/p>\n","protected":false},"author":1,"featured_media":0,"parent":0,"menu_order":0,"comment_status":"closed","ping_status":"closed","template":"","meta":{"_uag_custom_page_level_css":"","site-sidebar-layout":"default","site-content-layout":"","ast-site-content-layout":"full-width-container","site-content-style":"default","site-sidebar-style":"default","ast-global-header-display":"","ast-banner-title-visibility":"","ast-main-header-display":"","ast-hfb-above-header-display":"","ast-hfb-below-header-display":"","ast-hfb-mobile-header-display":"","site-post-title":"disabled","ast-breadcrumbs-content":"","ast-featured-img":"","footer-sml-layout":"","theme-transparent-header-meta":"","adv-header-id-meta":"","stick-header-meta":"","header-above-stick-meta":"","header-main-stick-meta":"","header-below-stick-meta":"","astra-migrate-meta-layouts":"default","ast-page-background-enabled":"default","ast-page-background-meta":{"desktop":{"background-color":"var(--ast-global-color-4)","background-image":"","background-repeat":"repeat","background-position":"center center","background-size":"auto","background-attachment":"scroll","background-type":"","background-media":"","overlay-type":"","overlay-color":"","overlay-opacity":"","overlay-gradient":""},"tablet":{"background-color":"","background-image":"","background-repeat":"repeat","background-position":"center center","background-size":"auto","background-attachment":"scroll","background-type":"","background-media":"","overlay-type":"","overlay-color":"","overlay-opacity":"","overlay-gradient":""},"mobile":{"background-color":"","background-image":"","background-repeat":"repeat","background-position":"center center","background-size":"auto","background-attachment":"scroll","background-type":"","background-media":"","overlay-type":"","overlay-color":"","overlay-opacity":"","overlay-gradient":""}},"ast-content-background-meta":{"desktop":{"background-color":"var(--ast-global-color-5)","background-image":"","background-repeat":"repeat","background-position":"center center","background-size":"auto","background-attachment":"scroll","background-type":"","background-media":"","overlay-type":"","overlay-color":"","overlay-opacity":"","overlay-gradient":""},"tablet":{"background-color":"var(--ast-global-color-5)","background-image":"","background-repeat":"repeat","background-position":"center center","background-size":"auto","background-attachment":"scroll","background-type":"","background-media":"","overlay-type":"","overlay-color":"","overlay-opacity":"","overlay-gradient":""},"mobile":{"background-color":"var(--ast-global-color-5)","background-image":"","background-repeat":"repeat","background-position":"center center","background-size":"auto","background-attachment":"scroll","background-type":"","background-media":"","overlay-type":"","overlay-color":"","overlay-opacity":"","overlay-gradient":""}},"footnotes":""},"class_list":["post-63852","page","type-page","status-publish","hentry"],"yoast_head":"<!-- This site is optimized with the Yoast SEO plugin v26.3 - https:\/\/yoast.com\/wordpress\/plugins\/seo\/ -->\n<title>I&amp;D&amp;I em Jardins Verticais: Inova\u00e7\u00e3o e Sustentabilidade<\/title>\n<meta name=\"description\" content=\"Lideramos o desenvolvimento de I+D+i em jardins verticais, criando solu\u00e7\u00f5es inovadoras que fundem design, natureza e tecnologia.\" \/>\n<meta name=\"robots\" content=\"index, follow, max-snippet:-1, max-image-preview:large, max-video-preview:-1\" \/>\n<link rel=\"canonical\" href=\"https:\/\/www.terapiaurbana.com\/pt-pt\/idi\/\" \/>\n<meta property=\"og:locale\" content=\"pt_PT\" \/>\n<meta property=\"og:type\" content=\"article\" \/>\n<meta property=\"og:title\" content=\"I&amp;D&amp;I em Jardins Verticais: Inova\u00e7\u00e3o e Sustentabilidade\" \/>\n<meta property=\"og:description\" content=\"Lideramos o desenvolvimento de I+D+i em jardins verticais, criando solu\u00e7\u00f5es inovadoras que fundem design, natureza e tecnologia.\" \/>\n<meta property=\"og:url\" content=\"https:\/\/www.terapiaurbana.com\/pt-pt\/idi\/\" \/>\n<meta property=\"article:publisher\" content=\"https:\/\/www.facebook.com\/terapiaurbana\/\" \/>\n<meta property=\"article:modified_time\" content=\"2025-02-13T06:40:42+00:00\" \/>\n<meta property=\"og:image\" content=\"https:\/\/www.terapiaurbana.com\/wp-content\/uploads\/2024\/12\/jardin-vertical-investigacion.jpg\" \/>\n<meta name=\"twitter:card\" content=\"summary_large_image\" \/>\n<meta name=\"twitter:site\" content=\"@terapia_urbana\" \/>\n<meta name=\"twitter:label1\" content=\"Tempo estimado de leitura\" \/>\n\t<meta name=\"twitter:data1\" content=\"1 minuto\" \/>\n<script type=\"application\/ld+json\" class=\"yoast-schema-graph\">{\"@context\":\"https:\/\/schema.org\",\"@graph\":[{\"@type\":\"WebPage\",\"@id\":\"https:\/\/www.terapiaurbana.com\/pt-pt\/idi\/\",\"url\":\"https:\/\/www.terapiaurbana.com\/pt-pt\/idi\/\",\"name\":\"I&D&I em Jardins Verticais: Inova\u00e7\u00e3o e Sustentabilidade\",\"isPartOf\":{\"@id\":\"https:\/\/www.terapiaurbana.com\/pt-pt\/#website\"},\"primaryImageOfPage\":{\"@id\":\"https:\/\/www.terapiaurbana.com\/pt-pt\/idi\/#primaryimage\"},\"image\":{\"@id\":\"https:\/\/www.terapiaurbana.com\/pt-pt\/idi\/#primaryimage\"},\"thumbnailUrl\":\"https:\/\/www.terapiaurbana.com\/wp-content\/uploads\/2024\/12\/jardin-vertical-investigacion.jpg\",\"datePublished\":\"2024-11-19T09:42:55+00:00\",\"dateModified\":\"2025-02-13T06:40:42+00:00\",\"description\":\"Lideramos o desenvolvimento de I+D+i em jardins verticais, criando solu\u00e7\u00f5es inovadoras que fundem design, natureza e tecnologia.\",\"breadcrumb\":{\"@id\":\"https:\/\/www.terapiaurbana.com\/pt-pt\/idi\/#breadcrumb\"},\"inLanguage\":\"pt-PT\",\"potentialAction\":[{\"@type\":\"ReadAction\",\"target\":[\"https:\/\/www.terapiaurbana.com\/pt-pt\/idi\/\"]}]},{\"@type\":\"ImageObject\",\"inLanguage\":\"pt-PT\",\"@id\":\"https:\/\/www.terapiaurbana.com\/pt-pt\/idi\/#primaryimage\",\"url\":\"https:\/\/www.terapiaurbana.com\/wp-content\/uploads\/2024\/12\/jardin-vertical-investigacion.jpg\",\"contentUrl\":\"https:\/\/www.terapiaurbana.com\/wp-content\/uploads\/2024\/12\/jardin-vertical-investigacion.jpg\"},{\"@type\":\"BreadcrumbList\",\"@id\":\"https:\/\/www.terapiaurbana.com\/pt-pt\/idi\/#breadcrumb\",\"itemListElement\":[{\"@type\":\"ListItem\",\"position\":1,\"name\":\"Portada\",\"item\":\"https:\/\/www.terapiaurbana.com\/pt-pt\/\"},{\"@type\":\"ListItem\",\"position\":2,\"name\":\"I+D+I\"}]},{\"@type\":\"WebSite\",\"@id\":\"https:\/\/www.terapiaurbana.com\/pt-pt\/#website\",\"url\":\"https:\/\/www.terapiaurbana.com\/pt-pt\/\",\"name\":\"Terapia Urbana | Especialistas en jardines verticales\",\"description\":\"Especialistas en dise\u00f1o de jardines verticales exteriores e interiores naturales con tecnolog\u00eda Fytotextile y iluminaci\u00f3n auxiliar para una sostenible y funcional\",\"alternateName\":\"Terapia Urbana\",\"potentialAction\":[{\"@type\":\"SearchAction\",\"target\":{\"@type\":\"EntryPoint\",\"urlTemplate\":\"https:\/\/www.terapiaurbana.com\/pt-pt\/?s={search_term_string}\"},\"query-input\":{\"@type\":\"PropertyValueSpecification\",\"valueRequired\":true,\"valueName\":\"search_term_string\"}}],\"inLanguage\":\"pt-PT\"}]}<\/script>\n<!-- \/ Yoast SEO plugin. -->","yoast_head_json":{"title":"I&D&I em Jardins Verticais: Inova\u00e7\u00e3o e Sustentabilidade","description":"Lideramos o desenvolvimento de I+D+i em jardins verticais, criando solu\u00e7\u00f5es inovadoras que fundem design, natureza e tecnologia.","robots":{"index":"index","follow":"follow","max-snippet":"max-snippet:-1","max-image-preview":"max-image-preview:large","max-video-preview":"max-video-preview:-1"},"canonical":"https:\/\/www.terapiaurbana.com\/pt-pt\/idi\/","og_locale":"pt_PT","og_type":"article","og_title":"I&D&I em Jardins Verticais: Inova\u00e7\u00e3o e Sustentabilidade","og_description":"Lideramos o desenvolvimento de I+D+i em jardins verticais, criando solu\u00e7\u00f5es inovadoras que fundem design, natureza e tecnologia.","og_url":"https:\/\/www.terapiaurbana.com\/pt-pt\/idi\/","article_publisher":"https:\/\/www.facebook.com\/terapiaurbana\/","article_modified_time":"2025-02-13T06:40:42+00:00","og_image":[{"url":"https:\/\/www.terapiaurbana.com\/wp-content\/uploads\/2024\/12\/jardin-vertical-investigacion.jpg","type":"","width":"","height":""}],"twitter_card":"summary_large_image","twitter_site":"@terapia_urbana","twitter_misc":{"Tempo estimado de leitura":"1 minuto"},"schema":{"@context":"https:\/\/schema.org","@graph":[{"@type":"WebPage","@id":"https:\/\/www.terapiaurbana.com\/pt-pt\/idi\/","url":"https:\/\/www.terapiaurbana.com\/pt-pt\/idi\/","name":"I&D&I em Jardins Verticais: Inova\u00e7\u00e3o e Sustentabilidade","isPartOf":{"@id":"https:\/\/www.terapiaurbana.com\/pt-pt\/#website"},"primaryImageOfPage":{"@id":"https:\/\/www.terapiaurbana.com\/pt-pt\/idi\/#primaryimage"},"image":{"@id":"https:\/\/www.terapiaurbana.com\/pt-pt\/idi\/#primaryimage"},"thumbnailUrl":"https:\/\/www.terapiaurbana.com\/wp-content\/uploads\/2024\/12\/jardin-vertical-investigacion.jpg","datePublished":"2024-11-19T09:42:55+00:00","dateModified":"2025-02-13T06:40:42+00:00","description":"Lideramos o desenvolvimento de I+D+i em jardins verticais, criando solu\u00e7\u00f5es inovadoras que fundem design, natureza e tecnologia.","breadcrumb":{"@id":"https:\/\/www.terapiaurbana.com\/pt-pt\/idi\/#breadcrumb"},"inLanguage":"pt-PT","potentialAction":[{"@type":"ReadAction","target":["https:\/\/www.terapiaurbana.com\/pt-pt\/idi\/"]}]},{"@type":"ImageObject","inLanguage":"pt-PT","@id":"https:\/\/www.terapiaurbana.com\/pt-pt\/idi\/#primaryimage","url":"https:\/\/www.terapiaurbana.com\/wp-content\/uploads\/2024\/12\/jardin-vertical-investigacion.jpg","contentUrl":"https:\/\/www.terapiaurbana.com\/wp-content\/uploads\/2024\/12\/jardin-vertical-investigacion.jpg"},{"@type":"BreadcrumbList","@id":"https:\/\/www.terapiaurbana.com\/pt-pt\/idi\/#breadcrumb","itemListElement":[{"@type":"ListItem","position":1,"name":"Portada","item":"https:\/\/www.terapiaurbana.com\/pt-pt\/"},{"@type":"ListItem","position":2,"name":"I+D+I"}]},{"@type":"WebSite","@id":"https:\/\/www.terapiaurbana.com\/pt-pt\/#website","url":"https:\/\/www.terapiaurbana.com\/pt-pt\/","name":"Terapia Urbana | Especialistas en jardines verticales","description":"Especialistas en dise\u00f1o de jardines verticales exteriores e interiores naturales con tecnolog\u00eda Fytotextile y iluminaci\u00f3n auxiliar para una sostenible y funcional","alternateName":"Terapia Urbana","potentialAction":[{"@type":"SearchAction","target":{"@type":"EntryPoint","urlTemplate":"https:\/\/www.terapiaurbana.com\/pt-pt\/?s={search_term_string}"},"query-input":{"@type":"PropertyValueSpecification","valueRequired":true,"valueName":"search_term_string"}}],"inLanguage":"pt-PT"}]}},"uagb_featured_image_src":{"full":false,"thumbnail":false,"medium":false,"medium_large":false,"large":false,"1536x1536":false,"2048x2048":false,"gform-image-choice-sm":false,"gform-image-choice-md":false,"gform-image-choice-lg":false},"uagb_author_info":{"display_name":"terapiaurbana","author_link":"https:\/\/www.terapiaurbana.com\/pt-pt\/author\/terapiaurbana\/"},"uagb_comment_info":0,"uagb_excerpt":"I+D+I INVESTIGA\u00c7\u00c3O + DESENVOLVIMENTO + INOVA\u00c7\u00c3O A investiga\u00e7\u00e3o na Universidade de Sevilha \u00e9 a base do nosso know-how em fachadas [&hellip;]","_links":{"self":[{"href":"https:\/\/www.terapiaurbana.com\/pt-pt\/wp-json\/wp\/v2\/pages\/63852","targetHints":{"allow":["GET"]}}],"collection":[{"href":"https:\/\/www.terapiaurbana.com\/pt-pt\/wp-json\/wp\/v2\/pages"}],"about":[{"href":"https:\/\/www.terapiaurbana.com\/pt-pt\/wp-json\/wp\/v2\/types\/page"}],"author":[{"embeddable":true,"href":"https:\/\/www.terapiaurbana.com\/pt-pt\/wp-json\/wp\/v2\/users\/1"}],"replies":[{"embeddable":true,"href":"https:\/\/www.terapiaurbana.com\/pt-pt\/wp-json\/wp\/v2\/comments?post=63852"}],"version-history":[{"count":1,"href":"https:\/\/www.terapiaurbana.com\/pt-pt\/wp-json\/wp\/v2\/pages\/63852\/revisions"}],"predecessor-version":[{"id":63857,"href":"https:\/\/www.terapiaurbana.com\/pt-pt\/wp-json\/wp\/v2\/pages\/63852\/revisions\/63857"}],"wp:attachment":[{"href":"https:\/\/www.terapiaurbana.com\/pt-pt\/wp-json\/wp\/v2\/media?parent=63852"}],"curies":[{"name":"wp","href":"https:\/\/api.w.org\/{rel}","templated":true}]}}