{"id":63895,"date":"2024-11-19T10:44:38","date_gmt":"2024-11-19T09:44:38","guid":{"rendered":"https:\/\/www.terapiaurbana.com\/nos\/"},"modified":"2025-02-20T10:46:25","modified_gmt":"2025-02-20T09:46:25","slug":"nos","status":"publish","type":"page","link":"https:\/\/www.terapiaurbana.com\/pt-pt\/nos\/","title":{"rendered":"N\u00f3s"},"content":{"rendered":"\n<div class=\"wp-block-uagb-container uagb-block-e86d51ec alignfull uagb-is-root-container\"><div class=\"uagb-container-inner-blocks-wrap\"><\/div><\/div>\n\n<div class=\"wp-block-uagb-container uagb-block-34d4f534 alignfull uagb-is-root-container\"><div class=\"uagb-container-inner-blocks-wrap\">\n<div class=\"wp-block-uagb-advanced-heading uagb-block-0909ee08\"><h2 class=\"uagb-heading-text\">SOBRE N\u00d3S<\/h2><\/div>\n\n\n\n<p>A Terapia Urbana surgiu na Universidade de Sevilha em 2010, a partir de um grupo de investigadores em nata\u00e7\u00e3o urbana. Atualmente a nossa equipa \u00e9 composta por Dr. Agr\u00f3nomos, Arquitectos, Arquitectos Paisagistas e Designers, altamente especializados em arquitetura sustent\u00e1vel, fitotecnia, paisagismo sustent\u00e1vel e engenharia hidr\u00e1ulica. Temos mais de <strong>31.000 m2<\/strong> de jardins verticais e telhados verdes conclu\u00eddos com sucesso em mais de 23 mercados internacionais.  <\/p>\n<\/div><\/div>\n\n<div class=\"wp-block-uagb-container vision uagb-block-1b32f1c7 alignfull uagb-is-root-container\"><div class=\"uagb-container-inner-blocks-wrap\">\n<div class=\"wp-block-uagb-container uagb-block-0be49794\">\n<figure class=\"wp-block-image size-full\"><img loading=\"lazy\" decoding=\"async\" width=\"518\" height=\"266\" src=\"https:\/\/www.terapiaurbana.com\/wp-content\/uploads\/2024\/12\/vision-terapia-urbana.png\" alt=\"\" class=\"wp-image-61566\" srcset=\"https:\/\/www.terapiaurbana.com\/wp-content\/uploads\/2024\/12\/vision-terapia-urbana.png 518w, https:\/\/www.terapiaurbana.com\/wp-content\/uploads\/2024\/12\/vision-terapia-urbana-300x154.png 300w\" sizes=\"auto, (max-width: 518px) 100vw, 518px\" \/><\/figure>\n\n\n\n<p class=\"has-medium-font-size\"><strong>MISS\u00c3O<\/strong><\/p>\n\n\n\n<div class=\"wp-block-uagb-container uagb-block-99ef8dbd\">\n<div class=\"wp-block-uagb-image alignleft uagb-block-a474e237 wp-block-uagb-image--layout-default wp-block-uagb-image--effect-static wp-block-uagb-image--align-left\"><figure class=\"wp-block-uagb-image__figure\"><img decoding=\"async\" srcset=\"https:\/\/www.terapiaurbana.com\/wp-content\/uploads\/2025\/02\/check.jpg ,https:\/\/www.terapiaurbana.com\/wp-content\/uploads\/2025\/02\/check.jpg 780w, https:\/\/www.terapiaurbana.com\/wp-content\/uploads\/2025\/02\/check.jpg 360w\" sizes=\"auto, (max-width: 480px) 150px\" src=\"https:\/\/www.terapiaurbana.com\/wp-content\/uploads\/2025\/02\/check.jpg\" alt=\"\" class=\"uag-image-64082\" width=\"25\" height=\"332\" title=\"verifica\" loading=\"lazy\" role=\"img\"><\/figure><\/div>\n\n\n\n<p style=\"margin-top:0px;margin-bottom:0px\">Melhorar a qualidade de vida<\/p>\n<\/div>\n\n\n\n<div class=\"wp-block-uagb-container uagb-block-fcfa799c\">\n<div class=\"wp-block-uagb-image alignleft uagb-block-e6f31971 wp-block-uagb-image--layout-default wp-block-uagb-image--effect-static wp-block-uagb-image--align-left\"><figure class=\"wp-block-uagb-image__figure\"><img decoding=\"async\" srcset=\"https:\/\/www.terapiaurbana.com\/wp-content\/uploads\/2025\/02\/check.jpg ,https:\/\/www.terapiaurbana.com\/wp-content\/uploads\/2025\/02\/check.jpg 780w, https:\/\/www.terapiaurbana.com\/wp-content\/uploads\/2025\/02\/check.jpg 360w\" sizes=\"auto, (max-width: 480px) 150px\" src=\"https:\/\/www.terapiaurbana.com\/wp-content\/uploads\/2025\/02\/check.jpg\" alt=\"\" class=\"uag-image-64082\" width=\"25\" height=\"332\" title=\"verifica\" loading=\"lazy\" role=\"img\"><\/figure><\/div>\n\n\n\n<p style=\"margin-top:0px;margin-bottom:0px\">Liga-te \u00e0 natureza<\/p>\n<\/div>\n\n\n\n<div class=\"wp-block-uagb-container uagb-block-382827b8\">\n<div class=\"wp-block-uagb-image alignleft uagb-block-c8238ba7 wp-block-uagb-image--layout-default wp-block-uagb-image--effect-static wp-block-uagb-image--align-left\"><figure class=\"wp-block-uagb-image__figure\"><img decoding=\"async\" srcset=\"https:\/\/www.terapiaurbana.com\/wp-content\/uploads\/2025\/02\/check.jpg ,https:\/\/www.terapiaurbana.com\/wp-content\/uploads\/2025\/02\/check.jpg 780w, https:\/\/www.terapiaurbana.com\/wp-content\/uploads\/2025\/02\/check.jpg 360w\" sizes=\"auto, (max-width: 480px) 150px\" src=\"https:\/\/www.terapiaurbana.com\/wp-content\/uploads\/2025\/02\/check.jpg\" alt=\"\" class=\"uag-image-64082\" width=\"25\" height=\"332\" title=\"verifica\" loading=\"lazy\" role=\"img\"><\/figure><\/div>\n\n\n\n<p style=\"margin-top:0px;margin-bottom:0px\">Profissionalizar o sector<\/p>\n<\/div>\n<\/div>\n\n\n\n<div class=\"wp-block-uagb-container uagb-block-b84ef9cd\">\n<figure class=\"wp-block-image size-full\"><img loading=\"lazy\" decoding=\"async\" width=\"518\" height=\"268\" src=\"https:\/\/www.terapiaurbana.com\/wp-content\/uploads\/2024\/12\/mision-terapia-urbana.png\" alt=\"\" class=\"wp-image-61569\" srcset=\"https:\/\/www.terapiaurbana.com\/wp-content\/uploads\/2024\/12\/mision-terapia-urbana.png 518w, https:\/\/www.terapiaurbana.com\/wp-content\/uploads\/2024\/12\/mision-terapia-urbana-300x155.png 300w\" sizes=\"auto, (max-width: 518px) 100vw, 518px\" \/><\/figure>\n\n\n\n<p class=\"has-medium-font-size\"><strong>VIS\u00c3O<\/strong><\/p>\n\n\n\n<div class=\"wp-block-uagb-container uagb-block-96eca21a\">\n<div class=\"wp-block-uagb-image alignleft uagb-block-80dfd83d wp-block-uagb-image--layout-default wp-block-uagb-image--effect-static wp-block-uagb-image--align-left\"><figure class=\"wp-block-uagb-image__figure\"><img decoding=\"async\" srcset=\"https:\/\/www.terapiaurbana.com\/wp-content\/uploads\/2025\/02\/check.jpg ,https:\/\/www.terapiaurbana.com\/wp-content\/uploads\/2025\/02\/check.jpg 780w, https:\/\/www.terapiaurbana.com\/wp-content\/uploads\/2025\/02\/check.jpg 360w\" sizes=\"auto, (max-width: 480px) 150px\" src=\"https:\/\/www.terapiaurbana.com\/wp-content\/uploads\/2025\/02\/check.jpg\" alt=\"\" class=\"uag-image-64082\" width=\"25\" height=\"25\" title=\"verifica\" loading=\"lazy\" role=\"img\"><\/figure><\/div>\n\n\n\n<p style=\"margin-top:0px;margin-bottom:0px\">Tornar-se uma refer\u00eancia mundial em nata\u00e7\u00e3o urbana<\/p>\n<\/div>\n\n\n\n<p><\/p>\n<\/div>\n\n\n\n<div class=\"wp-block-uagb-container uagb-block-688a599f\">\n<figure class=\"wp-block-image size-full\"><img loading=\"lazy\" decoding=\"async\" width=\"518\" height=\"270\" src=\"https:\/\/www.terapiaurbana.com\/wp-content\/uploads\/2024\/12\/valores-terapia-urbana.png\" alt=\"\" class=\"wp-image-61568\" srcset=\"https:\/\/www.terapiaurbana.com\/wp-content\/uploads\/2024\/12\/valores-terapia-urbana.png 518w, https:\/\/www.terapiaurbana.com\/wp-content\/uploads\/2024\/12\/valores-terapia-urbana-300x156.png 300w\" sizes=\"auto, (max-width: 518px) 100vw, 518px\" \/><\/figure>\n\n\n\n<p class=\"has-medium-font-size\"><strong>VALORES<\/strong><\/p>\n\n\n\n<div class=\"wp-block-uagb-container uagb-block-76d58760\">\n<div class=\"wp-block-uagb-image alignleft uagb-block-73d348c2 wp-block-uagb-image--layout-default wp-block-uagb-image--effect-static wp-block-uagb-image--align-left\"><figure class=\"wp-block-uagb-image__figure\"><img decoding=\"async\" srcset=\"https:\/\/www.terapiaurbana.com\/wp-content\/uploads\/2025\/02\/check.jpg ,https:\/\/www.terapiaurbana.com\/wp-content\/uploads\/2025\/02\/check.jpg 780w, https:\/\/www.terapiaurbana.com\/wp-content\/uploads\/2025\/02\/check.jpg 360w\" sizes=\"auto, (max-width: 480px) 150px\" src=\"https:\/\/www.terapiaurbana.com\/wp-content\/uploads\/2025\/02\/check.jpg\" alt=\"\" class=\"uag-image-64082\" width=\"25\" height=\"332\" title=\"verifica\" loading=\"lazy\" role=\"img\"><\/figure><\/div>\n\n\n\n<p style=\"margin-top:0px;margin-bottom:0px\">Inova\u00e7\u00e3o<\/p>\n<\/div>\n\n\n\n<div class=\"wp-block-uagb-container uagb-block-78657150\">\n<div class=\"wp-block-uagb-image alignleft uagb-block-14748e7d wp-block-uagb-image--layout-default wp-block-uagb-image--effect-static wp-block-uagb-image--align-left\"><figure class=\"wp-block-uagb-image__figure\"><img decoding=\"async\" srcset=\"https:\/\/www.terapiaurbana.com\/wp-content\/uploads\/2025\/02\/check.jpg ,https:\/\/www.terapiaurbana.com\/wp-content\/uploads\/2025\/02\/check.jpg 780w, https:\/\/www.terapiaurbana.com\/wp-content\/uploads\/2025\/02\/check.jpg 360w\" sizes=\"auto, (max-width: 480px) 150px\" src=\"https:\/\/www.terapiaurbana.com\/wp-content\/uploads\/2025\/02\/check.jpg\" alt=\"\" class=\"uag-image-64082\" width=\"25\" height=\"332\" title=\"verifica\" loading=\"lazy\" role=\"img\"><\/figure><\/div>\n\n\n\n<p style=\"margin-top:0px;margin-bottom:0px\">Compromisso<\/p>\n<\/div>\n\n\n\n<div class=\"wp-block-uagb-container uagb-block-a24959db\">\n<div class=\"wp-block-uagb-image alignleft uagb-block-69a51468 wp-block-uagb-image--layout-default wp-block-uagb-image--effect-static wp-block-uagb-image--align-left\"><figure class=\"wp-block-uagb-image__figure\"><img decoding=\"async\" srcset=\"https:\/\/www.terapiaurbana.com\/wp-content\/uploads\/2025\/02\/check.jpg ,https:\/\/www.terapiaurbana.com\/wp-content\/uploads\/2025\/02\/check.jpg 780w, https:\/\/www.terapiaurbana.com\/wp-content\/uploads\/2025\/02\/check.jpg 360w\" sizes=\"auto, (max-width: 480px) 150px\" src=\"https:\/\/www.terapiaurbana.com\/wp-content\/uploads\/2025\/02\/check.jpg\" alt=\"\" class=\"uag-image-64082\" width=\"25\" height=\"332\" title=\"verifica\" loading=\"lazy\" role=\"img\"><\/figure><\/div>\n\n\n\n<p style=\"margin-top:0px;margin-bottom:0px\">Profissionalismo<\/p>\n<\/div>\n<\/div>\n<\/div><\/div>\n\n<div class=\"wp-block-uagb-container uagb-block-2bf0b552 alignfull uagb-is-root-container\"><div class=\"uagb-container-inner-blocks-wrap\">\n<p>O nosso objetivo \u00e9 recuperar o espa\u00e7o perdido para a vegeta\u00e7\u00e3o nos edif\u00edcios e nas cidades atrav\u00e9s de solu\u00e7\u00f5es baseadas na natureza. E, com isso, melhorar a qualidade de vida das pessoas, favorecendo o desenvolvimento urbano sustent\u00e1vel. Estamos empenhados na excel\u00eancia do desempenho a longo prazo de todos os nossos projectos e, para tal, oferecemos um apoio abrangente desde a conce\u00e7\u00e3o inicial at\u00e9 \u00e0 fase de manuten\u00e7\u00e3o.  <\/p>\n<\/div><\/div>\n\n<div class=\"wp-block-uagb-container uagb-block-e73f6efd alignfull uagb-is-root-container\"><div class=\"uagb-container-inner-blocks-wrap\"><\/div><\/div>\n\n<div class=\"wp-block-uagb-container uagb-block-a1e5caa3 alignfull uagb-is-root-container\"><div class=\"uagb-container-inner-blocks-wrap\">\n<div class=\"wp-block-uagb-container uagb-block-27319adc\">\n<div class=\"wp-block-uagb-advanced-heading uagb-block-967f7ac5\"><h2 class=\"uagb-heading-text\">EXPERI\u00caNCIA INTERNACIONAL<\/h2><\/div>\n\n\n\n<p>Desde 2012 que estamos presentes no mercado internacional europeu, juntamente com empresas l\u00edderes no seu sector, com longa experi\u00eancia em jardins verticais e telhados verdes. A nossa expans\u00e3o internacional \u00e9 um processo vivo, que nos permite lidar diretamente com as \u00faltimas inova\u00e7\u00f5es, tend\u00eancias e necessidades de um mercado em constante desenvolvimento. <\/p>\n\n\n\n<p>Estamos empenhados em trabalhar em colabora\u00e7\u00e3o, fornecendo a nossa experi\u00eancia cient\u00edfica, inova\u00e7\u00e3o, capacidade de produ\u00e7\u00e3o e aconselhamento abrangente para desenvolver solu\u00e7\u00f5es personalizadas para os nossos parceiros em todo o mundo.<\/p>\n<\/div>\n\n\n\n<div class=\"wp-block-uagb-container uagb-block-e13f8ba8\">\n<figure class=\"wp-block-image size-large\"><img loading=\"lazy\" decoding=\"async\" width=\"1024\" height=\"570\" src=\"https:\/\/www.terapiaurbana.com\/wp-content\/uploads\/2024\/12\/terapia-urbana-instituciones-1024x570.png\" alt=\"\" class=\"wp-image-61571\" srcset=\"https:\/\/www.terapiaurbana.com\/wp-content\/uploads\/2024\/12\/terapia-urbana-instituciones-1024x570.png 1024w, https:\/\/www.terapiaurbana.com\/wp-content\/uploads\/2024\/12\/terapia-urbana-instituciones-300x167.png 300w, https:\/\/www.terapiaurbana.com\/wp-content\/uploads\/2024\/12\/terapia-urbana-instituciones-768x427.png 768w, https:\/\/www.terapiaurbana.com\/wp-content\/uploads\/2024\/12\/terapia-urbana-instituciones.png 1280w\" sizes=\"auto, (max-width: 1024px) 100vw, 1024px\" \/><\/figure>\n<\/div>\n<\/div><\/div>\n\n<div class=\"wp-block-uagb-container uagb-block-1bf3f49f alignfull uagb-is-root-container\"><div class=\"uagb-container-inner-blocks-wrap\">\n<div class=\"wp-block-uagb-buttons uagb-buttons__outer-wrap uagb-btn__default-btn uagb-btn-tablet__default-btn uagb-btn-mobile__default-btn uagb-block-a2c97672\"><div class=\"uagb-buttons__wrap uagb-buttons-layout-wrap \">\n<div class=\"wp-block-uagb-buttons-child uagb-buttons__outer-wrap uagb-block-ecee4247 wp-block-button\"><div class=\"uagb-button__wrapper\"><a class=\"uagb-buttons-repeater wp-block-button__link\" aria-label=\"\" href=\"https:\/\/www.terapiaurbana.com\/pt-pt\/contacto\/\" rel=\"follow noopener\" target=\"_self\" role=\"button\"><div class=\"uagb-button__link\">FALAREMOS?<\/div><\/a><\/div><\/div>\n<\/div><\/div>\n<\/div><\/div>\n\n<div class=\"wp-block-uagb-container uagb-block-108c36b4 alignfull uagb-is-root-container\"><div class=\"uagb-container-inner-blocks-wrap\"><\/div><\/div>\n","protected":false},"excerpt":{"rendered":"<p>SOBRE N\u00d3S A Terapia Urbana surgiu na Universidade de Sevilha em 2010, a partir de um grupo de investigadores em [&hellip;]<\/p>\n","protected":false},"author":1,"featured_media":0,"parent":0,"menu_order":0,"comment_status":"closed","ping_status":"closed","template":"","meta":{"_uag_custom_page_level_css":"","site-sidebar-layout":"default","site-content-layout":"","ast-site-content-layout":"","site-content-style":"default","site-sidebar-style":"default","ast-global-header-display":"","ast-banner-title-visibility":"","ast-main-header-display":"","ast-hfb-above-header-display":"","ast-hfb-below-header-display":"","ast-hfb-mobile-header-display":"","site-post-title":"disabled","ast-breadcrumbs-content":"","ast-featured-img":"","footer-sml-layout":"","theme-transparent-header-meta":"","adv-header-id-meta":"","stick-header-meta":"","header-above-stick-meta":"","header-main-stick-meta":"","header-below-stick-meta":"","astra-migrate-meta-layouts":"default","ast-page-background-enabled":"default","ast-page-background-meta":{"desktop":{"background-color":"var(--ast-global-color-4)","background-image":"","background-repeat":"repeat","background-position":"center center","background-size":"auto","background-attachment":"scroll","background-type":"","background-media":"","overlay-type":"","overlay-color":"","overlay-opacity":"","overlay-gradient":""},"tablet":{"background-color":"","background-image":"","background-repeat":"repeat","background-position":"center center","background-size":"auto","background-attachment":"scroll","background-type":"","background-media":"","overlay-type":"","overlay-color":"","overlay-opacity":"","overlay-gradient":""},"mobile":{"background-color":"","background-image":"","background-repeat":"repeat","background-position":"center center","background-size":"auto","background-attachment":"scroll","background-type":"","background-media":"","overlay-type":"","overlay-color":"","overlay-opacity":"","overlay-gradient":""}},"ast-content-background-meta":{"desktop":{"background-color":"var(--ast-global-color-5)","background-image":"","background-repeat":"repeat","background-position":"center center","background-size":"auto","background-attachment":"scroll","background-type":"","background-media":"","overlay-type":"","overlay-color":"","overlay-opacity":"","overlay-gradient":""},"tablet":{"background-color":"var(--ast-global-color-5)","background-image":"","background-repeat":"repeat","background-position":"center center","background-size":"auto","background-attachment":"scroll","background-type":"","background-media":"","overlay-type":"","overlay-color":"","overlay-opacity":"","overlay-gradient":""},"mobile":{"background-color":"var(--ast-global-color-5)","background-image":"","background-repeat":"repeat","background-position":"center center","background-size":"auto","background-attachment":"scroll","background-type":"","background-media":"","overlay-type":"","overlay-color":"","overlay-opacity":"","overlay-gradient":""}},"footnotes":""},"class_list":["post-63895","page","type-page","status-publish","hentry"],"yoast_head":"<!-- This site is optimized with the Yoast SEO plugin v26.3 - https:\/\/yoast.com\/wordpress\/plugins\/seo\/ -->\n<title>Conhece os especialistas em Jardins Verticais | Urban Therapy<\/title>\n<meta name=\"robots\" content=\"index, follow, max-snippet:-1, max-image-preview:large, max-video-preview:-1\" \/>\n<link rel=\"canonical\" href=\"https:\/\/www.terapiaurbana.com\/pt-pt\/nos\/\" \/>\n<meta property=\"og:locale\" content=\"pt_PT\" \/>\n<meta property=\"og:type\" content=\"article\" \/>\n<meta property=\"og:title\" content=\"Conhece os especialistas em Jardins Verticais | Urban Therapy\" \/>\n<meta property=\"og:description\" content=\"SOBRE N\u00d3S A Terapia Urbana surgiu na Universidade de Sevilha em 2010, a partir de um grupo de investigadores em [&hellip;]\" \/>\n<meta property=\"og:url\" content=\"https:\/\/www.terapiaurbana.com\/pt-pt\/nos\/\" \/>\n<meta property=\"article:publisher\" content=\"https:\/\/www.facebook.com\/terapiaurbana\/\" \/>\n<meta property=\"article:modified_time\" content=\"2025-02-20T09:46:25+00:00\" \/>\n<meta property=\"og:image\" content=\"https:\/\/www.terapiaurbana.com\/wp-content\/uploads\/2024\/12\/vision-terapia-urbana.png\" \/>\n<meta name=\"twitter:card\" content=\"summary_large_image\" \/>\n<meta name=\"twitter:site\" content=\"@terapia_urbana\" \/>\n<meta name=\"twitter:label1\" content=\"Tempo estimado de leitura\" \/>\n\t<meta name=\"twitter:data1\" content=\"1 minuto\" \/>\n<script type=\"application\/ld+json\" class=\"yoast-schema-graph\">{\"@context\":\"https:\/\/schema.org\",\"@graph\":[{\"@type\":\"WebPage\",\"@id\":\"https:\/\/www.terapiaurbana.com\/pt-pt\/nos\/\",\"url\":\"https:\/\/www.terapiaurbana.com\/pt-pt\/nos\/\",\"name\":\"Conhece os especialistas em Jardins Verticais | Urban Therapy\",\"isPartOf\":{\"@id\":\"https:\/\/www.terapiaurbana.com\/pt-pt\/#website\"},\"primaryImageOfPage\":{\"@id\":\"https:\/\/www.terapiaurbana.com\/pt-pt\/nos\/#primaryimage\"},\"image\":{\"@id\":\"https:\/\/www.terapiaurbana.com\/pt-pt\/nos\/#primaryimage\"},\"thumbnailUrl\":\"https:\/\/www.terapiaurbana.com\/wp-content\/uploads\/2024\/12\/vision-terapia-urbana.png\",\"datePublished\":\"2024-11-19T09:44:38+00:00\",\"dateModified\":\"2025-02-20T09:46:25+00:00\",\"breadcrumb\":{\"@id\":\"https:\/\/www.terapiaurbana.com\/pt-pt\/nos\/#breadcrumb\"},\"inLanguage\":\"pt-PT\",\"potentialAction\":[{\"@type\":\"ReadAction\",\"target\":[\"https:\/\/www.terapiaurbana.com\/pt-pt\/nos\/\"]}]},{\"@type\":\"ImageObject\",\"inLanguage\":\"pt-PT\",\"@id\":\"https:\/\/www.terapiaurbana.com\/pt-pt\/nos\/#primaryimage\",\"url\":\"https:\/\/www.terapiaurbana.com\/wp-content\/uploads\/2024\/12\/vision-terapia-urbana.png\",\"contentUrl\":\"https:\/\/www.terapiaurbana.com\/wp-content\/uploads\/2024\/12\/vision-terapia-urbana.png\"},{\"@type\":\"BreadcrumbList\",\"@id\":\"https:\/\/www.terapiaurbana.com\/pt-pt\/nos\/#breadcrumb\",\"itemListElement\":[{\"@type\":\"ListItem\",\"position\":1,\"name\":\"Portada\",\"item\":\"https:\/\/www.terapiaurbana.com\/pt-pt\/\"},{\"@type\":\"ListItem\",\"position\":2,\"name\":\"N\u00f3s\"}]},{\"@type\":\"WebSite\",\"@id\":\"https:\/\/www.terapiaurbana.com\/pt-pt\/#website\",\"url\":\"https:\/\/www.terapiaurbana.com\/pt-pt\/\",\"name\":\"Terapia Urbana | Especialistas en jardines verticales\",\"description\":\"Especialistas en dise\u00f1o de jardines verticales exteriores e interiores naturales con tecnolog\u00eda Fytotextile y iluminaci\u00f3n auxiliar para una sostenible y funcional\",\"alternateName\":\"Terapia Urbana\",\"potentialAction\":[{\"@type\":\"SearchAction\",\"target\":{\"@type\":\"EntryPoint\",\"urlTemplate\":\"https:\/\/www.terapiaurbana.com\/pt-pt\/?s={search_term_string}\"},\"query-input\":{\"@type\":\"PropertyValueSpecification\",\"valueRequired\":true,\"valueName\":\"search_term_string\"}}],\"inLanguage\":\"pt-PT\"}]}<\/script>\n<!-- \/ Yoast SEO plugin. -->","yoast_head_json":{"title":"Conhece os especialistas em Jardins Verticais | Urban Therapy","robots":{"index":"index","follow":"follow","max-snippet":"max-snippet:-1","max-image-preview":"max-image-preview:large","max-video-preview":"max-video-preview:-1"},"canonical":"https:\/\/www.terapiaurbana.com\/pt-pt\/nos\/","og_locale":"pt_PT","og_type":"article","og_title":"Conhece os especialistas em Jardins Verticais | Urban Therapy","og_description":"SOBRE N\u00d3S A Terapia Urbana surgiu na Universidade de Sevilha em 2010, a partir de um grupo de investigadores em [&hellip;]","og_url":"https:\/\/www.terapiaurbana.com\/pt-pt\/nos\/","article_publisher":"https:\/\/www.facebook.com\/terapiaurbana\/","article_modified_time":"2025-02-20T09:46:25+00:00","og_image":[{"url":"https:\/\/www.terapiaurbana.com\/wp-content\/uploads\/2024\/12\/vision-terapia-urbana.png","type":"","width":"","height":""}],"twitter_card":"summary_large_image","twitter_site":"@terapia_urbana","twitter_misc":{"Tempo estimado de leitura":"1 minuto"},"schema":{"@context":"https:\/\/schema.org","@graph":[{"@type":"WebPage","@id":"https:\/\/www.terapiaurbana.com\/pt-pt\/nos\/","url":"https:\/\/www.terapiaurbana.com\/pt-pt\/nos\/","name":"Conhece os especialistas em Jardins Verticais | Urban Therapy","isPartOf":{"@id":"https:\/\/www.terapiaurbana.com\/pt-pt\/#website"},"primaryImageOfPage":{"@id":"https:\/\/www.terapiaurbana.com\/pt-pt\/nos\/#primaryimage"},"image":{"@id":"https:\/\/www.terapiaurbana.com\/pt-pt\/nos\/#primaryimage"},"thumbnailUrl":"https:\/\/www.terapiaurbana.com\/wp-content\/uploads\/2024\/12\/vision-terapia-urbana.png","datePublished":"2024-11-19T09:44:38+00:00","dateModified":"2025-02-20T09:46:25+00:00","breadcrumb":{"@id":"https:\/\/www.terapiaurbana.com\/pt-pt\/nos\/#breadcrumb"},"inLanguage":"pt-PT","potentialAction":[{"@type":"ReadAction","target":["https:\/\/www.terapiaurbana.com\/pt-pt\/nos\/"]}]},{"@type":"ImageObject","inLanguage":"pt-PT","@id":"https:\/\/www.terapiaurbana.com\/pt-pt\/nos\/#primaryimage","url":"https:\/\/www.terapiaurbana.com\/wp-content\/uploads\/2024\/12\/vision-terapia-urbana.png","contentUrl":"https:\/\/www.terapiaurbana.com\/wp-content\/uploads\/2024\/12\/vision-terapia-urbana.png"},{"@type":"BreadcrumbList","@id":"https:\/\/www.terapiaurbana.com\/pt-pt\/nos\/#breadcrumb","itemListElement":[{"@type":"ListItem","position":1,"name":"Portada","item":"https:\/\/www.terapiaurbana.com\/pt-pt\/"},{"@type":"ListItem","position":2,"name":"N\u00f3s"}]},{"@type":"WebSite","@id":"https:\/\/www.terapiaurbana.com\/pt-pt\/#website","url":"https:\/\/www.terapiaurbana.com\/pt-pt\/","name":"Terapia Urbana | Especialistas en jardines verticales","description":"Especialistas en dise\u00f1o de jardines verticales exteriores e interiores naturales con tecnolog\u00eda Fytotextile y iluminaci\u00f3n auxiliar para una sostenible y funcional","alternateName":"Terapia Urbana","potentialAction":[{"@type":"SearchAction","target":{"@type":"EntryPoint","urlTemplate":"https:\/\/www.terapiaurbana.com\/pt-pt\/?s={search_term_string}"},"query-input":{"@type":"PropertyValueSpecification","valueRequired":true,"valueName":"search_term_string"}}],"inLanguage":"pt-PT"}]}},"uagb_featured_image_src":{"full":false,"thumbnail":false,"medium":false,"medium_large":false,"large":false,"1536x1536":false,"2048x2048":false,"gform-image-choice-sm":false,"gform-image-choice-md":false,"gform-image-choice-lg":false},"uagb_author_info":{"display_name":"terapiaurbana","author_link":"https:\/\/www.terapiaurbana.com\/pt-pt\/author\/terapiaurbana\/"},"uagb_comment_info":0,"uagb_excerpt":"SOBRE N\u00d3S A Terapia Urbana surgiu na Universidade de Sevilha em 2010, a partir de um grupo de investigadores em [&hellip;]","_links":{"self":[{"href":"https:\/\/www.terapiaurbana.com\/pt-pt\/wp-json\/wp\/v2\/pages\/63895","targetHints":{"allow":["GET"]}}],"collection":[{"href":"https:\/\/www.terapiaurbana.com\/pt-pt\/wp-json\/wp\/v2\/pages"}],"about":[{"href":"https:\/\/www.terapiaurbana.com\/pt-pt\/wp-json\/wp\/v2\/types\/page"}],"author":[{"embeddable":true,"href":"https:\/\/www.terapiaurbana.com\/pt-pt\/wp-json\/wp\/v2\/users\/1"}],"replies":[{"embeddable":true,"href":"https:\/\/www.terapiaurbana.com\/pt-pt\/wp-json\/wp\/v2\/comments?post=63895"}],"version-history":[{"count":2,"href":"https:\/\/www.terapiaurbana.com\/pt-pt\/wp-json\/wp\/v2\/pages\/63895\/revisions"}],"predecessor-version":[{"id":64102,"href":"https:\/\/www.terapiaurbana.com\/pt-pt\/wp-json\/wp\/v2\/pages\/63895\/revisions\/64102"}],"wp:attachment":[{"href":"https:\/\/www.terapiaurbana.com\/pt-pt\/wp-json\/wp\/v2\/media?parent=63895"}],"curies":[{"name":"wp","href":"https:\/\/api.w.org\/{rel}","templated":true}]}}